{"id":350,"date":"2023-11-01T18:30:27","date_gmt":"2023-11-01T18:30:27","guid":{"rendered":"https:\/\/exceladvisor.org\/pt\/adicione-ao-seu-curriculo\/"},"modified":"2023-12-06T11:38:27","modified_gmt":"2023-12-06T11:38:27","slug":"adicione-ao-seu-curriculo","status":"publish","type":"page","link":"https:\/\/exceladvisor.org\/pt\/adicione-ao-seu-curriculo\/","title":{"rendered":"Como mostrar seu conhecimento em excel em um curr\u00edculo?"},"content":{"rendered":"<div class=\"excel-before-content-2\" id=\"excel-4229833516\"><script type=\"text\/javascript\">\r\n\tatOptions = {\r\n\t\t'key' : 'c1158f160081d6540a8409e6925dab94',\r\n\t\t'format' : 'iframe',\r\n\t\t'height' : 250,\r\n\t\t'width' : 300,\r\n\t\t'params' : {}\r\n\t};\r\n<\/script>\r\n<script type=\"text\/javascript\" src=\"\/\/www.highperformanceformat.com\/c1158f160081d6540a8409e6925dab94\/invoke.js\"><\/script><\/div><div class=\"excel-before-content\" id=\"excel-1664857591\"><script type=\"text\/javascript\">\r\n\tatOptions = {\r\n\t\t'key' : 'c1158f160081d6540a8409e6925dab94',\r\n\t\t'format' : 'iframe',\r\n\t\t'height' : 250,\r\n\t\t'width' : 300,\r\n\t\t'params' : {}\r\n\t};\r\n<\/script>\r\n<script type=\"text\/javascript\" src=\"\/\/www.highperformanceformat.com\/c1158f160081d6540a8409e6925dab94\/invoke.js\"><\/script><\/div> <p><img loading=\"lazy\" decoding=\"async\" class=\"aligncenter\" style=\"aspect-ratio: auto 500 \/ 500;\" title=\"adicione habilidades ao seu curr\u00edculo\" src=\"https:\/\/exceladvisor.org\/wp-content\/uploads\/2023\/08\/1-ajouter-des-competences-a-votre-CV.png\" sizes=\"auto, \" srcset=\"\" alt=\"add-skills-to-your-resume\" width=\"195\" height=\"195\" data-id=\"90027\" data-init-width=\"500\" data-init-height=\"500\" data-width=\"195\" data-height=\"195\"><\/p><p> Excel \u00e9 um aplicativo que possui uma ampla gama de utiliza\u00e7\u00f5es e, assim que come\u00e7ar a aprend\u00ea-lo, entender\u00e1 que existem centenas de recursos que voc\u00ea pode aprender.<\/p><p> Agora a grande quest\u00e3o \u00e9: quando voc\u00ea aprende e domina algumas de suas principais caracter\u00edsticas e op\u00e7\u00f5es, como pode mostr\u00e1-lo em seu curr\u00edculo ou CV? Existem tr\u00eas n\u00edveis principais de habilidade em Excel que voc\u00ea pode alcan\u00e7ar:<\/p><ul><li> <span data-preserver-spaces=\"true\">B\u00e1sico<\/span><\/li><li> <span data-preserver-spaces=\"true\">Intermedi\u00e1rio<\/span><\/li><li> <span data-preserver-spaces=\"true\">Avan\u00e7ar<\/span><\/li><\/ul><p> A maioria dos usu\u00e1rios do Excel usa esses tr\u00eas n\u00edveis para definir suas habilidades em seus curr\u00edculos. Mas, se voc\u00ea considerar a compreens\u00e3o, esses n\u00edveis n\u00e3o representam com precis\u00e3o suas habilidades.<\/p><h2> Ent\u00e3o, qual \u00e9 a maneira certa de mencionar minhas habilidades em Excel no curr\u00edculo?<\/h2><p> <em>N\u00e3o se trata de qu\u00e3o bem voc\u00ea conhece o Microsoft Excel, mas de como voc\u00ea pode ajudar sua empresa e os neg\u00f3cios dela com ele.<\/em><\/p><p> E abaixo est\u00e3o cinco maneiras importantes de usar o Excel para ajudar sua empresa, que voc\u00ea pode mencionar em seu curr\u00edculo. <\/p><p><img loading=\"lazy\" decoding=\"async\" style=\"aspect-ratio: auto 944 \/ 306;\" title=\"medidor de habilidades para adicionar habilidades ao seu curr\u00edculo\" src=\"https:\/\/exceladvisor.org\/wp-content\/uploads\/2023\/08\/compteur-de-competences-pour-ajouter-des-competences-a-votre-CV.png\" sizes=\"auto, \" srcset=\"\" alt=\"skill-meter-to-add-skills-to-your-resume\" width=\"607\" height=\"197\" data-id=\"90609\" data-init-width=\"944\" data-init-height=\"306\" data-width=\"607\" data-height=\"197\"><\/p><p> <a style=\"outline: none;\" href=\"https:\/\/exceladvisor.org\/wp-content\/uploads\/2023\/11\/modele-de-competences-excel.xlsx\" rel=\"nofollow\">excel-habilidades-template.xlsx<\/a><\/p><h3> (1). Sei como gerenciar e estruturar dados<\/h3><p> Tudo come\u00e7a com dados. E por isso \u00e9 importante saber gerenciar dados com Excel. Voc\u00ea pode descrever qu\u00e3o bem voc\u00ea consegue gerenciar os dados do seu curr\u00edculo.<\/p><p> Digamos que voc\u00ea tenha muitos arquivos Excel com dados e agora precise combinar os dados de todos esses arquivos. Agora, isso exige que voc\u00ea saiba como fazer isso com o Excel. A melhor maneira de conseguir isso \u00e9 usar Power Query ou VBA.<\/p><ul><li> Mesclar v\u00e1rios arquivos Excel<\/li><li> <a style=\"outline: none;\" href=\"https:\/\/exceladvisor.org\/pt\/combinar-pastas-de-trabalho\/\">Combine pastas de trabalho do Excel com VBA<\/a><\/li><\/ul><h3> (2). Posso limpar e transformar dados para uso posterior<\/h3><p> Uma das necessidades importantes de uma empresa \u00e9 ter dados limpos e prontos para uso. E essas s\u00e3o habilidades que voc\u00ea precisa dominar e mencionar em seu curr\u00edculo.<\/p><p> Para isso voc\u00ea precisa conhecer a f\u00f3rmula, fun\u00e7\u00f5es e consulta avan\u00e7ada. Ambos podem ajud\u00e1-lo a transformar dados brutos em dados prontos para uso em relat\u00f3rios e pain\u00e9is.<\/p><ul><li> <a href=\"https:\/\/exceladvisor.org\/pt\/formulas\/\">Lista de f\u00f3rmulas Excel (B\u00e1sico + Avan\u00e7ado)<\/a><\/li><li> <a href=\"https:\/\/exceladvisor.org\/pt\/solicitacao-de-energia\/\">Use o Power Query para transformar dados<\/a><\/li><\/ul><h3> (3). Sou capaz de apresentar dados de forma visual com gr\u00e1ficos e infogr\u00e1ficos<\/h3><p> Criar gr\u00e1ficos \u00e9 uma das melhores e mais poderosas maneiras de apresentar seus dados. No Excel, voc\u00ea tem uma longa lista de gr\u00e1ficos predefinidos e at\u00e9 infogr\u00e1ficos que pode criar.<\/p><p> Existem tamb\u00e9m muitas op\u00e7\u00f5es no Excel para personalizar gr\u00e1ficos, como alterar estilos e adicionar e remover elementos de gr\u00e1fico. O Excel tamb\u00e9m permite copiar e colar seu gr\u00e1fico em outro aplicativo e salv\u00e1-lo como uma imagem.<\/p><ul><li> <a href=\"https:\/\/exceladvisor.org\/pt\/graficos-do-excel\/\"><strong>Tipos de gr\u00e1ficos no Excel<\/strong><\/a><\/li><li> <a href=\"https:\/\/exceladvisor.org\/pt\/graficos-avancados\/\"><strong>Gr\u00e1ficos avan\u00e7ados do Excel<\/strong><\/a><\/li><\/ul><h3> (4). Posso criar relat\u00f3rios e pain\u00e9is para ajudar a tomar melhores decis\u00f5es<\/h3><p> Uma das habilidades mais essenciais que voc\u00ea poderia ter era criar relat\u00f3rios e pain\u00e9is a partir dos dados que voc\u00ea possui no Excel. Com relat\u00f3rios e pain\u00e9is, voc\u00ea pode ajudar outras pessoas a obter insights e ajudar a empresa a tomar melhores decis\u00f5es.<\/p><p> As tabelas din\u00e2micas s\u00e3o uma parte essencial da cria\u00e7\u00e3o de um relat\u00f3rio no Excel. Ele ajuda a resumir os dados rapidamente e \u00e9 din\u00e2mico, o que significa que depois de adicionar novos dados \u00e0 fonte, voc\u00ea pode atualiz\u00e1-los no piv\u00f4 com apenas um clique.<\/p><ul><li> <a href=\"https:\/\/exceladvisor.org\/pt\/tabela-dinamica-3\/\">Aprenda como usar tabelas din\u00e2micas no Excel<\/a><\/li><li> <a href=\"https:\/\/exceladvisor.org\/pt\/relatorio-de-vendas\/\"><strong>Crie um relat\u00f3rio de vendas no Excel<\/strong><\/a><\/li><\/ul><h3> (5). Posso automatizar atividades do Excel com VBA para economizar tempo<\/h3><p> No Excel, voc\u00ea pode escrever c\u00f3digos e automatizar suas atividades. Por exemplo, voc\u00ea pode criar uma tabela din\u00e2mica com apenas um clique. E se voc\u00ea sabe escrever c\u00f3digos e automatizar coisas, pode mencionar isso no seu curr\u00edculo.<\/p><p> Automatizar com VBA pode ajudar sua empresa a economizar muito dinheiro porque n\u00e3o precisa contratar um programador ou especialista em automa\u00e7\u00e3o. Conhecer VBA \u00e9 uma \u00f3tima habilidade para agregar ao seu conhecimento de Excel.<\/p><ul><li> <strong><a style=\"outline: none;\" href=\"https:\/\/exceladvisor.org\/pt\/vba\/\">VBA no Excel \u2013 A melhor maneira de aprender programa\u00e7\u00e3o<\/a><\/strong><\/li><li> Exemplos \u00fateis de macros do Excel<\/li><\/ul>","protected":false},"excerpt":{"rendered":"","protected":false},"author":1,"featured_media":0,"parent":0,"menu_order":0,"comment_status":"open","ping_status":"closed","template":"","meta":{"ub_ctt_via":"","footnotes":""},"class_list":["post-350","page","type-page","status-publish","hentry"],"featured_image_src":null,"yoast_head":"<!-- This site is optimized with the Yoast SEO plugin v25.4 - https:\/\/yoast.com\/wordpress\/plugins\/seo\/ -->\n<title>Descreva suas habilidades em Excel em seu curr\u00edculo \u2013 Excel Advisor<\/title>\n<meta name=\"description\" content=\"Se voc\u00ea n\u00e3o sabe como adicionar suas habilidades de Excel ao seu curr\u00edculo, este tutorial r\u00e1pido pode ajud\u00e1-lo facilmente.\" \/>\n<meta name=\"robots\" content=\"index, follow, max-snippet:-1, max-image-preview:large, max-video-preview:-1\" \/>\n<link rel=\"canonical\" href=\"https:\/\/exceladvisor.org\/pt\/adicione-ao-seu-curriculo\/\" \/>\n<meta property=\"og:locale\" content=\"pt_PT\" \/>\n<meta property=\"og:type\" content=\"article\" \/>\n<meta property=\"og:title\" content=\"Descreva suas habilidades em Excel em seu curr\u00edculo \u2013 Excel Advisor\" \/>\n<meta property=\"og:description\" content=\"Se voc\u00ea n\u00e3o sabe como adicionar suas habilidades de Excel ao seu curr\u00edculo, este tutorial r\u00e1pido pode ajud\u00e1-lo facilmente.\" \/>\n<meta property=\"og:url\" content=\"https:\/\/exceladvisor.org\/pt\/adicione-ao-seu-curriculo\/\" \/>\n<meta property=\"og:site_name\" content=\"Excel Advisor\" \/>\n<meta property=\"article:modified_time\" content=\"2023-12-06T11:38:27+00:00\" \/>\n<meta property=\"og:image\" content=\"https:\/\/exceladvisor.org\/wp-content\/uploads\/2023\/08\/1-ajouter-des-competences-a-votre-CV.png\" \/>\n<meta name=\"twitter:card\" content=\"summary_large_image\" \/>\n<meta name=\"twitter:label1\" content=\"Tempo estimado de leitura\" \/>\n\t<meta name=\"twitter:data1\" content=\"3 minutos\" \/>\n<script type=\"application\/ld+json\" class=\"yoast-schema-graph\">{\"@context\":\"https:\/\/schema.org\",\"@graph\":[{\"@type\":\"WebPage\",\"@id\":\"https:\/\/exceladvisor.org\/pt\/adicione-ao-seu-curriculo\/\",\"url\":\"https:\/\/exceladvisor.org\/pt\/adicione-ao-seu-curriculo\/\",\"name\":\"Descreva suas habilidades em Excel em seu curr\u00edculo \u2013 Excel Advisor\",\"isPartOf\":{\"@id\":\"https:\/\/exceladvisor.org\/pt\/#website\"},\"primaryImageOfPage\":{\"@id\":\"https:\/\/exceladvisor.org\/pt\/adicione-ao-seu-curriculo\/#primaryimage\"},\"image\":{\"@id\":\"https:\/\/exceladvisor.org\/pt\/adicione-ao-seu-curriculo\/#primaryimage\"},\"thumbnailUrl\":\"https:\/\/exceladvisor.org\/wp-content\/uploads\/2023\/08\/1-ajouter-des-competences-a-votre-CV.png\",\"datePublished\":\"2023-11-01T18:30:27+00:00\",\"dateModified\":\"2023-12-06T11:38:27+00:00\",\"description\":\"Se voc\u00ea n\u00e3o sabe como adicionar suas habilidades de Excel ao seu curr\u00edculo, este tutorial r\u00e1pido pode ajud\u00e1-lo facilmente.\",\"breadcrumb\":{\"@id\":\"https:\/\/exceladvisor.org\/pt\/adicione-ao-seu-curriculo\/#breadcrumb\"},\"inLanguage\":\"pt-PT\",\"potentialAction\":[{\"@type\":\"ReadAction\",\"target\":[\"https:\/\/exceladvisor.org\/pt\/adicione-ao-seu-curriculo\/\"]}]},{\"@type\":\"ImageObject\",\"inLanguage\":\"pt-PT\",\"@id\":\"https:\/\/exceladvisor.org\/pt\/adicione-ao-seu-curriculo\/#primaryimage\",\"url\":\"https:\/\/exceladvisor.org\/wp-content\/uploads\/2023\/08\/1-ajouter-des-competences-a-votre-CV.png\",\"contentUrl\":\"https:\/\/exceladvisor.org\/wp-content\/uploads\/2023\/08\/1-ajouter-des-competences-a-votre-CV.png\"},{\"@type\":\"BreadcrumbList\",\"@id\":\"https:\/\/exceladvisor.org\/pt\/adicione-ao-seu-curriculo\/#breadcrumb\",\"itemListElement\":[{\"@type\":\"ListItem\",\"position\":1,\"name\":\"Lar\",\"item\":\"https:\/\/exceladvisor.org\/pt\/\"},{\"@type\":\"ListItem\",\"position\":2,\"name\":\"Como mostrar seu conhecimento em excel em um curr\u00edculo?\"}]},{\"@type\":\"WebSite\",\"@id\":\"https:\/\/exceladvisor.org\/pt\/#website\",\"url\":\"https:\/\/exceladvisor.org\/pt\/\",\"name\":\"Excel Advisor\",\"description\":\"O seu guia definitivo para dominar os dados!\",\"publisher\":{\"@id\":\"https:\/\/exceladvisor.org\/pt\/#organization\"},\"potentialAction\":[{\"@type\":\"SearchAction\",\"target\":{\"@type\":\"EntryPoint\",\"urlTemplate\":\"https:\/\/exceladvisor.org\/pt\/?s={search_term_string}\"},\"query-input\":{\"@type\":\"PropertyValueSpecification\",\"valueRequired\":true,\"valueName\":\"search_term_string\"}}],\"inLanguage\":\"pt-PT\"},{\"@type\":\"Organization\",\"@id\":\"https:\/\/exceladvisor.org\/pt\/#organization\",\"name\":\"Excel Advisor\",\"url\":\"https:\/\/exceladvisor.org\/pt\/\",\"logo\":{\"@type\":\"ImageObject\",\"inLanguage\":\"pt-PT\",\"@id\":\"https:\/\/exceladvisor.org\/pt\/#\/schema\/logo\/image\/\",\"url\":\"https:\/\/exceladvisor.org\/pt\/wp-content\/uploads\/2023\/12\/exceladvisor.org_.png\",\"contentUrl\":\"https:\/\/exceladvisor.org\/pt\/wp-content\/uploads\/2023\/12\/exceladvisor.org_.png\",\"width\":105,\"height\":36,\"caption\":\"Excel Advisor\"},\"image\":{\"@id\":\"https:\/\/exceladvisor.org\/pt\/#\/schema\/logo\/image\/\"}}]}<\/script>\n<!-- \/ Yoast SEO plugin. -->","yoast_head_json":{"title":"Descreva suas habilidades em Excel em seu curr\u00edculo \u2013 Excel Advisor","description":"Se voc\u00ea n\u00e3o sabe como adicionar suas habilidades de Excel ao seu curr\u00edculo, este tutorial r\u00e1pido pode ajud\u00e1-lo facilmente.","robots":{"index":"index","follow":"follow","max-snippet":"max-snippet:-1","max-image-preview":"max-image-preview:large","max-video-preview":"max-video-preview:-1"},"canonical":"https:\/\/exceladvisor.org\/pt\/adicione-ao-seu-curriculo\/","og_locale":"pt_PT","og_type":"article","og_title":"Descreva suas habilidades em Excel em seu curr\u00edculo \u2013 Excel Advisor","og_description":"Se voc\u00ea n\u00e3o sabe como adicionar suas habilidades de Excel ao seu curr\u00edculo, este tutorial r\u00e1pido pode ajud\u00e1-lo facilmente.","og_url":"https:\/\/exceladvisor.org\/pt\/adicione-ao-seu-curriculo\/","og_site_name":"Excel Advisor","article_modified_time":"2023-12-06T11:38:27+00:00","og_image":[{"url":"https:\/\/exceladvisor.org\/wp-content\/uploads\/2023\/08\/1-ajouter-des-competences-a-votre-CV.png","type":"","width":"","height":""}],"twitter_card":"summary_large_image","twitter_misc":{"Tempo estimado de leitura":"3 minutos"},"schema":{"@context":"https:\/\/schema.org","@graph":[{"@type":"WebPage","@id":"https:\/\/exceladvisor.org\/pt\/adicione-ao-seu-curriculo\/","url":"https:\/\/exceladvisor.org\/pt\/adicione-ao-seu-curriculo\/","name":"Descreva suas habilidades em Excel em seu curr\u00edculo \u2013 Excel Advisor","isPartOf":{"@id":"https:\/\/exceladvisor.org\/pt\/#website"},"primaryImageOfPage":{"@id":"https:\/\/exceladvisor.org\/pt\/adicione-ao-seu-curriculo\/#primaryimage"},"image":{"@id":"https:\/\/exceladvisor.org\/pt\/adicione-ao-seu-curriculo\/#primaryimage"},"thumbnailUrl":"https:\/\/exceladvisor.org\/wp-content\/uploads\/2023\/08\/1-ajouter-des-competences-a-votre-CV.png","datePublished":"2023-11-01T18:30:27+00:00","dateModified":"2023-12-06T11:38:27+00:00","description":"Se voc\u00ea n\u00e3o sabe como adicionar suas habilidades de Excel ao seu curr\u00edculo, este tutorial r\u00e1pido pode ajud\u00e1-lo facilmente.","breadcrumb":{"@id":"https:\/\/exceladvisor.org\/pt\/adicione-ao-seu-curriculo\/#breadcrumb"},"inLanguage":"pt-PT","potentialAction":[{"@type":"ReadAction","target":["https:\/\/exceladvisor.org\/pt\/adicione-ao-seu-curriculo\/"]}]},{"@type":"ImageObject","inLanguage":"pt-PT","@id":"https:\/\/exceladvisor.org\/pt\/adicione-ao-seu-curriculo\/#primaryimage","url":"https:\/\/exceladvisor.org\/wp-content\/uploads\/2023\/08\/1-ajouter-des-competences-a-votre-CV.png","contentUrl":"https:\/\/exceladvisor.org\/wp-content\/uploads\/2023\/08\/1-ajouter-des-competences-a-votre-CV.png"},{"@type":"BreadcrumbList","@id":"https:\/\/exceladvisor.org\/pt\/adicione-ao-seu-curriculo\/#breadcrumb","itemListElement":[{"@type":"ListItem","position":1,"name":"Lar","item":"https:\/\/exceladvisor.org\/pt\/"},{"@type":"ListItem","position":2,"name":"Como mostrar seu conhecimento em excel em um curr\u00edculo?"}]},{"@type":"WebSite","@id":"https:\/\/exceladvisor.org\/pt\/#website","url":"https:\/\/exceladvisor.org\/pt\/","name":"Excel Advisor","description":"O seu guia definitivo para dominar os dados!","publisher":{"@id":"https:\/\/exceladvisor.org\/pt\/#organization"},"potentialAction":[{"@type":"SearchAction","target":{"@type":"EntryPoint","urlTemplate":"https:\/\/exceladvisor.org\/pt\/?s={search_term_string}"},"query-input":{"@type":"PropertyValueSpecification","valueRequired":true,"valueName":"search_term_string"}}],"inLanguage":"pt-PT"},{"@type":"Organization","@id":"https:\/\/exceladvisor.org\/pt\/#organization","name":"Excel Advisor","url":"https:\/\/exceladvisor.org\/pt\/","logo":{"@type":"ImageObject","inLanguage":"pt-PT","@id":"https:\/\/exceladvisor.org\/pt\/#\/schema\/logo\/image\/","url":"https:\/\/exceladvisor.org\/pt\/wp-content\/uploads\/2023\/12\/exceladvisor.org_.png","contentUrl":"https:\/\/exceladvisor.org\/pt\/wp-content\/uploads\/2023\/12\/exceladvisor.org_.png","width":105,"height":36,"caption":"Excel Advisor"},"image":{"@id":"https:\/\/exceladvisor.org\/pt\/#\/schema\/logo\/image\/"}}]}},"yoast_meta":{"yoast_wpseo_title":"","yoast_wpseo_metadesc":"","yoast_wpseo_canonical":""},"_links":{"self":[{"href":"https:\/\/exceladvisor.org\/pt\/wp-json\/wp\/v2\/pages\/350","targetHints":{"allow":["GET"]}}],"collection":[{"href":"https:\/\/exceladvisor.org\/pt\/wp-json\/wp\/v2\/pages"}],"about":[{"href":"https:\/\/exceladvisor.org\/pt\/wp-json\/wp\/v2\/types\/page"}],"author":[{"embeddable":true,"href":"https:\/\/exceladvisor.org\/pt\/wp-json\/wp\/v2\/users\/1"}],"replies":[{"embeddable":true,"href":"https:\/\/exceladvisor.org\/pt\/wp-json\/wp\/v2\/comments?post=350"}],"version-history":[{"count":1,"href":"https:\/\/exceladvisor.org\/pt\/wp-json\/wp\/v2\/pages\/350\/revisions"}],"predecessor-version":[{"id":1125,"href":"https:\/\/exceladvisor.org\/pt\/wp-json\/wp\/v2\/pages\/350\/revisions\/1125"}],"wp:attachment":[{"href":"https:\/\/exceladvisor.org\/pt\/wp-json\/wp\/v2\/media?parent=350"}],"curies":[{"name":"wp","href":"https:\/\/api.w.org\/{rel}","templated":true}]}}