{"id":353,"date":"2023-11-01T00:43:37","date_gmt":"2023-11-01T00:43:37","guid":{"rendered":"https:\/\/exceladvisor.org\/pt\/pulgas\/"},"modified":"2023-12-06T11:38:04","modified_gmt":"2023-12-06T11:38:04","slug":"pulgas","status":"publish","type":"page","link":"https:\/\/exceladvisor.org\/pt\/pulgas\/","title":{"rendered":"Como inserir marcadores no excel?"},"content":{"rendered":"<div class=\"excel-before-content-2\" id=\"excel-170741412\"><script type=\"text\/javascript\">\r\n\tatOptions = {\r\n\t\t'key' : 'c1158f160081d6540a8409e6925dab94',\r\n\t\t'format' : 'iframe',\r\n\t\t'height' : 250,\r\n\t\t'width' : 300,\r\n\t\t'params' : {}\r\n\t};\r\n<\/script>\r\n<script type=\"text\/javascript\" src=\"\/\/www.highperformanceformat.com\/c1158f160081d6540a8409e6925dab94\/invoke.js\"><\/script><\/div><div class=\"excel-before-content\" id=\"excel-1074594894\"><script type=\"text\/javascript\">\r\n\tatOptions = {\r\n\t\t'key' : 'c1158f160081d6540a8409e6925dab94',\r\n\t\t'format' : 'iframe',\r\n\t\t'height' : 250,\r\n\t\t'width' : 300,\r\n\t\t'params' : {}\r\n\t};\r\n<\/script>\r\n<script type=\"text\/javascript\" src=\"\/\/www.highperformanceformat.com\/c1158f160081d6540a8409e6925dab94\/invoke.js\"><\/script><\/div> <p>\u00c9 importante capturar dados da maneira certa.<\/p><p> No Excel, usamos n\u00fameros de s\u00e9rie na maioria das vezes, mas ao trabalhar com listas, a melhor forma \u00e9 usar marcadores. Eu uso principalmente listas com marcadores para registrar meu trabalho di\u00e1rio (listas de tarefas, pontos importantes).<\/p><p> Agora a m\u00e1 not\u00edcia \u00e9. No Excel, n\u00e3o existe uma maneira padr\u00e3o de inserir um marcador como temos no Microsoft Word.<\/p><p> Mas aqui est\u00e1 a boa not\u00edcia. H\u00e1 poucos dias percebi que na verdade podemos usar 8 maneiras diferentes de inserir marcadores no Excel.<\/p><p> E todos esses m\u00e9todos podem ser \u00fateis em diferentes situa\u00e7\u00f5es. Ent\u00e3o, hoje, neste artigo, gostaria de compartilhar com voc\u00eas todos esses m\u00e9todos.<\/p><p> <strong>[icon name=\u201dbell\u201d unprefixed_]<\/strong> Este tutorial faz parte de nossas <a href=\"https:\/\/exceladvisor.org\/pt\/habilidades-de-excelencia\/\">habilidades b\u00e1sicas em Excel<\/a> e, se voc\u00ea quiser aprimorar suas habilidades existentes em Excel, verifique estas <a href=\"https:\/\/exceladvisor.org\/pt\/conselho\/\" data-wpil=\"url\">dicas e truques do Excel<\/a> .<\/p><h2 id=\"t-1588503264726\" class=\"wp-block-heading\"> Adicione um marcador na caixa de di\u00e1logo de s\u00edmbolos<\/h2><p> Tenho certeza que voc\u00ea j\u00e1 usou esse m\u00e9todo antes.<\/p><ol><li> Selecione a c\u00e9lula \u00e0 qual deseja adicionar um marcador<\/li><li> V\u00e1 para a guia Inserir \u279c Clique em S\u00edmbolo. <br><img decoding=\"async\" title=\"Clique no s\u00edmbolo para inserir um marcador no Excel\" src=\"https:\/\/exceladvisor.org\/wp-content\/uploads\/2023\/08\/Cliquez-sur-le-symbole-pour-inserer-une-puce-dans-Excel.png\" sizes=\"\" srcset=\"\" alt=\"Click On Symbol To Insert Bullet Point In Excel\"><\/li><li> Depois de clicar no bot\u00e3o do s\u00edmbolo, voc\u00ea receber\u00e1 uma caixa de di\u00e1logo do s\u00edmbolo.<\/li><li> Na caixa de di\u00e1logo de s\u00edmbolos, voc\u00ea tem muitos s\u00edmbolos inteligentes para usar como marcador ou pode usar apenas um ponto preto.<\/li><li> Depois de escolher o marcador, basta clicar no inserir para adicionar na c\u00e9lula. <br><img decoding=\"async\" title=\"Abrir caixa de di\u00e1logo de s\u00edmbolo para inserir ponto de marcador no Excel-1\" src=\"https:\/\/exceladvisor.org\/wp-content\/uploads\/2023\/08\/Ouvrir-la-boite-de-dialogue-Symbole-pour-inserer-une-puce-dans-Excel-1.png\" sizes=\"\" srcset=\"\" alt=\"Open Symbol Dialog Box To Insert Bullet Point In Excel\"><\/li><\/ol><p> Aqui est\u00e3o alguns s\u00edmbolos que voc\u00ea pode usar para uma lista com marcadores no Excel. <\/p><div class=\"wp-block-image\"><figure class=\"aligncenter is-resized\"><img loading=\"lazy\" decoding=\"async\" src=\"https:\/\/exceladvisor.org\/wp-content\/uploads\/2023\/08\/Utiliser-un-symbole-different-de-la-boite-de-dialogue-pour-inserer-une-puce-dans-Excel-1.png\" sizes=\"auto, \" srcset=\"\" alt=\"Use um s\u00edmbolo de caixa de di\u00e1logo diferente para inserir um marcador no Excel\" width=\"99\" height=\"238\"><\/figure><\/div><h2 id=\"t-1588503264727\" class=\"wp-block-heading\"> Insira marcadores com uma tecla de atalho<\/h2><p> As teclas de atalho s\u00e3o a melhor maneira de inserir um marcador se voc\u00ea n\u00e3o tiver tempo para brincar com uma caixa de di\u00e1logo de s\u00edmbolos. Temos duas <a href=\"https:\/\/exceladvisor.org\/pt\/atalhos-do-teclado\/\">teclas de atalho<\/a> diferentes e voc\u00ea pode usar qualquer uma delas. <\/p><div class=\"wp-block-image\"><figure class=\"aligncenter\"><img decoding=\"async\" src=\"https:\/\/exceladvisor.org\/wp-content\/uploads\/2023\/08\/Utilisez-les-touches-de-raccourci-pour-inserer-une-puce-dans-Excel.png\" sizes=\"\" srcset=\"\" alt=\"Use teclas de atalho para inserir um marcador no Excel\"><\/figure><\/div><ol><li> Selecione a c\u00e9lula na qual deseja adicionar um marcador.<\/li><li> Pressione F2 para <a href=\"https:\/\/exceladvisor.org\/pt\/editar-celula\/\">editar a c\u00e9lula<\/a> .<\/li><li> Mantenha pressionada a tecla Alt e pressione 7 ou 9 para inserir um marcador.<\/li><\/ol><p> As duas teclas de atalho fornecer\u00e3o diferentes tipos de marcadores. Se voc\u00ea quiser adicionar um ponto preto para marcadores, voc\u00ea pode usar Alt+7 ou se quiser adicionar um c\u00edrculo, voc\u00ea pode usar alt+9.<\/p><h2 id=\"t-1588503264728\" class=\"wp-block-heading\"> Use a fun\u00e7\u00e3o CHAR para marcadores<\/h2><p> Voc\u00ea tamb\u00e9m pode usar CHAR(149) para adicionar um marcador a uma c\u00e9lula. Este m\u00e9todo \u00e9 \u00fatil se voc\u00ea deseja inserir um marcador em todas as c\u00e9lulas usando uma f\u00f3rmula na <a href=\"https:\/\/exceladvisor.org\/pt\/barra-de-formulas-do-excel\/\">barra de f\u00f3rmulas da c\u00e9lula<\/a> onde deseja inseri-lo.<\/p><ol><li> Selecione a c\u00e9lula na qual deseja adicionar um marcador.<\/li><li> Insira =CAR(149)&amp; \u00bb \u00ab &amp;A1 <br><img decoding=\"async\" title=\"Use CHAR para inserir marcador no Excel-1\" src=\"https:\/\/exceladvisor.org\/wp-content\/uploads\/2023\/08\/Utilisez-CHAR-pour-inserer-une-puce-dans-Excel-1.png\" sizes=\"\" srcset=\"\" alt=\"Use CHAR To Insert Bullet Point In Excel\"><\/li><li> Agora arraste a f\u00f3rmula para a c\u00e9lula onde deseja adicionar o marcador. <br><img decoding=\"async\" title=\"Use-CHAR-FUNCTION-para-inserir-um-bullet-in-Excel.gif\" src=\"https:\/\/exceladvisor.org\/wp-content\/uploads\/2023\/08\/Utilisez-CHAR-FUNCTION-pour-inserer-une-puce-dans-Excel.gif\" sizes=\"\" srcset=\"\" alt=\"Use CHAR Function To Insert Bullet Point In Excel\"><\/li><\/ol><h2 id=\"t-1588503264729\" class=\"wp-block-heading\"> Formata\u00e7\u00e3o personalizada para marcadores<\/h2><p> \u00c9 uma configura\u00e7\u00e3o \u00fanica. Tudo que voc\u00ea precisa fazer \u00e9 criar um formato personalizado para inserir marcadores. Apenas siga estes simples passos. <\/p><div class=\"wp-block-image\"><figure class=\"aligncenter\"><img decoding=\"async\" src=\"https:\/\/exceladvisor.org\/wp-content\/uploads\/2023\/08\/Utiliser-le-formatage-personnalise-pour-inserer-une-puce-dans-Excel.gif\" sizes=\"\" srcset=\"\" alt=\"Use formata\u00e7\u00e3o personalizada para inserir um marcador no Excel\"><\/figure><\/div><ul><li> Pressione Ctrl+1 e voc\u00ea ver\u00e1 uma <a href=\"https:\/\/exceladvisor.org\/pt\/abrir-opcoes-de-formato-de-celula\/\">caixa de di\u00e1logo Formatar<\/a> .<\/li><li> Na guia N\u00famero, selecione Personalizado.<\/li><li> Na barra de entrada de tipo, insira a seguinte formata\u00e7\u00e3o.<ul><li> <em><mark class=\"has-inline-color\" style=\"background-color: var(--base);\">\u25cf Geral;\u25cf Geral;\u25cf Geral;\u25cf Geral<\/mark><\/em><\/li><\/ul><\/li><li> Na barra de entrada de tipo, insira a seguinte formata\u00e7\u00e3o.<\/li><\/ul><h3 class=\"wp-block-heading\"> Como funciona<\/h3><p> Deixe-me dar uma observa\u00e7\u00e3o r\u00e1pida sobre como usar formata\u00e7\u00e3o personalizada para marcadores.<\/p><p> Na formata\u00e7\u00e3o personalizada voc\u00ea precisa mencionar 4 formatos diferentes: positivo, negativo, zero e texto. Usei um ponto preto para esses quatro tipos.<\/p><p> E agora, quando voc\u00ea inserir qualquer texto ou n\u00famero, seja positivo ou negativo, ser\u00e1 adicionado um marcador na frente dele.<\/p><h2 id=\"tab-con-5\" class=\"wp-block-heading\"> Adicionar marcadores a uma caixa de texto<\/h2><p> Inserir marcadores na <a href=\"https:\/\/exceladvisor.org\/pt\/zona-de-texto\/\">caixa de texto<\/a> \u00e9 a maneira mais r\u00e1pida. Voc\u00ea n\u00e3o precisa correr aqui e ali por causa das bolas. Siga estes passos simples.<\/p><ol><li> Primeiro, insira uma caixa de texto.<\/li><li> Edite a caixa de texto e clique com o bot\u00e3o direito<\/li><li> Clique na op\u00e7\u00e3o de marcador e selecione o estilo de marcador a ser aplicado. <br><img decoding=\"async\" title=\"Use-Text-Box-To-Insert-Bullet-point-In-Excel\" src=\"https:\/\/exceladvisor.org\/wp-content\/uploads\/2023\/08\/Utiliser-la-zone-de-texte-pour-inserer-une-puce-dans-Excel-1.png\" sizes=\"\" srcset=\"\" alt=\"use text box to insert bullet point in excel\"><\/li><li> Depois de selecionar o estilo do marcador, ele inserir\u00e1 automaticamente um marcador no in\u00edcio de cada linha. <br><img decoding=\"async\" title=\"Lista de caixa de texto para inserir ponto de marcador no Excel\" src=\"https:\/\/exceladvisor.org\/wp-content\/uploads\/2023\/08\/Liste-des-zones-de-texte-pour-inserer-une-puce-dans-Excel.png\" sizes=\"\" srcset=\"\" alt=\"text box list to insert bullet point in excel\"><\/li><\/ol><p> Voc\u00ea tamb\u00e9m pode usar n\u00fameros em uma caixa de texto usando o mesmo m\u00e9todo.<\/p><h2 id=\"tab-con-6\" class=\"wp-block-heading\"> Use fontes Wingdings e Webdings para marcadores<\/h2><p> Ambos os estilos de fonte exibir\u00e3o um \u00edcone em vez de um alfabeto ou n\u00famero. Se voc\u00ea inserir um n\u00famero ou alfabeto, receber\u00e1 um \u00edcone legal.<\/p><p> Voc\u00ea ainda obter\u00e1 um s\u00edmbolo diferente para uma letra mai\u00fascula e uma letra min\u00fascula. Para inserir um ponto preto simples, use o pequeno \u201cl\u201d e o pequeno \u201cn\u201d respectivamente em Webdings &amp; Wingdings. <\/p><div class=\"wp-block-image\"><figure class=\"aligncenter\"><img decoding=\"async\" src=\"https:\/\/exceladvisor.org\/wp-content\/uploads\/2023\/08\/Utilisez-le-style-de-police-Wingdings-Webdings-pour-inserer-une-puce-dans-Excel.png\" sizes=\"\" srcset=\"\" alt=\"Use o estilo de fonte Wingdings &amp; Webdings para inserir marcadores no Excel\"><\/figure><\/div><h2 id=\"t-1588503264730\" class=\"wp-block-heading\"> Marcadores em um coment\u00e1rio de c\u00e9lula<\/h2><p> Voc\u00ea tamb\u00e9m pode usar marcadores nos coment\u00e1rios das c\u00e9lulas usando s\u00edmbolos.<\/p><ol><li> Primeiro, insira um coment\u00e1rio em uma c\u00e9lula.<\/li><li> Edite este coment\u00e1rio de c\u00e9lula.<\/li><li> V\u00e1 para a guia Inserir \u25ba Clique em S\u00edmbolo.<\/li><li> Adicione qualquer s\u00edmbolo que voc\u00ea deseja adicionar.<\/li><li> Copie este s\u00edmbolo antes do in\u00edcio de cada linha. <\/li><\/ol><div class=\"wp-block-image\"><figure class=\"aligncenter\"><img decoding=\"async\" src=\"https:\/\/exceladvisor.org\/wp-content\/uploads\/2023\/08\/Utiliser-le-commentaire-de-cellule-pour-inserer-une-puce-dans-Excel-1.png\" sizes=\"\" srcset=\"\" alt=\"Use o coment\u00e1rio da c\u00e9lula para inserir marcadores no Excel\"><\/figure><\/div><h2 id=\"t-1588503264731\" class=\"wp-block-heading\"> Use Smart Art para criar uma lista com marcadores<\/h2><p> A arte inteligente tamb\u00e9m \u00e9 uma forma eficaz de criar uma lista organizada de marcadores.<\/p><ol><li> V\u00e1 para a guia Inserir \u25ba Smart Art Graphics.<\/li><li> Nas categorias, selecione a lista.<\/li><li> Selecione o tipo de arte inteligente desejada e clique em OK. <\/li><\/ol><div class=\"wp-block-image\"><figure class=\"aligncenter\"><img decoding=\"async\" src=\"https:\/\/exceladvisor.org\/wp-content\/uploads\/2023\/08\/comment-inserer-des-puces-dans-excel-en-utilisant-smart-art-1.png\" sizes=\"\" srcset=\"\" alt=\"como inserir marcadores no Excel usando arte inteligente\"><\/figure><\/div><div class=\"gb-container gb-container-4db6181c gb-container-mt\"> <a class=\"gb-button gb-button-c5897111 gb-button-text gb-button-mt-button\" href=\"https:\/\/exceladvisor.org\/pt\/nocoes-basicas-de-excel\/\">No\u00e7\u00f5es b\u00e1sicas do Microsoft Excel (componentes, pe\u00e7as e notas de conhecimento)<\/a><h2 class=\"gb-headline gb-headline-665e5f6b gb-headline-text gb-headline-mt-heading\"> Tutoriais relacionados <\/h2><div class=\"gb-grid-wrapper gb-grid-wrapper-a20baf7c gb-grid-wrapper-mt-grid\"><div class=\"gb-grid-column gb-grid-column-65ddf67e\"><div class=\"gb-container gb-container-65ddf67e\"><ul><li> <a href=\"https:\/\/exceladvisor.org\/pt\/mudar-numero-negativo-para-positivo\/\">Converta um n\u00famero negativo em positivo no Excel<\/a><\/li><li> <a href=\"https:\/\/exceladvisor.org\/pt\/carimbo-de-datahora\/\">Insira um carimbo de data\/hora no Excel<\/a><\/li><li> <a href=\"https:\/\/exceladvisor.org\/pt\/insira-uma-seta\/\">Insira uma seta em uma c\u00e9lula no Excel<\/a><\/li><li> Adicione n\u00fameros de s\u00e9rie automaticamente no Excel <\/li><\/ul><\/div><\/div><div class=\"gb-grid-column gb-grid-column-50067b57\"><div class=\"gb-container gb-container-50067b57\"><\/div><\/div><\/div><\/div>","protected":false},"excerpt":{"rendered":"","protected":false},"author":1,"featured_media":0,"parent":0,"menu_order":0,"comment_status":"open","ping_status":"closed","template":"","meta":{"ub_ctt_via":"","footnotes":""},"class_list":["post-353","page","type-page","status-publish","hentry"],"featured_image_src":null,"yoast_head":"<!-- This site is optimized with the Yoast SEO plugin v25.4 - https:\/\/yoast.com\/wordpress\/plugins\/seo\/ -->\n<title>\u25b7 Como inserir marcadores no Excel? (Tutorial 2023)<\/title>\n<meta name=\"description\" content=\"Voc\u00ea j\u00e1 percebeu que n\u00e3o existe a op\u00e7\u00e3o de inserir marcadores no Excel? Eu tenho 6 maneiras diferentes de inserir marcadores ...\" \/>\n<meta name=\"robots\" content=\"index, follow, max-snippet:-1, max-image-preview:large, max-video-preview:-1\" \/>\n<link rel=\"canonical\" href=\"https:\/\/exceladvisor.org\/pt\/pulgas\/\" \/>\n<meta property=\"og:locale\" content=\"pt_PT\" \/>\n<meta property=\"og:type\" content=\"article\" \/>\n<meta property=\"og:title\" content=\"\u25b7 Como inserir marcadores no Excel? (Tutorial 2023)\" \/>\n<meta property=\"og:description\" content=\"Voc\u00ea j\u00e1 percebeu que n\u00e3o existe a op\u00e7\u00e3o de inserir marcadores no Excel? Eu tenho 6 maneiras diferentes de inserir marcadores ...\" \/>\n<meta property=\"og:url\" content=\"https:\/\/exceladvisor.org\/pt\/pulgas\/\" \/>\n<meta property=\"og:site_name\" content=\"Excel Advisor\" \/>\n<meta property=\"article:modified_time\" content=\"2023-12-06T11:38:04+00:00\" \/>\n<meta property=\"og:image\" content=\"https:\/\/exceladvisor.org\/wp-content\/uploads\/2023\/08\/Cliquez-sur-le-symbole-pour-inserer-une-puce-dans-Excel.png\" \/>\n<meta name=\"twitter:card\" content=\"summary_large_image\" \/>\n<meta name=\"twitter:label1\" content=\"Tempo estimado de leitura\" \/>\n\t<meta name=\"twitter:data1\" content=\"5 minutos\" \/>\n<script type=\"application\/ld+json\" class=\"yoast-schema-graph\">{\"@context\":\"https:\/\/schema.org\",\"@graph\":[{\"@type\":\"WebPage\",\"@id\":\"https:\/\/exceladvisor.org\/pt\/pulgas\/\",\"url\":\"https:\/\/exceladvisor.org\/pt\/pulgas\/\",\"name\":\"\u25b7 Como inserir marcadores no Excel? (Tutorial 2023)\",\"isPartOf\":{\"@id\":\"https:\/\/exceladvisor.org\/pt\/#website\"},\"primaryImageOfPage\":{\"@id\":\"https:\/\/exceladvisor.org\/pt\/pulgas\/#primaryimage\"},\"image\":{\"@id\":\"https:\/\/exceladvisor.org\/pt\/pulgas\/#primaryimage\"},\"thumbnailUrl\":\"https:\/\/exceladvisor.org\/wp-content\/uploads\/2023\/08\/Cliquez-sur-le-symbole-pour-inserer-une-puce-dans-Excel.png\",\"datePublished\":\"2023-11-01T00:43:37+00:00\",\"dateModified\":\"2023-12-06T11:38:04+00:00\",\"description\":\"Voc\u00ea j\u00e1 percebeu que n\u00e3o existe a op\u00e7\u00e3o de inserir marcadores no Excel? Eu tenho 6 maneiras diferentes de inserir marcadores ...\",\"breadcrumb\":{\"@id\":\"https:\/\/exceladvisor.org\/pt\/pulgas\/#breadcrumb\"},\"inLanguage\":\"pt-PT\",\"potentialAction\":[{\"@type\":\"ReadAction\",\"target\":[\"https:\/\/exceladvisor.org\/pt\/pulgas\/\"]}]},{\"@type\":\"ImageObject\",\"inLanguage\":\"pt-PT\",\"@id\":\"https:\/\/exceladvisor.org\/pt\/pulgas\/#primaryimage\",\"url\":\"https:\/\/exceladvisor.org\/wp-content\/uploads\/2023\/08\/Cliquez-sur-le-symbole-pour-inserer-une-puce-dans-Excel.png\",\"contentUrl\":\"https:\/\/exceladvisor.org\/wp-content\/uploads\/2023\/08\/Cliquez-sur-le-symbole-pour-inserer-une-puce-dans-Excel.png\"},{\"@type\":\"BreadcrumbList\",\"@id\":\"https:\/\/exceladvisor.org\/pt\/pulgas\/#breadcrumb\",\"itemListElement\":[{\"@type\":\"ListItem\",\"position\":1,\"name\":\"Lar\",\"item\":\"https:\/\/exceladvisor.org\/pt\/\"},{\"@type\":\"ListItem\",\"position\":2,\"name\":\"Como inserir marcadores no excel?\"}]},{\"@type\":\"WebSite\",\"@id\":\"https:\/\/exceladvisor.org\/pt\/#website\",\"url\":\"https:\/\/exceladvisor.org\/pt\/\",\"name\":\"Excel Advisor\",\"description\":\"O seu guia definitivo para dominar os dados!\",\"publisher\":{\"@id\":\"https:\/\/exceladvisor.org\/pt\/#organization\"},\"potentialAction\":[{\"@type\":\"SearchAction\",\"target\":{\"@type\":\"EntryPoint\",\"urlTemplate\":\"https:\/\/exceladvisor.org\/pt\/?s={search_term_string}\"},\"query-input\":{\"@type\":\"PropertyValueSpecification\",\"valueRequired\":true,\"valueName\":\"search_term_string\"}}],\"inLanguage\":\"pt-PT\"},{\"@type\":\"Organization\",\"@id\":\"https:\/\/exceladvisor.org\/pt\/#organization\",\"name\":\"Excel Advisor\",\"url\":\"https:\/\/exceladvisor.org\/pt\/\",\"logo\":{\"@type\":\"ImageObject\",\"inLanguage\":\"pt-PT\",\"@id\":\"https:\/\/exceladvisor.org\/pt\/#\/schema\/logo\/image\/\",\"url\":\"https:\/\/exceladvisor.org\/pt\/wp-content\/uploads\/2023\/12\/exceladvisor.org_.png\",\"contentUrl\":\"https:\/\/exceladvisor.org\/pt\/wp-content\/uploads\/2023\/12\/exceladvisor.org_.png\",\"width\":105,\"height\":36,\"caption\":\"Excel Advisor\"},\"image\":{\"@id\":\"https:\/\/exceladvisor.org\/pt\/#\/schema\/logo\/image\/\"}}]}<\/script>\n<!-- \/ Yoast SEO plugin. -->","yoast_head_json":{"title":"\u25b7 Como inserir marcadores no Excel? (Tutorial 2023)","description":"Voc\u00ea j\u00e1 percebeu que n\u00e3o existe a op\u00e7\u00e3o de inserir marcadores no Excel? Eu tenho 6 maneiras diferentes de inserir marcadores ...","robots":{"index":"index","follow":"follow","max-snippet":"max-snippet:-1","max-image-preview":"max-image-preview:large","max-video-preview":"max-video-preview:-1"},"canonical":"https:\/\/exceladvisor.org\/pt\/pulgas\/","og_locale":"pt_PT","og_type":"article","og_title":"\u25b7 Como inserir marcadores no Excel? (Tutorial 2023)","og_description":"Voc\u00ea j\u00e1 percebeu que n\u00e3o existe a op\u00e7\u00e3o de inserir marcadores no Excel? Eu tenho 6 maneiras diferentes de inserir marcadores ...","og_url":"https:\/\/exceladvisor.org\/pt\/pulgas\/","og_site_name":"Excel Advisor","article_modified_time":"2023-12-06T11:38:04+00:00","og_image":[{"url":"https:\/\/exceladvisor.org\/wp-content\/uploads\/2023\/08\/Cliquez-sur-le-symbole-pour-inserer-une-puce-dans-Excel.png","type":"","width":"","height":""}],"twitter_card":"summary_large_image","twitter_misc":{"Tempo estimado de leitura":"5 minutos"},"schema":{"@context":"https:\/\/schema.org","@graph":[{"@type":"WebPage","@id":"https:\/\/exceladvisor.org\/pt\/pulgas\/","url":"https:\/\/exceladvisor.org\/pt\/pulgas\/","name":"\u25b7 Como inserir marcadores no Excel? (Tutorial 2023)","isPartOf":{"@id":"https:\/\/exceladvisor.org\/pt\/#website"},"primaryImageOfPage":{"@id":"https:\/\/exceladvisor.org\/pt\/pulgas\/#primaryimage"},"image":{"@id":"https:\/\/exceladvisor.org\/pt\/pulgas\/#primaryimage"},"thumbnailUrl":"https:\/\/exceladvisor.org\/wp-content\/uploads\/2023\/08\/Cliquez-sur-le-symbole-pour-inserer-une-puce-dans-Excel.png","datePublished":"2023-11-01T00:43:37+00:00","dateModified":"2023-12-06T11:38:04+00:00","description":"Voc\u00ea j\u00e1 percebeu que n\u00e3o existe a op\u00e7\u00e3o de inserir marcadores no Excel? Eu tenho 6 maneiras diferentes de inserir marcadores ...","breadcrumb":{"@id":"https:\/\/exceladvisor.org\/pt\/pulgas\/#breadcrumb"},"inLanguage":"pt-PT","potentialAction":[{"@type":"ReadAction","target":["https:\/\/exceladvisor.org\/pt\/pulgas\/"]}]},{"@type":"ImageObject","inLanguage":"pt-PT","@id":"https:\/\/exceladvisor.org\/pt\/pulgas\/#primaryimage","url":"https:\/\/exceladvisor.org\/wp-content\/uploads\/2023\/08\/Cliquez-sur-le-symbole-pour-inserer-une-puce-dans-Excel.png","contentUrl":"https:\/\/exceladvisor.org\/wp-content\/uploads\/2023\/08\/Cliquez-sur-le-symbole-pour-inserer-une-puce-dans-Excel.png"},{"@type":"BreadcrumbList","@id":"https:\/\/exceladvisor.org\/pt\/pulgas\/#breadcrumb","itemListElement":[{"@type":"ListItem","position":1,"name":"Lar","item":"https:\/\/exceladvisor.org\/pt\/"},{"@type":"ListItem","position":2,"name":"Como inserir marcadores no excel?"}]},{"@type":"WebSite","@id":"https:\/\/exceladvisor.org\/pt\/#website","url":"https:\/\/exceladvisor.org\/pt\/","name":"Excel Advisor","description":"O seu guia definitivo para dominar os dados!","publisher":{"@id":"https:\/\/exceladvisor.org\/pt\/#organization"},"potentialAction":[{"@type":"SearchAction","target":{"@type":"EntryPoint","urlTemplate":"https:\/\/exceladvisor.org\/pt\/?s={search_term_string}"},"query-input":{"@type":"PropertyValueSpecification","valueRequired":true,"valueName":"search_term_string"}}],"inLanguage":"pt-PT"},{"@type":"Organization","@id":"https:\/\/exceladvisor.org\/pt\/#organization","name":"Excel Advisor","url":"https:\/\/exceladvisor.org\/pt\/","logo":{"@type":"ImageObject","inLanguage":"pt-PT","@id":"https:\/\/exceladvisor.org\/pt\/#\/schema\/logo\/image\/","url":"https:\/\/exceladvisor.org\/pt\/wp-content\/uploads\/2023\/12\/exceladvisor.org_.png","contentUrl":"https:\/\/exceladvisor.org\/pt\/wp-content\/uploads\/2023\/12\/exceladvisor.org_.png","width":105,"height":36,"caption":"Excel Advisor"},"image":{"@id":"https:\/\/exceladvisor.org\/pt\/#\/schema\/logo\/image\/"}}]}},"yoast_meta":{"yoast_wpseo_title":"","yoast_wpseo_metadesc":"","yoast_wpseo_canonical":""},"_links":{"self":[{"href":"https:\/\/exceladvisor.org\/pt\/wp-json\/wp\/v2\/pages\/353","targetHints":{"allow":["GET"]}}],"collection":[{"href":"https:\/\/exceladvisor.org\/pt\/wp-json\/wp\/v2\/pages"}],"about":[{"href":"https:\/\/exceladvisor.org\/pt\/wp-json\/wp\/v2\/types\/page"}],"author":[{"embeddable":true,"href":"https:\/\/exceladvisor.org\/pt\/wp-json\/wp\/v2\/users\/1"}],"replies":[{"embeddable":true,"href":"https:\/\/exceladvisor.org\/pt\/wp-json\/wp\/v2\/comments?post=353"}],"version-history":[{"count":1,"href":"https:\/\/exceladvisor.org\/pt\/wp-json\/wp\/v2\/pages\/353\/revisions"}],"predecessor-version":[{"id":1094,"href":"https:\/\/exceladvisor.org\/pt\/wp-json\/wp\/v2\/pages\/353\/revisions\/1094"}],"wp:attachment":[{"href":"https:\/\/exceladvisor.org\/pt\/wp-json\/wp\/v2\/media?parent=353"}],"curies":[{"name":"wp","href":"https:\/\/api.w.org\/{rel}","templated":true}]}}