{"id":354,"date":"2023-10-31T23:56:12","date_gmt":"2023-10-31T23:56:12","guid":{"rendered":"https:\/\/exceladvisor.org\/pt\/grupo-1\/"},"modified":"2023-12-06T11:34:24","modified_gmt":"2023-12-06T11:34:24","slug":"grupo-1","status":"publish","type":"page","link":"https:\/\/exceladvisor.org\/pt\/grupo-1\/","title":{"rendered":"Como agrupar\/desagrupar planilhas?"},"content":{"rendered":"<div class=\"excel-before-content-2\" id=\"excel-3372116667\"><script type=\"text\/javascript\">\r\n\tatOptions = {\r\n\t\t'key' : 'c1158f160081d6540a8409e6925dab94',\r\n\t\t'format' : 'iframe',\r\n\t\t'height' : 250,\r\n\t\t'width' : 300,\r\n\t\t'params' : {}\r\n\t};\r\n<\/script>\r\n<script type=\"text\/javascript\" src=\"\/\/www.highperformanceformat.com\/c1158f160081d6540a8409e6925dab94\/invoke.js\"><\/script><\/div><div class=\"excel-before-content\" id=\"excel-1426304688\"><script type=\"text\/javascript\">\r\n\tatOptions = {\r\n\t\t'key' : 'c1158f160081d6540a8409e6925dab94',\r\n\t\t'format' : 'iframe',\r\n\t\t'height' : 250,\r\n\t\t'width' : 300,\r\n\t\t'params' : {}\r\n\t};\r\n<\/script>\r\n<script type=\"text\/javascript\" src=\"\/\/www.highperformanceformat.com\/c1158f160081d6540a8409e6925dab94\/invoke.js\"><\/script><\/div> <p>O agrupamento de planilhas no Excel \u00e9 frequentemente usado quando voc\u00ea tem um conjunto de planilhas estruturadas de forma id\u00eantica e deseja edit\u00e1-las ao mesmo tempo. Para isso, a melhor op\u00e7\u00e3o para editar essas m\u00faltiplas planilhas de uma vez \u00e9 agrupar planilhas.<\/p><p> Agrupar planilhas ao editar, excluir, adicionar ou fazer qualquer coisa em uma planilha que aconte\u00e7a da mesma maneira em outras planilhas agrupadas ao mesmo tempo economiza muito tempo. <\/p><div class=\"wp-block-image\"><figure class=\"aligncenter size-full is-resized\"><img loading=\"lazy\" decoding=\"async\" class=\"wp-image-63503\" src=\"https:\/\/exceladvisor.org\/wp-content\/uploads\/2023\/08\/feuilles-de-groupe-exemple-excel.png\" sizes=\"auto, \" srcset=\"\" alt=\"\" width=\"548\" height=\"570\"><\/figure><\/div><p class=\"has-small-font-size\"> <em>Por exemplo, suponha que voc\u00ea tenha uma empresa que fabrica acess\u00f3rios para interiores de autom\u00f3veis e seu custo vari\u00e1vel varie ligeiramente a cada m\u00eas. Nesse caso, se o formato do seu conjunto de dados for constante para cada m\u00eas e depois de alguns meses voc\u00ea quiser ver o custo geral de cada m\u00eas, basta agrupar essas planilhas e depois de inserir a f\u00f3rmula em uma das planilhas para encontre o custo geral, a f\u00f3rmula se copia para todas as planilhas agrupadas ao mesmo tempo, ent\u00e3o voc\u00ea economizar\u00e1 tempo inserindo ou copiando a f\u00f3rmula em cada planilha, uma por uma.<\/em><\/p><p> Voc\u00ea tamb\u00e9m pode usar a op\u00e7\u00e3o de planilhas de grupo para ocultar v\u00e1rias planilhas de uma vez, em vez de ocult\u00e1-las uma por uma.<\/p><h2 id=\"h-steps-to-group-worksheets-in-excel\" class=\"wp-block-heading\"> Etapas para agrupar planilhas no Excel<\/h2><ol><li> Primeiro, mantenha pressionada a tecla Control no teclado.<\/li><li> Depois disso, clique nas guias da planilha (uma por uma para selecionar) que deseja agrupar. <br><img loading=\"lazy\" decoding=\"async\" title=\"guias\" src=\"https:\/\/exceladvisor.org\/wp-content\/uploads\/2023\/08\/3-onglets-de-feuille-de-calcul-selectionnes.png\" sizes=\"auto, \" srcset=\"\" alt=\"select-worksheet-tabs\" width=\"382\" height=\"111\"><\/li><li> Agora voc\u00ea precisa soltar a tecla de controle.<\/li><li> Neste ponto, todas as planilhas selecionadas s\u00e3o agrupadas. <br><img loading=\"lazy\" decoding=\"async\" title=\"png\" src=\"https:\/\/exceladvisor.org\/wp-content\/uploads\/2023\/08\/4-feuilles-groupees-2.png\" sizes=\"auto, \" srcset=\"\" alt=\"\" width=\"416\" height=\"251\"><\/li><\/ol><p class=\"mytip\"> Se as planilhas que voc\u00ea deseja agrupar forem adjacentes, clique na primeira guia da planilha, mantenha pressionada a tecla Shift e clique na \u00faltima guia da planilha.<\/p><h2 id=\"h-group-all-worksheets\" class=\"wp-block-heading\"> Agrupar todas as planilhas<\/h2><ol><li> Primeiro, clique com o bot\u00e3o direito em qualquer guia da planilha da pasta de trabalho. <br><img decoding=\"async\" title=\"g\" src=\"https:\/\/exceladvisor.org\/wp-content\/uploads\/2023\/08\/5-onglets-de-feuille-de-calcul.png\" sizes=\"\" srcset=\"\" alt=\"worksheet-tabs\"><\/li><li> Depois disso, voc\u00ea receber\u00e1 uma janela pop-up com diversas op\u00e7\u00f5es.<\/li><li> Agora escolha a op\u00e7\u00e3o <strong>\u201cSelecionar todas as planilhas\u201d<\/strong> . <br><img loading=\"lazy\" decoding=\"async\" title=\"\" src=\"https:\/\/exceladvisor.org\/wp-content\/uploads\/2023\/08\/6-selectionner-toutes-les-feuilles.png\" sizes=\"auto, \" srcset=\"\" alt=\"select-all-sheets\" width=\"304\" height=\"321\"><\/li><li> Neste ponto, todas as suas planilhas da pasta de trabalho est\u00e3o agrupadas. <br><img loading=\"lazy\" decoding=\"async\" title=\"folhas\" src=\"https:\/\/exceladvisor.org\/wp-content\/uploads\/2023\/08\/7-toutes-les-feuilles-de-travail-groupees.png\" sizes=\"auto, \" srcset=\"\" alt=\"all-grouped-worksheets\" width=\"447\" height=\"228\"><\/li><\/ol><h2 id=\"h-ungroup-worksheets\" class=\"wp-block-heading\"> Desagrupar planilhas<\/h2><ol><li> Primeiro, clique com o bot\u00e3o direito em qualquer guia da planilha do grupo. <br><img decoding=\"async\" title=\"guias\" src=\"https:\/\/exceladvisor.org\/wp-content\/uploads\/2023\/08\/8-onglets-de-feuille-de-calcul-selectionnes.png\" sizes=\"\" srcset=\"\" alt=\"select-worksheet-tabs\"><\/li><li> Depois disso, voc\u00ea receber\u00e1 uma janela pop-up com diversas op\u00e7\u00f5es.<\/li><li> Agora escolha a op\u00e7\u00e3o <strong>\u201cDesagrupar planilhas\u201d<\/strong> . <br><img loading=\"lazy\" decoding=\"async\" title=\"g\" src=\"https:\/\/exceladvisor.org\/wp-content\/uploads\/2023\/08\/9-feuilles-de-degroupage.png\" sizes=\"auto, \" srcset=\"\" alt=\"ungroup-sheets\" width=\"295\" height=\"329\"><\/li><li> Finalmente, sua pasta de trabalho \u00e9 desagrupada. <br><img loading=\"lazy\" decoding=\"async\" title=\"beterraba\" src=\"https:\/\/exceladvisor.org\/wp-content\/uploads\/2023\/08\/10-feuilles-de-travail-non-groupees.png\" sizes=\"auto, \" srcset=\"\" alt=\"ungrouped-worksheets\" width=\"457\" height=\"236\"><\/li><\/ol><p class=\"mytip\"> Voc\u00ea tamb\u00e9m pode simplesmente clicar em qualquer guia da planilha fora do grupo e as guias agrupadas ser\u00e3o desagrupadas.<\/p><h2 id=\"h-how-to-find-if-worksheets-are-grouped-in-excel\" class=\"wp-block-heading\"> Como saber se as planilhas est\u00e3o agrupadas no Excel<\/h2><ol type=\"1\"><li> Voc\u00ea sempre encontrar\u00e1 a palavra \u201cGrupo\u201d no nome do arquivo se as planilhas estiverem agrupadas nesta pasta de trabalho.<\/li><li> Voc\u00ea encontrar\u00e1 a cor de fundo de todas as guias agrupadas em branco, a menos que ningu\u00e9m tenha alterado a cor da guia de uma planilha. <\/li><\/ol><div class=\"gb-container gb-container-3044ba66 gb-container-mt\"><p class=\"gb-headline gb-headline-b5bb6270 gb-headline-text\"> <strong><a href=\"https:\/\/exceladvisor.org\/pt\/nocoes-basicas-de-excel\/\">No\u00e7\u00f5es b\u00e1sicas do Excel<\/a><\/strong> \/ <strong><a href=\"https:\/\/exceladvisor.org\/pt\/planilha\/\" data-wpil=\"url\">planilha do Excel<\/a><\/strong><\/p><h2 class=\"gb-headline gb-headline-819d540d gb-headline-text gb-headline-mt-heading\"> Mais tutoriais <\/h2><div class=\"gb-grid-wrapper gb-grid-wrapper-7f3d805a gb-grid-wrapper-mt-grid\"><div class=\"gb-grid-column gb-grid-column-7495e031\"><div class=\"gb-container gb-container-7495e031\"><ul><li> <a href=\"https:\/\/exceladvisor.org\/pt\/consolidar\/\">Consolide dados de v\u00e1rias planilhas<\/a><\/li><li> <a href=\"https:\/\/exceladvisor.org\/pt\/renomear\/\">Renomear planilha no Excel<\/a><\/li><li> <a href=\"https:\/\/exceladvisor.org\/pt\/veja-lado-a-lado\/\">Visualize duas planilhas lado a lado no Excel<\/a><\/li><li> <a href=\"https:\/\/exceladvisor.org\/pt\/adicionar\/\">Adicionar uma planilha no Excel<\/a><\/li><li> <a href=\"https:\/\/exceladvisor.org\/pt\/alterar-a-cor-da-guia\/\">Alterar a cor da guia no Excel (guia da planilha)<\/a><\/li><\/ul><\/div><\/div><\/div><\/div>","protected":false},"excerpt":{"rendered":"","protected":false},"author":1,"featured_media":0,"parent":0,"menu_order":0,"comment_status":"open","ping_status":"closed","template":"","meta":{"ub_ctt_via":"","footnotes":""},"class_list":["post-354","page","type-page","status-publish","hentry"],"featured_image_src":null,"yoast_head":"<!-- This site is optimized with the Yoast SEO plugin v25.4 - https:\/\/yoast.com\/wordpress\/plugins\/seo\/ -->\n<title>Como agrupar e desagrupar planilhas no Excel?<\/title>\n<meta name=\"description\" content=\"O agrupamento de planilhas no Excel \u00e9 frequentemente usado quando voc\u00ea tem um conjunto de planilhas estruturadas em um...\" \/>\n<meta name=\"robots\" content=\"index, follow, max-snippet:-1, max-image-preview:large, max-video-preview:-1\" \/>\n<link rel=\"canonical\" href=\"https:\/\/exceladvisor.org\/pt\/grupo-1\/\" \/>\n<meta property=\"og:locale\" content=\"pt_PT\" \/>\n<meta property=\"og:type\" content=\"article\" \/>\n<meta property=\"og:title\" content=\"Como agrupar e desagrupar planilhas no Excel?\" \/>\n<meta property=\"og:description\" content=\"O agrupamento de planilhas no Excel \u00e9 frequentemente usado quando voc\u00ea tem um conjunto de planilhas estruturadas em um...\" \/>\n<meta property=\"og:url\" content=\"https:\/\/exceladvisor.org\/pt\/grupo-1\/\" \/>\n<meta property=\"og:site_name\" content=\"Excel Advisor\" \/>\n<meta property=\"article:modified_time\" content=\"2023-12-06T11:34:24+00:00\" \/>\n<meta property=\"og:image\" content=\"https:\/\/exceladvisor.org\/wp-content\/uploads\/2023\/08\/feuilles-de-groupe-exemple-excel.png\" \/>\n<meta name=\"twitter:card\" content=\"summary_large_image\" \/>\n<meta name=\"twitter:label1\" content=\"Tempo estimado de leitura\" \/>\n\t<meta name=\"twitter:data1\" content=\"2 minutos\" \/>\n<script type=\"application\/ld+json\" class=\"yoast-schema-graph\">{\"@context\":\"https:\/\/schema.org\",\"@graph\":[{\"@type\":\"WebPage\",\"@id\":\"https:\/\/exceladvisor.org\/pt\/grupo-1\/\",\"url\":\"https:\/\/exceladvisor.org\/pt\/grupo-1\/\",\"name\":\"Como agrupar e desagrupar planilhas no Excel?\",\"isPartOf\":{\"@id\":\"https:\/\/exceladvisor.org\/pt\/#website\"},\"primaryImageOfPage\":{\"@id\":\"https:\/\/exceladvisor.org\/pt\/grupo-1\/#primaryimage\"},\"image\":{\"@id\":\"https:\/\/exceladvisor.org\/pt\/grupo-1\/#primaryimage\"},\"thumbnailUrl\":\"https:\/\/exceladvisor.org\/wp-content\/uploads\/2023\/08\/feuilles-de-groupe-exemple-excel.png\",\"datePublished\":\"2023-10-31T23:56:12+00:00\",\"dateModified\":\"2023-12-06T11:34:24+00:00\",\"description\":\"O agrupamento de planilhas no Excel \u00e9 frequentemente usado quando voc\u00ea tem um conjunto de planilhas estruturadas em um...\",\"breadcrumb\":{\"@id\":\"https:\/\/exceladvisor.org\/pt\/grupo-1\/#breadcrumb\"},\"inLanguage\":\"pt-PT\",\"potentialAction\":[{\"@type\":\"ReadAction\",\"target\":[\"https:\/\/exceladvisor.org\/pt\/grupo-1\/\"]}]},{\"@type\":\"ImageObject\",\"inLanguage\":\"pt-PT\",\"@id\":\"https:\/\/exceladvisor.org\/pt\/grupo-1\/#primaryimage\",\"url\":\"https:\/\/exceladvisor.org\/wp-content\/uploads\/2023\/08\/feuilles-de-groupe-exemple-excel.png\",\"contentUrl\":\"https:\/\/exceladvisor.org\/wp-content\/uploads\/2023\/08\/feuilles-de-groupe-exemple-excel.png\"},{\"@type\":\"BreadcrumbList\",\"@id\":\"https:\/\/exceladvisor.org\/pt\/grupo-1\/#breadcrumb\",\"itemListElement\":[{\"@type\":\"ListItem\",\"position\":1,\"name\":\"Lar\",\"item\":\"https:\/\/exceladvisor.org\/pt\/\"},{\"@type\":\"ListItem\",\"position\":2,\"name\":\"Como agrupar\/desagrupar planilhas?\"}]},{\"@type\":\"WebSite\",\"@id\":\"https:\/\/exceladvisor.org\/pt\/#website\",\"url\":\"https:\/\/exceladvisor.org\/pt\/\",\"name\":\"Excel Advisor\",\"description\":\"O seu guia definitivo para dominar os dados!\",\"publisher\":{\"@id\":\"https:\/\/exceladvisor.org\/pt\/#organization\"},\"potentialAction\":[{\"@type\":\"SearchAction\",\"target\":{\"@type\":\"EntryPoint\",\"urlTemplate\":\"https:\/\/exceladvisor.org\/pt\/?s={search_term_string}\"},\"query-input\":{\"@type\":\"PropertyValueSpecification\",\"valueRequired\":true,\"valueName\":\"search_term_string\"}}],\"inLanguage\":\"pt-PT\"},{\"@type\":\"Organization\",\"@id\":\"https:\/\/exceladvisor.org\/pt\/#organization\",\"name\":\"Excel Advisor\",\"url\":\"https:\/\/exceladvisor.org\/pt\/\",\"logo\":{\"@type\":\"ImageObject\",\"inLanguage\":\"pt-PT\",\"@id\":\"https:\/\/exceladvisor.org\/pt\/#\/schema\/logo\/image\/\",\"url\":\"https:\/\/exceladvisor.org\/pt\/wp-content\/uploads\/2023\/12\/exceladvisor.org_.png\",\"contentUrl\":\"https:\/\/exceladvisor.org\/pt\/wp-content\/uploads\/2023\/12\/exceladvisor.org_.png\",\"width\":105,\"height\":36,\"caption\":\"Excel Advisor\"},\"image\":{\"@id\":\"https:\/\/exceladvisor.org\/pt\/#\/schema\/logo\/image\/\"}}]}<\/script>\n<!-- \/ Yoast SEO plugin. -->","yoast_head_json":{"title":"Como agrupar e desagrupar planilhas no Excel?","description":"O agrupamento de planilhas no Excel \u00e9 frequentemente usado quando voc\u00ea tem um conjunto de planilhas estruturadas em um...","robots":{"index":"index","follow":"follow","max-snippet":"max-snippet:-1","max-image-preview":"max-image-preview:large","max-video-preview":"max-video-preview:-1"},"canonical":"https:\/\/exceladvisor.org\/pt\/grupo-1\/","og_locale":"pt_PT","og_type":"article","og_title":"Como agrupar e desagrupar planilhas no Excel?","og_description":"O agrupamento de planilhas no Excel \u00e9 frequentemente usado quando voc\u00ea tem um conjunto de planilhas estruturadas em um...","og_url":"https:\/\/exceladvisor.org\/pt\/grupo-1\/","og_site_name":"Excel Advisor","article_modified_time":"2023-12-06T11:34:24+00:00","og_image":[{"url":"https:\/\/exceladvisor.org\/wp-content\/uploads\/2023\/08\/feuilles-de-groupe-exemple-excel.png","type":"","width":"","height":""}],"twitter_card":"summary_large_image","twitter_misc":{"Tempo estimado de leitura":"2 minutos"},"schema":{"@context":"https:\/\/schema.org","@graph":[{"@type":"WebPage","@id":"https:\/\/exceladvisor.org\/pt\/grupo-1\/","url":"https:\/\/exceladvisor.org\/pt\/grupo-1\/","name":"Como agrupar e desagrupar planilhas no Excel?","isPartOf":{"@id":"https:\/\/exceladvisor.org\/pt\/#website"},"primaryImageOfPage":{"@id":"https:\/\/exceladvisor.org\/pt\/grupo-1\/#primaryimage"},"image":{"@id":"https:\/\/exceladvisor.org\/pt\/grupo-1\/#primaryimage"},"thumbnailUrl":"https:\/\/exceladvisor.org\/wp-content\/uploads\/2023\/08\/feuilles-de-groupe-exemple-excel.png","datePublished":"2023-10-31T23:56:12+00:00","dateModified":"2023-12-06T11:34:24+00:00","description":"O agrupamento de planilhas no Excel \u00e9 frequentemente usado quando voc\u00ea tem um conjunto de planilhas estruturadas em um...","breadcrumb":{"@id":"https:\/\/exceladvisor.org\/pt\/grupo-1\/#breadcrumb"},"inLanguage":"pt-PT","potentialAction":[{"@type":"ReadAction","target":["https:\/\/exceladvisor.org\/pt\/grupo-1\/"]}]},{"@type":"ImageObject","inLanguage":"pt-PT","@id":"https:\/\/exceladvisor.org\/pt\/grupo-1\/#primaryimage","url":"https:\/\/exceladvisor.org\/wp-content\/uploads\/2023\/08\/feuilles-de-groupe-exemple-excel.png","contentUrl":"https:\/\/exceladvisor.org\/wp-content\/uploads\/2023\/08\/feuilles-de-groupe-exemple-excel.png"},{"@type":"BreadcrumbList","@id":"https:\/\/exceladvisor.org\/pt\/grupo-1\/#breadcrumb","itemListElement":[{"@type":"ListItem","position":1,"name":"Lar","item":"https:\/\/exceladvisor.org\/pt\/"},{"@type":"ListItem","position":2,"name":"Como agrupar\/desagrupar planilhas?"}]},{"@type":"WebSite","@id":"https:\/\/exceladvisor.org\/pt\/#website","url":"https:\/\/exceladvisor.org\/pt\/","name":"Excel Advisor","description":"O seu guia definitivo para dominar os dados!","publisher":{"@id":"https:\/\/exceladvisor.org\/pt\/#organization"},"potentialAction":[{"@type":"SearchAction","target":{"@type":"EntryPoint","urlTemplate":"https:\/\/exceladvisor.org\/pt\/?s={search_term_string}"},"query-input":{"@type":"PropertyValueSpecification","valueRequired":true,"valueName":"search_term_string"}}],"inLanguage":"pt-PT"},{"@type":"Organization","@id":"https:\/\/exceladvisor.org\/pt\/#organization","name":"Excel Advisor","url":"https:\/\/exceladvisor.org\/pt\/","logo":{"@type":"ImageObject","inLanguage":"pt-PT","@id":"https:\/\/exceladvisor.org\/pt\/#\/schema\/logo\/image\/","url":"https:\/\/exceladvisor.org\/pt\/wp-content\/uploads\/2023\/12\/exceladvisor.org_.png","contentUrl":"https:\/\/exceladvisor.org\/pt\/wp-content\/uploads\/2023\/12\/exceladvisor.org_.png","width":105,"height":36,"caption":"Excel Advisor"},"image":{"@id":"https:\/\/exceladvisor.org\/pt\/#\/schema\/logo\/image\/"}}]}},"yoast_meta":{"yoast_wpseo_title":"","yoast_wpseo_metadesc":"","yoast_wpseo_canonical":""},"_links":{"self":[{"href":"https:\/\/exceladvisor.org\/pt\/wp-json\/wp\/v2\/pages\/354","targetHints":{"allow":["GET"]}}],"collection":[{"href":"https:\/\/exceladvisor.org\/pt\/wp-json\/wp\/v2\/pages"}],"about":[{"href":"https:\/\/exceladvisor.org\/pt\/wp-json\/wp\/v2\/types\/page"}],"author":[{"embeddable":true,"href":"https:\/\/exceladvisor.org\/pt\/wp-json\/wp\/v2\/users\/1"}],"replies":[{"embeddable":true,"href":"https:\/\/exceladvisor.org\/pt\/wp-json\/wp\/v2\/comments?post=354"}],"version-history":[{"count":1,"href":"https:\/\/exceladvisor.org\/pt\/wp-json\/wp\/v2\/pages\/354\/revisions"}],"predecessor-version":[{"id":822,"href":"https:\/\/exceladvisor.org\/pt\/wp-json\/wp\/v2\/pages\/354\/revisions\/822"}],"wp:attachment":[{"href":"https:\/\/exceladvisor.org\/pt\/wp-json\/wp\/v2\/media?parent=354"}],"curies":[{"name":"wp","href":"https:\/\/api.w.org\/{rel}","templated":true}]}}