{"id":355,"date":"2023-10-31T23:27:44","date_gmt":"2023-10-31T23:27:44","guid":{"rendered":"https:\/\/exceladvisor.org\/pt\/veja-lado-a-lado\/"},"modified":"2023-12-06T11:50:32","modified_gmt":"2023-12-06T11:50:32","slug":"veja-lado-a-lado","status":"publish","type":"page","link":"https:\/\/exceladvisor.org\/pt\/veja-lado-a-lado\/","title":{"rendered":"Como visualizar duas planilhas lado a lado no excel"},"content":{"rendered":"<div class=\"excel-before-content-2\" id=\"excel-3183395797\"><script type=\"text\/javascript\">\r\n\tatOptions = {\r\n\t\t'key' : 'c1158f160081d6540a8409e6925dab94',\r\n\t\t'format' : 'iframe',\r\n\t\t'height' : 250,\r\n\t\t'width' : 300,\r\n\t\t'params' : {}\r\n\t};\r\n<\/script>\r\n<script type=\"text\/javascript\" src=\"\/\/www.highperformanceformat.com\/c1158f160081d6540a8409e6925dab94\/invoke.js\"><\/script><\/div><div class=\"excel-before-content\" id=\"excel-1465461564\"><script type=\"text\/javascript\">\r\n\tatOptions = {\r\n\t\t'key' : 'c1158f160081d6540a8409e6925dab94',\r\n\t\t'format' : 'iframe',\r\n\t\t'height' : 250,\r\n\t\t'width' : 300,\r\n\t\t'params' : {}\r\n\t};\r\n<\/script>\r\n<script type=\"text\/javascript\" src=\"\/\/www.highperformanceformat.com\/c1158f160081d6540a8409e6925dab94\/invoke.js\"><\/script><\/div> <p>O Excel possui um recurso para dividir e comparar duas planilhas da mesma pasta de trabalho ou de pastas de trabalho diferentes e, com a ajuda disso, os usu\u00e1rios podem comparar rapidamente os dados dessas planilhas sem alternar entre elas repetidamente.<\/p><p> Os usu\u00e1rios tamb\u00e9m podem sincronizar a rolagem entre essas planilhas, tornando a compara\u00e7\u00e3o muito r\u00e1pida e f\u00e1cil.<\/p><p> Mencionamos algumas etapas r\u00e1pidas e f\u00e1ceis para dividir duas ou mais planilhas da mesma pasta de trabalho ou de pastas de trabalho diferentes.<\/p><h2 id=\"h-split-and-view-two-sheets-side-by-side-of-the-same-workbook\" class=\"wp-block-heading\">Divida e exiba duas planilhas lado a lado da mesma pasta de trabalho<\/h2><ol><li> Primeiro, v\u00e1 para a guia \u201cExibir\u201d e clique no \u00edcone \u201cNova janela\u201d no grupo \u201cJanela\u201d na faixa de op\u00e7\u00f5es. <br><img loading=\"lazy\" decoding=\"async\" title=\"\u00cdcone de 1 nova janela\" src=\"https:\/\/exceladvisor.org\/wp-content\/uploads\/2023\/08\/1-nouvelle-icone-de-fenetre.png\" sizes=\"auto, \" srcset=\"\" alt=\"new-window-icon\" width=\"495\" height=\"116\"><\/li><li> Quantas vezes voc\u00ea clicar em \u201cNova Janela\u201d, voc\u00ea obter\u00e1 as c\u00f3pias da pasta de trabalho atualmente aberta.<\/li><li> O Excel adiciona automaticamente n\u00fameros como 1, 2, 3, etc. no final do nome das pastas de trabalho copiadas. <br><img loading=\"lazy\" decoding=\"async\" title=\"Fich\u00e1rio de 2 c\u00f3pias\" src=\"https:\/\/exceladvisor.org\/wp-content\/uploads\/2023\/08\/2-cahiers-copies.png\" sizes=\"auto, \" srcset=\"\" alt=\"copied-workbook\" width=\"783\" height=\"152\"><\/li><li> Depois disso, clique no \u00edcone \u201cOrganizar tudo\u201d no grupo \u201cJanela\u201d da faixa de op\u00e7\u00f5es.<\/li><li> Agora, selecione a visualiza\u00e7\u00e3o de tela dividida (lado a lado, horizontal, vertical, cascata) na lista suspensa e clique em OK.<\/li><li> A op\u00e7\u00e3o \u201cJanelas de pasta de trabalho ativas\u201d deve sempre ser marcada ao dividir planilhas na mesma pasta de trabalho. <br><img loading=\"lazy\" decoding=\"async\" title=\"3-reordenar todos os \u00edcones\" src=\"https:\/\/exceladvisor.org\/wp-content\/uploads\/2023\/08\/3-organiser-toutes-les-icones.png\" sizes=\"auto, \" srcset=\"\" alt=\"arrange-all-icon\" width=\"330\" height=\"306\"><\/li><li> Neste ponto, sua pasta de trabalho atual est\u00e1 dividida em duas partes.<\/li><li> Para alternar planilhas entre essas duas, basta clicar na guia da planilha que deseja visualizar para compara\u00e7\u00e3o. <br><img loading=\"lazy\" decoding=\"async\" title=\"4 planilhas divididas\" src=\"https:\/\/exceladvisor.org\/wp-content\/uploads\/2023\/08\/4-feuilles-de-travail-divisees.png\" sizes=\"auto, \" srcset=\"\" alt=\"worksheets-split\" width=\"1152\" height=\"332\"><\/li><\/ol><p> Os usu\u00e1rios podem dividir mais de duas pastas de trabalho ao mesmo tempo simplesmente criando mais c\u00f3pias da pasta de trabalho no \u00edcone \u201cNova Janela\u201d no grupo \u201cJanela\u201d na faixa de op\u00e7\u00f5es. <\/p><h2 id=\"h-split-and-view-two-sheets-side-by-side-of-the-different-workbooks\" class=\"wp-block-heading\"> Divida e exiba duas planilhas lado a lado de pastas de trabalho diferentes<\/h2><ol><li> Primeiro, abra as pastas de trabalho que deseja dividir e compare.<\/li><li> Depois disso, v\u00e1 para a guia \u201cExibir\u201d e clique no \u00edcone \u201cOrganizar tudo\u201d no grupo \u201cJanela\u201d da faixa de op\u00e7\u00f5es.<\/li><li> Agora selecione a visualiza\u00e7\u00e3o de tela dividida (lado a lado, horizontal, vertical, cascata) na lista suspensa.<\/li><li> Ao final, desmarque a op\u00e7\u00e3o \u201cWindows na pasta de trabalho ativa\u201d e clique em OK. <br><img loading=\"lazy\" decoding=\"async\" title=\"5-organizar tudo suspenso\" src=\"https:\/\/exceladvisor.org\/wp-content\/uploads\/2023\/08\/5-organiser-tous-les-menus-deroulants.png\" sizes=\"auto, \" srcset=\"\" alt=\"arrange-all-dropdown\" width=\"348\" height=\"324\"><\/li><li> Neste ponto, suas pastas de trabalho abertas est\u00e3o divididas em duas partes. <\/li><\/ol><h2 id=\"h-synchronous-scrolling-between-the-sheets-of-the-same-or-different-workbooks\" class=\"wp-block-heading\"> Rolagem s\u00edncrona entre planilhas na mesma pasta de trabalho ou em pastas de trabalho diferentes<\/h2><p> O recurso de rolagem s\u00edncrona permite que os usu\u00e1rios rolem planilhas entre duas pastas de trabalho ao mesmo tempo usando visualiza\u00e7\u00f5es em tela dividida.<\/p><ol><li> Primeiro, v\u00e1 para a guia \u201cExibir\u201d e clique no \u00edcone \u201cMostrar lado a lado\u201d no grupo \u201cJanela\u201d na faixa de op\u00e7\u00f5es.<\/li><li> Agora, selecione a pasta de trabalho na lista suspensa que deseja comparar no modo de tela dividida e clique em OK. <br><img loading=\"lazy\" decoding=\"async\" title=\"Op\u00e7\u00e3o 6 visualiza\u00e7\u00f5es lado a lado\" src=\"https:\/\/exceladvisor.org\/wp-content\/uploads\/2023\/08\/Option-6-vues-cote-a-cote.png\" sizes=\"auto, \" srcset=\"\" alt=\"view-side-by-side-option\" width=\"470\" height=\"338\"><\/li><li> Depois de clicar em OK, voc\u00ea obter\u00e1 as pastas de trabalho no modo spit e a rolagem s\u00edncrona ser\u00e1 habilitada por padr\u00e3o para as planilhas no modo de tela dividida. <br><img loading=\"lazy\" decoding=\"async\" title=\"Op\u00e7\u00e3o de rolagem 7 s\u00edncrona\" src=\"https:\/\/exceladvisor.org\/wp-content\/uploads\/2023\/08\/7-option-de-defilement-synchrone.png\" sizes=\"auto, \" srcset=\"\" alt=\"synchronous-scrolling-option\" width=\"557\" height=\"119\"><\/li><\/ol><div class=\"gb-container gb-container-3044ba66 gb-container-mt\"><p class=\"gb-headline gb-headline-b5bb6270 gb-headline-text\"> <strong><a href=\"https:\/\/exceladvisor.org\/pt\/nocoes-basicas-de-excel\/\">No\u00e7\u00f5es b\u00e1sicas do Excel<\/a><\/strong> \/ <strong><a href=\"https:\/\/exceladvisor.org\/pt\/planilha\/\" data-wpil=\"url\">planilha do Excel<\/a><\/strong><\/p><h2 class=\"gb-headline gb-headline-819d540d gb-headline-text gb-headline-mt-heading\"> Mais tutoriais <\/h2><div class=\"gb-grid-wrapper gb-grid-wrapper-7f3d805a gb-grid-wrapper-mt-grid\"><div class=\"gb-grid-column gb-grid-column-7495e031\"><div class=\"gb-container gb-container-7495e031\"><ul><li> <a href=\"https:\/\/exceladvisor.org\/pt\/consolidar\/\">Consolide dados de v\u00e1rias planilhas<\/a><\/li><li> <a href=\"https:\/\/exceladvisor.org\/pt\/renomear\/\">Renomear planilha no Excel<\/a><\/li><li> <a href=\"https:\/\/exceladvisor.org\/pt\/grupo-1\/\">Planilhas de grupo no Excel<\/a><\/li><li> <a href=\"https:\/\/exceladvisor.org\/pt\/adicionar\/\">Adicionar uma planilha no Excel<\/a><\/li><li> <a href=\"https:\/\/exceladvisor.org\/pt\/alterar-a-cor-da-guia\/\">Alterar a cor da guia no Excel (guia da planilha)<\/a><\/li><\/ul><\/div><\/div><\/div><\/div>","protected":false},"excerpt":{"rendered":"","protected":false},"author":1,"featured_media":0,"parent":0,"menu_order":0,"comment_status":"open","ping_status":"closed","template":"","meta":{"ub_ctt_via":"","footnotes":""},"class_list":["post-355","page","type-page","status-publish","hentry"],"featured_image_src":null,"yoast_head":"<!-- This site is optimized with the Yoast SEO plugin v25.4 - https:\/\/yoast.com\/wordpress\/plugins\/seo\/ -->\n<title>Como visualizar duas planilhas lado a lado no Excel<\/title>\n<meta name=\"description\" content=\"Neste tutorial, voc\u00ea aprender\u00e1 como visualizar duas planilhas lado a lado em uma \u00fanica pasta de trabalho, bem como em pastas de trabalho diferentes.\" \/>\n<meta name=\"robots\" content=\"index, follow, max-snippet:-1, max-image-preview:large, max-video-preview:-1\" \/>\n<link rel=\"canonical\" href=\"https:\/\/exceladvisor.org\/pt\/veja-lado-a-lado\/\" \/>\n<meta property=\"og:locale\" content=\"pt_PT\" \/>\n<meta property=\"og:type\" content=\"article\" \/>\n<meta property=\"og:title\" content=\"Como visualizar duas planilhas lado a lado no Excel\" \/>\n<meta property=\"og:description\" content=\"Neste tutorial, voc\u00ea aprender\u00e1 como visualizar duas planilhas lado a lado em uma \u00fanica pasta de trabalho, bem como em pastas de trabalho diferentes.\" \/>\n<meta property=\"og:url\" content=\"https:\/\/exceladvisor.org\/pt\/veja-lado-a-lado\/\" \/>\n<meta property=\"og:site_name\" content=\"Excel Advisor\" \/>\n<meta property=\"article:modified_time\" content=\"2023-12-06T11:50:32+00:00\" \/>\n<meta property=\"og:image\" content=\"https:\/\/exceladvisor.org\/wp-content\/uploads\/2023\/08\/1-nouvelle-icone-de-fenetre.png\" \/>\n<meta name=\"twitter:card\" content=\"summary_large_image\" \/>\n<meta name=\"twitter:label1\" content=\"Tempo estimado de leitura\" \/>\n\t<meta name=\"twitter:data1\" content=\"3 minutos\" \/>\n<script type=\"application\/ld+json\" class=\"yoast-schema-graph\">{\"@context\":\"https:\/\/schema.org\",\"@graph\":[{\"@type\":\"WebPage\",\"@id\":\"https:\/\/exceladvisor.org\/pt\/veja-lado-a-lado\/\",\"url\":\"https:\/\/exceladvisor.org\/pt\/veja-lado-a-lado\/\",\"name\":\"Como visualizar duas planilhas lado a lado no Excel\",\"isPartOf\":{\"@id\":\"https:\/\/exceladvisor.org\/pt\/#website\"},\"primaryImageOfPage\":{\"@id\":\"https:\/\/exceladvisor.org\/pt\/veja-lado-a-lado\/#primaryimage\"},\"image\":{\"@id\":\"https:\/\/exceladvisor.org\/pt\/veja-lado-a-lado\/#primaryimage\"},\"thumbnailUrl\":\"https:\/\/exceladvisor.org\/wp-content\/uploads\/2023\/08\/1-nouvelle-icone-de-fenetre.png\",\"datePublished\":\"2023-10-31T23:27:44+00:00\",\"dateModified\":\"2023-12-06T11:50:32+00:00\",\"description\":\"Neste tutorial, voc\u00ea aprender\u00e1 como visualizar duas planilhas lado a lado em uma \u00fanica pasta de trabalho, bem como em pastas de trabalho diferentes.\",\"breadcrumb\":{\"@id\":\"https:\/\/exceladvisor.org\/pt\/veja-lado-a-lado\/#breadcrumb\"},\"inLanguage\":\"pt-PT\",\"potentialAction\":[{\"@type\":\"ReadAction\",\"target\":[\"https:\/\/exceladvisor.org\/pt\/veja-lado-a-lado\/\"]}]},{\"@type\":\"ImageObject\",\"inLanguage\":\"pt-PT\",\"@id\":\"https:\/\/exceladvisor.org\/pt\/veja-lado-a-lado\/#primaryimage\",\"url\":\"https:\/\/exceladvisor.org\/wp-content\/uploads\/2023\/08\/1-nouvelle-icone-de-fenetre.png\",\"contentUrl\":\"https:\/\/exceladvisor.org\/wp-content\/uploads\/2023\/08\/1-nouvelle-icone-de-fenetre.png\"},{\"@type\":\"BreadcrumbList\",\"@id\":\"https:\/\/exceladvisor.org\/pt\/veja-lado-a-lado\/#breadcrumb\",\"itemListElement\":[{\"@type\":\"ListItem\",\"position\":1,\"name\":\"Lar\",\"item\":\"https:\/\/exceladvisor.org\/pt\/\"},{\"@type\":\"ListItem\",\"position\":2,\"name\":\"Como visualizar duas planilhas lado a lado no excel\"}]},{\"@type\":\"WebSite\",\"@id\":\"https:\/\/exceladvisor.org\/pt\/#website\",\"url\":\"https:\/\/exceladvisor.org\/pt\/\",\"name\":\"Excel Advisor\",\"description\":\"O seu guia definitivo para dominar os dados!\",\"publisher\":{\"@id\":\"https:\/\/exceladvisor.org\/pt\/#organization\"},\"potentialAction\":[{\"@type\":\"SearchAction\",\"target\":{\"@type\":\"EntryPoint\",\"urlTemplate\":\"https:\/\/exceladvisor.org\/pt\/?s={search_term_string}\"},\"query-input\":{\"@type\":\"PropertyValueSpecification\",\"valueRequired\":true,\"valueName\":\"search_term_string\"}}],\"inLanguage\":\"pt-PT\"},{\"@type\":\"Organization\",\"@id\":\"https:\/\/exceladvisor.org\/pt\/#organization\",\"name\":\"Excel Advisor\",\"url\":\"https:\/\/exceladvisor.org\/pt\/\",\"logo\":{\"@type\":\"ImageObject\",\"inLanguage\":\"pt-PT\",\"@id\":\"https:\/\/exceladvisor.org\/pt\/#\/schema\/logo\/image\/\",\"url\":\"https:\/\/exceladvisor.org\/pt\/wp-content\/uploads\/2023\/12\/exceladvisor.org_.png\",\"contentUrl\":\"https:\/\/exceladvisor.org\/pt\/wp-content\/uploads\/2023\/12\/exceladvisor.org_.png\",\"width\":105,\"height\":36,\"caption\":\"Excel Advisor\"},\"image\":{\"@id\":\"https:\/\/exceladvisor.org\/pt\/#\/schema\/logo\/image\/\"}}]}<\/script>\n<!-- \/ Yoast SEO plugin. -->","yoast_head_json":{"title":"Como visualizar duas planilhas lado a lado no Excel","description":"Neste tutorial, voc\u00ea aprender\u00e1 como visualizar duas planilhas lado a lado em uma \u00fanica pasta de trabalho, bem como em pastas de trabalho diferentes.","robots":{"index":"index","follow":"follow","max-snippet":"max-snippet:-1","max-image-preview":"max-image-preview:large","max-video-preview":"max-video-preview:-1"},"canonical":"https:\/\/exceladvisor.org\/pt\/veja-lado-a-lado\/","og_locale":"pt_PT","og_type":"article","og_title":"Como visualizar duas planilhas lado a lado no Excel","og_description":"Neste tutorial, voc\u00ea aprender\u00e1 como visualizar duas planilhas lado a lado em uma \u00fanica pasta de trabalho, bem como em pastas de trabalho diferentes.","og_url":"https:\/\/exceladvisor.org\/pt\/veja-lado-a-lado\/","og_site_name":"Excel Advisor","article_modified_time":"2023-12-06T11:50:32+00:00","og_image":[{"url":"https:\/\/exceladvisor.org\/wp-content\/uploads\/2023\/08\/1-nouvelle-icone-de-fenetre.png","type":"","width":"","height":""}],"twitter_card":"summary_large_image","twitter_misc":{"Tempo estimado de leitura":"3 minutos"},"schema":{"@context":"https:\/\/schema.org","@graph":[{"@type":"WebPage","@id":"https:\/\/exceladvisor.org\/pt\/veja-lado-a-lado\/","url":"https:\/\/exceladvisor.org\/pt\/veja-lado-a-lado\/","name":"Como visualizar duas planilhas lado a lado no Excel","isPartOf":{"@id":"https:\/\/exceladvisor.org\/pt\/#website"},"primaryImageOfPage":{"@id":"https:\/\/exceladvisor.org\/pt\/veja-lado-a-lado\/#primaryimage"},"image":{"@id":"https:\/\/exceladvisor.org\/pt\/veja-lado-a-lado\/#primaryimage"},"thumbnailUrl":"https:\/\/exceladvisor.org\/wp-content\/uploads\/2023\/08\/1-nouvelle-icone-de-fenetre.png","datePublished":"2023-10-31T23:27:44+00:00","dateModified":"2023-12-06T11:50:32+00:00","description":"Neste tutorial, voc\u00ea aprender\u00e1 como visualizar duas planilhas lado a lado em uma \u00fanica pasta de trabalho, bem como em pastas de trabalho diferentes.","breadcrumb":{"@id":"https:\/\/exceladvisor.org\/pt\/veja-lado-a-lado\/#breadcrumb"},"inLanguage":"pt-PT","potentialAction":[{"@type":"ReadAction","target":["https:\/\/exceladvisor.org\/pt\/veja-lado-a-lado\/"]}]},{"@type":"ImageObject","inLanguage":"pt-PT","@id":"https:\/\/exceladvisor.org\/pt\/veja-lado-a-lado\/#primaryimage","url":"https:\/\/exceladvisor.org\/wp-content\/uploads\/2023\/08\/1-nouvelle-icone-de-fenetre.png","contentUrl":"https:\/\/exceladvisor.org\/wp-content\/uploads\/2023\/08\/1-nouvelle-icone-de-fenetre.png"},{"@type":"BreadcrumbList","@id":"https:\/\/exceladvisor.org\/pt\/veja-lado-a-lado\/#breadcrumb","itemListElement":[{"@type":"ListItem","position":1,"name":"Lar","item":"https:\/\/exceladvisor.org\/pt\/"},{"@type":"ListItem","position":2,"name":"Como visualizar duas planilhas lado a lado no excel"}]},{"@type":"WebSite","@id":"https:\/\/exceladvisor.org\/pt\/#website","url":"https:\/\/exceladvisor.org\/pt\/","name":"Excel Advisor","description":"O seu guia definitivo para dominar os dados!","publisher":{"@id":"https:\/\/exceladvisor.org\/pt\/#organization"},"potentialAction":[{"@type":"SearchAction","target":{"@type":"EntryPoint","urlTemplate":"https:\/\/exceladvisor.org\/pt\/?s={search_term_string}"},"query-input":{"@type":"PropertyValueSpecification","valueRequired":true,"valueName":"search_term_string"}}],"inLanguage":"pt-PT"},{"@type":"Organization","@id":"https:\/\/exceladvisor.org\/pt\/#organization","name":"Excel Advisor","url":"https:\/\/exceladvisor.org\/pt\/","logo":{"@type":"ImageObject","inLanguage":"pt-PT","@id":"https:\/\/exceladvisor.org\/pt\/#\/schema\/logo\/image\/","url":"https:\/\/exceladvisor.org\/pt\/wp-content\/uploads\/2023\/12\/exceladvisor.org_.png","contentUrl":"https:\/\/exceladvisor.org\/pt\/wp-content\/uploads\/2023\/12\/exceladvisor.org_.png","width":105,"height":36,"caption":"Excel Advisor"},"image":{"@id":"https:\/\/exceladvisor.org\/pt\/#\/schema\/logo\/image\/"}}]}},"yoast_meta":{"yoast_wpseo_title":"","yoast_wpseo_metadesc":"","yoast_wpseo_canonical":""},"_links":{"self":[{"href":"https:\/\/exceladvisor.org\/pt\/wp-json\/wp\/v2\/pages\/355","targetHints":{"allow":["GET"]}}],"collection":[{"href":"https:\/\/exceladvisor.org\/pt\/wp-json\/wp\/v2\/pages"}],"about":[{"href":"https:\/\/exceladvisor.org\/pt\/wp-json\/wp\/v2\/types\/page"}],"author":[{"embeddable":true,"href":"https:\/\/exceladvisor.org\/pt\/wp-json\/wp\/v2\/users\/1"}],"replies":[{"embeddable":true,"href":"https:\/\/exceladvisor.org\/pt\/wp-json\/wp\/v2\/comments?post=355"}],"version-history":[{"count":1,"href":"https:\/\/exceladvisor.org\/pt\/wp-json\/wp\/v2\/pages\/355\/revisions"}],"predecessor-version":[{"id":1400,"href":"https:\/\/exceladvisor.org\/pt\/wp-json\/wp\/v2\/pages\/355\/revisions\/1400"}],"wp:attachment":[{"href":"https:\/\/exceladvisor.org\/pt\/wp-json\/wp\/v2\/media?parent=355"}],"curies":[{"name":"wp","href":"https:\/\/api.w.org\/{rel}","templated":true}]}}