{"id":356,"date":"2023-10-31T23:04:24","date_gmt":"2023-10-31T23:04:24","guid":{"rendered":"https:\/\/exceladvisor.org\/pt\/renomear\/"},"modified":"2023-12-06T11:42:04","modified_gmt":"2023-12-06T11:42:04","slug":"renomear","status":"publish","type":"page","link":"https:\/\/exceladvisor.org\/pt\/renomear\/","title":{"rendered":"Como renomear uma planilha no excel?"},"content":{"rendered":"<div class=\"excel-before-content-2\" id=\"excel-1406302233\"><script type=\"text\/javascript\">\r\n\tatOptions = {\r\n\t\t'key' : 'c1158f160081d6540a8409e6925dab94',\r\n\t\t'format' : 'iframe',\r\n\t\t'height' : 250,\r\n\t\t'width' : 300,\r\n\t\t'params' : {}\r\n\t};\r\n<\/script>\r\n<script type=\"text\/javascript\" src=\"\/\/www.highperformanceformat.com\/c1158f160081d6540a8409e6925dab94\/invoke.js\"><\/script><\/div><div class=\"excel-before-content\" id=\"excel-3416322004\"><script type=\"text\/javascript\">\r\n\tatOptions = {\r\n\t\t'key' : 'c1158f160081d6540a8409e6925dab94',\r\n\t\t'format' : 'iframe',\r\n\t\t'height' : 250,\r\n\t\t'width' : 300,\r\n\t\t'params' : {}\r\n\t};\r\n<\/script>\r\n<script type=\"text\/javascript\" src=\"\/\/www.highperformanceformat.com\/c1158f160081d6540a8409e6925dab94\/invoke.js\"><\/script><\/div> <p>No Excel existem v\u00e1rias maneiras de renomear uma planilha e neste tutorial aprenderemos todos esses m\u00e9todos.<\/p><h2 id=\"h-rename-a-sheet-from-option-menu\" class=\"wp-block-heading\"> Renomeie uma planilha no menu de op\u00e7\u00f5es<\/h2><p> O m\u00e9todo padr\u00e3o para renomear uma planilha \u00e9 usar o menu de op\u00e7\u00f5es do bot\u00e3o direito. Veja as etapas abaixo: <\/p><div class=\"wp-block-image\"><figure class=\"aligncenter size-full is-resized\"><img loading=\"lazy\" decoding=\"async\" class=\"wp-image-61147\" src=\"https:\/\/exceladvisor.org\/wp-content\/uploads\/2023\/08\/1-renommer-la-feuille-a-partir-du-menu-doptions.png\" sizes=\"auto, \" srcset=\"\" alt=\"renomear planilha do menu de op\u00e7\u00f5es\" width=\"347\" height=\"407\"><\/figure><\/div><ol type=\"1\"><li> Primeiro, ative a planilha que deseja renomear.<\/li><li> Em seguida, clique com o bot\u00e3o direito na guia da planilha.<\/li><li> Depois disso, clique na op\u00e7\u00e3o \u201cRenomear\u201d da lista de op\u00e7\u00f5es.<\/li><li> Agora exclua o nome antigo e digite o novo nome que deseja corrigir.<\/li><li> No final, pressione Enter.<\/li><\/ol><h2 id=\"h-keyboard-shortcut-to-rename-a-sheet\" class=\"wp-block-heading\"> Atalho de teclado para renomear uma planilha<\/h2><p> H\u00e1 tamb\u00e9m um atalho de teclado que voc\u00ea pode usar para renomear uma planilha no Excel. Para usar este atalho de teclado, voc\u00ea deve primeiro ativar a planilha que deseja renomear e depois pressionar as seguintes teclas:<\/p><p> <kbd>Alt \u21e2 H \u21e2 O \u21e2 R<\/kbd> <\/p><div class=\"wp-block-image\"><figure class=\"aligncenter size-full is-resized\"><img loading=\"lazy\" decoding=\"async\" class=\"wp-image-61148\" src=\"https:\/\/exceladvisor.org\/wp-content\/uploads\/2023\/08\/2-raccourci-clavier-pour-renommer-la-feuille.png\" sizes=\"auto, \" srcset=\"\" alt=\"atalho de teclado para renomear planilha\" width=\"903\" height=\"210\"><\/figure><\/div><p> Quando voc\u00ea pressiona esta tecla de atalho, o nome da planilha \u00e9 alterado. Voc\u00ea pode ent\u00e3o digitar o novo nome que deseja especificar e pressionar Enter.<\/p><h2 id=\"h-double-click-of-rename-a-sheet\" class=\"wp-block-heading\"> Clique duas vezes para renomear uma planilha<\/h2><p> Voc\u00ea tamb\u00e9m pode usar um clique duplo do mouse para editar o nome da planilha e renome\u00e1-la posteriormente.<\/p><ol type=\"1\"><li> Primeiro, ative a planilha que deseja renomear.<\/li><li> Clique duas vezes na guia da planilha para edit\u00e1-la.<\/li><li> Exclua o nome antigo que voc\u00ea j\u00e1 possui.<\/li><li> Digite o novo nome e pressione Enter.<\/li><\/ol><h2 id=\"h-using-the-format-options\" class=\"wp-block-heading\"> Usando op\u00e7\u00f5es de formato<\/h2><p> Da mesma forma, voc\u00ea pode renomear uma planilha usando a op\u00e7\u00e3o de formato na faixa de op\u00e7\u00f5es. <\/p><div class=\"wp-block-image\"><figure class=\"aligncenter size-full is-resized\"><img loading=\"lazy\" decoding=\"async\" class=\"wp-image-61149\" src=\"https:\/\/exceladvisor.org\/wp-content\/uploads\/2023\/08\/3-renommer-la-feuille-en-utilisant-loption-de-format.png\" sizes=\"auto, \" srcset=\"\" alt=\"renomear planilha usando op\u00e7\u00e3o de formato\" width=\"272\" height=\"434\"><\/figure><\/div><ol><li> Primeiro, v\u00e1 para a guia P\u00e1gina inicial e localize a lista suspensa de op\u00e7\u00f5es de formato.<\/li><li> Em seguida, clique no menu suspenso para obter a lista de op\u00e7\u00f5es.<\/li><li> Depois disso, clique na op\u00e7\u00e3o \u201cRenomear planilha\u201d para alterar o nome da planilha.<\/li><li> No final, digite o novo nome e pressione Enter.<\/li><\/ol><p> Como todos os outros m\u00e9todos, voc\u00ea deve primeiro ativar a planilha para usar este m\u00e9todo.<\/p><p class=\"mytip\"> Voc\u00ea tamb\u00e9m pode usar <a href=\"https:\/\/exceladvisor.org\/pt\/renomear-planilha\/\">o VBA para renomear uma planilha<\/a> .<\/p><h2 id=\"h-rules-you-need-to-know-naming-a-sheet\" class=\"wp-block-heading\"> Regras que voc\u00ea precisa saber (nomeie uma planilha)<\/h2><p> Existem algumas regras que voc\u00ea precisa ter em mente ao renomear uma planilha.<\/p><ol type=\"1\"><li> Voc\u00ea pode nomear duas planilhas diferentes com o mesmo nome.<\/li><li> O nome de uma planilha n\u00e3o pode ser um valor vazio.<\/li><li> Um m\u00e1ximo de 31 caracteres podem ser usados em um nome de planilha.<\/li><li> Um ap\u00f3strofo (&#8216;) n\u00e3o pode ser usado no in\u00edcio e no final do nome, mas pode ser usado em algum lugar no meio.<\/li><li> Alguns caracteres n\u00e3o podem ser usados no nome, como [ ] \\ \/? :*<\/li><li> Voc\u00ea n\u00e3o pode usar a palavra &#8220;Hist\u00f3rico&#8221; como nome da planilha, que \u00e9 reservado pelo Excel. <\/li><\/ol><div class=\"gb-container gb-container-3044ba66 gb-container-mt\"><p class=\"gb-headline gb-headline-b5bb6270 gb-headline-text\"> <strong><a href=\"https:\/\/exceladvisor.org\/pt\/nocoes-basicas-de-excel\/\">No\u00e7\u00f5es b\u00e1sicas do Excel<\/a><\/strong> \/ <strong><a href=\"https:\/\/exceladvisor.org\/pt\/planilha\/\" data-wpil=\"url\">planilha do Excel<\/a><\/strong><\/p><h2 class=\"gb-headline gb-headline-819d540d gb-headline-text gb-headline-mt-heading\"> Mais tutoriais <\/h2><div class=\"gb-grid-wrapper gb-grid-wrapper-7f3d805a gb-grid-wrapper-mt-grid\"><div class=\"gb-grid-column gb-grid-column-7495e031\"><div class=\"gb-container gb-container-7495e031\"><ul><li> <a href=\"https:\/\/exceladvisor.org\/pt\/adicionar\/\">Adicionar uma planilha no Excel<\/a><\/li><li> <a href=\"https:\/\/exceladvisor.org\/pt\/alterar-a-cor-da-guia\/\">Alterar a cor da guia no Excel (guia da planilha)<\/a><\/li><li> <a href=\"https:\/\/exceladvisor.org\/pt\/adicione-um-titulo\/\">Adicione um t\u00edtulo a uma planilha no Excel<\/a><\/li><li> <a href=\"https:\/\/exceladvisor.org\/pt\/copia-1\/\">Copiar ou mover uma planilha (planilha)<\/a><\/li><li> <a href=\"https:\/\/exceladvisor.org\/pt\/selecione-todos-1\/\">Selecione todas as planilhas (planilhas)<\/a> <\/li><\/ul><\/div><\/div><div class=\"gb-grid-column gb-grid-column-530ab33a\"><div class=\"gb-container gb-container-530ab33a\"><\/div><\/div><\/div><\/div>","protected":false},"excerpt":{"rendered":"","protected":false},"author":1,"featured_media":0,"parent":0,"menu_order":0,"comment_status":"open","ping_status":"closed","template":"","meta":{"ub_ctt_via":"","footnotes":""},"class_list":["post-356","page","type-page","status-publish","hentry"],"featured_image_src":null,"yoast_head":"<!-- This site is optimized with the Yoast SEO plugin v25.4 - https:\/\/yoast.com\/wordpress\/plugins\/seo\/ -->\n<title>Como renomear uma planilha no Excel? (Tutorial 2023)<\/title>\n<meta name=\"description\" content=\"Aqui aprenderemos diferentes maneiras de renomear uma planilha no Excel (atalho de teclado, clique do mouse, clique com o bot\u00e3o direito, etc.)\" \/>\n<meta name=\"robots\" content=\"index, follow, max-snippet:-1, max-image-preview:large, max-video-preview:-1\" \/>\n<link rel=\"canonical\" href=\"https:\/\/exceladvisor.org\/pt\/renomear\/\" \/>\n<meta property=\"og:locale\" content=\"pt_PT\" \/>\n<meta property=\"og:type\" content=\"article\" \/>\n<meta property=\"og:title\" content=\"Como renomear uma planilha no Excel? (Tutorial 2023)\" \/>\n<meta property=\"og:description\" content=\"Aqui aprenderemos diferentes maneiras de renomear uma planilha no Excel (atalho de teclado, clique do mouse, clique com o bot\u00e3o direito, etc.)\" \/>\n<meta property=\"og:url\" content=\"https:\/\/exceladvisor.org\/pt\/renomear\/\" \/>\n<meta property=\"og:site_name\" content=\"Excel Advisor\" \/>\n<meta property=\"article:modified_time\" content=\"2023-12-06T11:42:04+00:00\" \/>\n<meta property=\"og:image\" content=\"https:\/\/exceladvisor.org\/wp-content\/uploads\/2023\/08\/1-renommer-la-feuille-a-partir-du-menu-doptions.png\" \/>\n<meta name=\"twitter:card\" content=\"summary_large_image\" \/>\n<meta name=\"twitter:label1\" content=\"Tempo estimado de leitura\" \/>\n\t<meta name=\"twitter:data1\" content=\"2 minutos\" \/>\n<script type=\"application\/ld+json\" class=\"yoast-schema-graph\">{\"@context\":\"https:\/\/schema.org\",\"@graph\":[{\"@type\":\"WebPage\",\"@id\":\"https:\/\/exceladvisor.org\/pt\/renomear\/\",\"url\":\"https:\/\/exceladvisor.org\/pt\/renomear\/\",\"name\":\"Como renomear uma planilha no Excel? (Tutorial 2023)\",\"isPartOf\":{\"@id\":\"https:\/\/exceladvisor.org\/pt\/#website\"},\"primaryImageOfPage\":{\"@id\":\"https:\/\/exceladvisor.org\/pt\/renomear\/#primaryimage\"},\"image\":{\"@id\":\"https:\/\/exceladvisor.org\/pt\/renomear\/#primaryimage\"},\"thumbnailUrl\":\"https:\/\/exceladvisor.org\/wp-content\/uploads\/2023\/08\/1-renommer-la-feuille-a-partir-du-menu-doptions.png\",\"datePublished\":\"2023-10-31T23:04:24+00:00\",\"dateModified\":\"2023-12-06T11:42:04+00:00\",\"description\":\"Aqui aprenderemos diferentes maneiras de renomear uma planilha no Excel (atalho de teclado, clique do mouse, clique com o bot\u00e3o direito, etc.)\",\"breadcrumb\":{\"@id\":\"https:\/\/exceladvisor.org\/pt\/renomear\/#breadcrumb\"},\"inLanguage\":\"pt-PT\",\"potentialAction\":[{\"@type\":\"ReadAction\",\"target\":[\"https:\/\/exceladvisor.org\/pt\/renomear\/\"]}]},{\"@type\":\"ImageObject\",\"inLanguage\":\"pt-PT\",\"@id\":\"https:\/\/exceladvisor.org\/pt\/renomear\/#primaryimage\",\"url\":\"https:\/\/exceladvisor.org\/wp-content\/uploads\/2023\/08\/1-renommer-la-feuille-a-partir-du-menu-doptions.png\",\"contentUrl\":\"https:\/\/exceladvisor.org\/wp-content\/uploads\/2023\/08\/1-renommer-la-feuille-a-partir-du-menu-doptions.png\"},{\"@type\":\"BreadcrumbList\",\"@id\":\"https:\/\/exceladvisor.org\/pt\/renomear\/#breadcrumb\",\"itemListElement\":[{\"@type\":\"ListItem\",\"position\":1,\"name\":\"Lar\",\"item\":\"https:\/\/exceladvisor.org\/pt\/\"},{\"@type\":\"ListItem\",\"position\":2,\"name\":\"Como renomear uma planilha no excel?\"}]},{\"@type\":\"WebSite\",\"@id\":\"https:\/\/exceladvisor.org\/pt\/#website\",\"url\":\"https:\/\/exceladvisor.org\/pt\/\",\"name\":\"Excel Advisor\",\"description\":\"O seu guia definitivo para dominar os dados!\",\"publisher\":{\"@id\":\"https:\/\/exceladvisor.org\/pt\/#organization\"},\"potentialAction\":[{\"@type\":\"SearchAction\",\"target\":{\"@type\":\"EntryPoint\",\"urlTemplate\":\"https:\/\/exceladvisor.org\/pt\/?s={search_term_string}\"},\"query-input\":{\"@type\":\"PropertyValueSpecification\",\"valueRequired\":true,\"valueName\":\"search_term_string\"}}],\"inLanguage\":\"pt-PT\"},{\"@type\":\"Organization\",\"@id\":\"https:\/\/exceladvisor.org\/pt\/#organization\",\"name\":\"Excel Advisor\",\"url\":\"https:\/\/exceladvisor.org\/pt\/\",\"logo\":{\"@type\":\"ImageObject\",\"inLanguage\":\"pt-PT\",\"@id\":\"https:\/\/exceladvisor.org\/pt\/#\/schema\/logo\/image\/\",\"url\":\"https:\/\/exceladvisor.org\/pt\/wp-content\/uploads\/2023\/12\/exceladvisor.org_.png\",\"contentUrl\":\"https:\/\/exceladvisor.org\/pt\/wp-content\/uploads\/2023\/12\/exceladvisor.org_.png\",\"width\":105,\"height\":36,\"caption\":\"Excel Advisor\"},\"image\":{\"@id\":\"https:\/\/exceladvisor.org\/pt\/#\/schema\/logo\/image\/\"}}]}<\/script>\n<!-- \/ Yoast SEO plugin. -->","yoast_head_json":{"title":"Como renomear uma planilha no Excel? (Tutorial 2023)","description":"Aqui aprenderemos diferentes maneiras de renomear uma planilha no Excel (atalho de teclado, clique do mouse, clique com o bot\u00e3o direito, etc.)","robots":{"index":"index","follow":"follow","max-snippet":"max-snippet:-1","max-image-preview":"max-image-preview:large","max-video-preview":"max-video-preview:-1"},"canonical":"https:\/\/exceladvisor.org\/pt\/renomear\/","og_locale":"pt_PT","og_type":"article","og_title":"Como renomear uma planilha no Excel? (Tutorial 2023)","og_description":"Aqui aprenderemos diferentes maneiras de renomear uma planilha no Excel (atalho de teclado, clique do mouse, clique com o bot\u00e3o direito, etc.)","og_url":"https:\/\/exceladvisor.org\/pt\/renomear\/","og_site_name":"Excel Advisor","article_modified_time":"2023-12-06T11:42:04+00:00","og_image":[{"url":"https:\/\/exceladvisor.org\/wp-content\/uploads\/2023\/08\/1-renommer-la-feuille-a-partir-du-menu-doptions.png","type":"","width":"","height":""}],"twitter_card":"summary_large_image","twitter_misc":{"Tempo estimado de leitura":"2 minutos"},"schema":{"@context":"https:\/\/schema.org","@graph":[{"@type":"WebPage","@id":"https:\/\/exceladvisor.org\/pt\/renomear\/","url":"https:\/\/exceladvisor.org\/pt\/renomear\/","name":"Como renomear uma planilha no Excel? (Tutorial 2023)","isPartOf":{"@id":"https:\/\/exceladvisor.org\/pt\/#website"},"primaryImageOfPage":{"@id":"https:\/\/exceladvisor.org\/pt\/renomear\/#primaryimage"},"image":{"@id":"https:\/\/exceladvisor.org\/pt\/renomear\/#primaryimage"},"thumbnailUrl":"https:\/\/exceladvisor.org\/wp-content\/uploads\/2023\/08\/1-renommer-la-feuille-a-partir-du-menu-doptions.png","datePublished":"2023-10-31T23:04:24+00:00","dateModified":"2023-12-06T11:42:04+00:00","description":"Aqui aprenderemos diferentes maneiras de renomear uma planilha no Excel (atalho de teclado, clique do mouse, clique com o bot\u00e3o direito, etc.)","breadcrumb":{"@id":"https:\/\/exceladvisor.org\/pt\/renomear\/#breadcrumb"},"inLanguage":"pt-PT","potentialAction":[{"@type":"ReadAction","target":["https:\/\/exceladvisor.org\/pt\/renomear\/"]}]},{"@type":"ImageObject","inLanguage":"pt-PT","@id":"https:\/\/exceladvisor.org\/pt\/renomear\/#primaryimage","url":"https:\/\/exceladvisor.org\/wp-content\/uploads\/2023\/08\/1-renommer-la-feuille-a-partir-du-menu-doptions.png","contentUrl":"https:\/\/exceladvisor.org\/wp-content\/uploads\/2023\/08\/1-renommer-la-feuille-a-partir-du-menu-doptions.png"},{"@type":"BreadcrumbList","@id":"https:\/\/exceladvisor.org\/pt\/renomear\/#breadcrumb","itemListElement":[{"@type":"ListItem","position":1,"name":"Lar","item":"https:\/\/exceladvisor.org\/pt\/"},{"@type":"ListItem","position":2,"name":"Como renomear uma planilha no excel?"}]},{"@type":"WebSite","@id":"https:\/\/exceladvisor.org\/pt\/#website","url":"https:\/\/exceladvisor.org\/pt\/","name":"Excel Advisor","description":"O seu guia definitivo para dominar os dados!","publisher":{"@id":"https:\/\/exceladvisor.org\/pt\/#organization"},"potentialAction":[{"@type":"SearchAction","target":{"@type":"EntryPoint","urlTemplate":"https:\/\/exceladvisor.org\/pt\/?s={search_term_string}"},"query-input":{"@type":"PropertyValueSpecification","valueRequired":true,"valueName":"search_term_string"}}],"inLanguage":"pt-PT"},{"@type":"Organization","@id":"https:\/\/exceladvisor.org\/pt\/#organization","name":"Excel Advisor","url":"https:\/\/exceladvisor.org\/pt\/","logo":{"@type":"ImageObject","inLanguage":"pt-PT","@id":"https:\/\/exceladvisor.org\/pt\/#\/schema\/logo\/image\/","url":"https:\/\/exceladvisor.org\/pt\/wp-content\/uploads\/2023\/12\/exceladvisor.org_.png","contentUrl":"https:\/\/exceladvisor.org\/pt\/wp-content\/uploads\/2023\/12\/exceladvisor.org_.png","width":105,"height":36,"caption":"Excel Advisor"},"image":{"@id":"https:\/\/exceladvisor.org\/pt\/#\/schema\/logo\/image\/"}}]}},"yoast_meta":{"yoast_wpseo_title":"","yoast_wpseo_metadesc":"","yoast_wpseo_canonical":""},"_links":{"self":[{"href":"https:\/\/exceladvisor.org\/pt\/wp-json\/wp\/v2\/pages\/356","targetHints":{"allow":["GET"]}}],"collection":[{"href":"https:\/\/exceladvisor.org\/pt\/wp-json\/wp\/v2\/pages"}],"about":[{"href":"https:\/\/exceladvisor.org\/pt\/wp-json\/wp\/v2\/types\/page"}],"author":[{"embeddable":true,"href":"https:\/\/exceladvisor.org\/pt\/wp-json\/wp\/v2\/users\/1"}],"replies":[{"embeddable":true,"href":"https:\/\/exceladvisor.org\/pt\/wp-json\/wp\/v2\/comments?post=356"}],"version-history":[{"count":1,"href":"https:\/\/exceladvisor.org\/pt\/wp-json\/wp\/v2\/pages\/356\/revisions"}],"predecessor-version":[{"id":1180,"href":"https:\/\/exceladvisor.org\/pt\/wp-json\/wp\/v2\/pages\/356\/revisions\/1180"}],"wp:attachment":[{"href":"https:\/\/exceladvisor.org\/pt\/wp-json\/wp\/v2\/media?parent=356"}],"curies":[{"name":"wp","href":"https:\/\/api.w.org\/{rel}","templated":true}]}}