{"id":357,"date":"2023-10-31T22:52:09","date_gmt":"2023-10-31T22:52:09","guid":{"rendered":"https:\/\/exceladvisor.org\/pt\/cancelamento\/"},"modified":"2023-12-06T11:34:54","modified_gmt":"2023-12-06T11:34:54","slug":"cancelamento","status":"publish","type":"page","link":"https:\/\/exceladvisor.org\/pt\/cancelamento\/","title":{"rendered":"Como aumentar e diminuir o recuo no excel?"},"content":{"rendered":"<div class=\"excel-before-content-2\" id=\"excel-452491779\"><script type=\"text\/javascript\">\r\n\tatOptions = {\r\n\t\t'key' : 'c1158f160081d6540a8409e6925dab94',\r\n\t\t'format' : 'iframe',\r\n\t\t'height' : 250,\r\n\t\t'width' : 300,\r\n\t\t'params' : {}\r\n\t};\r\n<\/script>\r\n<script type=\"text\/javascript\" src=\"\/\/www.highperformanceformat.com\/c1158f160081d6540a8409e6925dab94\/invoke.js\"><\/script><\/div><div class=\"excel-before-content\" id=\"excel-228857549\"><script type=\"text\/javascript\">\r\n\tatOptions = {\r\n\t\t'key' : 'c1158f160081d6540a8409e6925dab94',\r\n\t\t'format' : 'iframe',\r\n\t\t'height' : 250,\r\n\t\t'width' : 300,\r\n\t\t'params' : {}\r\n\t};\r\n<\/script>\r\n<script type=\"text\/javascript\" src=\"\/\/www.highperformanceformat.com\/c1158f160081d6540a8409e6925dab94\/invoke.js\"><\/script><\/div> <p>No Excel existem v\u00e1rias maneiras de aumentar e diminuir o recuo e neste tutorial vamos aprender todos esses m\u00e9todos.<\/p><h2 class=\"wp-block-heading\"> Bot\u00f5es de remo\u00e7\u00e3o de fita<\/h2><p> Existem dois bot\u00f5es que voc\u00ea pode usar para adicionar ou remover um recuo de uma c\u00e9lula ou intervalo de c\u00e9lulas. O bot\u00e3o que tem a seta para a direita \u00e9 para adicionar recuo e fingir que tem uma seta para a esquerda \u00e9 para excluir a inten\u00e7\u00e3o. <\/p><div class=\"wp-block-image\"><figure class=\"aligncenter size-full is-resized\"><img loading=\"lazy\" decoding=\"async\" class=\"wp-image-61140\" src=\"https:\/\/exceladvisor.org\/wp-content\/uploads\/2023\/08\/1-boutons-en-retrait-du-ruban.png\" sizes=\"auto, \" srcset=\"\" alt=\"bot\u00f5es de remo\u00e7\u00e3o de fita\" width=\"625\" height=\"180\"><\/figure><\/div><ol><li> Primeiro, voc\u00ea precisa <strong>selecionar a c\u00e9lula ou intervalo de c\u00e9lulas<\/strong> onde adicionou ou removeu o recuo.<\/li><li> Depois disso, v\u00e1 para a <strong>guia inicial e localize a guia de alinhamento<\/strong> .<\/li><li> A partir daqui, na guia de alinhamento, voc\u00ea pode usar <strong>dois bot\u00f5es<\/strong> .<\/li><li> Ao final, clique no bot\u00e3o para <strong>adicionar ou remover o recuo<\/strong> .<\/li><\/ol><p> Voc\u00ea pode ver no exemplo a seguir que adicionamos um recuo na c\u00e9lula A1. <\/p><div class=\"wp-block-image\"><figure class=\"aligncenter size-full is-resized\"><img loading=\"lazy\" decoding=\"async\" class=\"alignnone  wp-image-12941\" src=\"https:\/\/exceladvisor.org\/wp-content\/uploads\/2023\/11\/ajouter-ou-supprimer-retrait.png\" alt=\"adicionar ou remover remo\u00e7\u00e3o\" width=\"628\" height=\"335\" srcset=\"https:\/\/exceladvisor.org\/wp-content\/uploads\/2023\/11\/ajouter-ou-supprimer-retrait.png 821w, https:\/\/exceladvisor.org\/wp-content\/uploads\/2023\/11\/ajouter-ou-supprimer-retrait-300x160.png 300w, https:\/\/exceladvisor.org\/wp-content\/uploads\/2023\/11\/ajouter-ou-supprimer-retrait-768x410.png 768w\" sizes=\"auto, (max-width: 628px) 100vw, 628px\"><\/figure><\/div><p> Se quiser adicionar v\u00e1rios recuos, voc\u00ea deve clicar no bot\u00e3o v\u00e1rias vezes. Isso significa que se voc\u00ea quiser adicionar um recuo tr\u00eas vezes, precisar\u00e1 clicar no bot\u00e3o tr\u00eas vezes. E excluir um recuo ocorre da mesma maneira.<\/p><h2 class=\"wp-block-heading\"> Atalho de teclado para adicionar um recuo<\/h2><p> Voc\u00ea tamb\u00e9m pode usar um atalho de teclado para adicionar \u2013 remover um recuo da c\u00e9lula. Existem dois atalhos diferentes para adicionar um recuo de exclus\u00e3o.<\/p><ul><li> <strong>Aumentar recuo:<\/strong> <kbd>Alt \u279c H \u279c 6<\/kbd><\/li><li> <strong>Diminuir recuo:<\/strong> <kbd>Alt \u279c H \u279c 5<\/kbd><\/li><\/ul><p> <strong>Relacionado: <a href=\"https:\/\/exceladvisor.org\/pt\/atalhos-do-teclado\/\">Atalhos de teclado (folha de dicas em PDF)<\/a><\/strong><\/p><h2 class=\"wp-block-heading\"> C\u00f3digo VBA para adicionar um recuo<\/h2><p> Se voc\u00ea <a href=\"https:\/\/exceladvisor.org\/pt\/vba\/\">entende VBA<\/a> , pode escrever um c\u00f3digo que pode adicionar um recuo \u00e0 c\u00e9lula selecionada, assim como o c\u00f3digo a seguir.<\/p><pre class=\"wp-block-code\"> <code class=\"language-visual-basic line-numbers\" lang=\"visual-basic\"><strong>Sub<\/strong> Macro1() <strong>Dim<\/strong> myInt <strong>As<\/strong> Integer myInt = InputBox(\"how many indents you want to add?\", \"Add Indent\") Selection.InsertIndent myInt <strong>End<\/strong> <strong>Sub<\/strong><\/code><\/pre><p> Antes de <a href=\"https:\/\/exceladvisor.org\/pt\/executar-uma-macro-2\/\">executar este c\u00f3digo<\/a> voc\u00ea precisa selecionar as c\u00e9lulas nas quais deseja aumentar o recuo. Ele mostrar\u00e1 uma caixa de entrada para inserir o n\u00famero de retirada que deseja adicionar. <\/p><div class=\"wp-block-image\"><figure class=\"aligncenter size-full is-resized\"><img loading=\"lazy\" decoding=\"async\" class=\"wp-image-61142\" src=\"https:\/\/exceladvisor.org\/wp-content\/uploads\/2023\/08\/3-vba-pour-ajouter-un-retrait.png\" sizes=\"auto, \" srcset=\"\" alt=\"vba para adicionar recuo\" width=\"474\" height=\"205\"><\/figure><\/div><h2 class=\"wp-block-heading\"> Remover recuo de uma c\u00e9lula<\/h2><p> Conforme discutimos no in\u00edcio deste tutorial, voc\u00ea pode usar o bot\u00e3o diminuir recuo para remover o recuo de uma c\u00e9lula. <\/p><div class=\"wp-block-image\"><figure class=\"aligncenter size-full is-resized\"><img loading=\"lazy\" decoding=\"async\" class=\"wp-image-61143\" src=\"https:\/\/exceladvisor.org\/wp-content\/uploads\/2023\/08\/4-supprimer-lindentation-de-la-cellule.png\" sizes=\"auto, \" srcset=\"\" alt=\"removendo o recuo da c\u00e9lula\" width=\"623\" height=\"179\"><\/figure><\/div><p> Al\u00e9m disso, voc\u00ea pode limpar a formata\u00e7\u00e3o de uma c\u00e9lula ou intervalo de c\u00e9lulas para remover o recuo, pois faz parte da formata\u00e7\u00e3o da c\u00e9lula. <\/p><div class=\"wp-block-image\"><figure class=\"aligncenter size-full is-resized\"><img loading=\"lazy\" decoding=\"async\" class=\"wp-image-61144\" src=\"https:\/\/exceladvisor.org\/wp-content\/uploads\/2023\/08\/5-formatage-clair.png\" sizes=\"auto, \" srcset=\"\" alt=\"remover formata\u00e7\u00e3o\" width=\"582\" height=\"328\"><\/figure><\/div><div class=\"gb-container gb-container-4db6181c gb-container-mt\"> <a class=\"gb-button gb-button-c5897111 gb-button-text gb-button-mt-button\" href=\"https:\/\/exceladvisor.org\/pt\/nocoes-basicas-de-excel\/\">No\u00e7\u00f5es b\u00e1sicas do Microsoft Excel (componentes, pe\u00e7as e notas de conhecimento)<\/a><h2 class=\"gb-headline gb-headline-665e5f6b gb-headline-text gb-headline-mt-heading\"> Tutoriais relacionados <\/h2><div class=\"gb-grid-wrapper gb-grid-wrapper-a20baf7c gb-grid-wrapper-mt-grid\"><div class=\"gb-grid-column gb-grid-column-65ddf67e\"><div class=\"gb-container gb-container-65ddf67e\"><ul><li> <a href=\"https:\/\/exceladvisor.org\/pt\/desenhe-uma-linha\/\">Desenhe uma linha no Excel<\/a><\/li><li> <a href=\"https:\/\/exceladvisor.org\/pt\/adicionar-um-botao\/\">Adicionar um bot\u00e3o no Excel<\/a><\/li><li> <a href=\"https:\/\/exceladvisor.org\/pt\/fundir-celulas-dissociadas\/\">Mesclar \u2013 desagrupar c\u00e9lulas no Excel<\/a><\/li><li> <a href=\"https:\/\/exceladvisor.org\/pt\/verificador-ortografico\/\">Verifica\u00e7\u00e3o ortogr\u00e1fica no Excel<\/a><\/li><li> <a href=\"https:\/\/exceladvisor.org\/pt\/girar-texto\/\">Girar texto no Excel (orienta\u00e7\u00e3o do texto)<\/a> <\/li><\/ul><\/div><\/div><div class=\"gb-grid-column gb-grid-column-50067b57\"><div class=\"gb-container gb-container-50067b57\"><\/div><\/div><\/div><\/div>","protected":false},"excerpt":{"rendered":"","protected":false},"author":1,"featured_media":0,"parent":0,"menu_order":0,"comment_status":"open","ping_status":"closed","template":"","meta":{"ub_ctt_via":"","footnotes":""},"class_list":["post-357","page","type-page","status-publish","hentry"],"featured_image_src":null,"yoast_head":"<!-- This site is optimized with the Yoast SEO plugin v25.4 - https:\/\/yoast.com\/wordpress\/plugins\/seo\/ -->\n<title>\u25b7 Como aumentar e diminuir o recuo no Excel?<\/title>\n<meta name=\"description\" content=\"No Excel existem v\u00e1rias maneiras de aumentar e diminuir o recuo e neste tutorial vamos aprender todos esses m\u00e9todos\" \/>\n<meta name=\"robots\" content=\"index, follow, max-snippet:-1, max-image-preview:large, max-video-preview:-1\" \/>\n<link rel=\"canonical\" href=\"https:\/\/exceladvisor.org\/pt\/cancelamento\/\" \/>\n<meta property=\"og:locale\" content=\"pt_PT\" \/>\n<meta property=\"og:type\" content=\"article\" \/>\n<meta property=\"og:title\" content=\"\u25b7 Como aumentar e diminuir o recuo no Excel?\" \/>\n<meta property=\"og:description\" content=\"No Excel existem v\u00e1rias maneiras de aumentar e diminuir o recuo e neste tutorial vamos aprender todos esses m\u00e9todos\" \/>\n<meta property=\"og:url\" content=\"https:\/\/exceladvisor.org\/pt\/cancelamento\/\" \/>\n<meta property=\"og:site_name\" content=\"Excel Advisor\" \/>\n<meta property=\"article:modified_time\" content=\"2023-12-06T11:34:54+00:00\" \/>\n<meta property=\"og:image\" content=\"https:\/\/exceladvisor.org\/wp-content\/uploads\/2023\/08\/1-boutons-en-retrait-du-ruban.png\" \/>\n<meta name=\"twitter:card\" content=\"summary_large_image\" \/>\n<meta name=\"twitter:label1\" content=\"Tempo estimado de leitura\" \/>\n\t<meta name=\"twitter:data1\" content=\"2 minutos\" \/>\n<script type=\"application\/ld+json\" class=\"yoast-schema-graph\">{\"@context\":\"https:\/\/schema.org\",\"@graph\":[{\"@type\":\"WebPage\",\"@id\":\"https:\/\/exceladvisor.org\/pt\/cancelamento\/\",\"url\":\"https:\/\/exceladvisor.org\/pt\/cancelamento\/\",\"name\":\"\u25b7 Como aumentar e diminuir o recuo no Excel?\",\"isPartOf\":{\"@id\":\"https:\/\/exceladvisor.org\/pt\/#website\"},\"primaryImageOfPage\":{\"@id\":\"https:\/\/exceladvisor.org\/pt\/cancelamento\/#primaryimage\"},\"image\":{\"@id\":\"https:\/\/exceladvisor.org\/pt\/cancelamento\/#primaryimage\"},\"thumbnailUrl\":\"https:\/\/exceladvisor.org\/wp-content\/uploads\/2023\/08\/1-boutons-en-retrait-du-ruban.png\",\"datePublished\":\"2023-10-31T22:52:09+00:00\",\"dateModified\":\"2023-12-06T11:34:54+00:00\",\"description\":\"No Excel existem v\u00e1rias maneiras de aumentar e diminuir o recuo e neste tutorial vamos aprender todos esses m\u00e9todos\",\"breadcrumb\":{\"@id\":\"https:\/\/exceladvisor.org\/pt\/cancelamento\/#breadcrumb\"},\"inLanguage\":\"pt-PT\",\"potentialAction\":[{\"@type\":\"ReadAction\",\"target\":[\"https:\/\/exceladvisor.org\/pt\/cancelamento\/\"]}]},{\"@type\":\"ImageObject\",\"inLanguage\":\"pt-PT\",\"@id\":\"https:\/\/exceladvisor.org\/pt\/cancelamento\/#primaryimage\",\"url\":\"https:\/\/exceladvisor.org\/wp-content\/uploads\/2023\/08\/1-boutons-en-retrait-du-ruban.png\",\"contentUrl\":\"https:\/\/exceladvisor.org\/wp-content\/uploads\/2023\/08\/1-boutons-en-retrait-du-ruban.png\"},{\"@type\":\"BreadcrumbList\",\"@id\":\"https:\/\/exceladvisor.org\/pt\/cancelamento\/#breadcrumb\",\"itemListElement\":[{\"@type\":\"ListItem\",\"position\":1,\"name\":\"Lar\",\"item\":\"https:\/\/exceladvisor.org\/pt\/\"},{\"@type\":\"ListItem\",\"position\":2,\"name\":\"Como aumentar e diminuir o recuo no excel?\"}]},{\"@type\":\"WebSite\",\"@id\":\"https:\/\/exceladvisor.org\/pt\/#website\",\"url\":\"https:\/\/exceladvisor.org\/pt\/\",\"name\":\"Excel Advisor\",\"description\":\"O seu guia definitivo para dominar os dados!\",\"publisher\":{\"@id\":\"https:\/\/exceladvisor.org\/pt\/#organization\"},\"potentialAction\":[{\"@type\":\"SearchAction\",\"target\":{\"@type\":\"EntryPoint\",\"urlTemplate\":\"https:\/\/exceladvisor.org\/pt\/?s={search_term_string}\"},\"query-input\":{\"@type\":\"PropertyValueSpecification\",\"valueRequired\":true,\"valueName\":\"search_term_string\"}}],\"inLanguage\":\"pt-PT\"},{\"@type\":\"Organization\",\"@id\":\"https:\/\/exceladvisor.org\/pt\/#organization\",\"name\":\"Excel Advisor\",\"url\":\"https:\/\/exceladvisor.org\/pt\/\",\"logo\":{\"@type\":\"ImageObject\",\"inLanguage\":\"pt-PT\",\"@id\":\"https:\/\/exceladvisor.org\/pt\/#\/schema\/logo\/image\/\",\"url\":\"https:\/\/exceladvisor.org\/pt\/wp-content\/uploads\/2023\/12\/exceladvisor.org_.png\",\"contentUrl\":\"https:\/\/exceladvisor.org\/pt\/wp-content\/uploads\/2023\/12\/exceladvisor.org_.png\",\"width\":105,\"height\":36,\"caption\":\"Excel Advisor\"},\"image\":{\"@id\":\"https:\/\/exceladvisor.org\/pt\/#\/schema\/logo\/image\/\"}}]}<\/script>\n<!-- \/ Yoast SEO plugin. -->","yoast_head_json":{"title":"\u25b7 Como aumentar e diminuir o recuo no Excel?","description":"No Excel existem v\u00e1rias maneiras de aumentar e diminuir o recuo e neste tutorial vamos aprender todos esses m\u00e9todos","robots":{"index":"index","follow":"follow","max-snippet":"max-snippet:-1","max-image-preview":"max-image-preview:large","max-video-preview":"max-video-preview:-1"},"canonical":"https:\/\/exceladvisor.org\/pt\/cancelamento\/","og_locale":"pt_PT","og_type":"article","og_title":"\u25b7 Como aumentar e diminuir o recuo no Excel?","og_description":"No Excel existem v\u00e1rias maneiras de aumentar e diminuir o recuo e neste tutorial vamos aprender todos esses m\u00e9todos","og_url":"https:\/\/exceladvisor.org\/pt\/cancelamento\/","og_site_name":"Excel Advisor","article_modified_time":"2023-12-06T11:34:54+00:00","og_image":[{"url":"https:\/\/exceladvisor.org\/wp-content\/uploads\/2023\/08\/1-boutons-en-retrait-du-ruban.png","type":"","width":"","height":""}],"twitter_card":"summary_large_image","twitter_misc":{"Tempo estimado de leitura":"2 minutos"},"schema":{"@context":"https:\/\/schema.org","@graph":[{"@type":"WebPage","@id":"https:\/\/exceladvisor.org\/pt\/cancelamento\/","url":"https:\/\/exceladvisor.org\/pt\/cancelamento\/","name":"\u25b7 Como aumentar e diminuir o recuo no Excel?","isPartOf":{"@id":"https:\/\/exceladvisor.org\/pt\/#website"},"primaryImageOfPage":{"@id":"https:\/\/exceladvisor.org\/pt\/cancelamento\/#primaryimage"},"image":{"@id":"https:\/\/exceladvisor.org\/pt\/cancelamento\/#primaryimage"},"thumbnailUrl":"https:\/\/exceladvisor.org\/wp-content\/uploads\/2023\/08\/1-boutons-en-retrait-du-ruban.png","datePublished":"2023-10-31T22:52:09+00:00","dateModified":"2023-12-06T11:34:54+00:00","description":"No Excel existem v\u00e1rias maneiras de aumentar e diminuir o recuo e neste tutorial vamos aprender todos esses m\u00e9todos","breadcrumb":{"@id":"https:\/\/exceladvisor.org\/pt\/cancelamento\/#breadcrumb"},"inLanguage":"pt-PT","potentialAction":[{"@type":"ReadAction","target":["https:\/\/exceladvisor.org\/pt\/cancelamento\/"]}]},{"@type":"ImageObject","inLanguage":"pt-PT","@id":"https:\/\/exceladvisor.org\/pt\/cancelamento\/#primaryimage","url":"https:\/\/exceladvisor.org\/wp-content\/uploads\/2023\/08\/1-boutons-en-retrait-du-ruban.png","contentUrl":"https:\/\/exceladvisor.org\/wp-content\/uploads\/2023\/08\/1-boutons-en-retrait-du-ruban.png"},{"@type":"BreadcrumbList","@id":"https:\/\/exceladvisor.org\/pt\/cancelamento\/#breadcrumb","itemListElement":[{"@type":"ListItem","position":1,"name":"Lar","item":"https:\/\/exceladvisor.org\/pt\/"},{"@type":"ListItem","position":2,"name":"Como aumentar e diminuir o recuo no excel?"}]},{"@type":"WebSite","@id":"https:\/\/exceladvisor.org\/pt\/#website","url":"https:\/\/exceladvisor.org\/pt\/","name":"Excel Advisor","description":"O seu guia definitivo para dominar os dados!","publisher":{"@id":"https:\/\/exceladvisor.org\/pt\/#organization"},"potentialAction":[{"@type":"SearchAction","target":{"@type":"EntryPoint","urlTemplate":"https:\/\/exceladvisor.org\/pt\/?s={search_term_string}"},"query-input":{"@type":"PropertyValueSpecification","valueRequired":true,"valueName":"search_term_string"}}],"inLanguage":"pt-PT"},{"@type":"Organization","@id":"https:\/\/exceladvisor.org\/pt\/#organization","name":"Excel Advisor","url":"https:\/\/exceladvisor.org\/pt\/","logo":{"@type":"ImageObject","inLanguage":"pt-PT","@id":"https:\/\/exceladvisor.org\/pt\/#\/schema\/logo\/image\/","url":"https:\/\/exceladvisor.org\/pt\/wp-content\/uploads\/2023\/12\/exceladvisor.org_.png","contentUrl":"https:\/\/exceladvisor.org\/pt\/wp-content\/uploads\/2023\/12\/exceladvisor.org_.png","width":105,"height":36,"caption":"Excel Advisor"},"image":{"@id":"https:\/\/exceladvisor.org\/pt\/#\/schema\/logo\/image\/"}}]}},"yoast_meta":{"yoast_wpseo_title":"","yoast_wpseo_metadesc":"","yoast_wpseo_canonical":""},"_links":{"self":[{"href":"https:\/\/exceladvisor.org\/pt\/wp-json\/wp\/v2\/pages\/357","targetHints":{"allow":["GET"]}}],"collection":[{"href":"https:\/\/exceladvisor.org\/pt\/wp-json\/wp\/v2\/pages"}],"about":[{"href":"https:\/\/exceladvisor.org\/pt\/wp-json\/wp\/v2\/types\/page"}],"author":[{"embeddable":true,"href":"https:\/\/exceladvisor.org\/pt\/wp-json\/wp\/v2\/users\/1"}],"replies":[{"embeddable":true,"href":"https:\/\/exceladvisor.org\/pt\/wp-json\/wp\/v2\/comments?post=357"}],"version-history":[{"count":1,"href":"https:\/\/exceladvisor.org\/pt\/wp-json\/wp\/v2\/pages\/357\/revisions"}],"predecessor-version":[{"id":863,"href":"https:\/\/exceladvisor.org\/pt\/wp-json\/wp\/v2\/pages\/357\/revisions\/863"}],"wp:attachment":[{"href":"https:\/\/exceladvisor.org\/pt\/wp-json\/wp\/v2\/media?parent=357"}],"curies":[{"name":"wp","href":"https:\/\/api.w.org\/{rel}","templated":true}]}}