{"id":358,"date":"2023-10-31T22:43:02","date_gmt":"2023-10-31T22:43:02","guid":{"rendered":"https:\/\/exceladvisor.org\/pt\/alterar-a-cor-da-guia\/"},"modified":"2023-12-06T11:38:30","modified_gmt":"2023-12-06T11:38:30","slug":"alterar-a-cor-da-guia","status":"publish","type":"page","link":"https:\/\/exceladvisor.org\/pt\/alterar-a-cor-da-guia\/","title":{"rendered":"Como mudar a cor da aba?"},"content":{"rendered":"<div class=\"excel-before-content-2\" id=\"excel-1577191903\"><script type=\"text\/javascript\">\r\n\tatOptions = {\r\n\t\t'key' : 'c1158f160081d6540a8409e6925dab94',\r\n\t\t'format' : 'iframe',\r\n\t\t'height' : 250,\r\n\t\t'width' : 300,\r\n\t\t'params' : {}\r\n\t};\r\n<\/script>\r\n<script type=\"text\/javascript\" src=\"\/\/www.highperformanceformat.com\/c1158f160081d6540a8409e6925dab94\/invoke.js\"><\/script><\/div><div class=\"excel-before-content\" id=\"excel-2452166859\"><script type=\"text\/javascript\">\r\n\tatOptions = {\r\n\t\t'key' : 'c1158f160081d6540a8409e6925dab94',\r\n\t\t'format' : 'iframe',\r\n\t\t'height' : 250,\r\n\t\t'width' : 300,\r\n\t\t'params' : {}\r\n\t};\r\n<\/script>\r\n<script type=\"text\/javascript\" src=\"\/\/www.highperformanceformat.com\/c1158f160081d6540a8409e6925dab94\/invoke.js\"><\/script><\/div> <p>No Excel, para cada planilha voc\u00ea tem uma aba na parte inferior. Para diferenciar uma planilha de outras planilhas, voc\u00ea pode usar a op\u00e7\u00e3o de cor da guia para aplicar uma cor de fundo. No tutorial, veremos etapas simples para aplicar uma cor de fundo a uma guia. <\/p><div class=\"wp-block-image\"><figure class=\"aligncenter size-full is-resized\"><img loading=\"lazy\" decoding=\"async\" class=\"wp-image-75245\" src=\"https:\/\/exceladvisor.org\/wp-content\/uploads\/2023\/08\/1-onglet-de-changement-de-couleur.png\" sizes=\"auto, \" srcset=\"\" alt=\"guia de mudan\u00e7a de cor\" width=\"599\" height=\"125\"><\/figure><\/div><h2 id=\"h-steps-to-change-the-tab-color-in-excel\" class=\"wp-block-heading\"> Etapas para alterar a cor da guia no Excel<\/h2><ol type=\"1\"><li> Primeiro, clique com o bot\u00e3o direito na guia da planilha onde deseja aplicar a cor.<\/li><li> No menu de contexto, clique na guia cor.<\/li><li> Depois disso, escolha a cor que deseja aplicar na aba.<\/li><li> Ao final, clique na cor para aplic\u00e1-la. <\/li><\/ol><div class=\"wp-block-image\"><figure class=\"aligncenter size-full is-resized\"><img loading=\"lazy\" decoding=\"async\" class=\"wp-image-75246\" src=\"https:\/\/exceladvisor.org\/wp-content\/uploads\/2023\/08\/2-choisir-la-couleur.png\" sizes=\"auto, \" srcset=\"\" alt=\"escolha a cor\" width=\"445\" height=\"343\"><\/figure><\/div><p> Se voc\u00ea estiver usando o Excel no Mac, as etapas para alterar a cor da guia s\u00e3o as mesmas que usamos no Windows. <\/p><div class=\"wp-block-image\"><figure class=\"aligncenter size-full is-resized\"><img loading=\"lazy\" decoding=\"async\" class=\"wp-image-75247\" src=\"https:\/\/exceladvisor.org\/wp-content\/uploads\/2023\/08\/3-changer-la-couleur-des-onglets-sur-mac.png\" sizes=\"auto, \" srcset=\"\" alt=\"alterar a cor da guia no Mac\" width=\"412\" height=\"351\"><\/figure><\/div><h2 id=\"h-use-tab-color-from-the-home-tab\" class=\"wp-block-heading\"> Use a cor da guia na guia In\u00edcio<\/h2><ol type=\"1\"><li> Primeiro, ative a planilha para a qual deseja alterar a cor de fundo da guia.<\/li><li> Agora, clique no menu suspenso \u201cFormato\u201d.<\/li><li> Depois disso, v\u00e1 at\u00e9 a op\u00e7\u00e3o de cor da aba.<\/li><li> Ao final, escolha a cor que deseja aplicar e clique para aplic\u00e1-la. <\/li><\/ol><div class=\"wp-block-image\"><figure class=\"aligncenter size-full is-resized\"><img loading=\"lazy\" decoding=\"async\" class=\"wp-image-75248\" src=\"https:\/\/exceladvisor.org\/wp-content\/uploads\/2023\/08\/Icone-de-format-4-pour-les-couleurs.png\" sizes=\"auto, \" srcset=\"\" alt=\"\u00edcone de formato de cor\" width=\"424\" height=\"536\"><\/figure><\/div><p> E no Mac, as etapas s\u00e3o iguais \u00e0s do Windows. <\/p><div class=\"wp-block-image\"><figure class=\"aligncenter size-full is-resized\"><img loading=\"lazy\" decoding=\"async\" class=\"wp-image-75249\" src=\"https:\/\/exceladvisor.org\/wp-content\/uploads\/2023\/08\/Icone-de-format-5-pour-changer-de-couleur-sur-mac.png\" sizes=\"auto, \" srcset=\"\" alt=\"formatar \u00edcone para mudar de cor no mac\" width=\"397\" height=\"532\"><\/figure><\/div><h2 id=\"h-keyboard-shortcut-to-change-the-worksheet-tab-color\" class=\"wp-block-heading\"> Atalho de teclado para alterar a cor da guia da planilha<\/h2><p> <kbd>Alt<\/kbd> \u21e2 <kbd>H<\/kbd> \u21e2 <kbd>O<\/kbd> \u21e2 <kbd>T<\/kbd><\/p><p> Voc\u00ea precisa pressionar essas teclas em uma sequ\u00eancia, o que abrir\u00e1 a op\u00e7\u00e3o de cor da guia na lista suspensa de formato que usamos no m\u00e9todo anterior.<\/p><p> Depois de usar este atalho de teclado, voc\u00ea precisa escolher a cor usando as teclas de navega\u00e7\u00e3o e ao final pressionar Enter para aplicar a cor.<\/p><p class=\"mytip\"> Quando voc\u00ea ativa uma planilha, a cor da guia fica um pouco mais n\u00edtida do que sua tonalidade.<\/p><h2 id=\"h-custom-color\" class=\"wp-block-heading\"> Cor customizada<\/h2><p> Caso queira usar cores diferentes do tema e das cores padr\u00e3o, clique na op\u00e7\u00e3o \u201cMais cores\u2026\u201d. <\/p><div class=\"wp-block-image\"><figure class=\"aligncenter size-full is-resized\"><img loading=\"lazy\" decoding=\"async\" class=\"wp-image-84453\" src=\"https:\/\/exceladvisor.org\/wp-content\/uploads\/2023\/08\/4-couleurs-personnalisees.png\" sizes=\"auto, \" srcset=\"\" alt=\"cor customizada\" width=\"505\" height=\"378\"><\/figure><\/div><p> Na caixa de di\u00e1logo Mais cores, voc\u00ea pode usar o c\u00f3digo (HEX) ou (RGB) para especificar a cor personalizada que deseja aplicar \u00e0 guia. <\/p><div class=\"wp-block-image\"><figure class=\"aligncenter size-full is-resized\"><img loading=\"lazy\" decoding=\"async\" class=\"wp-image-84454\" src=\"https:\/\/exceladvisor.org\/wp-content\/uploads\/2023\/08\/5-utiliser-hexadecimal-ou-rvb.png\" sizes=\"auto, \" srcset=\"\" alt=\"use-hex-ou-rgb\" width=\"452\" height=\"444\"><\/figure><\/div><h2 id=\"h-remove-sheet-tab-color\" class=\"wp-block-heading\"> Remover cor da guia da planilha<\/h2><p> Se quiser remover a cor da guia da planilha, voc\u00ea pode usar qualquer um dos m\u00e9todos acima e abrir a op\u00e7\u00e3o de cor da guia. Depois disso, clique na op\u00e7\u00e3o \u201cSem cor\u201d para remover a cor. <\/p><div class=\"wp-block-image\"><figure class=\"aligncenter size-full is-resized\"><img loading=\"lazy\" decoding=\"async\" class=\"wp-image-75250\" src=\"https:\/\/exceladvisor.org\/wp-content\/uploads\/2023\/08\/6-supprimer-la-couleur-de-longlet.png\" sizes=\"auto, \" srcset=\"\" alt=\"remover guia de cores\" width=\"388\" height=\"328\"><\/figure><\/div><h2 id=\"h-i-can-t-apply-change-or-remove-the-tab-color\" class=\"wp-block-heading\"> N\u00e3o consigo aplicar, alterar ou remover a cor da guia<\/h2><p> Pode haver um motivo quando voc\u00ea abre a op\u00e7\u00e3o de cor da guia e ela fica esmaecida. <\/p><div class=\"wp-block-image\"><figure class=\"aligncenter size-full is-resized\"><img loading=\"lazy\" decoding=\"async\" class=\"wp-image-75251\" src=\"https:\/\/exceladvisor.org\/wp-content\/uploads\/2023\/08\/7-ne-peut-pas-changer-ou-supprimer-la-couleur-de-longlet.png\" sizes=\"auto, \" srcset=\"\" alt=\"n\u00e3o \u00e9 poss\u00edvel alterar ou remover a cor da guia\" width=\"307\" height=\"348\"><\/figure><\/div><p> O motivo pode ser que seu arquivo Excel esteja protegido. <\/p><div class=\"wp-block-image\"><figure class=\"aligncenter size-full is-resized\"><img loading=\"lazy\" decoding=\"async\" class=\"wp-image-75252\" src=\"https:\/\/exceladvisor.org\/wp-content\/uploads\/2023\/08\/8-proteger-le-classeur.png\" sizes=\"auto, \" srcset=\"\" alt=\"proteger-aglutinante\" width=\"593\" height=\"208\"><\/figure><\/div><h2 id=\"h-vba-code-to-add-tab-color\" class=\"wp-block-heading\"> C\u00f3digo VBA para adicionar cor da guia<\/h2><pre class=\"wp-block-code\"> <code class=\"language-visual-basic\" lang=\"visual-basic\"><strong>Sub<\/strong> ColorAllTab() <strong>Dim<\/strong> ws <strong>As<\/strong> Worksheet <strong>Dim<\/strong> wm <strong>As<\/strong> String <strong>Dim<\/strong> i <strong>As<\/strong> Integer wm = InputBox(\"Enter the Sheet Name to Apply the Tab Color\", \"Sheet Name\") <strong>For<\/strong> <strong>Each<\/strong> ws <strong>In<\/strong> ActiveWorkbook.Sheets <strong>If<\/strong> wm = ws.Name <strong>Then<\/strong>        ws.Tab.Color = RGB(237, 87, 60)        MsgBox \"Color Applied\" <strong>Exit<\/strong> <strong>Sub<\/strong> <strong>End<\/strong> <strong>If<\/strong> <strong>Next<\/strong> ws MsgBox \"No Sheet Found.\" <strong>End<\/strong> <strong>Sub<\/strong><\/code><\/pre><p> Usar um c\u00f3digo pode economizar tempo se voc\u00ea quiser adicionar cores a todas as planilhas da pasta de trabalho.<\/p><p> Ao <a href=\"https:\/\/exceladvisor.org\/pt\/executar-uma-macro-2\/\">executar este c\u00f3digo<\/a> , ele solicitar\u00e1 que voc\u00ea insira o nome da planilha na caixa de entrada. E depois de inserir o nome da planilha, uma cor ser\u00e1 aplicada a essa guia da planilha. <\/p><div class=\"wp-block-image\"><figure class=\"aligncenter size-full is-resized\"><img loading=\"lazy\" decoding=\"async\" class=\"wp-image-75253\" src=\"https:\/\/exceladvisor.org\/wp-content\/uploads\/2023\/08\/9-entrez-le-nom-de-la-feuille.png\" sizes=\"auto, \" srcset=\"\" alt=\"insira o nome da planilha\" width=\"453\" height=\"196\"><\/figure><\/div><p> Voc\u00ea pode alterar a cor alterando o c\u00f3digo de cores RGB. <\/p><div class=\"wp-block-image\"><figure class=\"aligncenter size-full is-resized\"><img loading=\"lazy\" decoding=\"async\" class=\"wp-image-75254\" src=\"https:\/\/exceladvisor.org\/wp-content\/uploads\/2023\/08\/10-vba-pour-changer-de-couleur.png\" sizes=\"auto, \" srcset=\"\" alt=\"vba-para-mudar-cor\" width=\"452\" height=\"197\"><\/figure><\/div><h2 id=\"h-notes\" class=\"wp-block-heading\"> Coment\u00e1rios<\/h2><ul type=\"1\"><li> Ao <a href=\"https:\/\/exceladvisor.org\/pt\/adicionar\/\" data-wpil=\"url\">adicionar uma nova planilha<\/a> , voc\u00ea deve adicionar uma cor de fundo. N\u00e3o h\u00e1 como ter uma guia de planilha com uma cor de fundo ao adicion\u00e1-la.<\/li><li> Para adicionar a mesma cor de guia a v\u00e1rias planilhas de uma vez, <a href=\"https:\/\/exceladvisor.org\/pt\/grupo-1\/\" data-wpil=\"url\">agrupe-as<\/a> e siga as mesmas etapas descritas acima. <\/li><\/ul><div class=\"gb-container gb-container-3044ba66 gb-container-mt\"><p class=\"gb-headline gb-headline-b5bb6270 gb-headline-text\"> <strong><a href=\"https:\/\/exceladvisor.org\/pt\/nocoes-basicas-de-excel\/\">No\u00e7\u00f5es b\u00e1sicas do Excel<\/a><\/strong> \/ <strong><a href=\"https:\/\/exceladvisor.org\/pt\/planilha\/\" data-wpil=\"url\">planilha do Excel<\/a><\/strong><\/p><h2 class=\"gb-headline gb-headline-819d540d gb-headline-text gb-headline-mt-heading\"> Mais tutoriais <\/h2><div class=\"gb-grid-wrapper gb-grid-wrapper-7f3d805a gb-grid-wrapper-mt-grid\"><div class=\"gb-grid-column gb-grid-column-7495e031\"><div class=\"gb-container gb-container-7495e031\"><ul><li> <a href=\"https:\/\/exceladvisor.org\/pt\/consolidar\/\">Consolide dados de v\u00e1rias planilhas<\/a><\/li><li> <a href=\"https:\/\/exceladvisor.org\/pt\/renomear\/\">Renomear planilha no Excel<\/a><\/li><li> <a href=\"https:\/\/exceladvisor.org\/pt\/grupo-1\/\">Planilhas de grupo no Excel<\/a><\/li><li> <a href=\"https:\/\/exceladvisor.org\/pt\/veja-lado-a-lado\/\">Visualize duas planilhas lado a lado no Excel<\/a><\/li><li> <a href=\"https:\/\/exceladvisor.org\/pt\/adicionar\/\">Adicionar uma planilha no Excel<\/a><\/li><\/ul><\/div><\/div><\/div><\/div>","protected":false},"excerpt":{"rendered":"","protected":false},"author":1,"featured_media":0,"parent":0,"menu_order":0,"comment_status":"open","ping_status":"closed","template":"","meta":{"ub_ctt_via":"","footnotes":""},"class_list":["post-358","page","type-page","status-publish","hentry"],"featured_image_src":null,"yoast_head":"<!-- This site is optimized with the Yoast SEO plugin v25.4 - https:\/\/yoast.com\/wordpress\/plugins\/seo\/ -->\n<title>Diferentes maneiras de alterar a cor da guia no Excel<\/title>\n<meta name=\"description\" content=\"Neste tutorial, aprenderemos diferentes m\u00e9todos para alterar a cor da guia da planilha.\" \/>\n<meta name=\"robots\" content=\"index, follow, max-snippet:-1, max-image-preview:large, max-video-preview:-1\" \/>\n<link rel=\"canonical\" href=\"https:\/\/exceladvisor.org\/pt\/alterar-a-cor-da-guia\/\" \/>\n<meta property=\"og:locale\" content=\"pt_PT\" \/>\n<meta property=\"og:type\" content=\"article\" \/>\n<meta property=\"og:title\" content=\"Diferentes maneiras de alterar a cor da guia no Excel\" \/>\n<meta property=\"og:description\" content=\"Neste tutorial, aprenderemos diferentes m\u00e9todos para alterar a cor da guia da planilha.\" \/>\n<meta property=\"og:url\" content=\"https:\/\/exceladvisor.org\/pt\/alterar-a-cor-da-guia\/\" \/>\n<meta property=\"og:site_name\" content=\"Excel Advisor\" \/>\n<meta property=\"article:modified_time\" content=\"2023-12-06T11:38:30+00:00\" \/>\n<meta property=\"og:image\" content=\"https:\/\/exceladvisor.org\/wp-content\/uploads\/2023\/08\/1-onglet-de-changement-de-couleur.png\" \/>\n<meta name=\"twitter:card\" content=\"summary_large_image\" \/>\n<meta name=\"twitter:label1\" content=\"Tempo estimado de leitura\" \/>\n\t<meta name=\"twitter:data1\" content=\"3 minutos\" \/>\n<script type=\"application\/ld+json\" class=\"yoast-schema-graph\">{\"@context\":\"https:\/\/schema.org\",\"@graph\":[{\"@type\":\"WebPage\",\"@id\":\"https:\/\/exceladvisor.org\/pt\/alterar-a-cor-da-guia\/\",\"url\":\"https:\/\/exceladvisor.org\/pt\/alterar-a-cor-da-guia\/\",\"name\":\"Diferentes maneiras de alterar a cor da guia no Excel\",\"isPartOf\":{\"@id\":\"https:\/\/exceladvisor.org\/pt\/#website\"},\"primaryImageOfPage\":{\"@id\":\"https:\/\/exceladvisor.org\/pt\/alterar-a-cor-da-guia\/#primaryimage\"},\"image\":{\"@id\":\"https:\/\/exceladvisor.org\/pt\/alterar-a-cor-da-guia\/#primaryimage\"},\"thumbnailUrl\":\"https:\/\/exceladvisor.org\/wp-content\/uploads\/2023\/08\/1-onglet-de-changement-de-couleur.png\",\"datePublished\":\"2023-10-31T22:43:02+00:00\",\"dateModified\":\"2023-12-06T11:38:30+00:00\",\"description\":\"Neste tutorial, aprenderemos diferentes m\u00e9todos para alterar a cor da guia da planilha.\",\"breadcrumb\":{\"@id\":\"https:\/\/exceladvisor.org\/pt\/alterar-a-cor-da-guia\/#breadcrumb\"},\"inLanguage\":\"pt-PT\",\"potentialAction\":[{\"@type\":\"ReadAction\",\"target\":[\"https:\/\/exceladvisor.org\/pt\/alterar-a-cor-da-guia\/\"]}]},{\"@type\":\"ImageObject\",\"inLanguage\":\"pt-PT\",\"@id\":\"https:\/\/exceladvisor.org\/pt\/alterar-a-cor-da-guia\/#primaryimage\",\"url\":\"https:\/\/exceladvisor.org\/wp-content\/uploads\/2023\/08\/1-onglet-de-changement-de-couleur.png\",\"contentUrl\":\"https:\/\/exceladvisor.org\/wp-content\/uploads\/2023\/08\/1-onglet-de-changement-de-couleur.png\"},{\"@type\":\"BreadcrumbList\",\"@id\":\"https:\/\/exceladvisor.org\/pt\/alterar-a-cor-da-guia\/#breadcrumb\",\"itemListElement\":[{\"@type\":\"ListItem\",\"position\":1,\"name\":\"Lar\",\"item\":\"https:\/\/exceladvisor.org\/pt\/\"},{\"@type\":\"ListItem\",\"position\":2,\"name\":\"Como mudar a cor da aba?\"}]},{\"@type\":\"WebSite\",\"@id\":\"https:\/\/exceladvisor.org\/pt\/#website\",\"url\":\"https:\/\/exceladvisor.org\/pt\/\",\"name\":\"Excel Advisor\",\"description\":\"O seu guia definitivo para dominar os dados!\",\"publisher\":{\"@id\":\"https:\/\/exceladvisor.org\/pt\/#organization\"},\"potentialAction\":[{\"@type\":\"SearchAction\",\"target\":{\"@type\":\"EntryPoint\",\"urlTemplate\":\"https:\/\/exceladvisor.org\/pt\/?s={search_term_string}\"},\"query-input\":{\"@type\":\"PropertyValueSpecification\",\"valueRequired\":true,\"valueName\":\"search_term_string\"}}],\"inLanguage\":\"pt-PT\"},{\"@type\":\"Organization\",\"@id\":\"https:\/\/exceladvisor.org\/pt\/#organization\",\"name\":\"Excel Advisor\",\"url\":\"https:\/\/exceladvisor.org\/pt\/\",\"logo\":{\"@type\":\"ImageObject\",\"inLanguage\":\"pt-PT\",\"@id\":\"https:\/\/exceladvisor.org\/pt\/#\/schema\/logo\/image\/\",\"url\":\"https:\/\/exceladvisor.org\/pt\/wp-content\/uploads\/2023\/12\/exceladvisor.org_.png\",\"contentUrl\":\"https:\/\/exceladvisor.org\/pt\/wp-content\/uploads\/2023\/12\/exceladvisor.org_.png\",\"width\":105,\"height\":36,\"caption\":\"Excel Advisor\"},\"image\":{\"@id\":\"https:\/\/exceladvisor.org\/pt\/#\/schema\/logo\/image\/\"}}]}<\/script>\n<!-- \/ Yoast SEO plugin. -->","yoast_head_json":{"title":"Diferentes maneiras de alterar a cor da guia no Excel","description":"Neste tutorial, aprenderemos diferentes m\u00e9todos para alterar a cor da guia da planilha.","robots":{"index":"index","follow":"follow","max-snippet":"max-snippet:-1","max-image-preview":"max-image-preview:large","max-video-preview":"max-video-preview:-1"},"canonical":"https:\/\/exceladvisor.org\/pt\/alterar-a-cor-da-guia\/","og_locale":"pt_PT","og_type":"article","og_title":"Diferentes maneiras de alterar a cor da guia no Excel","og_description":"Neste tutorial, aprenderemos diferentes m\u00e9todos para alterar a cor da guia da planilha.","og_url":"https:\/\/exceladvisor.org\/pt\/alterar-a-cor-da-guia\/","og_site_name":"Excel Advisor","article_modified_time":"2023-12-06T11:38:30+00:00","og_image":[{"url":"https:\/\/exceladvisor.org\/wp-content\/uploads\/2023\/08\/1-onglet-de-changement-de-couleur.png","type":"","width":"","height":""}],"twitter_card":"summary_large_image","twitter_misc":{"Tempo estimado de leitura":"3 minutos"},"schema":{"@context":"https:\/\/schema.org","@graph":[{"@type":"WebPage","@id":"https:\/\/exceladvisor.org\/pt\/alterar-a-cor-da-guia\/","url":"https:\/\/exceladvisor.org\/pt\/alterar-a-cor-da-guia\/","name":"Diferentes maneiras de alterar a cor da guia no Excel","isPartOf":{"@id":"https:\/\/exceladvisor.org\/pt\/#website"},"primaryImageOfPage":{"@id":"https:\/\/exceladvisor.org\/pt\/alterar-a-cor-da-guia\/#primaryimage"},"image":{"@id":"https:\/\/exceladvisor.org\/pt\/alterar-a-cor-da-guia\/#primaryimage"},"thumbnailUrl":"https:\/\/exceladvisor.org\/wp-content\/uploads\/2023\/08\/1-onglet-de-changement-de-couleur.png","datePublished":"2023-10-31T22:43:02+00:00","dateModified":"2023-12-06T11:38:30+00:00","description":"Neste tutorial, aprenderemos diferentes m\u00e9todos para alterar a cor da guia da planilha.","breadcrumb":{"@id":"https:\/\/exceladvisor.org\/pt\/alterar-a-cor-da-guia\/#breadcrumb"},"inLanguage":"pt-PT","potentialAction":[{"@type":"ReadAction","target":["https:\/\/exceladvisor.org\/pt\/alterar-a-cor-da-guia\/"]}]},{"@type":"ImageObject","inLanguage":"pt-PT","@id":"https:\/\/exceladvisor.org\/pt\/alterar-a-cor-da-guia\/#primaryimage","url":"https:\/\/exceladvisor.org\/wp-content\/uploads\/2023\/08\/1-onglet-de-changement-de-couleur.png","contentUrl":"https:\/\/exceladvisor.org\/wp-content\/uploads\/2023\/08\/1-onglet-de-changement-de-couleur.png"},{"@type":"BreadcrumbList","@id":"https:\/\/exceladvisor.org\/pt\/alterar-a-cor-da-guia\/#breadcrumb","itemListElement":[{"@type":"ListItem","position":1,"name":"Lar","item":"https:\/\/exceladvisor.org\/pt\/"},{"@type":"ListItem","position":2,"name":"Como mudar a cor da aba?"}]},{"@type":"WebSite","@id":"https:\/\/exceladvisor.org\/pt\/#website","url":"https:\/\/exceladvisor.org\/pt\/","name":"Excel Advisor","description":"O seu guia definitivo para dominar os dados!","publisher":{"@id":"https:\/\/exceladvisor.org\/pt\/#organization"},"potentialAction":[{"@type":"SearchAction","target":{"@type":"EntryPoint","urlTemplate":"https:\/\/exceladvisor.org\/pt\/?s={search_term_string}"},"query-input":{"@type":"PropertyValueSpecification","valueRequired":true,"valueName":"search_term_string"}}],"inLanguage":"pt-PT"},{"@type":"Organization","@id":"https:\/\/exceladvisor.org\/pt\/#organization","name":"Excel Advisor","url":"https:\/\/exceladvisor.org\/pt\/","logo":{"@type":"ImageObject","inLanguage":"pt-PT","@id":"https:\/\/exceladvisor.org\/pt\/#\/schema\/logo\/image\/","url":"https:\/\/exceladvisor.org\/pt\/wp-content\/uploads\/2023\/12\/exceladvisor.org_.png","contentUrl":"https:\/\/exceladvisor.org\/pt\/wp-content\/uploads\/2023\/12\/exceladvisor.org_.png","width":105,"height":36,"caption":"Excel Advisor"},"image":{"@id":"https:\/\/exceladvisor.org\/pt\/#\/schema\/logo\/image\/"}}]}},"yoast_meta":{"yoast_wpseo_title":"","yoast_wpseo_metadesc":"","yoast_wpseo_canonical":""},"_links":{"self":[{"href":"https:\/\/exceladvisor.org\/pt\/wp-json\/wp\/v2\/pages\/358","targetHints":{"allow":["GET"]}}],"collection":[{"href":"https:\/\/exceladvisor.org\/pt\/wp-json\/wp\/v2\/pages"}],"about":[{"href":"https:\/\/exceladvisor.org\/pt\/wp-json\/wp\/v2\/types\/page"}],"author":[{"embeddable":true,"href":"https:\/\/exceladvisor.org\/pt\/wp-json\/wp\/v2\/users\/1"}],"replies":[{"embeddable":true,"href":"https:\/\/exceladvisor.org\/pt\/wp-json\/wp\/v2\/comments?post=358"}],"version-history":[{"count":1,"href":"https:\/\/exceladvisor.org\/pt\/wp-json\/wp\/v2\/pages\/358\/revisions"}],"predecessor-version":[{"id":1129,"href":"https:\/\/exceladvisor.org\/pt\/wp-json\/wp\/v2\/pages\/358\/revisions\/1129"}],"wp:attachment":[{"href":"https:\/\/exceladvisor.org\/pt\/wp-json\/wp\/v2\/media?parent=358"}],"curies":[{"name":"wp","href":"https:\/\/api.w.org\/{rel}","templated":true}]}}