{"id":359,"date":"2023-10-31T22:33:40","date_gmt":"2023-10-31T22:33:40","guid":{"rendered":"https:\/\/exceladvisor.org\/pt\/cifrao\/"},"modified":"2023-12-06T11:33:59","modified_gmt":"2023-12-06T11:33:59","slug":"cifrao","status":"publish","type":"page","link":"https:\/\/exceladvisor.org\/pt\/cifrao\/","title":{"rendered":"Como adicionar um cifr\u00e3o no excel?"},"content":{"rendered":"<div class=\"excel-before-content-2\" id=\"excel-697702708\"><script type=\"text\/javascript\">\r\n\tatOptions = {\r\n\t\t'key' : 'c1158f160081d6540a8409e6925dab94',\r\n\t\t'format' : 'iframe',\r\n\t\t'height' : 250,\r\n\t\t'width' : 300,\r\n\t\t'params' : {}\r\n\t};\r\n<\/script>\r\n<script type=\"text\/javascript\" src=\"\/\/www.highperformanceformat.com\/c1158f160081d6540a8409e6925dab94\/invoke.js\"><\/script><\/div><div class=\"excel-before-content\" id=\"excel-3844699552\"><script type=\"text\/javascript\">\r\n\tatOptions = {\r\n\t\t'key' : 'c1158f160081d6540a8409e6925dab94',\r\n\t\t'format' : 'iframe',\r\n\t\t'height' : 250,\r\n\t\t'width' : 300,\r\n\t\t'params' : {}\r\n\t};\r\n<\/script>\r\n<script type=\"text\/javascript\" src=\"\/\/www.highperformanceformat.com\/c1158f160081d6540a8409e6925dab94\/invoke.js\"><\/script><\/div> <p>No Excel, os usu\u00e1rios adicionam o cifr\u00e3o $ ao in\u00edcio do valor, representando o valor como um valor monet\u00e1rio. Voc\u00ea tamb\u00e9m pode converter valores num\u00e9ricos padr\u00e3o em valores monet\u00e1rios adicionando o sinal $ na frente deles.<\/p><p> Existem v\u00e1rias maneiras de adicionar o sinal $ D\u00f3lar no Excel, como adicionar manualmente o sinal $ nas c\u00e9lulas ou alterar o formato das c\u00e9lulas para moeda ou formato cont\u00e1bil. <\/p><div class=\"wp-block-image\"><figure class=\"aligncenter size-full\"><img loading=\"lazy\" decoding=\"async\" class=\"wp-image-80373\" src=\"https:\/\/exceladvisor.org\/wp-content\/uploads\/2023\/08\/1-ajouter-un-signe.png\" sizes=\"auto, \" srcset=\"\" alt=\"adicionar-$-sinal\" width=\"315\" height=\"227\"><\/figure><\/div><p> Este tutorial mostrar\u00e1 como adicionar o sinal $ D\u00f3lar nas c\u00e9lulas de v\u00e1rias maneiras.<\/p><h2 class=\"wp-block-heading\"> Adicione o cifr\u00e3o digitando o sinal $<\/h2><ol><li> Primeiro, v\u00e1 at\u00e9 a c\u00e9lula e clique duas vezes nela ou pressione as teclas \u201cFn+F2\u201d para colocar a c\u00e9lula no modo de edi\u00e7\u00e3o.<\/li><li> Depois disso, mova o cursor para a esquerda na frente do valor e pressione as teclas \u201cShift + $\u201d simultaneamente, e o sinal $ ser\u00e1 adicionado na frente do valor. <br><img loading=\"lazy\" decoding=\"async\" title=\"2 teclas de teclado para adicionar um sinal\" src=\"https:\/\/exceladvisor.org\/wp-content\/uploads\/2023\/08\/2-touches-de-clavier-pour-ajouter-un-signe.png\" sizes=\"auto, \" srcset=\"\" alt=\"keyboard-keys-to-add-$-sign\" width=\"746\" height=\"294\"><\/li><li> Depois que o sinal $ for adicionado \u00e0 c\u00e9lula, use o <a href=\"https:\/\/exceladvisor.org\/pt\/formato-de-pintor\/\">Pincel de formato<\/a> para copiar e colar a formata\u00e7\u00e3o no restante das c\u00e9lulas para adicionar automaticamente o sinal $ l\u00e1. <br><img loading=\"lazy\" decoding=\"async\" title=\"3-copiar-colar-valores-min.gif\" src=\"https:\/\/exceladvisor.org\/wp-content\/uploads\/2023\/08\/3-valeurs-copier-coller-min.gif\" sizes=\"auto, \" srcset=\"\" alt=\"copy-paste-values\" width=\"241\" height=\"302\"><\/li><\/ol><h2 class=\"wp-block-heading\"> Adicione um cifr\u00e3o usando a fun\u00e7\u00e3o concatenar<\/h2><p> Voc\u00ea pode usar a fun\u00e7\u00e3o CONCATENATE para adicionar o sinal $ aos valores das c\u00e9lulas seguindo as etapas abaixo:<\/p><ol><li> Primeiro, v\u00e1 at\u00e9 a c\u00e9lula e escreva a f\u00f3rmula \u201cConcatena\u00e7\u00e3o\u201d.<\/li><li> Na f\u00f3rmula mostrada na imagem abaixo, ap\u00f3s os par\u00eanteses abertos, insira o cifr\u00e3o \u201c$\u201d e insira uma v\u00edrgula, a seguir selecione a refer\u00eancia da c\u00e9lula (B2) onde est\u00e1 o valor, a seguir feche os par\u00eanteses e pressione Enter. <br><img loading=\"lazy\" decoding=\"async\" title=\"4-concatenar para adicionar sinal\" src=\"https:\/\/exceladvisor.org\/wp-content\/uploads\/2023\/08\/4-concatener-pour-ajouter-un-signe.png\" sizes=\"auto, \" srcset=\"\" alt=\"concatenate-to-add-$-sign\" width=\"597\" height=\"236\"><\/li><li> Depois disso, passe o mouse sobre o canto inferior direito da c\u00e9lula e clique duas vezes com o bot\u00e3o direito para copiar a f\u00f3rmula para o restante das c\u00e9lulas. <br><img loading=\"lazy\" decoding=\"async\" title=\"5-preencher-al\u00e7a-para-copiar-formato-min.gif\" src=\"https:\/\/exceladvisor.org\/wp-content\/uploads\/2023\/08\/5-poignee-de-remplissage-pour-copier-le-format-min.gif\" sizes=\"auto, \" srcset=\"\" alt=\"fill-handle-to-copy-format\" width=\"415\" height=\"215\"><\/li><li> Copie o intervalo de c\u00e9lulas com f\u00f3rmula e cole especial nas c\u00e9lulas onde deseja ter o sinal $ com valores e depois converta-os em valores num\u00e9ricos conforme mostrado abaixo na imagem. <br><img loading=\"lazy\" decoding=\"async\" title=\"6-cole-especial-e-converta-para-formato-de-n\u00famero-min.gif\" src=\"https:\/\/exceladvisor.org\/wp-content\/uploads\/2023\/08\/6-coller-special-et-convertir-au-format-numerique-min.gif\" sizes=\"auto, \" srcset=\"\" alt=\"paste-special-and-convert-to-number-format\" width=\"418\" height=\"205\"><\/li><\/ol><h2 class=\"wp-block-heading\"> Adicione um cifr\u00e3o usando a fun\u00e7\u00e3o de texto<\/h2><p> Voc\u00ea tamb\u00e9m pode usar a fun\u00e7\u00e3o de texto para adicionar c\u00e9lulas de sinal $ seguindo as etapas abaixo:<\/p><ol><li> Primeiro, v\u00e1 at\u00e9 a c\u00e9lula vazia e escreva a f\u00f3rmula \u201cTEXTO\u201d.<\/li><li> Na f\u00f3rmula, conforme imagem abaixo, ap\u00f3s os par\u00eanteses abertos, selecione a refer\u00eancia da c\u00e9lula (B2) onde est\u00e1 o valor com o qual deseja adicionar o sinal $ e insira uma v\u00edrgula, a seguir escreva o \u201c$ 00\u201d como formato de valor de texto e feche os par\u00eanteses e pressione Enter. <br><img loading=\"lazy\" decoding=\"async\" title=\"7-texto para adicionar sinal\" src=\"https:\/\/exceladvisor.org\/wp-content\/uploads\/2023\/08\/7-texte-pour-ajouter-un-signe.png\" sizes=\"auto, \" srcset=\"\" alt=\"text-to-add-$-sign\" width=\"474\" height=\"222\"><\/li><li> Depois disso, passe o mouse sobre o canto inferior direito da c\u00e9lula e clique duas vezes com o bot\u00e3o direito para copiar a f\u00f3rmula para o restante das c\u00e9lulas.<\/li><li> Copie o intervalo de c\u00e9lulas com f\u00f3rmula e cole especial nas c\u00e9lulas onde deseja ter o sinal $ com valores e depois converta-os em valores num\u00e9ricos conforme mostrado abaixo na imagem. <br><img loading=\"lazy\" decoding=\"async\" title=\"8-paste-special-and-number-format-min.gif\" src=\"https:\/\/exceladvisor.org\/wp-content\/uploads\/2023\/08\/8-pates-speciales-et-format-numerique-min.gif\" sizes=\"auto, \" srcset=\"\" alt=\"paste-special-and-number-format\" width=\"427\" height=\"209\"><\/li><\/ol><h2 class=\"wp-block-heading\"> Adicione o cifr\u00e3o convertendo a formata\u00e7\u00e3o da c\u00e9lula em formato monet\u00e1rio ou cont\u00e1bil<\/h2><ol><li> Primeiro, selecione o intervalo de c\u00e9lulas e v\u00e1 para a guia \u201cHome\u201d.<\/li><li> Depois disso, clique na seta suspensa \u201cFormato\u201d no grupo \u201cN\u00famero\u201d e escolha a op\u00e7\u00e3o \u201cMoeda\u201d ou \u201cContabilidade\u201d no menu.<\/li><li> Depois de escolher um dos dois formatos, um sinal $ ser\u00e1 adicionado nas c\u00e9lulas antes dos valores. <\/li><\/ol><div class=\"wp-block-image\"><figure class=\"aligncenter size-full is-resized\"><img loading=\"lazy\" decoding=\"async\" class=\"wp-image-80381\" src=\"https:\/\/exceladvisor.org\/wp-content\/uploads\/2023\/08\/9-formats-monetaires-et-comptables.png\" sizes=\"auto, \" srcset=\"\" alt=\"formatos de moeda e contabilidade\" width=\"620\" height=\"351\"><\/figure><\/div><p> A \u00fanica diferen\u00e7a entre <a href=\"https:\/\/exceladvisor.org\/pt\/formato-de-numero-contabil\/\">o formato de moeda e o formato de contabilidade<\/a> \u00e9 que na formata\u00e7\u00e3o de moeda, coloca-se o sinal $ no in\u00edcio do valor. No formato cont\u00e1bil, ele coloca o sinal $ na extrema esquerda ou, pode-se dizer, no in\u00edcio da c\u00e9lula. <\/p><div class=\"wp-block-image\"><figure class=\"aligncenter size-full is-resized\"><img loading=\"lazy\" decoding=\"async\" class=\"wp-image-80382\" src=\"https:\/\/exceladvisor.org\/wp-content\/uploads\/2023\/08\/10-devise-vs-format-comptable.png\" sizes=\"auto, \" srcset=\"\" alt=\"formato moeda versus formato cont\u00e1bil\" width=\"461\" height=\"263\"><\/figure><\/div><h2 class=\"wp-block-heading\"> Atalho para aplicar formato de moeda para adicionar cifr\u00e3o<\/h2><p> Voc\u00ea pode converter a formata\u00e7\u00e3o de c\u00e9lulas em formata\u00e7\u00e3o de moeda usando o <a href=\"https:\/\/exceladvisor.org\/pt\/formato-de-moeda\/\"><strong>atalho de teclado para Formato de moeda<\/strong><\/a> :<\/p><p> <kbd>Ctrl<\/kbd> + <kbd>Shift<\/kbd> + <kbd>$<\/kbd><\/p><div class=\"gb-container gb-container-4db6181c gb-container-mt\"> <a class=\"gb-button gb-button-c5897111 gb-button-text gb-button-mt-button\" href=\"https:\/\/exceladvisor.org\/pt\/nocoes-basicas-de-excel\/\">No\u00e7\u00f5es b\u00e1sicas do Microsoft Excel (componentes, pe\u00e7as e notas de conhecimento)<\/a><h2 class=\"gb-headline gb-headline-665e5f6b gb-headline-text gb-headline-mt-heading\"> Tutoriais relacionados <\/h2><div class=\"gb-grid-wrapper gb-grid-wrapper-a20baf7c gb-grid-wrapper-mt-grid\"><div class=\"gb-grid-column gb-grid-column-65ddf67e\"><div class=\"gb-container gb-container-65ddf67e\"><ul><li> <a href=\"https:\/\/exceladvisor.org\/pt\/fundir-celulas-dissociadas\/\">Mesclar \u2013 desagrupar c\u00e9lulas no Excel<\/a><\/li><li> <a href=\"https:\/\/exceladvisor.org\/pt\/verificador-ortografico\/\">Verifica\u00e7\u00e3o ortogr\u00e1fica no Excel<\/a><\/li><li> <a href=\"https:\/\/exceladvisor.org\/pt\/cancelamento\/\">Aumentar e diminuir o recuo no Excel<\/a><\/li><li> <a href=\"https:\/\/exceladvisor.org\/pt\/girar-texto\/\">Girar texto no Excel (orienta\u00e7\u00e3o do texto)<\/a> <\/li><\/ul><\/div><\/div><div class=\"gb-grid-column gb-grid-column-50067b57\"><div class=\"gb-container gb-container-50067b57\"><\/div><\/div><\/div><\/div>","protected":false},"excerpt":{"rendered":"","protected":false},"author":1,"featured_media":0,"parent":0,"menu_order":0,"comment_status":"open","ping_status":"closed","template":"","meta":{"ub_ctt_via":"","footnotes":""},"class_list":["post-359","page","type-page","status-publish","hentry"],"featured_image_src":null,"yoast_head":"<!-- This site is optimized with the Yoast SEO plugin v25.4 - https:\/\/yoast.com\/wordpress\/plugins\/seo\/ -->\n<title>\u25b7 Como adicionar o cifr\u00e3o no Excel? (Tutorial 2023)<\/title>\n<meta name=\"description\" content=\"Este \u00e9 um tutorial b\u00e1sico do Microsoft Excel para adicionar um cifr\u00e3o a uma c\u00e9lula. Neste tutorial voc\u00ea aprender\u00e1 como...\" \/>\n<meta name=\"robots\" content=\"index, follow, max-snippet:-1, max-image-preview:large, max-video-preview:-1\" \/>\n<link rel=\"canonical\" href=\"https:\/\/exceladvisor.org\/pt\/cifrao\/\" \/>\n<meta property=\"og:locale\" content=\"pt_PT\" \/>\n<meta property=\"og:type\" content=\"article\" \/>\n<meta property=\"og:title\" content=\"\u25b7 Como adicionar o cifr\u00e3o no Excel? (Tutorial 2023)\" \/>\n<meta property=\"og:description\" content=\"Este \u00e9 um tutorial b\u00e1sico do Microsoft Excel para adicionar um cifr\u00e3o a uma c\u00e9lula. Neste tutorial voc\u00ea aprender\u00e1 como...\" \/>\n<meta property=\"og:url\" content=\"https:\/\/exceladvisor.org\/pt\/cifrao\/\" \/>\n<meta property=\"og:site_name\" content=\"Excel Advisor\" \/>\n<meta property=\"article:modified_time\" content=\"2023-12-06T11:33:59+00:00\" \/>\n<meta property=\"og:image\" content=\"https:\/\/exceladvisor.org\/wp-content\/uploads\/2023\/08\/1-ajouter-un-signe.png\" \/>\n<meta name=\"twitter:card\" content=\"summary_large_image\" \/>\n<meta name=\"twitter:label1\" content=\"Tempo estimado de leitura\" \/>\n\t<meta name=\"twitter:data1\" content=\"3 minutos\" \/>\n<script type=\"application\/ld+json\" class=\"yoast-schema-graph\">{\"@context\":\"https:\/\/schema.org\",\"@graph\":[{\"@type\":\"WebPage\",\"@id\":\"https:\/\/exceladvisor.org\/pt\/cifrao\/\",\"url\":\"https:\/\/exceladvisor.org\/pt\/cifrao\/\",\"name\":\"\u25b7 Como adicionar o cifr\u00e3o no Excel? (Tutorial 2023)\",\"isPartOf\":{\"@id\":\"https:\/\/exceladvisor.org\/pt\/#website\"},\"primaryImageOfPage\":{\"@id\":\"https:\/\/exceladvisor.org\/pt\/cifrao\/#primaryimage\"},\"image\":{\"@id\":\"https:\/\/exceladvisor.org\/pt\/cifrao\/#primaryimage\"},\"thumbnailUrl\":\"https:\/\/exceladvisor.org\/wp-content\/uploads\/2023\/08\/1-ajouter-un-signe.png\",\"datePublished\":\"2023-10-31T22:33:40+00:00\",\"dateModified\":\"2023-12-06T11:33:59+00:00\",\"description\":\"Este \u00e9 um tutorial b\u00e1sico do Microsoft Excel para adicionar um cifr\u00e3o a uma c\u00e9lula. Neste tutorial voc\u00ea aprender\u00e1 como...\",\"breadcrumb\":{\"@id\":\"https:\/\/exceladvisor.org\/pt\/cifrao\/#breadcrumb\"},\"inLanguage\":\"pt-PT\",\"potentialAction\":[{\"@type\":\"ReadAction\",\"target\":[\"https:\/\/exceladvisor.org\/pt\/cifrao\/\"]}]},{\"@type\":\"ImageObject\",\"inLanguage\":\"pt-PT\",\"@id\":\"https:\/\/exceladvisor.org\/pt\/cifrao\/#primaryimage\",\"url\":\"https:\/\/exceladvisor.org\/wp-content\/uploads\/2023\/08\/1-ajouter-un-signe.png\",\"contentUrl\":\"https:\/\/exceladvisor.org\/wp-content\/uploads\/2023\/08\/1-ajouter-un-signe.png\"},{\"@type\":\"BreadcrumbList\",\"@id\":\"https:\/\/exceladvisor.org\/pt\/cifrao\/#breadcrumb\",\"itemListElement\":[{\"@type\":\"ListItem\",\"position\":1,\"name\":\"Lar\",\"item\":\"https:\/\/exceladvisor.org\/pt\/\"},{\"@type\":\"ListItem\",\"position\":2,\"name\":\"Como adicionar um cifr\u00e3o no excel?\"}]},{\"@type\":\"WebSite\",\"@id\":\"https:\/\/exceladvisor.org\/pt\/#website\",\"url\":\"https:\/\/exceladvisor.org\/pt\/\",\"name\":\"Excel Advisor\",\"description\":\"O seu guia definitivo para dominar os dados!\",\"publisher\":{\"@id\":\"https:\/\/exceladvisor.org\/pt\/#organization\"},\"potentialAction\":[{\"@type\":\"SearchAction\",\"target\":{\"@type\":\"EntryPoint\",\"urlTemplate\":\"https:\/\/exceladvisor.org\/pt\/?s={search_term_string}\"},\"query-input\":{\"@type\":\"PropertyValueSpecification\",\"valueRequired\":true,\"valueName\":\"search_term_string\"}}],\"inLanguage\":\"pt-PT\"},{\"@type\":\"Organization\",\"@id\":\"https:\/\/exceladvisor.org\/pt\/#organization\",\"name\":\"Excel Advisor\",\"url\":\"https:\/\/exceladvisor.org\/pt\/\",\"logo\":{\"@type\":\"ImageObject\",\"inLanguage\":\"pt-PT\",\"@id\":\"https:\/\/exceladvisor.org\/pt\/#\/schema\/logo\/image\/\",\"url\":\"https:\/\/exceladvisor.org\/pt\/wp-content\/uploads\/2023\/12\/exceladvisor.org_.png\",\"contentUrl\":\"https:\/\/exceladvisor.org\/pt\/wp-content\/uploads\/2023\/12\/exceladvisor.org_.png\",\"width\":105,\"height\":36,\"caption\":\"Excel Advisor\"},\"image\":{\"@id\":\"https:\/\/exceladvisor.org\/pt\/#\/schema\/logo\/image\/\"}}]}<\/script>\n<!-- \/ Yoast SEO plugin. -->","yoast_head_json":{"title":"\u25b7 Como adicionar o cifr\u00e3o no Excel? (Tutorial 2023)","description":"Este \u00e9 um tutorial b\u00e1sico do Microsoft Excel para adicionar um cifr\u00e3o a uma c\u00e9lula. Neste tutorial voc\u00ea aprender\u00e1 como...","robots":{"index":"index","follow":"follow","max-snippet":"max-snippet:-1","max-image-preview":"max-image-preview:large","max-video-preview":"max-video-preview:-1"},"canonical":"https:\/\/exceladvisor.org\/pt\/cifrao\/","og_locale":"pt_PT","og_type":"article","og_title":"\u25b7 Como adicionar o cifr\u00e3o no Excel? (Tutorial 2023)","og_description":"Este \u00e9 um tutorial b\u00e1sico do Microsoft Excel para adicionar um cifr\u00e3o a uma c\u00e9lula. Neste tutorial voc\u00ea aprender\u00e1 como...","og_url":"https:\/\/exceladvisor.org\/pt\/cifrao\/","og_site_name":"Excel Advisor","article_modified_time":"2023-12-06T11:33:59+00:00","og_image":[{"url":"https:\/\/exceladvisor.org\/wp-content\/uploads\/2023\/08\/1-ajouter-un-signe.png","type":"","width":"","height":""}],"twitter_card":"summary_large_image","twitter_misc":{"Tempo estimado de leitura":"3 minutos"},"schema":{"@context":"https:\/\/schema.org","@graph":[{"@type":"WebPage","@id":"https:\/\/exceladvisor.org\/pt\/cifrao\/","url":"https:\/\/exceladvisor.org\/pt\/cifrao\/","name":"\u25b7 Como adicionar o cifr\u00e3o no Excel? (Tutorial 2023)","isPartOf":{"@id":"https:\/\/exceladvisor.org\/pt\/#website"},"primaryImageOfPage":{"@id":"https:\/\/exceladvisor.org\/pt\/cifrao\/#primaryimage"},"image":{"@id":"https:\/\/exceladvisor.org\/pt\/cifrao\/#primaryimage"},"thumbnailUrl":"https:\/\/exceladvisor.org\/wp-content\/uploads\/2023\/08\/1-ajouter-un-signe.png","datePublished":"2023-10-31T22:33:40+00:00","dateModified":"2023-12-06T11:33:59+00:00","description":"Este \u00e9 um tutorial b\u00e1sico do Microsoft Excel para adicionar um cifr\u00e3o a uma c\u00e9lula. Neste tutorial voc\u00ea aprender\u00e1 como...","breadcrumb":{"@id":"https:\/\/exceladvisor.org\/pt\/cifrao\/#breadcrumb"},"inLanguage":"pt-PT","potentialAction":[{"@type":"ReadAction","target":["https:\/\/exceladvisor.org\/pt\/cifrao\/"]}]},{"@type":"ImageObject","inLanguage":"pt-PT","@id":"https:\/\/exceladvisor.org\/pt\/cifrao\/#primaryimage","url":"https:\/\/exceladvisor.org\/wp-content\/uploads\/2023\/08\/1-ajouter-un-signe.png","contentUrl":"https:\/\/exceladvisor.org\/wp-content\/uploads\/2023\/08\/1-ajouter-un-signe.png"},{"@type":"BreadcrumbList","@id":"https:\/\/exceladvisor.org\/pt\/cifrao\/#breadcrumb","itemListElement":[{"@type":"ListItem","position":1,"name":"Lar","item":"https:\/\/exceladvisor.org\/pt\/"},{"@type":"ListItem","position":2,"name":"Como adicionar um cifr\u00e3o no excel?"}]},{"@type":"WebSite","@id":"https:\/\/exceladvisor.org\/pt\/#website","url":"https:\/\/exceladvisor.org\/pt\/","name":"Excel Advisor","description":"O seu guia definitivo para dominar os dados!","publisher":{"@id":"https:\/\/exceladvisor.org\/pt\/#organization"},"potentialAction":[{"@type":"SearchAction","target":{"@type":"EntryPoint","urlTemplate":"https:\/\/exceladvisor.org\/pt\/?s={search_term_string}"},"query-input":{"@type":"PropertyValueSpecification","valueRequired":true,"valueName":"search_term_string"}}],"inLanguage":"pt-PT"},{"@type":"Organization","@id":"https:\/\/exceladvisor.org\/pt\/#organization","name":"Excel Advisor","url":"https:\/\/exceladvisor.org\/pt\/","logo":{"@type":"ImageObject","inLanguage":"pt-PT","@id":"https:\/\/exceladvisor.org\/pt\/#\/schema\/logo\/image\/","url":"https:\/\/exceladvisor.org\/pt\/wp-content\/uploads\/2023\/12\/exceladvisor.org_.png","contentUrl":"https:\/\/exceladvisor.org\/pt\/wp-content\/uploads\/2023\/12\/exceladvisor.org_.png","width":105,"height":36,"caption":"Excel Advisor"},"image":{"@id":"https:\/\/exceladvisor.org\/pt\/#\/schema\/logo\/image\/"}}]}},"yoast_meta":{"yoast_wpseo_title":"","yoast_wpseo_metadesc":"","yoast_wpseo_canonical":""},"_links":{"self":[{"href":"https:\/\/exceladvisor.org\/pt\/wp-json\/wp\/v2\/pages\/359","targetHints":{"allow":["GET"]}}],"collection":[{"href":"https:\/\/exceladvisor.org\/pt\/wp-json\/wp\/v2\/pages"}],"about":[{"href":"https:\/\/exceladvisor.org\/pt\/wp-json\/wp\/v2\/types\/page"}],"author":[{"embeddable":true,"href":"https:\/\/exceladvisor.org\/pt\/wp-json\/wp\/v2\/users\/1"}],"replies":[{"embeddable":true,"href":"https:\/\/exceladvisor.org\/pt\/wp-json\/wp\/v2\/comments?post=359"}],"version-history":[{"count":1,"href":"https:\/\/exceladvisor.org\/pt\/wp-json\/wp\/v2\/pages\/359\/revisions"}],"predecessor-version":[{"id":789,"href":"https:\/\/exceladvisor.org\/pt\/wp-json\/wp\/v2\/pages\/359\/revisions\/789"}],"wp:attachment":[{"href":"https:\/\/exceladvisor.org\/pt\/wp-json\/wp\/v2\/media?parent=359"}],"curies":[{"name":"wp","href":"https:\/\/api.w.org\/{rel}","templated":true}]}}