{"id":360,"date":"2023-10-31T22:32:17","date_gmt":"2023-10-31T22:32:17","guid":{"rendered":"https:\/\/exceladvisor.org\/pt\/adicionar\/"},"modified":"2023-12-06T11:34:16","modified_gmt":"2023-12-06T11:34:16","slug":"adicionar","status":"publish","type":"page","link":"https:\/\/exceladvisor.org\/pt\/adicionar\/","title":{"rendered":"Como adicionar uma planilha no excel?"},"content":{"rendered":"<div class=\"excel-before-content-2\" id=\"excel-3500827880\"><script type=\"text\/javascript\">\r\n\tatOptions = {\r\n\t\t'key' : 'c1158f160081d6540a8409e6925dab94',\r\n\t\t'format' : 'iframe',\r\n\t\t'height' : 250,\r\n\t\t'width' : 300,\r\n\t\t'params' : {}\r\n\t};\r\n<\/script>\r\n<script type=\"text\/javascript\" src=\"\/\/www.highperformanceformat.com\/c1158f160081d6540a8409e6925dab94\/invoke.js\"><\/script><\/div><div class=\"excel-before-content\" id=\"excel-1143653448\"><script type=\"text\/javascript\">\r\n\tatOptions = {\r\n\t\t'key' : 'c1158f160081d6540a8409e6925dab94',\r\n\t\t'format' : 'iframe',\r\n\t\t'height' : 250,\r\n\t\t'width' : 300,\r\n\t\t'params' : {}\r\n\t};\r\n<\/script>\r\n<script type=\"text\/javascript\" src=\"\/\/www.highperformanceformat.com\/c1158f160081d6540a8409e6925dab94\/invoke.js\"><\/script><\/div> <p>Ao trabalhar no Excel, os usu\u00e1rios geralmente precisam adicionar uma nova planilha ou excluir uma existente na pasta de trabalho atual. Neste tutorial mostraremos como adicionar. Temos alguns m\u00e9todos r\u00e1pidos e f\u00e1ceis para isso.<\/p><h2 id=\"h-add-a-worksheet-using-the-home-tab\" class=\"wp-block-heading\"> Adicione uma planilha usando a guia P\u00e1gina inicial<\/h2><p> Usando a aba Home, voc\u00ea pode adicionar a planilha \u00e0 esquerda da planilha selecionada e para isso voc\u00ea precisa seguir os passos abaixo:<\/p><ol><li> Primeiro, clique na guia da planilha \u00e0 esquerda \u00e0 qual deseja adicionar uma nova planilha.<\/li><li> Depois disso, v\u00e1 para a guia \u201cHome\u201d e clique no menu suspenso do \u00edcone \u201cInserir\u201d no grupo \u201cC\u00e9lulas\u201d na faixa de op\u00e7\u00f5es.<\/li><li> Agora, selecione a op\u00e7\u00e3o \u201cInserir planilha\u201d na lista suspensa. <br><img loading=\"lazy\" decoding=\"async\" title=\"1-inserir planilha usando a guia inicial\" src=\"https:\/\/exceladvisor.org\/wp-content\/uploads\/2023\/08\/1-feuille-dinsertion-a-laide-de-longlet-daccueil.png\" sizes=\"auto, \" srcset=\"\" alt=\"insert-sheet-using-home-tab\" width=\"697\" height=\"236\"><\/li><li> Neste ponto, voc\u00ea ter\u00e1 sua nova planilha (Planilha2) inserida \u00e0 esquerda da planilha \u201cMar_22\u201d. <br><img loading=\"lazy\" decoding=\"async\" title=\"2 novas folhas inseridas\" src=\"https:\/\/exceladvisor.org\/wp-content\/uploads\/2023\/08\/2-nouvelles-feuilles-inserees.png\" sizes=\"auto, \" srcset=\"\" alt=\"new-sheet-inserted\" width=\"337\" height=\"282\"><\/li><\/ol><h2 id=\"h-add-a-worksheet-using-right-click-option\" class=\"wp-block-heading\"> Adicione uma planilha usando a op\u00e7\u00e3o de clique com o bot\u00e3o direito<\/h2><ol><li> Primeiro, clique com o bot\u00e3o direito na guia da planilha \u00e0 esquerda da qual deseja inserir uma nova planilha.<\/li><li> Depois disso, clique na op\u00e7\u00e3o \u201cInserir\u201d da lista. <br><img loading=\"lazy\" decoding=\"async\" title=\"3-inserir folha, clique com o bot\u00e3o direito\" src=\"https:\/\/exceladvisor.org\/wp-content\/uploads\/2023\/08\/3-inserer-une-feuille-avec-le-clic-droit.png\" sizes=\"auto, \" srcset=\"\" alt=\"insert-sheet-using-right-click\" width=\"348\" height=\"374\"><\/li><li> Depois de clicar na op\u00e7\u00e3o \u201cInserir\u201d, uma nova caixa de di\u00e1logo \u201cInserir\u201d ser\u00e1 aberta.<\/li><li> Agora selecione \u201cPlanilha\u201d e clique em OK. <br><img loading=\"lazy\" decoding=\"async\" title=\"4 Planilha de Sele\u00e7\u00e3o\" src=\"https:\/\/exceladvisor.org\/wp-content\/uploads\/2023\/08\/4-selectionner-la-feuille-de-calcul.png\" sizes=\"auto, \" srcset=\"\" alt=\"select-worksheet\" width=\"473\" height=\"316\"><\/li><li> Neste ponto voc\u00ea ter\u00e1 sua nova planilha (Planilha3) inserida \u00e0 esquerda da planilha \u201cMar_22\u201d. <br><img loading=\"lazy\" decoding=\"async\" title=\"5 novas folhas inseridas \u00e0 esquerda\" src=\"https:\/\/exceladvisor.org\/wp-content\/uploads\/2023\/08\/5-nouvelles-feuilles-inserees-a-gauche.png\" sizes=\"auto, \" srcset=\"\" alt=\"new-sheet-inserted-to-the-left\" width=\"394\" height=\"257\"><\/li><\/ol><p> Seguindo as etapas acima, voc\u00ea pode adicionar v\u00e1rias planilhas de uma vez, selecionando as planilhas existentes. O Excel adicionar\u00e1 o mesmo n\u00famero de novas planilhas que voc\u00ea selecionou atualmente.<\/p><h2 id=\"h-keyboard-shortcut\" class=\"wp-block-heading\"> Atalho de teclado<\/h2><p> Voc\u00ea tamb\u00e9m pode adicionar uma nova pasta de trabalho \u00e0 esquerda da planilha selecionada <a href=\"https:\/\/exceladvisor.org\/pt\/adicionar-uma-nova-planilha\/\">usando a<\/a> tecla de atalho <kbd>Shift<\/kbd> + <kbd>F11<\/kbd> .<\/p><h2 id=\"h-add-a-worksheet-to-the-right-using-plus-sign\" class=\"wp-block-heading\"> Adicione uma planilha \u00e0 direita usando o sinal de mais (+)<\/h2><p> Com o bot\u00e3o (+) voc\u00ea pode adicionar a nova planilha \u00e0 direita da guia da planilha selecionada, mas neste caso voc\u00ea n\u00e3o pode adicionar v\u00e1rias planilhas simultaneamente.<\/p><ol><li> Primeiro, selecione a guia da planilha \u00e0 direita \u00e0 qual deseja adicionar uma nova planilha.<\/li><li> Depois disso, clique no bot\u00e3o de adi\u00e7\u00e3o (+) na barra de guias e voc\u00ea obter\u00e1 uma nova planilha adicionada \u00e0 direita da planilha selecionada. <\/li><\/ol><div class=\"wp-block-image\"><figure class=\"aligncenter size-full is-resized\"><img loading=\"lazy\" decoding=\"async\" class=\"wp-image-65887\" src=\"https:\/\/exceladvisor.org\/wp-content\/uploads\/2023\/08\/6-ajouter-une-feuille-de-calcul-a-droite.png\" sizes=\"auto, \" srcset=\"\" alt=\"adicionar planilha \u00e0 direita\" width=\"337\" height=\"295\"><\/figure><\/div><div class=\"gb-container gb-container-3044ba66 gb-container-mt\"><p class=\"gb-headline gb-headline-b5bb6270 gb-headline-text\"> <strong><a href=\"https:\/\/exceladvisor.org\/pt\/nocoes-basicas-de-excel\/\">No\u00e7\u00f5es b\u00e1sicas do Excel<\/a><\/strong> \/ <strong><a href=\"https:\/\/exceladvisor.org\/pt\/planilha\/\" data-wpil=\"url\">planilha do Excel<\/a><\/strong><\/p><h2> Mais tutoriais<\/h2><ul><li> <a href=\"https:\/\/exceladvisor.org\/pt\/duplicado\/\">Duplicar uma planilha ou planilha no Excel<\/a><\/li><li> <a href=\"https:\/\/exceladvisor.org\/pt\/link-para-outra-planilha\/\">Crie um hiperlink (link) para outra planilha<\/a><\/li><li> <a href=\"https:\/\/exceladvisor.org\/pt\/trancar\/\">Bloquear uma planilha (planilha) no Excel<\/a><\/li><li> <a href=\"https:\/\/exceladvisor.org\/pt\/atualizar\/\">Atualizar uma planilha (planilha) no Excel<\/a><\/li><li> <a href=\"https:\/\/exceladvisor.org\/pt\/abrir\/\">Desbloquear uma planilha com senha (sem senha)<\/a><\/li><\/ul><\/div>","protected":false},"excerpt":{"rendered":"","protected":false},"author":1,"featured_media":0,"parent":0,"menu_order":0,"comment_status":"open","ping_status":"closed","template":"","meta":{"ub_ctt_via":"","footnotes":""},"class_list":["post-360","page","type-page","status-publish","hentry"],"featured_image_src":null,"yoast_head":"<!-- This site is optimized with the Yoast SEO plugin v25.4 - https:\/\/yoast.com\/wordpress\/plugins\/seo\/ -->\n<title>Como adicionar uma planilha no Excel (guia 2023)<\/title>\n<meta name=\"description\" content=\"Neste tutorial, voc\u00ea aprender\u00e1 como adicionar ou excluir uma ou v\u00e1rias planilhas no Excel de diferentes maneiras.\" \/>\n<meta name=\"robots\" content=\"index, follow, max-snippet:-1, max-image-preview:large, max-video-preview:-1\" \/>\n<link rel=\"canonical\" href=\"https:\/\/exceladvisor.org\/pt\/adicionar\/\" \/>\n<meta property=\"og:locale\" content=\"pt_PT\" \/>\n<meta property=\"og:type\" content=\"article\" \/>\n<meta property=\"og:title\" content=\"Como adicionar uma planilha no Excel (guia 2023)\" \/>\n<meta property=\"og:description\" content=\"Neste tutorial, voc\u00ea aprender\u00e1 como adicionar ou excluir uma ou v\u00e1rias planilhas no Excel de diferentes maneiras.\" \/>\n<meta property=\"og:url\" content=\"https:\/\/exceladvisor.org\/pt\/adicionar\/\" \/>\n<meta property=\"og:site_name\" content=\"Excel Advisor\" \/>\n<meta property=\"article:modified_time\" content=\"2023-12-06T11:34:16+00:00\" \/>\n<meta property=\"og:image\" content=\"https:\/\/exceladvisor.org\/wp-content\/uploads\/2023\/08\/1-feuille-dinsertion-a-laide-de-longlet-daccueil.png\" \/>\n<meta name=\"twitter:card\" content=\"summary_large_image\" \/>\n<meta name=\"twitter:label1\" content=\"Tempo estimado de leitura\" \/>\n\t<meta name=\"twitter:data1\" content=\"2 minutos\" \/>\n<script type=\"application\/ld+json\" class=\"yoast-schema-graph\">{\"@context\":\"https:\/\/schema.org\",\"@graph\":[{\"@type\":\"WebPage\",\"@id\":\"https:\/\/exceladvisor.org\/pt\/adicionar\/\",\"url\":\"https:\/\/exceladvisor.org\/pt\/adicionar\/\",\"name\":\"Como adicionar uma planilha no Excel (guia 2023)\",\"isPartOf\":{\"@id\":\"https:\/\/exceladvisor.org\/pt\/#website\"},\"primaryImageOfPage\":{\"@id\":\"https:\/\/exceladvisor.org\/pt\/adicionar\/#primaryimage\"},\"image\":{\"@id\":\"https:\/\/exceladvisor.org\/pt\/adicionar\/#primaryimage\"},\"thumbnailUrl\":\"https:\/\/exceladvisor.org\/wp-content\/uploads\/2023\/08\/1-feuille-dinsertion-a-laide-de-longlet-daccueil.png\",\"datePublished\":\"2023-10-31T22:32:17+00:00\",\"dateModified\":\"2023-12-06T11:34:16+00:00\",\"description\":\"Neste tutorial, voc\u00ea aprender\u00e1 como adicionar ou excluir uma ou v\u00e1rias planilhas no Excel de diferentes maneiras.\",\"breadcrumb\":{\"@id\":\"https:\/\/exceladvisor.org\/pt\/adicionar\/#breadcrumb\"},\"inLanguage\":\"pt-PT\",\"potentialAction\":[{\"@type\":\"ReadAction\",\"target\":[\"https:\/\/exceladvisor.org\/pt\/adicionar\/\"]}]},{\"@type\":\"ImageObject\",\"inLanguage\":\"pt-PT\",\"@id\":\"https:\/\/exceladvisor.org\/pt\/adicionar\/#primaryimage\",\"url\":\"https:\/\/exceladvisor.org\/wp-content\/uploads\/2023\/08\/1-feuille-dinsertion-a-laide-de-longlet-daccueil.png\",\"contentUrl\":\"https:\/\/exceladvisor.org\/wp-content\/uploads\/2023\/08\/1-feuille-dinsertion-a-laide-de-longlet-daccueil.png\"},{\"@type\":\"BreadcrumbList\",\"@id\":\"https:\/\/exceladvisor.org\/pt\/adicionar\/#breadcrumb\",\"itemListElement\":[{\"@type\":\"ListItem\",\"position\":1,\"name\":\"Lar\",\"item\":\"https:\/\/exceladvisor.org\/pt\/\"},{\"@type\":\"ListItem\",\"position\":2,\"name\":\"Como adicionar uma planilha no excel?\"}]},{\"@type\":\"WebSite\",\"@id\":\"https:\/\/exceladvisor.org\/pt\/#website\",\"url\":\"https:\/\/exceladvisor.org\/pt\/\",\"name\":\"Excel Advisor\",\"description\":\"O seu guia definitivo para dominar os dados!\",\"publisher\":{\"@id\":\"https:\/\/exceladvisor.org\/pt\/#organization\"},\"potentialAction\":[{\"@type\":\"SearchAction\",\"target\":{\"@type\":\"EntryPoint\",\"urlTemplate\":\"https:\/\/exceladvisor.org\/pt\/?s={search_term_string}\"},\"query-input\":{\"@type\":\"PropertyValueSpecification\",\"valueRequired\":true,\"valueName\":\"search_term_string\"}}],\"inLanguage\":\"pt-PT\"},{\"@type\":\"Organization\",\"@id\":\"https:\/\/exceladvisor.org\/pt\/#organization\",\"name\":\"Excel Advisor\",\"url\":\"https:\/\/exceladvisor.org\/pt\/\",\"logo\":{\"@type\":\"ImageObject\",\"inLanguage\":\"pt-PT\",\"@id\":\"https:\/\/exceladvisor.org\/pt\/#\/schema\/logo\/image\/\",\"url\":\"https:\/\/exceladvisor.org\/pt\/wp-content\/uploads\/2023\/12\/exceladvisor.org_.png\",\"contentUrl\":\"https:\/\/exceladvisor.org\/pt\/wp-content\/uploads\/2023\/12\/exceladvisor.org_.png\",\"width\":105,\"height\":36,\"caption\":\"Excel Advisor\"},\"image\":{\"@id\":\"https:\/\/exceladvisor.org\/pt\/#\/schema\/logo\/image\/\"}}]}<\/script>\n<!-- \/ Yoast SEO plugin. -->","yoast_head_json":{"title":"Como adicionar uma planilha no Excel (guia 2023)","description":"Neste tutorial, voc\u00ea aprender\u00e1 como adicionar ou excluir uma ou v\u00e1rias planilhas no Excel de diferentes maneiras.","robots":{"index":"index","follow":"follow","max-snippet":"max-snippet:-1","max-image-preview":"max-image-preview:large","max-video-preview":"max-video-preview:-1"},"canonical":"https:\/\/exceladvisor.org\/pt\/adicionar\/","og_locale":"pt_PT","og_type":"article","og_title":"Como adicionar uma planilha no Excel (guia 2023)","og_description":"Neste tutorial, voc\u00ea aprender\u00e1 como adicionar ou excluir uma ou v\u00e1rias planilhas no Excel de diferentes maneiras.","og_url":"https:\/\/exceladvisor.org\/pt\/adicionar\/","og_site_name":"Excel Advisor","article_modified_time":"2023-12-06T11:34:16+00:00","og_image":[{"url":"https:\/\/exceladvisor.org\/wp-content\/uploads\/2023\/08\/1-feuille-dinsertion-a-laide-de-longlet-daccueil.png","type":"","width":"","height":""}],"twitter_card":"summary_large_image","twitter_misc":{"Tempo estimado de leitura":"2 minutos"},"schema":{"@context":"https:\/\/schema.org","@graph":[{"@type":"WebPage","@id":"https:\/\/exceladvisor.org\/pt\/adicionar\/","url":"https:\/\/exceladvisor.org\/pt\/adicionar\/","name":"Como adicionar uma planilha no Excel (guia 2023)","isPartOf":{"@id":"https:\/\/exceladvisor.org\/pt\/#website"},"primaryImageOfPage":{"@id":"https:\/\/exceladvisor.org\/pt\/adicionar\/#primaryimage"},"image":{"@id":"https:\/\/exceladvisor.org\/pt\/adicionar\/#primaryimage"},"thumbnailUrl":"https:\/\/exceladvisor.org\/wp-content\/uploads\/2023\/08\/1-feuille-dinsertion-a-laide-de-longlet-daccueil.png","datePublished":"2023-10-31T22:32:17+00:00","dateModified":"2023-12-06T11:34:16+00:00","description":"Neste tutorial, voc\u00ea aprender\u00e1 como adicionar ou excluir uma ou v\u00e1rias planilhas no Excel de diferentes maneiras.","breadcrumb":{"@id":"https:\/\/exceladvisor.org\/pt\/adicionar\/#breadcrumb"},"inLanguage":"pt-PT","potentialAction":[{"@type":"ReadAction","target":["https:\/\/exceladvisor.org\/pt\/adicionar\/"]}]},{"@type":"ImageObject","inLanguage":"pt-PT","@id":"https:\/\/exceladvisor.org\/pt\/adicionar\/#primaryimage","url":"https:\/\/exceladvisor.org\/wp-content\/uploads\/2023\/08\/1-feuille-dinsertion-a-laide-de-longlet-daccueil.png","contentUrl":"https:\/\/exceladvisor.org\/wp-content\/uploads\/2023\/08\/1-feuille-dinsertion-a-laide-de-longlet-daccueil.png"},{"@type":"BreadcrumbList","@id":"https:\/\/exceladvisor.org\/pt\/adicionar\/#breadcrumb","itemListElement":[{"@type":"ListItem","position":1,"name":"Lar","item":"https:\/\/exceladvisor.org\/pt\/"},{"@type":"ListItem","position":2,"name":"Como adicionar uma planilha no excel?"}]},{"@type":"WebSite","@id":"https:\/\/exceladvisor.org\/pt\/#website","url":"https:\/\/exceladvisor.org\/pt\/","name":"Excel Advisor","description":"O seu guia definitivo para dominar os dados!","publisher":{"@id":"https:\/\/exceladvisor.org\/pt\/#organization"},"potentialAction":[{"@type":"SearchAction","target":{"@type":"EntryPoint","urlTemplate":"https:\/\/exceladvisor.org\/pt\/?s={search_term_string}"},"query-input":{"@type":"PropertyValueSpecification","valueRequired":true,"valueName":"search_term_string"}}],"inLanguage":"pt-PT"},{"@type":"Organization","@id":"https:\/\/exceladvisor.org\/pt\/#organization","name":"Excel Advisor","url":"https:\/\/exceladvisor.org\/pt\/","logo":{"@type":"ImageObject","inLanguage":"pt-PT","@id":"https:\/\/exceladvisor.org\/pt\/#\/schema\/logo\/image\/","url":"https:\/\/exceladvisor.org\/pt\/wp-content\/uploads\/2023\/12\/exceladvisor.org_.png","contentUrl":"https:\/\/exceladvisor.org\/pt\/wp-content\/uploads\/2023\/12\/exceladvisor.org_.png","width":105,"height":36,"caption":"Excel Advisor"},"image":{"@id":"https:\/\/exceladvisor.org\/pt\/#\/schema\/logo\/image\/"}}]}},"yoast_meta":{"yoast_wpseo_title":"","yoast_wpseo_metadesc":"","yoast_wpseo_canonical":""},"_links":{"self":[{"href":"https:\/\/exceladvisor.org\/pt\/wp-json\/wp\/v2\/pages\/360","targetHints":{"allow":["GET"]}}],"collection":[{"href":"https:\/\/exceladvisor.org\/pt\/wp-json\/wp\/v2\/pages"}],"about":[{"href":"https:\/\/exceladvisor.org\/pt\/wp-json\/wp\/v2\/types\/page"}],"author":[{"embeddable":true,"href":"https:\/\/exceladvisor.org\/pt\/wp-json\/wp\/v2\/users\/1"}],"replies":[{"embeddable":true,"href":"https:\/\/exceladvisor.org\/pt\/wp-json\/wp\/v2\/comments?post=360"}],"version-history":[{"count":1,"href":"https:\/\/exceladvisor.org\/pt\/wp-json\/wp\/v2\/pages\/360\/revisions"}],"predecessor-version":[{"id":812,"href":"https:\/\/exceladvisor.org\/pt\/wp-json\/wp\/v2\/pages\/360\/revisions\/812"}],"wp:attachment":[{"href":"https:\/\/exceladvisor.org\/pt\/wp-json\/wp\/v2\/media?parent=360"}],"curies":[{"name":"wp","href":"https:\/\/api.w.org\/{rel}","templated":true}]}}