{"id":361,"date":"2023-10-31T22:06:07","date_gmt":"2023-10-31T22:06:07","guid":{"rendered":"https:\/\/exceladvisor.org\/pt\/excluir-1\/"},"modified":"2023-12-06T11:37:16","modified_gmt":"2023-12-06T11:37:16","slug":"excluir-1","status":"publish","type":"page","link":"https:\/\/exceladvisor.org\/pt\/excluir-1\/","title":{"rendered":"Como deletar uma planilha do excel?"},"content":{"rendered":"<div class=\"excel-before-content-2\" id=\"excel-1146063709\"><script type=\"text\/javascript\">\r\n\tatOptions = {\r\n\t\t'key' : 'c1158f160081d6540a8409e6925dab94',\r\n\t\t'format' : 'iframe',\r\n\t\t'height' : 250,\r\n\t\t'width' : 300,\r\n\t\t'params' : {}\r\n\t};\r\n<\/script>\r\n<script type=\"text\/javascript\" src=\"\/\/www.highperformanceformat.com\/c1158f160081d6540a8409e6925dab94\/invoke.js\"><\/script><\/div><div class=\"excel-before-content\" id=\"excel-3587158524\"><script type=\"text\/javascript\">\r\n\tatOptions = {\r\n\t\t'key' : 'c1158f160081d6540a8409e6925dab94',\r\n\t\t'format' : 'iframe',\r\n\t\t'height' : 250,\r\n\t\t'width' : 300,\r\n\t\t'params' : {}\r\n\t};\r\n<\/script>\r\n<script type=\"text\/javascript\" src=\"\/\/www.highperformanceformat.com\/c1158f160081d6540a8409e6925dab94\/invoke.js\"><\/script><\/div> <p>Neste tutorial, aprenderemos tr\u00eas m\u00e9todos f\u00e1ceis para excluir uma planilha no Excel. Todos esses m\u00e9todos s\u00e3o r\u00e1pidos e f\u00e1ceis de seguir. Voc\u00ea pode usar qualquer um desses m\u00e9todos que mais lhe convier.<\/p><h2 id=\"h-delete-a-sheet-using-the-keyboard-shortcut\" class=\"wp-block-heading\"> Exclua uma planilha usando o atalho do teclado<\/h2><ul><li> <kbd>Alt<\/kbd> \u2192 <kbd>H<\/kbd> \u2192 <kbd>D<\/kbd> \u2192 <kbd>S<\/kbd><\/li><li> <kbd>Alt<\/kbd> \u2192 <kbd>E<\/kbd> \u2192 <kbd>L<\/kbd><\/li><\/ul><p> Voc\u00ea pode usar um atalho de teclado para excluir rapidamente uma planilha de uma pasta de trabalho. <\/p><div class=\"wp-block-image\"><figure class=\"aligncenter size-full is-resized\"><img loading=\"lazy\" decoding=\"async\" class=\"wp-image-92513\" src=\"https:\/\/exceladvisor.org\/wp-content\/uploads\/2023\/08\/raccourci-clavier-supprimer-une-feuille.png\" sizes=\"auto, \" srcset=\"\" alt=\"tecla de atalho excluir planilha\" width=\"303\" height=\"137\"><\/figure><\/div><h2 id=\"h-delete-a-worksheet-using-home-tab\" class=\"wp-block-heading\"> Exclua uma planilha usando a guia P\u00e1gina inicial<\/h2><ol><li> Primeiro, clique na guia da planilha ou selecione v\u00e1rias guias da planilha caso queira excluir v\u00e1rias planilhas.<\/li><li> Depois disso, v\u00e1 para a guia \u201cHome\u201d e clique no menu suspenso do \u00edcone \u201cExcluir\u201d no grupo \u201cC\u00e9lulas\u201d na faixa de op\u00e7\u00f5es.<\/li><li> Agora, selecione a op\u00e7\u00e3o \u201cExcluir planilha\u201d na lista suspensa. <br><img loading=\"lazy\" decoding=\"async\" title=\"7-excluir planilha usando a guia inicial\" src=\"https:\/\/exceladvisor.org\/wp-content\/uploads\/2023\/08\/7-supprimer-une-feuille-de-calcul-a-laide-de-longlet-daccueil.png\" sizes=\"auto, \" srcset=\"\" alt=\"delete-worksheet-using-home-tab\" width=\"749\" height=\"251\"><\/li><li> Neste ponto, voc\u00ea encontrar\u00e1 as planilhas selecionadas exclu\u00eddas da pasta de trabalho atual. <br><img loading=\"lazy\" decoding=\"async\" title=\"8 planilhas exclu\u00eddas1\" src=\"https:\/\/exceladvisor.org\/wp-content\/uploads\/2023\/08\/8-feuille-de-calcul-supprimee1.png\" sizes=\"auto, \" srcset=\"\" alt=\"worksheet-deleted\" width=\"325\" height=\"284\"><\/li><\/ol><h2 id=\"h-delete-a-sheet-using-right-click-option\" class=\"wp-block-heading\"> Exclua uma planilha usando a op\u00e7\u00e3o de clique com o bot\u00e3o direito<\/h2><ol><li> Primeiro, clique com o bot\u00e3o direito na guia da planilha e clique na op\u00e7\u00e3o \u201cExcluir\u201d da lista.<\/li><li> Para excluir v\u00e1rias planilhas, selecione-as, clique com o bot\u00e3o direito e clique na op\u00e7\u00e3o \u201cExcluir\u201d <\/li><\/ol><div class=\"wp-block-image\"><figure class=\"aligncenter size-full is-resized\"><img loading=\"lazy\" decoding=\"async\" class=\"wp-image-65890\" src=\"https:\/\/exceladvisor.org\/wp-content\/uploads\/2023\/08\/9-supprimer-une-feuille-de-calcul-en-utilisant-le-clic-droit.png\" sizes=\"auto, \" srcset=\"\" alt=\"excluir uma planilha usando o bot\u00e3o direito\" width=\"467\" height=\"477\"><\/figure><\/div><div class=\"gb-container gb-container-3044ba66 gb-container-mt\"><p class=\"gb-headline gb-headline-b5bb6270 gb-headline-text\"> <strong><a href=\"https:\/\/exceladvisor.org\/pt\/nocoes-basicas-de-excel\/\">No\u00e7\u00f5es b\u00e1sicas do Excel<\/a><\/strong> \/ <strong><a href=\"https:\/\/exceladvisor.org\/pt\/planilha\/\" data-wpil=\"url\">planilha do Excel<\/a><\/strong><\/p><h2 class=\"gb-headline gb-headline-819d540d gb-headline-text gb-headline-mt-heading\"> Mais tutoriais <\/h2><div class=\"gb-grid-wrapper gb-grid-wrapper-7f3d805a gb-grid-wrapper-mt-grid\"><div class=\"gb-grid-column gb-grid-column-7495e031\"><div class=\"gb-container gb-container-7495e031\"><ul><li> <a href=\"https:\/\/exceladvisor.org\/pt\/adicionar\/\">Adicionar uma planilha no Excel<\/a><\/li><li> <a href=\"https:\/\/exceladvisor.org\/pt\/alterar-a-cor-da-guia\/\">Alterar a cor da guia no Excel (guia da planilha)<\/a><\/li><li> <a href=\"https:\/\/exceladvisor.org\/pt\/adicione-um-titulo\/\">Adicione um t\u00edtulo a uma planilha no Excel<\/a><\/li><li> <a href=\"https:\/\/exceladvisor.org\/pt\/copia-1\/\">Copiar ou mover uma planilha (planilha)<\/a><\/li><li> <a href=\"https:\/\/exceladvisor.org\/pt\/selecione-todos-1\/\">Selecione todas as planilhas (planilhas)<\/a> <\/li><\/ul><\/div><\/div><div class=\"gb-grid-column gb-grid-column-530ab33a\"><div class=\"gb-container gb-container-530ab33a\"><\/div><\/div><\/div><\/div>","protected":false},"excerpt":{"rendered":"","protected":false},"author":1,"featured_media":0,"parent":0,"menu_order":0,"comment_status":"open","ping_status":"closed","template":"","meta":{"ub_ctt_via":"","footnotes":""},"class_list":["post-361","page","type-page","status-publish","hentry"],"featured_image_src":null,"yoast_head":"<!-- This site is optimized with the Yoast SEO plugin v25.4 - https:\/\/yoast.com\/wordpress\/plugins\/seo\/ -->\n<title>Como deletar uma planilha do Excel? (Tutorial 2023)<\/title>\n<meta name=\"description\" content=\"Este tutorial r\u00e1pido ajuda voc\u00ea a aprender como excluir uma planilha no Excel. Existem tr\u00eas m\u00e9todos diferentes que voc\u00ea pode usar.\" \/>\n<meta name=\"robots\" content=\"index, follow, max-snippet:-1, max-image-preview:large, max-video-preview:-1\" \/>\n<link rel=\"canonical\" href=\"https:\/\/exceladvisor.org\/pt\/excluir-1\/\" \/>\n<meta property=\"og:locale\" content=\"pt_PT\" \/>\n<meta property=\"og:type\" content=\"article\" \/>\n<meta property=\"og:title\" content=\"Como deletar uma planilha do Excel? (Tutorial 2023)\" \/>\n<meta property=\"og:description\" content=\"Este tutorial r\u00e1pido ajuda voc\u00ea a aprender como excluir uma planilha no Excel. Existem tr\u00eas m\u00e9todos diferentes que voc\u00ea pode usar.\" \/>\n<meta property=\"og:url\" content=\"https:\/\/exceladvisor.org\/pt\/excluir-1\/\" \/>\n<meta property=\"og:site_name\" content=\"Excel Advisor\" \/>\n<meta property=\"article:modified_time\" content=\"2023-12-06T11:37:16+00:00\" \/>\n<meta property=\"og:image\" content=\"https:\/\/exceladvisor.org\/wp-content\/uploads\/2023\/08\/raccourci-clavier-supprimer-une-feuille.png\" \/>\n<meta name=\"twitter:card\" content=\"summary_large_image\" \/>\n<meta name=\"twitter:label1\" content=\"Tempo estimado de leitura\" \/>\n\t<meta name=\"twitter:data1\" content=\"1 minuto\" \/>\n<script type=\"application\/ld+json\" class=\"yoast-schema-graph\">{\"@context\":\"https:\/\/schema.org\",\"@graph\":[{\"@type\":\"WebPage\",\"@id\":\"https:\/\/exceladvisor.org\/pt\/excluir-1\/\",\"url\":\"https:\/\/exceladvisor.org\/pt\/excluir-1\/\",\"name\":\"Como deletar uma planilha do Excel? (Tutorial 2023)\",\"isPartOf\":{\"@id\":\"https:\/\/exceladvisor.org\/pt\/#website\"},\"primaryImageOfPage\":{\"@id\":\"https:\/\/exceladvisor.org\/pt\/excluir-1\/#primaryimage\"},\"image\":{\"@id\":\"https:\/\/exceladvisor.org\/pt\/excluir-1\/#primaryimage\"},\"thumbnailUrl\":\"https:\/\/exceladvisor.org\/wp-content\/uploads\/2023\/08\/raccourci-clavier-supprimer-une-feuille.png\",\"datePublished\":\"2023-10-31T22:06:07+00:00\",\"dateModified\":\"2023-12-06T11:37:16+00:00\",\"description\":\"Este tutorial r\u00e1pido ajuda voc\u00ea a aprender como excluir uma planilha no Excel. Existem tr\u00eas m\u00e9todos diferentes que voc\u00ea pode usar.\",\"breadcrumb\":{\"@id\":\"https:\/\/exceladvisor.org\/pt\/excluir-1\/#breadcrumb\"},\"inLanguage\":\"pt-PT\",\"potentialAction\":[{\"@type\":\"ReadAction\",\"target\":[\"https:\/\/exceladvisor.org\/pt\/excluir-1\/\"]}]},{\"@type\":\"ImageObject\",\"inLanguage\":\"pt-PT\",\"@id\":\"https:\/\/exceladvisor.org\/pt\/excluir-1\/#primaryimage\",\"url\":\"https:\/\/exceladvisor.org\/wp-content\/uploads\/2023\/08\/raccourci-clavier-supprimer-une-feuille.png\",\"contentUrl\":\"https:\/\/exceladvisor.org\/wp-content\/uploads\/2023\/08\/raccourci-clavier-supprimer-une-feuille.png\"},{\"@type\":\"BreadcrumbList\",\"@id\":\"https:\/\/exceladvisor.org\/pt\/excluir-1\/#breadcrumb\",\"itemListElement\":[{\"@type\":\"ListItem\",\"position\":1,\"name\":\"Lar\",\"item\":\"https:\/\/exceladvisor.org\/pt\/\"},{\"@type\":\"ListItem\",\"position\":2,\"name\":\"Como deletar uma planilha do excel?\"}]},{\"@type\":\"WebSite\",\"@id\":\"https:\/\/exceladvisor.org\/pt\/#website\",\"url\":\"https:\/\/exceladvisor.org\/pt\/\",\"name\":\"Excel Advisor\",\"description\":\"O seu guia definitivo para dominar os dados!\",\"publisher\":{\"@id\":\"https:\/\/exceladvisor.org\/pt\/#organization\"},\"potentialAction\":[{\"@type\":\"SearchAction\",\"target\":{\"@type\":\"EntryPoint\",\"urlTemplate\":\"https:\/\/exceladvisor.org\/pt\/?s={search_term_string}\"},\"query-input\":{\"@type\":\"PropertyValueSpecification\",\"valueRequired\":true,\"valueName\":\"search_term_string\"}}],\"inLanguage\":\"pt-PT\"},{\"@type\":\"Organization\",\"@id\":\"https:\/\/exceladvisor.org\/pt\/#organization\",\"name\":\"Excel Advisor\",\"url\":\"https:\/\/exceladvisor.org\/pt\/\",\"logo\":{\"@type\":\"ImageObject\",\"inLanguage\":\"pt-PT\",\"@id\":\"https:\/\/exceladvisor.org\/pt\/#\/schema\/logo\/image\/\",\"url\":\"https:\/\/exceladvisor.org\/pt\/wp-content\/uploads\/2023\/12\/exceladvisor.org_.png\",\"contentUrl\":\"https:\/\/exceladvisor.org\/pt\/wp-content\/uploads\/2023\/12\/exceladvisor.org_.png\",\"width\":105,\"height\":36,\"caption\":\"Excel Advisor\"},\"image\":{\"@id\":\"https:\/\/exceladvisor.org\/pt\/#\/schema\/logo\/image\/\"}}]}<\/script>\n<!-- \/ Yoast SEO plugin. -->","yoast_head_json":{"title":"Como deletar uma planilha do Excel? (Tutorial 2023)","description":"Este tutorial r\u00e1pido ajuda voc\u00ea a aprender como excluir uma planilha no Excel. Existem tr\u00eas m\u00e9todos diferentes que voc\u00ea pode usar.","robots":{"index":"index","follow":"follow","max-snippet":"max-snippet:-1","max-image-preview":"max-image-preview:large","max-video-preview":"max-video-preview:-1"},"canonical":"https:\/\/exceladvisor.org\/pt\/excluir-1\/","og_locale":"pt_PT","og_type":"article","og_title":"Como deletar uma planilha do Excel? (Tutorial 2023)","og_description":"Este tutorial r\u00e1pido ajuda voc\u00ea a aprender como excluir uma planilha no Excel. Existem tr\u00eas m\u00e9todos diferentes que voc\u00ea pode usar.","og_url":"https:\/\/exceladvisor.org\/pt\/excluir-1\/","og_site_name":"Excel Advisor","article_modified_time":"2023-12-06T11:37:16+00:00","og_image":[{"url":"https:\/\/exceladvisor.org\/wp-content\/uploads\/2023\/08\/raccourci-clavier-supprimer-une-feuille.png","type":"","width":"","height":""}],"twitter_card":"summary_large_image","twitter_misc":{"Tempo estimado de leitura":"1 minuto"},"schema":{"@context":"https:\/\/schema.org","@graph":[{"@type":"WebPage","@id":"https:\/\/exceladvisor.org\/pt\/excluir-1\/","url":"https:\/\/exceladvisor.org\/pt\/excluir-1\/","name":"Como deletar uma planilha do Excel? (Tutorial 2023)","isPartOf":{"@id":"https:\/\/exceladvisor.org\/pt\/#website"},"primaryImageOfPage":{"@id":"https:\/\/exceladvisor.org\/pt\/excluir-1\/#primaryimage"},"image":{"@id":"https:\/\/exceladvisor.org\/pt\/excluir-1\/#primaryimage"},"thumbnailUrl":"https:\/\/exceladvisor.org\/wp-content\/uploads\/2023\/08\/raccourci-clavier-supprimer-une-feuille.png","datePublished":"2023-10-31T22:06:07+00:00","dateModified":"2023-12-06T11:37:16+00:00","description":"Este tutorial r\u00e1pido ajuda voc\u00ea a aprender como excluir uma planilha no Excel. Existem tr\u00eas m\u00e9todos diferentes que voc\u00ea pode usar.","breadcrumb":{"@id":"https:\/\/exceladvisor.org\/pt\/excluir-1\/#breadcrumb"},"inLanguage":"pt-PT","potentialAction":[{"@type":"ReadAction","target":["https:\/\/exceladvisor.org\/pt\/excluir-1\/"]}]},{"@type":"ImageObject","inLanguage":"pt-PT","@id":"https:\/\/exceladvisor.org\/pt\/excluir-1\/#primaryimage","url":"https:\/\/exceladvisor.org\/wp-content\/uploads\/2023\/08\/raccourci-clavier-supprimer-une-feuille.png","contentUrl":"https:\/\/exceladvisor.org\/wp-content\/uploads\/2023\/08\/raccourci-clavier-supprimer-une-feuille.png"},{"@type":"BreadcrumbList","@id":"https:\/\/exceladvisor.org\/pt\/excluir-1\/#breadcrumb","itemListElement":[{"@type":"ListItem","position":1,"name":"Lar","item":"https:\/\/exceladvisor.org\/pt\/"},{"@type":"ListItem","position":2,"name":"Como deletar uma planilha do excel?"}]},{"@type":"WebSite","@id":"https:\/\/exceladvisor.org\/pt\/#website","url":"https:\/\/exceladvisor.org\/pt\/","name":"Excel Advisor","description":"O seu guia definitivo para dominar os dados!","publisher":{"@id":"https:\/\/exceladvisor.org\/pt\/#organization"},"potentialAction":[{"@type":"SearchAction","target":{"@type":"EntryPoint","urlTemplate":"https:\/\/exceladvisor.org\/pt\/?s={search_term_string}"},"query-input":{"@type":"PropertyValueSpecification","valueRequired":true,"valueName":"search_term_string"}}],"inLanguage":"pt-PT"},{"@type":"Organization","@id":"https:\/\/exceladvisor.org\/pt\/#organization","name":"Excel Advisor","url":"https:\/\/exceladvisor.org\/pt\/","logo":{"@type":"ImageObject","inLanguage":"pt-PT","@id":"https:\/\/exceladvisor.org\/pt\/#\/schema\/logo\/image\/","url":"https:\/\/exceladvisor.org\/pt\/wp-content\/uploads\/2023\/12\/exceladvisor.org_.png","contentUrl":"https:\/\/exceladvisor.org\/pt\/wp-content\/uploads\/2023\/12\/exceladvisor.org_.png","width":105,"height":36,"caption":"Excel Advisor"},"image":{"@id":"https:\/\/exceladvisor.org\/pt\/#\/schema\/logo\/image\/"}}]}},"yoast_meta":{"yoast_wpseo_title":"","yoast_wpseo_metadesc":"","yoast_wpseo_canonical":""},"_links":{"self":[{"href":"https:\/\/exceladvisor.org\/pt\/wp-json\/wp\/v2\/pages\/361","targetHints":{"allow":["GET"]}}],"collection":[{"href":"https:\/\/exceladvisor.org\/pt\/wp-json\/wp\/v2\/pages"}],"about":[{"href":"https:\/\/exceladvisor.org\/pt\/wp-json\/wp\/v2\/types\/page"}],"author":[{"embeddable":true,"href":"https:\/\/exceladvisor.org\/pt\/wp-json\/wp\/v2\/users\/1"}],"replies":[{"embeddable":true,"href":"https:\/\/exceladvisor.org\/pt\/wp-json\/wp\/v2\/comments?post=361"}],"version-history":[{"count":1,"href":"https:\/\/exceladvisor.org\/pt\/wp-json\/wp\/v2\/pages\/361\/revisions"}],"predecessor-version":[{"id":1025,"href":"https:\/\/exceladvisor.org\/pt\/wp-json\/wp\/v2\/pages\/361\/revisions\/1025"}],"wp:attachment":[{"href":"https:\/\/exceladvisor.org\/pt\/wp-json\/wp\/v2\/media?parent=361"}],"curies":[{"name":"wp","href":"https:\/\/api.w.org\/{rel}","templated":true}]}}