{"id":362,"date":"2023-10-31T21:51:48","date_gmt":"2023-10-31T21:51:48","guid":{"rendered":"https:\/\/exceladvisor.org\/pt\/mostrar\/"},"modified":"2023-12-06T11:37:41","modified_gmt":"2023-12-06T11:37:41","slug":"mostrar","status":"publish","type":"page","link":"https:\/\/exceladvisor.org\/pt\/mostrar\/","title":{"rendered":"Como exibir uma planilha excel ou todas as planilhas?"},"content":{"rendered":"<div class=\"excel-before-content-2\" id=\"excel-1328740522\"><script type=\"text\/javascript\">\r\n\tatOptions = {\r\n\t\t'key' : 'c1158f160081d6540a8409e6925dab94',\r\n\t\t'format' : 'iframe',\r\n\t\t'height' : 250,\r\n\t\t'width' : 300,\r\n\t\t'params' : {}\r\n\t};\r\n<\/script>\r\n<script type=\"text\/javascript\" src=\"\/\/www.highperformanceformat.com\/c1158f160081d6540a8409e6925dab94\/invoke.js\"><\/script><\/div><div class=\"excel-before-content\" id=\"excel-1833993488\"><script type=\"text\/javascript\">\r\n\tatOptions = {\r\n\t\t'key' : 'c1158f160081d6540a8409e6925dab94',\r\n\t\t'format' : 'iframe',\r\n\t\t'height' : 250,\r\n\t\t'width' : 300,\r\n\t\t'params' : {}\r\n\t};\r\n<\/script>\r\n<script type=\"text\/javascript\" src=\"\/\/www.highperformanceformat.com\/c1158f160081d6540a8409e6925dab94\/invoke.js\"><\/script><\/div> <p>Voc\u00ea pode visualizar rapidamente uma ou mais planilhas no Excel. E neste tutorial vamos aprender como fazer isso em alguns passos simples.<\/p><h2 id=\"h-unhide-a-single-sheet-in-excel\" class=\"wp-block-heading\"> Visualizar uma \u00fanica planilha no Excel<\/h2><ol><li> Primeiro, passe o mouse sobre uma das guias da planilha da sua pasta de trabalho.<\/li><li> Agora, clique com o bot\u00e3o direito e clique na op\u00e7\u00e3o \u201cMostrar\u201d. <br><img loading=\"lazy\" decoding=\"async\" title=\"1-mostre-uma-planilha do Excel\" src=\"https:\/\/exceladvisor.org\/wp-content\/uploads\/2023\/08\/1-afficher-une-feuille-excel.png\" sizes=\"auto, \" srcset=\"\" alt=\"1-unhide-an-excel-sheet\" width=\"372\" height=\"358\"><\/li><li> Depois disso, na caixa de di\u00e1logo, clique no nome da planilha que deseja visualizar. <br><img loading=\"lazy\" decoding=\"async\" title=\"2-escolha-o-nome-da-planilha-a-exibir\" src=\"https:\/\/exceladvisor.org\/wp-content\/uploads\/2023\/08\/2-choisissez-le-nom-de-la-feuille-a-afficher.png\" sizes=\"auto, \" srcset=\"\" alt=\"2-choose-sheetname-to-unhide\" width=\"378\" height=\"236\"><\/li><li> Ao final, clique em OK para visualizar a planilha.<\/li><\/ol><p> Ao clicar em OK, a planilha selecionada ser\u00e1 exibida na caixa de di\u00e1logo. <\/p><div class=\"wp-block-image\"><figure class=\"aligncenter size-full is-resized\"><img loading=\"lazy\" decoding=\"async\" class=\"wp-image-92283\" src=\"https:\/\/exceladvisor.org\/wp-content\/uploads\/2023\/08\/3-feuilles-selectionnees-afficher.png\" sizes=\"auto, \" srcset=\"\" alt=\"planilha selecionada\" width=\"615\" height=\"180\"><\/figure><\/div><p> <strong>Observa\u00e7\u00e3o:<\/strong> voc\u00ea tamb\u00e9m pode usar a mesma op\u00e7\u00e3o \u201cMostrar\u2026\u201d em P\u00e1gina inicial &gt; Formatar &gt; Ocultar e mostrar &gt; Mostrar planilha. <\/p><div class=\"wp-block-image\"><figure class=\"aligncenter size-full is-resized\"><img loading=\"lazy\" decoding=\"async\" class=\"wp-image-92284\" src=\"https:\/\/exceladvisor.org\/wp-content\/uploads\/2023\/08\/4-formats-masquer-afficher-les-feuilles.png\" sizes=\"auto, \" srcset=\"\" alt=\"formatar-ocultar-mostrar-folhas\" width=\"522\" height=\"508\"><\/figure><\/div><h2 id=\"h-unhide-all-the-hidden-sheets-in-excel\" class=\"wp-block-heading\"> Mostrar todas as planilhas ocultas no Excel<\/h2><p> Recentemente, a Microsoft atualizou a op\u00e7\u00e3o de selecionar v\u00e1rias planilhas na caixa de di\u00e1logo para visualiz\u00e1-las de uma vez.<\/p><ol type=\"1\"><li> Primeiro, clique com o bot\u00e3o direito na guia da planilha.<\/li><li> Agora, na caixa de di\u00e1logo, mantenha pressionada a tecla Ctrl.<\/li><li> Em seguida, selecione v\u00e1rias ou todas as planilhas da lista.<\/li><li> Ao final, clique em OK para visualizar as planilhas selecionadas. <\/li><\/ol><div class=\"wp-block-image\"><figure class=\"aligncenter size-full is-resized\"><img loading=\"lazy\" decoding=\"async\" class=\"wp-image-92285\" src=\"https:\/\/exceladvisor.org\/wp-content\/uploads\/2023\/08\/5-afficher-toutes-les-feuilles-masquees.png\" sizes=\"auto, \" srcset=\"\" alt=\"mostrar todas as planilhas ocultas\" width=\"640\" height=\"348\"><\/figure><\/div><p> Depois de clicar em OK, todas as planilhas selecionadas na caixa de di\u00e1logo ser\u00e3o exibidas de uma vez. <\/p><div class=\"wp-block-image\"><figure class=\"aligncenter size-full is-resized\"><img loading=\"lazy\" decoding=\"async\" class=\"wp-image-92286\" src=\"https:\/\/exceladvisor.org\/wp-content\/uploads\/2023\/08\/6-toutes-les-feuilles-ont-ete-masquees.png\" sizes=\"auto, \" srcset=\"\" alt=\"todas as folhas foram exibidas\" width=\"682\" height=\"145\"><\/figure><\/div><div class=\"gb-container gb-container-3044ba66 gb-container-mt\"><p class=\"gb-headline gb-headline-b5bb6270 gb-headline-text\"> <strong><a href=\"https:\/\/exceladvisor.org\/pt\/nocoes-basicas-de-excel\/\">No\u00e7\u00f5es b\u00e1sicas do Excel<\/a><\/strong> \/ <strong><a href=\"https:\/\/exceladvisor.org\/pt\/planilha\/\" data-wpil=\"url\">planilha do Excel<\/a><\/strong><\/p><h2 class=\"gb-headline gb-headline-819d540d gb-headline-text gb-headline-mt-heading\"> Mais tutoriais <\/h2><div class=\"gb-grid-wrapper gb-grid-wrapper-7f3d805a gb-grid-wrapper-mt-grid\"><div class=\"gb-grid-column gb-grid-column-530ab33a\"><div class=\"gb-container gb-container-530ab33a\"><ul><li> <a href=\"https:\/\/exceladvisor.org\/pt\/duplicado\/\">Duplicar uma planilha ou planilha no Excel<\/a><\/li><li> <a href=\"https:\/\/exceladvisor.org\/pt\/link-para-outra-planilha\/\">Crie um hiperlink (link) para outra planilha<\/a><\/li><li> <a href=\"https:\/\/exceladvisor.org\/pt\/trancar\/\">Bloquear uma planilha (planilha) no Excel<\/a><\/li><li> <a href=\"https:\/\/exceladvisor.org\/pt\/atualizar\/\">Atualizar uma planilha (planilha) no Excel<\/a><\/li><li> <a href=\"https:\/\/exceladvisor.org\/pt\/abrir\/\">Desbloquear uma planilha com senha (sem senha)<\/a><\/li><\/ul><\/div><\/div><\/div><\/div>","protected":false},"excerpt":{"rendered":"","protected":false},"author":1,"featured_media":0,"parent":0,"menu_order":0,"comment_status":"open","ping_status":"closed","template":"","meta":{"ub_ctt_via":"","footnotes":""},"class_list":["post-362","page","type-page","status-publish","hentry"],"featured_image_src":null,"yoast_head":"<!-- This site is optimized with the Yoast SEO plugin v25.4 - https:\/\/yoast.com\/wordpress\/plugins\/seo\/ -->\n<title>Como mostrar planilhas ocultas do Excel? (Tutorial 2023)<\/title>\n<meta name=\"description\" content=\"Voc\u00ea pode visualizar rapidamente uma ou mais planilhas no Excel. E neste tutorial, aprenderemos como fazer isso em apenas alguns\" \/>\n<meta name=\"robots\" content=\"index, follow, max-snippet:-1, max-image-preview:large, max-video-preview:-1\" \/>\n<link rel=\"canonical\" href=\"https:\/\/exceladvisor.org\/pt\/mostrar\/\" \/>\n<meta property=\"og:locale\" content=\"pt_PT\" \/>\n<meta property=\"og:type\" content=\"article\" \/>\n<meta property=\"og:title\" content=\"Como mostrar planilhas ocultas do Excel? (Tutorial 2023)\" \/>\n<meta property=\"og:description\" content=\"Voc\u00ea pode visualizar rapidamente uma ou mais planilhas no Excel. E neste tutorial, aprenderemos como fazer isso em apenas alguns\" \/>\n<meta property=\"og:url\" content=\"https:\/\/exceladvisor.org\/pt\/mostrar\/\" \/>\n<meta property=\"og:site_name\" content=\"Excel Advisor\" \/>\n<meta property=\"article:modified_time\" content=\"2023-12-06T11:37:41+00:00\" \/>\n<meta property=\"og:image\" content=\"https:\/\/exceladvisor.org\/wp-content\/uploads\/2023\/08\/1-afficher-une-feuille-excel.png\" \/>\n<meta name=\"twitter:card\" content=\"summary_large_image\" \/>\n<meta name=\"twitter:label1\" content=\"Tempo estimado de leitura\" \/>\n\t<meta name=\"twitter:data1\" content=\"1 minuto\" \/>\n<script type=\"application\/ld+json\" class=\"yoast-schema-graph\">{\"@context\":\"https:\/\/schema.org\",\"@graph\":[{\"@type\":\"WebPage\",\"@id\":\"https:\/\/exceladvisor.org\/pt\/mostrar\/\",\"url\":\"https:\/\/exceladvisor.org\/pt\/mostrar\/\",\"name\":\"Como mostrar planilhas ocultas do Excel? (Tutorial 2023)\",\"isPartOf\":{\"@id\":\"https:\/\/exceladvisor.org\/pt\/#website\"},\"primaryImageOfPage\":{\"@id\":\"https:\/\/exceladvisor.org\/pt\/mostrar\/#primaryimage\"},\"image\":{\"@id\":\"https:\/\/exceladvisor.org\/pt\/mostrar\/#primaryimage\"},\"thumbnailUrl\":\"https:\/\/exceladvisor.org\/wp-content\/uploads\/2023\/08\/1-afficher-une-feuille-excel.png\",\"datePublished\":\"2023-10-31T21:51:48+00:00\",\"dateModified\":\"2023-12-06T11:37:41+00:00\",\"description\":\"Voc\u00ea pode visualizar rapidamente uma ou mais planilhas no Excel. E neste tutorial, aprenderemos como fazer isso em apenas alguns\",\"breadcrumb\":{\"@id\":\"https:\/\/exceladvisor.org\/pt\/mostrar\/#breadcrumb\"},\"inLanguage\":\"pt-PT\",\"potentialAction\":[{\"@type\":\"ReadAction\",\"target\":[\"https:\/\/exceladvisor.org\/pt\/mostrar\/\"]}]},{\"@type\":\"ImageObject\",\"inLanguage\":\"pt-PT\",\"@id\":\"https:\/\/exceladvisor.org\/pt\/mostrar\/#primaryimage\",\"url\":\"https:\/\/exceladvisor.org\/wp-content\/uploads\/2023\/08\/1-afficher-une-feuille-excel.png\",\"contentUrl\":\"https:\/\/exceladvisor.org\/wp-content\/uploads\/2023\/08\/1-afficher-une-feuille-excel.png\"},{\"@type\":\"BreadcrumbList\",\"@id\":\"https:\/\/exceladvisor.org\/pt\/mostrar\/#breadcrumb\",\"itemListElement\":[{\"@type\":\"ListItem\",\"position\":1,\"name\":\"Lar\",\"item\":\"https:\/\/exceladvisor.org\/pt\/\"},{\"@type\":\"ListItem\",\"position\":2,\"name\":\"Como exibir uma planilha excel ou todas as planilhas?\"}]},{\"@type\":\"WebSite\",\"@id\":\"https:\/\/exceladvisor.org\/pt\/#website\",\"url\":\"https:\/\/exceladvisor.org\/pt\/\",\"name\":\"Excel Advisor\",\"description\":\"O seu guia definitivo para dominar os dados!\",\"publisher\":{\"@id\":\"https:\/\/exceladvisor.org\/pt\/#organization\"},\"potentialAction\":[{\"@type\":\"SearchAction\",\"target\":{\"@type\":\"EntryPoint\",\"urlTemplate\":\"https:\/\/exceladvisor.org\/pt\/?s={search_term_string}\"},\"query-input\":{\"@type\":\"PropertyValueSpecification\",\"valueRequired\":true,\"valueName\":\"search_term_string\"}}],\"inLanguage\":\"pt-PT\"},{\"@type\":\"Organization\",\"@id\":\"https:\/\/exceladvisor.org\/pt\/#organization\",\"name\":\"Excel Advisor\",\"url\":\"https:\/\/exceladvisor.org\/pt\/\",\"logo\":{\"@type\":\"ImageObject\",\"inLanguage\":\"pt-PT\",\"@id\":\"https:\/\/exceladvisor.org\/pt\/#\/schema\/logo\/image\/\",\"url\":\"https:\/\/exceladvisor.org\/pt\/wp-content\/uploads\/2023\/12\/exceladvisor.org_.png\",\"contentUrl\":\"https:\/\/exceladvisor.org\/pt\/wp-content\/uploads\/2023\/12\/exceladvisor.org_.png\",\"width\":105,\"height\":36,\"caption\":\"Excel Advisor\"},\"image\":{\"@id\":\"https:\/\/exceladvisor.org\/pt\/#\/schema\/logo\/image\/\"}}]}<\/script>\n<!-- \/ Yoast SEO plugin. -->","yoast_head_json":{"title":"Como mostrar planilhas ocultas do Excel? (Tutorial 2023)","description":"Voc\u00ea pode visualizar rapidamente uma ou mais planilhas no Excel. E neste tutorial, aprenderemos como fazer isso em apenas alguns","robots":{"index":"index","follow":"follow","max-snippet":"max-snippet:-1","max-image-preview":"max-image-preview:large","max-video-preview":"max-video-preview:-1"},"canonical":"https:\/\/exceladvisor.org\/pt\/mostrar\/","og_locale":"pt_PT","og_type":"article","og_title":"Como mostrar planilhas ocultas do Excel? (Tutorial 2023)","og_description":"Voc\u00ea pode visualizar rapidamente uma ou mais planilhas no Excel. E neste tutorial, aprenderemos como fazer isso em apenas alguns","og_url":"https:\/\/exceladvisor.org\/pt\/mostrar\/","og_site_name":"Excel Advisor","article_modified_time":"2023-12-06T11:37:41+00:00","og_image":[{"url":"https:\/\/exceladvisor.org\/wp-content\/uploads\/2023\/08\/1-afficher-une-feuille-excel.png","type":"","width":"","height":""}],"twitter_card":"summary_large_image","twitter_misc":{"Tempo estimado de leitura":"1 minuto"},"schema":{"@context":"https:\/\/schema.org","@graph":[{"@type":"WebPage","@id":"https:\/\/exceladvisor.org\/pt\/mostrar\/","url":"https:\/\/exceladvisor.org\/pt\/mostrar\/","name":"Como mostrar planilhas ocultas do Excel? (Tutorial 2023)","isPartOf":{"@id":"https:\/\/exceladvisor.org\/pt\/#website"},"primaryImageOfPage":{"@id":"https:\/\/exceladvisor.org\/pt\/mostrar\/#primaryimage"},"image":{"@id":"https:\/\/exceladvisor.org\/pt\/mostrar\/#primaryimage"},"thumbnailUrl":"https:\/\/exceladvisor.org\/wp-content\/uploads\/2023\/08\/1-afficher-une-feuille-excel.png","datePublished":"2023-10-31T21:51:48+00:00","dateModified":"2023-12-06T11:37:41+00:00","description":"Voc\u00ea pode visualizar rapidamente uma ou mais planilhas no Excel. E neste tutorial, aprenderemos como fazer isso em apenas alguns","breadcrumb":{"@id":"https:\/\/exceladvisor.org\/pt\/mostrar\/#breadcrumb"},"inLanguage":"pt-PT","potentialAction":[{"@type":"ReadAction","target":["https:\/\/exceladvisor.org\/pt\/mostrar\/"]}]},{"@type":"ImageObject","inLanguage":"pt-PT","@id":"https:\/\/exceladvisor.org\/pt\/mostrar\/#primaryimage","url":"https:\/\/exceladvisor.org\/wp-content\/uploads\/2023\/08\/1-afficher-une-feuille-excel.png","contentUrl":"https:\/\/exceladvisor.org\/wp-content\/uploads\/2023\/08\/1-afficher-une-feuille-excel.png"},{"@type":"BreadcrumbList","@id":"https:\/\/exceladvisor.org\/pt\/mostrar\/#breadcrumb","itemListElement":[{"@type":"ListItem","position":1,"name":"Lar","item":"https:\/\/exceladvisor.org\/pt\/"},{"@type":"ListItem","position":2,"name":"Como exibir uma planilha excel ou todas as planilhas?"}]},{"@type":"WebSite","@id":"https:\/\/exceladvisor.org\/pt\/#website","url":"https:\/\/exceladvisor.org\/pt\/","name":"Excel Advisor","description":"O seu guia definitivo para dominar os dados!","publisher":{"@id":"https:\/\/exceladvisor.org\/pt\/#organization"},"potentialAction":[{"@type":"SearchAction","target":{"@type":"EntryPoint","urlTemplate":"https:\/\/exceladvisor.org\/pt\/?s={search_term_string}"},"query-input":{"@type":"PropertyValueSpecification","valueRequired":true,"valueName":"search_term_string"}}],"inLanguage":"pt-PT"},{"@type":"Organization","@id":"https:\/\/exceladvisor.org\/pt\/#organization","name":"Excel Advisor","url":"https:\/\/exceladvisor.org\/pt\/","logo":{"@type":"ImageObject","inLanguage":"pt-PT","@id":"https:\/\/exceladvisor.org\/pt\/#\/schema\/logo\/image\/","url":"https:\/\/exceladvisor.org\/pt\/wp-content\/uploads\/2023\/12\/exceladvisor.org_.png","contentUrl":"https:\/\/exceladvisor.org\/pt\/wp-content\/uploads\/2023\/12\/exceladvisor.org_.png","width":105,"height":36,"caption":"Excel Advisor"},"image":{"@id":"https:\/\/exceladvisor.org\/pt\/#\/schema\/logo\/image\/"}}]}},"yoast_meta":{"yoast_wpseo_title":"","yoast_wpseo_metadesc":"","yoast_wpseo_canonical":""},"_links":{"self":[{"href":"https:\/\/exceladvisor.org\/pt\/wp-json\/wp\/v2\/pages\/362","targetHints":{"allow":["GET"]}}],"collection":[{"href":"https:\/\/exceladvisor.org\/pt\/wp-json\/wp\/v2\/pages"}],"about":[{"href":"https:\/\/exceladvisor.org\/pt\/wp-json\/wp\/v2\/types\/page"}],"author":[{"embeddable":true,"href":"https:\/\/exceladvisor.org\/pt\/wp-json\/wp\/v2\/users\/1"}],"replies":[{"embeddable":true,"href":"https:\/\/exceladvisor.org\/pt\/wp-json\/wp\/v2\/comments?post=362"}],"version-history":[{"count":1,"href":"https:\/\/exceladvisor.org\/pt\/wp-json\/wp\/v2\/pages\/362\/revisions"}],"predecessor-version":[{"id":1060,"href":"https:\/\/exceladvisor.org\/pt\/wp-json\/wp\/v2\/pages\/362\/revisions\/1060"}],"wp:attachment":[{"href":"https:\/\/exceladvisor.org\/pt\/wp-json\/wp\/v2\/media?parent=362"}],"curies":[{"name":"wp","href":"https:\/\/api.w.org\/{rel}","templated":true}]}}