{"id":363,"date":"2023-10-31T21:38:48","date_gmt":"2023-10-31T21:38:48","guid":{"rendered":"https:\/\/exceladvisor.org\/pt\/selecione-todos-1\/"},"modified":"2023-12-06T11:42:15","modified_gmt":"2023-12-06T11:42:15","slug":"selecione-todos-1","status":"publish","type":"page","link":"https:\/\/exceladvisor.org\/pt\/selecione-todos-1\/","title":{"rendered":"Como selecionar todas as planilhas do excel?"},"content":{"rendered":"<div class=\"excel-before-content-2\" id=\"excel-3243710723\"><script type=\"text\/javascript\">\r\n\tatOptions = {\r\n\t\t'key' : 'c1158f160081d6540a8409e6925dab94',\r\n\t\t'format' : 'iframe',\r\n\t\t'height' : 250,\r\n\t\t'width' : 300,\r\n\t\t'params' : {}\r\n\t};\r\n<\/script>\r\n<script type=\"text\/javascript\" src=\"\/\/www.highperformanceformat.com\/c1158f160081d6540a8409e6925dab94\/invoke.js\"><\/script><\/div><div class=\"excel-before-content\" id=\"excel-3534898576\"><script type=\"text\/javascript\">\r\n\tatOptions = {\r\n\t\t'key' : 'c1158f160081d6540a8409e6925dab94',\r\n\t\t'format' : 'iframe',\r\n\t\t'height' : 250,\r\n\t\t'width' : 300,\r\n\t\t'params' : {}\r\n\t};\r\n<\/script>\r\n<script type=\"text\/javascript\" src=\"\/\/www.highperformanceformat.com\/c1158f160081d6540a8409e6925dab94\/invoke.js\"><\/script><\/div> <p>No Excel, se voc\u00ea deseja selecionar todas as planilhas de uma pasta de trabalho, existem duas maneiras r\u00e1pidas e f\u00e1ceis de fazer isso. E neste tutorial aprenderemos ambos os m\u00e9todos detalhadamente.<\/p><h2 id=\"h-use-the-shift-key-mouse-to-select-all-sheets\" class=\"wp-block-heading\"> Use Shift+mouse para selecionar todas as planilhas.<\/h2><ol type=\"1\"><li> Ative a primeira planilha que voc\u00ea possui na pasta de trabalho.<\/li><li> Pressione a tecla SHIFT.<\/li><li> Mantendo pressionada a tecla SHIFT, passe o mouse sobre a \u00faltima planilha da pasta de trabalho.<\/li><li> Clique na \u00faltima folha para selecionar todas as folhas. <\/li><\/ol><div class=\"wp-block-image\"><figure class=\"aligncenter size-full is-resized\"><img loading=\"lazy\" decoding=\"async\" class=\"wp-image-92264\" src=\"https:\/\/exceladvisor.org\/wp-content\/uploads\/2023\/08\/1-selectionner-toutes-les-feuilles.png\" sizes=\"auto, \" srcset=\"\" alt=\"selecione todas as planilhas\" width=\"690\" height=\"146\"><\/figure><\/div><p> E no momento em que voc\u00ea clicar na aba da \u00faltima planilha, todas as planilhas entre a primeira e a \u00faltima ser\u00e3o selecionadas.<\/p><h2 id=\"h-use-the-select-all-sheets-option\" class=\"wp-block-heading\"> Use a op\u00e7\u00e3o Selecionar todas as planilhas<\/h2><p> Agora tamb\u00e9m existe uma op\u00e7\u00e3o no Excel para selecionar todas as planilhas. Portanto, quando voc\u00ea clica com o bot\u00e3o direito em uma das guias da planilha, a op\u00e7\u00e3o diz \u201cSelecionar todas as planilhas\u201d. <\/p><div class=\"wp-block-image\"><figure class=\"aligncenter size-full is-resized\"><img loading=\"lazy\" decoding=\"async\" class=\"wp-image-92265\" src=\"https:\/\/exceladvisor.org\/wp-content\/uploads\/2023\/08\/2-selectionnez-loption-toutes-les-feuilles.png\" sizes=\"auto, \" srcset=\"\" alt=\"op\u00e7\u00e3o para selecionar todas as planilhas\" width=\"344\" height=\"432\"><\/figure><\/div><p> E quando voc\u00ea clica na op\u00e7\u00e3o, todas as planilhas que voc\u00ea possui na pasta de trabalho atual s\u00e3o selecionadas de uma vez. <\/p><div class=\"wp-block-image\"><figure class=\"aligncenter size-full is-resized\"><img loading=\"lazy\" decoding=\"async\" class=\"wp-image-92266\" src=\"https:\/\/exceladvisor.org\/wp-content\/uploads\/2023\/08\/3-selectionne-toutes-les-feuilles-du-classeur.png\" sizes=\"auto, \" srcset=\"\" alt=\"selecione todas as planilhas da pasta de trabalho\" width=\"698\" height=\"167\"><\/figure><\/div><h2 id=\"h-vba-code\" class=\"wp-block-heading\"> C\u00f3digo VBA<\/h2><p> E voc\u00ea tamb\u00e9m pode usar o c\u00f3digo VBA para selecionar todas as planilhas da pasta de trabalho atual. V\u00e1 para a guia Desenvolvedor &gt; Visual Basic &gt; Inserir M\u00f3dulo &gt; Colar C\u00f3digo. <\/p><div class=\"wp-block-image\"><figure class=\"aligncenter size-full is-resized\"><img loading=\"lazy\" decoding=\"async\" class=\"wp-image-92267\" src=\"https:\/\/exceladvisor.org\/wp-content\/uploads\/2023\/08\/4-vba-pour-selectionner-toutes-les-feuilles.png\" sizes=\"auto, \" srcset=\"\" alt=\"vba para selecionar todas as planilhas\" width=\"505\" height=\"210\"><\/figure><\/div><pre class=\"wp-block-code\"> <code class=\"language-visual-basic\" lang=\"visual-basic\">Sub Select_All_Sheets() Sheets.Select End Sub<\/code><\/pre><div class=\"gb-container gb-container-3044ba66 gb-container-mt\"><p class=\"gb-headline gb-headline-b5bb6270 gb-headline-text\"> <strong><a href=\"https:\/\/exceladvisor.org\/pt\/nocoes-basicas-de-excel\/\">No\u00e7\u00f5es b\u00e1sicas do Excel<\/a><\/strong> \/ <strong><a href=\"https:\/\/exceladvisor.org\/pt\/planilha\/\" data-wpil=\"url\">planilha do Excel<\/a><\/strong><\/p><h2 class=\"gb-headline gb-headline-819d540d gb-headline-text gb-headline-mt-heading\"> Mais tutoriais <\/h2><div class=\"gb-grid-wrapper gb-grid-wrapper-7f3d805a gb-grid-wrapper-mt-grid\"><div class=\"gb-grid-column gb-grid-column-7495e031\"><div class=\"gb-container gb-container-7495e031\"><ul><li> <a href=\"https:\/\/exceladvisor.org\/pt\/consolidar\/\">Consolide dados de v\u00e1rias planilhas<\/a><\/li><li> <a href=\"https:\/\/exceladvisor.org\/pt\/renomear\/\">Renomear planilha no Excel<\/a><\/li><li> <a href=\"https:\/\/exceladvisor.org\/pt\/grupo-1\/\">Planilhas de grupo no Excel<\/a><\/li><li> <a href=\"https:\/\/exceladvisor.org\/pt\/veja-lado-a-lado\/\">Visualize duas planilhas lado a lado no Excel<\/a><\/li><li> <a href=\"https:\/\/exceladvisor.org\/pt\/adicionar\/\">Adicionar uma planilha no Excel<\/a><\/li><\/ul><\/div><\/div><\/div><\/div>","protected":false},"excerpt":{"rendered":"","protected":false},"author":1,"featured_media":0,"parent":0,"menu_order":0,"comment_status":"open","ping_status":"closed","template":"","meta":{"ub_ctt_via":"","footnotes":""},"class_list":["post-363","page","type-page","status-publish","hentry"],"featured_image_src":null,"yoast_head":"<!-- This site is optimized with the Yoast SEO plugin v25.4 - https:\/\/yoast.com\/wordpress\/plugins\/seo\/ -->\n<title>Como selecionar todas as planilhas do Excel?<\/title>\n<meta name=\"description\" content=\"Este tutorial ajuda voc\u00ea a aprender tr\u00eas m\u00e9todos diferentes para selecionar todas as planilhas de uma vez no Excel.\" \/>\n<meta name=\"robots\" content=\"index, follow, max-snippet:-1, max-image-preview:large, max-video-preview:-1\" \/>\n<link rel=\"canonical\" href=\"https:\/\/exceladvisor.org\/pt\/selecione-todos-1\/\" \/>\n<meta property=\"og:locale\" content=\"pt_PT\" \/>\n<meta property=\"og:type\" content=\"article\" \/>\n<meta property=\"og:title\" content=\"Como selecionar todas as planilhas do Excel?\" \/>\n<meta property=\"og:description\" content=\"Este tutorial ajuda voc\u00ea a aprender tr\u00eas m\u00e9todos diferentes para selecionar todas as planilhas de uma vez no Excel.\" \/>\n<meta property=\"og:url\" content=\"https:\/\/exceladvisor.org\/pt\/selecione-todos-1\/\" \/>\n<meta property=\"og:site_name\" content=\"Excel Advisor\" \/>\n<meta property=\"article:modified_time\" content=\"2023-12-06T11:42:15+00:00\" \/>\n<meta property=\"og:image\" content=\"https:\/\/exceladvisor.org\/wp-content\/uploads\/2023\/08\/1-selectionner-toutes-les-feuilles.png\" \/>\n<meta name=\"twitter:card\" content=\"summary_large_image\" \/>\n<meta name=\"twitter:label1\" content=\"Tempo estimado de leitura\" \/>\n\t<meta name=\"twitter:data1\" content=\"1 minuto\" \/>\n<script type=\"application\/ld+json\" class=\"yoast-schema-graph\">{\"@context\":\"https:\/\/schema.org\",\"@graph\":[{\"@type\":\"WebPage\",\"@id\":\"https:\/\/exceladvisor.org\/pt\/selecione-todos-1\/\",\"url\":\"https:\/\/exceladvisor.org\/pt\/selecione-todos-1\/\",\"name\":\"Como selecionar todas as planilhas do Excel?\",\"isPartOf\":{\"@id\":\"https:\/\/exceladvisor.org\/pt\/#website\"},\"primaryImageOfPage\":{\"@id\":\"https:\/\/exceladvisor.org\/pt\/selecione-todos-1\/#primaryimage\"},\"image\":{\"@id\":\"https:\/\/exceladvisor.org\/pt\/selecione-todos-1\/#primaryimage\"},\"thumbnailUrl\":\"https:\/\/exceladvisor.org\/wp-content\/uploads\/2023\/08\/1-selectionner-toutes-les-feuilles.png\",\"datePublished\":\"2023-10-31T21:38:48+00:00\",\"dateModified\":\"2023-12-06T11:42:15+00:00\",\"description\":\"Este tutorial ajuda voc\u00ea a aprender tr\u00eas m\u00e9todos diferentes para selecionar todas as planilhas de uma vez no Excel.\",\"breadcrumb\":{\"@id\":\"https:\/\/exceladvisor.org\/pt\/selecione-todos-1\/#breadcrumb\"},\"inLanguage\":\"pt-PT\",\"potentialAction\":[{\"@type\":\"ReadAction\",\"target\":[\"https:\/\/exceladvisor.org\/pt\/selecione-todos-1\/\"]}]},{\"@type\":\"ImageObject\",\"inLanguage\":\"pt-PT\",\"@id\":\"https:\/\/exceladvisor.org\/pt\/selecione-todos-1\/#primaryimage\",\"url\":\"https:\/\/exceladvisor.org\/wp-content\/uploads\/2023\/08\/1-selectionner-toutes-les-feuilles.png\",\"contentUrl\":\"https:\/\/exceladvisor.org\/wp-content\/uploads\/2023\/08\/1-selectionner-toutes-les-feuilles.png\"},{\"@type\":\"BreadcrumbList\",\"@id\":\"https:\/\/exceladvisor.org\/pt\/selecione-todos-1\/#breadcrumb\",\"itemListElement\":[{\"@type\":\"ListItem\",\"position\":1,\"name\":\"Lar\",\"item\":\"https:\/\/exceladvisor.org\/pt\/\"},{\"@type\":\"ListItem\",\"position\":2,\"name\":\"Como selecionar todas as planilhas do excel?\"}]},{\"@type\":\"WebSite\",\"@id\":\"https:\/\/exceladvisor.org\/pt\/#website\",\"url\":\"https:\/\/exceladvisor.org\/pt\/\",\"name\":\"Excel Advisor\",\"description\":\"O seu guia definitivo para dominar os dados!\",\"publisher\":{\"@id\":\"https:\/\/exceladvisor.org\/pt\/#organization\"},\"potentialAction\":[{\"@type\":\"SearchAction\",\"target\":{\"@type\":\"EntryPoint\",\"urlTemplate\":\"https:\/\/exceladvisor.org\/pt\/?s={search_term_string}\"},\"query-input\":{\"@type\":\"PropertyValueSpecification\",\"valueRequired\":true,\"valueName\":\"search_term_string\"}}],\"inLanguage\":\"pt-PT\"},{\"@type\":\"Organization\",\"@id\":\"https:\/\/exceladvisor.org\/pt\/#organization\",\"name\":\"Excel Advisor\",\"url\":\"https:\/\/exceladvisor.org\/pt\/\",\"logo\":{\"@type\":\"ImageObject\",\"inLanguage\":\"pt-PT\",\"@id\":\"https:\/\/exceladvisor.org\/pt\/#\/schema\/logo\/image\/\",\"url\":\"https:\/\/exceladvisor.org\/pt\/wp-content\/uploads\/2023\/12\/exceladvisor.org_.png\",\"contentUrl\":\"https:\/\/exceladvisor.org\/pt\/wp-content\/uploads\/2023\/12\/exceladvisor.org_.png\",\"width\":105,\"height\":36,\"caption\":\"Excel Advisor\"},\"image\":{\"@id\":\"https:\/\/exceladvisor.org\/pt\/#\/schema\/logo\/image\/\"}}]}<\/script>\n<!-- \/ Yoast SEO plugin. -->","yoast_head_json":{"title":"Como selecionar todas as planilhas do Excel?","description":"Este tutorial ajuda voc\u00ea a aprender tr\u00eas m\u00e9todos diferentes para selecionar todas as planilhas de uma vez no Excel.","robots":{"index":"index","follow":"follow","max-snippet":"max-snippet:-1","max-image-preview":"max-image-preview:large","max-video-preview":"max-video-preview:-1"},"canonical":"https:\/\/exceladvisor.org\/pt\/selecione-todos-1\/","og_locale":"pt_PT","og_type":"article","og_title":"Como selecionar todas as planilhas do Excel?","og_description":"Este tutorial ajuda voc\u00ea a aprender tr\u00eas m\u00e9todos diferentes para selecionar todas as planilhas de uma vez no Excel.","og_url":"https:\/\/exceladvisor.org\/pt\/selecione-todos-1\/","og_site_name":"Excel Advisor","article_modified_time":"2023-12-06T11:42:15+00:00","og_image":[{"url":"https:\/\/exceladvisor.org\/wp-content\/uploads\/2023\/08\/1-selectionner-toutes-les-feuilles.png","type":"","width":"","height":""}],"twitter_card":"summary_large_image","twitter_misc":{"Tempo estimado de leitura":"1 minuto"},"schema":{"@context":"https:\/\/schema.org","@graph":[{"@type":"WebPage","@id":"https:\/\/exceladvisor.org\/pt\/selecione-todos-1\/","url":"https:\/\/exceladvisor.org\/pt\/selecione-todos-1\/","name":"Como selecionar todas as planilhas do Excel?","isPartOf":{"@id":"https:\/\/exceladvisor.org\/pt\/#website"},"primaryImageOfPage":{"@id":"https:\/\/exceladvisor.org\/pt\/selecione-todos-1\/#primaryimage"},"image":{"@id":"https:\/\/exceladvisor.org\/pt\/selecione-todos-1\/#primaryimage"},"thumbnailUrl":"https:\/\/exceladvisor.org\/wp-content\/uploads\/2023\/08\/1-selectionner-toutes-les-feuilles.png","datePublished":"2023-10-31T21:38:48+00:00","dateModified":"2023-12-06T11:42:15+00:00","description":"Este tutorial ajuda voc\u00ea a aprender tr\u00eas m\u00e9todos diferentes para selecionar todas as planilhas de uma vez no Excel.","breadcrumb":{"@id":"https:\/\/exceladvisor.org\/pt\/selecione-todos-1\/#breadcrumb"},"inLanguage":"pt-PT","potentialAction":[{"@type":"ReadAction","target":["https:\/\/exceladvisor.org\/pt\/selecione-todos-1\/"]}]},{"@type":"ImageObject","inLanguage":"pt-PT","@id":"https:\/\/exceladvisor.org\/pt\/selecione-todos-1\/#primaryimage","url":"https:\/\/exceladvisor.org\/wp-content\/uploads\/2023\/08\/1-selectionner-toutes-les-feuilles.png","contentUrl":"https:\/\/exceladvisor.org\/wp-content\/uploads\/2023\/08\/1-selectionner-toutes-les-feuilles.png"},{"@type":"BreadcrumbList","@id":"https:\/\/exceladvisor.org\/pt\/selecione-todos-1\/#breadcrumb","itemListElement":[{"@type":"ListItem","position":1,"name":"Lar","item":"https:\/\/exceladvisor.org\/pt\/"},{"@type":"ListItem","position":2,"name":"Como selecionar todas as planilhas do excel?"}]},{"@type":"WebSite","@id":"https:\/\/exceladvisor.org\/pt\/#website","url":"https:\/\/exceladvisor.org\/pt\/","name":"Excel Advisor","description":"O seu guia definitivo para dominar os dados!","publisher":{"@id":"https:\/\/exceladvisor.org\/pt\/#organization"},"potentialAction":[{"@type":"SearchAction","target":{"@type":"EntryPoint","urlTemplate":"https:\/\/exceladvisor.org\/pt\/?s={search_term_string}"},"query-input":{"@type":"PropertyValueSpecification","valueRequired":true,"valueName":"search_term_string"}}],"inLanguage":"pt-PT"},{"@type":"Organization","@id":"https:\/\/exceladvisor.org\/pt\/#organization","name":"Excel Advisor","url":"https:\/\/exceladvisor.org\/pt\/","logo":{"@type":"ImageObject","inLanguage":"pt-PT","@id":"https:\/\/exceladvisor.org\/pt\/#\/schema\/logo\/image\/","url":"https:\/\/exceladvisor.org\/pt\/wp-content\/uploads\/2023\/12\/exceladvisor.org_.png","contentUrl":"https:\/\/exceladvisor.org\/pt\/wp-content\/uploads\/2023\/12\/exceladvisor.org_.png","width":105,"height":36,"caption":"Excel Advisor"},"image":{"@id":"https:\/\/exceladvisor.org\/pt\/#\/schema\/logo\/image\/"}}]}},"yoast_meta":{"yoast_wpseo_title":"","yoast_wpseo_metadesc":"","yoast_wpseo_canonical":""},"_links":{"self":[{"href":"https:\/\/exceladvisor.org\/pt\/wp-json\/wp\/v2\/pages\/363","targetHints":{"allow":["GET"]}}],"collection":[{"href":"https:\/\/exceladvisor.org\/pt\/wp-json\/wp\/v2\/pages"}],"about":[{"href":"https:\/\/exceladvisor.org\/pt\/wp-json\/wp\/v2\/types\/page"}],"author":[{"embeddable":true,"href":"https:\/\/exceladvisor.org\/pt\/wp-json\/wp\/v2\/users\/1"}],"replies":[{"embeddable":true,"href":"https:\/\/exceladvisor.org\/pt\/wp-json\/wp\/v2\/comments?post=363"}],"version-history":[{"count":1,"href":"https:\/\/exceladvisor.org\/pt\/wp-json\/wp\/v2\/pages\/363\/revisions"}],"predecessor-version":[{"id":1194,"href":"https:\/\/exceladvisor.org\/pt\/wp-json\/wp\/v2\/pages\/363\/revisions\/1194"}],"wp:attachment":[{"href":"https:\/\/exceladvisor.org\/pt\/wp-json\/wp\/v2\/media?parent=363"}],"curies":[{"name":"wp","href":"https:\/\/api.w.org\/{rel}","templated":true}]}}