{"id":364,"date":"2023-10-31T21:28:51","date_gmt":"2023-10-31T21:28:51","guid":{"rendered":"https:\/\/exceladvisor.org\/pt\/adicionar-um-cabecalho-de-rodape\/"},"modified":"2023-12-06T11:33:48","modified_gmt":"2023-12-06T11:33:48","slug":"adicionar-um-cabecalho-de-rodape","status":"publish","type":"page","link":"https:\/\/exceladvisor.org\/pt\/adicionar-um-cabecalho-de-rodape\/","title":{"rendered":"Como adicionar cabe\u00e7alho e rodap\u00e9 no excel?"},"content":{"rendered":"<div class=\"excel-before-content-2\" id=\"excel-2556860292\"><script type=\"text\/javascript\">\r\n\tatOptions = {\r\n\t\t'key' : 'c1158f160081d6540a8409e6925dab94',\r\n\t\t'format' : 'iframe',\r\n\t\t'height' : 250,\r\n\t\t'width' : 300,\r\n\t\t'params' : {}\r\n\t};\r\n<\/script>\r\n<script type=\"text\/javascript\" src=\"\/\/www.highperformanceformat.com\/c1158f160081d6540a8409e6925dab94\/invoke.js\"><\/script><\/div><div class=\"excel-before-content\" id=\"excel-3965804283\"><script type=\"text\/javascript\">\r\n\tatOptions = {\r\n\t\t'key' : 'c1158f160081d6540a8409e6925dab94',\r\n\t\t'format' : 'iframe',\r\n\t\t'height' : 250,\r\n\t\t'width' : 300,\r\n\t\t'params' : {}\r\n\t};\r\n<\/script>\r\n<script type=\"text\/javascript\" src=\"\/\/www.highperformanceformat.com\/c1158f160081d6540a8409e6925dab94\/invoke.js\"><\/script><\/div> <p>Para imprimir os dados da sua planilha, \u00e0s vezes voc\u00ea precisa exibir informa\u00e7\u00f5es b\u00e1sicas, como n\u00fameros de p\u00e1ginas, data de impress\u00e3o, nome da pasta de trabalho, etc. relacionado \u00e0 sua planilha, voc\u00ea usa a fun\u00e7\u00e3o Cabe\u00e7alho e Rodap\u00e9 do Excel.<\/p><p> Voc\u00ea pode usar cabe\u00e7alhos e rodap\u00e9s predefinidos do Excel ou personaliz\u00e1-los de acordo com suas prefer\u00eancias.<\/p><h2 id=\"steps-to-insert-a-header-in-excel\" class=\"wp-block-heading\"> Etapas para inserir um cabe\u00e7alho no Excel<\/h2><ol><li> Primeiro, v\u00e1 para a guia \u201cInserir\u201d.<\/li><li> Em seguida, clique no grupo \u201cTexto\u201d e a seguir clique na op\u00e7\u00e3o \u201cCabe\u00e7alho e Rodap\u00e9\u201d. <br><img loading=\"lazy\" decoding=\"async\" title=\"1 guia de inser\u00e7\u00e3o\" src=\"https:\/\/exceladvisor.org\/wp-content\/uploads\/2023\/08\/1-onglet-dinsertion.png\" sizes=\"auto, \" srcset=\"\" alt=\"insert-tab\" width=\"931\" height=\"156\"><\/li><li> Depois de clicar em \u201cCabe\u00e7alho e Rodap\u00e9\u201d, o Excel exibe a se\u00e7\u00e3o de cabe\u00e7alho da planilha atual para adicionar os itens de cabe\u00e7alho. <br><img loading=\"lazy\" decoding=\"async\" title=\"2-Cabe\u00e7alho do Excel\" src=\"https:\/\/exceladvisor.org\/wp-content\/uploads\/2023\/08\/2-en-tete-excel.png\" sizes=\"auto, \" srcset=\"\" alt=\"excel header\" width=\"618\" height=\"304\"><\/li><li> Quando terminar de usar o cabe\u00e7alho, basta tocar em qualquer lugar da planilha e voc\u00ea sair\u00e1 da se\u00e7\u00e3o de cabe\u00e7alho e seu cabe\u00e7alho ficar\u00e1 ativo.<\/li><\/ol><h2 id=\"steps-to-insert-a-footer-in-excel\" class=\"wp-block-heading\"> Etapas para inserir um rodap\u00e9 no Excel<\/h2><ol><li> Primeiro, v\u00e1 para a guia \u201cInserir\u201d.<\/li><li> Em seguida, clique no grupo \u201cTexto\u201d e a seguir clique na op\u00e7\u00e3o \u201cCabe\u00e7alho e Rodap\u00e9\u201d. <br><img decoding=\"async\" title=\"grupo de 3 textos\" src=\"https:\/\/exceladvisor.org\/wp-content\/uploads\/2023\/08\/3-groupe-de-texte.png\" sizes=\"\" srcset=\"\" alt=\"text group\"><\/li><li> Agora voc\u00ea obter\u00e1 o \u00edcone \u201cIr para rodap\u00e9\u201d no grupo de navega\u00e7\u00e3o da faixa de op\u00e7\u00f5es e basta clicar nele. <br><img loading=\"lazy\" decoding=\"async\" title=\"4-v\u00e1 para o rodap\u00e9\" src=\"https:\/\/exceladvisor.org\/wp-content\/uploads\/2023\/08\/4-aller-au-pied-de-page.png\" sizes=\"auto, \" srcset=\"\" alt=\"go-to-footer\" width=\"961\" height=\"136\"><\/li><li> Depois de clicar no \u00edcone \u201cIr para rodap\u00e9\u201d, o Excel exibe a se\u00e7\u00e3o de rodap\u00e9 da planilha atual para adicionar os itens de rodap\u00e9. <br><img loading=\"lazy\" decoding=\"async\" title=\"5 rodap\u00e9s do Excel\" src=\"https:\/\/exceladvisor.org\/wp-content\/uploads\/2023\/08\/5-pied-de-page-excel.png\" sizes=\"auto, \" srcset=\"\" alt=\"excel-footer\" width=\"711\" height=\"324\"><\/li><li> Quando terminar de usar o rodap\u00e9, basta tocar em qualquer lugar da planilha e voc\u00ea sair\u00e1 da se\u00e7\u00e3o de rodap\u00e9 e seu rodap\u00e9 ficar\u00e1 ativo.<\/li><\/ol><p class=\"formula\"> Em \u201cCabe\u00e7alho e Rodap\u00e9\u201d voc\u00ea sempre ter\u00e1 tr\u00eas caixas (direita, meio e esquerda) para inserir texto, valores, imagens, etc. para seu cabe\u00e7alho e rodap\u00e9. E dependendo da sua escolha de qual lado deseja exibir os elementos de cabe\u00e7alho e rodap\u00e9, voc\u00ea pode inserir os dados nesta caixa.<\/p><h2 id=\"steps-to-insert-predefined-headers-and-footers-in-excel\" class=\"wp-block-heading\"> Etapas para inserir cabe\u00e7alhos e rodap\u00e9s predefinidos no Excel<\/h2><p> O Excel possui v\u00e1rios elementos \u201cCabe\u00e7alhos e Rodap\u00e9s\u201d predefinidos que podem ser usados em seu documento com a rapidez de um \u00fanico clique do mouse.<\/p><ol><li> Primeiro, v\u00e1 para a guia \u201cInserir\u201d.<\/li><li> Em seguida, clique no grupo \u201cTexto\u201d e a seguir clique na op\u00e7\u00e3o \u201cCabe\u00e7alho e Rodap\u00e9\u201d. <br><img loading=\"lazy\" decoding=\"async\" title=\"Op\u00e7\u00e3o 6 cabe\u00e7alhos e rodap\u00e9s\" src=\"https:\/\/exceladvisor.org\/wp-content\/uploads\/2023\/08\/6-options-den-tete-et-de-pied-de-page.png\" sizes=\"auto, \" srcset=\"\" alt=\"header-and-footer-option\" width=\"1004\" height=\"168\"><\/li><li> No momento em que voc\u00ea clicar na op\u00e7\u00e3o \u201cCabe\u00e7alho e Rodap\u00e9\u201d, voc\u00ea encontrar\u00e1 a nova aba \u201cCabe\u00e7alho e Rodap\u00e9\u201d com diversos elementos predefinidos.<\/li><li> Agora voc\u00ea pode selecionar um deles que deseja usar como cabe\u00e7alho. <br><img loading=\"lazy\" decoding=\"async\" title=\"7 elementos de cabe\u00e7alho e rodap\u00e9\" src=\"https:\/\/exceladvisor.org\/wp-content\/uploads\/2023\/08\/7-elements-den-tete-de-pied-de-page.png\" sizes=\"auto, \" srcset=\"\" alt=\"header-footer-elements\" width=\"1021\" height=\"145\"><\/li><li> Por exemplo, se quiser utilizar o item \u201cN\u00famero de p\u00e1ginas\u201d, basta clicar nele e ele aparecer\u00e1 como cabe\u00e7alho da sua planilha. <br><img loading=\"lazy\" decoding=\"async\" title=\"Item com 8 n\u00fameros de p\u00e1ginas\" src=\"https:\/\/exceladvisor.org\/wp-content\/uploads\/2023\/08\/8-element-de-nombre-de-pages.png\" sizes=\"auto, \" srcset=\"\" alt=\"number-of-pages-element\" width=\"756\" height=\"347\"><\/li><li> Voc\u00ea tamb\u00e9m pode selecionar os elementos predefinidos \u201cCabe\u00e7alho e Rodap\u00e9\u201d clicando nas op\u00e7\u00f5es \u201cCabe\u00e7alho\u201d e \u201cRodap\u00e9\u201d.<\/li><li> Depois de clicar em \u201cCabe\u00e7alho\u201d e \u201cRodap\u00e9\u201d, ser\u00e1 mostrada a lista de elementos predefinidos para voc\u00ea escolher. <br><img loading=\"lazy\" decoding=\"async\" title=\"Lista predefinida de 9 rodap\u00e9s\" src=\"https:\/\/exceladvisor.org\/wp-content\/uploads\/2023\/08\/Liste-predefinie-de-9-pieds-de-page.png\" sizes=\"auto, \" srcset=\"\" alt=\"footer-predefined-list\" width=\"656\" height=\"438\"><\/li><\/ol><p> Para ver a apar\u00eancia da sele\u00e7\u00e3o de &#8220;Cabe\u00e7alho&#8221; e &#8220;Rodap\u00e9&#8221; ap\u00f3s selecionar uma predefini\u00e7\u00e3o, basta clicar em qualquer lugar da planilha e voc\u00ea sair\u00e1 da p\u00e1gina da se\u00e7\u00e3o de cabe\u00e7alho e rodap\u00e9 e poder\u00e1 ver o cabe\u00e7alho e rodap\u00e9 que selecionou.<\/p><h2 id=\"edit-or-format-the-header-and-footer\" class=\"wp-block-heading\"> Edite ou formate o cabe\u00e7alho e o rodap\u00e9<\/h2><p> O Excel tem a capacidade de formatar e personalizar o tamanho da fonte, estilo, cor e efeito do seu \u201cCabe\u00e7alho e Rodap\u00e9\u201d de acordo com suas prefer\u00eancias.<\/p><ol><li> Primeiro, v\u00e1 para a guia \u201cLayout de p\u00e1gina\u201d e clique no \u00edcone da caixa de di\u00e1logo de configura\u00e7\u00e3o da p\u00e1gina. <br><img loading=\"lazy\" decoding=\"async\" title=\"Guia de layout de 10 p\u00e1ginas\" src=\"https:\/\/exceladvisor.org\/wp-content\/uploads\/2023\/08\/Onglet-de-mise-en-page-de-10-pages.png\" sizes=\"auto, \" srcset=\"\" alt=\"page-layout-tab\" width=\"739\" height=\"148\"><\/li><li> Depois disso, clique na op\u00e7\u00e3o \u201cCabe\u00e7alho\/Rodap\u00e9\u201d e voc\u00ea ter\u00e1 as op\u00e7\u00f5es \u201cCabe\u00e7alho Personalizado\u201d e \u201cRodap\u00e9 Personalizado\u201d.<\/li><li> Agora clique na op\u00e7\u00e3o \u201cCabe\u00e7alho Personalizado\u201d ou \u201cRodap\u00e9 Personalizado\u201d, que deseja personalizar, editar ou editar. <br><img loading=\"lazy\" decoding=\"async\" title=\"11 cabe\u00e7alho-rodap\u00e9 personalizado\" src=\"https:\/\/exceladvisor.org\/wp-content\/uploads\/2023\/08\/11-pied-de-page-den-tete-personnalise.png\" sizes=\"auto, \" srcset=\"\" alt=\"custom-header-footer\" width=\"502\" height=\"426\"><\/li><li> Agora, clique no \u00edcone da fonte e voc\u00ea ter\u00e1 o menu de contexto aberto onde poder\u00e1 alterar ou selecionar o tamanho da fonte, cor, estilo e efeitos para o seu \u201cCabe\u00e7alho e Rodap\u00e9\u201d. <br><img loading=\"lazy\" decoding=\"async\" title=\"Fonte de cabe\u00e7alho de rodap\u00e9 personalizado de 12\" src=\"https:\/\/exceladvisor.org\/wp-content\/uploads\/2023\/08\/12-polices-den-tete-de-pied-de-page-personnalisees.png\" sizes=\"auto, \" srcset=\"\" alt=\"custom-header-footer-font\" width=\"613\" height=\"331\"><br><img decoding=\"async\" style=\"display: block; margin-left: auto; margin-right: auto;\" title=\"13 op\u00e7\u00f5es personalizadas de fonte de cabe\u00e7alho e rodap\u00e9\" src=\"https:\/\/exceladvisor.org\/wp-content\/uploads\/2023\/08\/13-options-de-police-den-tete-de-pied-de-page-personnalisees.png\" sizes=\"\" srcset=\"\" alt=\"custom-header-footer-font-options\"><\/li><\/ol><h2 id=\"remove-the-header-and-footer-in-excel\" class=\"wp-block-heading\"> Remover cabe\u00e7alho e rodap\u00e9 no Excel<\/h2><ol><li> Para remover o cabe\u00e7alho e rodap\u00e9 existentes, v\u00e1 at\u00e9 a aba \u201cVisualizar\u201d e clique no \u00edcone \u201cNormal\u201d. <br><img decoding=\"async\" title=\"Visualiza\u00e7\u00e3o de 14 guias do Excel\" src=\"https:\/\/exceladvisor.org\/wp-content\/uploads\/2023\/08\/14-onglet-vue-excel.png\" sizes=\"\" srcset=\"\" alt=\"excel-view-tab\"><\/li><li> Voc\u00ea tamb\u00e9m pode remover o \u201cCabe\u00e7alho e Rodap\u00e9\u201d simplesmente clicando no \u00edcone \u201cNormal\u201d na barra de status. <br><img decoding=\"async\" title=\"Barra de status normal de 15 \u00edcones\" src=\"https:\/\/exceladvisor.org\/wp-content\/uploads\/2023\/08\/15-barre-detat-dicone-normale.png\" sizes=\"\" srcset=\"\" alt=\"normal-icon-status-bar\"><\/li><\/ol><div class=\"gb-container gb-container-4db6181c gb-container-mt\"> <a class=\"gb-button gb-button-c5897111 gb-button-text gb-button-mt-button\" href=\"https:\/\/exceladvisor.org\/pt\/nocoes-basicas-de-excel\/\">No\u00e7\u00f5es b\u00e1sicas do Microsoft Excel (componentes, pe\u00e7as e notas de conhecimento)<\/a><h2 class=\"gb-headline gb-headline-665e5f6b gb-headline-text gb-headline-mt-heading\"> Tutoriais relacionados <\/h2><div class=\"gb-grid-wrapper gb-grid-wrapper-a20baf7c gb-grid-wrapper-mt-grid\"><div class=\"gb-grid-column gb-grid-column-65ddf67e\"><div class=\"gb-container gb-container-65ddf67e\"><ul><li> <a href=\"https:\/\/exceladvisor.org\/pt\/justificar-completamente\/\">Preencha Justificar no Excel<\/a><\/li><li> <a href=\"https:\/\/exceladvisor.org\/pt\/barra-de-formulas-do-excel\/\">Barra de f\u00f3rmulas no Excel<\/a><\/li><li> <a href=\"https:\/\/exceladvisor.org\/pt\/governante\/\">Mostrar r\u00e9gua no Excel<\/a><\/li><li> <a href=\"https:\/\/exceladvisor.org\/pt\/alca-de-enchimento\/\">Al\u00e7a de preenchimento no Excel<\/a><\/li><li> <a href=\"https:\/\/exceladvisor.org\/pt\/formato-de-pintor\/\">Pintor de formato no Excel<\/a> <\/li><\/ul><\/div><\/div><div class=\"gb-grid-column gb-grid-column-50067b57\"><div class=\"gb-container gb-container-50067b57\"><\/div><\/div><\/div><\/div>","protected":false},"excerpt":{"rendered":"","protected":false},"author":1,"featured_media":0,"parent":0,"menu_order":0,"comment_status":"open","ping_status":"closed","template":"","meta":{"ub_ctt_via":"","footnotes":""},"class_list":["post-364","page","type-page","status-publish","hentry"],"featured_image_src":null,"yoast_head":"<!-- This site is optimized with the Yoast SEO plugin v25.4 - https:\/\/yoast.com\/wordpress\/plugins\/seo\/ -->\n<title>Como adicionar cabe\u00e7alho e rodap\u00e9 no Excel?<\/title>\n<meta name=\"description\" content=\"Neste tutorial, veremos todos os m\u00e9todos para adicionar cabe\u00e7alhos e\" \/>\n<meta name=\"robots\" content=\"index, follow, max-snippet:-1, max-image-preview:large, max-video-preview:-1\" \/>\n<link rel=\"canonical\" href=\"https:\/\/exceladvisor.org\/pt\/adicionar-um-cabecalho-de-rodape\/\" \/>\n<meta property=\"og:locale\" content=\"pt_PT\" \/>\n<meta property=\"og:type\" content=\"article\" \/>\n<meta property=\"og:title\" content=\"Como adicionar cabe\u00e7alho e rodap\u00e9 no Excel?\" \/>\n<meta property=\"og:description\" content=\"Neste tutorial, veremos todos os m\u00e9todos para adicionar cabe\u00e7alhos e\" \/>\n<meta property=\"og:url\" content=\"https:\/\/exceladvisor.org\/pt\/adicionar-um-cabecalho-de-rodape\/\" \/>\n<meta property=\"og:site_name\" content=\"Excel Advisor\" \/>\n<meta property=\"article:modified_time\" content=\"2023-12-06T11:33:48+00:00\" \/>\n<meta property=\"og:image\" content=\"https:\/\/exceladvisor.org\/wp-content\/uploads\/2023\/08\/1-onglet-dinsertion.png\" \/>\n<meta name=\"twitter:card\" content=\"summary_large_image\" \/>\n<meta name=\"twitter:label1\" content=\"Tempo estimado de leitura\" \/>\n\t<meta name=\"twitter:data1\" content=\"4 minutos\" \/>\n<script type=\"application\/ld+json\" class=\"yoast-schema-graph\">{\"@context\":\"https:\/\/schema.org\",\"@graph\":[{\"@type\":\"WebPage\",\"@id\":\"https:\/\/exceladvisor.org\/pt\/adicionar-um-cabecalho-de-rodape\/\",\"url\":\"https:\/\/exceladvisor.org\/pt\/adicionar-um-cabecalho-de-rodape\/\",\"name\":\"Como adicionar cabe\u00e7alho e rodap\u00e9 no Excel?\",\"isPartOf\":{\"@id\":\"https:\/\/exceladvisor.org\/pt\/#website\"},\"primaryImageOfPage\":{\"@id\":\"https:\/\/exceladvisor.org\/pt\/adicionar-um-cabecalho-de-rodape\/#primaryimage\"},\"image\":{\"@id\":\"https:\/\/exceladvisor.org\/pt\/adicionar-um-cabecalho-de-rodape\/#primaryimage\"},\"thumbnailUrl\":\"https:\/\/exceladvisor.org\/wp-content\/uploads\/2023\/08\/1-onglet-dinsertion.png\",\"datePublished\":\"2023-10-31T21:28:51+00:00\",\"dateModified\":\"2023-12-06T11:33:48+00:00\",\"description\":\"Neste tutorial, veremos todos os m\u00e9todos para adicionar cabe\u00e7alhos e\",\"breadcrumb\":{\"@id\":\"https:\/\/exceladvisor.org\/pt\/adicionar-um-cabecalho-de-rodape\/#breadcrumb\"},\"inLanguage\":\"pt-PT\",\"potentialAction\":[{\"@type\":\"ReadAction\",\"target\":[\"https:\/\/exceladvisor.org\/pt\/adicionar-um-cabecalho-de-rodape\/\"]}]},{\"@type\":\"ImageObject\",\"inLanguage\":\"pt-PT\",\"@id\":\"https:\/\/exceladvisor.org\/pt\/adicionar-um-cabecalho-de-rodape\/#primaryimage\",\"url\":\"https:\/\/exceladvisor.org\/wp-content\/uploads\/2023\/08\/1-onglet-dinsertion.png\",\"contentUrl\":\"https:\/\/exceladvisor.org\/wp-content\/uploads\/2023\/08\/1-onglet-dinsertion.png\"},{\"@type\":\"BreadcrumbList\",\"@id\":\"https:\/\/exceladvisor.org\/pt\/adicionar-um-cabecalho-de-rodape\/#breadcrumb\",\"itemListElement\":[{\"@type\":\"ListItem\",\"position\":1,\"name\":\"Lar\",\"item\":\"https:\/\/exceladvisor.org\/pt\/\"},{\"@type\":\"ListItem\",\"position\":2,\"name\":\"Como adicionar cabe\u00e7alho e rodap\u00e9 no excel?\"}]},{\"@type\":\"WebSite\",\"@id\":\"https:\/\/exceladvisor.org\/pt\/#website\",\"url\":\"https:\/\/exceladvisor.org\/pt\/\",\"name\":\"Excel Advisor\",\"description\":\"O seu guia definitivo para dominar os dados!\",\"publisher\":{\"@id\":\"https:\/\/exceladvisor.org\/pt\/#organization\"},\"potentialAction\":[{\"@type\":\"SearchAction\",\"target\":{\"@type\":\"EntryPoint\",\"urlTemplate\":\"https:\/\/exceladvisor.org\/pt\/?s={search_term_string}\"},\"query-input\":{\"@type\":\"PropertyValueSpecification\",\"valueRequired\":true,\"valueName\":\"search_term_string\"}}],\"inLanguage\":\"pt-PT\"},{\"@type\":\"Organization\",\"@id\":\"https:\/\/exceladvisor.org\/pt\/#organization\",\"name\":\"Excel Advisor\",\"url\":\"https:\/\/exceladvisor.org\/pt\/\",\"logo\":{\"@type\":\"ImageObject\",\"inLanguage\":\"pt-PT\",\"@id\":\"https:\/\/exceladvisor.org\/pt\/#\/schema\/logo\/image\/\",\"url\":\"https:\/\/exceladvisor.org\/pt\/wp-content\/uploads\/2023\/12\/exceladvisor.org_.png\",\"contentUrl\":\"https:\/\/exceladvisor.org\/pt\/wp-content\/uploads\/2023\/12\/exceladvisor.org_.png\",\"width\":105,\"height\":36,\"caption\":\"Excel Advisor\"},\"image\":{\"@id\":\"https:\/\/exceladvisor.org\/pt\/#\/schema\/logo\/image\/\"}}]}<\/script>\n<!-- \/ Yoast SEO plugin. -->","yoast_head_json":{"title":"Como adicionar cabe\u00e7alho e rodap\u00e9 no Excel?","description":"Neste tutorial, veremos todos os m\u00e9todos para adicionar cabe\u00e7alhos e","robots":{"index":"index","follow":"follow","max-snippet":"max-snippet:-1","max-image-preview":"max-image-preview:large","max-video-preview":"max-video-preview:-1"},"canonical":"https:\/\/exceladvisor.org\/pt\/adicionar-um-cabecalho-de-rodape\/","og_locale":"pt_PT","og_type":"article","og_title":"Como adicionar cabe\u00e7alho e rodap\u00e9 no Excel?","og_description":"Neste tutorial, veremos todos os m\u00e9todos para adicionar cabe\u00e7alhos e","og_url":"https:\/\/exceladvisor.org\/pt\/adicionar-um-cabecalho-de-rodape\/","og_site_name":"Excel Advisor","article_modified_time":"2023-12-06T11:33:48+00:00","og_image":[{"url":"https:\/\/exceladvisor.org\/wp-content\/uploads\/2023\/08\/1-onglet-dinsertion.png","type":"","width":"","height":""}],"twitter_card":"summary_large_image","twitter_misc":{"Tempo estimado de leitura":"4 minutos"},"schema":{"@context":"https:\/\/schema.org","@graph":[{"@type":"WebPage","@id":"https:\/\/exceladvisor.org\/pt\/adicionar-um-cabecalho-de-rodape\/","url":"https:\/\/exceladvisor.org\/pt\/adicionar-um-cabecalho-de-rodape\/","name":"Como adicionar cabe\u00e7alho e rodap\u00e9 no Excel?","isPartOf":{"@id":"https:\/\/exceladvisor.org\/pt\/#website"},"primaryImageOfPage":{"@id":"https:\/\/exceladvisor.org\/pt\/adicionar-um-cabecalho-de-rodape\/#primaryimage"},"image":{"@id":"https:\/\/exceladvisor.org\/pt\/adicionar-um-cabecalho-de-rodape\/#primaryimage"},"thumbnailUrl":"https:\/\/exceladvisor.org\/wp-content\/uploads\/2023\/08\/1-onglet-dinsertion.png","datePublished":"2023-10-31T21:28:51+00:00","dateModified":"2023-12-06T11:33:48+00:00","description":"Neste tutorial, veremos todos os m\u00e9todos para adicionar cabe\u00e7alhos e","breadcrumb":{"@id":"https:\/\/exceladvisor.org\/pt\/adicionar-um-cabecalho-de-rodape\/#breadcrumb"},"inLanguage":"pt-PT","potentialAction":[{"@type":"ReadAction","target":["https:\/\/exceladvisor.org\/pt\/adicionar-um-cabecalho-de-rodape\/"]}]},{"@type":"ImageObject","inLanguage":"pt-PT","@id":"https:\/\/exceladvisor.org\/pt\/adicionar-um-cabecalho-de-rodape\/#primaryimage","url":"https:\/\/exceladvisor.org\/wp-content\/uploads\/2023\/08\/1-onglet-dinsertion.png","contentUrl":"https:\/\/exceladvisor.org\/wp-content\/uploads\/2023\/08\/1-onglet-dinsertion.png"},{"@type":"BreadcrumbList","@id":"https:\/\/exceladvisor.org\/pt\/adicionar-um-cabecalho-de-rodape\/#breadcrumb","itemListElement":[{"@type":"ListItem","position":1,"name":"Lar","item":"https:\/\/exceladvisor.org\/pt\/"},{"@type":"ListItem","position":2,"name":"Como adicionar cabe\u00e7alho e rodap\u00e9 no excel?"}]},{"@type":"WebSite","@id":"https:\/\/exceladvisor.org\/pt\/#website","url":"https:\/\/exceladvisor.org\/pt\/","name":"Excel Advisor","description":"O seu guia definitivo para dominar os dados!","publisher":{"@id":"https:\/\/exceladvisor.org\/pt\/#organization"},"potentialAction":[{"@type":"SearchAction","target":{"@type":"EntryPoint","urlTemplate":"https:\/\/exceladvisor.org\/pt\/?s={search_term_string}"},"query-input":{"@type":"PropertyValueSpecification","valueRequired":true,"valueName":"search_term_string"}}],"inLanguage":"pt-PT"},{"@type":"Organization","@id":"https:\/\/exceladvisor.org\/pt\/#organization","name":"Excel Advisor","url":"https:\/\/exceladvisor.org\/pt\/","logo":{"@type":"ImageObject","inLanguage":"pt-PT","@id":"https:\/\/exceladvisor.org\/pt\/#\/schema\/logo\/image\/","url":"https:\/\/exceladvisor.org\/pt\/wp-content\/uploads\/2023\/12\/exceladvisor.org_.png","contentUrl":"https:\/\/exceladvisor.org\/pt\/wp-content\/uploads\/2023\/12\/exceladvisor.org_.png","width":105,"height":36,"caption":"Excel Advisor"},"image":{"@id":"https:\/\/exceladvisor.org\/pt\/#\/schema\/logo\/image\/"}}]}},"yoast_meta":{"yoast_wpseo_title":"","yoast_wpseo_metadesc":"","yoast_wpseo_canonical":""},"_links":{"self":[{"href":"https:\/\/exceladvisor.org\/pt\/wp-json\/wp\/v2\/pages\/364","targetHints":{"allow":["GET"]}}],"collection":[{"href":"https:\/\/exceladvisor.org\/pt\/wp-json\/wp\/v2\/pages"}],"about":[{"href":"https:\/\/exceladvisor.org\/pt\/wp-json\/wp\/v2\/types\/page"}],"author":[{"embeddable":true,"href":"https:\/\/exceladvisor.org\/pt\/wp-json\/wp\/v2\/users\/1"}],"replies":[{"embeddable":true,"href":"https:\/\/exceladvisor.org\/pt\/wp-json\/wp\/v2\/comments?post=364"}],"version-history":[{"count":1,"href":"https:\/\/exceladvisor.org\/pt\/wp-json\/wp\/v2\/pages\/364\/revisions"}],"predecessor-version":[{"id":774,"href":"https:\/\/exceladvisor.org\/pt\/wp-json\/wp\/v2\/pages\/364\/revisions\/774"}],"wp:attachment":[{"href":"https:\/\/exceladvisor.org\/pt\/wp-json\/wp\/v2\/media?parent=364"}],"curies":[{"name":"wp","href":"https:\/\/api.w.org\/{rel}","templated":true}]}}