{"id":367,"date":"2023-10-31T20:37:21","date_gmt":"2023-10-31T20:37:21","guid":{"rendered":"https:\/\/exceladvisor.org\/pt\/visualizar-antes-de-imprimir\/"},"modified":"2023-12-06T11:38:37","modified_gmt":"2023-12-06T11:38:37","slug":"visualizar-antes-de-imprimir","status":"publish","type":"page","link":"https:\/\/exceladvisor.org\/pt\/visualizar-antes-de-imprimir\/","title":{"rendered":"Como obter a visualiza\u00e7\u00e3o da impress\u00e3o no excel?"},"content":{"rendered":"<div class=\"excel-before-content-2\" id=\"excel-3203720217\"><script type=\"text\/javascript\">\r\n\tatOptions = {\r\n\t\t'key' : 'c1158f160081d6540a8409e6925dab94',\r\n\t\t'format' : 'iframe',\r\n\t\t'height' : 250,\r\n\t\t'width' : 300,\r\n\t\t'params' : {}\r\n\t};\r\n<\/script>\r\n<script type=\"text\/javascript\" src=\"\/\/www.highperformanceformat.com\/c1158f160081d6540a8409e6925dab94\/invoke.js\"><\/script><\/div><div class=\"excel-before-content\" id=\"excel-756500277\"><script type=\"text\/javascript\">\r\n\tatOptions = {\r\n\t\t'key' : 'c1158f160081d6540a8409e6925dab94',\r\n\t\t'format' : 'iframe',\r\n\t\t'height' : 250,\r\n\t\t'width' : 300,\r\n\t\t'params' : {}\r\n\t};\r\n<\/script>\r\n<script type=\"text\/javascript\" src=\"\/\/www.highperformanceformat.com\/c1158f160081d6540a8409e6925dab94\/invoke.js\"><\/script><\/div> <p>A op\u00e7\u00e3o de visualiza\u00e7\u00e3o de impress\u00e3o est\u00e1 dispon\u00edvel no Excel 2010 e agora se chama Imprimir. Para obter a impress\u00e3o voc\u00ea precisa usar o atalho de teclado que \u00e9 Control + P.<\/p><p> Ele permite que voc\u00ea visualize a p\u00e1gina atual e fa\u00e7a altera\u00e7\u00f5es antes de imprimi-la. <\/p><div class=\"wp-block-image\"><figure class=\"aligncenter size-full is-resized\"><img loading=\"lazy\" decoding=\"async\" class=\"wp-image-82070\" src=\"https:\/\/exceladvisor.org\/wp-content\/uploads\/2023\/08\/1-page-dapercu-avant-impression.png\" sizes=\"auto, \" srcset=\"\" alt=\"imprimir p\u00e1gina de visualiza\u00e7\u00e3o\" width=\"719\" height=\"478\"><\/figure><\/div><p> Neste tutorial, aprenderemos como usar o recurso de visualiza\u00e7\u00e3o de impress\u00e3o e suas configura\u00e7\u00f5es e op\u00e7\u00f5es no Excel.<\/p><h2 class=\"wp-block-heading\"> Etapas para visualizar a visualiza\u00e7\u00e3o da impress\u00e3o<\/h2><h3 class=\"wp-block-heading\"> <strong>Na guia Arquivo<\/strong><\/h3><ul><li> Primeiro, voc\u00ea precisa selecionar todos os dados que deseja imprimir. <\/li><\/ul><div class=\"wp-block-image\"><figure class=\"aligncenter size-full is-resized\"><img loading=\"lazy\" decoding=\"async\" class=\"wp-image-82071\" src=\"https:\/\/exceladvisor.org\/wp-content\/uploads\/2023\/08\/2-selectionner-les-donnees-a-imprimer.png\" sizes=\"auto, \" srcset=\"\" alt=\"selecione os dados para imprimir\" width=\"691\" height=\"311\"><\/figure><\/div><ul><li> Depois disso, clique na aba Arquivo e na lista de op\u00e7\u00f5es selecione a op\u00e7\u00e3o Imprimir. <\/li><\/ul><div class=\"wp-block-image\"><figure class=\"aligncenter size-full is-resized\"><img loading=\"lazy\" decoding=\"async\" class=\"wp-image-82072\" src=\"https:\/\/exceladvisor.org\/wp-content\/uploads\/2023\/08\/3-cliquez-sur-longlet-fichier-et-selectionnez-imprimer.png\" sizes=\"auto, \" srcset=\"\" alt=\"clique em arquivo-guia e selecione-imprimir\" width=\"543\" height=\"466\"><\/figure><\/div><h3 class=\"wp-block-heading\"> <strong>Usando um atalho de teclado<\/strong><\/h3><p> Voc\u00ea tamb\u00e9m pode imprimir os dados pressionando as teclas de atalho do teclado CTRL + P. Depois de pressionar essas teclas, a p\u00e1gina de visualiza\u00e7\u00e3o de impress\u00e3o ser\u00e1 aberta diretamente.<\/p><h2 class=\"wp-block-heading\"> Configura\u00e7\u00f5es de p\u00e1gina<\/h2><ul><li> Bot\u00e3o Imprimir: Est\u00e1 localizado no canto superior esquerdo da p\u00e1gina. E ao clicar, a p\u00e1gina que voc\u00ea visualizou ser\u00e1 impressa no lado direito. <\/li><\/ul><div class=\"wp-block-image\"><figure class=\"aligncenter size-full is-resized\"><img loading=\"lazy\" decoding=\"async\" class=\"wp-image-82073\" src=\"https:\/\/exceladvisor.org\/wp-content\/uploads\/2023\/08\/4-bouton-dimpression.png\" sizes=\"auto, \" srcset=\"\" alt=\"bot\u00e3o de impress\u00e3o\" width=\"364\" height=\"325\"><\/figure><\/div><ul><li> C\u00f3pias: Aqui voc\u00ea pode especificar o n\u00famero de c\u00f3pias que deseja imprimir. <\/li><\/ul><div class=\"wp-block-image\"><figure class=\"aligncenter size-full is-resized\"><img loading=\"lazy\" decoding=\"async\" class=\"wp-image-82074\" src=\"https:\/\/exceladvisor.org\/wp-content\/uploads\/2023\/08\/5-ajouter-le-nombre-dexemplaires.png\" sizes=\"auto, \" srcset=\"\" alt=\"adicionar n\u00famero de c\u00f3pias\" width=\"349\" height=\"312\"><\/figure><\/div><ul><li> Impressora: Selecione a impressora e d\u00ea o comando para imprimir a p\u00e1gina. Se a impressora n\u00e3o estiver dispon\u00edvel na lista, adicione-a primeiro. <\/li><\/ul><div class=\"wp-block-image\"><figure class=\"aligncenter size-full is-resized\"><img loading=\"lazy\" decoding=\"async\" class=\"wp-image-82114\" src=\"https:\/\/exceladvisor.org\/wp-content\/uploads\/2023\/08\/12-selectionner-limprimante.png\" sizes=\"auto, \" srcset=\"\" alt=\"\" width=\"351\" height=\"559\"><\/figure><\/div><ul><li> Lista suspensa de intervalo de impress\u00e3o<\/li><\/ul><p> Planilha ativa: para imprimir uma planilha ativa, selecione as planilhas ativas para imprimir na lista suspensa Intervalo de impress\u00e3o e clique em Imprimir. <\/p><div class=\"wp-block-image\"><figure class=\"aligncenter size-full is-resized\"><img loading=\"lazy\" decoding=\"async\" class=\"wp-image-82075\" src=\"https:\/\/exceladvisor.org\/wp-content\/uploads\/2023\/08\/6-selectionnez-imprimer-la-feuille-active.png\" sizes=\"auto, \" srcset=\"\" alt=\"selecione-imprimir-folha ativa\" width=\"328\" height=\"331\"><\/figure><\/div><p> Imprimir pasta de trabalho inteira: voc\u00ea pode imprimir v\u00e1rias planilhas de uma \u00fanica pasta de trabalho. E para isso voc\u00ea precisa selecionar toda a pasta de trabalho de impress\u00e3o como voc\u00ea v\u00ea abaixo. <\/p><div class=\"wp-block-image\"><figure class=\"aligncenter size-full is-resized\"><img loading=\"lazy\" decoding=\"async\" class=\"wp-image-82077\" src=\"https:\/\/exceladvisor.org\/wp-content\/uploads\/2023\/08\/7-clic-lors-de-limpression-du-classeur-entier.png\" sizes=\"auto, \" srcset=\"\" alt=\"clicar quando imprimir a pasta de trabalho inteira\" width=\"335\" height=\"332\"><\/figure><\/div><p> Imprimir sele\u00e7\u00e3o: Esta op\u00e7\u00e3o \u00e9 usada especialmente quando voc\u00ea deseja imprimir um intervalo espec\u00edfico de c\u00e9lulas em vez de uma planilha inteira. Para sele\u00e7\u00e3o de impress\u00e3o, voc\u00ea precisa primeiro selecionar as c\u00e9lulas e, em seguida, clicar na sele\u00e7\u00e3o de impress\u00e3o na lista suspensa. <\/p><div class=\"wp-block-image\"><figure class=\"aligncenter size-full is-resized\"><img loading=\"lazy\" decoding=\"async\" class=\"wp-image-82081\" src=\"https:\/\/exceladvisor.org\/wp-content\/uploads\/2023\/08\/8-selectionnez-la-zone-a-imprimer.png\" sizes=\"auto, \" srcset=\"\" alt=\"selecione a \u00e1rea para imprimir\" width=\"342\" height=\"338\"><\/figure><\/div><ul><li> P\u00e1gina de orienta\u00e7\u00e3o<\/li><\/ul><p> Orienta\u00e7\u00e3o Retrato: Quando voc\u00ea tiver dados com mais linhas na planilha, selecione a orienta\u00e7\u00e3o retrato, pois isso o ajudar\u00e1 a ajustar todas as linhas em uma p\u00e1gina. <\/p><div class=\"wp-block-image\"><figure class=\"aligncenter size-full is-resized\"><img loading=\"lazy\" decoding=\"async\" class=\"wp-image-82082\" src=\"https:\/\/exceladvisor.org\/wp-content\/uploads\/2023\/08\/9-page-dorientation-portrait.png\" sizes=\"auto, \" srcset=\"\" alt=\"orienta\u00e7\u00e3o de p\u00e1gina retrato\" width=\"800\" height=\"444\"><\/figure><\/div><p> Orienta\u00e7\u00e3o paisagem: assim como outras linhas, a orienta\u00e7\u00e3o paisagem o ajudar\u00e1 a ajustar um grande n\u00famero de colunas em uma \u00fanica p\u00e1gina. <\/p><div class=\"wp-block-image\"><figure class=\"aligncenter size-full is-resized\"><img loading=\"lazy\" decoding=\"async\" class=\"wp-image-82085\" src=\"https:\/\/exceladvisor.org\/wp-content\/uploads\/2023\/08\/10-selectionner-lorientation-paysage-pour-sadapter-aux-colonnes.png\" sizes=\"auto, \" srcset=\"\" alt=\"selecione orienta\u00e7\u00e3o paisagem para ajustar colunas\" width=\"314\" height=\"200\"><\/figure><\/div><ul><li> Tamanho do papel: A pr\u00f3xima coisa ap\u00f3s selecionar a orienta\u00e7\u00e3o da p\u00e1gina \u00e9 selecionar o tamanho do papel. Est\u00e1 em cent\u00edmetros e em diversos formatos como letras, A4, folhas of\u00edcios, envelopes, etc. <\/li><\/ul><div class=\"wp-block-image\"><figure class=\"aligncenter size-full is-resized\"><img loading=\"lazy\" decoding=\"async\" class=\"wp-image-82086\" src=\"https:\/\/exceladvisor.org\/wp-content\/uploads\/2023\/08\/11-selectionner-le-format-de-papier.png\" sizes=\"auto, \" srcset=\"\" alt=\"selecione o tamanho do papel\" width=\"336\" height=\"725\"><\/figure><\/div><ul><li> Margens: \u00c9 \u00fatil definir as margens da folha e os dados superior, inferior, esquerdo, direito, cabe\u00e7alho e rodap\u00e9. Est\u00e1 dividido em tr\u00eas categorias normal, largo e estreito e voc\u00ea tamb\u00e9m pode personaliz\u00e1-lo de acordo com suas necessidades. <\/li><\/ul><div class=\"wp-block-image\"><figure class=\"aligncenter size-full is-resized\"><img loading=\"lazy\" decoding=\"async\" class=\"wp-image-82087\" src=\"https:\/\/exceladvisor.org\/wp-content\/uploads\/2023\/08\/12-marges-de-la-page.png\" sizes=\"auto, \" srcset=\"\" alt=\"margens da p\u00e1gina\" width=\"365\" height=\"410\"><\/figure><\/div><ul><li> Dimensionamento: Este recurso \u00e9 usado para fazer certos ajustes para ajustar seus dados na p\u00e1gina, para que n\u00e3o sejam cortados pela impressora durante a impress\u00e3o. Na lista suspensa de escala, voc\u00ea pode selecionar a op\u00e7\u00e3o desejada.<\/li><\/ul><p> No exemplo a seguir, selecionamos a op\u00e7\u00e3o Ajustar planilha em uma p\u00e1gina para ajustar todos os dados em uma \u00fanica p\u00e1gina. Mas, nisso, seus dados diminu\u00edram e ficam muito dif\u00edceis de ler. <\/p><figure class=\"wp-block-image size-full is-resized\"><img loading=\"lazy\" decoding=\"async\" class=\"wp-image-82088\" src=\"https:\/\/exceladvisor.org\/wp-content\/uploads\/2023\/08\/13-mise-a-lechelle-pour-sadapter-a-la-feuille-sur-une-page.png\" sizes=\"auto, \" srcset=\"\" alt=\"dimensionando folha de ajuste em uma p\u00e1gina\" width=\"866\" height=\"468\"><\/figure><div class=\"gb-container gb-container-4db6181c gb-container-mt\"> <a class=\"gb-button gb-button-c5897111 gb-button-text gb-button-mt-button\" href=\"https:\/\/exceladvisor.org\/pt\/nocoes-basicas-de-excel\/\">No\u00e7\u00f5es b\u00e1sicas do Microsoft Excel (componentes, pe\u00e7as e notas de conhecimento)<\/a><h2 class=\"gb-headline gb-headline-665e5f6b gb-headline-text gb-headline-mt-heading\"> Tutoriais relacionados <\/h2><div class=\"gb-grid-wrapper gb-grid-wrapper-a20baf7c gb-grid-wrapper-mt-grid\"><div class=\"gb-grid-column gb-grid-column-65ddf67e\"><div class=\"gb-container gb-container-65ddf67e\"><ul><li> <a href=\"https:\/\/exceladvisor.org\/pt\/imprimir-titulos\/\">Aplicar t\u00edtulos de impress\u00e3o no Excel (defina a linha 1 para imprimir em todas as p\u00e1ginas)<\/a><\/li><li> <a href=\"https:\/\/exceladvisor.org\/pt\/papel-grafico\/\">Imprima um papel milimetrado no Excel (modelo de grade quadrada)<\/a><\/li><li> <a href=\"https:\/\/exceladvisor.org\/pt\/remover-quebra-de-pagina\/\">Remover quebra de p\u00e1gina no Excel<\/a><\/li><li> <a href=\"https:\/\/exceladvisor.org\/pt\/definir-area-de-impressao\/\">Definir \u00e1rea de impress\u00e3o no Excel<\/a><\/li><li> <a href=\"https:\/\/exceladvisor.org\/pt\/centralize-a-planilha-horizontalmente\/\">Centralize uma planilha horizontal e verticalmente no Excel<\/a> <\/li><\/ul><\/div><\/div><div class=\"gb-grid-column gb-grid-column-50067b57\"><div class=\"gb-container gb-container-50067b57\"><\/div><\/div><\/div><\/div>","protected":false},"excerpt":{"rendered":"","protected":false},"author":1,"featured_media":0,"parent":0,"menu_order":0,"comment_status":"open","ping_status":"closed","template":"","meta":{"ub_ctt_via":"","footnotes":""},"class_list":["post-367","page","type-page","status-publish","hentry"],"featured_image_src":null,"yoast_head":"<!-- This site is optimized with the Yoast SEO plugin v25.4 - https:\/\/yoast.com\/wordpress\/plugins\/seo\/ -->\n<title>\u25b7 Como obter visualiza\u00e7\u00e3o de impress\u00e3o no Excel?<\/title>\n<meta name=\"description\" content=\"Neste tutorial, aprenderemos como usar o recurso de visualiza\u00e7\u00e3o de impress\u00e3o e suas configura\u00e7\u00f5es e op\u00e7\u00f5es no Excel.\" \/>\n<meta name=\"robots\" content=\"index, follow, max-snippet:-1, max-image-preview:large, max-video-preview:-1\" \/>\n<link rel=\"canonical\" href=\"https:\/\/exceladvisor.org\/pt\/visualizar-antes-de-imprimir\/\" \/>\n<meta property=\"og:locale\" content=\"pt_PT\" \/>\n<meta property=\"og:type\" content=\"article\" \/>\n<meta property=\"og:title\" content=\"\u25b7 Como obter visualiza\u00e7\u00e3o de impress\u00e3o no Excel?\" \/>\n<meta property=\"og:description\" content=\"Neste tutorial, aprenderemos como usar o recurso de visualiza\u00e7\u00e3o de impress\u00e3o e suas configura\u00e7\u00f5es e op\u00e7\u00f5es no Excel.\" \/>\n<meta property=\"og:url\" content=\"https:\/\/exceladvisor.org\/pt\/visualizar-antes-de-imprimir\/\" \/>\n<meta property=\"og:site_name\" content=\"Excel Advisor\" \/>\n<meta property=\"article:modified_time\" content=\"2023-12-06T11:38:37+00:00\" \/>\n<meta property=\"og:image\" content=\"https:\/\/exceladvisor.org\/wp-content\/uploads\/2023\/08\/1-page-dapercu-avant-impression.png\" \/>\n<meta name=\"twitter:card\" content=\"summary_large_image\" \/>\n<meta name=\"twitter:label1\" content=\"Tempo estimado de leitura\" \/>\n\t<meta name=\"twitter:data1\" content=\"3 minutos\" \/>\n<script type=\"application\/ld+json\" class=\"yoast-schema-graph\">{\"@context\":\"https:\/\/schema.org\",\"@graph\":[{\"@type\":\"WebPage\",\"@id\":\"https:\/\/exceladvisor.org\/pt\/visualizar-antes-de-imprimir\/\",\"url\":\"https:\/\/exceladvisor.org\/pt\/visualizar-antes-de-imprimir\/\",\"name\":\"\u25b7 Como obter visualiza\u00e7\u00e3o de impress\u00e3o no Excel?\",\"isPartOf\":{\"@id\":\"https:\/\/exceladvisor.org\/pt\/#website\"},\"primaryImageOfPage\":{\"@id\":\"https:\/\/exceladvisor.org\/pt\/visualizar-antes-de-imprimir\/#primaryimage\"},\"image\":{\"@id\":\"https:\/\/exceladvisor.org\/pt\/visualizar-antes-de-imprimir\/#primaryimage\"},\"thumbnailUrl\":\"https:\/\/exceladvisor.org\/wp-content\/uploads\/2023\/08\/1-page-dapercu-avant-impression.png\",\"datePublished\":\"2023-10-31T20:37:21+00:00\",\"dateModified\":\"2023-12-06T11:38:37+00:00\",\"description\":\"Neste tutorial, aprenderemos como usar o recurso de visualiza\u00e7\u00e3o de impress\u00e3o e suas configura\u00e7\u00f5es e op\u00e7\u00f5es no Excel.\",\"breadcrumb\":{\"@id\":\"https:\/\/exceladvisor.org\/pt\/visualizar-antes-de-imprimir\/#breadcrumb\"},\"inLanguage\":\"pt-PT\",\"potentialAction\":[{\"@type\":\"ReadAction\",\"target\":[\"https:\/\/exceladvisor.org\/pt\/visualizar-antes-de-imprimir\/\"]}]},{\"@type\":\"ImageObject\",\"inLanguage\":\"pt-PT\",\"@id\":\"https:\/\/exceladvisor.org\/pt\/visualizar-antes-de-imprimir\/#primaryimage\",\"url\":\"https:\/\/exceladvisor.org\/wp-content\/uploads\/2023\/08\/1-page-dapercu-avant-impression.png\",\"contentUrl\":\"https:\/\/exceladvisor.org\/wp-content\/uploads\/2023\/08\/1-page-dapercu-avant-impression.png\"},{\"@type\":\"BreadcrumbList\",\"@id\":\"https:\/\/exceladvisor.org\/pt\/visualizar-antes-de-imprimir\/#breadcrumb\",\"itemListElement\":[{\"@type\":\"ListItem\",\"position\":1,\"name\":\"Lar\",\"item\":\"https:\/\/exceladvisor.org\/pt\/\"},{\"@type\":\"ListItem\",\"position\":2,\"name\":\"Como obter a visualiza\u00e7\u00e3o da impress\u00e3o no excel?\"}]},{\"@type\":\"WebSite\",\"@id\":\"https:\/\/exceladvisor.org\/pt\/#website\",\"url\":\"https:\/\/exceladvisor.org\/pt\/\",\"name\":\"Excel Advisor\",\"description\":\"O seu guia definitivo para dominar os dados!\",\"publisher\":{\"@id\":\"https:\/\/exceladvisor.org\/pt\/#organization\"},\"potentialAction\":[{\"@type\":\"SearchAction\",\"target\":{\"@type\":\"EntryPoint\",\"urlTemplate\":\"https:\/\/exceladvisor.org\/pt\/?s={search_term_string}\"},\"query-input\":{\"@type\":\"PropertyValueSpecification\",\"valueRequired\":true,\"valueName\":\"search_term_string\"}}],\"inLanguage\":\"pt-PT\"},{\"@type\":\"Organization\",\"@id\":\"https:\/\/exceladvisor.org\/pt\/#organization\",\"name\":\"Excel Advisor\",\"url\":\"https:\/\/exceladvisor.org\/pt\/\",\"logo\":{\"@type\":\"ImageObject\",\"inLanguage\":\"pt-PT\",\"@id\":\"https:\/\/exceladvisor.org\/pt\/#\/schema\/logo\/image\/\",\"url\":\"https:\/\/exceladvisor.org\/pt\/wp-content\/uploads\/2023\/12\/exceladvisor.org_.png\",\"contentUrl\":\"https:\/\/exceladvisor.org\/pt\/wp-content\/uploads\/2023\/12\/exceladvisor.org_.png\",\"width\":105,\"height\":36,\"caption\":\"Excel Advisor\"},\"image\":{\"@id\":\"https:\/\/exceladvisor.org\/pt\/#\/schema\/logo\/image\/\"}}]}<\/script>\n<!-- \/ Yoast SEO plugin. -->","yoast_head_json":{"title":"\u25b7 Como obter visualiza\u00e7\u00e3o de impress\u00e3o no Excel?","description":"Neste tutorial, aprenderemos como usar o recurso de visualiza\u00e7\u00e3o de impress\u00e3o e suas configura\u00e7\u00f5es e op\u00e7\u00f5es no Excel.","robots":{"index":"index","follow":"follow","max-snippet":"max-snippet:-1","max-image-preview":"max-image-preview:large","max-video-preview":"max-video-preview:-1"},"canonical":"https:\/\/exceladvisor.org\/pt\/visualizar-antes-de-imprimir\/","og_locale":"pt_PT","og_type":"article","og_title":"\u25b7 Como obter visualiza\u00e7\u00e3o de impress\u00e3o no Excel?","og_description":"Neste tutorial, aprenderemos como usar o recurso de visualiza\u00e7\u00e3o de impress\u00e3o e suas configura\u00e7\u00f5es e op\u00e7\u00f5es no Excel.","og_url":"https:\/\/exceladvisor.org\/pt\/visualizar-antes-de-imprimir\/","og_site_name":"Excel Advisor","article_modified_time":"2023-12-06T11:38:37+00:00","og_image":[{"url":"https:\/\/exceladvisor.org\/wp-content\/uploads\/2023\/08\/1-page-dapercu-avant-impression.png","type":"","width":"","height":""}],"twitter_card":"summary_large_image","twitter_misc":{"Tempo estimado de leitura":"3 minutos"},"schema":{"@context":"https:\/\/schema.org","@graph":[{"@type":"WebPage","@id":"https:\/\/exceladvisor.org\/pt\/visualizar-antes-de-imprimir\/","url":"https:\/\/exceladvisor.org\/pt\/visualizar-antes-de-imprimir\/","name":"\u25b7 Como obter visualiza\u00e7\u00e3o de impress\u00e3o no Excel?","isPartOf":{"@id":"https:\/\/exceladvisor.org\/pt\/#website"},"primaryImageOfPage":{"@id":"https:\/\/exceladvisor.org\/pt\/visualizar-antes-de-imprimir\/#primaryimage"},"image":{"@id":"https:\/\/exceladvisor.org\/pt\/visualizar-antes-de-imprimir\/#primaryimage"},"thumbnailUrl":"https:\/\/exceladvisor.org\/wp-content\/uploads\/2023\/08\/1-page-dapercu-avant-impression.png","datePublished":"2023-10-31T20:37:21+00:00","dateModified":"2023-12-06T11:38:37+00:00","description":"Neste tutorial, aprenderemos como usar o recurso de visualiza\u00e7\u00e3o de impress\u00e3o e suas configura\u00e7\u00f5es e op\u00e7\u00f5es no Excel.","breadcrumb":{"@id":"https:\/\/exceladvisor.org\/pt\/visualizar-antes-de-imprimir\/#breadcrumb"},"inLanguage":"pt-PT","potentialAction":[{"@type":"ReadAction","target":["https:\/\/exceladvisor.org\/pt\/visualizar-antes-de-imprimir\/"]}]},{"@type":"ImageObject","inLanguage":"pt-PT","@id":"https:\/\/exceladvisor.org\/pt\/visualizar-antes-de-imprimir\/#primaryimage","url":"https:\/\/exceladvisor.org\/wp-content\/uploads\/2023\/08\/1-page-dapercu-avant-impression.png","contentUrl":"https:\/\/exceladvisor.org\/wp-content\/uploads\/2023\/08\/1-page-dapercu-avant-impression.png"},{"@type":"BreadcrumbList","@id":"https:\/\/exceladvisor.org\/pt\/visualizar-antes-de-imprimir\/#breadcrumb","itemListElement":[{"@type":"ListItem","position":1,"name":"Lar","item":"https:\/\/exceladvisor.org\/pt\/"},{"@type":"ListItem","position":2,"name":"Como obter a visualiza\u00e7\u00e3o da impress\u00e3o no excel?"}]},{"@type":"WebSite","@id":"https:\/\/exceladvisor.org\/pt\/#website","url":"https:\/\/exceladvisor.org\/pt\/","name":"Excel Advisor","description":"O seu guia definitivo para dominar os dados!","publisher":{"@id":"https:\/\/exceladvisor.org\/pt\/#organization"},"potentialAction":[{"@type":"SearchAction","target":{"@type":"EntryPoint","urlTemplate":"https:\/\/exceladvisor.org\/pt\/?s={search_term_string}"},"query-input":{"@type":"PropertyValueSpecification","valueRequired":true,"valueName":"search_term_string"}}],"inLanguage":"pt-PT"},{"@type":"Organization","@id":"https:\/\/exceladvisor.org\/pt\/#organization","name":"Excel Advisor","url":"https:\/\/exceladvisor.org\/pt\/","logo":{"@type":"ImageObject","inLanguage":"pt-PT","@id":"https:\/\/exceladvisor.org\/pt\/#\/schema\/logo\/image\/","url":"https:\/\/exceladvisor.org\/pt\/wp-content\/uploads\/2023\/12\/exceladvisor.org_.png","contentUrl":"https:\/\/exceladvisor.org\/pt\/wp-content\/uploads\/2023\/12\/exceladvisor.org_.png","width":105,"height":36,"caption":"Excel Advisor"},"image":{"@id":"https:\/\/exceladvisor.org\/pt\/#\/schema\/logo\/image\/"}}]}},"yoast_meta":{"yoast_wpseo_title":"","yoast_wpseo_metadesc":"","yoast_wpseo_canonical":""},"_links":{"self":[{"href":"https:\/\/exceladvisor.org\/pt\/wp-json\/wp\/v2\/pages\/367","targetHints":{"allow":["GET"]}}],"collection":[{"href":"https:\/\/exceladvisor.org\/pt\/wp-json\/wp\/v2\/pages"}],"about":[{"href":"https:\/\/exceladvisor.org\/pt\/wp-json\/wp\/v2\/types\/page"}],"author":[{"embeddable":true,"href":"https:\/\/exceladvisor.org\/pt\/wp-json\/wp\/v2\/users\/1"}],"replies":[{"embeddable":true,"href":"https:\/\/exceladvisor.org\/pt\/wp-json\/wp\/v2\/comments?post=367"}],"version-history":[{"count":1,"href":"https:\/\/exceladvisor.org\/pt\/wp-json\/wp\/v2\/pages\/367\/revisions"}],"predecessor-version":[{"id":1139,"href":"https:\/\/exceladvisor.org\/pt\/wp-json\/wp\/v2\/pages\/367\/revisions\/1139"}],"wp:attachment":[{"href":"https:\/\/exceladvisor.org\/pt\/wp-json\/wp\/v2\/media?parent=367"}],"curies":[{"name":"wp","href":"https:\/\/api.w.org\/{rel}","templated":true}]}}