{"id":368,"date":"2023-10-31T18:49:50","date_gmt":"2023-10-31T18:49:50","guid":{"rendered":"https:\/\/exceladvisor.org\/pt\/adicionar-uma-coluna\/"},"modified":"2023-12-06T11:34:08","modified_gmt":"2023-12-06T11:34:08","slug":"adicionar-uma-coluna","status":"publish","type":"page","link":"https:\/\/exceladvisor.org\/pt\/adicionar-uma-coluna\/","title":{"rendered":"Como adicionar uma coluna no excel?"},"content":{"rendered":"<div class=\"excel-before-content-2\" id=\"excel-853758254\"><script type=\"text\/javascript\">\r\n\tatOptions = {\r\n\t\t'key' : 'c1158f160081d6540a8409e6925dab94',\r\n\t\t'format' : 'iframe',\r\n\t\t'height' : 250,\r\n\t\t'width' : 300,\r\n\t\t'params' : {}\r\n\t};\r\n<\/script>\r\n<script type=\"text\/javascript\" src=\"\/\/www.highperformanceformat.com\/c1158f160081d6540a8409e6925dab94\/invoke.js\"><\/script><\/div><div class=\"excel-before-content\" id=\"excel-1516149705\"><script type=\"text\/javascript\">\r\n\tatOptions = {\r\n\t\t'key' : 'c1158f160081d6540a8409e6925dab94',\r\n\t\t'format' : 'iframe',\r\n\t\t'height' : 250,\r\n\t\t'width' : 300,\r\n\t\t'params' : {}\r\n\t};\r\n<\/script>\r\n<script type=\"text\/javascript\" src=\"\/\/www.highperformanceformat.com\/c1158f160081d6540a8409e6925dab94\/invoke.js\"><\/script><\/div> <p>Ao trabalhar no Excel, adicionar ou remover colunas \u00e9 uma tarefa comum e existem v\u00e1rias maneiras de adicionar ou inserir colunas em planilhas do Excel.<\/p><p> Pode-se escolher uma das formas de adicionar ou inserir as colunas de acordo com suas prefer\u00eancias.<\/p><h2 id=\"steps-to-insert-a-single-column\" class=\"wp-block-heading\"> Etapas para inserir uma \u00fanica coluna<\/h2><ol><li> Primeiro, clique com o bot\u00e3o direito em qualquer c\u00e9lula da coluna.<\/li><li> Depois disso, voc\u00ea receber\u00e1 uma janela pop-up com diversas op\u00e7\u00f5es.<\/li><li> Agora clique na op\u00e7\u00e3o <strong>\u201cInserir\u201d<\/strong> . <br><img loading=\"lazy\" decoding=\"async\" title=\"\" src=\"https:\/\/exceladvisor.org\/wp-content\/uploads\/2023\/08\/1-option-dinsertion.png\" sizes=\"auto, \" srcset=\"\" alt=\"insert-option\" width=\"599\" height=\"201\"><\/li><li> Depois disso, clique com o bot\u00e3o direito e voc\u00ea ver\u00e1 uma janela pop-up com diversas op\u00e7\u00f5es.<\/li><li> Agora selecione a op\u00e7\u00e3o <strong>\u201cColuna inteira\u201d<\/strong> e clique em OK. <br><img loading=\"lazy\" decoding=\"async\" title=\"uh\" src=\"https:\/\/exceladvisor.org\/wp-content\/uploads\/2023\/08\/2-selectionner-la-colonne-entiere.png\" sizes=\"auto, \" srcset=\"\" alt=\"select-entire-column\" width=\"192\" height=\"183\"><\/li><li> Neste ponto, a coluna foi inserida \u00e0 esquerda da c\u00e9lula selecionada. <br><img loading=\"lazy\" decoding=\"async\" title=\"min\" src=\"https:\/\/exceladvisor.org\/wp-content\/uploads\/2023\/08\/3-nouvelle-colonne-inseree.png\" sizes=\"auto, \" srcset=\"\" alt=\"new-inserted-column\" width=\"705\" height=\"162\"><\/li><\/ol><p class=\"qt-tip\"> <strong>Dica<\/strong> : voc\u00ea pode selecionar todas as colunas \u00fanicas ou m\u00faltiplas selecionando as letras do cabe\u00e7alho da coluna, clicando com o bot\u00e3o direito e selecionando <strong>&#8220;Inserir&#8221;<\/strong> na op\u00e7\u00e3o pop-up. O n\u00famero de colunas inseridas depende sempre do n\u00famero de colunas selecionadas. <\/p><div class=\"wp-block-image\"><figure class=\"aligncenter size-full is-resized\"><img loading=\"lazy\" decoding=\"async\" class=\"wp-image-63688\" src=\"https:\/\/exceladvisor.org\/wp-content\/uploads\/2023\/08\/4-inserer-plusieurs-colonnes-simples.gif\" sizes=\"auto, \" srcset=\"\" alt=\"inserir colunas \u00fanicas e m\u00faltiplas\" width=\"635\" height=\"223\"><\/figure><\/div><p> Voc\u00ea tamb\u00e9m pode inserir a coluna da faixa de op\u00e7\u00f5es na guia \u201cHome\u201d.<\/p><ol><li> Primeiro, certifique-se de estar na <strong>guia \u201cP\u00e1gina inicial\u201d<\/strong> e clique em qualquer c\u00e9lula da coluna. <br><img loading=\"lazy\" decoding=\"async\" title=\"Guia de 5 p\u00e1ginas iniciais\" src=\"https:\/\/exceladvisor.org\/wp-content\/uploads\/2023\/08\/5-onglet-daccueil.png\" sizes=\"auto, \" srcset=\"\" alt=\"home-tab-sheet\" width=\"554\" height=\"297\"><\/li><li> Aqui voc\u00ea encontrar\u00e1 o \u00edcone <strong>\u201cInserir\u201d<\/strong> no grupo <strong>\u201cc\u00e9lulas\u201d<\/strong> da faixa de op\u00e7\u00f5es. <br><img loading=\"lazy\" decoding=\"async\" title=\"Grupo de 6 c\u00e9lulas na guia da faixa de op\u00e7\u00f5es\" src=\"https:\/\/exceladvisor.org\/wp-content\/uploads\/2023\/08\/Groupe-de-6-cellules-dans-longlet-du-ruban.png\" sizes=\"auto, \" srcset=\"\" alt=\"cells-group-in-ribbon-tab\" width=\"1081\" height=\"110\"><\/li><li> Agora, clique no \u00edcone <strong>\u201cInserir\u201d<\/strong> e selecione <strong>\u201cInserir coluna da planilha\u201d<\/strong> no menu suspenso listado. <br><img loading=\"lazy\" decoding=\"async\" title=\"7 colunas de inser\u00e7\u00e3o\" src=\"https:\/\/exceladvisor.org\/wp-content\/uploads\/2023\/08\/7-colonnes-de-feuille-dinsertion.png\" sizes=\"auto, \" srcset=\"\" alt=\"insert-sheet-columns\" width=\"173\" height=\"186\"><\/li><li> Neste ponto, a coluna foi inserida \u00e0 esquerda da c\u00e9lula da coluna selecionada. <br><img loading=\"lazy\" decoding=\"async\" title=\"8 novas colunas inseridas\" src=\"https:\/\/exceladvisor.org\/wp-content\/uploads\/2023\/08\/8-nouvelle-colonne-inseree.png\" sizes=\"auto, \" srcset=\"\" alt=\"new-inserted-column\" width=\"657\" height=\"151\"><\/li><\/ol><h2 id=\"add-multiple-columns\" class=\"wp-block-heading\"> Adicione v\u00e1rias colunas<\/h2><ul><li> Para adicionar v\u00e1rias colunas, primeiro voc\u00ea deve selecionar v\u00e1rias c\u00e9lulas em vez de uma \u00fanica c\u00e9lula. <br><img loading=\"lazy\" decoding=\"async\" title=\"os ells\" src=\"https:\/\/exceladvisor.org\/wp-content\/uploads\/2023\/08\/9-selectionner-plusieurs-cellules.png\" sizes=\"auto, \" srcset=\"\" alt=\"select-multiple-cells\" width=\"603\" height=\"164\"><\/li><li> Depois disso, clique com o bot\u00e3o direito e voc\u00ea ver\u00e1 uma janela pop-up com diversas op\u00e7\u00f5es.<\/li><li> Agora clique na op\u00e7\u00e3o <strong>\u201cInserir\u201d<\/strong> . <br><img loading=\"lazy\" decoding=\"async\" title=\"g\" src=\"https:\/\/exceladvisor.org\/wp-content\/uploads\/2023\/08\/10-options-dinsertion.png\" sizes=\"auto, \" srcset=\"\" alt=\"insert-option\" width=\"557\" height=\"187\"><\/li><li> Depois de clicar na op\u00e7\u00e3o <strong>\u201cInserir\u201d<\/strong> , voc\u00ea receber\u00e1 novamente uma op\u00e7\u00e3o pop-up.<\/li><li> Agora selecione a op\u00e7\u00e3o <strong>\u201cColuna inteira\u201d<\/strong> e clique em OK. <br><img decoding=\"async\" title=\"luz\" src=\"https:\/\/exceladvisor.org\/wp-content\/uploads\/2023\/08\/11-selectionner-la-colonne-entiere.png\" sizes=\"\" srcset=\"\" alt=\"select-entire-column\"><\/li><li> Neste ponto, tr\u00eas colunas foram inseridas \u00e0 esquerda das c\u00e9lulas selecionadas porque voc\u00ea tinha tr\u00eas c\u00e9lulas selecionadas. <br><img loading=\"lazy\" decoding=\"async\" title=\"colunas d\" src=\"https:\/\/exceladvisor.org\/wp-content\/uploads\/2023\/08\/12-colonnes-inserees-multiples.png\" sizes=\"auto, \" srcset=\"\" alt=\"multiple-inserted-columns\" width=\"917\" height=\"162\"><\/li><li> Para adicionar v\u00e1rias colunas \u201cn\u00e3o adjacentes\u201d, voc\u00ea deve primeiro selecionar as c\u00e9lulas uma por uma, mantendo pressionada a tecla CTRL no teclado. <br><img loading=\"lazy\" decoding=\"async\" title=\"eu\" src=\"https:\/\/exceladvisor.org\/wp-content\/uploads\/2023\/08\/13-cellules-non-adjacentes.png\" sizes=\"auto, \" srcset=\"\" alt=\"non-adjacent-cells\" width=\"613\" height=\"167\"><\/li><li> Depois de selecionar as c\u00e9lulas, solte a tecla CTRL<\/li><li> Depois disso, clique com o bot\u00e3o direito e clique na op\u00e7\u00e3o <strong>\u201cInserir\u201d<\/strong> nas op\u00e7\u00f5es pop-up. <br><img loading=\"lazy\" decoding=\"async\" title=\"\u00edon\" src=\"https:\/\/exceladvisor.org\/wp-content\/uploads\/2023\/08\/Option-dinsertion-en-14-clics.png\" sizes=\"auto, \" srcset=\"\" alt=\"click-insert-option\" width=\"586\" height=\"196\"><\/li><li> Agora selecione a op\u00e7\u00e3o <strong>\u201cColuna inteira\u201d<\/strong> e clique em OK.<\/li><li> Neste ponto, colunas &#8220;n\u00e3o adjacentes&#8221; foram inseridas \u00e0 esquerda das c\u00e9lulas selecionadas. <br><img loading=\"lazy\" decoding=\"async\" title=\"humm\" src=\"https:\/\/exceladvisor.org\/wp-content\/uploads\/2023\/08\/16-colonnes-non-adjacentes.png\" sizes=\"auto, \" srcset=\"\" alt=\"non-adjacent-columns\" width=\"863\" height=\"170\"><\/li><\/ul><h2 id=\"insert-a-column-in-excel-table\" class=\"wp-block-heading\"> Inserir uma coluna em uma tabela do Excel<\/h2><p> Quando voc\u00ea converte seu conjunto de dados em um intervalo de tabela, o m\u00e9todo de inser\u00e7\u00e3o de coluna perde algumas de suas funcionalidades.<\/p><p> Por exemplo, voc\u00ea n\u00e3o pode inserir colunas n\u00e3o adjacentes todas de uma vez, como faria em um conjunto de dados normal, selecionando as colunas n\u00e3o adjacentes para inserir colunas \u00e0 sua esquerda.<\/p><p> No intervalo da tabela, se quiser inserir v\u00e1rias colunas n\u00e3o adjacentes, voc\u00ea precisa fazer isso uma por uma.<\/p><ul><li> Primeiro, clique em qualquer c\u00e9lula da coluna e clique com o bot\u00e3o direito.<\/li><li> Agora, clique na op\u00e7\u00e3o <strong>\u201cInserir\u201d<\/strong> na janela pop-up e selecione \u201cColunas da Tabela \u00e0 Esquerda\u201d. <br><img loading=\"lazy\" decoding=\"async\" title=\"-esquerda\" src=\"https:\/\/exceladvisor.org\/wp-content\/uploads\/2023\/08\/17-colonnes-de-tableau-a-gauche.png\" sizes=\"auto, \" srcset=\"\" alt=\"table-columns-to-the-left\" width=\"688\" height=\"197\"><\/li><li> Neste ponto, a coluna foi inserida \u00e0 esquerda da c\u00e9lula selecionada. <br><img loading=\"lazy\" decoding=\"async\" title=\"Na foto\" src=\"https:\/\/exceladvisor.org\/wp-content\/uploads\/2023\/08\/18-colonne-inseree-dans-le-tableau.png\" sizes=\"auto, \" srcset=\"\" alt=\"inserted-column-in-table\" width=\"690\" height=\"192\"><\/li><li> Para inserir m\u00faltiplas c\u00e9lulas adjacentes, voc\u00ea deve primeiro selecionar m\u00faltiplas colunas adjacentes.<\/li><li> Agora, clique na op\u00e7\u00e3o <strong>\u201cInserir\u201d<\/strong> na janela pop-up e selecione \u201cColunas da Tabela \u00e0 Esquerda\u201d. <br><img loading=\"lazy\" decoding=\"async\" title=\"colunas \u00e0 esquerda\" src=\"https:\/\/exceladvisor.org\/wp-content\/uploads\/2023\/08\/19-colonnes-de-tableau-multiples-a-gauche.png\" sizes=\"auto, \" srcset=\"\" alt=\"multiple-table-columns-to-the-left\" width=\"814\" height=\"207\"><\/li><li> Neste ponto, duas colunas foram inseridas \u00e0 esquerda das c\u00e9lulas selecionadas. <br><img loading=\"lazy\" decoding=\"async\" title=\"colunas d\" src=\"https:\/\/exceladvisor.org\/wp-content\/uploads\/2023\/08\/20-colonnes-inserees-multiples.png\" sizes=\"auto, \" srcset=\"\" alt=\"multiple-inserted-columns\" width=\"818\" height=\"197\"><\/li><\/ul><h2 id=\"add-a-column-using-a-keyword-shortcut\" class=\"wp-block-heading\"> Adicione uma coluna usando um atalho de palavra-chave<\/h2><ul><li> Primeiro, clique na c\u00e9lula \u00e0 esquerda da qual deseja inserir a coluna. <br><img loading=\"lazy\" decoding=\"async\" title=\"EU\" src=\"https:\/\/exceladvisor.org\/wp-content\/uploads\/2023\/08\/21-cliquez-sur-la-cellule.png\" sizes=\"auto, \" srcset=\"\" alt=\"click-on-the-cell\" width=\"619\" height=\"168\"><\/li><li> Depois disso, pressione o bot\u00e3o CTRL+SHIFT++(mais) no teclado e voc\u00ea ver\u00e1 uma janela pop-up.<\/li><li> Agora selecione a op\u00e7\u00e3o <strong>\u201cColuna inteira\u201d<\/strong> e clique em OK. <br><img decoding=\"async\" title=\"op\u00e7\u00e3o de l\u00famen\" src=\"https:\/\/exceladvisor.org\/wp-content\/uploads\/2023\/08\/22-selectionner-loption-de-colonne-entiere.png\" sizes=\"\" srcset=\"\" alt=\"select-entire-column-option\"><\/li><li> Neste ponto, a coluna foi inserida \u00e0 esquerda da c\u00e9lula da coluna selecionada. <br><img loading=\"lazy\" decoding=\"async\" title=\"ted\" src=\"https:\/\/exceladvisor.org\/wp-content\/uploads\/2023\/08\/23-nouvelle-colonne-inseree.png\" sizes=\"auto, \" srcset=\"\" alt=\"new-column-inserted\" width=\"741\" height=\"170\"><\/li><\/ul><p> Meu m\u00e9todo de atalho preferido para inserir as colunas \u00e9 selecionar a coluna inteira com uma tecla de atalho \u00e0 esquerda da qual voc\u00ea deseja inserir a coluna.<\/p><ul><li> Para fazer isso, primeiro clique em qualquer c\u00e9lula da coluna e pressione CTRL + ESPA\u00c7O no teclado e voc\u00ea ver\u00e1 que toda a coluna est\u00e1 selecionada. <br><img loading=\"lazy\" decoding=\"async\" title=\"luz\" src=\"https:\/\/exceladvisor.org\/wp-content\/uploads\/2023\/08\/24-selectionner-la-colonne-entiere.png\" sizes=\"auto, \" srcset=\"\" alt=\"select-entire-column\" width=\"598\" height=\"208\"><\/li><li> Agora solte CTRL + BARRA DE ESPA\u00c7O e segure SHIFT + CTRL e pressione + (sinal de mais) no teclado.<\/li><li> Neste ponto, a coluna foi inserida \u00e0 esquerda da c\u00e9lula selecionada. <br><img loading=\"lazy\" decoding=\"async\" title=\"n\u00e3o\" src=\"https:\/\/exceladvisor.org\/wp-content\/uploads\/2023\/08\/25-inserer-une-nouvelle-colonne.png\" sizes=\"auto, \" srcset=\"\" alt=\"insert-new-column\" width=\"712\" height=\"213\"><\/li><\/ul><p class=\"qt-tip\"> <strong>Dica:<\/strong> voc\u00ea pode pressionar + (sinal de mais) v\u00e1rias vezes para inserir v\u00e1rias colunas enquanto mant\u00e9m pressionado SHIFT+Control.<\/p><div class=\"gb-container gb-container-4db6181c gb-container-mt\"> <a class=\"gb-button gb-button-c5897111 gb-button-text gb-button-mt-button\" href=\"https:\/\/exceladvisor.org\/pt\/nocoes-basicas-de-excel\/\">No\u00e7\u00f5es b\u00e1sicas do Microsoft Excel (componentes, pe\u00e7as e notas de conhecimento)<\/a><h2 class=\"gb-headline gb-headline-665e5f6b gb-headline-text gb-headline-mt-heading\"> Tutoriais relacionados <\/h2><div class=\"gb-grid-wrapper gb-grid-wrapper-a20baf7c gb-grid-wrapper-mt-grid\"><div class=\"gb-grid-column gb-grid-column-65ddf67e\"><div class=\"gb-container gb-container-65ddf67e\"><ul><li> <a href=\"https:\/\/exceladvisor.org\/pt\/adicionar-remover-hiperlinks\/\">Adicione e remova hiperlinks no Excel<\/a><\/li><li> <a href=\"https:\/\/exceladvisor.org\/pt\/adicione-uma-marca-dagua\/\">Adicione uma marca d&#8217;\u00e1gua no Excel<\/a><\/li><li> <a href=\"https:\/\/exceladvisor.org\/pt\/remover-colunas-de-linha-ocultas\/\">Exclua linhas ocultas no Excel<\/a><\/li><li> <a href=\"https:\/\/exceladvisor.org\/pt\/desmarcar-celulas\/\">Desmarcar c\u00e9lulas no Excel<\/a> <\/li><\/ul><\/div><\/div><div class=\"gb-grid-column gb-grid-column-50067b57\"><div class=\"gb-container gb-container-50067b57\"><ul><li> <a href=\"https:\/\/exceladvisor.org\/pt\/excluir-linhas\/\">Exclua uma linha ou v\u00e1rias linhas no Excel<\/a><\/li><li> <a href=\"https:\/\/exceladvisor.org\/pt\/copiar-coluna\/\">Copie e cole uma coluna no Excel<\/a><\/li><li> <a href=\"https:\/\/exceladvisor.org\/pt\/mover-linha-coluna\/\">Mova uma linha e coluna no Excel<\/a><\/li><li> <a href=\"https:\/\/exceladvisor.org\/pt\/largura-da-coluna\/\">Como alterar a largura das colunas no Excel<\/a><\/li><\/ul><\/div><\/div><\/div><\/div>","protected":false},"excerpt":{"rendered":"","protected":false},"author":1,"featured_media":0,"parent":0,"menu_order":0,"comment_status":"open","ping_status":"closed","template":"","meta":{"ub_ctt_via":"","footnotes":""},"class_list":["post-368","page","type-page","status-publish","hentry"],"featured_image_src":null,"yoast_head":"<!-- This site is optimized with the Yoast SEO plugin v25.4 - https:\/\/yoast.com\/wordpress\/plugins\/seo\/ -->\n<title>\u25b7 Como adicionar uma coluna no Excel? (Tutorial 2023)<\/title>\n<meta name=\"description\" content=\"Neste tutorial, voc\u00ea aprender\u00e1 como adicionar colunas \u00fanicas e m\u00faltiplas no Excel. E tamb\u00e9m conheceremos tudo\" \/>\n<meta name=\"robots\" content=\"index, follow, max-snippet:-1, max-image-preview:large, max-video-preview:-1\" \/>\n<link rel=\"canonical\" href=\"https:\/\/exceladvisor.org\/pt\/adicionar-uma-coluna\/\" \/>\n<meta property=\"og:locale\" content=\"pt_PT\" \/>\n<meta property=\"og:type\" content=\"article\" \/>\n<meta property=\"og:title\" content=\"\u25b7 Como adicionar uma coluna no Excel? (Tutorial 2023)\" \/>\n<meta property=\"og:description\" content=\"Neste tutorial, voc\u00ea aprender\u00e1 como adicionar colunas \u00fanicas e m\u00faltiplas no Excel. E tamb\u00e9m conheceremos tudo\" \/>\n<meta property=\"og:url\" content=\"https:\/\/exceladvisor.org\/pt\/adicionar-uma-coluna\/\" \/>\n<meta property=\"og:site_name\" content=\"Excel Advisor\" \/>\n<meta property=\"article:modified_time\" content=\"2023-12-06T11:34:08+00:00\" \/>\n<meta property=\"og:image\" content=\"https:\/\/exceladvisor.org\/wp-content\/uploads\/2023\/08\/1-option-dinsertion.png\" \/>\n<meta name=\"twitter:card\" content=\"summary_large_image\" \/>\n<meta name=\"twitter:label1\" content=\"Tempo estimado de leitura\" \/>\n\t<meta name=\"twitter:data1\" content=\"4 minutos\" \/>\n<script type=\"application\/ld+json\" class=\"yoast-schema-graph\">{\"@context\":\"https:\/\/schema.org\",\"@graph\":[{\"@type\":\"WebPage\",\"@id\":\"https:\/\/exceladvisor.org\/pt\/adicionar-uma-coluna\/\",\"url\":\"https:\/\/exceladvisor.org\/pt\/adicionar-uma-coluna\/\",\"name\":\"\u25b7 Como adicionar uma coluna no Excel? (Tutorial 2023)\",\"isPartOf\":{\"@id\":\"https:\/\/exceladvisor.org\/pt\/#website\"},\"primaryImageOfPage\":{\"@id\":\"https:\/\/exceladvisor.org\/pt\/adicionar-uma-coluna\/#primaryimage\"},\"image\":{\"@id\":\"https:\/\/exceladvisor.org\/pt\/adicionar-uma-coluna\/#primaryimage\"},\"thumbnailUrl\":\"https:\/\/exceladvisor.org\/wp-content\/uploads\/2023\/08\/1-option-dinsertion.png\",\"datePublished\":\"2023-10-31T18:49:50+00:00\",\"dateModified\":\"2023-12-06T11:34:08+00:00\",\"description\":\"Neste tutorial, voc\u00ea aprender\u00e1 como adicionar colunas \u00fanicas e m\u00faltiplas no Excel. E tamb\u00e9m conheceremos tudo\",\"breadcrumb\":{\"@id\":\"https:\/\/exceladvisor.org\/pt\/adicionar-uma-coluna\/#breadcrumb\"},\"inLanguage\":\"pt-PT\",\"potentialAction\":[{\"@type\":\"ReadAction\",\"target\":[\"https:\/\/exceladvisor.org\/pt\/adicionar-uma-coluna\/\"]}]},{\"@type\":\"ImageObject\",\"inLanguage\":\"pt-PT\",\"@id\":\"https:\/\/exceladvisor.org\/pt\/adicionar-uma-coluna\/#primaryimage\",\"url\":\"https:\/\/exceladvisor.org\/wp-content\/uploads\/2023\/08\/1-option-dinsertion.png\",\"contentUrl\":\"https:\/\/exceladvisor.org\/wp-content\/uploads\/2023\/08\/1-option-dinsertion.png\"},{\"@type\":\"BreadcrumbList\",\"@id\":\"https:\/\/exceladvisor.org\/pt\/adicionar-uma-coluna\/#breadcrumb\",\"itemListElement\":[{\"@type\":\"ListItem\",\"position\":1,\"name\":\"Lar\",\"item\":\"https:\/\/exceladvisor.org\/pt\/\"},{\"@type\":\"ListItem\",\"position\":2,\"name\":\"Como adicionar uma coluna no excel?\"}]},{\"@type\":\"WebSite\",\"@id\":\"https:\/\/exceladvisor.org\/pt\/#website\",\"url\":\"https:\/\/exceladvisor.org\/pt\/\",\"name\":\"Excel Advisor\",\"description\":\"O seu guia definitivo para dominar os dados!\",\"publisher\":{\"@id\":\"https:\/\/exceladvisor.org\/pt\/#organization\"},\"potentialAction\":[{\"@type\":\"SearchAction\",\"target\":{\"@type\":\"EntryPoint\",\"urlTemplate\":\"https:\/\/exceladvisor.org\/pt\/?s={search_term_string}\"},\"query-input\":{\"@type\":\"PropertyValueSpecification\",\"valueRequired\":true,\"valueName\":\"search_term_string\"}}],\"inLanguage\":\"pt-PT\"},{\"@type\":\"Organization\",\"@id\":\"https:\/\/exceladvisor.org\/pt\/#organization\",\"name\":\"Excel Advisor\",\"url\":\"https:\/\/exceladvisor.org\/pt\/\",\"logo\":{\"@type\":\"ImageObject\",\"inLanguage\":\"pt-PT\",\"@id\":\"https:\/\/exceladvisor.org\/pt\/#\/schema\/logo\/image\/\",\"url\":\"https:\/\/exceladvisor.org\/pt\/wp-content\/uploads\/2023\/12\/exceladvisor.org_.png\",\"contentUrl\":\"https:\/\/exceladvisor.org\/pt\/wp-content\/uploads\/2023\/12\/exceladvisor.org_.png\",\"width\":105,\"height\":36,\"caption\":\"Excel Advisor\"},\"image\":{\"@id\":\"https:\/\/exceladvisor.org\/pt\/#\/schema\/logo\/image\/\"}}]}<\/script>\n<!-- \/ Yoast SEO plugin. -->","yoast_head_json":{"title":"\u25b7 Como adicionar uma coluna no Excel? (Tutorial 2023)","description":"Neste tutorial, voc\u00ea aprender\u00e1 como adicionar colunas \u00fanicas e m\u00faltiplas no Excel. E tamb\u00e9m conheceremos tudo","robots":{"index":"index","follow":"follow","max-snippet":"max-snippet:-1","max-image-preview":"max-image-preview:large","max-video-preview":"max-video-preview:-1"},"canonical":"https:\/\/exceladvisor.org\/pt\/adicionar-uma-coluna\/","og_locale":"pt_PT","og_type":"article","og_title":"\u25b7 Como adicionar uma coluna no Excel? (Tutorial 2023)","og_description":"Neste tutorial, voc\u00ea aprender\u00e1 como adicionar colunas \u00fanicas e m\u00faltiplas no Excel. E tamb\u00e9m conheceremos tudo","og_url":"https:\/\/exceladvisor.org\/pt\/adicionar-uma-coluna\/","og_site_name":"Excel Advisor","article_modified_time":"2023-12-06T11:34:08+00:00","og_image":[{"url":"https:\/\/exceladvisor.org\/wp-content\/uploads\/2023\/08\/1-option-dinsertion.png","type":"","width":"","height":""}],"twitter_card":"summary_large_image","twitter_misc":{"Tempo estimado de leitura":"4 minutos"},"schema":{"@context":"https:\/\/schema.org","@graph":[{"@type":"WebPage","@id":"https:\/\/exceladvisor.org\/pt\/adicionar-uma-coluna\/","url":"https:\/\/exceladvisor.org\/pt\/adicionar-uma-coluna\/","name":"\u25b7 Como adicionar uma coluna no Excel? (Tutorial 2023)","isPartOf":{"@id":"https:\/\/exceladvisor.org\/pt\/#website"},"primaryImageOfPage":{"@id":"https:\/\/exceladvisor.org\/pt\/adicionar-uma-coluna\/#primaryimage"},"image":{"@id":"https:\/\/exceladvisor.org\/pt\/adicionar-uma-coluna\/#primaryimage"},"thumbnailUrl":"https:\/\/exceladvisor.org\/wp-content\/uploads\/2023\/08\/1-option-dinsertion.png","datePublished":"2023-10-31T18:49:50+00:00","dateModified":"2023-12-06T11:34:08+00:00","description":"Neste tutorial, voc\u00ea aprender\u00e1 como adicionar colunas \u00fanicas e m\u00faltiplas no Excel. E tamb\u00e9m conheceremos tudo","breadcrumb":{"@id":"https:\/\/exceladvisor.org\/pt\/adicionar-uma-coluna\/#breadcrumb"},"inLanguage":"pt-PT","potentialAction":[{"@type":"ReadAction","target":["https:\/\/exceladvisor.org\/pt\/adicionar-uma-coluna\/"]}]},{"@type":"ImageObject","inLanguage":"pt-PT","@id":"https:\/\/exceladvisor.org\/pt\/adicionar-uma-coluna\/#primaryimage","url":"https:\/\/exceladvisor.org\/wp-content\/uploads\/2023\/08\/1-option-dinsertion.png","contentUrl":"https:\/\/exceladvisor.org\/wp-content\/uploads\/2023\/08\/1-option-dinsertion.png"},{"@type":"BreadcrumbList","@id":"https:\/\/exceladvisor.org\/pt\/adicionar-uma-coluna\/#breadcrumb","itemListElement":[{"@type":"ListItem","position":1,"name":"Lar","item":"https:\/\/exceladvisor.org\/pt\/"},{"@type":"ListItem","position":2,"name":"Como adicionar uma coluna no excel?"}]},{"@type":"WebSite","@id":"https:\/\/exceladvisor.org\/pt\/#website","url":"https:\/\/exceladvisor.org\/pt\/","name":"Excel Advisor","description":"O seu guia definitivo para dominar os dados!","publisher":{"@id":"https:\/\/exceladvisor.org\/pt\/#organization"},"potentialAction":[{"@type":"SearchAction","target":{"@type":"EntryPoint","urlTemplate":"https:\/\/exceladvisor.org\/pt\/?s={search_term_string}"},"query-input":{"@type":"PropertyValueSpecification","valueRequired":true,"valueName":"search_term_string"}}],"inLanguage":"pt-PT"},{"@type":"Organization","@id":"https:\/\/exceladvisor.org\/pt\/#organization","name":"Excel Advisor","url":"https:\/\/exceladvisor.org\/pt\/","logo":{"@type":"ImageObject","inLanguage":"pt-PT","@id":"https:\/\/exceladvisor.org\/pt\/#\/schema\/logo\/image\/","url":"https:\/\/exceladvisor.org\/pt\/wp-content\/uploads\/2023\/12\/exceladvisor.org_.png","contentUrl":"https:\/\/exceladvisor.org\/pt\/wp-content\/uploads\/2023\/12\/exceladvisor.org_.png","width":105,"height":36,"caption":"Excel Advisor"},"image":{"@id":"https:\/\/exceladvisor.org\/pt\/#\/schema\/logo\/image\/"}}]}},"yoast_meta":{"yoast_wpseo_title":"","yoast_wpseo_metadesc":"","yoast_wpseo_canonical":""},"_links":{"self":[{"href":"https:\/\/exceladvisor.org\/pt\/wp-json\/wp\/v2\/pages\/368","targetHints":{"allow":["GET"]}}],"collection":[{"href":"https:\/\/exceladvisor.org\/pt\/wp-json\/wp\/v2\/pages"}],"about":[{"href":"https:\/\/exceladvisor.org\/pt\/wp-json\/wp\/v2\/types\/page"}],"author":[{"embeddable":true,"href":"https:\/\/exceladvisor.org\/pt\/wp-json\/wp\/v2\/users\/1"}],"replies":[{"embeddable":true,"href":"https:\/\/exceladvisor.org\/pt\/wp-json\/wp\/v2\/comments?post=368"}],"version-history":[{"count":1,"href":"https:\/\/exceladvisor.org\/pt\/wp-json\/wp\/v2\/pages\/368\/revisions"}],"predecessor-version":[{"id":801,"href":"https:\/\/exceladvisor.org\/pt\/wp-json\/wp\/v2\/pages\/368\/revisions\/801"}],"wp:attachment":[{"href":"https:\/\/exceladvisor.org\/pt\/wp-json\/wp\/v2\/media?parent=368"}],"curies":[{"name":"wp","href":"https:\/\/api.w.org\/{rel}","templated":true}]}}