{"id":37,"date":"2023-11-19T01:20:47","date_gmt":"2023-11-19T01:20:47","guid":{"rendered":"https:\/\/exceladvisor.org\/pt\/data-no-mes-ano\/"},"modified":"2023-12-06T11:35:44","modified_gmt":"2023-12-06T11:35:44","slug":"data-no-mes-ano","status":"publish","type":"page","link":"https:\/\/exceladvisor.org\/pt\/data-no-mes-ano\/","title":{"rendered":"Como converter data em m\u00eas e ano?"},"content":{"rendered":"<div class=\"excel-before-content-2\" id=\"excel-2570868871\"><script type=\"text\/javascript\">\r\n\tatOptions = {\r\n\t\t'key' : 'c1158f160081d6540a8409e6925dab94',\r\n\t\t'format' : 'iframe',\r\n\t\t'height' : 250,\r\n\t\t'width' : 300,\r\n\t\t'params' : {}\r\n\t};\r\n<\/script>\r\n<script type=\"text\/javascript\" src=\"\/\/www.highperformanceformat.com\/c1158f160081d6540a8409e6925dab94\/invoke.js\"><\/script><\/div><div class=\"excel-before-content\" id=\"excel-379712896\"><script type=\"text\/javascript\">\r\n\tatOptions = {\r\n\t\t'key' : 'c1158f160081d6540a8409e6925dab94',\r\n\t\t'format' : 'iframe',\r\n\t\t'height' : 250,\r\n\t\t'width' : 300,\r\n\t\t'params' : {}\r\n\t};\r\n<\/script>\r\n<script type=\"text\/javascript\" src=\"\/\/www.highperformanceformat.com\/c1158f160081d6540a8409e6925dab94\/invoke.js\"><\/script><\/div> <p>O Excel tem duas maneiras de converter uma data em m\u00eas e ano. E neste tutorial aprenderemos ambos os m\u00e9todos detalhadamente.<\/p><h2 class=\"wp-block-heading\"> M\u00e9todo 1: formata\u00e7\u00e3o personalizada<\/h2><p> Voc\u00ea pode usar as etapas abaixo para fazer isso:<\/p><ol><li> Primeiro, selecione a c\u00e9lula onde voc\u00ea tem a data. <br><img loading=\"lazy\" decoding=\"async\" title=\"1-convers\u00e3o de data para m\u00eas e ano\" src=\"https:\/\/exceladvisor.org\/wp-content\/uploads\/2023\/08\/1-convertir-la-date-en-mois-et-annee.png\" sizes=\"auto, \" srcset=\"\" alt=\"convert-date-into-month-and-year\" width=\"507\" height=\"289\"><\/li><li> Depois disso, use o atalho Ctrl+1 para abrir a op\u00e7\u00e3o Formatar c\u00e9lulas. <br><img loading=\"lazy\" decoding=\"async\" title=\"Op\u00e7\u00e3o de formato aberto de 2 c\u00e9lulas\" src=\"https:\/\/exceladvisor.org\/wp-content\/uploads\/2023\/08\/2-cellules-format-ouvert-option-2.png\" sizes=\"auto, \" srcset=\"\" alt=\"open-format-cells-option\" width=\"541\" height=\"351\"><\/li><li> A partir da\u00ed, clique na categoria \u201cPersonalizado\u201d. <br><img loading=\"lazy\" decoding=\"async\" title=\"3-escolha-categoria personalizada\" src=\"https:\/\/exceladvisor.org\/wp-content\/uploads\/2023\/08\/3-choisissez-la-categorie-personnalisee.png\" sizes=\"auto, \" srcset=\"\" alt=\"choose-custom-category\" width=\"540\" height=\"379\"><\/li><li> Agora, na barra de entrada de tipo, voc\u00ea precisa especificar o formato a ser aplicado \u00e0 data. Por exemplo, voc\u00ea pode inserir \u201cmmm-aaaa\u201d para o m\u00eas e o ano. <br><img loading=\"lazy\" decoding=\"async\" title=\"Formato de entrada de 4 datas-mmm-aaaa\" src=\"https:\/\/exceladvisor.org\/wp-content\/uploads\/2023\/08\/4-format-de-date-dentree-au-format-mmm-aaaa.png\" sizes=\"auto, \" srcset=\"\" alt=\"input-date-format-as-mmm-yyyy\" width=\"542\" height=\"358\"><\/li><li> Ao final, clique em OK para aplicar o formato \u00e0 c\u00e9lula. <br><img loading=\"lazy\" decoding=\"async\" title=\"Formato 5 meses e ano\" src=\"https:\/\/exceladvisor.org\/wp-content\/uploads\/2023\/08\/5-appliquer-le-format-mois-et-annee.png\" sizes=\"auto, \" srcset=\"\" alt=\"apply-month-and-year-format\" width=\"363\" height=\"139\"><\/li><\/ol><p> E quando voc\u00ea clicar em OK, a data ser\u00e1 convertida apenas para m\u00eas e ano. <\/p><div class=\"wp-block-image\"><figure class=\"aligncenter size-full is-resized\"><img loading=\"lazy\" decoding=\"async\" class=\"wp-image-83650\" src=\"https:\/\/exceladvisor.org\/wp-content\/uploads\/2023\/08\/6-date-comme-mois-et-annee-seulement.png\" sizes=\"auto, \" srcset=\"\" alt=\"data apenas como m\u00eas e ano\" width=\"507\" height=\"330\"><\/figure><\/div><p> E se voc\u00ea vir a barra de f\u00f3rmulas, \u00e9 sempre uma data com dia, m\u00eas e ano. A \u00fanica diferen\u00e7a \u00e9 o formato que voc\u00ea aplicou \u00e0 c\u00e9lula para convert\u00ea-la em m\u00eas e ano.<\/p><p> Aqui est\u00e3o alguns formatos que voc\u00ea pode usar:<\/p><ul><li> mmm \u2013 para o nome abreviado do m\u00eas.<\/li><li> mm \u2013 para o n\u00famero do m\u00eas.<\/li><li> mmmm \u2013 para o nome longo do m\u00eas.<\/li><li> aa- para o ano de dois d\u00edgitos.<\/li><li> aaaa \u2013 para o ano de quatro d\u00edgitos.<\/li><\/ul><h2 class=\"wp-block-heading\"> M\u00e9todo 2: convertendo para uma c\u00e9lula separada<\/h2><p> Digamos que voc\u00ea precise ter o resultado em uma c\u00e9lula separada; neste caso voc\u00ea pode usar a fun\u00e7\u00e3o TEXT. Esta fun\u00e7\u00e3o permite extrair o valor de uma data e format\u00e1-la como desejar. <\/p><div class=\"wp-block-image\"><figure class=\"aligncenter size-full is-resized\"><img loading=\"lazy\" decoding=\"async\" class=\"wp-image-83651\" src=\"https:\/\/exceladvisor.org\/wp-content\/uploads\/2023\/08\/7-convertir-la-date-dans-une-cellule-separee.png\" sizes=\"auto, \" srcset=\"\" alt=\"converter data em uma c\u00e9lula separada\" width=\"481\" height=\"304\"><\/figure><\/div><pre class=\"wp-block-code\"> <code class=\"language-excel-formula\" lang=\"excel-formula\">=TEXT(A1,\"mmm-yyyy\")<\/code><\/pre><p> Com a fun\u00e7\u00e3o de texto, voc\u00ea tem dois argumentos para definir.<\/p><p> No primeiro argumento (valor), especifique a data que deseja converter para m\u00eas e ano ou m\u00eas e ano separadamente. E no segundo argumento (format_text) voc\u00ea precisa especificar o formato.<\/p><p> Voc\u00ea pode usar os formatos abaixo, que s\u00e3o os mesmos que usamos nos primeiros m\u00e9todos.<\/p><ul><li> mmm<\/li><li> mil\u00edmetro<\/li><li> mmmm<\/li><li> ah<\/li><li> aaa<\/li><li> mmm-aaaa<\/li><li> mm-aa<\/li><\/ul><div class=\"gb-container gb-container-0df56012 gb-container-mt\"> <a class=\"gb-button gb-button-f9f432f4 gb-button-text gb-button-mt-button\" href=\"https:\/\/exceladvisor.org\/pt\/formulas\/\">Lista de f\u00f3rmulas do Excel<\/a><h2 class=\"gb-headline gb-headline-233444e8 gb-headline-text gb-headline-mt-heading\"> F\u00f3rmulas relacionadas <\/h2><div class=\"gb-grid-wrapper gb-grid-wrapper-a16fa65c gb-grid-wrapper-mt-grid\"><div class=\"gb-grid-column gb-grid-column-50d07e0d\"><div class=\"gb-container gb-container-50d07e0d\"><ul><li> <a href=\"https:\/\/exceladvisor.org\/pt\/adicione-um-mes-a-uma-data-2\/\">Adicione um m\u00eas a uma data no Excel<\/a><\/li><li> <a href=\"https:\/\/exceladvisor.org\/pt\/fim-do-mes\/\">Obtenha a data de t\u00e9rmino do m\u00eas no Excel<\/a><\/li><li> <a href=\"https:\/\/exceladvisor.org\/pt\/primeiro-dia-do-mes-2\/\">Obtenha o primeiro dia do m\u00eas no Excel (in\u00edcio do m\u00eas)<\/a><\/li><li> <a href=\"https:\/\/exceladvisor.org\/pt\/nome-do-mes\/\">Obtenha o m\u00eas a partir de uma data no Excel (trecho)<\/a><\/li><li> <a href=\"https:\/\/exceladvisor.org\/pt\/trimestre\/\">Obtenha um trimestre a partir de uma data [Fiscal + Calend\u00e1rio] no Excel<\/a> <\/li><\/ul><\/div><\/div><div class=\"gb-grid-column gb-grid-column-5b4a0cf9\"><div class=\"gb-container gb-container-5b4a0cf9\"><\/div><\/div><\/div><\/div>","protected":false},"excerpt":{"rendered":"","protected":false},"author":1,"featured_media":0,"parent":0,"menu_order":0,"comment_status":"open","ping_status":"closed","template":"","meta":{"ub_ctt_via":"","footnotes":""},"class_list":["post-37","page","type-page","status-publish","hentry"],"featured_image_src":null,"yoast_head":"<!-- This site is optimized with the Yoast SEO plugin v25.4 - https:\/\/yoast.com\/wordpress\/plugins\/seo\/ -->\n<title>\u25b7 Como converter a data em m\u00eas e ano? (Tutorial 2023)<\/title>\n<meta name=\"description\" content=\"Este tutorial ensinar\u00e1 como escrever uma f\u00f3rmula Excel para converter uma data em m\u00eas e ano. Vamos verificar isso\u2026\" \/>\n<meta name=\"robots\" content=\"index, follow, max-snippet:-1, max-image-preview:large, max-video-preview:-1\" \/>\n<link rel=\"canonical\" href=\"https:\/\/exceladvisor.org\/pt\/data-no-mes-ano\/\" \/>\n<meta property=\"og:locale\" content=\"pt_PT\" \/>\n<meta property=\"og:type\" content=\"article\" \/>\n<meta property=\"og:title\" content=\"\u25b7 Como converter a data em m\u00eas e ano? (Tutorial 2023)\" \/>\n<meta property=\"og:description\" content=\"Este tutorial ensinar\u00e1 como escrever uma f\u00f3rmula Excel para converter uma data em m\u00eas e ano. Vamos verificar isso\u2026\" \/>\n<meta property=\"og:url\" content=\"https:\/\/exceladvisor.org\/pt\/data-no-mes-ano\/\" \/>\n<meta property=\"og:site_name\" content=\"Excel Advisor\" \/>\n<meta property=\"article:modified_time\" content=\"2023-12-06T11:35:44+00:00\" \/>\n<meta property=\"og:image\" content=\"https:\/\/exceladvisor.org\/wp-content\/uploads\/2023\/08\/1-convertir-la-date-en-mois-et-annee.png\" \/>\n<meta name=\"twitter:card\" content=\"summary_large_image\" \/>\n<meta name=\"twitter:label1\" content=\"Tempo estimado de leitura\" \/>\n\t<meta name=\"twitter:data1\" content=\"2 minutos\" \/>\n<script type=\"application\/ld+json\" class=\"yoast-schema-graph\">{\"@context\":\"https:\/\/schema.org\",\"@graph\":[{\"@type\":\"WebPage\",\"@id\":\"https:\/\/exceladvisor.org\/pt\/data-no-mes-ano\/\",\"url\":\"https:\/\/exceladvisor.org\/pt\/data-no-mes-ano\/\",\"name\":\"\u25b7 Como converter a data em m\u00eas e ano? (Tutorial 2023)\",\"isPartOf\":{\"@id\":\"https:\/\/exceladvisor.org\/pt\/#website\"},\"primaryImageOfPage\":{\"@id\":\"https:\/\/exceladvisor.org\/pt\/data-no-mes-ano\/#primaryimage\"},\"image\":{\"@id\":\"https:\/\/exceladvisor.org\/pt\/data-no-mes-ano\/#primaryimage\"},\"thumbnailUrl\":\"https:\/\/exceladvisor.org\/wp-content\/uploads\/2023\/08\/1-convertir-la-date-en-mois-et-annee.png\",\"datePublished\":\"2023-11-19T01:20:47+00:00\",\"dateModified\":\"2023-12-06T11:35:44+00:00\",\"description\":\"Este tutorial ensinar\u00e1 como escrever uma f\u00f3rmula Excel para converter uma data em m\u00eas e ano. Vamos verificar isso\u2026\",\"breadcrumb\":{\"@id\":\"https:\/\/exceladvisor.org\/pt\/data-no-mes-ano\/#breadcrumb\"},\"inLanguage\":\"pt-PT\",\"potentialAction\":[{\"@type\":\"ReadAction\",\"target\":[\"https:\/\/exceladvisor.org\/pt\/data-no-mes-ano\/\"]}]},{\"@type\":\"ImageObject\",\"inLanguage\":\"pt-PT\",\"@id\":\"https:\/\/exceladvisor.org\/pt\/data-no-mes-ano\/#primaryimage\",\"url\":\"https:\/\/exceladvisor.org\/wp-content\/uploads\/2023\/08\/1-convertir-la-date-en-mois-et-annee.png\",\"contentUrl\":\"https:\/\/exceladvisor.org\/wp-content\/uploads\/2023\/08\/1-convertir-la-date-en-mois-et-annee.png\"},{\"@type\":\"BreadcrumbList\",\"@id\":\"https:\/\/exceladvisor.org\/pt\/data-no-mes-ano\/#breadcrumb\",\"itemListElement\":[{\"@type\":\"ListItem\",\"position\":1,\"name\":\"Lar\",\"item\":\"https:\/\/exceladvisor.org\/pt\/\"},{\"@type\":\"ListItem\",\"position\":2,\"name\":\"Como converter data em m\u00eas e ano?\"}]},{\"@type\":\"WebSite\",\"@id\":\"https:\/\/exceladvisor.org\/pt\/#website\",\"url\":\"https:\/\/exceladvisor.org\/pt\/\",\"name\":\"Excel Advisor\",\"description\":\"O seu guia definitivo para dominar os dados!\",\"publisher\":{\"@id\":\"https:\/\/exceladvisor.org\/pt\/#organization\"},\"potentialAction\":[{\"@type\":\"SearchAction\",\"target\":{\"@type\":\"EntryPoint\",\"urlTemplate\":\"https:\/\/exceladvisor.org\/pt\/?s={search_term_string}\"},\"query-input\":{\"@type\":\"PropertyValueSpecification\",\"valueRequired\":true,\"valueName\":\"search_term_string\"}}],\"inLanguage\":\"pt-PT\"},{\"@type\":\"Organization\",\"@id\":\"https:\/\/exceladvisor.org\/pt\/#organization\",\"name\":\"Excel Advisor\",\"url\":\"https:\/\/exceladvisor.org\/pt\/\",\"logo\":{\"@type\":\"ImageObject\",\"inLanguage\":\"pt-PT\",\"@id\":\"https:\/\/exceladvisor.org\/pt\/#\/schema\/logo\/image\/\",\"url\":\"https:\/\/exceladvisor.org\/pt\/wp-content\/uploads\/2023\/12\/exceladvisor.org_.png\",\"contentUrl\":\"https:\/\/exceladvisor.org\/pt\/wp-content\/uploads\/2023\/12\/exceladvisor.org_.png\",\"width\":105,\"height\":36,\"caption\":\"Excel Advisor\"},\"image\":{\"@id\":\"https:\/\/exceladvisor.org\/pt\/#\/schema\/logo\/image\/\"}}]}<\/script>\n<!-- \/ Yoast SEO plugin. -->","yoast_head_json":{"title":"\u25b7 Como converter a data em m\u00eas e ano? (Tutorial 2023)","description":"Este tutorial ensinar\u00e1 como escrever uma f\u00f3rmula Excel para converter uma data em m\u00eas e ano. Vamos verificar isso\u2026","robots":{"index":"index","follow":"follow","max-snippet":"max-snippet:-1","max-image-preview":"max-image-preview:large","max-video-preview":"max-video-preview:-1"},"canonical":"https:\/\/exceladvisor.org\/pt\/data-no-mes-ano\/","og_locale":"pt_PT","og_type":"article","og_title":"\u25b7 Como converter a data em m\u00eas e ano? (Tutorial 2023)","og_description":"Este tutorial ensinar\u00e1 como escrever uma f\u00f3rmula Excel para converter uma data em m\u00eas e ano. Vamos verificar isso\u2026","og_url":"https:\/\/exceladvisor.org\/pt\/data-no-mes-ano\/","og_site_name":"Excel Advisor","article_modified_time":"2023-12-06T11:35:44+00:00","og_image":[{"url":"https:\/\/exceladvisor.org\/wp-content\/uploads\/2023\/08\/1-convertir-la-date-en-mois-et-annee.png","type":"","width":"","height":""}],"twitter_card":"summary_large_image","twitter_misc":{"Tempo estimado de leitura":"2 minutos"},"schema":{"@context":"https:\/\/schema.org","@graph":[{"@type":"WebPage","@id":"https:\/\/exceladvisor.org\/pt\/data-no-mes-ano\/","url":"https:\/\/exceladvisor.org\/pt\/data-no-mes-ano\/","name":"\u25b7 Como converter a data em m\u00eas e ano? (Tutorial 2023)","isPartOf":{"@id":"https:\/\/exceladvisor.org\/pt\/#website"},"primaryImageOfPage":{"@id":"https:\/\/exceladvisor.org\/pt\/data-no-mes-ano\/#primaryimage"},"image":{"@id":"https:\/\/exceladvisor.org\/pt\/data-no-mes-ano\/#primaryimage"},"thumbnailUrl":"https:\/\/exceladvisor.org\/wp-content\/uploads\/2023\/08\/1-convertir-la-date-en-mois-et-annee.png","datePublished":"2023-11-19T01:20:47+00:00","dateModified":"2023-12-06T11:35:44+00:00","description":"Este tutorial ensinar\u00e1 como escrever uma f\u00f3rmula Excel para converter uma data em m\u00eas e ano. Vamos verificar isso\u2026","breadcrumb":{"@id":"https:\/\/exceladvisor.org\/pt\/data-no-mes-ano\/#breadcrumb"},"inLanguage":"pt-PT","potentialAction":[{"@type":"ReadAction","target":["https:\/\/exceladvisor.org\/pt\/data-no-mes-ano\/"]}]},{"@type":"ImageObject","inLanguage":"pt-PT","@id":"https:\/\/exceladvisor.org\/pt\/data-no-mes-ano\/#primaryimage","url":"https:\/\/exceladvisor.org\/wp-content\/uploads\/2023\/08\/1-convertir-la-date-en-mois-et-annee.png","contentUrl":"https:\/\/exceladvisor.org\/wp-content\/uploads\/2023\/08\/1-convertir-la-date-en-mois-et-annee.png"},{"@type":"BreadcrumbList","@id":"https:\/\/exceladvisor.org\/pt\/data-no-mes-ano\/#breadcrumb","itemListElement":[{"@type":"ListItem","position":1,"name":"Lar","item":"https:\/\/exceladvisor.org\/pt\/"},{"@type":"ListItem","position":2,"name":"Como converter data em m\u00eas e ano?"}]},{"@type":"WebSite","@id":"https:\/\/exceladvisor.org\/pt\/#website","url":"https:\/\/exceladvisor.org\/pt\/","name":"Excel Advisor","description":"O seu guia definitivo para dominar os dados!","publisher":{"@id":"https:\/\/exceladvisor.org\/pt\/#organization"},"potentialAction":[{"@type":"SearchAction","target":{"@type":"EntryPoint","urlTemplate":"https:\/\/exceladvisor.org\/pt\/?s={search_term_string}"},"query-input":{"@type":"PropertyValueSpecification","valueRequired":true,"valueName":"search_term_string"}}],"inLanguage":"pt-PT"},{"@type":"Organization","@id":"https:\/\/exceladvisor.org\/pt\/#organization","name":"Excel Advisor","url":"https:\/\/exceladvisor.org\/pt\/","logo":{"@type":"ImageObject","inLanguage":"pt-PT","@id":"https:\/\/exceladvisor.org\/pt\/#\/schema\/logo\/image\/","url":"https:\/\/exceladvisor.org\/pt\/wp-content\/uploads\/2023\/12\/exceladvisor.org_.png","contentUrl":"https:\/\/exceladvisor.org\/pt\/wp-content\/uploads\/2023\/12\/exceladvisor.org_.png","width":105,"height":36,"caption":"Excel Advisor"},"image":{"@id":"https:\/\/exceladvisor.org\/pt\/#\/schema\/logo\/image\/"}}]}},"yoast_meta":{"yoast_wpseo_title":"","yoast_wpseo_metadesc":"","yoast_wpseo_canonical":""},"_links":{"self":[{"href":"https:\/\/exceladvisor.org\/pt\/wp-json\/wp\/v2\/pages\/37","targetHints":{"allow":["GET"]}}],"collection":[{"href":"https:\/\/exceladvisor.org\/pt\/wp-json\/wp\/v2\/pages"}],"about":[{"href":"https:\/\/exceladvisor.org\/pt\/wp-json\/wp\/v2\/types\/page"}],"author":[{"embeddable":true,"href":"https:\/\/exceladvisor.org\/pt\/wp-json\/wp\/v2\/users\/1"}],"replies":[{"embeddable":true,"href":"https:\/\/exceladvisor.org\/pt\/wp-json\/wp\/v2\/comments?post=37"}],"version-history":[{"count":1,"href":"https:\/\/exceladvisor.org\/pt\/wp-json\/wp\/v2\/pages\/37\/revisions"}],"predecessor-version":[{"id":932,"href":"https:\/\/exceladvisor.org\/pt\/wp-json\/wp\/v2\/pages\/37\/revisions\/932"}],"wp:attachment":[{"href":"https:\/\/exceladvisor.org\/pt\/wp-json\/wp\/v2\/media?parent=37"}],"curies":[{"name":"wp","href":"https:\/\/api.w.org\/{rel}","templated":true}]}}