{"id":370,"date":"2023-10-31T17:48:54","date_gmt":"2023-10-31T17:48:54","guid":{"rendered":"https:\/\/exceladvisor.org\/pt\/adicione-um-numero-de-pagina\/"},"modified":"2023-12-06T11:34:04","modified_gmt":"2023-12-06T11:34:04","slug":"adicione-um-numero-de-pagina","status":"publish","type":"page","link":"https:\/\/exceladvisor.org\/pt\/adicione-um-numero-de-pagina\/","title":{"rendered":"Como adicionar um n\u00famero de p\u00e1gina no excel?"},"content":{"rendered":"<div class=\"excel-before-content-2\" id=\"excel-4095167555\"><script type=\"text\/javascript\">\r\n\tatOptions = {\r\n\t\t'key' : 'c1158f160081d6540a8409e6925dab94',\r\n\t\t'format' : 'iframe',\r\n\t\t'height' : 250,\r\n\t\t'width' : 300,\r\n\t\t'params' : {}\r\n\t};\r\n<\/script>\r\n<script type=\"text\/javascript\" src=\"\/\/www.highperformanceformat.com\/c1158f160081d6540a8409e6925dab94\/invoke.js\"><\/script><\/div><div class=\"excel-before-content\" id=\"excel-2911127008\"><script type=\"text\/javascript\">\r\n\tatOptions = {\r\n\t\t'key' : 'c1158f160081d6540a8409e6925dab94',\r\n\t\t'format' : 'iframe',\r\n\t\t'height' : 250,\r\n\t\t'width' : 300,\r\n\t\t'params' : {}\r\n\t};\r\n<\/script>\r\n<script type=\"text\/javascript\" src=\"\/\/www.highperformanceformat.com\/c1158f160081d6540a8409e6925dab94\/invoke.js\"><\/script><\/div> <p>Como outros aplicativos do Microsoft Office, como Word ou PowerPoint, o Excel tamb\u00e9m tem a capacidade de inserir n\u00fameros de p\u00e1gina ao imprimir planilhas do Excel.<\/p><p> Os usu\u00e1rios podem inserir n\u00fameros de p\u00e1gina por planilha ou em v\u00e1rias planilhas ao mesmo tempo no Excel e tamb\u00e9m personaliz\u00e1-los.<\/p><p> Mencionamos algumas etapas r\u00e1pidas e f\u00e1ceis para adicionar ou remover n\u00fameros de p\u00e1ginas no Excel.<\/p><h2 class=\"wp-block-heading\"> Adicione n\u00fameros de p\u00e1gina usando cabe\u00e7alho e rodap\u00e9<\/h2><ol><li> Primeiro, v\u00e1 para a guia \u201cVisualizar\u201d e clique no \u00edcone \u201cLayout de p\u00e1gina\u201d no grupo \u201cVisualiza\u00e7\u00f5es de pasta de trabalho\u201d. <br><img loading=\"lazy\" decoding=\"async\" title=\"\u00cdcone de layout de 1 p\u00e1gina\" src=\"https:\/\/exceladvisor.org\/wp-content\/uploads\/2023\/08\/1-icone-de-mise-en-page.png\" sizes=\"auto, \" srcset=\"\" alt=\"page-layout-icon\" width=\"685\" height=\"118\"><\/li><li> Depois disso, role a planilha para baixo e clique na coluna \u201cRodap\u00e9\u201d (Esquerda, Centro, Direita) dependendo de qual lado da p\u00e1gina voc\u00ea deseja exibir os n\u00fameros das p\u00e1ginas. <br><img loading=\"lazy\" decoding=\"async\" title=\"coluna de 2 rodap\u00e9s\" src=\"https:\/\/exceladvisor.org\/wp-content\/uploads\/2023\/08\/2-colonnes-de-pied-de-page.png\" sizes=\"auto, \" srcset=\"\" alt=\"footer-column\" width=\"721\" height=\"170\"><\/li><li> Agora v\u00e1 at\u00e9 a aba \u201cDesign\u201d e clique no \u00edcone \u201cN\u00famero de p\u00e1gina\u201d ou \u201cN\u00famero de p\u00e1ginas\u201d para adicionar os n\u00fameros das p\u00e1ginas.<\/li><li> Ou clique no \u00edcone \u201cRodap\u00e9\u201d e selecione o estilo de impress\u00e3o do n\u00famero da p\u00e1gina que deseja adicionar. <br><img loading=\"lazy\" decoding=\"async\" class=\"alignnone  wp-image-12919\" src=\"https:\/\/exceladvisor.org\/wp-content\/uploads\/2023\/11\/icone-de-numeros-de-3-page.png\" alt=\"\u00cdcone de 3 n\u00fameros de p\u00e1gina\" width=\"675\" height=\"488\" srcset=\"https:\/\/exceladvisor.org\/wp-content\/uploads\/2023\/11\/icone-de-numeros-de-3-page.png 1076w, https:\/\/exceladvisor.org\/wp-content\/uploads\/2023\/11\/icone-de-numeros-de-3-page-300x217.png 300w, https:\/\/exceladvisor.org\/wp-content\/uploads\/2023\/11\/icone-de-numeros-de-3-page-1024x740.png 1024w, https:\/\/exceladvisor.org\/wp-content\/uploads\/2023\/11\/icone-de-numeros-de-3-page-768x555.png 768w\" sizes=\"auto, (max-width: 675px) 100vw, 675px\"><\/li><li> Depois de selecionar a op\u00e7\u00e3o de n\u00famero de p\u00e1gina que deseja adicionar e imprimir, o Excel adiciona esse n\u00famero de p\u00e1gina \u00e0 planilha na forma de c\u00f3digos. <br><img loading=\"lazy\" decoding=\"async\" title=\"4 n\u00fameros de p\u00e1gina de c\u00f3digo 1\" src=\"https:\/\/exceladvisor.org\/wp-content\/uploads\/2023\/08\/4-numeros-de-page-code1.png\" sizes=\"auto, \" srcset=\"\" alt=\"page-numbers-code\" width=\"677\" height=\"164\"><\/li><li> No final, clique em qualquer lugar fora do \u201cRodap\u00e9\u201d para visualizar os n\u00fameros das p\u00e1ginas. <br><img loading=\"lazy\" decoding=\"async\" title=\"5 n\u00fameros de p\u00e1gina de exibi\u00e7\u00e3o\" src=\"https:\/\/exceladvisor.org\/wp-content\/uploads\/2023\/08\/5-numeros-de-page-daffichage.png\" sizes=\"auto, \" srcset=\"\" alt=\"display-page-numbers\" width=\"645\" height=\"181\"><\/li><\/ol><p> Para retornar \u00e0 visualiza\u00e7\u00e3o normal ap\u00f3s adicionar n\u00fameros de p\u00e1gina usando a op\u00e7\u00e3o Cabe\u00e7alho e Rodap\u00e9, clique no \u00edcone \u201cvisualiza\u00e7\u00e3o normal\u201d na barra de status abaixo na planilha do Excel. <\/p><div class=\"wp-block-image\"><figure class=\"aligncenter size-full is-resized\"><img loading=\"lazy\" decoding=\"async\" class=\"wp-image-64746\" src=\"https:\/\/exceladvisor.org\/wp-content\/uploads\/2023\/08\/6-barre-detat-excel.png\" sizes=\"auto, \" srcset=\"\" alt=\"barra de status do excel\" width=\"774\" height=\"96\"><\/figure><\/div><h2 class=\"wp-block-heading\"> Adicione n\u00fameros de p\u00e1gina usando a caixa de di\u00e1logo Configurar p\u00e1gina<\/h2><p> Quando os usu\u00e1rios t\u00eam dados em v\u00e1rias planilhas de uma pasta de trabalho e desejam imprimir esses dados em uma s\u00e9rie cont\u00ednua, eles podem adicionar n\u00fameros de p\u00e1gina a todas as planilhas de uma vez usando a op\u00e7\u00e3o \u201cCaixa de di\u00e1logo\u201d. disposi\u00e7\u00e3o\u201d.<\/p><ol><li> Primeiro, abra a pasta de trabalho e selecione as planilhas que deseja imprimir <strong>(selecione v\u00e1rias planilhas) <br><img loading=\"lazy\" decoding=\"async\" title=\"7-selecionar v\u00e1rias folhas\" src=\"https:\/\/exceladvisor.org\/wp-content\/uploads\/2023\/08\/7-selectionner-plusieurs-feuilles.png\" sizes=\"auto, \" srcset=\"\" alt=\"select-multiple-sheets\" width=\"727\" height=\"126\"><\/strong><\/li><li> Depois disso, v\u00e1 at\u00e9 a aba \u201cLayout da p\u00e1gina\u201d e clique no iniciador da caixa de di\u00e1logo \u201cConfigura\u00e7\u00e3o da p\u00e1gina\u201d. <br><img loading=\"lazy\" decoding=\"async\" title=\"8 Guia Layout de p\u00e1gina\" src=\"https:\/\/exceladvisor.org\/wp-content\/uploads\/2023\/08\/Onglet-de-mise-en-page-de-8-pages.png\" sizes=\"auto, \" srcset=\"\" alt=\"page-layout-tab\" width=\"444\" height=\"133\"><\/li><li> Agora, selecione a guia \u201cCabe\u00e7alho\/Rodap\u00e9\u201d na janela \u201cConfigura\u00e7\u00e3o da p\u00e1gina\u201d.<\/li><li> No final, clique na seta suspensa Rodap\u00e9 e selecione o estilo de impress\u00e3o do n\u00famero de p\u00e1gina que deseja exibir e clique em OK.<\/li><li> Para visualizar a visualiza\u00e7\u00e3o, clique no bot\u00e3o \u201cVisualizar impress\u00e3o\u201d. <br><img loading=\"lazy\" decoding=\"async\" title=\"Janela de configura\u00e7\u00e3o de 9 p\u00e1ginas\" src=\"https:\/\/exceladvisor.org\/wp-content\/uploads\/2023\/08\/Fenetre-de-configuration-de-9-pages.png\" sizes=\"auto, \" srcset=\"\" alt=\"page-setup-window\" width=\"414\" height=\"452\"><\/li><li> Depois de clicar em OK, todas as folhas selecionadas receber\u00e3o n\u00fameros de p\u00e1ginas em s\u00e9rie, come\u00e7ando na primeira p\u00e1gina da primeira folha<\/li><\/ol><h2 class=\"wp-block-heading\"> Personalize o n\u00famero da p\u00e1gina inicial<\/h2><p> Por padr\u00e3o, no Excel, o n\u00famero da p\u00e1gina come\u00e7a na p\u00e1gina 1, mas os usu\u00e1rios t\u00eam a op\u00e7\u00e3o de alterar o n\u00famero inicial da primeira p\u00e1gina.<\/p><ol><li> Primeiro, v\u00e1 para a guia \u201cLayout da p\u00e1gina\u201d e clique no iniciador da caixa de di\u00e1logo \u201cConfigura\u00e7\u00e3o da p\u00e1gina\u201d. <br><img loading=\"lazy\" decoding=\"async\" title=\"Iniciador de di\u00e1logo de configura\u00e7\u00e3o de 10 p\u00e1ginas\" src=\"https:\/\/exceladvisor.org\/wp-content\/uploads\/2023\/08\/Lanceur-de-dialogue-de-configuration-de-10-pages.png\" sizes=\"auto, \" srcset=\"\" alt=\"page-setup-dialogue-launcher\" width=\"458\" height=\"137\"><\/li><li> Depois disso, selecione a guia \u201cP\u00e1gina\u201d na janela \u201cConfigurar p\u00e1gina\u201d.<\/li><li> Agora insira o n\u00famero na coluna \u201cN\u00famero da primeira p\u00e1gina\u201d a partir do qual deseja iniciar o n\u00famero da primeira p\u00e1gina e clique em OK. <br><img loading=\"lazy\" decoding=\"async\" title=\"N\u00famero de p\u00e1gina personalizado de 11\" src=\"https:\/\/exceladvisor.org\/wp-content\/uploads\/2023\/08\/11-personnaliser-le-numero-de-page.png\" sizes=\"auto, \" srcset=\"\" alt=\"customize-page-number\" width=\"430\" height=\"470\"><\/li><\/ol><h2 class=\"wp-block-heading\"> Adicione um estilo de n\u00famero de p\u00e1gina diferente para p\u00e1ginas pares e \u00edmpares<\/h2><ol><li> Primeiro, v\u00e1 para a guia \u201cVisualizar\u201d e clique no \u00edcone \u201cLayout de p\u00e1gina\u201d no grupo \u201cVisualiza\u00e7\u00f5es de pasta de trabalho\u201d. <br><img loading=\"lazy\" decoding=\"async\" title=\"Layout de 12 guias\" src=\"https:\/\/exceladvisor.org\/wp-content\/uploads\/2023\/08\/Disposition-de-la-page-a-12-onglets-de-vue.png\" sizes=\"auto, \" srcset=\"\" alt=\"view-tab-page-layout\" width=\"760\" height=\"131\"><\/li><li> Em seguida, role a planilha para baixo e clique na coluna \u201cRodap\u00e9\u201d da primeira planilha.<\/li><li> Agora v\u00e1 para a aba \u201cDesign\u201d e marque o \u00edcone \u201cDiferentes p\u00e1ginas pares e \u00edmpares\u201d na faixa de op\u00e7\u00f5es<\/li><li> No final, selecione o estilo de impress\u00e3o do n\u00famero de p\u00e1gina que deseja exibir para p\u00e1ginas \u00edmpares. <br><img loading=\"lazy\" decoding=\"async\" class=\"alignnone  wp-image-12920\" src=\"https:\/\/exceladvisor.org\/wp-content\/uploads\/2023\/11\/Liste-deroulante-de-13-pied-de-page.png\" alt=\"13 Menu suspenso do rodap\u00e9\" width=\"701\" height=\"398\" srcset=\"https:\/\/exceladvisor.org\/wp-content\/uploads\/2023\/11\/Liste-deroulante-de-13-pied-de-page.png 1185w, https:\/\/exceladvisor.org\/wp-content\/uploads\/2023\/11\/Liste-deroulante-de-13-pied-de-page-300x170.png 300w, https:\/\/exceladvisor.org\/wp-content\/uploads\/2023\/11\/Liste-deroulante-de-13-pied-de-page-1024x582.png 1024w, https:\/\/exceladvisor.org\/wp-content\/uploads\/2023\/11\/Liste-deroulante-de-13-pied-de-page-768x436.png 768w\" sizes=\"auto, (max-width: 701px) 100vw, 701px\"><\/li><li> Neste momento, os n\u00fameros de p\u00e1gina com o estilo de impress\u00e3o de n\u00famero de p\u00e1gina selecionado ser\u00e3o adicionados \u00e0s p\u00e1ginas \u00edmpares. <br><img loading=\"lazy\" decoding=\"async\" title=\"14 n\u00fameros de p\u00e1ginas \u00edmpares\" src=\"https:\/\/exceladvisor.org\/wp-content\/uploads\/2023\/08\/14-numero-de-page-impair.png\" sizes=\"auto, \" srcset=\"\" alt=\"odd-page-number\" width=\"703\" height=\"142\"><\/li><li> Novamente, role a planilha para a pr\u00f3xima p\u00e1gina, ou seja, a p\u00e1gina n\u00famero 2, e selecione a coluna \u201cRodap\u00e9\u201d dessa planilha.<\/li><li> Depois disso, repita o mesmo processo que acabou de fazer na coluna \u201cRodap\u00e9\u201d da primeira p\u00e1gina para p\u00e1ginas \u00edmpares.<\/li><li> Neste momento, os n\u00fameros de p\u00e1gina com o estilo de impress\u00e3o de n\u00famero de p\u00e1gina selecionado s\u00e3o adicionados \u00e0s p\u00e1ginas pares. <br><img loading=\"lazy\" decoding=\"async\" title=\"15 n\u00fameros pares de p\u00e1ginas\" src=\"https:\/\/exceladvisor.org\/wp-content\/uploads\/2023\/08\/15-numero-de-page-pair.png\" sizes=\"auto, \" srcset=\"\" alt=\"even-page-number\" width=\"738\" height=\"145\"><\/li><li> Depois de terminar os rodap\u00e9s pares e \u00edmpares, os n\u00fameros pares e \u00edmpares ser\u00e3o impressos em dois estilos diferentes, dependendo dos estilos de n\u00famero de p\u00e1gina de impress\u00e3o selecionados.<\/li><\/ol><h2 class=\"wp-block-heading\"> Remova os n\u00fameros das p\u00e1ginas usando cabe\u00e7alho e rodap\u00e9<\/h2><ol><li> Primeiro, abra as op\u00e7\u00f5es \u201cCabe\u00e7alho e Rodap\u00e9\u201d.<\/li><li> Depois disso, role a planilha do Excel e clique na coluna \u201cRodap\u00e9\u201d onde voc\u00ea adicionou o c\u00f3digo do n\u00famero da p\u00e1gina.<\/li><li> Agora selecione todo o c\u00f3digo do n\u00famero da p\u00e1gina e clique em excluir. <\/li><\/ol><div class=\"wp-block-image\"><figure class=\"aligncenter size-full is-resized\"><img loading=\"lazy\" decoding=\"async\" class=\"wp-image-64756\" src=\"https:\/\/exceladvisor.org\/wp-content\/uploads\/2023\/08\/16-supprimer-le-numero-de-page.png\" sizes=\"auto, \" srcset=\"\" alt=\"remover n\u00famero da p\u00e1gina\" width=\"728\" height=\"135\"><\/figure><\/div><h2 class=\"wp-block-heading\"> Remova os n\u00fameros das p\u00e1ginas usando a caixa de di\u00e1logo Configurar p\u00e1gina<\/h2><ol><li> Primeiro, v\u00e1 para a guia \u201cLayout da p\u00e1gina\u201d e clique no iniciador da caixa de di\u00e1logo \u201cConfigura\u00e7\u00e3o da p\u00e1gina\u201d.<\/li><li> Depois disso, selecione a aba \u201cCabe\u00e7alho\/Rodap\u00e9\u201d e clique na op\u00e7\u00e3o \u201cRodap\u00e9 Personalizado\u201d. <br><img loading=\"lazy\" decoding=\"async\" title=\"Op\u00e7\u00e3o de 17 rodap\u00e9s personalizados\" src=\"https:\/\/exceladvisor.org\/wp-content\/uploads\/2023\/08\/17-option-de-pied-de-page-personnalise.png\" sizes=\"auto, \" srcset=\"\" alt=\"custom-footer-option\" width=\"397\" height=\"436\"><\/li><li> Agora selecione \u201cRodap\u00e9 \u00cdmpar\u201d ou \u201cRodap\u00e9 Par\u201d, se voc\u00ea adicionou diferentes estilos de n\u00famero de p\u00e1gina para p\u00e1ginas pares e \u00edmpares.<\/li><li> No final, selecione todo o c\u00f3digo do n\u00famero da p\u00e1gina e pressione Excluir e clique em OK. <br><img loading=\"lazy\" decoding=\"async\" title=\"Rodap\u00e9 de 18 p\u00e1ginas pares \u00edmpares\" src=\"https:\/\/exceladvisor.org\/wp-content\/uploads\/2023\/08\/18-pied-de-page-pair-impair.png\" sizes=\"auto, \" srcset=\"\" alt=\"odd-even-page-footer\" width=\"647\" height=\"336\"><\/li><\/ol><div class=\"gb-container gb-container-4db6181c gb-container-mt\"> <a class=\"gb-button gb-button-c5897111 gb-button-text gb-button-mt-button\" href=\"https:\/\/exceladvisor.org\/pt\/nocoes-basicas-de-excel\/\">No\u00e7\u00f5es b\u00e1sicas do Microsoft Excel (componentes, pe\u00e7as e notas de conhecimento)<\/a><h2 class=\"gb-headline gb-headline-665e5f6b gb-headline-text gb-headline-mt-heading\"> Tutoriais relacionados <\/h2><div class=\"gb-grid-wrapper gb-grid-wrapper-a20baf7c gb-grid-wrapper-mt-grid\"><div class=\"gb-grid-column gb-grid-column-65ddf67e\"><div class=\"gb-container gb-container-65ddf67e\"><ul><li> <a href=\"https:\/\/exceladvisor.org\/pt\/formato-de-numero-contabil\/\">Aplicar formato de n\u00famero cont\u00e1bil no Excel<\/a><\/li><li> <a href=\"https:\/\/exceladvisor.org\/pt\/cor-da-celula\/\">Aplicar cor de fundo a uma c\u00e9lula ou a toda a planilha no Excel<\/a><\/li><li> <a href=\"https:\/\/exceladvisor.org\/pt\/a-grade\/\">Imprimir linhas de grade do Excel (excluir, encurtar e alterar cor)<\/a><\/li><li> <a href=\"https:\/\/exceladvisor.org\/pt\/aplicar-estilo-de-virgula\/\">Aplicar estilo de v\u00edrgula no Excel<\/a><\/li><\/ul><\/div><\/div><\/div><\/div>","protected":false},"excerpt":{"rendered":"","protected":false},"author":1,"featured_media":0,"parent":0,"menu_order":0,"comment_status":"open","ping_status":"closed","template":"","meta":{"ub_ctt_via":"","footnotes":""},"class_list":["post-370","page","type-page","status-publish","hentry"],"featured_image_src":null,"yoast_head":"<!-- This site is optimized with the Yoast SEO plugin v25.4 - https:\/\/yoast.com\/wordpress\/plugins\/seo\/ -->\n<title>Como adicionar um n\u00famero de p\u00e1gina no Excel? (Tutorial 2023)<\/title>\n<meta name=\"description\" content=\"Neste tutorial, aprenderemos como adicionar e remover n\u00fameros de p\u00e1ginas no Excel. Veremos maneiras diferentes\" \/>\n<meta name=\"robots\" content=\"index, follow, max-snippet:-1, max-image-preview:large, max-video-preview:-1\" \/>\n<link rel=\"canonical\" href=\"https:\/\/exceladvisor.org\/pt\/adicione-um-numero-de-pagina\/\" \/>\n<meta property=\"og:locale\" content=\"pt_PT\" \/>\n<meta property=\"og:type\" content=\"article\" \/>\n<meta property=\"og:title\" content=\"Como adicionar um n\u00famero de p\u00e1gina no Excel? (Tutorial 2023)\" \/>\n<meta property=\"og:description\" content=\"Neste tutorial, aprenderemos como adicionar e remover n\u00fameros de p\u00e1ginas no Excel. Veremos maneiras diferentes\" \/>\n<meta property=\"og:url\" content=\"https:\/\/exceladvisor.org\/pt\/adicione-um-numero-de-pagina\/\" \/>\n<meta property=\"og:site_name\" content=\"Excel Advisor\" \/>\n<meta property=\"article:modified_time\" content=\"2023-12-06T11:34:04+00:00\" \/>\n<meta property=\"og:image\" content=\"https:\/\/exceladvisor.org\/wp-content\/uploads\/2023\/08\/1-icone-de-mise-en-page.png\" \/>\n<meta name=\"twitter:card\" content=\"summary_large_image\" \/>\n<meta name=\"twitter:label1\" content=\"Tempo estimado de leitura\" \/>\n\t<meta name=\"twitter:data1\" content=\"5 minutos\" \/>\n<script type=\"application\/ld+json\" class=\"yoast-schema-graph\">{\"@context\":\"https:\/\/schema.org\",\"@graph\":[{\"@type\":\"WebPage\",\"@id\":\"https:\/\/exceladvisor.org\/pt\/adicione-um-numero-de-pagina\/\",\"url\":\"https:\/\/exceladvisor.org\/pt\/adicione-um-numero-de-pagina\/\",\"name\":\"Como adicionar um n\u00famero de p\u00e1gina no Excel? (Tutorial 2023)\",\"isPartOf\":{\"@id\":\"https:\/\/exceladvisor.org\/pt\/#website\"},\"primaryImageOfPage\":{\"@id\":\"https:\/\/exceladvisor.org\/pt\/adicione-um-numero-de-pagina\/#primaryimage\"},\"image\":{\"@id\":\"https:\/\/exceladvisor.org\/pt\/adicione-um-numero-de-pagina\/#primaryimage\"},\"thumbnailUrl\":\"https:\/\/exceladvisor.org\/wp-content\/uploads\/2023\/08\/1-icone-de-mise-en-page.png\",\"datePublished\":\"2023-10-31T17:48:54+00:00\",\"dateModified\":\"2023-12-06T11:34:04+00:00\",\"description\":\"Neste tutorial, aprenderemos como adicionar e remover n\u00fameros de p\u00e1ginas no Excel. Veremos maneiras diferentes\",\"breadcrumb\":{\"@id\":\"https:\/\/exceladvisor.org\/pt\/adicione-um-numero-de-pagina\/#breadcrumb\"},\"inLanguage\":\"pt-PT\",\"potentialAction\":[{\"@type\":\"ReadAction\",\"target\":[\"https:\/\/exceladvisor.org\/pt\/adicione-um-numero-de-pagina\/\"]}]},{\"@type\":\"ImageObject\",\"inLanguage\":\"pt-PT\",\"@id\":\"https:\/\/exceladvisor.org\/pt\/adicione-um-numero-de-pagina\/#primaryimage\",\"url\":\"https:\/\/exceladvisor.org\/wp-content\/uploads\/2023\/08\/1-icone-de-mise-en-page.png\",\"contentUrl\":\"https:\/\/exceladvisor.org\/wp-content\/uploads\/2023\/08\/1-icone-de-mise-en-page.png\"},{\"@type\":\"BreadcrumbList\",\"@id\":\"https:\/\/exceladvisor.org\/pt\/adicione-um-numero-de-pagina\/#breadcrumb\",\"itemListElement\":[{\"@type\":\"ListItem\",\"position\":1,\"name\":\"Lar\",\"item\":\"https:\/\/exceladvisor.org\/pt\/\"},{\"@type\":\"ListItem\",\"position\":2,\"name\":\"Como adicionar um n\u00famero de p\u00e1gina no excel?\"}]},{\"@type\":\"WebSite\",\"@id\":\"https:\/\/exceladvisor.org\/pt\/#website\",\"url\":\"https:\/\/exceladvisor.org\/pt\/\",\"name\":\"Excel Advisor\",\"description\":\"O seu guia definitivo para dominar os dados!\",\"publisher\":{\"@id\":\"https:\/\/exceladvisor.org\/pt\/#organization\"},\"potentialAction\":[{\"@type\":\"SearchAction\",\"target\":{\"@type\":\"EntryPoint\",\"urlTemplate\":\"https:\/\/exceladvisor.org\/pt\/?s={search_term_string}\"},\"query-input\":{\"@type\":\"PropertyValueSpecification\",\"valueRequired\":true,\"valueName\":\"search_term_string\"}}],\"inLanguage\":\"pt-PT\"},{\"@type\":\"Organization\",\"@id\":\"https:\/\/exceladvisor.org\/pt\/#organization\",\"name\":\"Excel Advisor\",\"url\":\"https:\/\/exceladvisor.org\/pt\/\",\"logo\":{\"@type\":\"ImageObject\",\"inLanguage\":\"pt-PT\",\"@id\":\"https:\/\/exceladvisor.org\/pt\/#\/schema\/logo\/image\/\",\"url\":\"https:\/\/exceladvisor.org\/pt\/wp-content\/uploads\/2023\/12\/exceladvisor.org_.png\",\"contentUrl\":\"https:\/\/exceladvisor.org\/pt\/wp-content\/uploads\/2023\/12\/exceladvisor.org_.png\",\"width\":105,\"height\":36,\"caption\":\"Excel Advisor\"},\"image\":{\"@id\":\"https:\/\/exceladvisor.org\/pt\/#\/schema\/logo\/image\/\"}}]}<\/script>\n<!-- \/ Yoast SEO plugin. -->","yoast_head_json":{"title":"Como adicionar um n\u00famero de p\u00e1gina no Excel? (Tutorial 2023)","description":"Neste tutorial, aprenderemos como adicionar e remover n\u00fameros de p\u00e1ginas no Excel. Veremos maneiras diferentes","robots":{"index":"index","follow":"follow","max-snippet":"max-snippet:-1","max-image-preview":"max-image-preview:large","max-video-preview":"max-video-preview:-1"},"canonical":"https:\/\/exceladvisor.org\/pt\/adicione-um-numero-de-pagina\/","og_locale":"pt_PT","og_type":"article","og_title":"Como adicionar um n\u00famero de p\u00e1gina no Excel? (Tutorial 2023)","og_description":"Neste tutorial, aprenderemos como adicionar e remover n\u00fameros de p\u00e1ginas no Excel. Veremos maneiras diferentes","og_url":"https:\/\/exceladvisor.org\/pt\/adicione-um-numero-de-pagina\/","og_site_name":"Excel Advisor","article_modified_time":"2023-12-06T11:34:04+00:00","og_image":[{"url":"https:\/\/exceladvisor.org\/wp-content\/uploads\/2023\/08\/1-icone-de-mise-en-page.png","type":"","width":"","height":""}],"twitter_card":"summary_large_image","twitter_misc":{"Tempo estimado de leitura":"5 minutos"},"schema":{"@context":"https:\/\/schema.org","@graph":[{"@type":"WebPage","@id":"https:\/\/exceladvisor.org\/pt\/adicione-um-numero-de-pagina\/","url":"https:\/\/exceladvisor.org\/pt\/adicione-um-numero-de-pagina\/","name":"Como adicionar um n\u00famero de p\u00e1gina no Excel? (Tutorial 2023)","isPartOf":{"@id":"https:\/\/exceladvisor.org\/pt\/#website"},"primaryImageOfPage":{"@id":"https:\/\/exceladvisor.org\/pt\/adicione-um-numero-de-pagina\/#primaryimage"},"image":{"@id":"https:\/\/exceladvisor.org\/pt\/adicione-um-numero-de-pagina\/#primaryimage"},"thumbnailUrl":"https:\/\/exceladvisor.org\/wp-content\/uploads\/2023\/08\/1-icone-de-mise-en-page.png","datePublished":"2023-10-31T17:48:54+00:00","dateModified":"2023-12-06T11:34:04+00:00","description":"Neste tutorial, aprenderemos como adicionar e remover n\u00fameros de p\u00e1ginas no Excel. Veremos maneiras diferentes","breadcrumb":{"@id":"https:\/\/exceladvisor.org\/pt\/adicione-um-numero-de-pagina\/#breadcrumb"},"inLanguage":"pt-PT","potentialAction":[{"@type":"ReadAction","target":["https:\/\/exceladvisor.org\/pt\/adicione-um-numero-de-pagina\/"]}]},{"@type":"ImageObject","inLanguage":"pt-PT","@id":"https:\/\/exceladvisor.org\/pt\/adicione-um-numero-de-pagina\/#primaryimage","url":"https:\/\/exceladvisor.org\/wp-content\/uploads\/2023\/08\/1-icone-de-mise-en-page.png","contentUrl":"https:\/\/exceladvisor.org\/wp-content\/uploads\/2023\/08\/1-icone-de-mise-en-page.png"},{"@type":"BreadcrumbList","@id":"https:\/\/exceladvisor.org\/pt\/adicione-um-numero-de-pagina\/#breadcrumb","itemListElement":[{"@type":"ListItem","position":1,"name":"Lar","item":"https:\/\/exceladvisor.org\/pt\/"},{"@type":"ListItem","position":2,"name":"Como adicionar um n\u00famero de p\u00e1gina no excel?"}]},{"@type":"WebSite","@id":"https:\/\/exceladvisor.org\/pt\/#website","url":"https:\/\/exceladvisor.org\/pt\/","name":"Excel Advisor","description":"O seu guia definitivo para dominar os dados!","publisher":{"@id":"https:\/\/exceladvisor.org\/pt\/#organization"},"potentialAction":[{"@type":"SearchAction","target":{"@type":"EntryPoint","urlTemplate":"https:\/\/exceladvisor.org\/pt\/?s={search_term_string}"},"query-input":{"@type":"PropertyValueSpecification","valueRequired":true,"valueName":"search_term_string"}}],"inLanguage":"pt-PT"},{"@type":"Organization","@id":"https:\/\/exceladvisor.org\/pt\/#organization","name":"Excel Advisor","url":"https:\/\/exceladvisor.org\/pt\/","logo":{"@type":"ImageObject","inLanguage":"pt-PT","@id":"https:\/\/exceladvisor.org\/pt\/#\/schema\/logo\/image\/","url":"https:\/\/exceladvisor.org\/pt\/wp-content\/uploads\/2023\/12\/exceladvisor.org_.png","contentUrl":"https:\/\/exceladvisor.org\/pt\/wp-content\/uploads\/2023\/12\/exceladvisor.org_.png","width":105,"height":36,"caption":"Excel Advisor"},"image":{"@id":"https:\/\/exceladvisor.org\/pt\/#\/schema\/logo\/image\/"}}]}},"yoast_meta":{"yoast_wpseo_title":"","yoast_wpseo_metadesc":"","yoast_wpseo_canonical":""},"_links":{"self":[{"href":"https:\/\/exceladvisor.org\/pt\/wp-json\/wp\/v2\/pages\/370","targetHints":{"allow":["GET"]}}],"collection":[{"href":"https:\/\/exceladvisor.org\/pt\/wp-json\/wp\/v2\/pages"}],"about":[{"href":"https:\/\/exceladvisor.org\/pt\/wp-json\/wp\/v2\/types\/page"}],"author":[{"embeddable":true,"href":"https:\/\/exceladvisor.org\/pt\/wp-json\/wp\/v2\/users\/1"}],"replies":[{"embeddable":true,"href":"https:\/\/exceladvisor.org\/pt\/wp-json\/wp\/v2\/comments?post=370"}],"version-history":[{"count":1,"href":"https:\/\/exceladvisor.org\/pt\/wp-json\/wp\/v2\/pages\/370\/revisions"}],"predecessor-version":[{"id":796,"href":"https:\/\/exceladvisor.org\/pt\/wp-json\/wp\/v2\/pages\/370\/revisions\/796"}],"wp:attachment":[{"href":"https:\/\/exceladvisor.org\/pt\/wp-json\/wp\/v2\/media?parent=370"}],"curies":[{"name":"wp","href":"https:\/\/api.w.org\/{rel}","templated":true}]}}