{"id":371,"date":"2023-10-31T17:10:51","date_gmt":"2023-10-31T17:10:51","guid":{"rendered":"https:\/\/exceladvisor.org\/pt\/fim-do-mes\/"},"modified":"2023-12-06T11:38:33","modified_gmt":"2023-12-06T11:38:33","slug":"fim-do-mes","status":"publish","type":"page","link":"https:\/\/exceladvisor.org\/pt\/fim-do-mes\/","title":{"rendered":"Como obter a data de t\u00e9rmino do m\u00eas no excel?"},"content":{"rendered":"<div class=\"excel-before-content-2\" id=\"excel-4015598669\"><script type=\"text\/javascript\">\r\n\tatOptions = {\r\n\t\t'key' : 'c1158f160081d6540a8409e6925dab94',\r\n\t\t'format' : 'iframe',\r\n\t\t'height' : 250,\r\n\t\t'width' : 300,\r\n\t\t'params' : {}\r\n\t};\r\n<\/script>\r\n<script type=\"text\/javascript\" src=\"\/\/www.highperformanceformat.com\/c1158f160081d6540a8409e6925dab94\/invoke.js\"><\/script><\/div><div class=\"excel-before-content\" id=\"excel-3414455933\"><script type=\"text\/javascript\">\r\n\tatOptions = {\r\n\t\t'key' : 'c1158f160081d6540a8409e6925dab94',\r\n\t\t'format' : 'iframe',\r\n\t\t'height' : 250,\r\n\t\t'width' : 300,\r\n\t\t'params' : {}\r\n\t};\r\n<\/script>\r\n<script type=\"text\/javascript\" src=\"\/\/www.highperformanceformat.com\/c1158f160081d6540a8409e6925dab94\/invoke.js\"><\/script><\/div> <p>\u00c0s vezes, precisamos obter uma data de t\u00e9rmino do m\u00eas para usar como data de conclus\u00e3o, data de vencimento, como data prevista ou, \u00e0s vezes, precisamos dela para calcular os dias entre duas datas.<\/p><p> Sem nenhum esfor\u00e7o podemos facilmente adicion\u00e1-lo manualmente, mas algumas f\u00f3rmulas <span style=\"font-size: revert;\">podem nos ajudar a calcul\u00e1-lo.<\/span><\/p><p> A melhor forma de calcular a \u00faltima data do m\u00eas \u00e9 usar a fun\u00e7\u00e3o EOMONTH. Mas fora isso voc\u00ea tamb\u00e9m pode usar outros m\u00e9todos (VBA).<\/p><p> A vantagem de usar uma f\u00f3rmula ou outro m\u00e9todo din\u00e2mico \u00e9 que voc\u00ea n\u00e3o precisa calcul\u00e1-la repetidas vezes. Hoje neste artigo, gostaria de compartilhar com voc\u00eas 3 maneiras simples e din\u00e2micas de obter a data de t\u00e9rmino do m\u00eas no Excel.<\/p><p> Ent\u00e3o, vamos come\u00e7ar e baixe esse mesmo arquivo aqui para acompanhar.<\/p><h2 id=\"tab-con-1\" class=\"wp-block-heading\"> Obtenha o \u00faltimo dia do m\u00eas usando a fun\u00e7\u00e3o EOMONTH<\/h2><p> EOMONTH \u00e9 minha fun\u00e7\u00e3o favorita para calcular o \u00faltimo dia de um m\u00eas. Esta fun\u00e7\u00e3o foi projetada especificamente para esses tipos de c\u00e1lculos.<\/p><p> Tudo o que voc\u00ea precisa fazer \u00e9 simplesmente especificar uma data atual e o n\u00famero de meses que deseja calcular a \u00faltima data antes e depois da data de in\u00edcio. Aqui est\u00e1 a sintaxe:<\/p><p class=\"formula\"> EOMONTH(data_in\u00edcio, m\u00eas)<\/p><p> Nesta sintaxe, a data de in\u00edcio ser\u00e1 a data atual e os meses ser\u00e3o um n\u00famero que representa o n\u00famero de meses adiantados ou atrasados.<\/p><h2 id=\"tab-con-2\" class=\"wp-block-heading\"> Data final do mesmo m\u00eas<\/h2><p> Digamos que voc\u00ea tenha a data &#8220;06 de fevereiro de 2017&#8221; e queira obter o \u00faltimo dia de &#8220;fevereiro&#8221;. Neste caso, as f\u00f3rmulas que voc\u00ea deve usar s\u00e3o: <\/p><pre class=\"wp-block-code\"> <code class=\"language-excel-formula\" lang=\"excel-formula\">=EOMONTH(\"22-Feb-2017\",0)<\/code><\/pre><div class=\"wp-block-image\"><figure class=\"aligncenter\"><img decoding=\"async\" src=\"https:\/\/exceladvisor.org\/wp-content\/uploads\/2023\/08\/obtenir-le-dernier-jour-dun-mois-en-cours-en-utilisant-eomonth-min-1.png\" sizes=\"\" srcset=\"\" alt=\"obtenha o final do dia do m\u00eas atual usando eomonth\"><\/figure><\/div><p> No exemplo acima, ao usar EOMONTH, retornou 28 de fevereiro de 2017 que \u00e9 a \u00faltima data de fevereiro.<\/p><p> <strong>Como funciona<\/strong> : Aqui voc\u00ea usou &#8220;0&#8221; para o argumento num\u00e9rico porque a data de in\u00edcio usada \u00e9 fevereiro e voc\u00ea n\u00e3o ter\u00e1 o \u00faltimo dia do mesmo m\u00eas. Quando voc\u00ea usa &#8220;0&#8221;, ele simplesmente retornar\u00e1 a \u00faltima data do mesmo m\u00eas para o qual voc\u00ea tem a data de in\u00edcio.<\/p><p> Para criar uma f\u00f3rmula din\u00e2mica, voc\u00ea pode usar a fun\u00e7\u00e3o HOJE no argumento <code>start_date<\/code> .<\/p><h2 id=\"tab-con-3\" class=\"wp-block-heading\"> Data final do m\u00eas futuro<\/h2><p> Agora digamos que a partir da mesma data voc\u00ea deseja obter o \u00faltimo dia de \u201cabril\u201d. Neste caso, as f\u00f3rmulas que voc\u00ea deve usar s\u00e3o: <\/p><pre class=\"wp-block-code\"> <code class=\"language-excel-formula\" lang=\"excel-formula\">=EOMONTH(\"22-Feb-2017\",2)<\/code><\/pre><div class=\"wp-block-image\"><figure class=\"aligncenter\"><img decoding=\"async\" src=\"https:\/\/exceladvisor.org\/wp-content\/uploads\/2023\/08\/obtenir-le-dernier-jour-du-mois-futur-en-utilisant-eomonth-min-1.png\" sizes=\"\" srcset=\"\" alt=\"obter a data de t\u00e9rmino do m\u00eas futuro usando eomonth\"><\/figure><\/div><p> No exemplo acima, a f\u00f3rmula retornou 30 de abril de 2017, que \u00e9 a \u00faltima data de abril.<\/p><h3 class=\"wp-block-heading\"> Como funciona<\/h3><p> Aqui voc\u00ea usou &#8216;2&#8217; para o argumento num\u00e9rico e a data de in\u00edcio usada \u00e9 fevereiro. Agora, se voc\u00ea olhar, abril \u00e9 exatamente 2 meses depois de fevereiro, por isso voltou em 30 de abril de 2017.<\/p><h2 id=\"tab-con-4\" class=\"wp-block-heading\"> Data final do m\u00eas anterior<\/h2><p> E, se quiser obter a \u00faltima data do m\u00eas anterior, pode usar um n\u00famero negativo para isso. Digamos que voc\u00ea queira o \u00faltimo dia de janeiro. Ent\u00e3o a f\u00f3rmula que voc\u00ea deve usar: <\/p><pre class=\"wp-block-code\"> <code class=\"language-excel-formula\" lang=\"excel-formula\">=EOMONTH(\"22-Feb-2017\",-1)<\/code><\/pre><div class=\"wp-block-image\"><figure class=\"aligncenter size-full\"><img loading=\"lazy\" decoding=\"async\" class=\"wp-image-11929\" src=\"https:\/\/exceladvisor.org\/wp-content\/uploads\/2023\/08\/obtenir-le-dernier-jour-du-mois-precedent-en-utilisant-eomonth-min-1.png\" sizes=\"auto, \" srcset=\"\" alt=\"obter a data de t\u00e9rmino do m\u00eas anterior usando eomonth\" width=\"524\" height=\"143\"><\/figure><\/div><p> No exemplo acima, a f\u00f3rmula retornou 31 de janeiro de 2017, que \u00e9 a \u00faltima data de janeiro.<\/p><p> <strong>Como funciona:<\/strong> aqui voc\u00ea usou &#8220;-1&#8221; para o argumento num\u00e9rico e janeiro \u00e9 exatamente 1 m\u00eas antes de fevereiro.<\/p><h2 id=\"tab-con-5\" class=\"wp-block-heading\"> Fun\u00e7\u00e3o DATE para obter a \u00faltima data do m\u00eas<\/h2><p> A fun\u00e7\u00e3o DATE \u00e9 outra abordagem para obter o \u00faltimo dia no Excel. A fun\u00e7\u00e3o de data ajuda a criar uma data v\u00e1lida no Excel, especificando o ano, m\u00eas e dia. Aqui est\u00e1 a sintaxe:<\/p><p> DATA(ano,m\u00eas,dia)<\/p><p> Como mencionei, na fun\u00e7\u00e3o data voc\u00ea deve inserir o ano, m\u00eas e dia, e ela retorna uma data v\u00e1lida com base nisso. Agora, h\u00e1 um pequeno truque que voc\u00ea pode fazer com o argumento de hoje. <\/p><div class=\"su-note\" style=\"border-color: #bdc7a7; border-radius: 3px; -moz-border-radius: 3px; -webkit-border-radius: 3px;\"><div class=\"su-note-inner su-u-clearfix su-u-trim\" style=\"background-color: #d7e1c1; border-color: #ffffff; color: #3a3a3a; border-radius: 3px; -moz-border-radius: 3px; -webkit-border-radius: 3px;\"> <strong>Dica:<\/strong> se voc\u00ea usar 0 como dia, ser\u00e1 retornada a \u00faltima data do m\u00eas anterior. Por exemplo, se voc\u00ea especificar Ano: 2017, M\u00eas: 4 (ou seja, maio) e Dia: 0, o resultado retornar\u00e1 30 de abril de 2017.<\/div><\/div><p> E, se quiser calcular o \u00faltimo dia do m\u00eas atual, a f\u00f3rmula ser\u00e1: <\/p><div class=\"wp-block-image\"><figure class=\"aligncenter\"><img decoding=\"async\" src=\"https:\/\/exceladvisor.org\/wp-content\/uploads\/2023\/08\/obtenir-le-dernier-jour-du-mois-en-utilisant-la-date-min-1.png\" sizes=\"\" srcset=\"\" alt=\"obter a data final do m\u00eas usando a fun\u00e7\u00e3o de data\"><\/figure><\/div><pre class=\"wp-block-code\"> <code class=\"language-excel-formula\" lang=\"excel-formula\">=DATE(CurrentYear,CurrentMonth + 1,0)<\/code><\/pre><p> Ou, se voc\u00ea tiver apenas uma data para consultar, a f\u00f3rmula ser\u00e1:<\/p><pre class=\"wp-block-code\"> <code class=\"language-excel-formula\" lang=\"excel-formula\">=DATE(YEAR(date),MONTH(date)+1,0)<\/code><\/pre><h2 id=\"tab-con-6\" class=\"wp-block-heading\"> Aproveite o \u00faltimo dia com um UDF<\/h2><p> Um \u00f3timo exemplo de VBA. Este \u00e9 um c\u00f3digo de macro para usar um <a href=\"https:\/\/exceladvisor.org\/pt\/funcao-definida-pelo-usuario-2\/\">UDF VBA<\/a> para obter o \u00faltimo dia do m\u00eas. Basta copi\u00e1-lo para o seu editor VBA. <\/p><pre class=\"wp-block-code\"> <code class=\"language-Visual Basic\" lang=\"Visual Basic\">Function LastD(Optional sd As Date = 0) As Date If sd = 0 Then sd = VBA.DateLastD = VBA.DateSerial(VBA.Year(sd), VBA.Month(sd) + 1, 0) End Function<\/code><\/pre><div class=\"wp-block-image\"><figure class=\"aligncenter\"><img decoding=\"async\" src=\"https:\/\/exceladvisor.org\/wp-content\/uploads\/2023\/08\/obtenir-le-dernier-jour-dun-mois-en-utilisant-vba-min-1.png\" sizes=\"\" srcset=\"\" alt=\"obter a data de t\u00e9rmino do m\u00eas usando vba\"><\/figure><\/div><p> Na sua planilha, digite \u201c=LastD(\u201d e insira a data do m\u00eas ou refer\u00eancia a uma c\u00e9lula. E, se quiser o \u00faltimo dia do m\u00eas atual, basta deixar em branco entre par\u00eanteses.<\/p><h2 class=\"wp-block-heading\"> Conclus\u00e3o<\/h2><p> Como eu disse, o \u00faltimo dia do m\u00eas pode ser \u00fatil ao calcular datas previstas, datas de vencimento ou datas de conclus\u00e3o. E agora temos tr\u00eas maneiras diferentes de obt\u00ea-lo.<\/p><p> Se voc\u00ea usar EOMONTH \u00e9 muito f\u00e1cil criar uma f\u00f3rmula din\u00e2mica que possa ajud\u00e1-lo a datar meses passados ou futuros e acho que esta \u00e9 a melhor maneira de fazer isso.<\/p><p> Espero que voc\u00ea tenha achado \u00fatil e que o ajude a levar suas habilidades para o pr\u00f3ximo n\u00edvel.<\/p><p> Agora me diga uma coisa. Qual \u00e9 o seu m\u00e9todo favorito acima de tudo? Ou voc\u00ea tem um m\u00e9todo diferente? Por favor, compartilhe comigo na caixa de coment\u00e1rios, eu adoraria ouvir de voc\u00ea. E n\u00e3o se esque\u00e7a de compartilhar com seus amigos.<\/p><div class=\"gb-container gb-container-0df56012 gb-container-mt\"> <a class=\"gb-button gb-button-f9f432f4 gb-button-text gb-button-mt-button\" href=\"https:\/\/exceladvisor.org\/pt\/formulas\/\">Lista de f\u00f3rmulas do Excel<\/a><h2 class=\"gb-headline gb-headline-233444e8 gb-headline-text gb-headline-mt-heading\"> F\u00f3rmulas relacionadas <\/h2><div class=\"gb-grid-wrapper gb-grid-wrapper-a16fa65c gb-grid-wrapper-mt-grid\"><div class=\"gb-grid-column gb-grid-column-50d07e0d\"><div class=\"gb-container gb-container-50d07e0d\"><ul><li> <a href=\"https:\/\/exceladvisor.org\/pt\/adicione-um-mes-a-uma-data-2\/\">Adicione um m\u00eas a uma data no Excel<\/a><\/li><li> <a href=\"https:\/\/exceladvisor.org\/pt\/primeiro-dia-do-mes-2\/\">Obtenha o primeiro dia do m\u00eas no Excel (in\u00edcio do m\u00eas)<\/a><\/li><li> <a href=\"https:\/\/exceladvisor.org\/pt\/nome-do-mes\/\">Obtenha o m\u00eas a partir de uma data no Excel (trecho)<\/a><\/li><li> <a href=\"https:\/\/exceladvisor.org\/pt\/trimestre\/\">Obtenha um trimestre a partir de uma data [Fiscal + Calend\u00e1rio] no Excel<\/a> <\/li><\/ul><\/div><\/div><div class=\"gb-grid-column gb-grid-column-5b4a0cf9\"><div class=\"gb-container gb-container-5b4a0cf9\"><ul><li> <a href=\"https:\/\/exceladvisor.org\/pt\/mes-entre-duas-datas\/\">N\u00famero de meses entre duas datas no Excel<\/a><\/li><li> <a href=\"https:\/\/exceladvisor.org\/pt\/nome-do-mes-no-numero-2\/\">Converter o nome do m\u00eas em n\u00famero<\/a><\/li><li> <a href=\"https:\/\/exceladvisor.org\/pt\/data-no-mes-ano\/\">Converter uma data em m\u00eas e ano<\/a><\/li><\/ul><\/div><\/div><\/div><\/div>","protected":false},"excerpt":{"rendered":"","protected":false},"author":1,"featured_media":0,"parent":0,"menu_order":0,"comment_status":"open","ping_status":"closed","template":"","meta":{"ub_ctt_via":"","footnotes":""},"class_list":["post-371","page","type-page","status-publish","hentry"],"featured_image_src":null,"yoast_head":"<!-- This site is optimized with the Yoast SEO plugin v25.4 - https:\/\/yoast.com\/wordpress\/plugins\/seo\/ -->\n<title>\u25b7 Como obter a data de t\u00e9rmino do m\u00eas no Excel?<\/title>\n<meta name=\"description\" content=\"\u00c0s vezes precisamos obter uma data de final de m\u00eas para usar como data de conclus\u00e3o, data de vencimento, data prevista ou \u00e0s vezes...\" \/>\n<meta name=\"robots\" content=\"index, follow, max-snippet:-1, max-image-preview:large, max-video-preview:-1\" \/>\n<link rel=\"canonical\" href=\"https:\/\/exceladvisor.org\/pt\/fim-do-mes\/\" \/>\n<meta property=\"og:locale\" content=\"pt_PT\" \/>\n<meta property=\"og:type\" content=\"article\" \/>\n<meta property=\"og:title\" content=\"\u25b7 Como obter a data de t\u00e9rmino do m\u00eas no Excel?\" \/>\n<meta property=\"og:description\" content=\"\u00c0s vezes precisamos obter uma data de final de m\u00eas para usar como data de conclus\u00e3o, data de vencimento, data prevista ou \u00e0s vezes...\" \/>\n<meta property=\"og:url\" content=\"https:\/\/exceladvisor.org\/pt\/fim-do-mes\/\" \/>\n<meta property=\"og:site_name\" content=\"Excel Advisor\" \/>\n<meta property=\"article:modified_time\" content=\"2023-12-06T11:38:33+00:00\" \/>\n<meta property=\"og:image\" content=\"https:\/\/exceladvisor.org\/wp-content\/uploads\/2023\/08\/obtenir-le-dernier-jour-dun-mois-en-cours-en-utilisant-eomonth-min-1.png\" \/>\n<meta name=\"twitter:card\" content=\"summary_large_image\" \/>\n<meta name=\"twitter:label1\" content=\"Tempo estimado de leitura\" \/>\n\t<meta name=\"twitter:data1\" content=\"5 minutos\" \/>\n<script type=\"application\/ld+json\" class=\"yoast-schema-graph\">{\"@context\":\"https:\/\/schema.org\",\"@graph\":[{\"@type\":\"WebPage\",\"@id\":\"https:\/\/exceladvisor.org\/pt\/fim-do-mes\/\",\"url\":\"https:\/\/exceladvisor.org\/pt\/fim-do-mes\/\",\"name\":\"\u25b7 Como obter a data de t\u00e9rmino do m\u00eas no Excel?\",\"isPartOf\":{\"@id\":\"https:\/\/exceladvisor.org\/pt\/#website\"},\"primaryImageOfPage\":{\"@id\":\"https:\/\/exceladvisor.org\/pt\/fim-do-mes\/#primaryimage\"},\"image\":{\"@id\":\"https:\/\/exceladvisor.org\/pt\/fim-do-mes\/#primaryimage\"},\"thumbnailUrl\":\"https:\/\/exceladvisor.org\/wp-content\/uploads\/2023\/08\/obtenir-le-dernier-jour-dun-mois-en-cours-en-utilisant-eomonth-min-1.png\",\"datePublished\":\"2023-10-31T17:10:51+00:00\",\"dateModified\":\"2023-12-06T11:38:33+00:00\",\"description\":\"\u00c0s vezes precisamos obter uma data de final de m\u00eas para usar como data de conclus\u00e3o, data de vencimento, data prevista ou \u00e0s vezes...\",\"breadcrumb\":{\"@id\":\"https:\/\/exceladvisor.org\/pt\/fim-do-mes\/#breadcrumb\"},\"inLanguage\":\"pt-PT\",\"potentialAction\":[{\"@type\":\"ReadAction\",\"target\":[\"https:\/\/exceladvisor.org\/pt\/fim-do-mes\/\"]}]},{\"@type\":\"ImageObject\",\"inLanguage\":\"pt-PT\",\"@id\":\"https:\/\/exceladvisor.org\/pt\/fim-do-mes\/#primaryimage\",\"url\":\"https:\/\/exceladvisor.org\/wp-content\/uploads\/2023\/08\/obtenir-le-dernier-jour-dun-mois-en-cours-en-utilisant-eomonth-min-1.png\",\"contentUrl\":\"https:\/\/exceladvisor.org\/wp-content\/uploads\/2023\/08\/obtenir-le-dernier-jour-dun-mois-en-cours-en-utilisant-eomonth-min-1.png\"},{\"@type\":\"BreadcrumbList\",\"@id\":\"https:\/\/exceladvisor.org\/pt\/fim-do-mes\/#breadcrumb\",\"itemListElement\":[{\"@type\":\"ListItem\",\"position\":1,\"name\":\"Lar\",\"item\":\"https:\/\/exceladvisor.org\/pt\/\"},{\"@type\":\"ListItem\",\"position\":2,\"name\":\"Como obter a data de t\u00e9rmino do m\u00eas no excel?\"}]},{\"@type\":\"WebSite\",\"@id\":\"https:\/\/exceladvisor.org\/pt\/#website\",\"url\":\"https:\/\/exceladvisor.org\/pt\/\",\"name\":\"Excel Advisor\",\"description\":\"O seu guia definitivo para dominar os dados!\",\"publisher\":{\"@id\":\"https:\/\/exceladvisor.org\/pt\/#organization\"},\"potentialAction\":[{\"@type\":\"SearchAction\",\"target\":{\"@type\":\"EntryPoint\",\"urlTemplate\":\"https:\/\/exceladvisor.org\/pt\/?s={search_term_string}\"},\"query-input\":{\"@type\":\"PropertyValueSpecification\",\"valueRequired\":true,\"valueName\":\"search_term_string\"}}],\"inLanguage\":\"pt-PT\"},{\"@type\":\"Organization\",\"@id\":\"https:\/\/exceladvisor.org\/pt\/#organization\",\"name\":\"Excel Advisor\",\"url\":\"https:\/\/exceladvisor.org\/pt\/\",\"logo\":{\"@type\":\"ImageObject\",\"inLanguage\":\"pt-PT\",\"@id\":\"https:\/\/exceladvisor.org\/pt\/#\/schema\/logo\/image\/\",\"url\":\"https:\/\/exceladvisor.org\/pt\/wp-content\/uploads\/2023\/12\/exceladvisor.org_.png\",\"contentUrl\":\"https:\/\/exceladvisor.org\/pt\/wp-content\/uploads\/2023\/12\/exceladvisor.org_.png\",\"width\":105,\"height\":36,\"caption\":\"Excel Advisor\"},\"image\":{\"@id\":\"https:\/\/exceladvisor.org\/pt\/#\/schema\/logo\/image\/\"}}]}<\/script>\n<!-- \/ Yoast SEO plugin. -->","yoast_head_json":{"title":"\u25b7 Como obter a data de t\u00e9rmino do m\u00eas no Excel?","description":"\u00c0s vezes precisamos obter uma data de final de m\u00eas para usar como data de conclus\u00e3o, data de vencimento, data prevista ou \u00e0s vezes...","robots":{"index":"index","follow":"follow","max-snippet":"max-snippet:-1","max-image-preview":"max-image-preview:large","max-video-preview":"max-video-preview:-1"},"canonical":"https:\/\/exceladvisor.org\/pt\/fim-do-mes\/","og_locale":"pt_PT","og_type":"article","og_title":"\u25b7 Como obter a data de t\u00e9rmino do m\u00eas no Excel?","og_description":"\u00c0s vezes precisamos obter uma data de final de m\u00eas para usar como data de conclus\u00e3o, data de vencimento, data prevista ou \u00e0s vezes...","og_url":"https:\/\/exceladvisor.org\/pt\/fim-do-mes\/","og_site_name":"Excel Advisor","article_modified_time":"2023-12-06T11:38:33+00:00","og_image":[{"url":"https:\/\/exceladvisor.org\/wp-content\/uploads\/2023\/08\/obtenir-le-dernier-jour-dun-mois-en-cours-en-utilisant-eomonth-min-1.png","type":"","width":"","height":""}],"twitter_card":"summary_large_image","twitter_misc":{"Tempo estimado de leitura":"5 minutos"},"schema":{"@context":"https:\/\/schema.org","@graph":[{"@type":"WebPage","@id":"https:\/\/exceladvisor.org\/pt\/fim-do-mes\/","url":"https:\/\/exceladvisor.org\/pt\/fim-do-mes\/","name":"\u25b7 Como obter a data de t\u00e9rmino do m\u00eas no Excel?","isPartOf":{"@id":"https:\/\/exceladvisor.org\/pt\/#website"},"primaryImageOfPage":{"@id":"https:\/\/exceladvisor.org\/pt\/fim-do-mes\/#primaryimage"},"image":{"@id":"https:\/\/exceladvisor.org\/pt\/fim-do-mes\/#primaryimage"},"thumbnailUrl":"https:\/\/exceladvisor.org\/wp-content\/uploads\/2023\/08\/obtenir-le-dernier-jour-dun-mois-en-cours-en-utilisant-eomonth-min-1.png","datePublished":"2023-10-31T17:10:51+00:00","dateModified":"2023-12-06T11:38:33+00:00","description":"\u00c0s vezes precisamos obter uma data de final de m\u00eas para usar como data de conclus\u00e3o, data de vencimento, data prevista ou \u00e0s vezes...","breadcrumb":{"@id":"https:\/\/exceladvisor.org\/pt\/fim-do-mes\/#breadcrumb"},"inLanguage":"pt-PT","potentialAction":[{"@type":"ReadAction","target":["https:\/\/exceladvisor.org\/pt\/fim-do-mes\/"]}]},{"@type":"ImageObject","inLanguage":"pt-PT","@id":"https:\/\/exceladvisor.org\/pt\/fim-do-mes\/#primaryimage","url":"https:\/\/exceladvisor.org\/wp-content\/uploads\/2023\/08\/obtenir-le-dernier-jour-dun-mois-en-cours-en-utilisant-eomonth-min-1.png","contentUrl":"https:\/\/exceladvisor.org\/wp-content\/uploads\/2023\/08\/obtenir-le-dernier-jour-dun-mois-en-cours-en-utilisant-eomonth-min-1.png"},{"@type":"BreadcrumbList","@id":"https:\/\/exceladvisor.org\/pt\/fim-do-mes\/#breadcrumb","itemListElement":[{"@type":"ListItem","position":1,"name":"Lar","item":"https:\/\/exceladvisor.org\/pt\/"},{"@type":"ListItem","position":2,"name":"Como obter a data de t\u00e9rmino do m\u00eas no excel?"}]},{"@type":"WebSite","@id":"https:\/\/exceladvisor.org\/pt\/#website","url":"https:\/\/exceladvisor.org\/pt\/","name":"Excel Advisor","description":"O seu guia definitivo para dominar os dados!","publisher":{"@id":"https:\/\/exceladvisor.org\/pt\/#organization"},"potentialAction":[{"@type":"SearchAction","target":{"@type":"EntryPoint","urlTemplate":"https:\/\/exceladvisor.org\/pt\/?s={search_term_string}"},"query-input":{"@type":"PropertyValueSpecification","valueRequired":true,"valueName":"search_term_string"}}],"inLanguage":"pt-PT"},{"@type":"Organization","@id":"https:\/\/exceladvisor.org\/pt\/#organization","name":"Excel Advisor","url":"https:\/\/exceladvisor.org\/pt\/","logo":{"@type":"ImageObject","inLanguage":"pt-PT","@id":"https:\/\/exceladvisor.org\/pt\/#\/schema\/logo\/image\/","url":"https:\/\/exceladvisor.org\/pt\/wp-content\/uploads\/2023\/12\/exceladvisor.org_.png","contentUrl":"https:\/\/exceladvisor.org\/pt\/wp-content\/uploads\/2023\/12\/exceladvisor.org_.png","width":105,"height":36,"caption":"Excel Advisor"},"image":{"@id":"https:\/\/exceladvisor.org\/pt\/#\/schema\/logo\/image\/"}}]}},"yoast_meta":{"yoast_wpseo_title":"","yoast_wpseo_metadesc":"","yoast_wpseo_canonical":""},"_links":{"self":[{"href":"https:\/\/exceladvisor.org\/pt\/wp-json\/wp\/v2\/pages\/371","targetHints":{"allow":["GET"]}}],"collection":[{"href":"https:\/\/exceladvisor.org\/pt\/wp-json\/wp\/v2\/pages"}],"about":[{"href":"https:\/\/exceladvisor.org\/pt\/wp-json\/wp\/v2\/types\/page"}],"author":[{"embeddable":true,"href":"https:\/\/exceladvisor.org\/pt\/wp-json\/wp\/v2\/users\/1"}],"replies":[{"embeddable":true,"href":"https:\/\/exceladvisor.org\/pt\/wp-json\/wp\/v2\/comments?post=371"}],"version-history":[{"count":1,"href":"https:\/\/exceladvisor.org\/pt\/wp-json\/wp\/v2\/pages\/371\/revisions"}],"predecessor-version":[{"id":1134,"href":"https:\/\/exceladvisor.org\/pt\/wp-json\/wp\/v2\/pages\/371\/revisions\/1134"}],"wp:attachment":[{"href":"https:\/\/exceladvisor.org\/pt\/wp-json\/wp\/v2\/media?parent=371"}],"curies":[{"name":"wp","href":"https:\/\/api.w.org\/{rel}","templated":true}]}}