{"id":372,"date":"2023-10-31T16:41:03","date_gmt":"2023-10-31T16:41:03","guid":{"rendered":"https:\/\/exceladvisor.org\/pt\/formato-de-numero-contabil\/"},"modified":"2023-12-06T11:37:13","modified_gmt":"2023-12-06T11:37:13","slug":"formato-de-numero-contabil","status":"publish","type":"page","link":"https:\/\/exceladvisor.org\/pt\/formato-de-numero-contabil\/","title":{"rendered":"Como definir o formato do n\u00famero cont\u00e1bil no excel?"},"content":{"rendered":"<div class=\"excel-before-content-2\" id=\"excel-195475154\"><script type=\"text\/javascript\">\r\n\tatOptions = {\r\n\t\t'key' : 'c1158f160081d6540a8409e6925dab94',\r\n\t\t'format' : 'iframe',\r\n\t\t'height' : 250,\r\n\t\t'width' : 300,\r\n\t\t'params' : {}\r\n\t};\r\n<\/script>\r\n<script type=\"text\/javascript\" src=\"\/\/www.highperformanceformat.com\/c1158f160081d6540a8409e6925dab94\/invoke.js\"><\/script><\/div><div class=\"excel-before-content\" id=\"excel-3747897851\"><script type=\"text\/javascript\">\r\n\tatOptions = {\r\n\t\t'key' : 'c1158f160081d6540a8409e6925dab94',\r\n\t\t'format' : 'iframe',\r\n\t\t'height' : 250,\r\n\t\t'width' : 300,\r\n\t\t'params' : {}\r\n\t};\r\n<\/script>\r\n<script type=\"text\/javascript\" src=\"\/\/www.highperformanceformat.com\/c1158f160081d6540a8409e6925dab94\/invoke.js\"><\/script><\/div> <p>O Microsoft Excel \u00e9 amplamente utilizado para fins comerciais e cont\u00e1beis e quando os usu\u00e1rios usam o Excel para fins cont\u00e1beis, seus conjuntos de dados geralmente possuem um conjunto de n\u00fameros.<\/p><p> E eles podem querer converter n\u00fameros do formato num\u00e9rico padr\u00e3o para o formato num\u00e9rico cont\u00e1bil para tornar o conjunto de dados mais claro e mais adequado para contabilidade.<\/p><p> O formato de n\u00famero cont\u00e1bil converte o formato num\u00e9rico geral adicionando o s\u00edmbolo da moeda \u00e0 extrema esquerda da c\u00e9lula, separadores de milhares e duas casas decimais (0,00) no final de cada n\u00famero.<\/p><p> O formato do n\u00famero cont\u00e1bil tamb\u00e9m exibe o valor zero (0) como um tra\u00e7o \u201c-\u201c. <\/p><div class=\"wp-block-image\"><figure class=\"aligncenter size-full is-resized\"><img loading=\"lazy\" decoding=\"async\" class=\"wp-image-65916\" src=\"https:\/\/exceladvisor.org\/wp-content\/uploads\/2023\/08\/1-comptabilite-vs-format-numerique-general-2.png\" sizes=\"auto, \" srcset=\"\" alt=\"formato cont\u00e1bil versus num\u00e9rico geral\" width=\"585\" height=\"130\"><\/figure><\/div><p> Abaixo, fornecemos algumas etapas r\u00e1pidas e f\u00e1ceis para aplicar o formato de n\u00famero cont\u00e1bil no Excel.<\/p><h2 class=\"wp-block-heading\"> Aplique o formato do n\u00famero cont\u00e1bil usando o bot\u00e3o Formato do n\u00famero cont\u00e1bil<\/h2><ol><li> Primeiro, selecione as c\u00e9lulas ou intervalo com os n\u00fameros que deseja formatar.<\/li><li> Depois disso, v\u00e1 at\u00e9 a aba \u201cHome\u201d e clique no bot\u00e3o \u201cFormato do n\u00famero da conta\u201d.<\/li><li> Agora clique no formato cont\u00e1bil com s\u00edmbolo de moeda na lista suspensa que voc\u00ea deseja adicionar. <br><img loading=\"lazy\" decoding=\"async\" title=\"N\u00famero-1 de formato de 2 bot\u00f5es\" src=\"https:\/\/exceladvisor.org\/wp-content\/uploads\/2023\/08\/2-bouton-de-format-de-numero-comptable-2.png\" sizes=\"auto, \" srcset=\"\" alt=\"accounting-number-format-button\" width=\"770\" height=\"297\"><\/li><li> Neste ponto, as c\u00e9lulas ou intervalo selecionado s\u00e3o alterados para \u201cFormato de n\u00famero cont\u00e1bil\u201d adicionando um s\u00edmbolo de moeda, separadores de mil n\u00fameros e duas casas decimais aos valores num\u00e9ricos. <br><img loading=\"lazy\" decoding=\"async\" title=\"Formato 3 valores no n\u00famero cont\u00e1bil 1\" src=\"https:\/\/exceladvisor.org\/wp-content\/uploads\/2023\/08\/3-valeurs-au-format-numero-comptable-2.png\" sizes=\"auto, \" srcset=\"\" alt=\"\" width=\"201\" height=\"273\"><\/li><li> Para aumentar ou diminuir os valores decimais dos n\u00fameros, voc\u00ea pode usar os \u00edcones de aumento e diminui\u00e7\u00e3o decimais no grupo \u201cN\u00famero\u201d na faixa de op\u00e7\u00f5es. <br><img loading=\"lazy\" decoding=\"async\" title=\"4-aumentar-diminuir-valores decimais-1\" src=\"https:\/\/exceladvisor.org\/wp-content\/uploads\/2023\/08\/4-augmenter-diminuer-les-valeurs-decimales-2.png\" sizes=\"auto, \" srcset=\"\" alt=\"increase-decrease-decimal-values\" width=\"305\" height=\"114\"><\/li><\/ol><h2 class=\"wp-block-heading\"> Aplicar formato de n\u00famero cont\u00e1bil usando a lista suspensa de grupo de n\u00fameros<\/h2><ol><li> Primeiro, selecione as c\u00e9lulas ou intervalo com os n\u00fameros que deseja formatar.<\/li><li> Depois disso, v\u00e1 para a guia \u201cHome\u201d e clique na seta suspensa no grupo \u201cN\u00famero\u201d na faixa de op\u00e7\u00f5es. <br><img loading=\"lazy\" decoding=\"async\" title=\"Lista suspensa de 5 n\u00fameros cont\u00e1beis 1\" src=\"https:\/\/exceladvisor.org\/wp-content\/uploads\/2023\/08\/5-numero-de-comptabilite-deroulant-2.png\" sizes=\"auto, \" srcset=\"\" alt=\"accounting-number-drop-down\" width=\"771\" height=\"121\"><\/li><li> Agora, clique na op\u00e7\u00e3o \u201cContabilidade\u201d na lista suspensa. <br><img loading=\"lazy\" decoding=\"async\" title=\"6-selecione a op\u00e7\u00e3o de contabilidade-1\" src=\"https:\/\/exceladvisor.org\/wp-content\/uploads\/2023\/08\/6-selectionnez-loption-comptable-2.png\" sizes=\"auto, \" srcset=\"\" alt=\"select-accounting-option\" width=\"563\" height=\"444\"><\/li><li> Neste ponto, as c\u00e9lulas ou intervalo selecionado s\u00e3o alterados para \u201cFormato de n\u00famero cont\u00e1bil\u201d adicionando um s\u00edmbolo de moeda, separadores de mil n\u00fameros e duas casas decimais aos valores num\u00e9ricos. <br><img loading=\"lazy\" decoding=\"async\" title=\"Formato de 7 valores convertidos em n\u00famero cont\u00e1bil 1\" src=\"https:\/\/exceladvisor.org\/wp-content\/uploads\/2023\/08\/7-valeurs-converties-au-format-de-numero-comptable-2.png\" sizes=\"auto, \" srcset=\"\" alt=\"values-converted-in-accounting-number-format\" width=\"203\" height=\"276\"><\/li><\/ol><p class=\"content-box-green\"> Como voc\u00ea viu neste m\u00e9todo, n\u00e3o temos a possibilidade de selecionar o formato cont\u00e1bil com a escolha dos s\u00edmbolos monet\u00e1rios.<\/p><p class=\"content-box-green\"> Portanto, \u00e9 poss\u00edvel que o formato do n\u00famero cont\u00e1bil usando esta op\u00e7\u00e3o suspensa exiba o s\u00edmbolo da moeda do seu pa\u00eds, que pode ser a moeda padr\u00e3o do seu sistema.<\/p><h2 class=\"wp-block-heading\"> Aplicar formato de n\u00famero cont\u00e1bil usando a op\u00e7\u00e3o Formatar c\u00e9lulas<\/h2><p> Com esse m\u00e9todo de formata\u00e7\u00e3o de n\u00famero cont\u00e1bil, os usu\u00e1rios podem alterar o s\u00edmbolo monet\u00e1rio padr\u00e3o do sistema e selecionar o s\u00edmbolo monet\u00e1rio entre v\u00e1rios s\u00edmbolos monet\u00e1rios com base nas moedas de diferentes pa\u00edses.<\/p><ol><li> Primeiro, selecione as c\u00e9lulas ou intervalo com os n\u00fameros que deseja formatar e clique com o bot\u00e3o direito na sele\u00e7\u00e3o.<\/li><li> Depois disso, selecione a op\u00e7\u00e3o \u201cFormatar c\u00e9lulas\u201d no menu suspenso e a caixa de di\u00e1logo \u201cFormatar c\u00e9lulas\u201d ser\u00e1 aberta. <br><img loading=\"lazy\" decoding=\"async\" title=\"Op\u00e7\u00e3o de formato de 8 c\u00e9lulas-1\" src=\"https:\/\/exceladvisor.org\/wp-content\/uploads\/2023\/08\/8-cellules-de-format-option-2.png\" sizes=\"auto, \" srcset=\"\" alt=\"format-cells-option\" width=\"340\" height=\"593\"><\/li><li> Agora, selecione a aba \u201cN\u00famero\u201d e em \u201cCategoria\u201d selecione a op\u00e7\u00e3o \u201cContabilidade\u201d.<\/li><li> Agora, clique na seta suspensa \u201cS\u00edmbolo\u201d, role para baixo pelas op\u00e7\u00f5es de moeda e selecione a que deseja.<\/li><li> Se quiser aumentar ou diminuir os valores decimais dos n\u00fameros, voc\u00ea pode fazer o mesmo usando as setas para cima e para baixo de \u201cCasas Decimais\u201d.<\/li><li> Quando terminar, clique em OK. <br><img loading=\"lazy\" decoding=\"async\" title=\"Diloag-box-1 em formato de 9 c\u00e9lulas\" src=\"https:\/\/exceladvisor.org\/wp-content\/uploads\/2023\/08\/9-cellules-format-diloag-box-2.png\" sizes=\"auto, \" srcset=\"\" alt=\"format-cells-dialog-box\" width=\"494\" height=\"456\"><\/li><li> Neste ponto, as c\u00e9lulas ou intervalo selecionado s\u00e3o alterados para \u201cFormato de n\u00famero cont\u00e1bil\u201d adicionando o s\u00edmbolo da moeda que voc\u00ea acabou de selecionar com separadores de mil d\u00edgitos e duas casas decimais aos valores num\u00e9ricos. <br><img loading=\"lazy\" decoding=\"async\" title=\"10 valores em formato de s\u00edmbolo de n\u00famero cont\u00e1bil-1\" src=\"https:\/\/exceladvisor.org\/wp-content\/uploads\/2023\/08\/10-valeurs-dans-le-symbole-de-format-de-numero-comptable-2.png\" sizes=\"auto, \" srcset=\"\" alt=\"values-in-accounting-number-format-symbol\" width=\"212\" height=\"288\"><\/li><\/ol><div class=\"gb-container gb-container-4db6181c gb-container-mt\"> <a class=\"gb-button gb-button-c5897111 gb-button-text gb-button-mt-button\" href=\"https:\/\/exceladvisor.org\/pt\/nocoes-basicas-de-excel\/\">No\u00e7\u00f5es b\u00e1sicas do Microsoft Excel (componentes, pe\u00e7as e notas de conhecimento)<\/a><h2 class=\"gb-headline gb-headline-665e5f6b gb-headline-text gb-headline-mt-heading\"> Tutoriais relacionados <\/h2><div class=\"gb-grid-wrapper gb-grid-wrapper-a20baf7c gb-grid-wrapper-mt-grid\"><div class=\"gb-grid-column gb-grid-column-65ddf67e\"><div class=\"gb-container gb-container-65ddf67e\"><ul><li> <a href=\"https:\/\/exceladvisor.org\/pt\/adicione-um-numero-de-pagina\/\">Adicione um n\u00famero de p\u00e1gina no Excel<\/a><\/li><li> <a href=\"https:\/\/exceladvisor.org\/pt\/aplicar-estilo-de-virgula\/\">Aplicar estilo de v\u00edrgula no Excel<\/a><\/li><li> <a href=\"https:\/\/exceladvisor.org\/pt\/haste\/\">Aplicar tachado no Excel<\/a><\/li><li> <a href=\"https:\/\/exceladvisor.org\/pt\/destacar-celulas-vazias\/\">Destacar c\u00e9lulas vazias no Excel<\/a><\/li><li> <a href=\"https:\/\/exceladvisor.org\/pt\/simbolo-pi\/\">Insira o s\u00edmbolo PI (\u03c0) no Excel<\/a> <\/li><\/ul><\/div><\/div><div class=\"gb-grid-column gb-grid-column-50067b57\"><div class=\"gb-container gb-container-50067b57\"><\/div><\/div><\/div><\/div>","protected":false},"excerpt":{"rendered":"","protected":false},"author":1,"featured_media":0,"parent":0,"menu_order":0,"comment_status":"open","ping_status":"closed","template":"","meta":{"ub_ctt_via":"","footnotes":""},"class_list":["post-372","page","type-page","status-publish","hentry"],"featured_image_src":null,"yoast_head":"<!-- This site is optimized with the Yoast SEO plugin v25.4 - https:\/\/yoast.com\/wordpress\/plugins\/seo\/ -->\n<title>Como definir o formato do n\u00famero cont\u00e1bil no Excel?<\/title>\n<meta name=\"description\" content=\"Neste tutorial, voc\u00ea aprender\u00e1 diferentes maneiras de aplicar o formato de n\u00famero cont\u00e1bil no Excel usando tr\u00eas m\u00e9todos\" \/>\n<meta name=\"robots\" content=\"index, follow, max-snippet:-1, max-image-preview:large, max-video-preview:-1\" \/>\n<link rel=\"canonical\" href=\"https:\/\/exceladvisor.org\/pt\/formato-de-numero-contabil\/\" \/>\n<meta property=\"og:locale\" content=\"pt_PT\" \/>\n<meta property=\"og:type\" content=\"article\" \/>\n<meta property=\"og:title\" content=\"Como definir o formato do n\u00famero cont\u00e1bil no Excel?\" \/>\n<meta property=\"og:description\" content=\"Neste tutorial, voc\u00ea aprender\u00e1 diferentes maneiras de aplicar o formato de n\u00famero cont\u00e1bil no Excel usando tr\u00eas m\u00e9todos\" \/>\n<meta property=\"og:url\" content=\"https:\/\/exceladvisor.org\/pt\/formato-de-numero-contabil\/\" \/>\n<meta property=\"og:site_name\" content=\"Excel Advisor\" \/>\n<meta property=\"article:modified_time\" content=\"2023-12-06T11:37:13+00:00\" \/>\n<meta property=\"og:image\" content=\"https:\/\/exceladvisor.org\/wp-content\/uploads\/2023\/08\/1-comptabilite-vs-format-numerique-general-2.png\" \/>\n<meta name=\"twitter:card\" content=\"summary_large_image\" \/>\n<meta name=\"twitter:label1\" content=\"Tempo estimado de leitura\" \/>\n\t<meta name=\"twitter:data1\" content=\"4 minutos\" \/>\n<script type=\"application\/ld+json\" class=\"yoast-schema-graph\">{\"@context\":\"https:\/\/schema.org\",\"@graph\":[{\"@type\":\"WebPage\",\"@id\":\"https:\/\/exceladvisor.org\/pt\/formato-de-numero-contabil\/\",\"url\":\"https:\/\/exceladvisor.org\/pt\/formato-de-numero-contabil\/\",\"name\":\"Como definir o formato do n\u00famero cont\u00e1bil no Excel?\",\"isPartOf\":{\"@id\":\"https:\/\/exceladvisor.org\/pt\/#website\"},\"primaryImageOfPage\":{\"@id\":\"https:\/\/exceladvisor.org\/pt\/formato-de-numero-contabil\/#primaryimage\"},\"image\":{\"@id\":\"https:\/\/exceladvisor.org\/pt\/formato-de-numero-contabil\/#primaryimage\"},\"thumbnailUrl\":\"https:\/\/exceladvisor.org\/wp-content\/uploads\/2023\/08\/1-comptabilite-vs-format-numerique-general-2.png\",\"datePublished\":\"2023-10-31T16:41:03+00:00\",\"dateModified\":\"2023-12-06T11:37:13+00:00\",\"description\":\"Neste tutorial, voc\u00ea aprender\u00e1 diferentes maneiras de aplicar o formato de n\u00famero cont\u00e1bil no Excel usando tr\u00eas m\u00e9todos\",\"breadcrumb\":{\"@id\":\"https:\/\/exceladvisor.org\/pt\/formato-de-numero-contabil\/#breadcrumb\"},\"inLanguage\":\"pt-PT\",\"potentialAction\":[{\"@type\":\"ReadAction\",\"target\":[\"https:\/\/exceladvisor.org\/pt\/formato-de-numero-contabil\/\"]}]},{\"@type\":\"ImageObject\",\"inLanguage\":\"pt-PT\",\"@id\":\"https:\/\/exceladvisor.org\/pt\/formato-de-numero-contabil\/#primaryimage\",\"url\":\"https:\/\/exceladvisor.org\/wp-content\/uploads\/2023\/08\/1-comptabilite-vs-format-numerique-general-2.png\",\"contentUrl\":\"https:\/\/exceladvisor.org\/wp-content\/uploads\/2023\/08\/1-comptabilite-vs-format-numerique-general-2.png\"},{\"@type\":\"BreadcrumbList\",\"@id\":\"https:\/\/exceladvisor.org\/pt\/formato-de-numero-contabil\/#breadcrumb\",\"itemListElement\":[{\"@type\":\"ListItem\",\"position\":1,\"name\":\"Lar\",\"item\":\"https:\/\/exceladvisor.org\/pt\/\"},{\"@type\":\"ListItem\",\"position\":2,\"name\":\"Como definir o formato do n\u00famero cont\u00e1bil no excel?\"}]},{\"@type\":\"WebSite\",\"@id\":\"https:\/\/exceladvisor.org\/pt\/#website\",\"url\":\"https:\/\/exceladvisor.org\/pt\/\",\"name\":\"Excel Advisor\",\"description\":\"O seu guia definitivo para dominar os dados!\",\"publisher\":{\"@id\":\"https:\/\/exceladvisor.org\/pt\/#organization\"},\"potentialAction\":[{\"@type\":\"SearchAction\",\"target\":{\"@type\":\"EntryPoint\",\"urlTemplate\":\"https:\/\/exceladvisor.org\/pt\/?s={search_term_string}\"},\"query-input\":{\"@type\":\"PropertyValueSpecification\",\"valueRequired\":true,\"valueName\":\"search_term_string\"}}],\"inLanguage\":\"pt-PT\"},{\"@type\":\"Organization\",\"@id\":\"https:\/\/exceladvisor.org\/pt\/#organization\",\"name\":\"Excel Advisor\",\"url\":\"https:\/\/exceladvisor.org\/pt\/\",\"logo\":{\"@type\":\"ImageObject\",\"inLanguage\":\"pt-PT\",\"@id\":\"https:\/\/exceladvisor.org\/pt\/#\/schema\/logo\/image\/\",\"url\":\"https:\/\/exceladvisor.org\/pt\/wp-content\/uploads\/2023\/12\/exceladvisor.org_.png\",\"contentUrl\":\"https:\/\/exceladvisor.org\/pt\/wp-content\/uploads\/2023\/12\/exceladvisor.org_.png\",\"width\":105,\"height\":36,\"caption\":\"Excel Advisor\"},\"image\":{\"@id\":\"https:\/\/exceladvisor.org\/pt\/#\/schema\/logo\/image\/\"}}]}<\/script>\n<!-- \/ Yoast SEO plugin. -->","yoast_head_json":{"title":"Como definir o formato do n\u00famero cont\u00e1bil no Excel?","description":"Neste tutorial, voc\u00ea aprender\u00e1 diferentes maneiras de aplicar o formato de n\u00famero cont\u00e1bil no Excel usando tr\u00eas m\u00e9todos","robots":{"index":"index","follow":"follow","max-snippet":"max-snippet:-1","max-image-preview":"max-image-preview:large","max-video-preview":"max-video-preview:-1"},"canonical":"https:\/\/exceladvisor.org\/pt\/formato-de-numero-contabil\/","og_locale":"pt_PT","og_type":"article","og_title":"Como definir o formato do n\u00famero cont\u00e1bil no Excel?","og_description":"Neste tutorial, voc\u00ea aprender\u00e1 diferentes maneiras de aplicar o formato de n\u00famero cont\u00e1bil no Excel usando tr\u00eas m\u00e9todos","og_url":"https:\/\/exceladvisor.org\/pt\/formato-de-numero-contabil\/","og_site_name":"Excel Advisor","article_modified_time":"2023-12-06T11:37:13+00:00","og_image":[{"url":"https:\/\/exceladvisor.org\/wp-content\/uploads\/2023\/08\/1-comptabilite-vs-format-numerique-general-2.png","type":"","width":"","height":""}],"twitter_card":"summary_large_image","twitter_misc":{"Tempo estimado de leitura":"4 minutos"},"schema":{"@context":"https:\/\/schema.org","@graph":[{"@type":"WebPage","@id":"https:\/\/exceladvisor.org\/pt\/formato-de-numero-contabil\/","url":"https:\/\/exceladvisor.org\/pt\/formato-de-numero-contabil\/","name":"Como definir o formato do n\u00famero cont\u00e1bil no Excel?","isPartOf":{"@id":"https:\/\/exceladvisor.org\/pt\/#website"},"primaryImageOfPage":{"@id":"https:\/\/exceladvisor.org\/pt\/formato-de-numero-contabil\/#primaryimage"},"image":{"@id":"https:\/\/exceladvisor.org\/pt\/formato-de-numero-contabil\/#primaryimage"},"thumbnailUrl":"https:\/\/exceladvisor.org\/wp-content\/uploads\/2023\/08\/1-comptabilite-vs-format-numerique-general-2.png","datePublished":"2023-10-31T16:41:03+00:00","dateModified":"2023-12-06T11:37:13+00:00","description":"Neste tutorial, voc\u00ea aprender\u00e1 diferentes maneiras de aplicar o formato de n\u00famero cont\u00e1bil no Excel usando tr\u00eas m\u00e9todos","breadcrumb":{"@id":"https:\/\/exceladvisor.org\/pt\/formato-de-numero-contabil\/#breadcrumb"},"inLanguage":"pt-PT","potentialAction":[{"@type":"ReadAction","target":["https:\/\/exceladvisor.org\/pt\/formato-de-numero-contabil\/"]}]},{"@type":"ImageObject","inLanguage":"pt-PT","@id":"https:\/\/exceladvisor.org\/pt\/formato-de-numero-contabil\/#primaryimage","url":"https:\/\/exceladvisor.org\/wp-content\/uploads\/2023\/08\/1-comptabilite-vs-format-numerique-general-2.png","contentUrl":"https:\/\/exceladvisor.org\/wp-content\/uploads\/2023\/08\/1-comptabilite-vs-format-numerique-general-2.png"},{"@type":"BreadcrumbList","@id":"https:\/\/exceladvisor.org\/pt\/formato-de-numero-contabil\/#breadcrumb","itemListElement":[{"@type":"ListItem","position":1,"name":"Lar","item":"https:\/\/exceladvisor.org\/pt\/"},{"@type":"ListItem","position":2,"name":"Como definir o formato do n\u00famero cont\u00e1bil no excel?"}]},{"@type":"WebSite","@id":"https:\/\/exceladvisor.org\/pt\/#website","url":"https:\/\/exceladvisor.org\/pt\/","name":"Excel Advisor","description":"O seu guia definitivo para dominar os dados!","publisher":{"@id":"https:\/\/exceladvisor.org\/pt\/#organization"},"potentialAction":[{"@type":"SearchAction","target":{"@type":"EntryPoint","urlTemplate":"https:\/\/exceladvisor.org\/pt\/?s={search_term_string}"},"query-input":{"@type":"PropertyValueSpecification","valueRequired":true,"valueName":"search_term_string"}}],"inLanguage":"pt-PT"},{"@type":"Organization","@id":"https:\/\/exceladvisor.org\/pt\/#organization","name":"Excel Advisor","url":"https:\/\/exceladvisor.org\/pt\/","logo":{"@type":"ImageObject","inLanguage":"pt-PT","@id":"https:\/\/exceladvisor.org\/pt\/#\/schema\/logo\/image\/","url":"https:\/\/exceladvisor.org\/pt\/wp-content\/uploads\/2023\/12\/exceladvisor.org_.png","contentUrl":"https:\/\/exceladvisor.org\/pt\/wp-content\/uploads\/2023\/12\/exceladvisor.org_.png","width":105,"height":36,"caption":"Excel Advisor"},"image":{"@id":"https:\/\/exceladvisor.org\/pt\/#\/schema\/logo\/image\/"}}]}},"yoast_meta":{"yoast_wpseo_title":"","yoast_wpseo_metadesc":"","yoast_wpseo_canonical":""},"_links":{"self":[{"href":"https:\/\/exceladvisor.org\/pt\/wp-json\/wp\/v2\/pages\/372","targetHints":{"allow":["GET"]}}],"collection":[{"href":"https:\/\/exceladvisor.org\/pt\/wp-json\/wp\/v2\/pages"}],"about":[{"href":"https:\/\/exceladvisor.org\/pt\/wp-json\/wp\/v2\/types\/page"}],"author":[{"embeddable":true,"href":"https:\/\/exceladvisor.org\/pt\/wp-json\/wp\/v2\/users\/1"}],"replies":[{"embeddable":true,"href":"https:\/\/exceladvisor.org\/pt\/wp-json\/wp\/v2\/comments?post=372"}],"version-history":[{"count":1,"href":"https:\/\/exceladvisor.org\/pt\/wp-json\/wp\/v2\/pages\/372\/revisions"}],"predecessor-version":[{"id":1020,"href":"https:\/\/exceladvisor.org\/pt\/wp-json\/wp\/v2\/pages\/372\/revisions\/1020"}],"wp:attachment":[{"href":"https:\/\/exceladvisor.org\/pt\/wp-json\/wp\/v2\/media?parent=372"}],"curies":[{"name":"wp","href":"https:\/\/api.w.org\/{rel}","templated":true}]}}