{"id":373,"date":"2023-10-31T16:15:04","date_gmt":"2023-10-31T16:15:04","guid":{"rendered":"https:\/\/exceladvisor.org\/pt\/aplicar-estilo-de-virgula\/"},"modified":"2023-12-06T11:34:38","modified_gmt":"2023-12-06T11:34:38","slug":"aplicar-estilo-de-virgula","status":"publish","type":"page","link":"https:\/\/exceladvisor.org\/pt\/aplicar-estilo-de-virgula\/","title":{"rendered":"Como aplicar o estilo de v\u00edrgula no excel?"},"content":{"rendered":"<div class=\"excel-before-content-2\" id=\"excel-2648550211\"><script type=\"text\/javascript\">\r\n\tatOptions = {\r\n\t\t'key' : 'c1158f160081d6540a8409e6925dab94',\r\n\t\t'format' : 'iframe',\r\n\t\t'height' : 250,\r\n\t\t'width' : 300,\r\n\t\t'params' : {}\r\n\t};\r\n<\/script>\r\n<script type=\"text\/javascript\" src=\"\/\/www.highperformanceformat.com\/c1158f160081d6540a8409e6925dab94\/invoke.js\"><\/script><\/div><div class=\"excel-before-content\" id=\"excel-822833054\"><script type=\"text\/javascript\">\r\n\tatOptions = {\r\n\t\t'key' : 'c1158f160081d6540a8409e6925dab94',\r\n\t\t'format' : 'iframe',\r\n\t\t'height' : 250,\r\n\t\t'width' : 300,\r\n\t\t'params' : {}\r\n\t};\r\n<\/script>\r\n<script type=\"text\/javascript\" src=\"\/\/www.highperformanceformat.com\/c1158f160081d6540a8409e6925dab94\/invoke.js\"><\/script><\/div> <p>O estilo de v\u00edrgula no Excel tamb\u00e9m \u00e9 conhecido como formato separador de milhares, que converte grandes valores num\u00e9ricos com v\u00edrgulas inseridas como separadores para distinguir o comprimento do valor num\u00e9rico em milhares, centenas de milhares, milh\u00f5es, etc.<\/p><p> Quando o usu\u00e1rio aplica o formato de v\u00edrgula, ele tamb\u00e9m adiciona valores decimais aos n\u00fameros. Resumindo, funciona da mesma forma que um formato de sistema cont\u00e1bil, mas n\u00e3o adiciona nenhum s\u00edmbolo de moeda ao n\u00famero que o formato do sistema cont\u00e1bil faz.<\/p><p> O separador de estilo v\u00edrgula pode mostrar valores num\u00e9ricos separados em formatos de lakhs ou milh\u00f5es, dependendo da regi\u00e3o e do formato de moeda padr\u00e3o selecionado em seu sistema, mas voc\u00ea pode alter\u00e1-lo de lakhs para milh\u00f5es e vice-versa.<\/p><p> Assim como a \u00cdndia segue o sistema de contabilidade de valores num\u00e9ricos em lakhs e os EUA seguem em milh\u00f5es. Temos etapas r\u00e1pidas e f\u00e1ceis mencionadas abaixo para voc\u00ea aplicar o estilo de v\u00edrgula no Excel.<\/p><h2 class=\"wp-block-heading\"> Aplicar estilo de v\u00edrgula usando a guia In\u00edcio<\/h2><ol><li> Primeiro, selecione as c\u00e9lulas ou intervalo de c\u00e9lulas ou coluna inteira onde aplicar o estilo de v\u00edrgula. <br><img loading=\"lazy\" decoding=\"async\" title=\"1 intervalo de c\u00e9lulas de sele\u00e7\u00e3o\" src=\"https:\/\/exceladvisor.org\/wp-content\/uploads\/2023\/08\/1-selectionner-la-plage-de-cellules.png\" sizes=\"auto, \" srcset=\"\" alt=\"select-the-cells-range\" width=\"351\" height=\"281\"><\/li><li> Depois disso, v\u00e1 para a guia \u201cHome\u201d e clique no \u00edcone de v\u00edrgula (,) no grupo \u201cN\u00famero\u201d na faixa de op\u00e7\u00f5es. <br><img loading=\"lazy\" decoding=\"async\" title=\"N\u00famero de subgrupo de \u00edcone de 2 v\u00edrgulas\" src=\"https:\/\/exceladvisor.org\/wp-content\/uploads\/2023\/08\/2-icone-virgule-sous-le-groupe-de-numeros.png\" sizes=\"auto, \" srcset=\"\" alt=\"comma-icon-under-number-group\" width=\"690\" height=\"123\"><\/li><li> Depois de clicar no \u00edcone de v\u00edrgula (,), o intervalo selecionado ser\u00e1 aplicado com separadores de v\u00edrgula nos valores num\u00e9ricos. <br><img loading=\"lazy\" decoding=\"async\" title=\"Separadores de 3 intervalos com v\u00edrgula\" src=\"https:\/\/exceladvisor.org\/wp-content\/uploads\/2023\/08\/3-plages-avec-separateurs-virgule.png\" sizes=\"auto, \" srcset=\"\" alt=\"range-with-comma-seperators\" width=\"368\" height=\"276\"><\/li><\/ol><p> Para aumentar ou remover valores decimais de n\u00fameros, basta selecionar o intervalo e clicar no \u00edcone \u201cAumentar ou Diminuir Valor Decimal\u201d no mesmo grupo \u201cN\u00famero\u201d na faixa de op\u00e7\u00f5es. <\/p><div class=\"wp-block-image\"><figure class=\"aligncenter size-full is-resized\"><img loading=\"lazy\" decoding=\"async\" class=\"wp-image-66737\" src=\"https:\/\/exceladvisor.org\/wp-content\/uploads\/2023\/08\/4-augmenter-diminuer-les-valeurs-decimales.png\" sizes=\"auto, \" srcset=\"\" alt=\"aumentar-diminuir-valores decimais\" width=\"317\" height=\"370\"><\/figure><\/div><h2 class=\"wp-block-heading\"> Aplicar estilo de v\u00edrgula usando a op\u00e7\u00e3o Formatar c\u00e9lulas<\/h2><ol><li> Primeiro, selecione as c\u00e9lulas ou intervalo de c\u00e9lulas ou coluna inteira onde aplicar o estilo de v\u00edrgula.<\/li><li> Depois disso, clique com o bot\u00e3o direito do mouse e selecione a op\u00e7\u00e3o \u201cFormatar c\u00e9lulas\u201d na lista suspensa. <br><img loading=\"lazy\" decoding=\"async\" title=\"Op\u00e7\u00f5es de formato de 5 c\u00e9lulas\" src=\"https:\/\/exceladvisor.org\/wp-content\/uploads\/2023\/08\/5-options-de-format-de-cellule.png\" sizes=\"auto, \" srcset=\"\" alt=\"format-cells-options\" width=\"450\" height=\"419\"><\/li><li> Depois de clicar em \u201cFormatar c\u00e9lulas\u201d, a caixa de di\u00e1logo \u201cFormatar c\u00e9lulas\u201d \u00e9 aberta.<\/li><li> Agora, na guia \u201cN\u00famero\u201d, selecione a op\u00e7\u00e3o \u201cN\u00famero\u201d e marque a caixa \u201cUsar separador de 1000\u201d.<\/li><li> Ao final, clique em OK e o intervalo selecionado ser\u00e1 aplicado com separadores de v\u00edrgula nos valores num\u00e9ricos.<\/li><li> Para remover valores decimais, insira zero (0) no campo \u201cCasas decimais\u201d. <br><img loading=\"lazy\" decoding=\"async\" title=\"Caixa de di\u00e1logo de 6 c\u00e9lulas de formato\" src=\"https:\/\/exceladvisor.org\/wp-content\/uploads\/2023\/08\/Boite-de-dialogue-6-cellules-de-format.png\" sizes=\"auto, \" srcset=\"\" alt=\"format-cells-dialog-box\" width=\"498\" height=\"459\"><\/li><\/ol><h2 class=\"wp-block-heading\"> Altere os separadores de estilo de v\u00edrgula do formato Lakhs para o formato Million<\/h2><p> \u00c0s vezes, os separadores de v\u00edrgula exibem valores num\u00e9ricos separados em lakhs devido \u00e0 regi\u00e3o padr\u00e3o do seu sistema e ao formato de moeda, mas voc\u00ea pode alterar o formato de moeda para o formato de milh\u00f5es seguindo as etapas abaixo:<\/p><ol><li> Primeiro, v\u00e1 ao \u201cPainel de Controle\u201d do seu sistema e clique no link \u201cAlterar data, hora ou formatos de n\u00famero\u201d na op\u00e7\u00e3o \u201cRel\u00f3gio e Regi\u00e3o\u201d ou \u201cRegi\u00e3o e Idioma\u201d. <em>(Os nomes das op\u00e7\u00f5es podem ser diferentes dependendo da vers\u00e3o do Windows) <br><img loading=\"lazy\" decoding=\"async\" title=\"Formato de n\u00famero de 7 altera\u00e7\u00f5es\" src=\"https:\/\/exceladvisor.org\/wp-content\/uploads\/2023\/08\/7-changer-le-format-des-nombres.png\" sizes=\"auto, \" srcset=\"\" alt=\"change-number-format\" width=\"631\" height=\"312\"><\/em><\/li><li> Depois disso, clique em \u201cConfigura\u00e7\u00f5es adicionais\u201d na caixa de di\u00e1logo \u201cRegi\u00e3o\u201d. <br><img loading=\"lazy\" decoding=\"async\" title=\"8 configura\u00e7\u00f5es adicionais na caixa de di\u00e1logo regional\" src=\"https:\/\/exceladvisor.org\/wp-content\/uploads\/2023\/08\/8-parametres-supplementaires-dans-la-boite-de-dialogue-regionale.png\" sizes=\"auto, \" srcset=\"\" alt=\"additional-settings-within-regional-dialog-box\" width=\"369\" height=\"474\"><\/li><li> Depois de clicar em \u201cConfigura\u00e7\u00f5es adicionais\u201d, a caixa de di\u00e1logo \u201cPersonalizar formato\u201d \u00e9 aberta.<\/li><li> Agora, selecione o t\u00edtulo \u201cMoeda\u201d e, em seguida, selecione o formato de estilo separador de milh\u00f5es de v\u00edrgulas no agrupamento de n\u00fameros.<\/li><li> No final, clique em Aplicar e depois em OK na caixa de di\u00e1logo \u201cPersonalizar formato\u201d e depois na caixa de di\u00e1logo \u201cRegi\u00e3o\u201d. <br><img loading=\"lazy\" decoding=\"async\" title=\"9-caixa de di\u00e1logo de formato personalizado\" src=\"https:\/\/exceladvisor.org\/wp-content\/uploads\/2023\/08\/9-personnaliser-la-boite-de-dialogue-du-format.png\" sizes=\"auto, \" srcset=\"\" alt=\"customize-format-dialog-box\" width=\"406\" height=\"575\"><\/li><li> Quando terminar, feche e abra o arquivo Excel novamente e aplique o estilo de v\u00edrgula e voc\u00ea obter\u00e1 que o intervalo selecionado ser\u00e1 aplicado com separadores de v\u00edrgula em milhares, centenas de milhares e milh\u00f5es aos valores num\u00e9ricos. <br><img loading=\"lazy\" decoding=\"async\" title=\"Estilo de 10 v\u00edrgulas em formato de milh\u00e3o\" src=\"https:\/\/exceladvisor.org\/wp-content\/uploads\/2023\/08\/Style-de-10-virgules-au-format-million.png\" sizes=\"auto, \" srcset=\"\" alt=\"comma-style-in-million-format\" width=\"401\" height=\"308\"><\/li><\/ol><h2 class=\"wp-block-heading\"> Aplicar estilo de v\u00edrgula usando atalho de teclado<\/h2><p> Selecione toda a coluna ou intervalo onde aplicar o estilo de v\u00edrgula e pressione as teclas <kbd>Alt<\/kbd> + <kbd>H<\/kbd> + <kbd>K<\/kbd> e voc\u00ea ter\u00e1 o intervalo selecionado aplicado com separadores de v\u00edrgula. <\/p><div class=\"wp-block-image\"><figure class=\"aligncenter size-full is-resized\"><img loading=\"lazy\" decoding=\"async\" class=\"wp-image-66744\" src=\"https:\/\/exceladvisor.org\/wp-content\/uploads\/2023\/08\/11-raccourci-vers-le-style-virgule.png\" sizes=\"auto, \" srcset=\"\" alt=\"atalho para estilo de v\u00edrgula\" width=\"714\" height=\"167\"><\/figure><\/div><div class=\"gb-container gb-container-4db6181c gb-container-mt\"> <a class=\"gb-button gb-button-c5897111 gb-button-text gb-button-mt-button\" href=\"https:\/\/exceladvisor.org\/pt\/nocoes-basicas-de-excel\/\">No\u00e7\u00f5es b\u00e1sicas do Microsoft Excel (componentes, pe\u00e7as e notas de conhecimento)<\/a><h2 class=\"gb-headline gb-headline-665e5f6b gb-headline-text gb-headline-mt-heading\"> Tutoriais relacionados <\/h2><div class=\"gb-grid-wrapper gb-grid-wrapper-a20baf7c gb-grid-wrapper-mt-grid\"><div class=\"gb-grid-column gb-grid-column-65ddf67e\"><div class=\"gb-container gb-container-65ddf67e\"><ul><li> <a href=\"https:\/\/exceladvisor.org\/pt\/adicione-um-numero-de-pagina\/\">Adicione um n\u00famero de p\u00e1gina no Excel<\/a><\/li><li> <a href=\"https:\/\/exceladvisor.org\/pt\/haste\/\">Aplicar tachado no Excel<\/a><\/li><li> <a href=\"https:\/\/exceladvisor.org\/pt\/destacar-celulas-vazias\/\">Destacar c\u00e9lulas vazias no Excel<\/a><\/li><li> <a href=\"https:\/\/exceladvisor.org\/pt\/simbolo-pi\/\">Insira o s\u00edmbolo PI (\u03c0) no Excel<\/a> <\/li><\/ul><\/div><\/div><div class=\"gb-grid-column gb-grid-column-50067b57\"><div class=\"gb-container gb-container-50067b57\"><\/div><\/div><\/div><\/div>","protected":false},"excerpt":{"rendered":"","protected":false},"author":1,"featured_media":0,"parent":0,"menu_order":0,"comment_status":"open","ping_status":"closed","template":"","meta":{"ub_ctt_via":"","footnotes":""},"class_list":["post-373","page","type-page","status-publish","hentry"],"featured_image_src":null,"yoast_head":"<!-- This site is optimized with the Yoast SEO plugin v25.4 - https:\/\/yoast.com\/wordpress\/plugins\/seo\/ -->\n<title>Como aplicar o estilo de v\u00edrgula no Excel? (Tutorial 2023)<\/title>\n<meta name=\"description\" content=\"Neste tutorial, voc\u00ea aprender\u00e1 diferentes maneiras de aplicar o estilo de v\u00edrgula no Excel usando quatro m\u00e9todos f\u00e1ceis de usar.\" \/>\n<meta name=\"robots\" content=\"index, follow, max-snippet:-1, max-image-preview:large, max-video-preview:-1\" \/>\n<link rel=\"canonical\" href=\"https:\/\/exceladvisor.org\/pt\/aplicar-estilo-de-virgula\/\" \/>\n<meta property=\"og:locale\" content=\"pt_PT\" \/>\n<meta property=\"og:type\" content=\"article\" \/>\n<meta property=\"og:title\" content=\"Como aplicar o estilo de v\u00edrgula no Excel? (Tutorial 2023)\" \/>\n<meta property=\"og:description\" content=\"Neste tutorial, voc\u00ea aprender\u00e1 diferentes maneiras de aplicar o estilo de v\u00edrgula no Excel usando quatro m\u00e9todos f\u00e1ceis de usar.\" \/>\n<meta property=\"og:url\" content=\"https:\/\/exceladvisor.org\/pt\/aplicar-estilo-de-virgula\/\" \/>\n<meta property=\"og:site_name\" content=\"Excel Advisor\" \/>\n<meta property=\"article:modified_time\" content=\"2023-12-06T11:34:38+00:00\" \/>\n<meta property=\"og:image\" content=\"https:\/\/exceladvisor.org\/wp-content\/uploads\/2023\/08\/1-selectionner-la-plage-de-cellules.png\" \/>\n<meta name=\"twitter:card\" content=\"summary_large_image\" \/>\n<meta name=\"twitter:label1\" content=\"Tempo estimado de leitura\" \/>\n\t<meta name=\"twitter:data1\" content=\"4 minutos\" \/>\n<script type=\"application\/ld+json\" class=\"yoast-schema-graph\">{\"@context\":\"https:\/\/schema.org\",\"@graph\":[{\"@type\":\"WebPage\",\"@id\":\"https:\/\/exceladvisor.org\/pt\/aplicar-estilo-de-virgula\/\",\"url\":\"https:\/\/exceladvisor.org\/pt\/aplicar-estilo-de-virgula\/\",\"name\":\"Como aplicar o estilo de v\u00edrgula no Excel? (Tutorial 2023)\",\"isPartOf\":{\"@id\":\"https:\/\/exceladvisor.org\/pt\/#website\"},\"primaryImageOfPage\":{\"@id\":\"https:\/\/exceladvisor.org\/pt\/aplicar-estilo-de-virgula\/#primaryimage\"},\"image\":{\"@id\":\"https:\/\/exceladvisor.org\/pt\/aplicar-estilo-de-virgula\/#primaryimage\"},\"thumbnailUrl\":\"https:\/\/exceladvisor.org\/wp-content\/uploads\/2023\/08\/1-selectionner-la-plage-de-cellules.png\",\"datePublished\":\"2023-10-31T16:15:04+00:00\",\"dateModified\":\"2023-12-06T11:34:38+00:00\",\"description\":\"Neste tutorial, voc\u00ea aprender\u00e1 diferentes maneiras de aplicar o estilo de v\u00edrgula no Excel usando quatro m\u00e9todos f\u00e1ceis de usar.\",\"breadcrumb\":{\"@id\":\"https:\/\/exceladvisor.org\/pt\/aplicar-estilo-de-virgula\/#breadcrumb\"},\"inLanguage\":\"pt-PT\",\"potentialAction\":[{\"@type\":\"ReadAction\",\"target\":[\"https:\/\/exceladvisor.org\/pt\/aplicar-estilo-de-virgula\/\"]}]},{\"@type\":\"ImageObject\",\"inLanguage\":\"pt-PT\",\"@id\":\"https:\/\/exceladvisor.org\/pt\/aplicar-estilo-de-virgula\/#primaryimage\",\"url\":\"https:\/\/exceladvisor.org\/wp-content\/uploads\/2023\/08\/1-selectionner-la-plage-de-cellules.png\",\"contentUrl\":\"https:\/\/exceladvisor.org\/wp-content\/uploads\/2023\/08\/1-selectionner-la-plage-de-cellules.png\"},{\"@type\":\"BreadcrumbList\",\"@id\":\"https:\/\/exceladvisor.org\/pt\/aplicar-estilo-de-virgula\/#breadcrumb\",\"itemListElement\":[{\"@type\":\"ListItem\",\"position\":1,\"name\":\"Lar\",\"item\":\"https:\/\/exceladvisor.org\/pt\/\"},{\"@type\":\"ListItem\",\"position\":2,\"name\":\"Como aplicar o estilo de v\u00edrgula no excel?\"}]},{\"@type\":\"WebSite\",\"@id\":\"https:\/\/exceladvisor.org\/pt\/#website\",\"url\":\"https:\/\/exceladvisor.org\/pt\/\",\"name\":\"Excel Advisor\",\"description\":\"O seu guia definitivo para dominar os dados!\",\"publisher\":{\"@id\":\"https:\/\/exceladvisor.org\/pt\/#organization\"},\"potentialAction\":[{\"@type\":\"SearchAction\",\"target\":{\"@type\":\"EntryPoint\",\"urlTemplate\":\"https:\/\/exceladvisor.org\/pt\/?s={search_term_string}\"},\"query-input\":{\"@type\":\"PropertyValueSpecification\",\"valueRequired\":true,\"valueName\":\"search_term_string\"}}],\"inLanguage\":\"pt-PT\"},{\"@type\":\"Organization\",\"@id\":\"https:\/\/exceladvisor.org\/pt\/#organization\",\"name\":\"Excel Advisor\",\"url\":\"https:\/\/exceladvisor.org\/pt\/\",\"logo\":{\"@type\":\"ImageObject\",\"inLanguage\":\"pt-PT\",\"@id\":\"https:\/\/exceladvisor.org\/pt\/#\/schema\/logo\/image\/\",\"url\":\"https:\/\/exceladvisor.org\/pt\/wp-content\/uploads\/2023\/12\/exceladvisor.org_.png\",\"contentUrl\":\"https:\/\/exceladvisor.org\/pt\/wp-content\/uploads\/2023\/12\/exceladvisor.org_.png\",\"width\":105,\"height\":36,\"caption\":\"Excel Advisor\"},\"image\":{\"@id\":\"https:\/\/exceladvisor.org\/pt\/#\/schema\/logo\/image\/\"}}]}<\/script>\n<!-- \/ Yoast SEO plugin. -->","yoast_head_json":{"title":"Como aplicar o estilo de v\u00edrgula no Excel? (Tutorial 2023)","description":"Neste tutorial, voc\u00ea aprender\u00e1 diferentes maneiras de aplicar o estilo de v\u00edrgula no Excel usando quatro m\u00e9todos f\u00e1ceis de usar.","robots":{"index":"index","follow":"follow","max-snippet":"max-snippet:-1","max-image-preview":"max-image-preview:large","max-video-preview":"max-video-preview:-1"},"canonical":"https:\/\/exceladvisor.org\/pt\/aplicar-estilo-de-virgula\/","og_locale":"pt_PT","og_type":"article","og_title":"Como aplicar o estilo de v\u00edrgula no Excel? (Tutorial 2023)","og_description":"Neste tutorial, voc\u00ea aprender\u00e1 diferentes maneiras de aplicar o estilo de v\u00edrgula no Excel usando quatro m\u00e9todos f\u00e1ceis de usar.","og_url":"https:\/\/exceladvisor.org\/pt\/aplicar-estilo-de-virgula\/","og_site_name":"Excel Advisor","article_modified_time":"2023-12-06T11:34:38+00:00","og_image":[{"url":"https:\/\/exceladvisor.org\/wp-content\/uploads\/2023\/08\/1-selectionner-la-plage-de-cellules.png","type":"","width":"","height":""}],"twitter_card":"summary_large_image","twitter_misc":{"Tempo estimado de leitura":"4 minutos"},"schema":{"@context":"https:\/\/schema.org","@graph":[{"@type":"WebPage","@id":"https:\/\/exceladvisor.org\/pt\/aplicar-estilo-de-virgula\/","url":"https:\/\/exceladvisor.org\/pt\/aplicar-estilo-de-virgula\/","name":"Como aplicar o estilo de v\u00edrgula no Excel? (Tutorial 2023)","isPartOf":{"@id":"https:\/\/exceladvisor.org\/pt\/#website"},"primaryImageOfPage":{"@id":"https:\/\/exceladvisor.org\/pt\/aplicar-estilo-de-virgula\/#primaryimage"},"image":{"@id":"https:\/\/exceladvisor.org\/pt\/aplicar-estilo-de-virgula\/#primaryimage"},"thumbnailUrl":"https:\/\/exceladvisor.org\/wp-content\/uploads\/2023\/08\/1-selectionner-la-plage-de-cellules.png","datePublished":"2023-10-31T16:15:04+00:00","dateModified":"2023-12-06T11:34:38+00:00","description":"Neste tutorial, voc\u00ea aprender\u00e1 diferentes maneiras de aplicar o estilo de v\u00edrgula no Excel usando quatro m\u00e9todos f\u00e1ceis de usar.","breadcrumb":{"@id":"https:\/\/exceladvisor.org\/pt\/aplicar-estilo-de-virgula\/#breadcrumb"},"inLanguage":"pt-PT","potentialAction":[{"@type":"ReadAction","target":["https:\/\/exceladvisor.org\/pt\/aplicar-estilo-de-virgula\/"]}]},{"@type":"ImageObject","inLanguage":"pt-PT","@id":"https:\/\/exceladvisor.org\/pt\/aplicar-estilo-de-virgula\/#primaryimage","url":"https:\/\/exceladvisor.org\/wp-content\/uploads\/2023\/08\/1-selectionner-la-plage-de-cellules.png","contentUrl":"https:\/\/exceladvisor.org\/wp-content\/uploads\/2023\/08\/1-selectionner-la-plage-de-cellules.png"},{"@type":"BreadcrumbList","@id":"https:\/\/exceladvisor.org\/pt\/aplicar-estilo-de-virgula\/#breadcrumb","itemListElement":[{"@type":"ListItem","position":1,"name":"Lar","item":"https:\/\/exceladvisor.org\/pt\/"},{"@type":"ListItem","position":2,"name":"Como aplicar o estilo de v\u00edrgula no excel?"}]},{"@type":"WebSite","@id":"https:\/\/exceladvisor.org\/pt\/#website","url":"https:\/\/exceladvisor.org\/pt\/","name":"Excel Advisor","description":"O seu guia definitivo para dominar os dados!","publisher":{"@id":"https:\/\/exceladvisor.org\/pt\/#organization"},"potentialAction":[{"@type":"SearchAction","target":{"@type":"EntryPoint","urlTemplate":"https:\/\/exceladvisor.org\/pt\/?s={search_term_string}"},"query-input":{"@type":"PropertyValueSpecification","valueRequired":true,"valueName":"search_term_string"}}],"inLanguage":"pt-PT"},{"@type":"Organization","@id":"https:\/\/exceladvisor.org\/pt\/#organization","name":"Excel Advisor","url":"https:\/\/exceladvisor.org\/pt\/","logo":{"@type":"ImageObject","inLanguage":"pt-PT","@id":"https:\/\/exceladvisor.org\/pt\/#\/schema\/logo\/image\/","url":"https:\/\/exceladvisor.org\/pt\/wp-content\/uploads\/2023\/12\/exceladvisor.org_.png","contentUrl":"https:\/\/exceladvisor.org\/pt\/wp-content\/uploads\/2023\/12\/exceladvisor.org_.png","width":105,"height":36,"caption":"Excel Advisor"},"image":{"@id":"https:\/\/exceladvisor.org\/pt\/#\/schema\/logo\/image\/"}}]}},"yoast_meta":{"yoast_wpseo_title":"","yoast_wpseo_metadesc":"","yoast_wpseo_canonical":""},"_links":{"self":[{"href":"https:\/\/exceladvisor.org\/pt\/wp-json\/wp\/v2\/pages\/373","targetHints":{"allow":["GET"]}}],"collection":[{"href":"https:\/\/exceladvisor.org\/pt\/wp-json\/wp\/v2\/pages"}],"about":[{"href":"https:\/\/exceladvisor.org\/pt\/wp-json\/wp\/v2\/types\/page"}],"author":[{"embeddable":true,"href":"https:\/\/exceladvisor.org\/pt\/wp-json\/wp\/v2\/users\/1"}],"replies":[{"embeddable":true,"href":"https:\/\/exceladvisor.org\/pt\/wp-json\/wp\/v2\/comments?post=373"}],"version-history":[{"count":1,"href":"https:\/\/exceladvisor.org\/pt\/wp-json\/wp\/v2\/pages\/373\/revisions"}],"predecessor-version":[{"id":842,"href":"https:\/\/exceladvisor.org\/pt\/wp-json\/wp\/v2\/pages\/373\/revisions\/842"}],"wp:attachment":[{"href":"https:\/\/exceladvisor.org\/pt\/wp-json\/wp\/v2\/media?parent=373"}],"curies":[{"name":"wp","href":"https:\/\/api.w.org\/{rel}","templated":true}]}}