{"id":374,"date":"2023-10-31T16:00:11","date_gmt":"2023-10-31T16:00:11","guid":{"rendered":"https:\/\/exceladvisor.org\/pt\/quebra-de-linha\/"},"modified":"2023-12-06T11:34:17","modified_gmt":"2023-12-06T11:34:17","slug":"quebra-de-linha","status":"publish","type":"page","link":"https:\/\/exceladvisor.org\/pt\/quebra-de-linha\/","title":{"rendered":"Como adicionar uma quebra de linha no c\u00f3digo vba?"},"content":{"rendered":"<div class=\"excel-before-content-2\" id=\"excel-1167590602\"><script type=\"text\/javascript\">\r\n\tatOptions = {\r\n\t\t'key' : 'c1158f160081d6540a8409e6925dab94',\r\n\t\t'format' : 'iframe',\r\n\t\t'height' : 250,\r\n\t\t'width' : 300,\r\n\t\t'params' : {}\r\n\t};\r\n<\/script>\r\n<script type=\"text\/javascript\" src=\"\/\/www.highperformanceformat.com\/c1158f160081d6540a8409e6925dab94\/invoke.js\"><\/script><\/div><div class=\"excel-before-content\" id=\"excel-2807401015\"><script type=\"text\/javascript\">\r\n\tatOptions = {\r\n\t\t'key' : 'c1158f160081d6540a8409e6925dab94',\r\n\t\t'format' : 'iframe',\r\n\t\t'height' : 250,\r\n\t\t'width' : 300,\r\n\t\t'params' : {}\r\n\t};\r\n<\/script>\r\n<script type=\"text\/javascript\" src=\"\/\/www.highperformanceformat.com\/c1158f160081d6540a8409e6925dab94\/invoke.js\"><\/script><\/div> <p>Ao escrever c\u00f3digos VBA, voc\u00ea pode enfrentar uma situa\u00e7\u00e3o em que tem uma longa linha de c\u00f3digo, o que dificulta a leitura de todos. Nesse caso, a melhor forma \u00e9 utilizar o <strong>caractere de quebra de linha do VBA<\/strong> , que voc\u00ea tem no exemplo abaixo. <\/p><div class=\"wp-block-image\"><figure class=\"aligncenter size-large is-resized\"><img loading=\"lazy\" decoding=\"async\" class=\"wp-image-51730\" src=\"https:\/\/exceladvisor.org\/wp-content\/uploads\/2023\/08\/1-caractere-de-saut-de-ligne-vba.png\" sizes=\"auto, \" srcset=\"\" alt=\"caractere de nova linha vba\" width=\"695\" height=\"298\"><\/figure><\/div><p> Na primeira macro voc\u00ea tem apenas uma linha longa, mas na segunda macro essa mesma linha \u00e9 dividida em tr\u00eas linhas com caracteres de continua\u00e7\u00e3o de linha.<\/p><p> Agora, se voc\u00ea olhar com aten\u00e7\u00e3o, as duas primeiras linhas t\u00eam um sublinhado no final.<\/p><p> Se quiser dividir uma linha em duas ou mais, voc\u00ea deve <strong>digitar um espa\u00e7o seguido de um sublinhado<\/strong> . <\/p><div class=\"wp-block-image\"><figure class=\"aligncenter size-large is-resized\"><img loading=\"lazy\" decoding=\"async\" class=\"wp-image-51731\" src=\"https:\/\/exceladvisor.org\/wp-content\/uploads\/2023\/08\/2-utiliser-un-trait-de-soulignement.png\" sizes=\"auto, \" srcset=\"\" alt=\"use um sublinhado\" width=\"414\" height=\"91\"><\/figure><\/div><p> Um dos benef\u00edcios mais importantes de usar uma quebra de linha \u00e9 a cria\u00e7\u00e3o de c\u00f3digo estruturado e f\u00e1cil de ler.<\/p><h2 class=\"wp-block-heading\"> Quebra de linha no c\u00f3digo VBA<\/h2><p> Para inserir uma quebra de linha VBA, voc\u00ea pode seguir as etapas a seguir.<\/p><ol type=\"1\"><li> Primeiro, clique no caractere do qual deseja cortar a linha.<\/li><li> <strong>Em seguida, digite um espa\u00e7o<\/strong> ( ).<\/li><li> Depois disso, <strong>digite um sublinhado<\/strong> (_).<\/li><li> No final, <strong>pressione Enter<\/strong> para cortar a linha.<\/li><\/ol><p> Mas h\u00e1 uma coisa que voc\u00ea precisa cuidar; voc\u00ea n\u00e3o pode adicionar uma nova linha no meio do argumento. <\/p><div class=\"wp-block-image\"><figure class=\"aligncenter size-large is-resized\"><img loading=\"lazy\" decoding=\"async\" class=\"wp-image-51732\" src=\"https:\/\/exceladvisor.org\/wp-content\/uploads\/2023\/08\/3-etapes-de-saut-de-ligne-vba.png\" sizes=\"auto, \" srcset=\"\" alt=\"etapas de quebra de linha vba\" width=\"334\" height=\"109\"><\/figure><\/div><h2 class=\"wp-block-heading\"> V\u00e1rias linhas de c\u00f3digo em uma \u00fanica linha<\/h2><p> O VBA tamb\u00e9m permite escrever v\u00e1rias linhas de c\u00f3digo na mesma linha. Suponha abaixo que voc\u00ea deseja combinar duas linhas de c\u00f3digo em uma \u00fanica linha. Voc\u00ea pode usar dois pontos (:) para isso. <\/p><div class=\"wp-block-image\"><figure class=\"aligncenter size-large is-resized\"><img loading=\"lazy\" decoding=\"async\" class=\"wp-image-51733\" src=\"https:\/\/exceladvisor.org\/wp-content\/uploads\/2023\/08\/4-lignes-de-code-multiples.png\" sizes=\"auto, \" srcset=\"\" alt=\"v\u00e1rias linhas de c\u00f3digo\" width=\"372\" height=\"189\"><\/figure><\/div><p> Ent\u00e3o ser\u00e1: <\/p><div class=\"wp-block-image\"><figure class=\"aligncenter size-large is-resized\"><img loading=\"lazy\" decoding=\"async\" class=\"wp-image-51734\" src=\"https:\/\/exceladvisor.org\/wp-content\/uploads\/2023\/08\/5-utiliser-un-colon.png\" sizes=\"auto, \" srcset=\"\" alt=\"use dois pontos\" width=\"440\" height=\"149\"><\/figure><\/div><div class=\"gb-container gb-container-4db6181c gb-container-mt\"> <a class=\"gb-button gb-button-c5897111 gb-button-text gb-button-mt-button\" href=\"https:\/\/exceladvisor.org\/pt\/vba\/\">O que \u00e9 VBA<\/a><h2 class=\"gb-headline gb-headline-665e5f6b gb-headline-text gb-headline-mt-heading\"> Tutoriais relacionados <\/h2><div class=\"gb-grid-wrapper gb-grid-wrapper-a20baf7c gb-grid-wrapper-mt-grid\"><div class=\"gb-grid-column gb-grid-column-65ddf67e\"><div class=\"gb-container gb-container-65ddf67e\"><ul><li> <a href=\"https:\/\/exceladvisor.org\/pt\/questoes-de-entrevista\/\">Perguntas da entrevista VBA<\/a><\/li><li> <a href=\"https:\/\/exceladvisor.org\/pt\/comente\/\">Adicione um coment\u00e1rio no c\u00f3digo VBA<\/a><\/li><li> <a href=\"https:\/\/exceladvisor.org\/pt\/nova-linha\/\">Adicione uma nova linha (retorno de carro) em uma string no VBA<\/a><\/li><li> <a href=\"https:\/\/exceladvisor.org\/pt\/executar-uma-macro-2\/\">Execute uma macro no Excel (execute c\u00f3digo VBA)<\/a><\/li><li> <a href=\"https:\/\/exceladvisor.org\/pt\/caderno-macro-pessoal\/\">Pasta de trabalho pessoal de macros (personal.xlsb)<\/a> <\/li><\/ul><\/div><\/div><div class=\"gb-grid-column gb-grid-column-50067b57\"><div class=\"gb-container gb-container-50067b57\"><\/div><\/div><\/div><\/div>","protected":false},"excerpt":{"rendered":"","protected":false},"author":1,"featured_media":0,"parent":0,"menu_order":0,"comment_status":"open","ping_status":"closed","template":"","meta":{"ub_ctt_via":"","footnotes":""},"class_list":["post-374","page","type-page","status-publish","hentry"],"featured_image_src":null,"yoast_head":"<!-- This site is optimized with the Yoast SEO plugin v25.4 - https:\/\/yoast.com\/wordpress\/plugins\/seo\/ -->\n<title>\u25b7 Como adicionar uma quebra de linha no c\u00f3digo VBA?<\/title>\n<meta name=\"description\" content=\"Este tutorial apresenta uma maneira simples de adicionar uma nova linha em uma linha de c\u00f3digo e tamb\u00e9m mostra uma maneira de escrever v\u00e1rios\" \/>\n<meta name=\"robots\" content=\"index, follow, max-snippet:-1, max-image-preview:large, max-video-preview:-1\" \/>\n<link rel=\"canonical\" href=\"https:\/\/exceladvisor.org\/pt\/quebra-de-linha\/\" \/>\n<meta property=\"og:locale\" content=\"pt_PT\" \/>\n<meta property=\"og:type\" content=\"article\" \/>\n<meta property=\"og:title\" content=\"\u25b7 Como adicionar uma quebra de linha no c\u00f3digo VBA?\" \/>\n<meta property=\"og:description\" content=\"Este tutorial apresenta uma maneira simples de adicionar uma nova linha em uma linha de c\u00f3digo e tamb\u00e9m mostra uma maneira de escrever v\u00e1rios\" \/>\n<meta property=\"og:url\" content=\"https:\/\/exceladvisor.org\/pt\/quebra-de-linha\/\" \/>\n<meta property=\"og:site_name\" content=\"Excel Advisor\" \/>\n<meta property=\"article:modified_time\" content=\"2023-12-06T11:34:17+00:00\" \/>\n<meta property=\"og:image\" content=\"https:\/\/exceladvisor.org\/wp-content\/uploads\/2023\/08\/1-caractere-de-saut-de-ligne-vba.png\" \/>\n<meta name=\"twitter:card\" content=\"summary_large_image\" \/>\n<meta name=\"twitter:label1\" content=\"Tempo estimado de leitura\" \/>\n\t<meta name=\"twitter:data1\" content=\"2 minutos\" \/>\n<script type=\"application\/ld+json\" class=\"yoast-schema-graph\">{\"@context\":\"https:\/\/schema.org\",\"@graph\":[{\"@type\":\"WebPage\",\"@id\":\"https:\/\/exceladvisor.org\/pt\/quebra-de-linha\/\",\"url\":\"https:\/\/exceladvisor.org\/pt\/quebra-de-linha\/\",\"name\":\"\u25b7 Como adicionar uma quebra de linha no c\u00f3digo VBA?\",\"isPartOf\":{\"@id\":\"https:\/\/exceladvisor.org\/pt\/#website\"},\"primaryImageOfPage\":{\"@id\":\"https:\/\/exceladvisor.org\/pt\/quebra-de-linha\/#primaryimage\"},\"image\":{\"@id\":\"https:\/\/exceladvisor.org\/pt\/quebra-de-linha\/#primaryimage\"},\"thumbnailUrl\":\"https:\/\/exceladvisor.org\/wp-content\/uploads\/2023\/08\/1-caractere-de-saut-de-ligne-vba.png\",\"datePublished\":\"2023-10-31T16:00:11+00:00\",\"dateModified\":\"2023-12-06T11:34:17+00:00\",\"description\":\"Este tutorial apresenta uma maneira simples de adicionar uma nova linha em uma linha de c\u00f3digo e tamb\u00e9m mostra uma maneira de escrever v\u00e1rios\",\"breadcrumb\":{\"@id\":\"https:\/\/exceladvisor.org\/pt\/quebra-de-linha\/#breadcrumb\"},\"inLanguage\":\"pt-PT\",\"potentialAction\":[{\"@type\":\"ReadAction\",\"target\":[\"https:\/\/exceladvisor.org\/pt\/quebra-de-linha\/\"]}]},{\"@type\":\"ImageObject\",\"inLanguage\":\"pt-PT\",\"@id\":\"https:\/\/exceladvisor.org\/pt\/quebra-de-linha\/#primaryimage\",\"url\":\"https:\/\/exceladvisor.org\/wp-content\/uploads\/2023\/08\/1-caractere-de-saut-de-ligne-vba.png\",\"contentUrl\":\"https:\/\/exceladvisor.org\/wp-content\/uploads\/2023\/08\/1-caractere-de-saut-de-ligne-vba.png\"},{\"@type\":\"BreadcrumbList\",\"@id\":\"https:\/\/exceladvisor.org\/pt\/quebra-de-linha\/#breadcrumb\",\"itemListElement\":[{\"@type\":\"ListItem\",\"position\":1,\"name\":\"Lar\",\"item\":\"https:\/\/exceladvisor.org\/pt\/\"},{\"@type\":\"ListItem\",\"position\":2,\"name\":\"Como adicionar uma quebra de linha no c\u00f3digo vba?\"}]},{\"@type\":\"WebSite\",\"@id\":\"https:\/\/exceladvisor.org\/pt\/#website\",\"url\":\"https:\/\/exceladvisor.org\/pt\/\",\"name\":\"Excel Advisor\",\"description\":\"O seu guia definitivo para dominar os dados!\",\"publisher\":{\"@id\":\"https:\/\/exceladvisor.org\/pt\/#organization\"},\"potentialAction\":[{\"@type\":\"SearchAction\",\"target\":{\"@type\":\"EntryPoint\",\"urlTemplate\":\"https:\/\/exceladvisor.org\/pt\/?s={search_term_string}\"},\"query-input\":{\"@type\":\"PropertyValueSpecification\",\"valueRequired\":true,\"valueName\":\"search_term_string\"}}],\"inLanguage\":\"pt-PT\"},{\"@type\":\"Organization\",\"@id\":\"https:\/\/exceladvisor.org\/pt\/#organization\",\"name\":\"Excel Advisor\",\"url\":\"https:\/\/exceladvisor.org\/pt\/\",\"logo\":{\"@type\":\"ImageObject\",\"inLanguage\":\"pt-PT\",\"@id\":\"https:\/\/exceladvisor.org\/pt\/#\/schema\/logo\/image\/\",\"url\":\"https:\/\/exceladvisor.org\/pt\/wp-content\/uploads\/2023\/12\/exceladvisor.org_.png\",\"contentUrl\":\"https:\/\/exceladvisor.org\/pt\/wp-content\/uploads\/2023\/12\/exceladvisor.org_.png\",\"width\":105,\"height\":36,\"caption\":\"Excel Advisor\"},\"image\":{\"@id\":\"https:\/\/exceladvisor.org\/pt\/#\/schema\/logo\/image\/\"}}]}<\/script>\n<!-- \/ Yoast SEO plugin. -->","yoast_head_json":{"title":"\u25b7 Como adicionar uma quebra de linha no c\u00f3digo VBA?","description":"Este tutorial apresenta uma maneira simples de adicionar uma nova linha em uma linha de c\u00f3digo e tamb\u00e9m mostra uma maneira de escrever v\u00e1rios","robots":{"index":"index","follow":"follow","max-snippet":"max-snippet:-1","max-image-preview":"max-image-preview:large","max-video-preview":"max-video-preview:-1"},"canonical":"https:\/\/exceladvisor.org\/pt\/quebra-de-linha\/","og_locale":"pt_PT","og_type":"article","og_title":"\u25b7 Como adicionar uma quebra de linha no c\u00f3digo VBA?","og_description":"Este tutorial apresenta uma maneira simples de adicionar uma nova linha em uma linha de c\u00f3digo e tamb\u00e9m mostra uma maneira de escrever v\u00e1rios","og_url":"https:\/\/exceladvisor.org\/pt\/quebra-de-linha\/","og_site_name":"Excel Advisor","article_modified_time":"2023-12-06T11:34:17+00:00","og_image":[{"url":"https:\/\/exceladvisor.org\/wp-content\/uploads\/2023\/08\/1-caractere-de-saut-de-ligne-vba.png","type":"","width":"","height":""}],"twitter_card":"summary_large_image","twitter_misc":{"Tempo estimado de leitura":"2 minutos"},"schema":{"@context":"https:\/\/schema.org","@graph":[{"@type":"WebPage","@id":"https:\/\/exceladvisor.org\/pt\/quebra-de-linha\/","url":"https:\/\/exceladvisor.org\/pt\/quebra-de-linha\/","name":"\u25b7 Como adicionar uma quebra de linha no c\u00f3digo VBA?","isPartOf":{"@id":"https:\/\/exceladvisor.org\/pt\/#website"},"primaryImageOfPage":{"@id":"https:\/\/exceladvisor.org\/pt\/quebra-de-linha\/#primaryimage"},"image":{"@id":"https:\/\/exceladvisor.org\/pt\/quebra-de-linha\/#primaryimage"},"thumbnailUrl":"https:\/\/exceladvisor.org\/wp-content\/uploads\/2023\/08\/1-caractere-de-saut-de-ligne-vba.png","datePublished":"2023-10-31T16:00:11+00:00","dateModified":"2023-12-06T11:34:17+00:00","description":"Este tutorial apresenta uma maneira simples de adicionar uma nova linha em uma linha de c\u00f3digo e tamb\u00e9m mostra uma maneira de escrever v\u00e1rios","breadcrumb":{"@id":"https:\/\/exceladvisor.org\/pt\/quebra-de-linha\/#breadcrumb"},"inLanguage":"pt-PT","potentialAction":[{"@type":"ReadAction","target":["https:\/\/exceladvisor.org\/pt\/quebra-de-linha\/"]}]},{"@type":"ImageObject","inLanguage":"pt-PT","@id":"https:\/\/exceladvisor.org\/pt\/quebra-de-linha\/#primaryimage","url":"https:\/\/exceladvisor.org\/wp-content\/uploads\/2023\/08\/1-caractere-de-saut-de-ligne-vba.png","contentUrl":"https:\/\/exceladvisor.org\/wp-content\/uploads\/2023\/08\/1-caractere-de-saut-de-ligne-vba.png"},{"@type":"BreadcrumbList","@id":"https:\/\/exceladvisor.org\/pt\/quebra-de-linha\/#breadcrumb","itemListElement":[{"@type":"ListItem","position":1,"name":"Lar","item":"https:\/\/exceladvisor.org\/pt\/"},{"@type":"ListItem","position":2,"name":"Como adicionar uma quebra de linha no c\u00f3digo vba?"}]},{"@type":"WebSite","@id":"https:\/\/exceladvisor.org\/pt\/#website","url":"https:\/\/exceladvisor.org\/pt\/","name":"Excel Advisor","description":"O seu guia definitivo para dominar os dados!","publisher":{"@id":"https:\/\/exceladvisor.org\/pt\/#organization"},"potentialAction":[{"@type":"SearchAction","target":{"@type":"EntryPoint","urlTemplate":"https:\/\/exceladvisor.org\/pt\/?s={search_term_string}"},"query-input":{"@type":"PropertyValueSpecification","valueRequired":true,"valueName":"search_term_string"}}],"inLanguage":"pt-PT"},{"@type":"Organization","@id":"https:\/\/exceladvisor.org\/pt\/#organization","name":"Excel Advisor","url":"https:\/\/exceladvisor.org\/pt\/","logo":{"@type":"ImageObject","inLanguage":"pt-PT","@id":"https:\/\/exceladvisor.org\/pt\/#\/schema\/logo\/image\/","url":"https:\/\/exceladvisor.org\/pt\/wp-content\/uploads\/2023\/12\/exceladvisor.org_.png","contentUrl":"https:\/\/exceladvisor.org\/pt\/wp-content\/uploads\/2023\/12\/exceladvisor.org_.png","width":105,"height":36,"caption":"Excel Advisor"},"image":{"@id":"https:\/\/exceladvisor.org\/pt\/#\/schema\/logo\/image\/"}}]}},"yoast_meta":{"yoast_wpseo_title":"","yoast_wpseo_metadesc":"","yoast_wpseo_canonical":""},"_links":{"self":[{"href":"https:\/\/exceladvisor.org\/pt\/wp-json\/wp\/v2\/pages\/374","targetHints":{"allow":["GET"]}}],"collection":[{"href":"https:\/\/exceladvisor.org\/pt\/wp-json\/wp\/v2\/pages"}],"about":[{"href":"https:\/\/exceladvisor.org\/pt\/wp-json\/wp\/v2\/types\/page"}],"author":[{"embeddable":true,"href":"https:\/\/exceladvisor.org\/pt\/wp-json\/wp\/v2\/users\/1"}],"replies":[{"embeddable":true,"href":"https:\/\/exceladvisor.org\/pt\/wp-json\/wp\/v2\/comments?post=374"}],"version-history":[{"count":1,"href":"https:\/\/exceladvisor.org\/pt\/wp-json\/wp\/v2\/pages\/374\/revisions"}],"predecessor-version":[{"id":813,"href":"https:\/\/exceladvisor.org\/pt\/wp-json\/wp\/v2\/pages\/374\/revisions\/813"}],"wp:attachment":[{"href":"https:\/\/exceladvisor.org\/pt\/wp-json\/wp\/v2\/media?parent=374"}],"curies":[{"name":"wp","href":"https:\/\/api.w.org\/{rel}","templated":true}]}}