{"id":376,"date":"2023-10-31T13:17:03","date_gmt":"2023-10-31T13:17:03","guid":{"rendered":"https:\/\/exceladvisor.org\/pt\/adicionar-um-botao\/"},"modified":"2023-12-06T11:33:58","modified_gmt":"2023-12-06T11:33:58","slug":"adicionar-um-botao","status":"publish","type":"page","link":"https:\/\/exceladvisor.org\/pt\/adicionar-um-botao\/","title":{"rendered":"Como adicionar um bot\u00e3o no excel?"},"content":{"rendered":"<div class=\"excel-before-content-2\" id=\"excel-719136365\"><script type=\"text\/javascript\">\r\n\tatOptions = {\r\n\t\t'key' : 'c1158f160081d6540a8409e6925dab94',\r\n\t\t'format' : 'iframe',\r\n\t\t'height' : 250,\r\n\t\t'width' : 300,\r\n\t\t'params' : {}\r\n\t};\r\n<\/script>\r\n<script type=\"text\/javascript\" src=\"\/\/www.highperformanceformat.com\/c1158f160081d6540a8409e6925dab94\/invoke.js\"><\/script><\/div><div class=\"excel-before-content\" id=\"excel-19791746\"><script type=\"text\/javascript\">\r\n\tatOptions = {\r\n\t\t'key' : 'c1158f160081d6540a8409e6925dab94',\r\n\t\t'format' : 'iframe',\r\n\t\t'height' : 250,\r\n\t\t'width' : 300,\r\n\t\t'params' : {}\r\n\t};\r\n<\/script>\r\n<script type=\"text\/javascript\" src=\"\/\/www.highperformanceformat.com\/c1158f160081d6540a8409e6925dab94\/invoke.js\"><\/script><\/div> <p>No Excel, os usu\u00e1rios podem adicionar bot\u00f5es habilitados para macro \u00e0s planilhas e executar macros simplesmente clicando neles.<\/p><p> Os usu\u00e1rios podem usar esses bot\u00f5es habilitados para macro para realizar diversas tarefas diferentes, como filtrar dados, selecionar dados, imprimir uma planilha, executar f\u00f3rmulas e c\u00e1lculos simplesmente clicando nos bot\u00f5es.<\/p><p> \u00c9 mais f\u00e1cil adicionar bot\u00f5es e integrar macros. O Excel oferece v\u00e1rias maneiras de adicionar bot\u00f5es habilitados para macro \u00e0 planilha. Abaixo temos algumas maneiras r\u00e1pidas e f\u00e1ceis de adicionar bot\u00f5es de macro no Excel.<\/p><h2 class=\"wp-block-heading\"> Adicione bot\u00f5es macro usando formas<\/h2><p> Os usu\u00e1rios podem criar bot\u00f5es no Excel usando formas. A cria\u00e7\u00e3o de bot\u00f5es usando formas oferece mais op\u00e7\u00f5es de formata\u00e7\u00e3o do que bot\u00f5es criados a partir de bot\u00f5es de controle ou bot\u00f5es ActiveX. Os usu\u00e1rios podem alterar o design, a cor, a fonte e o estilo do bot\u00e3o criado usando formas.<\/p><ol><li> Em primeiro lugar, v\u00e1 at\u00e9 a aba \u201cInserir\u201d, clique no \u00edcone \u201cIlustra\u00e7\u00f5es\u201d, depois clique na op\u00e7\u00e3o \u201cFormas\u201d e selecione qualquer bot\u00e3o retangular. <br><img loading=\"lazy\" decoding=\"async\" title=\"1-\u00edcone de formas de ilustra\u00e7\u00e3o\" src=\"https:\/\/exceladvisor.org\/wp-content\/uploads\/2023\/08\/1-icone-de-formes-dillustration.png\" sizes=\"auto, \" srcset=\"\" alt=\"illustration-shapes-icon\" width=\"406\" height=\"282\"><\/li><li> Depois disso, com o mouse, desenhe o bot\u00e3o retangular na planilha. <br><img loading=\"lazy\" decoding=\"async\" title=\"2-desenhe um bot\u00e3o retangular\" src=\"https:\/\/exceladvisor.org\/wp-content\/uploads\/2023\/08\/2-dessiner-un-bouton-rectangulaire.png\" sizes=\"auto, \" srcset=\"\" alt=\"draw-a-rectangular-button\" width=\"618\" height=\"225\"><\/li><li> Agora para inserir o texto no bot\u00e3o, clique duas vezes no bot\u00e3o e insira o texto. <br><img loading=\"lazy\" decoding=\"async\" title=\"3-inserir texto para o bot\u00e3o\" src=\"https:\/\/exceladvisor.org\/wp-content\/uploads\/2023\/08\/3-saisir-du-texte-sur-le-bouton.png\" sizes=\"auto, \" srcset=\"\" alt=\"enter-text-to-the-button\" width=\"242\" height=\"127\"><\/li><li> Para formatar, v\u00e1 at\u00e9 a aba \u201cFormatar Forma\u201d e voc\u00ea ter\u00e1 diversas op\u00e7\u00f5es de formata\u00e7\u00e3o do bot\u00e3o.<\/li><li> A partir daqui voc\u00ea pode formatar o estilo da fonte, a cor da fonte, a cor do bot\u00e3o, os efeitos dos bot\u00f5es e muito mais. <br><img loading=\"lazy\" decoding=\"async\" title=\"Formato de guia de 4 formas\" src=\"https:\/\/exceladvisor.org\/wp-content\/uploads\/2023\/08\/4-onglet-de-format-de-forme.png\" sizes=\"auto, \" srcset=\"\" alt=\"shape-format-tab\" width=\"696\" height=\"237\"><\/li><li> Para editar o texto, adicionar o hiperlink ou adicionar a macro, basta clicar com o bot\u00e3o direito no bot\u00e3o e voc\u00ea obter\u00e1 o menu de contexto com diversas op\u00e7\u00f5es.<\/li><li> A partir daqui voc\u00ea pode editar o texto, adicionar o hiperlink e adicionar a macro ao bot\u00e3o.<\/li><li> Agora, selecione a op\u00e7\u00e3o \u201cAtribuir Macro\u201d para adicionar a macro ao bot\u00e3o. <br><img loading=\"lazy\" decoding=\"async\" title=\"5 clique com o bot\u00e3o direito no bot\u00e3o\" src=\"https:\/\/exceladvisor.org\/wp-content\/uploads\/2023\/08\/5-clic-droit-sur-le-bouton.png\" sizes=\"auto, \" srcset=\"\" alt=\"right-click-on-the-button\" width=\"264\" height=\"398\"><\/li><li> Depois de selecionar a op\u00e7\u00e3o \u201cAtribuir Macro\u201d, a caixa de di\u00e1logo \u201cAtribuir Macro\u201d \u00e9 aberta.<\/li><li> A partir da\u00ed, selecione a macro e clique em OK. <br><img loading=\"lazy\" decoding=\"async\" title=\"6-atribuir macro-janela\" src=\"https:\/\/exceladvisor.org\/wp-content\/uploads\/2023\/08\/6-attribuer-une-fenetre-de-macro.png\" sizes=\"auto, \" srcset=\"\" alt=\"assign-macro-window\" width=\"388\" height=\"369\"><\/li><li> Neste ponto, o bot\u00e3o foi habilitado para microfone e, quando voc\u00ea move o cursor sobre o bot\u00e3o, o cursor muda para um cursor de ponto manual. <br><img decoding=\"async\" title=\"7 microbot\u00f5es ativados\" src=\"https:\/\/exceladvisor.org\/wp-content\/uploads\/2023\/08\/7-micro-boutons-actives.png\" sizes=\"\" srcset=\"\" alt=\"micro-enabled-button\"><\/li><li> Para congelar o movimento do bot\u00e3o, clique com o bot\u00e3o direito no bot\u00e3o e selecione \u201cFormatar forma\u201d e selecione a op\u00e7\u00e3o \u201cN\u00e3o mover ou redimensionar com c\u00e9lulas\u201d. <br><img loading=\"lazy\" decoding=\"async\" title=\"8-bot\u00e3o congelar\" src=\"https:\/\/exceladvisor.org\/wp-content\/uploads\/2023\/08\/8-geler-le-bouton.png\" sizes=\"auto, \" srcset=\"\" alt=\"freeze-the-button\" width=\"551\" height=\"390\"><\/li><\/ol><h2 class=\"wp-block-heading\"> Adicione bot\u00f5es macro usando controles de formul\u00e1rio<\/h2><ol><li> Primeiro, v\u00e1 para a guia \u201cDesenvolvedor\u201d e clique no \u00edcone \u201cInserir\u201d no grupo \u201cControle\u201d na faixa de op\u00e7\u00f5es. <br><img loading=\"lazy\" decoding=\"async\" title=\"Desenvolvedor de 9 guias\" src=\"https:\/\/exceladvisor.org\/wp-content\/uploads\/2023\/08\/9-onglet-developpeur.png\" sizes=\"auto, \" srcset=\"\" alt=\"developer-tab\" width=\"716\" height=\"118\"><\/li><li> Depois disso, selecione a primeira op\u00e7\u00e3o de bot\u00e3o do menu \u201cControles de formul\u00e1rio\u201d e desenhe um bot\u00e3o na planilha. <br><img decoding=\"async\" title=\"Bot\u00e3o de controle de 10 formul\u00e1rios\" src=\"https:\/\/exceladvisor.org\/wp-content\/uploads\/2023\/08\/10-bouton-de-controle-de-formulaire.png\" sizes=\"\" srcset=\"\" alt=\"form-controls-button\"><\/li><li> Agora, selecione ou digite o nome da macro na caixa de di\u00e1logo \u201cAtribuir macro\u201d e clique em OK.<\/li><li> Se ainda n\u00e3o criou uma macro, voc\u00ea pode clicar em Cancelar para adicionar a macro posteriormente. <br><img loading=\"lazy\" decoding=\"async\" title=\"11-atribuir-a-caixa-de-di\u00e1logo-macro-\" src=\"https:\/\/exceladvisor.org\/wp-content\/uploads\/2023\/08\/11-boite-de-dialogue-daffectation-de-macro.png\" sizes=\"auto, \" srcset=\"\" alt=\"assign-macro-dialogue-box\" width=\"338\" height=\"329\"><\/li><li> A partir da\u00ed, clique com o bot\u00e3o direito no bot\u00e3o e selecione &#8220;Atribuir macro&#8221; para adicionar a macro ao bot\u00e3o, caso ainda n\u00e3o tenha sido atribu\u00edda.<\/li><li> Para formatar o tamanho da fonte, estilo, cor, etc. bot\u00e3o, selecione a op\u00e7\u00e3o \u201cControle de formato\u201d. <br><img loading=\"lazy\" decoding=\"async\" title=\"12 clique com o bot\u00e3o direito no bot\u00e3o\" src=\"https:\/\/exceladvisor.org\/wp-content\/uploads\/2023\/08\/12-clic-droit-sur-le-bouton.png\" sizes=\"auto, \" srcset=\"\" alt=\"right-click-the-button\" width=\"244\" height=\"423\"><\/li><li> Depois de clicar em \u201cControle de formata\u00e7\u00e3o\u201d, a janela \u201cControle de formata\u00e7\u00e3o\u201d ser\u00e1 aberta e voc\u00ea poder\u00e1 formatar a fonte do bot\u00e3o. <br><img loading=\"lazy\" decoding=\"async\" title=\"13 janela de controle de formato\" src=\"https:\/\/exceladvisor.org\/wp-content\/uploads\/2023\/08\/Fenetre-de-controle-13-formats.png\" sizes=\"auto, \" srcset=\"\" alt=\"format-control-window\" width=\"404\" height=\"401\"><\/li><li> Para congelar o movimento do bot\u00e3o, selecione a aba \u201cPropriedades\u201d e selecione a op\u00e7\u00e3o \u201cN\u00e3o mover ou dimensionar com c\u00e9lulas\u201d e clique em OK. <br><img loading=\"lazy\" decoding=\"async\" title=\"Bot\u00e3o 14 para congelar o movimento\" src=\"https:\/\/exceladvisor.org\/wp-content\/uploads\/2023\/08\/14-geler-le-mouvement-du-bouton.png\" sizes=\"auto, \" srcset=\"\" alt=\"freeze-the-button-movement\" width=\"403\" height=\"398\"><\/li><\/ol><h2 class=\"wp-block-heading\"> Adicione bot\u00f5es macro usando controles ActiveX<\/h2><ol><li> Primeiro, v\u00e1 para a guia \u201cDesenvolvedor\u201d e clique no \u00edcone \u201cInserir\u201d no grupo \u201cControle\u201d na faixa de op\u00e7\u00f5es. <br><img loading=\"lazy\" decoding=\"async\" title=\"\u00cdcone de inser\u00e7\u00e3o de guia de 15 desenvolvedores\" src=\"https:\/\/exceladvisor.org\/wp-content\/uploads\/2023\/08\/15-icone-dinsertion-de-longlet-developpeur.png\" sizes=\"auto, \" srcset=\"\" alt=\"developer-tab-insert-icon\" width=\"246\" height=\"306\"><\/li><li> Depois disso, selecione a primeira op\u00e7\u00e3o de bot\u00e3o no menu \u201cControles ActiveX\u201d e desenhe um bot\u00e3o na planilha. <br><img loading=\"lazy\" decoding=\"async\" title=\"16 bot\u00f5es de controle ActiveX\" src=\"https:\/\/exceladvisor.org\/wp-content\/uploads\/2023\/08\/16-boutons-de-commandes-activex.png\" sizes=\"auto, \" srcset=\"\" alt=\"activex-controls-button\" width=\"248\" height=\"309\"><\/li><li> Agora, para criar e inserir a macro no bot\u00e3o, clique no \u00edcone \u201cMostrar c\u00f3digo\u201d para iniciar o editor VBA. <br><img loading=\"lazy\" decoding=\"async\" title=\"Visualiza\u00e7\u00f5es do c\u00f3digo 17\" src=\"https:\/\/exceladvisor.org\/wp-content\/uploads\/2023\/08\/17-codes-de-vue.png\" sizes=\"auto, \" srcset=\"\" alt=\"view-code\" width=\"353\" height=\"258\"><\/li><li> Agora, selecione \u201cCommandButton1\u201d no subprocedimento e escolha a op\u00e7\u00e3o \u201cClique\u201d na lista suspensa no lado direito do editor. <br><img loading=\"lazy\" decoding=\"async\" title=\"Editor 18-vba\" src=\"https:\/\/exceladvisor.org\/wp-content\/uploads\/2023\/08\/18-editeur-vba.png\" sizes=\"auto, \" srcset=\"\" alt=\"vba-editor\" width=\"793\" height=\"357\"><\/li><\/ol><div class=\"gb-container gb-container-4db6181c gb-container-mt\"> <a class=\"gb-button gb-button-c5897111 gb-button-text gb-button-mt-button\" href=\"https:\/\/exceladvisor.org\/pt\/nocoes-basicas-de-excel\/\">No\u00e7\u00f5es b\u00e1sicas do Microsoft Excel (componentes, pe\u00e7as e notas de conhecimento)<\/a><h2 class=\"gb-headline gb-headline-665e5f6b gb-headline-text gb-headline-mt-heading\"> Tutoriais relacionados <\/h2><div class=\"gb-grid-wrapper gb-grid-wrapper-a20baf7c gb-grid-wrapper-mt-grid\"><div class=\"gb-grid-column gb-grid-column-65ddf67e\"><div class=\"gb-container gb-container-65ddf67e\"><ul><li> <a href=\"https:\/\/exceladvisor.org\/pt\/desenhe-uma-linha\/\">Desenhe uma linha no Excel<\/a><\/li><li> <a href=\"https:\/\/exceladvisor.org\/pt\/fundir-celulas-dissociadas\/\">Mesclar \u2013 desagrupar c\u00e9lulas no Excel<\/a><\/li><li> <a href=\"https:\/\/exceladvisor.org\/pt\/verificador-ortografico\/\">Verifica\u00e7\u00e3o ortogr\u00e1fica no Excel<\/a><\/li><li> <a href=\"https:\/\/exceladvisor.org\/pt\/cancelamento\/\">Aumentar e diminuir o recuo no Excel<\/a><\/li><li> <a href=\"https:\/\/exceladvisor.org\/pt\/girar-texto\/\">Girar texto no Excel (orienta\u00e7\u00e3o do texto)<\/a> <\/li><\/ul><\/div><\/div><div class=\"gb-grid-column gb-grid-column-50067b57\"><div class=\"gb-container gb-container-50067b57\"><\/div><\/div><\/div><\/div>","protected":false},"excerpt":{"rendered":"","protected":false},"author":1,"featured_media":0,"parent":0,"menu_order":0,"comment_status":"open","ping_status":"closed","template":"","meta":{"ub_ctt_via":"","footnotes":""},"class_list":["post-376","page","type-page","status-publish","hentry"],"featured_image_src":null,"yoast_head":"<!-- This site is optimized with the Yoast SEO plugin v25.4 - https:\/\/yoast.com\/wordpress\/plugins\/seo\/ -->\n<title>\u25b7 Como adicionar um bot\u00e3o no Excel? (Tutorial 2023)<\/title>\n<meta name=\"description\" content=\"Neste tutorial, aprenderemos como adicionar um bot\u00e3o no Excel (usando controles de formul\u00e1rio, usando formas e\" \/>\n<meta name=\"robots\" content=\"index, follow, max-snippet:-1, max-image-preview:large, max-video-preview:-1\" \/>\n<link rel=\"canonical\" href=\"https:\/\/exceladvisor.org\/pt\/adicionar-um-botao\/\" \/>\n<meta property=\"og:locale\" content=\"pt_PT\" \/>\n<meta property=\"og:type\" content=\"article\" \/>\n<meta property=\"og:title\" content=\"\u25b7 Como adicionar um bot\u00e3o no Excel? (Tutorial 2023)\" \/>\n<meta property=\"og:description\" content=\"Neste tutorial, aprenderemos como adicionar um bot\u00e3o no Excel (usando controles de formul\u00e1rio, usando formas e\" \/>\n<meta property=\"og:url\" content=\"https:\/\/exceladvisor.org\/pt\/adicionar-um-botao\/\" \/>\n<meta property=\"og:site_name\" content=\"Excel Advisor\" \/>\n<meta property=\"article:modified_time\" content=\"2023-12-06T11:33:58+00:00\" \/>\n<meta property=\"og:image\" content=\"https:\/\/exceladvisor.org\/wp-content\/uploads\/2023\/08\/1-icone-de-formes-dillustration.png\" \/>\n<meta name=\"twitter:card\" content=\"summary_large_image\" \/>\n<meta name=\"twitter:label1\" content=\"Tempo estimado de leitura\" \/>\n\t<meta name=\"twitter:data1\" content=\"4 minutos\" \/>\n<script type=\"application\/ld+json\" class=\"yoast-schema-graph\">{\"@context\":\"https:\/\/schema.org\",\"@graph\":[{\"@type\":\"WebPage\",\"@id\":\"https:\/\/exceladvisor.org\/pt\/adicionar-um-botao\/\",\"url\":\"https:\/\/exceladvisor.org\/pt\/adicionar-um-botao\/\",\"name\":\"\u25b7 Como adicionar um bot\u00e3o no Excel? (Tutorial 2023)\",\"isPartOf\":{\"@id\":\"https:\/\/exceladvisor.org\/pt\/#website\"},\"primaryImageOfPage\":{\"@id\":\"https:\/\/exceladvisor.org\/pt\/adicionar-um-botao\/#primaryimage\"},\"image\":{\"@id\":\"https:\/\/exceladvisor.org\/pt\/adicionar-um-botao\/#primaryimage\"},\"thumbnailUrl\":\"https:\/\/exceladvisor.org\/wp-content\/uploads\/2023\/08\/1-icone-de-formes-dillustration.png\",\"datePublished\":\"2023-10-31T13:17:03+00:00\",\"dateModified\":\"2023-12-06T11:33:58+00:00\",\"description\":\"Neste tutorial, aprenderemos como adicionar um bot\u00e3o no Excel (usando controles de formul\u00e1rio, usando formas e\",\"breadcrumb\":{\"@id\":\"https:\/\/exceladvisor.org\/pt\/adicionar-um-botao\/#breadcrumb\"},\"inLanguage\":\"pt-PT\",\"potentialAction\":[{\"@type\":\"ReadAction\",\"target\":[\"https:\/\/exceladvisor.org\/pt\/adicionar-um-botao\/\"]}]},{\"@type\":\"ImageObject\",\"inLanguage\":\"pt-PT\",\"@id\":\"https:\/\/exceladvisor.org\/pt\/adicionar-um-botao\/#primaryimage\",\"url\":\"https:\/\/exceladvisor.org\/wp-content\/uploads\/2023\/08\/1-icone-de-formes-dillustration.png\",\"contentUrl\":\"https:\/\/exceladvisor.org\/wp-content\/uploads\/2023\/08\/1-icone-de-formes-dillustration.png\"},{\"@type\":\"BreadcrumbList\",\"@id\":\"https:\/\/exceladvisor.org\/pt\/adicionar-um-botao\/#breadcrumb\",\"itemListElement\":[{\"@type\":\"ListItem\",\"position\":1,\"name\":\"Lar\",\"item\":\"https:\/\/exceladvisor.org\/pt\/\"},{\"@type\":\"ListItem\",\"position\":2,\"name\":\"Como adicionar um bot\u00e3o no excel?\"}]},{\"@type\":\"WebSite\",\"@id\":\"https:\/\/exceladvisor.org\/pt\/#website\",\"url\":\"https:\/\/exceladvisor.org\/pt\/\",\"name\":\"Excel Advisor\",\"description\":\"O seu guia definitivo para dominar os dados!\",\"publisher\":{\"@id\":\"https:\/\/exceladvisor.org\/pt\/#organization\"},\"potentialAction\":[{\"@type\":\"SearchAction\",\"target\":{\"@type\":\"EntryPoint\",\"urlTemplate\":\"https:\/\/exceladvisor.org\/pt\/?s={search_term_string}\"},\"query-input\":{\"@type\":\"PropertyValueSpecification\",\"valueRequired\":true,\"valueName\":\"search_term_string\"}}],\"inLanguage\":\"pt-PT\"},{\"@type\":\"Organization\",\"@id\":\"https:\/\/exceladvisor.org\/pt\/#organization\",\"name\":\"Excel Advisor\",\"url\":\"https:\/\/exceladvisor.org\/pt\/\",\"logo\":{\"@type\":\"ImageObject\",\"inLanguage\":\"pt-PT\",\"@id\":\"https:\/\/exceladvisor.org\/pt\/#\/schema\/logo\/image\/\",\"url\":\"https:\/\/exceladvisor.org\/pt\/wp-content\/uploads\/2023\/12\/exceladvisor.org_.png\",\"contentUrl\":\"https:\/\/exceladvisor.org\/pt\/wp-content\/uploads\/2023\/12\/exceladvisor.org_.png\",\"width\":105,\"height\":36,\"caption\":\"Excel Advisor\"},\"image\":{\"@id\":\"https:\/\/exceladvisor.org\/pt\/#\/schema\/logo\/image\/\"}}]}<\/script>\n<!-- \/ Yoast SEO plugin. -->","yoast_head_json":{"title":"\u25b7 Como adicionar um bot\u00e3o no Excel? (Tutorial 2023)","description":"Neste tutorial, aprenderemos como adicionar um bot\u00e3o no Excel (usando controles de formul\u00e1rio, usando formas e","robots":{"index":"index","follow":"follow","max-snippet":"max-snippet:-1","max-image-preview":"max-image-preview:large","max-video-preview":"max-video-preview:-1"},"canonical":"https:\/\/exceladvisor.org\/pt\/adicionar-um-botao\/","og_locale":"pt_PT","og_type":"article","og_title":"\u25b7 Como adicionar um bot\u00e3o no Excel? (Tutorial 2023)","og_description":"Neste tutorial, aprenderemos como adicionar um bot\u00e3o no Excel (usando controles de formul\u00e1rio, usando formas e","og_url":"https:\/\/exceladvisor.org\/pt\/adicionar-um-botao\/","og_site_name":"Excel Advisor","article_modified_time":"2023-12-06T11:33:58+00:00","og_image":[{"url":"https:\/\/exceladvisor.org\/wp-content\/uploads\/2023\/08\/1-icone-de-formes-dillustration.png","type":"","width":"","height":""}],"twitter_card":"summary_large_image","twitter_misc":{"Tempo estimado de leitura":"4 minutos"},"schema":{"@context":"https:\/\/schema.org","@graph":[{"@type":"WebPage","@id":"https:\/\/exceladvisor.org\/pt\/adicionar-um-botao\/","url":"https:\/\/exceladvisor.org\/pt\/adicionar-um-botao\/","name":"\u25b7 Como adicionar um bot\u00e3o no Excel? (Tutorial 2023)","isPartOf":{"@id":"https:\/\/exceladvisor.org\/pt\/#website"},"primaryImageOfPage":{"@id":"https:\/\/exceladvisor.org\/pt\/adicionar-um-botao\/#primaryimage"},"image":{"@id":"https:\/\/exceladvisor.org\/pt\/adicionar-um-botao\/#primaryimage"},"thumbnailUrl":"https:\/\/exceladvisor.org\/wp-content\/uploads\/2023\/08\/1-icone-de-formes-dillustration.png","datePublished":"2023-10-31T13:17:03+00:00","dateModified":"2023-12-06T11:33:58+00:00","description":"Neste tutorial, aprenderemos como adicionar um bot\u00e3o no Excel (usando controles de formul\u00e1rio, usando formas e","breadcrumb":{"@id":"https:\/\/exceladvisor.org\/pt\/adicionar-um-botao\/#breadcrumb"},"inLanguage":"pt-PT","potentialAction":[{"@type":"ReadAction","target":["https:\/\/exceladvisor.org\/pt\/adicionar-um-botao\/"]}]},{"@type":"ImageObject","inLanguage":"pt-PT","@id":"https:\/\/exceladvisor.org\/pt\/adicionar-um-botao\/#primaryimage","url":"https:\/\/exceladvisor.org\/wp-content\/uploads\/2023\/08\/1-icone-de-formes-dillustration.png","contentUrl":"https:\/\/exceladvisor.org\/wp-content\/uploads\/2023\/08\/1-icone-de-formes-dillustration.png"},{"@type":"BreadcrumbList","@id":"https:\/\/exceladvisor.org\/pt\/adicionar-um-botao\/#breadcrumb","itemListElement":[{"@type":"ListItem","position":1,"name":"Lar","item":"https:\/\/exceladvisor.org\/pt\/"},{"@type":"ListItem","position":2,"name":"Como adicionar um bot\u00e3o no excel?"}]},{"@type":"WebSite","@id":"https:\/\/exceladvisor.org\/pt\/#website","url":"https:\/\/exceladvisor.org\/pt\/","name":"Excel Advisor","description":"O seu guia definitivo para dominar os dados!","publisher":{"@id":"https:\/\/exceladvisor.org\/pt\/#organization"},"potentialAction":[{"@type":"SearchAction","target":{"@type":"EntryPoint","urlTemplate":"https:\/\/exceladvisor.org\/pt\/?s={search_term_string}"},"query-input":{"@type":"PropertyValueSpecification","valueRequired":true,"valueName":"search_term_string"}}],"inLanguage":"pt-PT"},{"@type":"Organization","@id":"https:\/\/exceladvisor.org\/pt\/#organization","name":"Excel Advisor","url":"https:\/\/exceladvisor.org\/pt\/","logo":{"@type":"ImageObject","inLanguage":"pt-PT","@id":"https:\/\/exceladvisor.org\/pt\/#\/schema\/logo\/image\/","url":"https:\/\/exceladvisor.org\/pt\/wp-content\/uploads\/2023\/12\/exceladvisor.org_.png","contentUrl":"https:\/\/exceladvisor.org\/pt\/wp-content\/uploads\/2023\/12\/exceladvisor.org_.png","width":105,"height":36,"caption":"Excel Advisor"},"image":{"@id":"https:\/\/exceladvisor.org\/pt\/#\/schema\/logo\/image\/"}}]}},"yoast_meta":{"yoast_wpseo_title":"","yoast_wpseo_metadesc":"","yoast_wpseo_canonical":""},"_links":{"self":[{"href":"https:\/\/exceladvisor.org\/pt\/wp-json\/wp\/v2\/pages\/376","targetHints":{"allow":["GET"]}}],"collection":[{"href":"https:\/\/exceladvisor.org\/pt\/wp-json\/wp\/v2\/pages"}],"about":[{"href":"https:\/\/exceladvisor.org\/pt\/wp-json\/wp\/v2\/types\/page"}],"author":[{"embeddable":true,"href":"https:\/\/exceladvisor.org\/pt\/wp-json\/wp\/v2\/users\/1"}],"replies":[{"embeddable":true,"href":"https:\/\/exceladvisor.org\/pt\/wp-json\/wp\/v2\/comments?post=376"}],"version-history":[{"count":1,"href":"https:\/\/exceladvisor.org\/pt\/wp-json\/wp\/v2\/pages\/376\/revisions"}],"predecessor-version":[{"id":788,"href":"https:\/\/exceladvisor.org\/pt\/wp-json\/wp\/v2\/pages\/376\/revisions\/788"}],"wp:attachment":[{"href":"https:\/\/exceladvisor.org\/pt\/wp-json\/wp\/v2\/media?parent=376"}],"curies":[{"name":"wp","href":"https:\/\/api.w.org\/{rel}","templated":true}]}}