{"id":377,"date":"2023-10-31T12:32:23","date_gmt":"2023-10-31T12:32:23","guid":{"rendered":"https:\/\/exceladvisor.org\/pt\/proteja-a-folha\/"},"modified":"2023-12-06T11:41:49","modified_gmt":"2023-12-06T11:41:49","slug":"proteja-a-folha","status":"publish","type":"page","link":"https:\/\/exceladvisor.org\/pt\/proteja-a-folha\/","title":{"rendered":"Como proteger\/desproteger uma planilha usando vba?"},"content":{"rendered":"<div class=\"excel-before-content-2\" id=\"excel-442243108\"><script type=\"text\/javascript\">\r\n\tatOptions = {\r\n\t\t'key' : 'c1158f160081d6540a8409e6925dab94',\r\n\t\t'format' : 'iframe',\r\n\t\t'height' : 250,\r\n\t\t'width' : 300,\r\n\t\t'params' : {}\r\n\t};\r\n<\/script>\r\n<script type=\"text\/javascript\" src=\"\/\/www.highperformanceformat.com\/c1158f160081d6540a8409e6925dab94\/invoke.js\"><\/script><\/div><div class=\"excel-before-content\" id=\"excel-2230597472\"><script type=\"text\/javascript\">\r\n\tatOptions = {\r\n\t\t'key' : 'c1158f160081d6540a8409e6925dab94',\r\n\t\t'format' : 'iframe',\r\n\t\t'height' : 250,\r\n\t\t'width' : 300,\r\n\t\t'params' : {}\r\n\t};\r\n<\/script>\r\n<script type=\"text\/javascript\" src=\"\/\/www.highperformanceformat.com\/c1158f160081d6540a8409e6925dab94\/invoke.js\"><\/script><\/div> <p>No VBA existe o m\u00e9todo PROTECT que voc\u00ea pode usar com uma planilha. Neste m\u00e9todo, voc\u00ea tem a op\u00e7\u00e3o de proteger uma planilha, com ou sem senha. E voc\u00ea tamb\u00e9m pode proteger um objeto da folha. Veremos tudo isso em detalhes neste tutorial.<\/p><p> No tutorial, veremos como proteger e desproteger uma \u00fanica planilha ou v\u00e1rias planilhas usando c\u00f3digo VBA.<\/p><h2 class=\"wp-block-heading\"> Escreva o c\u00f3digo VBA para proteger uma planilha<\/h2><p> Para proteger uma folha, voc\u00ea deve primeiro especificar a folha e depois usar o m\u00e9todo de prote\u00e7\u00e3o. Aqui est\u00e3o as etapas.<\/p><ol type=\"1\"><li> Use o objeto Sheets para especificar a planilha.<\/li><li> Digite o nome da planilha que voc\u00ea deseja proteger.<\/li><li> Digite um ponto final para obter uma lista de m\u00e9todos e propriedades.<\/li><li> Selecione o m\u00e9todo de projeto ou insira-o. <\/li><\/ol><div class=\"wp-block-image\"><figure class=\"aligncenter size-large is-resized\"><img loading=\"lazy\" decoding=\"async\" class=\"wp-image-52410\" src=\"https:\/\/exceladvisor.org\/wp-content\/uploads\/2023\/08\/1-utiliser-lobjet-feuille-pour-specifier-la-feuille-a-proteger.png\" sizes=\"auto, \" srcset=\"\" alt=\"use-o-objeto-de-folha-para-especificar-a-folha-para-proteger\" width=\"339\" height=\"190\"><\/figure><\/div><pre class=\"wp-block-code\"> <code class=\"language-visual-basic\" lang=\"visual-basic\">Sheets(\"Sheet1\").Protect<\/code><\/pre><p class=\"content-box-grey\"> <em>Links \u00fateis: <a href=\"https:\/\/exceladvisor.org\/pt\/executar-uma-macro-2\/\">Executar uma macro<\/a> \u2013 <a href=\"https:\/\/exceladvisor.org\/pt\/gravar-uma-macro\/\">Gravador de macro<\/a> \u2013 <a href=\"https:\/\/exceladvisor.org\/pt\/editor-visual-basico\/\">Editor Visual Basic<\/a> \u2013 <a href=\"https:\/\/exceladvisor.org\/pt\/caderno-macro-pessoal\/\">Manual pessoal de macros<\/a><\/em><\/p><h2 class=\"wp-block-heading\"> Escreva o c\u00f3digo VBA para desproteger uma planilha<\/h2><p> Para proteger uma planilha, voc\u00ea deve primeiro especificar a planilha e depois usar o m\u00e9todo de desprote\u00e7\u00e3o. Aqui est\u00e3o as etapas.<\/p><ol type=\"1\"><li> Especifique a planilha usando o objeto de pasta.<\/li><li> Em seguida, insira o nome da planilha que deseja proteger.<\/li><li> Insira um per\u00edodo para obter uma lista de m\u00e9todos e propriedades.<\/li><li> Selecione o m\u00e9todo \u201cDesproteger\u201d ou insira-o. <\/li><\/ol><div class=\"wp-block-image\"><figure class=\"aligncenter size-large is-resized\"><img loading=\"lazy\" decoding=\"async\" class=\"wp-image-52411\" src=\"https:\/\/exceladvisor.org\/wp-content\/uploads\/2023\/08\/2-utilisez-lobjet-feuille-pour-specifier-la-feuille-a-deproteger.png\" sizes=\"auto, \" srcset=\"\" alt=\"use o objeto da planilha para especificar a planilha a ser desprotegida\" width=\"393\" height=\"189\"><\/figure><\/div><pre class=\"wp-block-code\"> <code class=\"language-visual-basic\" lang=\"visual-basic\">Sheets(\"Sheet1\").Unprotect<\/code><\/pre><h2 class=\"wp-block-heading\"> Proteja uma planilha com uma senha<\/h2><p> Se voc\u00ea deseja definir uma senha enquanto protege uma planilha, neste caso voc\u00ea precisa usar o argumento password para especificar uma senha. Suponha que voc\u00ea queira definir uma senha \u201ctest123\u201d na planilha para proteg\u00ea-la, o c\u00f3digo seria como o abaixo. <\/p><div class=\"wp-block-image\"><figure class=\"aligncenter size-large is-resized\"><img loading=\"lazy\" decoding=\"async\" class=\"wp-image-52412\" src=\"https:\/\/exceladvisor.org\/wp-content\/uploads\/2023\/08\/3-proteger-une-feuille-avec-un-mot-de-passe.png\" sizes=\"auto, \" srcset=\"\" alt=\"proteger uma planilha com senha\" width=\"480\" height=\"174\"><\/figure><\/div><pre class=\"wp-block-code\"> <code class=\"language-visual-basic\" lang=\"visual-basic\">Sheets(\"Sheet1\").Protect Password:=\"test123\"<\/code><\/pre><h2 class=\"wp-block-heading\"> Desproteger uma planilha com uma senha<\/h2><p> Da mesma forma, se quiser desproteger uma planilha, voc\u00ea deve mencionar a senha no argumento de senha. Digamos que a senha que voc\u00ea usou para proteger a planilha seja &#8220;ADSBP&#8221;, ent\u00e3o o c\u00f3digo para desproteg\u00ea-la seria como abaixo.<\/p><pre class=\"wp-block-code\"> <code class=\"language-visual-basic\" lang=\"visual-basic\">Sheets(\"Sheet1\").Unprotect Password:=\"ADSBP\"<\/code><\/pre><p> H\u00e1 uma coisa que voc\u00ea precisa ter cuidado: preste aten\u00e7\u00e3o na letra mai\u00fascula porque o VBA diferencia letras mai\u00fasculas e min\u00fasculas.<\/p><h2 class=\"wp-block-heading\"> Outras coisas para saber<\/h2><p> Como eu disse, estamos usando o m\u00e9todo &#8220;Protect&#8221; do VBA, e existem argumentos diferentes de &#8220;Password&#8221; com esse m\u00e9todo que voc\u00ea pode usar.<\/p><pre class=\"wp-block-code\"> <code class=\"language-visual-basic\" lang=\"visual-basic\">expression.Protect (Password, DrawingObjects, Contents, Scenarios, UserInterfaceOnly, AllowFormattingCells, AllowFormattingColumns, AllowFormattingRows, AllowInsertingColumns, AllowInsertingRows, AllowInsertingHyperlinks, AllowDeletingColumns, AllowDeletingRows, AllowSorting, AllowFiltering, AllowUsingPivotTables)<\/code><\/pre><ol type=\"1\"><li> <strong>DrawingObjects<\/strong> : Para proteger e desproteger formas.<\/li><li> <strong>Conte\u00fado<\/strong> : PARA proteger as c\u00e9lulas que est\u00e3o bloqueadas e todo o gr\u00e1fico.<\/li><li> <strong>Cen\u00e1rios<\/strong> : Para proteger cen\u00e1rios na planilha.<\/li><li> <strong>UserInterfaceOnly<\/strong> : Para proteger apenas a interface do usu\u00e1rio, n\u00e3o as macros.<\/li><li> <strong>AllowFormattingCells<\/strong> : para permitir que o usu\u00e1rio aplique formata\u00e7\u00e3o \u00e0s c\u00e9lulas.<\/li><li> <strong>AllowFormattingColumns<\/strong> : para permitir que o usu\u00e1rio aplique formata\u00e7\u00e3o \u00e0s colunas.<\/li><li> <strong>AllowFormattingRows<\/strong> : para permitir que o usu\u00e1rio aplique formata\u00e7\u00e3o \u00e0s linhas.<\/li><li> <strong>AllowInsertingColumns<\/strong> : para permitir ao usu\u00e1rio inserir novas colunas.<\/li><li> <strong>AllowInsertingRows<\/strong> : para permitir que o usu\u00e1rio insira novas linhas.<\/li><li> <strong>AllowInsertingHyperlinks<\/strong> : para permitir que o usu\u00e1rio crie hiperlinks.<\/li><li> <strong>AllowDeletingColumns<\/strong> : para permitir que o usu\u00e1rio exclua colunas.<\/li><li> <strong>AllowDeletingRows<\/strong> : para permitir que o usu\u00e1rio exclua linhas.<\/li><li> <strong>Permitir classifica\u00e7\u00e3o<\/strong> : para permitir ao usu\u00e1rio classificar linhas, colunas e tabelas.<\/li><li> <strong>AllowFiltering<\/strong> : Para permitir a filtragem de colunas.<\/li><li> <strong>AllowUsingPivotTables<\/strong> : para permitir que o usu\u00e1rio use uma tabela din\u00e2mica.<\/li><\/ol><h2 class=\"wp-block-heading\"> Coment\u00e1rios<\/h2><ul><li> Certifique-se de usar senhas fortes que combinem letras mai\u00fasculas e min\u00fasculas, n\u00fameros e s\u00edmbolos.<\/li><li> Se voc\u00ea esquecer sua senha, a Microsoft n\u00e3o poder\u00e1 recuper\u00e1-la. Portanto, certifique-se de anotar sua senha em algum lugar seguro.<\/li><li> Se uma planilha estiver protegida sem senha e agora voc\u00ea quiser proteg\u00ea-la com uma senha, primeiro ser\u00e1 necess\u00e1rio desproteg\u00ea-la. E depois proteja-o novamente com uma senha usando o c\u00f3digo que voc\u00ea viu acima.<\/li><\/ul><div class=\"gb-container gb-container-4db6181c gb-container-mt\"> <a class=\"gb-button gb-button-c5897111 gb-button-text gb-button-mt-button\" href=\"https:\/\/exceladvisor.org\/pt\/vba\/\">O que \u00e9 VBA<\/a><h2 class=\"gb-headline gb-headline-665e5f6b gb-headline-text gb-headline-mt-heading\"> Tutoriais relacionados <\/h2><div class=\"gb-grid-wrapper gb-grid-wrapper-a20baf7c gb-grid-wrapper-mt-grid\"><div class=\"gb-grid-column gb-grid-column-65ddf67e\"><div class=\"gb-container gb-container-65ddf67e\"><ul><li> <a href=\"https:\/\/exceladvisor.org\/pt\/limpar-folha\/\">LIMPAR uma planilha inteira usando VBA no Excel<\/a><\/li><li> <a href=\"https:\/\/exceladvisor.org\/pt\/folha-de-copia\/\">Copie e mova uma planilha no Excel usando VBA<\/a><\/li><li> <a href=\"https:\/\/exceladvisor.org\/pt\/conte-as-folhas\/\">COUNT planilhas usando VBA no Excel<\/a><\/li><li> <a href=\"https:\/\/exceladvisor.org\/pt\/excluir-uma-planilha-1\/\">EXCLUIR uma FOLHA usando VBA no Excel<\/a><\/li><li> <a href=\"https:\/\/exceladvisor.org\/pt\/ocultar-planilha\/\">Ocultar e mostrar uma planilha usando VBA no Excel<\/a> <\/li><\/ul><\/div><\/div><div class=\"gb-grid-column gb-grid-column-50067b57\"><div class=\"gb-container gb-container-50067b57\"><\/div><\/div><\/div><\/div>","protected":false},"excerpt":{"rendered":"","protected":false},"author":1,"featured_media":0,"parent":0,"menu_order":0,"comment_status":"open","ping_status":"closed","template":"","meta":{"ub_ctt_via":"","footnotes":""},"class_list":["post-377","page","type-page","status-publish","hentry"],"featured_image_src":null,"yoast_head":"<!-- This site is optimized with the Yoast SEO plugin v25.4 - https:\/\/yoast.com\/wordpress\/plugins\/seo\/ -->\n<title>Como PROTEGER\/DESPROTEGER uma planilha usando VBA<\/title>\n<meta name=\"description\" content=\"Este tutorial ajuda voc\u00ea a aprender como proteger e desproteger uma planilha usando c\u00f3digo VBA. Voc\u00ea tem a possibilidade de proteger um\" \/>\n<meta name=\"robots\" content=\"index, follow, max-snippet:-1, max-image-preview:large, max-video-preview:-1\" \/>\n<link rel=\"canonical\" href=\"https:\/\/exceladvisor.org\/pt\/proteja-a-folha\/\" \/>\n<meta property=\"og:locale\" content=\"pt_PT\" \/>\n<meta property=\"og:type\" content=\"article\" \/>\n<meta property=\"og:title\" content=\"Como PROTEGER\/DESPROTEGER uma planilha usando VBA\" \/>\n<meta property=\"og:description\" content=\"Este tutorial ajuda voc\u00ea a aprender como proteger e desproteger uma planilha usando c\u00f3digo VBA. Voc\u00ea tem a possibilidade de proteger um\" \/>\n<meta property=\"og:url\" content=\"https:\/\/exceladvisor.org\/pt\/proteja-a-folha\/\" \/>\n<meta property=\"og:site_name\" content=\"Excel Advisor\" \/>\n<meta property=\"article:modified_time\" content=\"2023-12-06T11:41:49+00:00\" \/>\n<meta property=\"og:image\" content=\"https:\/\/exceladvisor.org\/wp-content\/uploads\/2023\/08\/1-utiliser-lobjet-feuille-pour-specifier-la-feuille-a-proteger.png\" \/>\n<meta name=\"twitter:card\" content=\"summary_large_image\" \/>\n<meta name=\"twitter:label1\" content=\"Tempo estimado de leitura\" \/>\n\t<meta name=\"twitter:data1\" content=\"3 minutos\" \/>\n<script type=\"application\/ld+json\" class=\"yoast-schema-graph\">{\"@context\":\"https:\/\/schema.org\",\"@graph\":[{\"@type\":\"WebPage\",\"@id\":\"https:\/\/exceladvisor.org\/pt\/proteja-a-folha\/\",\"url\":\"https:\/\/exceladvisor.org\/pt\/proteja-a-folha\/\",\"name\":\"Como PROTEGER\/DESPROTEGER uma planilha usando VBA\",\"isPartOf\":{\"@id\":\"https:\/\/exceladvisor.org\/pt\/#website\"},\"primaryImageOfPage\":{\"@id\":\"https:\/\/exceladvisor.org\/pt\/proteja-a-folha\/#primaryimage\"},\"image\":{\"@id\":\"https:\/\/exceladvisor.org\/pt\/proteja-a-folha\/#primaryimage\"},\"thumbnailUrl\":\"https:\/\/exceladvisor.org\/wp-content\/uploads\/2023\/08\/1-utiliser-lobjet-feuille-pour-specifier-la-feuille-a-proteger.png\",\"datePublished\":\"2023-10-31T12:32:23+00:00\",\"dateModified\":\"2023-12-06T11:41:49+00:00\",\"description\":\"Este tutorial ajuda voc\u00ea a aprender como proteger e desproteger uma planilha usando c\u00f3digo VBA. Voc\u00ea tem a possibilidade de proteger um\",\"breadcrumb\":{\"@id\":\"https:\/\/exceladvisor.org\/pt\/proteja-a-folha\/#breadcrumb\"},\"inLanguage\":\"pt-PT\",\"potentialAction\":[{\"@type\":\"ReadAction\",\"target\":[\"https:\/\/exceladvisor.org\/pt\/proteja-a-folha\/\"]}]},{\"@type\":\"ImageObject\",\"inLanguage\":\"pt-PT\",\"@id\":\"https:\/\/exceladvisor.org\/pt\/proteja-a-folha\/#primaryimage\",\"url\":\"https:\/\/exceladvisor.org\/wp-content\/uploads\/2023\/08\/1-utiliser-lobjet-feuille-pour-specifier-la-feuille-a-proteger.png\",\"contentUrl\":\"https:\/\/exceladvisor.org\/wp-content\/uploads\/2023\/08\/1-utiliser-lobjet-feuille-pour-specifier-la-feuille-a-proteger.png\"},{\"@type\":\"BreadcrumbList\",\"@id\":\"https:\/\/exceladvisor.org\/pt\/proteja-a-folha\/#breadcrumb\",\"itemListElement\":[{\"@type\":\"ListItem\",\"position\":1,\"name\":\"Lar\",\"item\":\"https:\/\/exceladvisor.org\/pt\/\"},{\"@type\":\"ListItem\",\"position\":2,\"name\":\"Como proteger\/desproteger uma planilha usando vba?\"}]},{\"@type\":\"WebSite\",\"@id\":\"https:\/\/exceladvisor.org\/pt\/#website\",\"url\":\"https:\/\/exceladvisor.org\/pt\/\",\"name\":\"Excel Advisor\",\"description\":\"O seu guia definitivo para dominar os dados!\",\"publisher\":{\"@id\":\"https:\/\/exceladvisor.org\/pt\/#organization\"},\"potentialAction\":[{\"@type\":\"SearchAction\",\"target\":{\"@type\":\"EntryPoint\",\"urlTemplate\":\"https:\/\/exceladvisor.org\/pt\/?s={search_term_string}\"},\"query-input\":{\"@type\":\"PropertyValueSpecification\",\"valueRequired\":true,\"valueName\":\"search_term_string\"}}],\"inLanguage\":\"pt-PT\"},{\"@type\":\"Organization\",\"@id\":\"https:\/\/exceladvisor.org\/pt\/#organization\",\"name\":\"Excel Advisor\",\"url\":\"https:\/\/exceladvisor.org\/pt\/\",\"logo\":{\"@type\":\"ImageObject\",\"inLanguage\":\"pt-PT\",\"@id\":\"https:\/\/exceladvisor.org\/pt\/#\/schema\/logo\/image\/\",\"url\":\"https:\/\/exceladvisor.org\/pt\/wp-content\/uploads\/2023\/12\/exceladvisor.org_.png\",\"contentUrl\":\"https:\/\/exceladvisor.org\/pt\/wp-content\/uploads\/2023\/12\/exceladvisor.org_.png\",\"width\":105,\"height\":36,\"caption\":\"Excel Advisor\"},\"image\":{\"@id\":\"https:\/\/exceladvisor.org\/pt\/#\/schema\/logo\/image\/\"}}]}<\/script>\n<!-- \/ Yoast SEO plugin. -->","yoast_head_json":{"title":"Como PROTEGER\/DESPROTEGER uma planilha usando VBA","description":"Este tutorial ajuda voc\u00ea a aprender como proteger e desproteger uma planilha usando c\u00f3digo VBA. Voc\u00ea tem a possibilidade de proteger um","robots":{"index":"index","follow":"follow","max-snippet":"max-snippet:-1","max-image-preview":"max-image-preview:large","max-video-preview":"max-video-preview:-1"},"canonical":"https:\/\/exceladvisor.org\/pt\/proteja-a-folha\/","og_locale":"pt_PT","og_type":"article","og_title":"Como PROTEGER\/DESPROTEGER uma planilha usando VBA","og_description":"Este tutorial ajuda voc\u00ea a aprender como proteger e desproteger uma planilha usando c\u00f3digo VBA. Voc\u00ea tem a possibilidade de proteger um","og_url":"https:\/\/exceladvisor.org\/pt\/proteja-a-folha\/","og_site_name":"Excel Advisor","article_modified_time":"2023-12-06T11:41:49+00:00","og_image":[{"url":"https:\/\/exceladvisor.org\/wp-content\/uploads\/2023\/08\/1-utiliser-lobjet-feuille-pour-specifier-la-feuille-a-proteger.png","type":"","width":"","height":""}],"twitter_card":"summary_large_image","twitter_misc":{"Tempo estimado de leitura":"3 minutos"},"schema":{"@context":"https:\/\/schema.org","@graph":[{"@type":"WebPage","@id":"https:\/\/exceladvisor.org\/pt\/proteja-a-folha\/","url":"https:\/\/exceladvisor.org\/pt\/proteja-a-folha\/","name":"Como PROTEGER\/DESPROTEGER uma planilha usando VBA","isPartOf":{"@id":"https:\/\/exceladvisor.org\/pt\/#website"},"primaryImageOfPage":{"@id":"https:\/\/exceladvisor.org\/pt\/proteja-a-folha\/#primaryimage"},"image":{"@id":"https:\/\/exceladvisor.org\/pt\/proteja-a-folha\/#primaryimage"},"thumbnailUrl":"https:\/\/exceladvisor.org\/wp-content\/uploads\/2023\/08\/1-utiliser-lobjet-feuille-pour-specifier-la-feuille-a-proteger.png","datePublished":"2023-10-31T12:32:23+00:00","dateModified":"2023-12-06T11:41:49+00:00","description":"Este tutorial ajuda voc\u00ea a aprender como proteger e desproteger uma planilha usando c\u00f3digo VBA. Voc\u00ea tem a possibilidade de proteger um","breadcrumb":{"@id":"https:\/\/exceladvisor.org\/pt\/proteja-a-folha\/#breadcrumb"},"inLanguage":"pt-PT","potentialAction":[{"@type":"ReadAction","target":["https:\/\/exceladvisor.org\/pt\/proteja-a-folha\/"]}]},{"@type":"ImageObject","inLanguage":"pt-PT","@id":"https:\/\/exceladvisor.org\/pt\/proteja-a-folha\/#primaryimage","url":"https:\/\/exceladvisor.org\/wp-content\/uploads\/2023\/08\/1-utiliser-lobjet-feuille-pour-specifier-la-feuille-a-proteger.png","contentUrl":"https:\/\/exceladvisor.org\/wp-content\/uploads\/2023\/08\/1-utiliser-lobjet-feuille-pour-specifier-la-feuille-a-proteger.png"},{"@type":"BreadcrumbList","@id":"https:\/\/exceladvisor.org\/pt\/proteja-a-folha\/#breadcrumb","itemListElement":[{"@type":"ListItem","position":1,"name":"Lar","item":"https:\/\/exceladvisor.org\/pt\/"},{"@type":"ListItem","position":2,"name":"Como proteger\/desproteger uma planilha usando vba?"}]},{"@type":"WebSite","@id":"https:\/\/exceladvisor.org\/pt\/#website","url":"https:\/\/exceladvisor.org\/pt\/","name":"Excel Advisor","description":"O seu guia definitivo para dominar os dados!","publisher":{"@id":"https:\/\/exceladvisor.org\/pt\/#organization"},"potentialAction":[{"@type":"SearchAction","target":{"@type":"EntryPoint","urlTemplate":"https:\/\/exceladvisor.org\/pt\/?s={search_term_string}"},"query-input":{"@type":"PropertyValueSpecification","valueRequired":true,"valueName":"search_term_string"}}],"inLanguage":"pt-PT"},{"@type":"Organization","@id":"https:\/\/exceladvisor.org\/pt\/#organization","name":"Excel Advisor","url":"https:\/\/exceladvisor.org\/pt\/","logo":{"@type":"ImageObject","inLanguage":"pt-PT","@id":"https:\/\/exceladvisor.org\/pt\/#\/schema\/logo\/image\/","url":"https:\/\/exceladvisor.org\/pt\/wp-content\/uploads\/2023\/12\/exceladvisor.org_.png","contentUrl":"https:\/\/exceladvisor.org\/pt\/wp-content\/uploads\/2023\/12\/exceladvisor.org_.png","width":105,"height":36,"caption":"Excel Advisor"},"image":{"@id":"https:\/\/exceladvisor.org\/pt\/#\/schema\/logo\/image\/"}}]}},"yoast_meta":{"yoast_wpseo_title":"","yoast_wpseo_metadesc":"","yoast_wpseo_canonical":""},"_links":{"self":[{"href":"https:\/\/exceladvisor.org\/pt\/wp-json\/wp\/v2\/pages\/377","targetHints":{"allow":["GET"]}}],"collection":[{"href":"https:\/\/exceladvisor.org\/pt\/wp-json\/wp\/v2\/pages"}],"about":[{"href":"https:\/\/exceladvisor.org\/pt\/wp-json\/wp\/v2\/types\/page"}],"author":[{"embeddable":true,"href":"https:\/\/exceladvisor.org\/pt\/wp-json\/wp\/v2\/users\/1"}],"replies":[{"embeddable":true,"href":"https:\/\/exceladvisor.org\/pt\/wp-json\/wp\/v2\/comments?post=377"}],"version-history":[{"count":1,"href":"https:\/\/exceladvisor.org\/pt\/wp-json\/wp\/v2\/pages\/377\/revisions"}],"predecessor-version":[{"id":1160,"href":"https:\/\/exceladvisor.org\/pt\/wp-json\/wp\/v2\/pages\/377\/revisions\/1160"}],"wp:attachment":[{"href":"https:\/\/exceladvisor.org\/pt\/wp-json\/wp\/v2\/media?parent=377"}],"curies":[{"name":"wp","href":"https:\/\/api.w.org\/{rel}","templated":true}]}}