{"id":378,"date":"2023-10-31T11:46:31","date_gmt":"2023-10-31T11:46:31","guid":{"rendered":"https:\/\/exceladvisor.org\/pt\/o-que-e-uma-funcao-no-excel\/"},"modified":"2023-12-06T11:51:15","modified_gmt":"2023-12-06T11:51:15","slug":"o-que-e-uma-funcao-no-excel","status":"publish","type":"page","link":"https:\/\/exceladvisor.org\/pt\/o-que-e-uma-funcao-no-excel\/","title":{"rendered":"O que \u00e9 uma fun\u00e7\u00e3o no excel?"},"content":{"rendered":"<div class=\"excel-before-content-2\" id=\"excel-455629828\"><script type=\"text\/javascript\">\r\n\tatOptions = {\r\n\t\t'key' : 'c1158f160081d6540a8409e6925dab94',\r\n\t\t'format' : 'iframe',\r\n\t\t'height' : 250,\r\n\t\t'width' : 300,\r\n\t\t'params' : {}\r\n\t};\r\n<\/script>\r\n<script type=\"text\/javascript\" src=\"\/\/www.highperformanceformat.com\/c1158f160081d6540a8409e6925dab94\/invoke.js\"><\/script><\/div><div class=\"excel-before-content\" id=\"excel-1274690619\"><script type=\"text\/javascript\">\r\n\tatOptions = {\r\n\t\t'key' : 'c1158f160081d6540a8409e6925dab94',\r\n\t\t'format' : 'iframe',\r\n\t\t'height' : 250,\r\n\t\t'width' : 300,\r\n\t\t'params' : {}\r\n\t};\r\n<\/script>\r\n<script type=\"text\/javascript\" src=\"\/\/www.highperformanceformat.com\/c1158f160081d6540a8409e6925dab94\/invoke.js\"><\/script><\/div> <p>No Excel, uma fun\u00e7\u00e3o \u00e9 uma f\u00f3rmula predefinida que realiza um c\u00e1lculo espec\u00edfico usando valores inseridos pelo usu\u00e1rio como argumentos. Cada fun\u00e7\u00e3o do Excel tem uma finalidade espec\u00edfica, em palavras simples, calcula um valor espec\u00edfico. Cada fun\u00e7\u00e3o possui seus argumentos (o valor a ser inserido) para obter o valor do resultado na c\u00e9lula.<\/p><h2> Componentes<\/h2><p> Cada fun\u00e7\u00e3o possui dois componentes principais. Resumindo, toda fun\u00e7\u00e3o (exceto algumas) \u00e9 composta pelos dois elementos a seguir:<\/p><ul><li> Nome da fun\u00e7\u00e3o<\/li><li> Argumentos<\/li><\/ul><p> Deixe-me mostrar-lhe um exemplo. Vamos dar uma olhada na fun\u00e7\u00e3o abaixo que inserimos na c\u00e9lula A1.<\/p><p> Agora, se voc\u00ea olhar a barra de f\u00f3rmulas, poder\u00e1 entender a estrutura da fun\u00e7\u00e3o dividindo-a em duas partes, ou seja, o nome e os argumentos.<\/p><h3> Argumentos de fun\u00e7\u00e3o<\/h3><p> Como j\u00e1 mencionei, em uma fun\u00e7\u00e3o voc\u00ea precisa especificar valores de entrada para obter o resultado desejado. Um argumento \u00e9 o valor que voc\u00ea deve especificar. Se voc\u00ea observar a sintaxe de uma fun\u00e7\u00e3o, ver\u00e1 que dentro de cada fun\u00e7\u00e3o existem argumentos definidos a serem especificados.<\/p><p> Aqui est\u00e3o os tipos de argumentos:<\/p><ul><li> Obrigat\u00f3rio: Um argumento obrigat\u00f3rio \u00e9 obrigat\u00f3rio para um usu\u00e1rio especificar e sem o qual uma fun\u00e7\u00e3o n\u00e3o pode calcular seu resultado.<\/li><li> Opcional: Se voc\u00ea ignorar a especifica\u00e7\u00e3o desses argumentos, isso n\u00e3o impedir\u00e1 que uma fun\u00e7\u00e3o calcule seu valor de resultado.<\/li><li> Sem argumentos: Existem poucas fun\u00e7\u00f5es (como NOW) para as quais voc\u00ea n\u00e3o precisa especificar um argumento.<\/li><\/ul><h2> Como INSERIR uma fun\u00e7\u00e3o no Excel<\/h2><p> A maneira mais f\u00e1cil de inserir uma fun\u00e7\u00e3o em uma c\u00e9lula do Excel \u00e9 digitar o nome da fun\u00e7\u00e3o que deseja inserir, come\u00e7ando com o sinal de igual.<\/p><p> Suponha que voc\u00ea queira inserir a fun\u00e7\u00e3o SUM:<\/p><ul><li> Primeiro, voc\u00ea precisa digitar = e depois digitar SUM.<\/li><li> Depois disso, insira os par\u00eanteses de abertura.<\/li><li> Especifique os argumentos (consulte uma c\u00e9lula ou voc\u00ea pode inserir valores diretamente na fun\u00e7\u00e3o).<\/li><li> No final, digite par\u00eanteses de fechamento e pressione Enter.<\/li><\/ul><h2> Tipos principais<\/h2><p> Aqui est\u00e3o os principais tipos:<\/p><ul><li> <strong>Fun\u00e7\u00f5es de texto<\/strong> : se voc\u00ea lida com dados que cont\u00eam texto, aqui est\u00e3o algumas das fun\u00e7\u00f5es que voc\u00ea precisa aprender para trabalhar de maneira eficaz.<\/li><li> <strong>Fun\u00e7\u00f5es de data<\/strong> : As datas s\u00e3o um dos principais ingredientes dos dados que voc\u00ea usa todos os dias e ajudam a analisar melhor seus dados.<\/li><li> <strong>Fun\u00e7\u00f5es de tempo<\/strong> : Assim como as datas, a hora tamb\u00e9m pode estar presente nos dados e voc\u00ea pode usar fun\u00e7\u00f5es de tempo para processar dados onde houver valores de tempo.<\/li><li> <strong>Fun\u00e7\u00f5es l\u00f3gicas<\/strong> : As fun\u00e7\u00f5es l\u00f3gicas podem ajud\u00e1-lo a criar algumas das f\u00f3rmulas mais \u00fateis em sua planilha.<\/li><li> <strong>Fun\u00e7\u00f5es matem\u00e1ticas<\/strong> : o Excel tem tudo a ver com c\u00e1lculos e an\u00e1lises e fun\u00e7\u00f5es matem\u00e1ticas e voc\u00ea pode usar essas fun\u00e7\u00f5es para melhorar os c\u00e1lculos e an\u00e1lises.<\/li><li> <strong>Fun\u00e7\u00f5es estat\u00edsticas<\/strong> : uma das melhores coisas do Excel \u00e9 que existem v\u00e1rias fun\u00e7\u00f5es estat\u00edsticas que voc\u00ea pode usar para analisar dados facilmente.<\/li><li> <strong>Fun\u00e7\u00f5es de pesquisa<\/strong> : no Excel, existem fun\u00e7\u00f5es espec\u00edficas que podem ajud\u00e1-lo a pesquisar um valor ou informa\u00e7\u00e3o espec\u00edfica sobre uma c\u00e9lula ou intervalo de c\u00e9lulas.<\/li><li> <strong>Fun\u00e7\u00e3o de informa\u00e7\u00e3o<\/strong> : Estas s\u00e3o algumas fun\u00e7\u00f5es espec\u00edficas que voc\u00ea pode usar para obter informa\u00e7\u00f5es sobre os valores fornecidos.<\/li><li> <strong>Fun\u00e7\u00f5es financeiras<\/strong> : essas fun\u00e7\u00f5es podem ajud\u00e1-lo a calcular facilmente alguns dos c\u00e1lculos financeiros comuns, mas importantes.<\/li><\/ul>","protected":false},"excerpt":{"rendered":"","protected":false},"author":1,"featured_media":0,"parent":0,"menu_order":0,"comment_status":"open","ping_status":"closed","template":"","meta":{"ub_ctt_via":"","footnotes":""},"class_list":["post-378","page","type-page","status-publish","hentry"],"featured_image_src":null,"yoast_head":"<!-- This site is optimized with the Yoast SEO plugin v25.4 - https:\/\/yoast.com\/wordpress\/plugins\/seo\/ -->\n<title>O que \u00e9 uma fun\u00e7\u00e3o no Excel? \u2013 Consultor Excel<\/title>\n<meta name=\"description\" content=\"Uma fun\u00e7\u00e3o \u00e9 uma f\u00f3rmula predefinida que executa um c\u00e1lculo espec\u00edfico usando valores inseridos pelo usu\u00e1rio como argumentos.\" \/>\n<meta name=\"robots\" content=\"index, follow, max-snippet:-1, max-image-preview:large, max-video-preview:-1\" \/>\n<link rel=\"canonical\" href=\"https:\/\/exceladvisor.org\/pt\/o-que-e-uma-funcao-no-excel\/\" \/>\n<meta property=\"og:locale\" content=\"pt_PT\" \/>\n<meta property=\"og:type\" content=\"article\" \/>\n<meta property=\"og:title\" content=\"O que \u00e9 uma fun\u00e7\u00e3o no Excel? \u2013 Consultor Excel\" \/>\n<meta property=\"og:description\" content=\"Uma fun\u00e7\u00e3o \u00e9 uma f\u00f3rmula predefinida que executa um c\u00e1lculo espec\u00edfico usando valores inseridos pelo usu\u00e1rio como argumentos.\" \/>\n<meta property=\"og:url\" content=\"https:\/\/exceladvisor.org\/pt\/o-que-e-uma-funcao-no-excel\/\" \/>\n<meta property=\"og:site_name\" content=\"Excel Advisor\" \/>\n<meta property=\"article:modified_time\" content=\"2023-12-06T11:51:15+00:00\" \/>\n<meta name=\"twitter:card\" content=\"summary_large_image\" \/>\n<meta name=\"twitter:label1\" content=\"Tempo estimado de leitura\" \/>\n\t<meta name=\"twitter:data1\" content=\"3 minutos\" \/>\n<script type=\"application\/ld+json\" class=\"yoast-schema-graph\">{\"@context\":\"https:\/\/schema.org\",\"@graph\":[{\"@type\":\"WebPage\",\"@id\":\"https:\/\/exceladvisor.org\/pt\/o-que-e-uma-funcao-no-excel\/\",\"url\":\"https:\/\/exceladvisor.org\/pt\/o-que-e-uma-funcao-no-excel\/\",\"name\":\"O que \u00e9 uma fun\u00e7\u00e3o no Excel? \u2013 Consultor Excel\",\"isPartOf\":{\"@id\":\"https:\/\/exceladvisor.org\/pt\/#website\"},\"datePublished\":\"2023-10-31T11:46:31+00:00\",\"dateModified\":\"2023-12-06T11:51:15+00:00\",\"description\":\"Uma fun\u00e7\u00e3o \u00e9 uma f\u00f3rmula predefinida que executa um c\u00e1lculo espec\u00edfico usando valores inseridos pelo usu\u00e1rio como argumentos.\",\"breadcrumb\":{\"@id\":\"https:\/\/exceladvisor.org\/pt\/o-que-e-uma-funcao-no-excel\/#breadcrumb\"},\"inLanguage\":\"pt-PT\",\"potentialAction\":[{\"@type\":\"ReadAction\",\"target\":[\"https:\/\/exceladvisor.org\/pt\/o-que-e-uma-funcao-no-excel\/\"]}]},{\"@type\":\"BreadcrumbList\",\"@id\":\"https:\/\/exceladvisor.org\/pt\/o-que-e-uma-funcao-no-excel\/#breadcrumb\",\"itemListElement\":[{\"@type\":\"ListItem\",\"position\":1,\"name\":\"Lar\",\"item\":\"https:\/\/exceladvisor.org\/pt\/\"},{\"@type\":\"ListItem\",\"position\":2,\"name\":\"O que \u00e9 uma fun\u00e7\u00e3o no excel?\"}]},{\"@type\":\"WebSite\",\"@id\":\"https:\/\/exceladvisor.org\/pt\/#website\",\"url\":\"https:\/\/exceladvisor.org\/pt\/\",\"name\":\"Excel Advisor\",\"description\":\"O seu guia definitivo para dominar os dados!\",\"publisher\":{\"@id\":\"https:\/\/exceladvisor.org\/pt\/#organization\"},\"potentialAction\":[{\"@type\":\"SearchAction\",\"target\":{\"@type\":\"EntryPoint\",\"urlTemplate\":\"https:\/\/exceladvisor.org\/pt\/?s={search_term_string}\"},\"query-input\":{\"@type\":\"PropertyValueSpecification\",\"valueRequired\":true,\"valueName\":\"search_term_string\"}}],\"inLanguage\":\"pt-PT\"},{\"@type\":\"Organization\",\"@id\":\"https:\/\/exceladvisor.org\/pt\/#organization\",\"name\":\"Excel Advisor\",\"url\":\"https:\/\/exceladvisor.org\/pt\/\",\"logo\":{\"@type\":\"ImageObject\",\"inLanguage\":\"pt-PT\",\"@id\":\"https:\/\/exceladvisor.org\/pt\/#\/schema\/logo\/image\/\",\"url\":\"https:\/\/exceladvisor.org\/pt\/wp-content\/uploads\/2023\/12\/exceladvisor.org_.png\",\"contentUrl\":\"https:\/\/exceladvisor.org\/pt\/wp-content\/uploads\/2023\/12\/exceladvisor.org_.png\",\"width\":105,\"height\":36,\"caption\":\"Excel Advisor\"},\"image\":{\"@id\":\"https:\/\/exceladvisor.org\/pt\/#\/schema\/logo\/image\/\"}}]}<\/script>\n<!-- \/ Yoast SEO plugin. -->","yoast_head_json":{"title":"O que \u00e9 uma fun\u00e7\u00e3o no Excel? \u2013 Consultor Excel","description":"Uma fun\u00e7\u00e3o \u00e9 uma f\u00f3rmula predefinida que executa um c\u00e1lculo espec\u00edfico usando valores inseridos pelo usu\u00e1rio como argumentos.","robots":{"index":"index","follow":"follow","max-snippet":"max-snippet:-1","max-image-preview":"max-image-preview:large","max-video-preview":"max-video-preview:-1"},"canonical":"https:\/\/exceladvisor.org\/pt\/o-que-e-uma-funcao-no-excel\/","og_locale":"pt_PT","og_type":"article","og_title":"O que \u00e9 uma fun\u00e7\u00e3o no Excel? \u2013 Consultor Excel","og_description":"Uma fun\u00e7\u00e3o \u00e9 uma f\u00f3rmula predefinida que executa um c\u00e1lculo espec\u00edfico usando valores inseridos pelo usu\u00e1rio como argumentos.","og_url":"https:\/\/exceladvisor.org\/pt\/o-que-e-uma-funcao-no-excel\/","og_site_name":"Excel Advisor","article_modified_time":"2023-12-06T11:51:15+00:00","twitter_card":"summary_large_image","twitter_misc":{"Tempo estimado de leitura":"3 minutos"},"schema":{"@context":"https:\/\/schema.org","@graph":[{"@type":"WebPage","@id":"https:\/\/exceladvisor.org\/pt\/o-que-e-uma-funcao-no-excel\/","url":"https:\/\/exceladvisor.org\/pt\/o-que-e-uma-funcao-no-excel\/","name":"O que \u00e9 uma fun\u00e7\u00e3o no Excel? \u2013 Consultor Excel","isPartOf":{"@id":"https:\/\/exceladvisor.org\/pt\/#website"},"datePublished":"2023-10-31T11:46:31+00:00","dateModified":"2023-12-06T11:51:15+00:00","description":"Uma fun\u00e7\u00e3o \u00e9 uma f\u00f3rmula predefinida que executa um c\u00e1lculo espec\u00edfico usando valores inseridos pelo usu\u00e1rio como argumentos.","breadcrumb":{"@id":"https:\/\/exceladvisor.org\/pt\/o-que-e-uma-funcao-no-excel\/#breadcrumb"},"inLanguage":"pt-PT","potentialAction":[{"@type":"ReadAction","target":["https:\/\/exceladvisor.org\/pt\/o-que-e-uma-funcao-no-excel\/"]}]},{"@type":"BreadcrumbList","@id":"https:\/\/exceladvisor.org\/pt\/o-que-e-uma-funcao-no-excel\/#breadcrumb","itemListElement":[{"@type":"ListItem","position":1,"name":"Lar","item":"https:\/\/exceladvisor.org\/pt\/"},{"@type":"ListItem","position":2,"name":"O que \u00e9 uma fun\u00e7\u00e3o no excel?"}]},{"@type":"WebSite","@id":"https:\/\/exceladvisor.org\/pt\/#website","url":"https:\/\/exceladvisor.org\/pt\/","name":"Excel Advisor","description":"O seu guia definitivo para dominar os dados!","publisher":{"@id":"https:\/\/exceladvisor.org\/pt\/#organization"},"potentialAction":[{"@type":"SearchAction","target":{"@type":"EntryPoint","urlTemplate":"https:\/\/exceladvisor.org\/pt\/?s={search_term_string}"},"query-input":{"@type":"PropertyValueSpecification","valueRequired":true,"valueName":"search_term_string"}}],"inLanguage":"pt-PT"},{"@type":"Organization","@id":"https:\/\/exceladvisor.org\/pt\/#organization","name":"Excel Advisor","url":"https:\/\/exceladvisor.org\/pt\/","logo":{"@type":"ImageObject","inLanguage":"pt-PT","@id":"https:\/\/exceladvisor.org\/pt\/#\/schema\/logo\/image\/","url":"https:\/\/exceladvisor.org\/pt\/wp-content\/uploads\/2023\/12\/exceladvisor.org_.png","contentUrl":"https:\/\/exceladvisor.org\/pt\/wp-content\/uploads\/2023\/12\/exceladvisor.org_.png","width":105,"height":36,"caption":"Excel Advisor"},"image":{"@id":"https:\/\/exceladvisor.org\/pt\/#\/schema\/logo\/image\/"}}]}},"yoast_meta":{"yoast_wpseo_title":"","yoast_wpseo_metadesc":"","yoast_wpseo_canonical":""},"_links":{"self":[{"href":"https:\/\/exceladvisor.org\/pt\/wp-json\/wp\/v2\/pages\/378","targetHints":{"allow":["GET"]}}],"collection":[{"href":"https:\/\/exceladvisor.org\/pt\/wp-json\/wp\/v2\/pages"}],"about":[{"href":"https:\/\/exceladvisor.org\/pt\/wp-json\/wp\/v2\/types\/page"}],"author":[{"embeddable":true,"href":"https:\/\/exceladvisor.org\/pt\/wp-json\/wp\/v2\/users\/1"}],"replies":[{"embeddable":true,"href":"https:\/\/exceladvisor.org\/pt\/wp-json\/wp\/v2\/comments?post=378"}],"version-history":[{"count":1,"href":"https:\/\/exceladvisor.org\/pt\/wp-json\/wp\/v2\/pages\/378\/revisions"}],"predecessor-version":[{"id":1460,"href":"https:\/\/exceladvisor.org\/pt\/wp-json\/wp\/v2\/pages\/378\/revisions\/1460"}],"wp:attachment":[{"href":"https:\/\/exceladvisor.org\/pt\/wp-json\/wp\/v2\/media?parent=378"}],"curies":[{"name":"wp","href":"https:\/\/api.w.org\/{rel}","templated":true}]}}