{"id":379,"date":"2023-10-31T09:02:59","date_gmt":"2023-10-31T09:02:59","guid":{"rendered":"https:\/\/exceladvisor.org\/pt\/centralize-a-planilha-horizontalmente\/"},"modified":"2023-12-06T11:35:13","modified_gmt":"2023-12-06T11:35:13","slug":"centralize-a-planilha-horizontalmente","status":"publish","type":"page","link":"https:\/\/exceladvisor.org\/pt\/centralize-a-planilha-horizontalmente\/","title":{"rendered":"Como centralizar uma planilha no excel?"},"content":{"rendered":"<div class=\"excel-before-content-2\" id=\"excel-654783299\"><script type=\"text\/javascript\">\r\n\tatOptions = {\r\n\t\t'key' : 'c1158f160081d6540a8409e6925dab94',\r\n\t\t'format' : 'iframe',\r\n\t\t'height' : 250,\r\n\t\t'width' : 300,\r\n\t\t'params' : {}\r\n\t};\r\n<\/script>\r\n<script type=\"text\/javascript\" src=\"\/\/www.highperformanceformat.com\/c1158f160081d6540a8409e6925dab94\/invoke.js\"><\/script><\/div><div class=\"excel-before-content\" id=\"excel-1745536291\"><script type=\"text\/javascript\">\r\n\tatOptions = {\r\n\t\t'key' : 'c1158f160081d6540a8409e6925dab94',\r\n\t\t'format' : 'iframe',\r\n\t\t'height' : 250,\r\n\t\t'width' : 300,\r\n\t\t'params' : {}\r\n\t};\r\n<\/script>\r\n<script type=\"text\/javascript\" src=\"\/\/www.highperformanceformat.com\/c1158f160081d6540a8409e6925dab94\/invoke.js\"><\/script><\/div> <p>No Excel, ao abrir uma planilha, voc\u00ea pode inserir dados da esquerda para a direita. Uma planilha \u00e9 alinhada \u00e0 esquerda horizontalmente e alinhada verticalmente.<\/p><p> Mas voc\u00ea pode alinhar os dados em uma planilha ao centro horizontalmente e ao meio verticalmente. <\/p><div class=\"wp-block-image\"><figure class=\"aligncenter size-full is-resized\"><img loading=\"lazy\" decoding=\"async\" class=\"wp-image-72534\" src=\"https:\/\/exceladvisor.org\/wp-content\/uploads\/2023\/08\/1-boite-de-dialogue-de-mise-en-page.png\" sizes=\"auto, \" srcset=\"\" alt=\"caixa de di\u00e1logo de layout\" width=\"485\" height=\"468\"><\/figure><\/div><h2 class=\"wp-block-heading\"> Etapas para criar uma planilha centralizada horizontalmente<\/h2><ol><li> Primeiro, v\u00e1 para a guia Layout e clique no menu suspenso de op\u00e7\u00f5es de margem. <br><img loading=\"lazy\" decoding=\"async\" title=\"Menu suspenso de op\u00e7\u00f5es de margem com 2 cliques\" src=\"https:\/\/exceladvisor.org\/wp-content\/uploads\/2023\/08\/Liste-deroulante-des-options-de-marge-en-2-clics.png\" sizes=\"auto, \" srcset=\"\" alt=\"click-margin-option-dropdown\" width=\"506\" height=\"209\"><\/li><li> Agora, nas margens, clique na op\u00e7\u00e3o de margens personalizadas. Isso abre a caixa de di\u00e1logo de layout. <br><img loading=\"lazy\" decoding=\"async\" title=\"Op\u00e7\u00f5es de margem personalizadas em 3 cliques\" src=\"https:\/\/exceladvisor.org\/wp-content\/uploads\/2023\/08\/Options-de-marge-personnalisees-en-3-clics.png\" sizes=\"auto, \" srcset=\"\" alt=\"click-custom-margin-options\" width=\"549\" height=\"537\"><\/li><li> Depois disso, na caixa de di\u00e1logo de configura\u00e7\u00e3o da p\u00e1gina, verifique o centro das op\u00e7\u00f5es da p\u00e1gina (horizontal e vertical). No momento em que voc\u00ea fizer isso, voc\u00ea ver\u00e1 que os dados da planilha agora est\u00e3o horizontalmente no centro e verticalmente no meio. <br><img loading=\"lazy\" decoding=\"async\" title=\"4 op\u00e7\u00f5es de marca de sele\u00e7\u00e3o horizontal e verticalmente\" src=\"https:\/\/exceladvisor.org\/wp-content\/uploads\/2023\/08\/4-options-de-coche-horizontalement-et-verticalement.png\" sizes=\"auto, \" srcset=\"\" alt=\"tickmark-horizontally-and-vertically-options\" width=\"536\" height=\"517\"><\/li><li> Ao final, clique em OK para salvar essas configura\u00e7\u00f5es.<\/li><\/ol><p> Isso n\u00e3o vai alterar os dados que voc\u00ea tem na planilha, mas quando voc\u00ea fizer um print ele far\u00e1 isso horizontalmente no centro e verticalmente no meio.<\/p><h2 class=\"wp-block-heading\"> Usando a op\u00e7\u00e3o de visualiza\u00e7\u00e3o de impress\u00e3o para criar uma planilha centralizada horizontalmente<\/h2><p> A mesma op\u00e7\u00e3o pode ser alterada na op\u00e7\u00e3o de visualiza\u00e7\u00e3o de impress\u00e3o.<\/p><ol type=\"1\"><li> V\u00e1 para a guia Arquivo e clique na op\u00e7\u00e3o Imprimir.<\/li><li> Depois disso, clique em \u201cConfigurar p\u00e1gina\u201d.<\/li><li> Agora clique na guia Margem.<\/li><li> Em seguida, marque as caixas horizontal e verticalmente.<\/li><li> Ao final, clique em OK para salvar as configura\u00e7\u00f5es. <\/li><\/ol><div class=\"wp-block-image\"><figure class=\"aligncenter size-full is-resized\"><img loading=\"lazy\" decoding=\"async\" class=\"wp-image-72538\" src=\"https:\/\/exceladvisor.org\/wp-content\/uploads\/2023\/08\/5-creer-une-feuille-de-calcul-horizontalement.png\" sizes=\"auto, \" srcset=\"\" alt=\"fazer planilha horizontalmente\" width=\"710\" height=\"510\"><\/figure><\/div><p> Esta \u00e9 a mesma op\u00e7\u00e3o que usamos no primeiro m\u00e9todo, mas \u00e9 apenas uma forma diferente de abri-la.<\/p><h2 class=\"wp-block-heading\"> Atalho de teclado<\/h2><p> Se quiser criar uma planilha horizontalmente no centro, use um <a href=\"https:\/\/exceladvisor.org\/pt\/atalhos-do-teclado\/\">atalho de teclado<\/a> para abrir o layout e aplique as configura\u00e7\u00f5es:<\/p><p> <kbd>Alt<\/kbd> \u21e2 <kbd>P<\/kbd> \u21e2 <kbd>S<\/kbd> \u21e2 <kbd>P<\/kbd> \u21e2 <kbd>M<\/kbd><\/p><p> Quando voc\u00ea pressiona esta tecla de atalho, a caixa de di\u00e1logo de layout e a guia de margem s\u00e3o abertas.<\/p><p> E a partir da\u00ed voc\u00ea pode aplicar a configura\u00e7\u00e3o para deixar sua planilha horizontalmente no centro e verticalmente no meio.<\/p><p> Como falei anteriormente, ao aplicar essas configura\u00e7\u00f5es, ele n\u00e3o far\u00e1 nenhuma altera\u00e7\u00e3o nos dados da planilha, mas alterar\u00e1 o alinhamento que voc\u00ea tem ao imprimi-la.<\/p><p> Voc\u00ea tamb\u00e9m v\u00ea essa configura\u00e7\u00e3o na <a href=\"https:\/\/exceladvisor.org\/pt\/visualizacao-de-impressao-1\/\">visualiza\u00e7\u00e3o da impress\u00e3o<\/a> .<\/p><div class=\"gb-container gb-container-4db6181c gb-container-mt\"> <a class=\"gb-button gb-button-c5897111 gb-button-text gb-button-mt-button\" href=\"https:\/\/exceladvisor.org\/pt\/nocoes-basicas-de-excel\/\">No\u00e7\u00f5es b\u00e1sicas do Microsoft Excel (componentes, pe\u00e7as e notas de conhecimento)<\/a><h2 class=\"gb-headline gb-headline-665e5f6b gb-headline-text gb-headline-mt-heading\"> Tutoriais relacionados <\/h2><div class=\"gb-grid-wrapper gb-grid-wrapper-a20baf7c gb-grid-wrapper-mt-grid\"><div class=\"gb-grid-column gb-grid-column-65ddf67e\"><div class=\"gb-container gb-container-65ddf67e\"><ul><li> <a href=\"https:\/\/exceladvisor.org\/pt\/imprimir-titulos\/\">Aplicar t\u00edtulos de impress\u00e3o no Excel (defina a linha 1 para imprimir em todas as p\u00e1ginas)<\/a><\/li><li> <a href=\"https:\/\/exceladvisor.org\/pt\/papel-grafico\/\">Imprima um papel milimetrado no Excel (modelo de grade quadrada)<\/a><\/li><li> <a href=\"https:\/\/exceladvisor.org\/pt\/remover-quebra-de-pagina\/\">Remover quebra de p\u00e1gina no Excel<\/a><\/li><li> <a href=\"https:\/\/exceladvisor.org\/pt\/definir-area-de-impressao\/\">Definir \u00e1rea de impress\u00e3o no Excel<\/a> <\/li><\/ul><\/div><\/div><div class=\"gb-grid-column gb-grid-column-50067b57\"><div class=\"gb-container gb-container-50067b57\"><\/div><\/div><\/div><\/div>","protected":false},"excerpt":{"rendered":"","protected":false},"author":1,"featured_media":0,"parent":0,"menu_order":0,"comment_status":"open","ping_status":"closed","template":"","meta":{"ub_ctt_via":"","footnotes":""},"class_list":["post-379","page","type-page","status-publish","hentry"],"featured_image_src":null,"yoast_head":"<!-- This site is optimized with the Yoast SEO plugin v25.4 - https:\/\/yoast.com\/wordpress\/plugins\/seo\/ -->\n<title>Como centralizar uma planilha no Excel? (Tutorial 2023)<\/title>\n<meta name=\"description\" content=\"Neste tutorial, aprenderemos como criar uma planilha horizontalmente no centro e verticalmente no meio enquanto\" \/>\n<meta name=\"robots\" content=\"index, follow, max-snippet:-1, max-image-preview:large, max-video-preview:-1\" \/>\n<link rel=\"canonical\" href=\"https:\/\/exceladvisor.org\/pt\/centralize-a-planilha-horizontalmente\/\" \/>\n<meta property=\"og:locale\" content=\"pt_PT\" \/>\n<meta property=\"og:type\" content=\"article\" \/>\n<meta property=\"og:title\" content=\"Como centralizar uma planilha no Excel? (Tutorial 2023)\" \/>\n<meta property=\"og:description\" content=\"Neste tutorial, aprenderemos como criar uma planilha horizontalmente no centro e verticalmente no meio enquanto\" \/>\n<meta property=\"og:url\" content=\"https:\/\/exceladvisor.org\/pt\/centralize-a-planilha-horizontalmente\/\" \/>\n<meta property=\"og:site_name\" content=\"Excel Advisor\" \/>\n<meta property=\"article:modified_time\" content=\"2023-12-06T11:35:13+00:00\" \/>\n<meta property=\"og:image\" content=\"https:\/\/exceladvisor.org\/wp-content\/uploads\/2023\/08\/1-boite-de-dialogue-de-mise-en-page.png\" \/>\n<meta name=\"twitter:card\" content=\"summary_large_image\" \/>\n<meta name=\"twitter:label1\" content=\"Tempo estimado de leitura\" \/>\n\t<meta name=\"twitter:data1\" content=\"2 minutos\" \/>\n<script type=\"application\/ld+json\" class=\"yoast-schema-graph\">{\"@context\":\"https:\/\/schema.org\",\"@graph\":[{\"@type\":\"WebPage\",\"@id\":\"https:\/\/exceladvisor.org\/pt\/centralize-a-planilha-horizontalmente\/\",\"url\":\"https:\/\/exceladvisor.org\/pt\/centralize-a-planilha-horizontalmente\/\",\"name\":\"Como centralizar uma planilha no Excel? (Tutorial 2023)\",\"isPartOf\":{\"@id\":\"https:\/\/exceladvisor.org\/pt\/#website\"},\"primaryImageOfPage\":{\"@id\":\"https:\/\/exceladvisor.org\/pt\/centralize-a-planilha-horizontalmente\/#primaryimage\"},\"image\":{\"@id\":\"https:\/\/exceladvisor.org\/pt\/centralize-a-planilha-horizontalmente\/#primaryimage\"},\"thumbnailUrl\":\"https:\/\/exceladvisor.org\/wp-content\/uploads\/2023\/08\/1-boite-de-dialogue-de-mise-en-page.png\",\"datePublished\":\"2023-10-31T09:02:59+00:00\",\"dateModified\":\"2023-12-06T11:35:13+00:00\",\"description\":\"Neste tutorial, aprenderemos como criar uma planilha horizontalmente no centro e verticalmente no meio enquanto\",\"breadcrumb\":{\"@id\":\"https:\/\/exceladvisor.org\/pt\/centralize-a-planilha-horizontalmente\/#breadcrumb\"},\"inLanguage\":\"pt-PT\",\"potentialAction\":[{\"@type\":\"ReadAction\",\"target\":[\"https:\/\/exceladvisor.org\/pt\/centralize-a-planilha-horizontalmente\/\"]}]},{\"@type\":\"ImageObject\",\"inLanguage\":\"pt-PT\",\"@id\":\"https:\/\/exceladvisor.org\/pt\/centralize-a-planilha-horizontalmente\/#primaryimage\",\"url\":\"https:\/\/exceladvisor.org\/wp-content\/uploads\/2023\/08\/1-boite-de-dialogue-de-mise-en-page.png\",\"contentUrl\":\"https:\/\/exceladvisor.org\/wp-content\/uploads\/2023\/08\/1-boite-de-dialogue-de-mise-en-page.png\"},{\"@type\":\"BreadcrumbList\",\"@id\":\"https:\/\/exceladvisor.org\/pt\/centralize-a-planilha-horizontalmente\/#breadcrumb\",\"itemListElement\":[{\"@type\":\"ListItem\",\"position\":1,\"name\":\"Lar\",\"item\":\"https:\/\/exceladvisor.org\/pt\/\"},{\"@type\":\"ListItem\",\"position\":2,\"name\":\"Como centralizar uma planilha no excel?\"}]},{\"@type\":\"WebSite\",\"@id\":\"https:\/\/exceladvisor.org\/pt\/#website\",\"url\":\"https:\/\/exceladvisor.org\/pt\/\",\"name\":\"Excel Advisor\",\"description\":\"O seu guia definitivo para dominar os dados!\",\"publisher\":{\"@id\":\"https:\/\/exceladvisor.org\/pt\/#organization\"},\"potentialAction\":[{\"@type\":\"SearchAction\",\"target\":{\"@type\":\"EntryPoint\",\"urlTemplate\":\"https:\/\/exceladvisor.org\/pt\/?s={search_term_string}\"},\"query-input\":{\"@type\":\"PropertyValueSpecification\",\"valueRequired\":true,\"valueName\":\"search_term_string\"}}],\"inLanguage\":\"pt-PT\"},{\"@type\":\"Organization\",\"@id\":\"https:\/\/exceladvisor.org\/pt\/#organization\",\"name\":\"Excel Advisor\",\"url\":\"https:\/\/exceladvisor.org\/pt\/\",\"logo\":{\"@type\":\"ImageObject\",\"inLanguage\":\"pt-PT\",\"@id\":\"https:\/\/exceladvisor.org\/pt\/#\/schema\/logo\/image\/\",\"url\":\"https:\/\/exceladvisor.org\/pt\/wp-content\/uploads\/2023\/12\/exceladvisor.org_.png\",\"contentUrl\":\"https:\/\/exceladvisor.org\/pt\/wp-content\/uploads\/2023\/12\/exceladvisor.org_.png\",\"width\":105,\"height\":36,\"caption\":\"Excel Advisor\"},\"image\":{\"@id\":\"https:\/\/exceladvisor.org\/pt\/#\/schema\/logo\/image\/\"}}]}<\/script>\n<!-- \/ Yoast SEO plugin. -->","yoast_head_json":{"title":"Como centralizar uma planilha no Excel? (Tutorial 2023)","description":"Neste tutorial, aprenderemos como criar uma planilha horizontalmente no centro e verticalmente no meio enquanto","robots":{"index":"index","follow":"follow","max-snippet":"max-snippet:-1","max-image-preview":"max-image-preview:large","max-video-preview":"max-video-preview:-1"},"canonical":"https:\/\/exceladvisor.org\/pt\/centralize-a-planilha-horizontalmente\/","og_locale":"pt_PT","og_type":"article","og_title":"Como centralizar uma planilha no Excel? (Tutorial 2023)","og_description":"Neste tutorial, aprenderemos como criar uma planilha horizontalmente no centro e verticalmente no meio enquanto","og_url":"https:\/\/exceladvisor.org\/pt\/centralize-a-planilha-horizontalmente\/","og_site_name":"Excel Advisor","article_modified_time":"2023-12-06T11:35:13+00:00","og_image":[{"url":"https:\/\/exceladvisor.org\/wp-content\/uploads\/2023\/08\/1-boite-de-dialogue-de-mise-en-page.png","type":"","width":"","height":""}],"twitter_card":"summary_large_image","twitter_misc":{"Tempo estimado de leitura":"2 minutos"},"schema":{"@context":"https:\/\/schema.org","@graph":[{"@type":"WebPage","@id":"https:\/\/exceladvisor.org\/pt\/centralize-a-planilha-horizontalmente\/","url":"https:\/\/exceladvisor.org\/pt\/centralize-a-planilha-horizontalmente\/","name":"Como centralizar uma planilha no Excel? (Tutorial 2023)","isPartOf":{"@id":"https:\/\/exceladvisor.org\/pt\/#website"},"primaryImageOfPage":{"@id":"https:\/\/exceladvisor.org\/pt\/centralize-a-planilha-horizontalmente\/#primaryimage"},"image":{"@id":"https:\/\/exceladvisor.org\/pt\/centralize-a-planilha-horizontalmente\/#primaryimage"},"thumbnailUrl":"https:\/\/exceladvisor.org\/wp-content\/uploads\/2023\/08\/1-boite-de-dialogue-de-mise-en-page.png","datePublished":"2023-10-31T09:02:59+00:00","dateModified":"2023-12-06T11:35:13+00:00","description":"Neste tutorial, aprenderemos como criar uma planilha horizontalmente no centro e verticalmente no meio enquanto","breadcrumb":{"@id":"https:\/\/exceladvisor.org\/pt\/centralize-a-planilha-horizontalmente\/#breadcrumb"},"inLanguage":"pt-PT","potentialAction":[{"@type":"ReadAction","target":["https:\/\/exceladvisor.org\/pt\/centralize-a-planilha-horizontalmente\/"]}]},{"@type":"ImageObject","inLanguage":"pt-PT","@id":"https:\/\/exceladvisor.org\/pt\/centralize-a-planilha-horizontalmente\/#primaryimage","url":"https:\/\/exceladvisor.org\/wp-content\/uploads\/2023\/08\/1-boite-de-dialogue-de-mise-en-page.png","contentUrl":"https:\/\/exceladvisor.org\/wp-content\/uploads\/2023\/08\/1-boite-de-dialogue-de-mise-en-page.png"},{"@type":"BreadcrumbList","@id":"https:\/\/exceladvisor.org\/pt\/centralize-a-planilha-horizontalmente\/#breadcrumb","itemListElement":[{"@type":"ListItem","position":1,"name":"Lar","item":"https:\/\/exceladvisor.org\/pt\/"},{"@type":"ListItem","position":2,"name":"Como centralizar uma planilha no excel?"}]},{"@type":"WebSite","@id":"https:\/\/exceladvisor.org\/pt\/#website","url":"https:\/\/exceladvisor.org\/pt\/","name":"Excel Advisor","description":"O seu guia definitivo para dominar os dados!","publisher":{"@id":"https:\/\/exceladvisor.org\/pt\/#organization"},"potentialAction":[{"@type":"SearchAction","target":{"@type":"EntryPoint","urlTemplate":"https:\/\/exceladvisor.org\/pt\/?s={search_term_string}"},"query-input":{"@type":"PropertyValueSpecification","valueRequired":true,"valueName":"search_term_string"}}],"inLanguage":"pt-PT"},{"@type":"Organization","@id":"https:\/\/exceladvisor.org\/pt\/#organization","name":"Excel Advisor","url":"https:\/\/exceladvisor.org\/pt\/","logo":{"@type":"ImageObject","inLanguage":"pt-PT","@id":"https:\/\/exceladvisor.org\/pt\/#\/schema\/logo\/image\/","url":"https:\/\/exceladvisor.org\/pt\/wp-content\/uploads\/2023\/12\/exceladvisor.org_.png","contentUrl":"https:\/\/exceladvisor.org\/pt\/wp-content\/uploads\/2023\/12\/exceladvisor.org_.png","width":105,"height":36,"caption":"Excel Advisor"},"image":{"@id":"https:\/\/exceladvisor.org\/pt\/#\/schema\/logo\/image\/"}}]}},"yoast_meta":{"yoast_wpseo_title":"","yoast_wpseo_metadesc":"","yoast_wpseo_canonical":""},"_links":{"self":[{"href":"https:\/\/exceladvisor.org\/pt\/wp-json\/wp\/v2\/pages\/379","targetHints":{"allow":["GET"]}}],"collection":[{"href":"https:\/\/exceladvisor.org\/pt\/wp-json\/wp\/v2\/pages"}],"about":[{"href":"https:\/\/exceladvisor.org\/pt\/wp-json\/wp\/v2\/types\/page"}],"author":[{"embeddable":true,"href":"https:\/\/exceladvisor.org\/pt\/wp-json\/wp\/v2\/users\/1"}],"replies":[{"embeddable":true,"href":"https:\/\/exceladvisor.org\/pt\/wp-json\/wp\/v2\/comments?post=379"}],"version-history":[{"count":1,"href":"https:\/\/exceladvisor.org\/pt\/wp-json\/wp\/v2\/pages\/379\/revisions"}],"predecessor-version":[{"id":888,"href":"https:\/\/exceladvisor.org\/pt\/wp-json\/wp\/v2\/pages\/379\/revisions\/888"}],"wp:attachment":[{"href":"https:\/\/exceladvisor.org\/pt\/wp-json\/wp\/v2\/media?parent=379"}],"curies":[{"name":"wp","href":"https:\/\/api.w.org\/{rel}","templated":true}]}}