{"id":380,"date":"2023-10-31T06:42:12","date_gmt":"2023-10-31T06:42:12","guid":{"rendered":"https:\/\/exceladvisor.org\/pt\/alterar-fonte-de-dados\/"},"modified":"2023-12-06T11:34:34","modified_gmt":"2023-12-06T11:34:34","slug":"alterar-fonte-de-dados","status":"publish","type":"page","link":"https:\/\/exceladvisor.org\/pt\/alterar-fonte-de-dados\/","title":{"rendered":"Como altero a fonte de dados da tabela din\u00e2mica?"},"content":{"rendered":"<div class=\"excel-before-content-2\" id=\"excel-1834743378\"><script type=\"text\/javascript\">\r\n\tatOptions = {\r\n\t\t'key' : 'c1158f160081d6540a8409e6925dab94',\r\n\t\t'format' : 'iframe',\r\n\t\t'height' : 250,\r\n\t\t'width' : 300,\r\n\t\t'params' : {}\r\n\t};\r\n<\/script>\r\n<script type=\"text\/javascript\" src=\"\/\/www.highperformanceformat.com\/c1158f160081d6540a8409e6925dab94\/invoke.js\"><\/script><\/div><div class=\"excel-before-content\" id=\"excel-2360422654\"><script type=\"text\/javascript\">\r\n\tatOptions = {\r\n\t\t'key' : 'c1158f160081d6540a8409e6925dab94',\r\n\t\t'format' : 'iframe',\r\n\t\t'height' : 250,\r\n\t\t'width' : 300,\r\n\t\t'params' : {}\r\n\t};\r\n<\/script>\r\n<script type=\"text\/javascript\" src=\"\/\/www.highperformanceformat.com\/c1158f160081d6540a8409e6925dab94\/invoke.js\"><\/script><\/div> <p>Neste artigo, discutiremos a altera\u00e7\u00e3o da fonte de dados ou a localiza\u00e7\u00e3o da fonte de dados para uma determinada tabela din\u00e2mica. Isso \u00e9 extremamente \u00fatil quando seus dados est\u00e3o em constante mudan\u00e7a.<\/p><p> Voc\u00ea pode usar as etapas abaixo:<\/p><ol><li> Primeiro, clique em qualquer lugar da tabela din\u00e2mica para ativar a guia de an\u00e1lise.<\/li><li> Depois disso, v\u00e1 para a guia Analisar <br><img loading=\"lazy\" decoding=\"async\" title=\"Guia de an\u00e1lise \u00fanica\" src=\"https:\/\/exceladvisor.org\/wp-content\/uploads\/2023\/08\/1-allez-dans-longlet-analyse.png\" sizes=\"auto, \" srcset=\"\" alt=\"go-to-analyze-tab\" width=\"739\" height=\"131\"><\/li><li> Aqui voc\u00ea precisa clicar na op\u00e7\u00e3o \u201cAlterar fonte de dados\u201d em Dados. <br><img loading=\"lazy\" decoding=\"async\" title=\"Op\u00e7\u00e3o 2-alterar fonte de dados\" src=\"https:\/\/exceladvisor.org\/wp-content\/uploads\/2023\/08\/2-option-de-changement-de-source-de-donnees.png\" sizes=\"auto, \" srcset=\"\" alt=\"change-data-source-option\" width=\"1025\" height=\"162\"><\/li><li> Agora voc\u00ea obter\u00e1 uma caixa de di\u00e1logo \u201cAlterar fonte de dados da tabela din\u00e2mica\u201d como abaixo. <br><img loading=\"lazy\" decoding=\"async\" title=\"Fonte de dados de tabela din\u00e2mica de 3 altera\u00e7\u00f5es\" src=\"https:\/\/exceladvisor.org\/wp-content\/uploads\/2023\/08\/3-changer-la-source-de-donnees-du-tableau-croise-dynamique.png\" sizes=\"auto, \" srcset=\"\" alt=\"change-pivot-table-data-source\" width=\"700\" height=\"240\"><\/li><li> Aqui neste exemplo, o intervalo de dados da tabela din\u00e2mica \u00e9 <strong>Sheet1!$A$1:$F$8,<\/strong> o que significa que as linhas A9 a A13 n\u00e3o est\u00e3o inclu\u00eddas na tabela din\u00e2mica.<\/li><li> Agora selecione os dados completos, ou seja <strong>, Sheet1!$A$1:$F$13<\/strong> ou use o intervalo de nomes da tabela para atualizar sua tabela din\u00e2mica\/fonte de dados.<\/li><li> No final, clique em OK para atualizar a fonte de dados.<\/li><\/ol><p> Al\u00e9m disso, voc\u00ea tamb\u00e9m pode usar a tecla de atalho Alt \u21e2 J \u21e2 T \u21e2 I \u21e2 D para abrir diretamente a caixa de di\u00e1logo \u201cEditar fonte de dados da tabela din\u00e2mica\u201d.<\/p><p class=\"tips\"> Sempre converta os dados de origem em uma tabela do Excel pressionando o <a href=\"https:\/\/exceladvisor.org\/pt\/atalhos-do-teclado\/\">atalho de teclado Ctrl+T.<\/a><\/p><p> Ao fazer isso, n\u00e3o ser\u00e1 necess\u00e1rio atualizar sua fonte de dados repetidas vezes. A simples atualiza\u00e7\u00e3o da tabela din\u00e2mica atualizar\u00e1 o intervalo de dados. <\/p><div class=\"wp-block-group main-page-bottom is-layout-flow\"><div class=\"wp-block-group__inner-container\"><h2 class=\"wp-block-heading\"> Mais tutoriais de tabela din\u00e2mica <\/h2><div class=\"wp-block-columns is-layout-flex wp-container-20\"><div class=\"wp-block-column is-layout-flow\"><ul><li> <a href=\"https:\/\/exceladvisor.org\/pt\/adicionar-excluir-total-geral\/\">Adicionar ou remover total geral em uma tabela din\u00e2mica<\/a><\/li><li> <a href=\"https:\/\/exceladvisor.org\/pt\/total-cumulativo\/\">Adicionar um total acumulado a uma tabela din\u00e2mica<\/a><\/li><li> <a href=\"https:\/\/exceladvisor.org\/pt\/faixa-de-atualizacao-automatica\/\">Atualizar automaticamente uma tabela din\u00e2mica<\/a><\/li><li> <a href=\"https:\/\/exceladvisor.org\/pt\/calculo-em-tabela-dinamica\/\">F\u00f3rmulas em uma tabela din\u00e2mica (campo e item calculado)<\/a><\/li><\/ul><\/div><div class=\"wp-block-column is-layout-flow\"><ul><li> <a href=\"https:\/\/exceladvisor.org\/pt\/datas-do-grupo\/\">Agrupar datas em um piv\u00f4 no Excel<\/a><\/li><li> <a href=\"https:\/\/exceladvisor.org\/pt\/vincular-o-slicer-a-varias-tabelas-dinamicas\/\">Conecte uma \u00fanica segmenta\u00e7\u00e3o de dados com v\u00e1rias tabelas din\u00e2micas no Excel<\/a><\/li><li> <a href=\"https:\/\/exceladvisor.org\/pt\/mover-a-tabela-dinamica\/\">Mover uma tabela din\u00e2mica no Excel<\/a><\/li><li> <a href=\"https:\/\/exceladvisor.org\/pt\/layout\/\">Formatando tabelas din\u00e2micas no Excel<\/a><\/li><\/ul><\/div><\/div><p> \u21e0 Retornar ao <a href=\"https:\/\/exceladvisor.org\/pt\/tabela-dinamica-3\/\"><strong>tutorial da tabela din\u00e2mica<\/strong><\/a><\/p><\/div><\/div>","protected":false},"excerpt":{"rendered":"","protected":false},"author":1,"featured_media":0,"parent":0,"menu_order":0,"comment_status":"open","ping_status":"closed","template":"","meta":{"ub_ctt_via":"","footnotes":""},"class_list":["post-380","page","type-page","status-publish","hentry"],"featured_image_src":null,"yoast_head":"<!-- This site is optimized with the Yoast SEO plugin v25.4 - https:\/\/yoast.com\/wordpress\/plugins\/seo\/ -->\n<title>Como alterar a fonte de dados da tabela din\u00e2mica no Excel?<\/title>\n<meta name=\"description\" content=\"Neste tutorial, voc\u00ea aprender\u00e1 como alterar a fonte de dados da tabela din\u00e2mica.\" \/>\n<meta name=\"robots\" content=\"index, follow, max-snippet:-1, max-image-preview:large, max-video-preview:-1\" \/>\n<link rel=\"canonical\" href=\"https:\/\/exceladvisor.org\/pt\/alterar-fonte-de-dados\/\" \/>\n<meta property=\"og:locale\" content=\"pt_PT\" \/>\n<meta property=\"og:type\" content=\"article\" \/>\n<meta property=\"og:title\" content=\"Como alterar a fonte de dados da tabela din\u00e2mica no Excel?\" \/>\n<meta property=\"og:description\" content=\"Neste tutorial, voc\u00ea aprender\u00e1 como alterar a fonte de dados da tabela din\u00e2mica.\" \/>\n<meta property=\"og:url\" content=\"https:\/\/exceladvisor.org\/pt\/alterar-fonte-de-dados\/\" \/>\n<meta property=\"og:site_name\" content=\"Excel Advisor\" \/>\n<meta property=\"article:modified_time\" content=\"2023-12-06T11:34:34+00:00\" \/>\n<meta property=\"og:image\" content=\"https:\/\/exceladvisor.org\/wp-content\/uploads\/2023\/08\/1-allez-dans-longlet-analyse.png\" \/>\n<meta name=\"twitter:card\" content=\"summary_large_image\" \/>\n<meta name=\"twitter:label1\" content=\"Tempo estimado de leitura\" \/>\n\t<meta name=\"twitter:data1\" content=\"2 minutos\" \/>\n<script type=\"application\/ld+json\" class=\"yoast-schema-graph\">{\"@context\":\"https:\/\/schema.org\",\"@graph\":[{\"@type\":\"WebPage\",\"@id\":\"https:\/\/exceladvisor.org\/pt\/alterar-fonte-de-dados\/\",\"url\":\"https:\/\/exceladvisor.org\/pt\/alterar-fonte-de-dados\/\",\"name\":\"Como alterar a fonte de dados da tabela din\u00e2mica no Excel?\",\"isPartOf\":{\"@id\":\"https:\/\/exceladvisor.org\/pt\/#website\"},\"primaryImageOfPage\":{\"@id\":\"https:\/\/exceladvisor.org\/pt\/alterar-fonte-de-dados\/#primaryimage\"},\"image\":{\"@id\":\"https:\/\/exceladvisor.org\/pt\/alterar-fonte-de-dados\/#primaryimage\"},\"thumbnailUrl\":\"https:\/\/exceladvisor.org\/wp-content\/uploads\/2023\/08\/1-allez-dans-longlet-analyse.png\",\"datePublished\":\"2023-10-31T06:42:12+00:00\",\"dateModified\":\"2023-12-06T11:34:34+00:00\",\"description\":\"Neste tutorial, voc\u00ea aprender\u00e1 como alterar a fonte de dados da tabela din\u00e2mica.\",\"breadcrumb\":{\"@id\":\"https:\/\/exceladvisor.org\/pt\/alterar-fonte-de-dados\/#breadcrumb\"},\"inLanguage\":\"pt-PT\",\"potentialAction\":[{\"@type\":\"ReadAction\",\"target\":[\"https:\/\/exceladvisor.org\/pt\/alterar-fonte-de-dados\/\"]}]},{\"@type\":\"ImageObject\",\"inLanguage\":\"pt-PT\",\"@id\":\"https:\/\/exceladvisor.org\/pt\/alterar-fonte-de-dados\/#primaryimage\",\"url\":\"https:\/\/exceladvisor.org\/wp-content\/uploads\/2023\/08\/1-allez-dans-longlet-analyse.png\",\"contentUrl\":\"https:\/\/exceladvisor.org\/wp-content\/uploads\/2023\/08\/1-allez-dans-longlet-analyse.png\"},{\"@type\":\"BreadcrumbList\",\"@id\":\"https:\/\/exceladvisor.org\/pt\/alterar-fonte-de-dados\/#breadcrumb\",\"itemListElement\":[{\"@type\":\"ListItem\",\"position\":1,\"name\":\"Lar\",\"item\":\"https:\/\/exceladvisor.org\/pt\/\"},{\"@type\":\"ListItem\",\"position\":2,\"name\":\"Como altero a fonte de dados da tabela din\u00e2mica?\"}]},{\"@type\":\"WebSite\",\"@id\":\"https:\/\/exceladvisor.org\/pt\/#website\",\"url\":\"https:\/\/exceladvisor.org\/pt\/\",\"name\":\"Excel Advisor\",\"description\":\"O seu guia definitivo para dominar os dados!\",\"publisher\":{\"@id\":\"https:\/\/exceladvisor.org\/pt\/#organization\"},\"potentialAction\":[{\"@type\":\"SearchAction\",\"target\":{\"@type\":\"EntryPoint\",\"urlTemplate\":\"https:\/\/exceladvisor.org\/pt\/?s={search_term_string}\"},\"query-input\":{\"@type\":\"PropertyValueSpecification\",\"valueRequired\":true,\"valueName\":\"search_term_string\"}}],\"inLanguage\":\"pt-PT\"},{\"@type\":\"Organization\",\"@id\":\"https:\/\/exceladvisor.org\/pt\/#organization\",\"name\":\"Excel Advisor\",\"url\":\"https:\/\/exceladvisor.org\/pt\/\",\"logo\":{\"@type\":\"ImageObject\",\"inLanguage\":\"pt-PT\",\"@id\":\"https:\/\/exceladvisor.org\/pt\/#\/schema\/logo\/image\/\",\"url\":\"https:\/\/exceladvisor.org\/pt\/wp-content\/uploads\/2023\/12\/exceladvisor.org_.png\",\"contentUrl\":\"https:\/\/exceladvisor.org\/pt\/wp-content\/uploads\/2023\/12\/exceladvisor.org_.png\",\"width\":105,\"height\":36,\"caption\":\"Excel Advisor\"},\"image\":{\"@id\":\"https:\/\/exceladvisor.org\/pt\/#\/schema\/logo\/image\/\"}}]}<\/script>\n<!-- \/ Yoast SEO plugin. -->","yoast_head_json":{"title":"Como alterar a fonte de dados da tabela din\u00e2mica no Excel?","description":"Neste tutorial, voc\u00ea aprender\u00e1 como alterar a fonte de dados da tabela din\u00e2mica.","robots":{"index":"index","follow":"follow","max-snippet":"max-snippet:-1","max-image-preview":"max-image-preview:large","max-video-preview":"max-video-preview:-1"},"canonical":"https:\/\/exceladvisor.org\/pt\/alterar-fonte-de-dados\/","og_locale":"pt_PT","og_type":"article","og_title":"Como alterar a fonte de dados da tabela din\u00e2mica no Excel?","og_description":"Neste tutorial, voc\u00ea aprender\u00e1 como alterar a fonte de dados da tabela din\u00e2mica.","og_url":"https:\/\/exceladvisor.org\/pt\/alterar-fonte-de-dados\/","og_site_name":"Excel Advisor","article_modified_time":"2023-12-06T11:34:34+00:00","og_image":[{"url":"https:\/\/exceladvisor.org\/wp-content\/uploads\/2023\/08\/1-allez-dans-longlet-analyse.png","type":"","width":"","height":""}],"twitter_card":"summary_large_image","twitter_misc":{"Tempo estimado de leitura":"2 minutos"},"schema":{"@context":"https:\/\/schema.org","@graph":[{"@type":"WebPage","@id":"https:\/\/exceladvisor.org\/pt\/alterar-fonte-de-dados\/","url":"https:\/\/exceladvisor.org\/pt\/alterar-fonte-de-dados\/","name":"Como alterar a fonte de dados da tabela din\u00e2mica no Excel?","isPartOf":{"@id":"https:\/\/exceladvisor.org\/pt\/#website"},"primaryImageOfPage":{"@id":"https:\/\/exceladvisor.org\/pt\/alterar-fonte-de-dados\/#primaryimage"},"image":{"@id":"https:\/\/exceladvisor.org\/pt\/alterar-fonte-de-dados\/#primaryimage"},"thumbnailUrl":"https:\/\/exceladvisor.org\/wp-content\/uploads\/2023\/08\/1-allez-dans-longlet-analyse.png","datePublished":"2023-10-31T06:42:12+00:00","dateModified":"2023-12-06T11:34:34+00:00","description":"Neste tutorial, voc\u00ea aprender\u00e1 como alterar a fonte de dados da tabela din\u00e2mica.","breadcrumb":{"@id":"https:\/\/exceladvisor.org\/pt\/alterar-fonte-de-dados\/#breadcrumb"},"inLanguage":"pt-PT","potentialAction":[{"@type":"ReadAction","target":["https:\/\/exceladvisor.org\/pt\/alterar-fonte-de-dados\/"]}]},{"@type":"ImageObject","inLanguage":"pt-PT","@id":"https:\/\/exceladvisor.org\/pt\/alterar-fonte-de-dados\/#primaryimage","url":"https:\/\/exceladvisor.org\/wp-content\/uploads\/2023\/08\/1-allez-dans-longlet-analyse.png","contentUrl":"https:\/\/exceladvisor.org\/wp-content\/uploads\/2023\/08\/1-allez-dans-longlet-analyse.png"},{"@type":"BreadcrumbList","@id":"https:\/\/exceladvisor.org\/pt\/alterar-fonte-de-dados\/#breadcrumb","itemListElement":[{"@type":"ListItem","position":1,"name":"Lar","item":"https:\/\/exceladvisor.org\/pt\/"},{"@type":"ListItem","position":2,"name":"Como altero a fonte de dados da tabela din\u00e2mica?"}]},{"@type":"WebSite","@id":"https:\/\/exceladvisor.org\/pt\/#website","url":"https:\/\/exceladvisor.org\/pt\/","name":"Excel Advisor","description":"O seu guia definitivo para dominar os dados!","publisher":{"@id":"https:\/\/exceladvisor.org\/pt\/#organization"},"potentialAction":[{"@type":"SearchAction","target":{"@type":"EntryPoint","urlTemplate":"https:\/\/exceladvisor.org\/pt\/?s={search_term_string}"},"query-input":{"@type":"PropertyValueSpecification","valueRequired":true,"valueName":"search_term_string"}}],"inLanguage":"pt-PT"},{"@type":"Organization","@id":"https:\/\/exceladvisor.org\/pt\/#organization","name":"Excel Advisor","url":"https:\/\/exceladvisor.org\/pt\/","logo":{"@type":"ImageObject","inLanguage":"pt-PT","@id":"https:\/\/exceladvisor.org\/pt\/#\/schema\/logo\/image\/","url":"https:\/\/exceladvisor.org\/pt\/wp-content\/uploads\/2023\/12\/exceladvisor.org_.png","contentUrl":"https:\/\/exceladvisor.org\/pt\/wp-content\/uploads\/2023\/12\/exceladvisor.org_.png","width":105,"height":36,"caption":"Excel Advisor"},"image":{"@id":"https:\/\/exceladvisor.org\/pt\/#\/schema\/logo\/image\/"}}]}},"yoast_meta":{"yoast_wpseo_title":"","yoast_wpseo_metadesc":"","yoast_wpseo_canonical":""},"_links":{"self":[{"href":"https:\/\/exceladvisor.org\/pt\/wp-json\/wp\/v2\/pages\/380","targetHints":{"allow":["GET"]}}],"collection":[{"href":"https:\/\/exceladvisor.org\/pt\/wp-json\/wp\/v2\/pages"}],"about":[{"href":"https:\/\/exceladvisor.org\/pt\/wp-json\/wp\/v2\/types\/page"}],"author":[{"embeddable":true,"href":"https:\/\/exceladvisor.org\/pt\/wp-json\/wp\/v2\/users\/1"}],"replies":[{"embeddable":true,"href":"https:\/\/exceladvisor.org\/pt\/wp-json\/wp\/v2\/comments?post=380"}],"version-history":[{"count":1,"href":"https:\/\/exceladvisor.org\/pt\/wp-json\/wp\/v2\/pages\/380\/revisions"}],"predecessor-version":[{"id":837,"href":"https:\/\/exceladvisor.org\/pt\/wp-json\/wp\/v2\/pages\/380\/revisions\/837"}],"wp:attachment":[{"href":"https:\/\/exceladvisor.org\/pt\/wp-json\/wp\/v2\/media?parent=380"}],"curies":[{"name":"wp","href":"https:\/\/api.w.org\/{rel}","templated":true}]}}