{"id":381,"date":"2023-10-31T04:19:27","date_gmt":"2023-10-31T04:19:27","guid":{"rendered":"https:\/\/exceladvisor.org\/pt\/fronteira\/"},"modified":"2023-12-06T11:34:07","modified_gmt":"2023-12-06T11:34:07","slug":"fronteira","status":"publish","type":"page","link":"https:\/\/exceladvisor.org\/pt\/fronteira\/","title":{"rendered":"Como adicionar uma borda no excel?"},"content":{"rendered":"<div class=\"excel-before-content-2\" id=\"excel-1226468988\"><script type=\"text\/javascript\">\r\n\tatOptions = {\r\n\t\t'key' : 'c1158f160081d6540a8409e6925dab94',\r\n\t\t'format' : 'iframe',\r\n\t\t'height' : 250,\r\n\t\t'width' : 300,\r\n\t\t'params' : {}\r\n\t};\r\n<\/script>\r\n<script type=\"text\/javascript\" src=\"\/\/www.highperformanceformat.com\/c1158f160081d6540a8409e6925dab94\/invoke.js\"><\/script><\/div><div class=\"excel-before-content\" id=\"excel-2198176265\"><script type=\"text\/javascript\">\r\n\tatOptions = {\r\n\t\t'key' : 'c1158f160081d6540a8409e6925dab94',\r\n\t\t'format' : 'iframe',\r\n\t\t'height' : 250,\r\n\t\t'width' : 300,\r\n\t\t'params' : {}\r\n\t};\r\n<\/script>\r\n<script type=\"text\/javascript\" src=\"\/\/www.highperformanceformat.com\/c1158f160081d6540a8409e6925dab94\/invoke.js\"><\/script><\/div> <p>No Excel, uma borda \u00e9 como uma linha de quatro lados adicionada ao redor da c\u00e9lula ou intervalo de c\u00e9lulas. \u00c9 usado para destacar uma determinada \u00e1rea e separ\u00e1-la do restante dos valores da planilha.<\/p><p> A inser\u00e7\u00e3o de uma borda chama a aten\u00e7\u00e3o do leitor para a se\u00e7\u00e3o espec\u00edfica, aumentando o interesse por ela.<\/p><p> Neste tutorial, veremos maneiras de adicionar bordas junto com seus diferentes tipos no Excel.<\/p><h2 class=\"wp-block-heading\"> Etapas para aplicar bordas a uma c\u00e9lula no Excel<\/h2><ol><li> Primeiro, selecione a c\u00e9lula ou grupo de c\u00e9lulas onde deseja adicionar uma borda na planilha. <br><img loading=\"lazy\" decoding=\"async\" title=\"1-selecionar c\u00e9lulas\" src=\"https:\/\/exceladvisor.org\/wp-content\/uploads\/2023\/08\/1-selectionner-des-cellules.png\" sizes=\"auto, \" srcset=\"\" alt=\"select-cells\" width=\"429\" height=\"261\"><\/li><li> Em seguida, v\u00e1 at\u00e9 a aba Home e no grupo \u201cFonte\u201d, clique no bot\u00e3o de borda, que fica ao lado das op\u00e7\u00f5es de negrito, it\u00e1lico e sublinhado. <br><img loading=\"lazy\" decoding=\"async\" title=\"Grupo de fontes de 2 guias iniciais\" src=\"https:\/\/exceladvisor.org\/wp-content\/uploads\/2023\/08\/2-groupe-de-polices-de-longlet-daccueil.png\" sizes=\"auto, \" srcset=\"\" alt=\"home-tab-font-group\" width=\"427\" height=\"326\"><\/li><li> Depois de clicar na seta suspensa do bot\u00e3o de borda, voc\u00ea ver\u00e1 a lista de bordas. <br><img loading=\"lazy\" decoding=\"async\" title=\"3 lista de fronteiras\" src=\"https:\/\/exceladvisor.org\/wp-content\/uploads\/2023\/08\/3-liste-des-frontieres.png\" sizes=\"auto, \" srcset=\"\" alt=\"list-of-borders\" width=\"231\" height=\"532\"><\/li><li> Agora selecione um da lista que deseja aplicar ao redor das c\u00e9lulas selecionadas.<\/li><\/ol><h2 class=\"wp-block-heading\"> Tipos de bordas no Excel<\/h2><p> Aqui voc\u00ea descobrir\u00e1 as diferentes fronteiras, que s\u00e3o classificadas em <strong>4 se\u00e7\u00f5es<\/strong> . <\/p><div class=\"wp-block-image\"><figure class=\"aligncenter size-full is-resized\"><img loading=\"lazy\" decoding=\"async\" class=\"wp-image-77614\" src=\"https:\/\/exceladvisor.org\/wp-content\/uploads\/2023\/08\/4-sections-de-bordure-differentes.png\" sizes=\"auto, \" srcset=\"\" alt=\"se\u00e7\u00f5es de fronteira diferentes\" width=\"271\" height=\"183\"><\/figure><\/div><p> Na primeira se\u00e7\u00e3o, existem bordas inferior, superior, esquerda e direita. Essas bordas ajudar\u00e3o voc\u00ea a aplicar apenas uma borda lateral ao redor de uma ou mais c\u00e9lulas.<\/p><p> Para aplic\u00e1-lo aos valores selecionados, basta clicar em qualquer tipo de borda. No exemplo a seguir, voc\u00ea pode ver a <strong>borda inferior<\/strong> <strong>abaixo da escala<\/strong> . <\/p><div class=\"wp-block-image\"><figure class=\"aligncenter size-full is-resized\"><img loading=\"lazy\" decoding=\"async\" class=\"wp-image-77615\" src=\"https:\/\/exceladvisor.org\/wp-content\/uploads\/2023\/08\/5-bordure-inferieure-sous-echelle.png\" sizes=\"auto, \" srcset=\"\" alt=\"subescala da borda inferior\" width=\"373\" height=\"152\"><\/figure><\/div><p> A segunda se\u00e7\u00e3o n\u00e3o tem borda, todas as op\u00e7\u00f5es de fronteira, borda externa e borda externa espessa. Voc\u00ea pode remover facilmente a borda da c\u00e9lula selecionada clicando na op\u00e7\u00e3o sem borda. <\/p><div class=\"wp-block-image\"><figure class=\"aligncenter size-full is-resized\"><img loading=\"lazy\" decoding=\"async\" class=\"wp-image-77616\" src=\"https:\/\/exceladvisor.org\/wp-content\/uploads\/2023\/08\/6-pas-de-section-de-bordure.png\" sizes=\"auto, \" srcset=\"\" alt=\"se\u00e7\u00e3o sem fronteiras\" width=\"312\" height=\"170\"><\/figure><\/div><p> A seguir, voc\u00ea tem a op\u00e7\u00e3o de adicionar uma borda aos quatro lados das c\u00e9lulas selecionadas. Mas, com todas as bordas, as linhas de borda separam a c\u00e9lula uma por uma, conforme mostrado na imagem abaixo. <\/p><div class=\"wp-block-image\"><figure class=\"aligncenter size-full is-resized\"><img loading=\"lazy\" decoding=\"async\" class=\"wp-image-77617\" src=\"https:\/\/exceladvisor.org\/wp-content\/uploads\/2023\/08\/7-option-pour-ajouter-une-bordure-a-tous-les-cotes.png\" sizes=\"auto, \" srcset=\"\" alt=\"op\u00e7\u00e3o para adicionar uma borda em todos os lados\" width=\"476\" height=\"209\"><\/figure><\/div><p> A terceira se\u00e7\u00e3o cont\u00e9m muitas bordas inferiores. Tipo, borda inferior dupla, fundo grosso, borda superior e inferior, borda superior e inferior grossa e borda superior e inferior dupla. <\/p><div class=\"wp-block-image\"><figure class=\"aligncenter size-full is-resized\"><img loading=\"lazy\" decoding=\"async\" class=\"wp-image-77618\" src=\"https:\/\/exceladvisor.org\/wp-content\/uploads\/2023\/08\/8-nombreuses-bordures-inferieures.png\" sizes=\"auto, \" srcset=\"\" alt=\"m\u00faltiplas bordas inferiores\" width=\"300\" height=\"198\"><\/figure><\/div><p> Voc\u00ea pode usar essas op\u00e7\u00f5es para destacar ou sublinhar textos ou t\u00edtulos importantes. <\/p><div class=\"wp-block-image\"><figure class=\"aligncenter size-full is-resized\"><img loading=\"lazy\" decoding=\"async\" class=\"wp-image-77619\" src=\"https:\/\/exceladvisor.org\/wp-content\/uploads\/2023\/08\/9-titres-phares.png\" sizes=\"auto, \" srcset=\"\" alt=\"destaques\" width=\"440\" height=\"134\"><\/figure><\/div><h2 class=\"wp-block-heading\"> Desenhe a fronteira<\/h2><p> Na \u00faltima se\u00e7\u00e3o, voc\u00ea tem a op\u00e7\u00e3o de personalizar ou criar a borda desejada usando ferramentas de desenho. Voc\u00ea tamb\u00e9m pode editar a borda existente com isso. <\/p><div class=\"wp-block-image\"><figure class=\"aligncenter size-full is-resized\"><img loading=\"lazy\" decoding=\"async\" class=\"wp-image-77620\" src=\"https:\/\/exceladvisor.org\/wp-content\/uploads\/2023\/08\/10-dessiner-la-bordure1.png\" sizes=\"auto, \" srcset=\"\" alt=\"desenhar borda\" width=\"286\" height=\"228\"><\/figure><\/div><ol><li> <strong>Desenhar Borda:<\/strong> Depois de clicar na op\u00e7\u00e3o desenhar borda, seu cursor ser\u00e1 convertido em um l\u00e1pis de desenho. Agora clique na c\u00e9lula e arraste o bot\u00e3o esquerdo do mouse para inserir a borda. Aplica bordas em ambas as dire\u00e7\u00f5es horizontal e verticalmente. <br><img loading=\"lazy\" decoding=\"async\" title=\"11 cursor a l\u00e1pis\" src=\"https:\/\/exceladvisor.org\/wp-content\/uploads\/2023\/08\/11-curseur-dans-le-crayon.png\" sizes=\"auto, \" srcset=\"\" alt=\"cursor-into-pencil\" width=\"288\" height=\"227\"><\/li><li> <strong>Desenhar grade de borda:<\/strong> como o nome justifica, tamb\u00e9m \u00e9 usado para desenhar uma borda ao redor das c\u00e9lulas selecionadas. Mas a principal diferen\u00e7a entre \u201cDraw Border\u201d e \u201cDraw Border Grid\u201d \u00e9 que Border Grid desenha bordas em forma de grade (em v\u00e1rias c\u00e9lulas). <br><img loading=\"lazy\" decoding=\"async\" title=\"12 Grade de borda de design\" src=\"https:\/\/exceladvisor.org\/wp-content\/uploads\/2023\/08\/Grille-de-bordure-a-12-tirages.png\" sizes=\"auto, \" srcset=\"\" alt=\"draw-border-grid\" width=\"423\" height=\"188\"><\/li><li> <strong>Apagar borda:<\/strong> o Eraser ajuda a apagar linhas de borda indesejadas de suas c\u00e9lulas. Para apagar a borda, basta arrastar a borracha sobre a linha para remov\u00ea-la. <br><img loading=\"lazy\" decoding=\"async\" title=\"13-fronteira clara\" src=\"https:\/\/exceladvisor.org\/wp-content\/uploads\/2023\/08\/13-effacer-la-bordure.png\" sizes=\"auto, \" srcset=\"\" alt=\"erase-border\" width=\"457\" height=\"153\"><\/li><li> <strong>Cor da linha:<\/strong> O mais incr\u00edvel \u00e9 que voc\u00ea tamb\u00e9m pode alterar a cor da borda para torn\u00e1-la mais atraente. Quando voc\u00ea clica na cor da linha, uma janela pop-up \u00e9 aberta com uma variedade de cores. Depois de escolher algu\u00e9m, use o l\u00e1pis para desenhar a borda colorida. <br><img loading=\"lazy\" decoding=\"async\" title=\"14 linhas coloridas\" src=\"https:\/\/exceladvisor.org\/wp-content\/uploads\/2023\/08\/14-lignes-de-couleur.png\" sizes=\"auto, \" srcset=\"\" alt=\"line-color\" width=\"428\" height=\"178\"><\/li><li> <strong>Estilo de linha:<\/strong> para alterar o estilo da borda, clique no estilo de linha e escolha um dos seguintes estilos. <br><img loading=\"lazy\" decoding=\"async\" title=\"Estilo de 15 linhas\" src=\"https:\/\/exceladvisor.org\/wp-content\/uploads\/2023\/08\/Style-15-lignes.png\" sizes=\"auto, \" srcset=\"\" alt=\"line-style\" width=\"257\" height=\"145\"><\/li><\/ol><h2 class=\"wp-block-heading\"> Op\u00e7\u00f5es avan\u00e7adas de borda<\/h2><p> Escolha bordas avan\u00e7adas para as c\u00e9lulas selecionadas. Siga os passos abaixo:<\/p><ol><li> Primeiro, v\u00e1 at\u00e9 a op\u00e7\u00e3o \u201cMais Bordas\u201d, que fica no final da lista de bordas.<\/li><li> Ao clicar, uma nova caixa de di\u00e1logo chamada \u201c <strong>Formatar c\u00e9lulas<\/strong> \u201d \u00e9 aberta. <br><img loading=\"lazy\" decoding=\"async\" title=\"16 op\u00e7\u00f5es avan\u00e7adas de borda\" src=\"https:\/\/exceladvisor.org\/wp-content\/uploads\/2023\/08\/16-options-de-bordure-avancees.png\" sizes=\"auto, \" srcset=\"\" alt=\"advanced-border-options\" width=\"526\" height=\"514\"><\/li><li> Aqui voc\u00ea tem mais op\u00e7\u00f5es de bordas para inserir na folha.<\/li><li> E, depois de selecionar uma determinada predefini\u00e7\u00e3o, ele tamb\u00e9m mostrar\u00e1 como fica ap\u00f3s aplic\u00e1-la na caixa. <br><img loading=\"lazy\" decoding=\"async\" title=\"Pr\u00e9-visualiza\u00e7\u00e3o de 17 bordas\" src=\"https:\/\/exceladvisor.org\/wp-content\/uploads\/2023\/08\/17-apercu-de-la-bordure.png\" sizes=\"auto, \" srcset=\"\" alt=\"border-preview\" width=\"524\" height=\"518\"><\/li><li> Ao final, clique em \u201cOK\u201d para aplicar o intervalo de c\u00e9lulas selecionado. <br><img loading=\"lazy\" decoding=\"async\" title=\"Aplique de 18 bordas\" src=\"https:\/\/exceladvisor.org\/wp-content\/uploads\/2023\/08\/18-appliquer-les-bordures.png\" sizes=\"auto, \" srcset=\"\" alt=\"apply-borders\" width=\"475\" height=\"137\"><\/li><\/ol><h2 class=\"wp-block-heading\"> Remover bordas no Excel<\/h2><ol><li> Primeiro, voc\u00ea s\u00f3 precisa selecionar a \u00e1rea da qual deseja remover a borda.<\/li><li> Em seguida, v\u00e1 at\u00e9 a lista de bordas e selecione a op\u00e7\u00e3o \u201cSem Fronteira\u201d. <br><img loading=\"lazy\" decoding=\"async\" title=\"19-remover-bordas\" src=\"https:\/\/exceladvisor.org\/wp-content\/uploads\/2023\/08\/19-supprimer-les-bordures.png\" sizes=\"auto, \" srcset=\"\" alt=\"remove-borders\" width=\"504\" height=\"212\"><\/li><li> Agora as linhas de borda desaparecer\u00e3o ao redor das c\u00e9lulas selecionadas. <br><img loading=\"lazy\" decoding=\"async\" title=\"20 linhas de borda removidas1\" src=\"https:\/\/exceladvisor.org\/wp-content\/uploads\/2023\/08\/20-lignes-de-bordure-supprimees1.png\" sizes=\"auto, \" srcset=\"\" alt=\"border-lines-removed\" width=\"438\" height=\"123\"><\/li><\/ol><h2 class=\"wp-block-heading\"> Atalho para adicionar uma borda<\/h2><p> Existe outra maneira de adicionar uma borda usando o atalho. Mas antes de usar o atalho, voc\u00ea deve primeiro selecionar o intervalo no qual deseja inserir a borda.<\/p><p> Em seguida, pressione simultaneamente ALT \u21e2 H \u21e2 B. Depois de fazer isso, voc\u00ea obter\u00e1 a lista de bordas. Junto com isso, existem op\u00e7\u00f5es espec\u00edficas para definir qualquer tipo de borda em uma c\u00e9lula ou intervalo. <\/p><div class=\"wp-block-image\"><figure class=\"aligncenter size-full is-resized\"><img loading=\"lazy\" decoding=\"async\" class=\"wp-image-77631\" src=\"https:\/\/exceladvisor.org\/wp-content\/uploads\/2023\/08\/21-raccourci-pour-ajouter-des-bordures.png\" sizes=\"auto, \" srcset=\"\" alt=\"atalho para adicionar bordas\" width=\"395\" height=\"589\"><\/figure><\/div><p> Voc\u00ea deseja definir a espessura da borda inferior e a tecla de atalho para isso \u00e9 H, como voc\u00ea pode ver na imagem acima. Ent\u00e3o, neste caso, pressione ALT \u21e2 H \u21e2 B \u21e2 H ap\u00f3s selecionar os dados. <\/p><div class=\"wp-block-image\"><figure class=\"aligncenter size-full is-resized\"><img loading=\"lazy\" decoding=\"async\" class=\"wp-image-77632\" src=\"https:\/\/exceladvisor.org\/wp-content\/uploads\/2023\/08\/22-bordure-inferieure-epaisse.png\" sizes=\"auto, \" srcset=\"\" alt=\"borda inferior grossa\" width=\"521\" height=\"187\"><\/figure><\/div><div class=\"gb-container gb-container-4db6181c gb-container-mt\"> <a class=\"gb-button gb-button-c5897111 gb-button-text gb-button-mt-button\" href=\"https:\/\/exceladvisor.org\/pt\/nocoes-basicas-de-excel\/\">No\u00e7\u00f5es b\u00e1sicas do Microsoft Excel (componentes, pe\u00e7as e notas de conhecimento)<\/a><h2 class=\"gb-headline gb-headline-665e5f6b gb-headline-text gb-headline-mt-heading\"> Tutoriais relacionados <\/h2><div class=\"gb-grid-wrapper gb-grid-wrapper-a20baf7c gb-grid-wrapper-mt-grid\"><div class=\"gb-grid-column gb-grid-column-65ddf67e\"><div class=\"gb-container gb-container-65ddf67e\"><ul><li> <a href=\"https:\/\/exceladvisor.org\/pt\/formato-de-numero-contabil\/\">Aplicar formato de n\u00famero cont\u00e1bil no Excel<\/a><\/li><li> <a href=\"https:\/\/exceladvisor.org\/pt\/cor-da-celula\/\">Aplicar cor de fundo a uma c\u00e9lula ou a toda a planilha no Excel<\/a><\/li><li> <a href=\"https:\/\/exceladvisor.org\/pt\/a-grade\/\">Imprimir linhas de grade do Excel (excluir, encurtar e alterar cor)<\/a><\/li><li> <a href=\"https:\/\/exceladvisor.org\/pt\/adicione-um-numero-de-pagina\/\">Adicione um n\u00famero de p\u00e1gina no Excel<\/a> <\/li><\/ul><\/div><\/div><div class=\"gb-grid-column gb-grid-column-50067b57\"><div class=\"gb-container gb-container-50067b57\"><\/div><\/div><\/div><\/div>","protected":false},"excerpt":{"rendered":"","protected":false},"author":1,"featured_media":0,"parent":0,"menu_order":0,"comment_status":"open","ping_status":"closed","template":"","meta":{"ub_ctt_via":"","footnotes":""},"class_list":["post-381","page","type-page","status-publish","hentry"],"featured_image_src":null,"yoast_head":"<!-- This site is optimized with the Yoast SEO plugin v25.4 - https:\/\/yoast.com\/wordpress\/plugins\/seo\/ -->\n<title>\u25b7 Como adicionar uma borda no Excel? (Tutorial 2023)<\/title>\n<meta name=\"description\" content=\"Neste tutorial, aprenderemos como aplicar uma borda a uma c\u00e9lula ou a v\u00e1rios intervalos de c\u00e9lulas. Tamb\u00e9m aprenderemos\" \/>\n<meta name=\"robots\" content=\"index, follow, max-snippet:-1, max-image-preview:large, max-video-preview:-1\" \/>\n<link rel=\"canonical\" href=\"https:\/\/exceladvisor.org\/pt\/fronteira\/\" \/>\n<meta property=\"og:locale\" content=\"pt_PT\" \/>\n<meta property=\"og:type\" content=\"article\" \/>\n<meta property=\"og:title\" content=\"\u25b7 Como adicionar uma borda no Excel? (Tutorial 2023)\" \/>\n<meta property=\"og:description\" content=\"Neste tutorial, aprenderemos como aplicar uma borda a uma c\u00e9lula ou a v\u00e1rios intervalos de c\u00e9lulas. Tamb\u00e9m aprenderemos\" \/>\n<meta property=\"og:url\" content=\"https:\/\/exceladvisor.org\/pt\/fronteira\/\" \/>\n<meta property=\"og:site_name\" content=\"Excel Advisor\" \/>\n<meta property=\"article:modified_time\" content=\"2023-12-06T11:34:07+00:00\" \/>\n<meta property=\"og:image\" content=\"https:\/\/exceladvisor.org\/wp-content\/uploads\/2023\/08\/1-selectionner-des-cellules.png\" \/>\n<meta name=\"twitter:card\" content=\"summary_large_image\" \/>\n<meta name=\"twitter:label1\" content=\"Tempo estimado de leitura\" \/>\n\t<meta name=\"twitter:data1\" content=\"4 minutos\" \/>\n<script type=\"application\/ld+json\" class=\"yoast-schema-graph\">{\"@context\":\"https:\/\/schema.org\",\"@graph\":[{\"@type\":\"WebPage\",\"@id\":\"https:\/\/exceladvisor.org\/pt\/fronteira\/\",\"url\":\"https:\/\/exceladvisor.org\/pt\/fronteira\/\",\"name\":\"\u25b7 Como adicionar uma borda no Excel? (Tutorial 2023)\",\"isPartOf\":{\"@id\":\"https:\/\/exceladvisor.org\/pt\/#website\"},\"primaryImageOfPage\":{\"@id\":\"https:\/\/exceladvisor.org\/pt\/fronteira\/#primaryimage\"},\"image\":{\"@id\":\"https:\/\/exceladvisor.org\/pt\/fronteira\/#primaryimage\"},\"thumbnailUrl\":\"https:\/\/exceladvisor.org\/wp-content\/uploads\/2023\/08\/1-selectionner-des-cellules.png\",\"datePublished\":\"2023-10-31T04:19:27+00:00\",\"dateModified\":\"2023-12-06T11:34:07+00:00\",\"description\":\"Neste tutorial, aprenderemos como aplicar uma borda a uma c\u00e9lula ou a v\u00e1rios intervalos de c\u00e9lulas. Tamb\u00e9m aprenderemos\",\"breadcrumb\":{\"@id\":\"https:\/\/exceladvisor.org\/pt\/fronteira\/#breadcrumb\"},\"inLanguage\":\"pt-PT\",\"potentialAction\":[{\"@type\":\"ReadAction\",\"target\":[\"https:\/\/exceladvisor.org\/pt\/fronteira\/\"]}]},{\"@type\":\"ImageObject\",\"inLanguage\":\"pt-PT\",\"@id\":\"https:\/\/exceladvisor.org\/pt\/fronteira\/#primaryimage\",\"url\":\"https:\/\/exceladvisor.org\/wp-content\/uploads\/2023\/08\/1-selectionner-des-cellules.png\",\"contentUrl\":\"https:\/\/exceladvisor.org\/wp-content\/uploads\/2023\/08\/1-selectionner-des-cellules.png\"},{\"@type\":\"BreadcrumbList\",\"@id\":\"https:\/\/exceladvisor.org\/pt\/fronteira\/#breadcrumb\",\"itemListElement\":[{\"@type\":\"ListItem\",\"position\":1,\"name\":\"Lar\",\"item\":\"https:\/\/exceladvisor.org\/pt\/\"},{\"@type\":\"ListItem\",\"position\":2,\"name\":\"Como adicionar uma borda no excel?\"}]},{\"@type\":\"WebSite\",\"@id\":\"https:\/\/exceladvisor.org\/pt\/#website\",\"url\":\"https:\/\/exceladvisor.org\/pt\/\",\"name\":\"Excel Advisor\",\"description\":\"O seu guia definitivo para dominar os dados!\",\"publisher\":{\"@id\":\"https:\/\/exceladvisor.org\/pt\/#organization\"},\"potentialAction\":[{\"@type\":\"SearchAction\",\"target\":{\"@type\":\"EntryPoint\",\"urlTemplate\":\"https:\/\/exceladvisor.org\/pt\/?s={search_term_string}\"},\"query-input\":{\"@type\":\"PropertyValueSpecification\",\"valueRequired\":true,\"valueName\":\"search_term_string\"}}],\"inLanguage\":\"pt-PT\"},{\"@type\":\"Organization\",\"@id\":\"https:\/\/exceladvisor.org\/pt\/#organization\",\"name\":\"Excel Advisor\",\"url\":\"https:\/\/exceladvisor.org\/pt\/\",\"logo\":{\"@type\":\"ImageObject\",\"inLanguage\":\"pt-PT\",\"@id\":\"https:\/\/exceladvisor.org\/pt\/#\/schema\/logo\/image\/\",\"url\":\"https:\/\/exceladvisor.org\/pt\/wp-content\/uploads\/2023\/12\/exceladvisor.org_.png\",\"contentUrl\":\"https:\/\/exceladvisor.org\/pt\/wp-content\/uploads\/2023\/12\/exceladvisor.org_.png\",\"width\":105,\"height\":36,\"caption\":\"Excel Advisor\"},\"image\":{\"@id\":\"https:\/\/exceladvisor.org\/pt\/#\/schema\/logo\/image\/\"}}]}<\/script>\n<!-- \/ Yoast SEO plugin. -->","yoast_head_json":{"title":"\u25b7 Como adicionar uma borda no Excel? (Tutorial 2023)","description":"Neste tutorial, aprenderemos como aplicar uma borda a uma c\u00e9lula ou a v\u00e1rios intervalos de c\u00e9lulas. Tamb\u00e9m aprenderemos","robots":{"index":"index","follow":"follow","max-snippet":"max-snippet:-1","max-image-preview":"max-image-preview:large","max-video-preview":"max-video-preview:-1"},"canonical":"https:\/\/exceladvisor.org\/pt\/fronteira\/","og_locale":"pt_PT","og_type":"article","og_title":"\u25b7 Como adicionar uma borda no Excel? (Tutorial 2023)","og_description":"Neste tutorial, aprenderemos como aplicar uma borda a uma c\u00e9lula ou a v\u00e1rios intervalos de c\u00e9lulas. Tamb\u00e9m aprenderemos","og_url":"https:\/\/exceladvisor.org\/pt\/fronteira\/","og_site_name":"Excel Advisor","article_modified_time":"2023-12-06T11:34:07+00:00","og_image":[{"url":"https:\/\/exceladvisor.org\/wp-content\/uploads\/2023\/08\/1-selectionner-des-cellules.png","type":"","width":"","height":""}],"twitter_card":"summary_large_image","twitter_misc":{"Tempo estimado de leitura":"4 minutos"},"schema":{"@context":"https:\/\/schema.org","@graph":[{"@type":"WebPage","@id":"https:\/\/exceladvisor.org\/pt\/fronteira\/","url":"https:\/\/exceladvisor.org\/pt\/fronteira\/","name":"\u25b7 Como adicionar uma borda no Excel? (Tutorial 2023)","isPartOf":{"@id":"https:\/\/exceladvisor.org\/pt\/#website"},"primaryImageOfPage":{"@id":"https:\/\/exceladvisor.org\/pt\/fronteira\/#primaryimage"},"image":{"@id":"https:\/\/exceladvisor.org\/pt\/fronteira\/#primaryimage"},"thumbnailUrl":"https:\/\/exceladvisor.org\/wp-content\/uploads\/2023\/08\/1-selectionner-des-cellules.png","datePublished":"2023-10-31T04:19:27+00:00","dateModified":"2023-12-06T11:34:07+00:00","description":"Neste tutorial, aprenderemos como aplicar uma borda a uma c\u00e9lula ou a v\u00e1rios intervalos de c\u00e9lulas. Tamb\u00e9m aprenderemos","breadcrumb":{"@id":"https:\/\/exceladvisor.org\/pt\/fronteira\/#breadcrumb"},"inLanguage":"pt-PT","potentialAction":[{"@type":"ReadAction","target":["https:\/\/exceladvisor.org\/pt\/fronteira\/"]}]},{"@type":"ImageObject","inLanguage":"pt-PT","@id":"https:\/\/exceladvisor.org\/pt\/fronteira\/#primaryimage","url":"https:\/\/exceladvisor.org\/wp-content\/uploads\/2023\/08\/1-selectionner-des-cellules.png","contentUrl":"https:\/\/exceladvisor.org\/wp-content\/uploads\/2023\/08\/1-selectionner-des-cellules.png"},{"@type":"BreadcrumbList","@id":"https:\/\/exceladvisor.org\/pt\/fronteira\/#breadcrumb","itemListElement":[{"@type":"ListItem","position":1,"name":"Lar","item":"https:\/\/exceladvisor.org\/pt\/"},{"@type":"ListItem","position":2,"name":"Como adicionar uma borda no excel?"}]},{"@type":"WebSite","@id":"https:\/\/exceladvisor.org\/pt\/#website","url":"https:\/\/exceladvisor.org\/pt\/","name":"Excel Advisor","description":"O seu guia definitivo para dominar os dados!","publisher":{"@id":"https:\/\/exceladvisor.org\/pt\/#organization"},"potentialAction":[{"@type":"SearchAction","target":{"@type":"EntryPoint","urlTemplate":"https:\/\/exceladvisor.org\/pt\/?s={search_term_string}"},"query-input":{"@type":"PropertyValueSpecification","valueRequired":true,"valueName":"search_term_string"}}],"inLanguage":"pt-PT"},{"@type":"Organization","@id":"https:\/\/exceladvisor.org\/pt\/#organization","name":"Excel Advisor","url":"https:\/\/exceladvisor.org\/pt\/","logo":{"@type":"ImageObject","inLanguage":"pt-PT","@id":"https:\/\/exceladvisor.org\/pt\/#\/schema\/logo\/image\/","url":"https:\/\/exceladvisor.org\/pt\/wp-content\/uploads\/2023\/12\/exceladvisor.org_.png","contentUrl":"https:\/\/exceladvisor.org\/pt\/wp-content\/uploads\/2023\/12\/exceladvisor.org_.png","width":105,"height":36,"caption":"Excel Advisor"},"image":{"@id":"https:\/\/exceladvisor.org\/pt\/#\/schema\/logo\/image\/"}}]}},"yoast_meta":{"yoast_wpseo_title":"","yoast_wpseo_metadesc":"","yoast_wpseo_canonical":""},"_links":{"self":[{"href":"https:\/\/exceladvisor.org\/pt\/wp-json\/wp\/v2\/pages\/381","targetHints":{"allow":["GET"]}}],"collection":[{"href":"https:\/\/exceladvisor.org\/pt\/wp-json\/wp\/v2\/pages"}],"about":[{"href":"https:\/\/exceladvisor.org\/pt\/wp-json\/wp\/v2\/types\/page"}],"author":[{"embeddable":true,"href":"https:\/\/exceladvisor.org\/pt\/wp-json\/wp\/v2\/users\/1"}],"replies":[{"embeddable":true,"href":"https:\/\/exceladvisor.org\/pt\/wp-json\/wp\/v2\/comments?post=381"}],"version-history":[{"count":1,"href":"https:\/\/exceladvisor.org\/pt\/wp-json\/wp\/v2\/pages\/381\/revisions"}],"predecessor-version":[{"id":800,"href":"https:\/\/exceladvisor.org\/pt\/wp-json\/wp\/v2\/pages\/381\/revisions\/800"}],"wp:attachment":[{"href":"https:\/\/exceladvisor.org\/pt\/wp-json\/wp\/v2\/media?parent=381"}],"curies":[{"name":"wp","href":"https:\/\/api.w.org\/{rel}","templated":true}]}}