{"id":382,"date":"2023-10-31T03:53:22","date_gmt":"2023-10-31T03:53:22","guid":{"rendered":"https:\/\/exceladvisor.org\/pt\/congelar-as-venezianas\/"},"modified":"2023-12-06T11:35:28","modified_gmt":"2023-12-06T11:35:28","slug":"congelar-as-venezianas","status":"publish","type":"page","link":"https:\/\/exceladvisor.org\/pt\/congelar-as-venezianas\/","title":{"rendered":"Como congelar pain\u00e9is no excel?"},"content":{"rendered":"<div class=\"excel-before-content-2\" id=\"excel-3840681195\"><script type=\"text\/javascript\">\r\n\tatOptions = {\r\n\t\t'key' : 'c1158f160081d6540a8409e6925dab94',\r\n\t\t'format' : 'iframe',\r\n\t\t'height' : 250,\r\n\t\t'width' : 300,\r\n\t\t'params' : {}\r\n\t};\r\n<\/script>\r\n<script type=\"text\/javascript\" src=\"\/\/www.highperformanceformat.com\/c1158f160081d6540a8409e6925dab94\/invoke.js\"><\/script><\/div><div class=\"excel-before-content\" id=\"excel-1865305283\"><script type=\"text\/javascript\">\r\n\tatOptions = {\r\n\t\t'key' : 'c1158f160081d6540a8409e6925dab94',\r\n\t\t'format' : 'iframe',\r\n\t\t'height' : 250,\r\n\t\t'width' : 300,\r\n\t\t'params' : {}\r\n\t};\r\n<\/script>\r\n<script type=\"text\/javascript\" src=\"\/\/www.highperformanceformat.com\/c1158f160081d6540a8409e6925dab94\/invoke.js\"><\/script><\/div> <p>A op\u00e7\u00e3o Congelar pain\u00e9is permite bloquear linhas e colunas enquanto rola a planilha em qualquer lugar. Ao trabalhar com big data, \u00e9 dif\u00edcil compar\u00e1-los entre si.<\/p><p> Por\u00e9m, voc\u00ea pode congelar o cabe\u00e7alho ou algumas linhas e colunas espec\u00edficas para torn\u00e1-los sempre vis\u00edveis no topo.<\/p><p> Neste tutorial, gostaria de compartilhar as etapas para congelar a linha superior ou a primeira coluna e a combina\u00e7\u00e3o de linhas e colunas de acordo.<\/p><h2 class=\"wp-block-heading\"> Etapas para congelar a linha superior no Excel<\/h2><ol><li> Primeiro, selecione a \u201clinha de cabe\u00e7alho\u201d que deseja congelar.<\/li><li> Em seguida, v\u00e1 at\u00e9 a aba \u201cVisualizar\u201d da faixa de op\u00e7\u00f5es e, no grupo \u201cJanela\u201d, clique no comando \u201cCongelar Pain\u00e9is\u201d. <br><img loading=\"lazy\" decoding=\"async\" title=\"1 cabe\u00e7alho para congelar\" src=\"https:\/\/exceladvisor.org\/wp-content\/uploads\/2023\/08\/1-en-tete-a-figer.png\" sizes=\"auto, \" srcset=\"\" alt=\"header-to-freeze\" width=\"979\" height=\"261\"><\/li><li> Agora, na lista suspensa do painel congelar, selecione a op\u00e7\u00e3o \u201cCongelar linha superior\u201d para bloquear a linha. <br><img loading=\"lazy\" decoding=\"async\" title=\"Linha superior com 2 escolhas livres\" src=\"https:\/\/exceladvisor.org\/wp-content\/uploads\/2023\/08\/2-choisissez-la-rangee-superieure-libre.png\" sizes=\"auto, \" srcset=\"\" alt=\"choose-freeze-top-row\" width=\"393\" height=\"259\"><\/li><li> Aqui voc\u00ea notar\u00e1 uma linha horizontal fina abaixo da linha do cabe\u00e7alho que indica que a \u00e1rea acima da planilha est\u00e1 bloqueada. <br><img loading=\"lazy\" decoding=\"async\" title=\"3 linhas superiores congeladas\" src=\"https:\/\/exceladvisor.org\/wp-content\/uploads\/2023\/08\/3-rangees-du-haut-gelees.png\" sizes=\"auto, \" srcset=\"\" alt=\"top-row-freezed\" width=\"405\" height=\"194\"><\/li><\/ol><p> O atalho de teclado \u00e9 Alt \u21e2 W \u21e2 F \u21e2 R para congelar a linha superior.<\/p><h2 class=\"wp-block-heading\"> Congelar v\u00e1rias linhas na parte superior do Excel<\/h2><p> Com isso, voc\u00ea tamb\u00e9m pode congelar v\u00e1rias linhas na planilha conforme sua necessidade. Abaixo est\u00e3o as etapas a seguir:<\/p><ol><li> Primeiro, passe o cursor sobre o n\u00famero do cabe\u00e7alho da linha de destino para congelar a \u00e1rea acima. (Por exemplo, se quiser congelar as tr\u00eas primeiras linhas, voc\u00ea precisa selecionar a <sup>quarta<\/sup> linha para isso).<\/li><li> Depois disso, na aba \u201cVisualizar\u201d, clique na lista suspensa congelar pain\u00e9is e selecione a primeira op\u00e7\u00e3o que \u00e9 \u201cBloquear Pain\u00e9is\u201d. <br><img loading=\"lazy\" decoding=\"async\" title=\"4-sorvetes\" src=\"https:\/\/exceladvisor.org\/wp-content\/uploads\/2023\/08\/4-volets-de-gel.png\" sizes=\"auto, \" srcset=\"\" alt=\"freeze-panes\" width=\"670\" height=\"250\"><\/li><li> Agora role a planilha para baixo e voc\u00ea notar\u00e1 que todas as linhas acima da <sup>4\u00aa<\/sup> linha ficar\u00e3o vis\u00edveis na parte superior como est\u00e3o. <br><img loading=\"lazy\" decoding=\"async\" title=\"5 linhas acima selecionadas vis\u00edveis1\" src=\"https:\/\/exceladvisor.org\/wp-content\/uploads\/2023\/08\/5-lignes-selectionnees-au-dessus-visibles1.png\" sizes=\"auto, \" srcset=\"\" alt=\"above-selected-rows-visible\" width=\"408\" height=\"171\"><\/li><\/ol><h2 class=\"wp-block-heading\"> Congelar a primeira coluna no Excel<\/h2><p> Para saber como congelar a primeira coluna da planilha, voc\u00ea precisa seguir os passos abaixo:<\/p><ol><li> Selecione a coluna superior do alfabeto \u201cA\u201d que designa a coluna A da planilha.<\/li><li> Novamente, no grupo Janela, clique no menu suspenso Congelar pain\u00e9is.<\/li><li> Na pr\u00f3xima etapa, voc\u00ea precisa clicar na op\u00e7\u00e3o \u201cCongelar primeira coluna\u201d. <br><img loading=\"lazy\" decoding=\"async\" title=\"6-gel-primeira-coluna1\" src=\"https:\/\/exceladvisor.org\/wp-content\/uploads\/2023\/08\/6-geler-la-premiere-colonne1.png\" sizes=\"auto, \" srcset=\"\" alt=\"freeze-first-column\" width=\"626\" height=\"275\"><\/li><li> No final, a primeira coluna congela, mostrando uma linha vertical escura. <br><img loading=\"lazy\" decoding=\"async\" title=\"7 linhas verticais escuras\" src=\"https:\/\/exceladvisor.org\/wp-content\/uploads\/2023\/08\/7-ligne-verticale-sombre.png\" sizes=\"auto, \" srcset=\"\" alt=\"dark-vertical-line\" width=\"341\" height=\"237\"><\/li><\/ol><p> O atalho de teclado para congelar a primeira coluna \u00e9 Alt \u21e2 W \u21e2 F \u21e2 C.<\/p><h2 class=\"wp-block-heading\"> Congelar v\u00e1rias colunas<\/h2><ol><li> Primeiro, voc\u00ea precisa selecionar a primeira coluna pelo cabe\u00e7alho e, em seguida, pressionar e segurar a tecla Ctrl para selecionar as m\u00faltiplas colunas a serem bloqueadas. Por exemplo, se voc\u00ea deseja congelar as duas primeiras colunas (A, B) da sua planilha, para isso voc\u00ea tamb\u00e9m deve selecionar a coluna C.<\/li><li> Depois disso, v\u00e1 para a guia \u201cExibir\u201d&gt; Congelar Pain\u00e9is&gt; e clique em Congelar Pain\u00e9is novamente na lista suspensa. <br><img loading=\"lazy\" decoding=\"async\" title=\"8-congelar-m\u00faltiplas-colunas\" src=\"https:\/\/exceladvisor.org\/wp-content\/uploads\/2023\/08\/8-geler-plusieurs-colonnes.png\" sizes=\"auto, \" srcset=\"\" alt=\"freeze-multiple-columns\" width=\"645\" height=\"264\"><\/li><li> Ao clicar nas cubas de congelamento, as duas primeiras colunas (A e B) ser\u00e3o bloqueadas e essas colunas ser\u00e3o separadas das demais por uma linha reta vertical. <br><img loading=\"lazy\" decoding=\"async\" title=\"9 primeiras duas colunas congeladas\" src=\"https:\/\/exceladvisor.org\/wp-content\/uploads\/2023\/08\/9-deux-premieres-colonnes-figees.png\" sizes=\"auto, \" srcset=\"\" alt=\"first-two-columns-freezed\" width=\"327\" height=\"266\"><\/li><\/ol><h2 class=\"wp-block-heading\"> Descongelar pain\u00e9is no Excel<\/h2><ol><li> Basta ir para a guia \u201cExibir\u201d na faixa de op\u00e7\u00f5es.<\/li><li> Em seguida, clique no bot\u00e3o \u201cDescongelar pain\u00e9is\u201d nas bandejas de congelamento. <br><img loading=\"lazy\" decoding=\"async\" title=\"10 janelas descongeladas\" src=\"https:\/\/exceladvisor.org\/wp-content\/uploads\/2023\/08\/10-vitres-degelees.png\" sizes=\"auto, \" srcset=\"\" alt=\"unfreeze-panes\" width=\"625\" height=\"257\"><\/li><li> Dentro de um segundo, voc\u00ea ver\u00e1 todas as linhas e colunas bloqueadas voltarem ao normal. <br><img loading=\"lazy\" decoding=\"async\" title=\"11 linhas e colunas n\u00e3o fixas\" src=\"https:\/\/exceladvisor.org\/wp-content\/uploads\/2023\/08\/11-lignes-et-colonnes-non-figees.png\" sizes=\"auto, \" srcset=\"\" alt=\"rows-and-columns-unfreezed\" width=\"314\" height=\"217\"><\/li><\/ol><h2 class=\"wp-block-heading\"> Remover<\/h2><ul><li> Colunas ou linhas bloqueadas sempre come\u00e7ar\u00e3o na linha superior e na primeira coluna. Pois n\u00e3o \u00e9 poss\u00edvel bloquear a linha ou coluna do meio da planilha.<\/li><li> Certifique-se de que todas as linhas e colunas que voc\u00ea deseja bloquear estejam vis\u00edveis na planilha.<\/li><\/ul><div class=\"gb-container gb-container-4db6181c gb-container-mt\"> <a class=\"gb-button gb-button-c5897111 gb-button-text gb-button-mt-button\" href=\"https:\/\/exceladvisor.org\/pt\/nocoes-basicas-de-excel\/\">No\u00e7\u00f5es b\u00e1sicas do Microsoft Excel (componentes, pe\u00e7as e notas de conhecimento)<\/a><h2 class=\"gb-headline gb-headline-665e5f6b gb-headline-text gb-headline-mt-heading\"> Tutoriais relacionados <\/h2><div class=\"gb-grid-wrapper gb-grid-wrapper-a20baf7c gb-grid-wrapper-mt-grid\"><div class=\"gb-grid-column gb-grid-column-65ddf67e\"><div class=\"gb-container gb-container-65ddf67e\"><ul><li> <a href=\"https:\/\/exceladvisor.org\/pt\/justificar-completamente\/\">Preencha Justificar no Excel<\/a><\/li><li> <a href=\"https:\/\/exceladvisor.org\/pt\/barra-de-formulas-do-excel\/\">Barra de f\u00f3rmulas no Excel<\/a><\/li><li> <a href=\"https:\/\/exceladvisor.org\/pt\/adicionar-um-cabecalho-de-rodape\/\">Adicione um cabe\u00e7alho e rodap\u00e9 no Excel<\/a><\/li><li> <a href=\"https:\/\/exceladvisor.org\/pt\/governante\/\">Mostrar r\u00e9gua no Excel<\/a><\/li><li> <a href=\"https:\/\/exceladvisor.org\/pt\/alca-de-enchimento\/\">Al\u00e7a de preenchimento no Excel<\/a> <\/li><\/ul><\/div><\/div><div class=\"gb-grid-column gb-grid-column-50067b57\"><div class=\"gb-container gb-container-50067b57\"><\/div><\/div><\/div><\/div>","protected":false},"excerpt":{"rendered":"","protected":false},"author":1,"featured_media":0,"parent":0,"menu_order":0,"comment_status":"open","ping_status":"closed","template":"","meta":{"ub_ctt_via":"","footnotes":""},"class_list":["post-382","page","type-page","status-publish","hentry"],"featured_image_src":null,"yoast_head":"<!-- This site is optimized with the Yoast SEO plugin v25.4 - https:\/\/yoast.com\/wordpress\/plugins\/seo\/ -->\n<title>\u25b7 Como congelar pain\u00e9is no Excel? (Tutorial 2023)<\/title>\n<meta name=\"description\" content=\"Neste tutorial, aprenderemos como usar a op\u00e7\u00e3o congelar painel no Excel. Esta op\u00e7\u00e3o permite congelar a primeira linha ou\" \/>\n<meta name=\"robots\" content=\"index, follow, max-snippet:-1, max-image-preview:large, max-video-preview:-1\" \/>\n<link rel=\"canonical\" href=\"https:\/\/exceladvisor.org\/pt\/congelar-as-venezianas\/\" \/>\n<meta property=\"og:locale\" content=\"pt_PT\" \/>\n<meta property=\"og:type\" content=\"article\" \/>\n<meta property=\"og:title\" content=\"\u25b7 Como congelar pain\u00e9is no Excel? (Tutorial 2023)\" \/>\n<meta property=\"og:description\" content=\"Neste tutorial, aprenderemos como usar a op\u00e7\u00e3o congelar painel no Excel. Esta op\u00e7\u00e3o permite congelar a primeira linha ou\" \/>\n<meta property=\"og:url\" content=\"https:\/\/exceladvisor.org\/pt\/congelar-as-venezianas\/\" \/>\n<meta property=\"og:site_name\" content=\"Excel Advisor\" \/>\n<meta property=\"article:modified_time\" content=\"2023-12-06T11:35:28+00:00\" \/>\n<meta property=\"og:image\" content=\"https:\/\/exceladvisor.org\/wp-content\/uploads\/2023\/08\/1-en-tete-a-figer.png\" \/>\n<meta name=\"twitter:card\" content=\"summary_large_image\" \/>\n<meta name=\"twitter:label1\" content=\"Tempo estimado de leitura\" \/>\n\t<meta name=\"twitter:data1\" content=\"3 minutos\" \/>\n<script type=\"application\/ld+json\" class=\"yoast-schema-graph\">{\"@context\":\"https:\/\/schema.org\",\"@graph\":[{\"@type\":\"WebPage\",\"@id\":\"https:\/\/exceladvisor.org\/pt\/congelar-as-venezianas\/\",\"url\":\"https:\/\/exceladvisor.org\/pt\/congelar-as-venezianas\/\",\"name\":\"\u25b7 Como congelar pain\u00e9is no Excel? (Tutorial 2023)\",\"isPartOf\":{\"@id\":\"https:\/\/exceladvisor.org\/pt\/#website\"},\"primaryImageOfPage\":{\"@id\":\"https:\/\/exceladvisor.org\/pt\/congelar-as-venezianas\/#primaryimage\"},\"image\":{\"@id\":\"https:\/\/exceladvisor.org\/pt\/congelar-as-venezianas\/#primaryimage\"},\"thumbnailUrl\":\"https:\/\/exceladvisor.org\/wp-content\/uploads\/2023\/08\/1-en-tete-a-figer.png\",\"datePublished\":\"2023-10-31T03:53:22+00:00\",\"dateModified\":\"2023-12-06T11:35:28+00:00\",\"description\":\"Neste tutorial, aprenderemos como usar a op\u00e7\u00e3o congelar painel no Excel. Esta op\u00e7\u00e3o permite congelar a primeira linha ou\",\"breadcrumb\":{\"@id\":\"https:\/\/exceladvisor.org\/pt\/congelar-as-venezianas\/#breadcrumb\"},\"inLanguage\":\"pt-PT\",\"potentialAction\":[{\"@type\":\"ReadAction\",\"target\":[\"https:\/\/exceladvisor.org\/pt\/congelar-as-venezianas\/\"]}]},{\"@type\":\"ImageObject\",\"inLanguage\":\"pt-PT\",\"@id\":\"https:\/\/exceladvisor.org\/pt\/congelar-as-venezianas\/#primaryimage\",\"url\":\"https:\/\/exceladvisor.org\/wp-content\/uploads\/2023\/08\/1-en-tete-a-figer.png\",\"contentUrl\":\"https:\/\/exceladvisor.org\/wp-content\/uploads\/2023\/08\/1-en-tete-a-figer.png\"},{\"@type\":\"BreadcrumbList\",\"@id\":\"https:\/\/exceladvisor.org\/pt\/congelar-as-venezianas\/#breadcrumb\",\"itemListElement\":[{\"@type\":\"ListItem\",\"position\":1,\"name\":\"Lar\",\"item\":\"https:\/\/exceladvisor.org\/pt\/\"},{\"@type\":\"ListItem\",\"position\":2,\"name\":\"Como congelar pain\u00e9is no excel?\"}]},{\"@type\":\"WebSite\",\"@id\":\"https:\/\/exceladvisor.org\/pt\/#website\",\"url\":\"https:\/\/exceladvisor.org\/pt\/\",\"name\":\"Excel Advisor\",\"description\":\"O seu guia definitivo para dominar os dados!\",\"publisher\":{\"@id\":\"https:\/\/exceladvisor.org\/pt\/#organization\"},\"potentialAction\":[{\"@type\":\"SearchAction\",\"target\":{\"@type\":\"EntryPoint\",\"urlTemplate\":\"https:\/\/exceladvisor.org\/pt\/?s={search_term_string}\"},\"query-input\":{\"@type\":\"PropertyValueSpecification\",\"valueRequired\":true,\"valueName\":\"search_term_string\"}}],\"inLanguage\":\"pt-PT\"},{\"@type\":\"Organization\",\"@id\":\"https:\/\/exceladvisor.org\/pt\/#organization\",\"name\":\"Excel Advisor\",\"url\":\"https:\/\/exceladvisor.org\/pt\/\",\"logo\":{\"@type\":\"ImageObject\",\"inLanguage\":\"pt-PT\",\"@id\":\"https:\/\/exceladvisor.org\/pt\/#\/schema\/logo\/image\/\",\"url\":\"https:\/\/exceladvisor.org\/pt\/wp-content\/uploads\/2023\/12\/exceladvisor.org_.png\",\"contentUrl\":\"https:\/\/exceladvisor.org\/pt\/wp-content\/uploads\/2023\/12\/exceladvisor.org_.png\",\"width\":105,\"height\":36,\"caption\":\"Excel Advisor\"},\"image\":{\"@id\":\"https:\/\/exceladvisor.org\/pt\/#\/schema\/logo\/image\/\"}}]}<\/script>\n<!-- \/ Yoast SEO plugin. -->","yoast_head_json":{"title":"\u25b7 Como congelar pain\u00e9is no Excel? (Tutorial 2023)","description":"Neste tutorial, aprenderemos como usar a op\u00e7\u00e3o congelar painel no Excel. Esta op\u00e7\u00e3o permite congelar a primeira linha ou","robots":{"index":"index","follow":"follow","max-snippet":"max-snippet:-1","max-image-preview":"max-image-preview:large","max-video-preview":"max-video-preview:-1"},"canonical":"https:\/\/exceladvisor.org\/pt\/congelar-as-venezianas\/","og_locale":"pt_PT","og_type":"article","og_title":"\u25b7 Como congelar pain\u00e9is no Excel? (Tutorial 2023)","og_description":"Neste tutorial, aprenderemos como usar a op\u00e7\u00e3o congelar painel no Excel. Esta op\u00e7\u00e3o permite congelar a primeira linha ou","og_url":"https:\/\/exceladvisor.org\/pt\/congelar-as-venezianas\/","og_site_name":"Excel Advisor","article_modified_time":"2023-12-06T11:35:28+00:00","og_image":[{"url":"https:\/\/exceladvisor.org\/wp-content\/uploads\/2023\/08\/1-en-tete-a-figer.png","type":"","width":"","height":""}],"twitter_card":"summary_large_image","twitter_misc":{"Tempo estimado de leitura":"3 minutos"},"schema":{"@context":"https:\/\/schema.org","@graph":[{"@type":"WebPage","@id":"https:\/\/exceladvisor.org\/pt\/congelar-as-venezianas\/","url":"https:\/\/exceladvisor.org\/pt\/congelar-as-venezianas\/","name":"\u25b7 Como congelar pain\u00e9is no Excel? (Tutorial 2023)","isPartOf":{"@id":"https:\/\/exceladvisor.org\/pt\/#website"},"primaryImageOfPage":{"@id":"https:\/\/exceladvisor.org\/pt\/congelar-as-venezianas\/#primaryimage"},"image":{"@id":"https:\/\/exceladvisor.org\/pt\/congelar-as-venezianas\/#primaryimage"},"thumbnailUrl":"https:\/\/exceladvisor.org\/wp-content\/uploads\/2023\/08\/1-en-tete-a-figer.png","datePublished":"2023-10-31T03:53:22+00:00","dateModified":"2023-12-06T11:35:28+00:00","description":"Neste tutorial, aprenderemos como usar a op\u00e7\u00e3o congelar painel no Excel. Esta op\u00e7\u00e3o permite congelar a primeira linha ou","breadcrumb":{"@id":"https:\/\/exceladvisor.org\/pt\/congelar-as-venezianas\/#breadcrumb"},"inLanguage":"pt-PT","potentialAction":[{"@type":"ReadAction","target":["https:\/\/exceladvisor.org\/pt\/congelar-as-venezianas\/"]}]},{"@type":"ImageObject","inLanguage":"pt-PT","@id":"https:\/\/exceladvisor.org\/pt\/congelar-as-venezianas\/#primaryimage","url":"https:\/\/exceladvisor.org\/wp-content\/uploads\/2023\/08\/1-en-tete-a-figer.png","contentUrl":"https:\/\/exceladvisor.org\/wp-content\/uploads\/2023\/08\/1-en-tete-a-figer.png"},{"@type":"BreadcrumbList","@id":"https:\/\/exceladvisor.org\/pt\/congelar-as-venezianas\/#breadcrumb","itemListElement":[{"@type":"ListItem","position":1,"name":"Lar","item":"https:\/\/exceladvisor.org\/pt\/"},{"@type":"ListItem","position":2,"name":"Como congelar pain\u00e9is no excel?"}]},{"@type":"WebSite","@id":"https:\/\/exceladvisor.org\/pt\/#website","url":"https:\/\/exceladvisor.org\/pt\/","name":"Excel Advisor","description":"O seu guia definitivo para dominar os dados!","publisher":{"@id":"https:\/\/exceladvisor.org\/pt\/#organization"},"potentialAction":[{"@type":"SearchAction","target":{"@type":"EntryPoint","urlTemplate":"https:\/\/exceladvisor.org\/pt\/?s={search_term_string}"},"query-input":{"@type":"PropertyValueSpecification","valueRequired":true,"valueName":"search_term_string"}}],"inLanguage":"pt-PT"},{"@type":"Organization","@id":"https:\/\/exceladvisor.org\/pt\/#organization","name":"Excel Advisor","url":"https:\/\/exceladvisor.org\/pt\/","logo":{"@type":"ImageObject","inLanguage":"pt-PT","@id":"https:\/\/exceladvisor.org\/pt\/#\/schema\/logo\/image\/","url":"https:\/\/exceladvisor.org\/pt\/wp-content\/uploads\/2023\/12\/exceladvisor.org_.png","contentUrl":"https:\/\/exceladvisor.org\/pt\/wp-content\/uploads\/2023\/12\/exceladvisor.org_.png","width":105,"height":36,"caption":"Excel Advisor"},"image":{"@id":"https:\/\/exceladvisor.org\/pt\/#\/schema\/logo\/image\/"}}]}},"yoast_meta":{"yoast_wpseo_title":"","yoast_wpseo_metadesc":"","yoast_wpseo_canonical":""},"_links":{"self":[{"href":"https:\/\/exceladvisor.org\/pt\/wp-json\/wp\/v2\/pages\/382","targetHints":{"allow":["GET"]}}],"collection":[{"href":"https:\/\/exceladvisor.org\/pt\/wp-json\/wp\/v2\/pages"}],"about":[{"href":"https:\/\/exceladvisor.org\/pt\/wp-json\/wp\/v2\/types\/page"}],"author":[{"embeddable":true,"href":"https:\/\/exceladvisor.org\/pt\/wp-json\/wp\/v2\/users\/1"}],"replies":[{"embeddable":true,"href":"https:\/\/exceladvisor.org\/pt\/wp-json\/wp\/v2\/comments?post=382"}],"version-history":[{"count":1,"href":"https:\/\/exceladvisor.org\/pt\/wp-json\/wp\/v2\/pages\/382\/revisions"}],"predecessor-version":[{"id":909,"href":"https:\/\/exceladvisor.org\/pt\/wp-json\/wp\/v2\/pages\/382\/revisions\/909"}],"wp:attachment":[{"href":"https:\/\/exceladvisor.org\/pt\/wp-json\/wp\/v2\/media?parent=382"}],"curies":[{"name":"wp","href":"https:\/\/api.w.org\/{rel}","templated":true}]}}