{"id":383,"date":"2023-10-31T03:21:49","date_gmt":"2023-10-31T03:21:49","guid":{"rendered":"https:\/\/exceladvisor.org\/pt\/largura-da-coluna\/"},"modified":"2023-12-06T11:34:27","modified_gmt":"2023-12-06T11:34:27","slug":"largura-da-coluna","status":"publish","type":"page","link":"https:\/\/exceladvisor.org\/pt\/largura-da-coluna\/","title":{"rendered":"Como alterar a largura da coluna no excel?"},"content":{"rendered":"<div class=\"excel-before-content-2\" id=\"excel-2035705281\"><script type=\"text\/javascript\">\r\n\tatOptions = {\r\n\t\t'key' : 'c1158f160081d6540a8409e6925dab94',\r\n\t\t'format' : 'iframe',\r\n\t\t'height' : 250,\r\n\t\t'width' : 300,\r\n\t\t'params' : {}\r\n\t};\r\n<\/script>\r\n<script type=\"text\/javascript\" src=\"\/\/www.highperformanceformat.com\/c1158f160081d6540a8409e6925dab94\/invoke.js\"><\/script><\/div><div class=\"excel-before-content\" id=\"excel-786772411\"><script type=\"text\/javascript\">\r\n\tatOptions = {\r\n\t\t'key' : 'c1158f160081d6540a8409e6925dab94',\r\n\t\t'format' : 'iframe',\r\n\t\t'height' : 250,\r\n\t\t'width' : 300,\r\n\t\t'params' : {}\r\n\t};\r\n<\/script>\r\n<script type=\"text\/javascript\" src=\"\/\/www.highperformanceformat.com\/c1158f160081d6540a8409e6925dab94\/invoke.js\"><\/script><\/div> <p>No Excel, uma planilha possui v\u00e1rias c\u00e9lulas do mesmo tamanho e cada c\u00e9lula cont\u00e9m 8,43 caracteres.<\/p><p> Em particular, ao preparar relat\u00f3rios, criar tabelas de dados ou outros c\u00e1lculos, muitas vezes \u00e9 necess\u00e1rio alterar a largura de uma coluna. E, ao expandir suas colunas, voc\u00ea pode facilmente obter visibilidade de todos os dados da sua planilha.<\/p><p> Neste tutorial, aprenderemos v\u00e1rias maneiras eficazes de ajustar a largura das colunas.<\/p><h2 class=\"wp-block-heading\"> Ajuste a largura da coluna com o mouse<\/h2><p> Ajustar a largura da coluna clicando e arrastando \u00e9 muito f\u00e1cil de fazer e entender. Agora vamos fazer isso passo a passo.<\/p><ol><li> Para alterar a largura de \u201cColunas \u00danicas ou M\u00faltiplas\u201d, primeiro selecione aquela coluna espec\u00edfica na planilha. <br><img loading=\"lazy\" decoding=\"async\" title=\"1 coluna de sele\u00e7\u00e3o\" src=\"https:\/\/exceladvisor.org\/wp-content\/uploads\/2023\/08\/1-selectionner-la-colonne.png\" sizes=\"auto, \" srcset=\"\" alt=\"select-the-column\" width=\"337\" height=\"200\"><\/li><li> Depois disso, mova o ponteiro do mouse at\u00e9 a borda da coluna selecionada no cabe\u00e7alho da coluna. <br><img loading=\"lazy\" decoding=\"async\" title=\"Ponteiro de 2 mouse na borda da coluna\" src=\"https:\/\/exceladvisor.org\/wp-content\/uploads\/2023\/08\/2-pointeur-de-souris-en-bordure-de-colonne.png\" sizes=\"auto, \" srcset=\"\" alt=\"mouse-pointer-on-column-border\" width=\"331\" height=\"197\"><\/li><li> Quando parecer uma seta de quatro lados, mantenha pressionado o bot\u00e3o esquerdo do mouse e arraste-o para a direita para aumentar sua largura. <br><img loading=\"lazy\" decoding=\"async\" title=\"3-arraste para com o mouse\" src=\"https:\/\/exceladvisor.org\/wp-content\/uploads\/2023\/08\/3-faites-glisser-vers-avec-la-souris.png\" sizes=\"auto, \" srcset=\"\" alt=\"drag-towards-with-mouse\" width=\"343\" height=\"171\"><\/li><li> Para alterar a largura de \u201cTodas as colunas\u201d, primeiro pressione Ctrl + A para selecionar todas as colunas da planilha e arraste qualquer cabe\u00e7alho de coluna para ajust\u00e1-lo conforme necess\u00e1rio. <br><img loading=\"lazy\" decoding=\"async\" title=\"4-selecione a planilha para expandir todas as colunas\" src=\"https:\/\/exceladvisor.org\/wp-content\/uploads\/2023\/08\/4-selectionnez-la-feuille-pour-developper-toutes-les-colonnes.png\" sizes=\"auto, \" srcset=\"\" alt=\"select-the-sheet-to-expand-all-columns\" width=\"433\" height=\"209\"><\/li><\/ol><p class=\"mynote\"> Voc\u00ea tamb\u00e9m pode visualizar a largura atual da coluna clicando na borda da coluna no cabe\u00e7alho da coluna com seus pixels. <\/p><div class=\"wp-block-image\"><figure class=\"aligncenter size-full is-resized\"><img loading=\"lazy\" decoding=\"async\" class=\"wp-image-77652\" src=\"https:\/\/exceladvisor.org\/wp-content\/uploads\/2023\/08\/5-largeur-actuelle-de-la-colonne.png\" sizes=\"auto, \" srcset=\"\" alt=\"largura da coluna atual\" width=\"532\" height=\"214\"><\/figure><\/div><h2 class=\"wp-block-heading\"> Defina a largura da coluna para um n\u00famero espec\u00edfico<\/h2><ol><li> Novamente, voc\u00ea deve primeiro selecionar a coluna para alterar sua largura para um n\u00famero espec\u00edfico. <br><img loading=\"lazy\" decoding=\"async\" title=\"6 conjuntos de largura de coluna para n\u00famero espec\u00edfico\" src=\"https:\/\/exceladvisor.org\/wp-content\/uploads\/2023\/08\/6-definir-la-largeur-de-la-colonne-sur-un-nombre-specifique.png\" sizes=\"auto, \" srcset=\"\" alt=\"set-column-width-to-specific-number\" width=\"334\" height=\"179\"><\/li><li> Em seguida, na aba Home, v\u00e1 at\u00e9 o grupo C\u00e9lulas e agora clique em \u201cFormatar\u201d. <br><img loading=\"lazy\" decoding=\"async\" title=\"\u00cdcone de c\u00e9lulas da guia inicial de 7\" src=\"https:\/\/exceladvisor.org\/wp-content\/uploads\/2023\/08\/7-icone-des-cellules-de-longlet-daccueil.png\" sizes=\"auto, \" srcset=\"\" alt=\"home-tab-cells-icon\" width=\"817\" height=\"117\"><\/li><li> Em seguida, escolha \u201cLargura da coluna\u201d na lista suspensa. <br><img loading=\"lazy\" decoding=\"async\" title=\"Largura de 8 colunas\" src=\"https:\/\/exceladvisor.org\/wp-content\/uploads\/2023\/08\/8-choisir-la-largeur-de-colonne.png\" sizes=\"auto, \" srcset=\"\" alt=\"choose-column-width\" width=\"185\" height=\"500\"><\/li><li> Depois de clicar, a caixa de di\u00e1logo de largura da coluna ser\u00e1 aberta. Agora insira o valor exato da largura desejada na caixa e clique em \u201cOK\u201d para aplicar. <br><img loading=\"lazy\" decoding=\"async\" title=\"Caixa de di\u00e1logo de 9 colunas\" src=\"https:\/\/exceladvisor.org\/wp-content\/uploads\/2023\/08\/Boite-de-dialogue-a-9-largeurs-de-colonne.png\" sizes=\"auto, \" srcset=\"\" alt=\"column-width-dialog-box\" width=\"485\" height=\"213\"><\/li><\/ol><h2 class=\"wp-block-heading\"> Defina a largura da coluna clicando com o bot\u00e3o direito<\/h2><p> Voc\u00ea tamb\u00e9m pode abrir a mesma caixa de di\u00e1logo \u201cLargura da coluna\u201d clicando com o bot\u00e3o direito na linha selecionada. <\/p><div class=\"wp-block-image\"><figure class=\"aligncenter size-full is-resized\"><img loading=\"lazy\" decoding=\"async\" class=\"wp-image-77658\" src=\"https:\/\/exceladvisor.org\/wp-content\/uploads\/2023\/08\/10-largeur-de-colonne-par-clic-droit.png\" sizes=\"auto, \" srcset=\"\" alt=\"largura da coluna por clique com o bot\u00e3o direito\" width=\"311\" height=\"368\"><\/figure><\/div><p> Na caixa de largura da coluna, voc\u00ea pode inserir o valor desejado e clicar em OK. <\/p><div class=\"wp-block-image\"><figure class=\"aligncenter size-full is-resized\"><img loading=\"lazy\" decoding=\"async\" class=\"wp-image-77659\" src=\"https:\/\/exceladvisor.org\/wp-content\/uploads\/2023\/08\/11-boite-de-dialogue-de-largeur-de-colonne.png\" sizes=\"auto, \" srcset=\"\" alt=\"caixa de di\u00e1logo de largura de coluna\" width=\"361\" height=\"263\"><\/figure><\/div><h2 class=\"wp-block-heading\"> Ajuste a largura da coluna pela op\u00e7\u00e3o de ajuste autom\u00e1tico<\/h2><p> Se seus dados nas colunas n\u00e3o estiverem vis\u00edveis, voc\u00ea pode usar a op\u00e7\u00e3o de ajuste autom\u00e1tico para ajustar a largura das colunas coletivamente. Aqui est\u00e3o as etapas a seguir:<\/p><ol><li> Para isso, voc\u00ea deve primeiro selecionar uma, v\u00e1rias ou todas as colunas para definir a largura. <br><img loading=\"lazy\" decoding=\"async\" title=\"Ajuste autom\u00e1tico de largura de 12 colunas\" src=\"https:\/\/exceladvisor.org\/wp-content\/uploads\/2023\/08\/Ajustement-automatique-de-la-largeur-de-12-colonnes.png\" sizes=\"auto, \" srcset=\"\" alt=\"column-width-autofit\" width=\"301\" height=\"190\"><\/li><li> Em seguida, v\u00e1 em \u201cFormatar\u201d no grupo de c\u00e9lulas na guia P\u00e1gina inicial. Selecione a op\u00e7\u00e3o \u201c <strong>Ajustar automaticamente a largura da coluna<\/strong> \u201d na lista de op\u00e7\u00f5es. <br><img loading=\"lazy\" decoding=\"async\" title=\"13-select-autofit-largura da coluna\" src=\"https:\/\/exceladvisor.org\/wp-content\/uploads\/2023\/08\/13-selectionner-la-largeur-de-colonne-dajustement-automatique.png\" sizes=\"auto, \" srcset=\"\" alt=\"select-autofit-column-width\" width=\"199\" height=\"289\"><\/li><li> Em seguida, ele ajusta automaticamente a largura de todas as colunas selecionadas para que voc\u00ea possa ver facilmente todos os dados conforme mostrado na imagem a seguir. <br><img loading=\"lazy\" decoding=\"async\" title=\"14 colunas ajustadas em largura\" src=\"https:\/\/exceladvisor.org\/wp-content\/uploads\/2023\/08\/14-colonnes-largeur-ajustee.png\" sizes=\"auto, \" srcset=\"\" alt=\"columns-width-adjusted\" width=\"315\" height=\"173\"><\/li><\/ol><h2 class=\"wp-block-heading\"> Configurando a largura padr\u00e3o das colunas<\/h2><p> Com Largura de coluna padr\u00e3o, voc\u00ea pode alterar a largura de colunas inteiras da planilha e tamb\u00e9m definir a largura de todas as planilhas em uma pasta de trabalho de uma s\u00f3 vez.<\/p><ol><li> Selecione as planilhas \u00fanicas ou m\u00faltiplas cuja largura padr\u00e3o voc\u00ea deseja ajustar. Aqui selecionamos a planilha \u00fanica como exemplo. <br><img loading=\"lazy\" decoding=\"async\" title=\"Largura de coluna padr\u00e3o de 15\" src=\"https:\/\/exceladvisor.org\/wp-content\/uploads\/2023\/08\/15-largeur-par-defaut-des-colonnes.png\" sizes=\"auto, \" srcset=\"\" alt=\"default-width-of-the-columns\" width=\"565\" height=\"240\"><\/li><li> Agora v\u00e1 em \u201cFormatar\u201d e clique na op\u00e7\u00e3o \u201cLargura Padr\u00e3o\u201d. <br><img loading=\"lazy\" decoding=\"async\" title=\"16 op\u00e7\u00f5es de largura padr\u00e3o\" src=\"https:\/\/exceladvisor.org\/wp-content\/uploads\/2023\/08\/16-option-de-largeur-par-defaut.png\" sizes=\"auto, \" srcset=\"\" alt=\"default-width-option\" width=\"203\" height=\"242\"><\/li><li> Em seguida, abrir\u00e1 a caixa de di\u00e1logo \u201cLargura padr\u00e3o\u201d. L\u00e1 voc\u00ea pode ver a largura atual das colunas vazias, que \u00e9 20. <br><img loading=\"lazy\" decoding=\"async\" title=\"Caixa de di\u00e1logo de 17 larguras padr\u00e3o\" src=\"https:\/\/exceladvisor.org\/wp-content\/uploads\/2023\/08\/17-boite-de-dialogue-de-largeur-standard.png\" sizes=\"auto, \" srcset=\"\" alt=\"standard-width-dialog-box\" width=\"548\" height=\"217\"><\/li><li> Finalmente, voc\u00ea precisa inserir a \u201cLargura da coluna padr\u00e3o\u201d na caixa e clicar em \u201cOK\u201d para aplic\u00e1-la. <br><img loading=\"lazy\" decoding=\"async\" title=\"Caixa de di\u00e1logo de largura padr\u00e3o de 18 colunas\" src=\"https:\/\/exceladvisor.org\/wp-content\/uploads\/2023\/08\/18-boite-de-dialogue-de-largeur-de-colonne-standard.png\" sizes=\"auto, \" srcset=\"\" alt=\"standard-column-width-dialog-box\" width=\"253\" height=\"120\"><\/li><\/ol><h2 class=\"wp-block-heading\"> Remover<\/h2><ul><li> A largura padr\u00e3o padr\u00e3o se aplica a todas as c\u00e9lulas vazias da planilha, em vez de c\u00e9lulas que j\u00e1 cont\u00eam dados.<\/li><li> A largura da coluna de ajuste autom\u00e1tico n\u00e3o se aplica se a largura da coluna for suficiente para os dados da coluna.<\/li><\/ul><div class=\"gb-container gb-container-4db6181c gb-container-mt\"> <a class=\"gb-button gb-button-c5897111 gb-button-text gb-button-mt-button\" href=\"https:\/\/exceladvisor.org\/pt\/nocoes-basicas-de-excel\/\">No\u00e7\u00f5es b\u00e1sicas do Microsoft Excel (componentes, pe\u00e7as e notas de conhecimento)<\/a><h2 class=\"gb-headline gb-headline-665e5f6b gb-headline-text gb-headline-mt-heading\"> Tutoriais relacionados <\/h2><div class=\"gb-grid-wrapper gb-grid-wrapper-a20baf7c gb-grid-wrapper-mt-grid\"><div class=\"gb-grid-column gb-grid-column-65ddf67e\"><div class=\"gb-container gb-container-65ddf67e\"><ul><li> <a href=\"https:\/\/exceladvisor.org\/pt\/adicionar-remover-hiperlinks\/\">Adicione e remova hiperlinks no Excel<\/a><\/li><li> <a href=\"https:\/\/exceladvisor.org\/pt\/adicione-uma-marca-dagua\/\">Adicione uma marca d&#8217;\u00e1gua no Excel<\/a><\/li><li> <a href=\"https:\/\/exceladvisor.org\/pt\/remover-colunas-de-linha-ocultas\/\">Exclua linhas ocultas no Excel<\/a><\/li><li> <a href=\"https:\/\/exceladvisor.org\/pt\/desmarcar-celulas\/\">Desmarcar c\u00e9lulas no Excel<\/a> <\/li><\/ul><\/div><\/div><div class=\"gb-grid-column gb-grid-column-50067b57\"><div class=\"gb-container gb-container-50067b57\"><ul><li> <a href=\"https:\/\/exceladvisor.org\/pt\/excluir-linhas\/\">Exclua uma linha ou v\u00e1rias linhas no Excel<\/a><\/li><li> <a href=\"https:\/\/exceladvisor.org\/pt\/copiar-coluna\/\">Copie e cole uma coluna no Excel<\/a><\/li><li> <a href=\"https:\/\/exceladvisor.org\/pt\/mover-linha-coluna\/\">Mova uma linha e coluna no Excel<\/a><\/li><li> <a href=\"https:\/\/exceladvisor.org\/pt\/trocar-o-celular\/\">Troque rapidamente duas c\u00e9lulas no Excel<\/a><\/li><\/ul><\/div><\/div><\/div><\/div>","protected":false},"excerpt":{"rendered":"","protected":false},"author":1,"featured_media":0,"parent":0,"menu_order":0,"comment_status":"open","ping_status":"closed","template":"","meta":{"ub_ctt_via":"","footnotes":""},"class_list":["post-383","page","type-page","status-publish","hentry"],"featured_image_src":null,"yoast_head":"<!-- This site is optimized with the Yoast SEO plugin v25.4 - https:\/\/yoast.com\/wordpress\/plugins\/seo\/ -->\n<title>\u25b7 Como alterar a largura da coluna no Excel?<\/title>\n<meta name=\"description\" content=\"Neste r\u00e1pido tutorial do Excel, aprenderemos como alterar a largura da coluna em uma planilha. N\u00f3s discutiremos\" \/>\n<meta name=\"robots\" content=\"index, follow, max-snippet:-1, max-image-preview:large, max-video-preview:-1\" \/>\n<link rel=\"canonical\" href=\"https:\/\/exceladvisor.org\/pt\/largura-da-coluna\/\" \/>\n<meta property=\"og:locale\" content=\"pt_PT\" \/>\n<meta property=\"og:type\" content=\"article\" \/>\n<meta property=\"og:title\" content=\"\u25b7 Como alterar a largura da coluna no Excel?\" \/>\n<meta property=\"og:description\" content=\"Neste r\u00e1pido tutorial do Excel, aprenderemos como alterar a largura da coluna em uma planilha. N\u00f3s discutiremos\" \/>\n<meta property=\"og:url\" content=\"https:\/\/exceladvisor.org\/pt\/largura-da-coluna\/\" \/>\n<meta property=\"og:site_name\" content=\"Excel Advisor\" \/>\n<meta property=\"article:modified_time\" content=\"2023-12-06T11:34:27+00:00\" \/>\n<meta property=\"og:image\" content=\"https:\/\/exceladvisor.org\/wp-content\/uploads\/2023\/08\/1-selectionner-la-colonne.png\" \/>\n<meta name=\"twitter:card\" content=\"summary_large_image\" \/>\n<meta name=\"twitter:label1\" content=\"Tempo estimado de leitura\" \/>\n\t<meta name=\"twitter:data1\" content=\"4 minutos\" \/>\n<script type=\"application\/ld+json\" class=\"yoast-schema-graph\">{\"@context\":\"https:\/\/schema.org\",\"@graph\":[{\"@type\":\"WebPage\",\"@id\":\"https:\/\/exceladvisor.org\/pt\/largura-da-coluna\/\",\"url\":\"https:\/\/exceladvisor.org\/pt\/largura-da-coluna\/\",\"name\":\"\u25b7 Como alterar a largura da coluna no Excel?\",\"isPartOf\":{\"@id\":\"https:\/\/exceladvisor.org\/pt\/#website\"},\"primaryImageOfPage\":{\"@id\":\"https:\/\/exceladvisor.org\/pt\/largura-da-coluna\/#primaryimage\"},\"image\":{\"@id\":\"https:\/\/exceladvisor.org\/pt\/largura-da-coluna\/#primaryimage\"},\"thumbnailUrl\":\"https:\/\/exceladvisor.org\/wp-content\/uploads\/2023\/08\/1-selectionner-la-colonne.png\",\"datePublished\":\"2023-10-31T03:21:49+00:00\",\"dateModified\":\"2023-12-06T11:34:27+00:00\",\"description\":\"Neste r\u00e1pido tutorial do Excel, aprenderemos como alterar a largura da coluna em uma planilha. N\u00f3s discutiremos\",\"breadcrumb\":{\"@id\":\"https:\/\/exceladvisor.org\/pt\/largura-da-coluna\/#breadcrumb\"},\"inLanguage\":\"pt-PT\",\"potentialAction\":[{\"@type\":\"ReadAction\",\"target\":[\"https:\/\/exceladvisor.org\/pt\/largura-da-coluna\/\"]}]},{\"@type\":\"ImageObject\",\"inLanguage\":\"pt-PT\",\"@id\":\"https:\/\/exceladvisor.org\/pt\/largura-da-coluna\/#primaryimage\",\"url\":\"https:\/\/exceladvisor.org\/wp-content\/uploads\/2023\/08\/1-selectionner-la-colonne.png\",\"contentUrl\":\"https:\/\/exceladvisor.org\/wp-content\/uploads\/2023\/08\/1-selectionner-la-colonne.png\"},{\"@type\":\"BreadcrumbList\",\"@id\":\"https:\/\/exceladvisor.org\/pt\/largura-da-coluna\/#breadcrumb\",\"itemListElement\":[{\"@type\":\"ListItem\",\"position\":1,\"name\":\"Lar\",\"item\":\"https:\/\/exceladvisor.org\/pt\/\"},{\"@type\":\"ListItem\",\"position\":2,\"name\":\"Como alterar a largura da coluna no excel?\"}]},{\"@type\":\"WebSite\",\"@id\":\"https:\/\/exceladvisor.org\/pt\/#website\",\"url\":\"https:\/\/exceladvisor.org\/pt\/\",\"name\":\"Excel Advisor\",\"description\":\"O seu guia definitivo para dominar os dados!\",\"publisher\":{\"@id\":\"https:\/\/exceladvisor.org\/pt\/#organization\"},\"potentialAction\":[{\"@type\":\"SearchAction\",\"target\":{\"@type\":\"EntryPoint\",\"urlTemplate\":\"https:\/\/exceladvisor.org\/pt\/?s={search_term_string}\"},\"query-input\":{\"@type\":\"PropertyValueSpecification\",\"valueRequired\":true,\"valueName\":\"search_term_string\"}}],\"inLanguage\":\"pt-PT\"},{\"@type\":\"Organization\",\"@id\":\"https:\/\/exceladvisor.org\/pt\/#organization\",\"name\":\"Excel Advisor\",\"url\":\"https:\/\/exceladvisor.org\/pt\/\",\"logo\":{\"@type\":\"ImageObject\",\"inLanguage\":\"pt-PT\",\"@id\":\"https:\/\/exceladvisor.org\/pt\/#\/schema\/logo\/image\/\",\"url\":\"https:\/\/exceladvisor.org\/pt\/wp-content\/uploads\/2023\/12\/exceladvisor.org_.png\",\"contentUrl\":\"https:\/\/exceladvisor.org\/pt\/wp-content\/uploads\/2023\/12\/exceladvisor.org_.png\",\"width\":105,\"height\":36,\"caption\":\"Excel Advisor\"},\"image\":{\"@id\":\"https:\/\/exceladvisor.org\/pt\/#\/schema\/logo\/image\/\"}}]}<\/script>\n<!-- \/ Yoast SEO plugin. -->","yoast_head_json":{"title":"\u25b7 Como alterar a largura da coluna no Excel?","description":"Neste r\u00e1pido tutorial do Excel, aprenderemos como alterar a largura da coluna em uma planilha. N\u00f3s discutiremos","robots":{"index":"index","follow":"follow","max-snippet":"max-snippet:-1","max-image-preview":"max-image-preview:large","max-video-preview":"max-video-preview:-1"},"canonical":"https:\/\/exceladvisor.org\/pt\/largura-da-coluna\/","og_locale":"pt_PT","og_type":"article","og_title":"\u25b7 Como alterar a largura da coluna no Excel?","og_description":"Neste r\u00e1pido tutorial do Excel, aprenderemos como alterar a largura da coluna em uma planilha. N\u00f3s discutiremos","og_url":"https:\/\/exceladvisor.org\/pt\/largura-da-coluna\/","og_site_name":"Excel Advisor","article_modified_time":"2023-12-06T11:34:27+00:00","og_image":[{"url":"https:\/\/exceladvisor.org\/wp-content\/uploads\/2023\/08\/1-selectionner-la-colonne.png","type":"","width":"","height":""}],"twitter_card":"summary_large_image","twitter_misc":{"Tempo estimado de leitura":"4 minutos"},"schema":{"@context":"https:\/\/schema.org","@graph":[{"@type":"WebPage","@id":"https:\/\/exceladvisor.org\/pt\/largura-da-coluna\/","url":"https:\/\/exceladvisor.org\/pt\/largura-da-coluna\/","name":"\u25b7 Como alterar a largura da coluna no Excel?","isPartOf":{"@id":"https:\/\/exceladvisor.org\/pt\/#website"},"primaryImageOfPage":{"@id":"https:\/\/exceladvisor.org\/pt\/largura-da-coluna\/#primaryimage"},"image":{"@id":"https:\/\/exceladvisor.org\/pt\/largura-da-coluna\/#primaryimage"},"thumbnailUrl":"https:\/\/exceladvisor.org\/wp-content\/uploads\/2023\/08\/1-selectionner-la-colonne.png","datePublished":"2023-10-31T03:21:49+00:00","dateModified":"2023-12-06T11:34:27+00:00","description":"Neste r\u00e1pido tutorial do Excel, aprenderemos como alterar a largura da coluna em uma planilha. N\u00f3s discutiremos","breadcrumb":{"@id":"https:\/\/exceladvisor.org\/pt\/largura-da-coluna\/#breadcrumb"},"inLanguage":"pt-PT","potentialAction":[{"@type":"ReadAction","target":["https:\/\/exceladvisor.org\/pt\/largura-da-coluna\/"]}]},{"@type":"ImageObject","inLanguage":"pt-PT","@id":"https:\/\/exceladvisor.org\/pt\/largura-da-coluna\/#primaryimage","url":"https:\/\/exceladvisor.org\/wp-content\/uploads\/2023\/08\/1-selectionner-la-colonne.png","contentUrl":"https:\/\/exceladvisor.org\/wp-content\/uploads\/2023\/08\/1-selectionner-la-colonne.png"},{"@type":"BreadcrumbList","@id":"https:\/\/exceladvisor.org\/pt\/largura-da-coluna\/#breadcrumb","itemListElement":[{"@type":"ListItem","position":1,"name":"Lar","item":"https:\/\/exceladvisor.org\/pt\/"},{"@type":"ListItem","position":2,"name":"Como alterar a largura da coluna no excel?"}]},{"@type":"WebSite","@id":"https:\/\/exceladvisor.org\/pt\/#website","url":"https:\/\/exceladvisor.org\/pt\/","name":"Excel Advisor","description":"O seu guia definitivo para dominar os dados!","publisher":{"@id":"https:\/\/exceladvisor.org\/pt\/#organization"},"potentialAction":[{"@type":"SearchAction","target":{"@type":"EntryPoint","urlTemplate":"https:\/\/exceladvisor.org\/pt\/?s={search_term_string}"},"query-input":{"@type":"PropertyValueSpecification","valueRequired":true,"valueName":"search_term_string"}}],"inLanguage":"pt-PT"},{"@type":"Organization","@id":"https:\/\/exceladvisor.org\/pt\/#organization","name":"Excel Advisor","url":"https:\/\/exceladvisor.org\/pt\/","logo":{"@type":"ImageObject","inLanguage":"pt-PT","@id":"https:\/\/exceladvisor.org\/pt\/#\/schema\/logo\/image\/","url":"https:\/\/exceladvisor.org\/pt\/wp-content\/uploads\/2023\/12\/exceladvisor.org_.png","contentUrl":"https:\/\/exceladvisor.org\/pt\/wp-content\/uploads\/2023\/12\/exceladvisor.org_.png","width":105,"height":36,"caption":"Excel Advisor"},"image":{"@id":"https:\/\/exceladvisor.org\/pt\/#\/schema\/logo\/image\/"}}]}},"yoast_meta":{"yoast_wpseo_title":"","yoast_wpseo_metadesc":"","yoast_wpseo_canonical":""},"_links":{"self":[{"href":"https:\/\/exceladvisor.org\/pt\/wp-json\/wp\/v2\/pages\/383","targetHints":{"allow":["GET"]}}],"collection":[{"href":"https:\/\/exceladvisor.org\/pt\/wp-json\/wp\/v2\/pages"}],"about":[{"href":"https:\/\/exceladvisor.org\/pt\/wp-json\/wp\/v2\/types\/page"}],"author":[{"embeddable":true,"href":"https:\/\/exceladvisor.org\/pt\/wp-json\/wp\/v2\/users\/1"}],"replies":[{"embeddable":true,"href":"https:\/\/exceladvisor.org\/pt\/wp-json\/wp\/v2\/comments?post=383"}],"version-history":[{"count":1,"href":"https:\/\/exceladvisor.org\/pt\/wp-json\/wp\/v2\/pages\/383\/revisions"}],"predecessor-version":[{"id":827,"href":"https:\/\/exceladvisor.org\/pt\/wp-json\/wp\/v2\/pages\/383\/revisions\/827"}],"wp:attachment":[{"href":"https:\/\/exceladvisor.org\/pt\/wp-json\/wp\/v2\/media?parent=383"}],"curies":[{"name":"wp","href":"https:\/\/api.w.org\/{rel}","templated":true}]}}