{"id":384,"date":"2023-10-31T03:03:59","date_gmt":"2023-10-31T03:03:59","guid":{"rendered":"https:\/\/exceladvisor.org\/pt\/alterar-a-cor-da-borda\/"},"modified":"2023-12-06T11:34:26","modified_gmt":"2023-12-06T11:34:26","slug":"alterar-a-cor-da-borda","status":"publish","type":"page","link":"https:\/\/exceladvisor.org\/pt\/alterar-a-cor-da-borda\/","title":{"rendered":"Como alterar a cor da borda no excel?"},"content":{"rendered":"<div class=\"excel-before-content-2\" id=\"excel-1312031356\"><script type=\"text\/javascript\">\r\n\tatOptions = {\r\n\t\t'key' : 'c1158f160081d6540a8409e6925dab94',\r\n\t\t'format' : 'iframe',\r\n\t\t'height' : 250,\r\n\t\t'width' : 300,\r\n\t\t'params' : {}\r\n\t};\r\n<\/script>\r\n<script type=\"text\/javascript\" src=\"\/\/www.highperformanceformat.com\/c1158f160081d6540a8409e6925dab94\/invoke.js\"><\/script><\/div><div class=\"excel-before-content\" id=\"excel-4266885273\"><script type=\"text\/javascript\">\r\n\tatOptions = {\r\n\t\t'key' : 'c1158f160081d6540a8409e6925dab94',\r\n\t\t'format' : 'iframe',\r\n\t\t'height' : 250,\r\n\t\t'width' : 300,\r\n\t\t'params' : {}\r\n\t};\r\n<\/script>\r\n<script type=\"text\/javascript\" src=\"\/\/www.highperformanceformat.com\/c1158f160081d6540a8409e6925dab94\/invoke.js\"><\/script><\/div> <p>No Excel, a cor da borda da c\u00e9lula \u00e9 cinza por padr\u00e3o e voc\u00ea pode inserir facilmente uma borda preta na \u00e1rea selecionada de sua escolha. Mas \u00e0s vezes voc\u00ea precisa ter uma cor de borda diferente.<\/p><p> Neste tutorial, veremos etapas r\u00e1pidas para alterar a cor da borda das c\u00e9lulas selecionadas e alterar a cor de todas as c\u00e9lulas em toda a planilha (grade).<\/p><h2 class=\"wp-block-heading\"> Etapas para alterar a cor da borda da fita<\/h2><p> Em alguns casos, voc\u00ea deseja alterar a cor da borda da c\u00e9lula e a primeira maneira de alter\u00e1-la \u00e9 usar a lista suspensa da borda.<\/p><ol><li> Primeiro, v\u00e1 para a guia In\u00edcio e no grupo Fonte, clique no menu suspenso Todas as Bordas.<\/li><li> Depois disso, voc\u00ea receber\u00e1 uma lista de op\u00e7\u00f5es e escolher\u00e1 uma cor de linha a partir da\u00ed. <br><img loading=\"lazy\" decoding=\"async\" title=\"Cor da linha suspensa de sele\u00e7\u00e3o de 1 borda\" src=\"https:\/\/exceladvisor.org\/wp-content\/uploads\/2023\/08\/1-bordure-deroulante-selectionner-la-couleur-de-la-ligne.png\" sizes=\"auto, \" srcset=\"\" alt=\"border-drop-down-select-line-color\" width=\"441\" height=\"515\"><\/li><li> Agora uma lista com diferentes op\u00e7\u00f5es de cores aparecer\u00e1 e voc\u00ea poder\u00e1 selecionar a cor de sua prefer\u00eancia. <br><img loading=\"lazy\" decoding=\"async\" title=\"Lista de 2 cores - escolha uma\" src=\"https:\/\/exceladvisor.org\/wp-content\/uploads\/2023\/08\/2-liste-de-couleur-choisir-un.png\" sizes=\"auto, \" srcset=\"\" alt=\"list-of-color-choose-one\" width=\"429\" height=\"317\"><\/li><li> Depois de selecionar a cor, voc\u00ea ver\u00e1 que o cursor foi convertido em um l\u00e1pis de desenho.<\/li><li> E agora voc\u00ea pode desenhar a borda das c\u00e9lulas desejadas com a cor escolhida usando um l\u00e1pis.<\/li><\/ol><p> Como voc\u00ea pode ver, a cor da borda da linha superior mudou. <\/p><div class=\"wp-block-image\"><figure class=\"aligncenter size-full is-resized\"><img loading=\"lazy\" decoding=\"async\" class=\"wp-image-78010\" src=\"https:\/\/exceladvisor.org\/wp-content\/uploads\/2023\/08\/3-bordure-de-la-rangee-du-haut-a-change.png\" sizes=\"auto, \" srcset=\"\" alt=\"a borda da linha superior mudou\" width=\"390\" height=\"220\"><\/figure><\/div><p class=\"qt-tip\"> Nota: Voc\u00ea pode alterar a cor da borda sem primeiro selecionar as c\u00e9lulas usando este m\u00e9todo.<\/p><h2 class=\"wp-block-heading\"> Altere a cor da borda usando a op\u00e7\u00e3o Formatar c\u00e9lulas<\/h2><p> Existem v\u00e1rias etapas para alterar a cor da borda na caixa de di\u00e1logo Formatar c\u00e9lulas.<\/p><ol><li> Neste m\u00e9todo, voc\u00ea precisa selecionar o intervalo de c\u00e9lulas cujas cores da borda deseja alterar.<\/li><li> Depois disso, clique com o bot\u00e3o direito nas c\u00e9lulas selecionadas e escolha a op\u00e7\u00e3o Formatar c\u00e9lulas. <br><img loading=\"lazy\" decoding=\"async\" title=\"4-selecione-formatar-c\u00e9lulas-clicando-direito-na-c\u00e9lula-selecionada\" src=\"https:\/\/exceladvisor.org\/wp-content\/uploads\/2023\/08\/4-selectionnez-les-cellules-de-format-par-un-clic-droit-sur-la-cellule-selectionnee.png\" sizes=\"auto, \" srcset=\"\" alt=\"select-format-cells-by-right-click-on-selected-cell\" width=\"472\" height=\"335\"><\/li><li> Com a caixa de di\u00e1logo Formatar c\u00e9lulas aberta, clique na guia Borda para personalizar a cor da c\u00e9lula da borda.<\/li><li> Agora clique na lista suspensa de cores e selecione a cor para alterar a borda da c\u00e9lula na lista a seguir. <br><img loading=\"lazy\" decoding=\"async\" title=\"Caixa de di\u00e1logo 5-escolha qualquer cor no formato das c\u00e9lulas\" src=\"https:\/\/exceladvisor.org\/wp-content\/uploads\/2023\/08\/5-choisissez-nimporte-quelle-couleur-dans-la-boite-de-dialogue-Formater-les-cellules.png\" sizes=\"auto, \" srcset=\"\" alt=\"pick-any-color-from-format-cells-dialog-box\" width=\"463\" height=\"459\"><\/li><li> Em seguida, escolha um dos estilos de borda das melhores predefini\u00e7\u00f5es.<\/li><li> Ap\u00f3s alterar as configura\u00e7\u00f5es de borda e cor, clique no bot\u00e3o ok para aplicar. <br><img loading=\"lazy\" decoding=\"async\" title=\"6-selecionar borda das predefini\u00e7\u00f5es\" src=\"https:\/\/exceladvisor.org\/wp-content\/uploads\/2023\/08\/6-selectionner-la-bordure-a-partir-des-prereglages.png\" sizes=\"auto, \" srcset=\"\" alt=\"select-border-from-presets\" width=\"446\" height=\"434\"><\/li><li> Ao final, voc\u00ea pode ver que a cor da borda das c\u00e9lulas selecionadas da coluna C da planilha mudou de preto para vermelho. <br><img loading=\"lazy\" decoding=\"async\" title=\"7-mudan\u00e7a-cor-da-borda-da-coluna-c\u00e9lulas-C\" src=\"https:\/\/exceladvisor.org\/wp-content\/uploads\/2023\/08\/7-changer-la-couleur-de-la-bordure-des-cellules-de-la-colonne-c.png\" sizes=\"auto, \" srcset=\"\" alt=\"change-border-color-of-column-C-cells\" width=\"343\" height=\"192\"><\/li><\/ol><h2 class=\"wp-block-heading\"> Altere a cor da grade para usar como bordas<\/h2><p> Se voc\u00ea n\u00e3o quiser usar uma borda em uma planilha, h\u00e1 outra op\u00e7\u00e3o \u00fatil: alterar a cor da grade de toda a planilha.<\/p><p> Por este m\u00e9todo, voc\u00ea pode alterar a cor da grade de toda a planilha em vez de selecionar um determinado n\u00famero de c\u00e9lulas seguindo as etapas abaixo:<\/p><ol><li> Em primeiro lugar, clique na guia Arquivo e escolha Op\u00e7\u00f5es em Mais. <br><img loading=\"lazy\" decoding=\"async\" title=\"Op\u00e7\u00f5es de escolha de arquivo com 8 cliques\" src=\"https:\/\/exceladvisor.org\/wp-content\/uploads\/2023\/08\/8-cliquez-sur-le-fichier-choisissez-les-options.png\" sizes=\"auto, \" srcset=\"\" alt=\"click-on-file-choose-options\" width=\"452\" height=\"461\"><\/li><li> A janela <a href=\"https:\/\/exceladvisor.org\/pt\/opcoes\/\">Op\u00e7\u00f5es do Excel<\/a> aparecer\u00e1 e clique na op\u00e7\u00e3o Avan\u00e7ado do menu.<\/li><li> Agora, role a lista de op\u00e7\u00f5es do lado direito e confira as op\u00e7\u00f5es de exibi\u00e7\u00e3o desta planilha.<\/li><li> Nele, voc\u00ea ver\u00e1 a op\u00e7\u00e3o Grid Color na categoria Show Grid. <br><img loading=\"lazy\" decoding=\"async\" title=\"9-em-Excel-op\u00e7\u00f5es-caixa de di\u00e1logo-selecionar-configura\u00e7\u00f5es avan\u00e7adas\" src=\"https:\/\/exceladvisor.org\/wp-content\/uploads\/2023\/08\/9-dans-la-boite-de-dialogue-des-options-Excel-selectionnez-les-parametres-avances.png\" sizes=\"auto, \" srcset=\"\" alt=\"in-Excel-options-dialog-box-select-advanced-settings\" width=\"556\" height=\"302\"><\/li><li> Clique na lista suspensa Cor da grade para escolher a cor desejada e pressione OK. <br><img loading=\"lazy\" decoding=\"async\" title=\"10-selecione a cor da linha de grade e clique em ok\" src=\"https:\/\/exceladvisor.org\/wp-content\/uploads\/2023\/08\/10-selectionnez-la-couleur-du-quadrillage-et-cliquez-sur-OK.png\" sizes=\"auto, \" srcset=\"\" alt=\"select-gridline-color-and-click-ok\" width=\"531\" height=\"337\"><\/li><li> Finalmente, voc\u00ea pode ver que a cor da borda de toda a planilha mudou para vermelho. <br><img loading=\"lazy\" decoding=\"async\" title=\"11-a cor da grade-de-toda-a-folha-mudou\" src=\"https:\/\/exceladvisor.org\/wp-content\/uploads\/2023\/08\/11-la-couleur-du-quadrillage-de-la-feuille-entiere-a-change.png\" sizes=\"auto, \" srcset=\"\" alt=\"gridline-color-of-entire-sheet-has-changed\" width=\"381\" height=\"198\"><\/li><\/ol><div class=\"gb-container gb-container-4db6181c gb-container-mt\"> <a class=\"gb-button gb-button-c5897111 gb-button-text gb-button-mt-button\" href=\"https:\/\/exceladvisor.org\/pt\/nocoes-basicas-de-excel\/\">No\u00e7\u00f5es b\u00e1sicas do Microsoft Excel (componentes, pe\u00e7as e notas de conhecimento)<\/a><h2 class=\"gb-headline gb-headline-665e5f6b gb-headline-text gb-headline-mt-heading\"> Tutoriais relacionados <\/h2><div class=\"gb-grid-wrapper gb-grid-wrapper-a20baf7c gb-grid-wrapper-mt-grid\"><div class=\"gb-grid-column gb-grid-column-65ddf67e\"><div class=\"gb-container gb-container-65ddf67e\"><ul><li> <a href=\"https:\/\/exceladvisor.org\/pt\/formato-de-numero-contabil\/\">Aplicar formato de n\u00famero cont\u00e1bil no Excel<\/a><\/li><li> <a href=\"https:\/\/exceladvisor.org\/pt\/cor-da-celula\/\">Aplicar cor de fundo a uma c\u00e9lula ou a toda a planilha no Excel<\/a><\/li><li> <a href=\"https:\/\/exceladvisor.org\/pt\/a-grade\/\">Imprimir linhas de grade do Excel (excluir, encurtar e alterar cor)<\/a><\/li><li> <a href=\"https:\/\/exceladvisor.org\/pt\/adicione-um-numero-de-pagina\/\">Adicione um n\u00famero de p\u00e1gina no Excel<\/a><\/li><li> <a href=\"https:\/\/exceladvisor.org\/pt\/aplicar-estilo-de-virgula\/\">Aplicar estilo de v\u00edrgula no Excel<\/a> <\/li><\/ul><\/div><\/div><div class=\"gb-grid-column gb-grid-column-50067b57\"><div class=\"gb-container gb-container-50067b57\"><\/div><\/div><\/div><\/div>","protected":false},"excerpt":{"rendered":"","protected":false},"author":1,"featured_media":0,"parent":0,"menu_order":0,"comment_status":"open","ping_status":"closed","template":"","meta":{"ub_ctt_via":"","footnotes":""},"class_list":["post-384","page","type-page","status-publish","hentry"],"featured_image_src":null,"yoast_head":"<!-- This site is optimized with the Yoast SEO plugin v25.4 - https:\/\/yoast.com\/wordpress\/plugins\/seo\/ -->\n<title>\u25b7 Como alterar a cor da borda no Excel?<\/title>\n<meta name=\"description\" content=\"Neste tutorial, veremos as etapas para alterar a cor da borda das c\u00e9lulas selecionadas, bem como para alterar\" \/>\n<meta name=\"robots\" content=\"index, follow, max-snippet:-1, max-image-preview:large, max-video-preview:-1\" \/>\n<link rel=\"canonical\" href=\"https:\/\/exceladvisor.org\/pt\/alterar-a-cor-da-borda\/\" \/>\n<meta property=\"og:locale\" content=\"pt_PT\" \/>\n<meta property=\"og:type\" content=\"article\" \/>\n<meta property=\"og:title\" content=\"\u25b7 Como alterar a cor da borda no Excel?\" \/>\n<meta property=\"og:description\" content=\"Neste tutorial, veremos as etapas para alterar a cor da borda das c\u00e9lulas selecionadas, bem como para alterar\" \/>\n<meta property=\"og:url\" content=\"https:\/\/exceladvisor.org\/pt\/alterar-a-cor-da-borda\/\" \/>\n<meta property=\"og:site_name\" content=\"Excel Advisor\" \/>\n<meta property=\"article:modified_time\" content=\"2023-12-06T11:34:26+00:00\" \/>\n<meta property=\"og:image\" content=\"https:\/\/exceladvisor.org\/wp-content\/uploads\/2023\/08\/1-bordure-deroulante-selectionner-la-couleur-de-la-ligne.png\" \/>\n<meta name=\"twitter:card\" content=\"summary_large_image\" \/>\n<meta name=\"twitter:label1\" content=\"Tempo estimado de leitura\" \/>\n\t<meta name=\"twitter:data1\" content=\"3 minutos\" \/>\n<script type=\"application\/ld+json\" class=\"yoast-schema-graph\">{\"@context\":\"https:\/\/schema.org\",\"@graph\":[{\"@type\":\"WebPage\",\"@id\":\"https:\/\/exceladvisor.org\/pt\/alterar-a-cor-da-borda\/\",\"url\":\"https:\/\/exceladvisor.org\/pt\/alterar-a-cor-da-borda\/\",\"name\":\"\u25b7 Como alterar a cor da borda no Excel?\",\"isPartOf\":{\"@id\":\"https:\/\/exceladvisor.org\/pt\/#website\"},\"primaryImageOfPage\":{\"@id\":\"https:\/\/exceladvisor.org\/pt\/alterar-a-cor-da-borda\/#primaryimage\"},\"image\":{\"@id\":\"https:\/\/exceladvisor.org\/pt\/alterar-a-cor-da-borda\/#primaryimage\"},\"thumbnailUrl\":\"https:\/\/exceladvisor.org\/wp-content\/uploads\/2023\/08\/1-bordure-deroulante-selectionner-la-couleur-de-la-ligne.png\",\"datePublished\":\"2023-10-31T03:03:59+00:00\",\"dateModified\":\"2023-12-06T11:34:26+00:00\",\"description\":\"Neste tutorial, veremos as etapas para alterar a cor da borda das c\u00e9lulas selecionadas, bem como para alterar\",\"breadcrumb\":{\"@id\":\"https:\/\/exceladvisor.org\/pt\/alterar-a-cor-da-borda\/#breadcrumb\"},\"inLanguage\":\"pt-PT\",\"potentialAction\":[{\"@type\":\"ReadAction\",\"target\":[\"https:\/\/exceladvisor.org\/pt\/alterar-a-cor-da-borda\/\"]}]},{\"@type\":\"ImageObject\",\"inLanguage\":\"pt-PT\",\"@id\":\"https:\/\/exceladvisor.org\/pt\/alterar-a-cor-da-borda\/#primaryimage\",\"url\":\"https:\/\/exceladvisor.org\/wp-content\/uploads\/2023\/08\/1-bordure-deroulante-selectionner-la-couleur-de-la-ligne.png\",\"contentUrl\":\"https:\/\/exceladvisor.org\/wp-content\/uploads\/2023\/08\/1-bordure-deroulante-selectionner-la-couleur-de-la-ligne.png\"},{\"@type\":\"BreadcrumbList\",\"@id\":\"https:\/\/exceladvisor.org\/pt\/alterar-a-cor-da-borda\/#breadcrumb\",\"itemListElement\":[{\"@type\":\"ListItem\",\"position\":1,\"name\":\"Lar\",\"item\":\"https:\/\/exceladvisor.org\/pt\/\"},{\"@type\":\"ListItem\",\"position\":2,\"name\":\"Como alterar a cor da borda no excel?\"}]},{\"@type\":\"WebSite\",\"@id\":\"https:\/\/exceladvisor.org\/pt\/#website\",\"url\":\"https:\/\/exceladvisor.org\/pt\/\",\"name\":\"Excel Advisor\",\"description\":\"O seu guia definitivo para dominar os dados!\",\"publisher\":{\"@id\":\"https:\/\/exceladvisor.org\/pt\/#organization\"},\"potentialAction\":[{\"@type\":\"SearchAction\",\"target\":{\"@type\":\"EntryPoint\",\"urlTemplate\":\"https:\/\/exceladvisor.org\/pt\/?s={search_term_string}\"},\"query-input\":{\"@type\":\"PropertyValueSpecification\",\"valueRequired\":true,\"valueName\":\"search_term_string\"}}],\"inLanguage\":\"pt-PT\"},{\"@type\":\"Organization\",\"@id\":\"https:\/\/exceladvisor.org\/pt\/#organization\",\"name\":\"Excel Advisor\",\"url\":\"https:\/\/exceladvisor.org\/pt\/\",\"logo\":{\"@type\":\"ImageObject\",\"inLanguage\":\"pt-PT\",\"@id\":\"https:\/\/exceladvisor.org\/pt\/#\/schema\/logo\/image\/\",\"url\":\"https:\/\/exceladvisor.org\/pt\/wp-content\/uploads\/2023\/12\/exceladvisor.org_.png\",\"contentUrl\":\"https:\/\/exceladvisor.org\/pt\/wp-content\/uploads\/2023\/12\/exceladvisor.org_.png\",\"width\":105,\"height\":36,\"caption\":\"Excel Advisor\"},\"image\":{\"@id\":\"https:\/\/exceladvisor.org\/pt\/#\/schema\/logo\/image\/\"}}]}<\/script>\n<!-- \/ Yoast SEO plugin. -->","yoast_head_json":{"title":"\u25b7 Como alterar a cor da borda no Excel?","description":"Neste tutorial, veremos as etapas para alterar a cor da borda das c\u00e9lulas selecionadas, bem como para alterar","robots":{"index":"index","follow":"follow","max-snippet":"max-snippet:-1","max-image-preview":"max-image-preview:large","max-video-preview":"max-video-preview:-1"},"canonical":"https:\/\/exceladvisor.org\/pt\/alterar-a-cor-da-borda\/","og_locale":"pt_PT","og_type":"article","og_title":"\u25b7 Como alterar a cor da borda no Excel?","og_description":"Neste tutorial, veremos as etapas para alterar a cor da borda das c\u00e9lulas selecionadas, bem como para alterar","og_url":"https:\/\/exceladvisor.org\/pt\/alterar-a-cor-da-borda\/","og_site_name":"Excel Advisor","article_modified_time":"2023-12-06T11:34:26+00:00","og_image":[{"url":"https:\/\/exceladvisor.org\/wp-content\/uploads\/2023\/08\/1-bordure-deroulante-selectionner-la-couleur-de-la-ligne.png","type":"","width":"","height":""}],"twitter_card":"summary_large_image","twitter_misc":{"Tempo estimado de leitura":"3 minutos"},"schema":{"@context":"https:\/\/schema.org","@graph":[{"@type":"WebPage","@id":"https:\/\/exceladvisor.org\/pt\/alterar-a-cor-da-borda\/","url":"https:\/\/exceladvisor.org\/pt\/alterar-a-cor-da-borda\/","name":"\u25b7 Como alterar a cor da borda no Excel?","isPartOf":{"@id":"https:\/\/exceladvisor.org\/pt\/#website"},"primaryImageOfPage":{"@id":"https:\/\/exceladvisor.org\/pt\/alterar-a-cor-da-borda\/#primaryimage"},"image":{"@id":"https:\/\/exceladvisor.org\/pt\/alterar-a-cor-da-borda\/#primaryimage"},"thumbnailUrl":"https:\/\/exceladvisor.org\/wp-content\/uploads\/2023\/08\/1-bordure-deroulante-selectionner-la-couleur-de-la-ligne.png","datePublished":"2023-10-31T03:03:59+00:00","dateModified":"2023-12-06T11:34:26+00:00","description":"Neste tutorial, veremos as etapas para alterar a cor da borda das c\u00e9lulas selecionadas, bem como para alterar","breadcrumb":{"@id":"https:\/\/exceladvisor.org\/pt\/alterar-a-cor-da-borda\/#breadcrumb"},"inLanguage":"pt-PT","potentialAction":[{"@type":"ReadAction","target":["https:\/\/exceladvisor.org\/pt\/alterar-a-cor-da-borda\/"]}]},{"@type":"ImageObject","inLanguage":"pt-PT","@id":"https:\/\/exceladvisor.org\/pt\/alterar-a-cor-da-borda\/#primaryimage","url":"https:\/\/exceladvisor.org\/wp-content\/uploads\/2023\/08\/1-bordure-deroulante-selectionner-la-couleur-de-la-ligne.png","contentUrl":"https:\/\/exceladvisor.org\/wp-content\/uploads\/2023\/08\/1-bordure-deroulante-selectionner-la-couleur-de-la-ligne.png"},{"@type":"BreadcrumbList","@id":"https:\/\/exceladvisor.org\/pt\/alterar-a-cor-da-borda\/#breadcrumb","itemListElement":[{"@type":"ListItem","position":1,"name":"Lar","item":"https:\/\/exceladvisor.org\/pt\/"},{"@type":"ListItem","position":2,"name":"Como alterar a cor da borda no excel?"}]},{"@type":"WebSite","@id":"https:\/\/exceladvisor.org\/pt\/#website","url":"https:\/\/exceladvisor.org\/pt\/","name":"Excel Advisor","description":"O seu guia definitivo para dominar os dados!","publisher":{"@id":"https:\/\/exceladvisor.org\/pt\/#organization"},"potentialAction":[{"@type":"SearchAction","target":{"@type":"EntryPoint","urlTemplate":"https:\/\/exceladvisor.org\/pt\/?s={search_term_string}"},"query-input":{"@type":"PropertyValueSpecification","valueRequired":true,"valueName":"search_term_string"}}],"inLanguage":"pt-PT"},{"@type":"Organization","@id":"https:\/\/exceladvisor.org\/pt\/#organization","name":"Excel Advisor","url":"https:\/\/exceladvisor.org\/pt\/","logo":{"@type":"ImageObject","inLanguage":"pt-PT","@id":"https:\/\/exceladvisor.org\/pt\/#\/schema\/logo\/image\/","url":"https:\/\/exceladvisor.org\/pt\/wp-content\/uploads\/2023\/12\/exceladvisor.org_.png","contentUrl":"https:\/\/exceladvisor.org\/pt\/wp-content\/uploads\/2023\/12\/exceladvisor.org_.png","width":105,"height":36,"caption":"Excel Advisor"},"image":{"@id":"https:\/\/exceladvisor.org\/pt\/#\/schema\/logo\/image\/"}}]}},"yoast_meta":{"yoast_wpseo_title":"","yoast_wpseo_metadesc":"","yoast_wpseo_canonical":""},"_links":{"self":[{"href":"https:\/\/exceladvisor.org\/pt\/wp-json\/wp\/v2\/pages\/384","targetHints":{"allow":["GET"]}}],"collection":[{"href":"https:\/\/exceladvisor.org\/pt\/wp-json\/wp\/v2\/pages"}],"about":[{"href":"https:\/\/exceladvisor.org\/pt\/wp-json\/wp\/v2\/types\/page"}],"author":[{"embeddable":true,"href":"https:\/\/exceladvisor.org\/pt\/wp-json\/wp\/v2\/users\/1"}],"replies":[{"embeddable":true,"href":"https:\/\/exceladvisor.org\/pt\/wp-json\/wp\/v2\/comments?post=384"}],"version-history":[{"count":1,"href":"https:\/\/exceladvisor.org\/pt\/wp-json\/wp\/v2\/pages\/384\/revisions"}],"predecessor-version":[{"id":826,"href":"https:\/\/exceladvisor.org\/pt\/wp-json\/wp\/v2\/pages\/384\/revisions\/826"}],"wp:attachment":[{"href":"https:\/\/exceladvisor.org\/pt\/wp-json\/wp\/v2\/media?parent=384"}],"curies":[{"name":"wp","href":"https:\/\/api.w.org\/{rel}","templated":true}]}}