{"id":385,"date":"2023-10-31T02:53:41","date_gmt":"2023-10-31T02:53:41","guid":{"rendered":"https:\/\/exceladvisor.org\/pt\/haste\/"},"modified":"2023-12-06T11:34:42","modified_gmt":"2023-12-06T11:34:42","slug":"haste","status":"publish","type":"page","link":"https:\/\/exceladvisor.org\/pt\/haste\/","title":{"rendered":"Como aplicar tachado em qualquer lugar do excel?"},"content":{"rendered":"<div class=\"excel-before-content-2\" id=\"excel-1015834637\"><script type=\"text\/javascript\">\r\n\tatOptions = {\r\n\t\t'key' : 'c1158f160081d6540a8409e6925dab94',\r\n\t\t'format' : 'iframe',\r\n\t\t'height' : 250,\r\n\t\t'width' : 300,\r\n\t\t'params' : {}\r\n\t};\r\n<\/script>\r\n<script type=\"text\/javascript\" src=\"\/\/www.highperformanceformat.com\/c1158f160081d6540a8409e6925dab94\/invoke.js\"><\/script><\/div><div class=\"excel-before-content\" id=\"excel-3748438241\"><script type=\"text\/javascript\">\r\n\tatOptions = {\r\n\t\t'key' : 'c1158f160081d6540a8409e6925dab94',\r\n\t\t'format' : 'iframe',\r\n\t\t'height' : 250,\r\n\t\t'width' : 300,\r\n\t\t'params' : {}\r\n\t};\r\n<\/script>\r\n<script type=\"text\/javascript\" src=\"\/\/www.highperformanceformat.com\/c1158f160081d6540a8409e6925dab94\/invoke.js\"><\/script><\/div> <p>H\u00e1 alguns dias, escrevi sobre diferentes maneiras de adicionar uma <a style=\"outline: none;\" href=\"https:\/\/exceladvisor.org\/pt\/marca-de-verificacao-2\/\" data-wpil=\"url\">marca de sele\u00e7\u00e3o no Excel<\/a> para tarefas conclu\u00eddas. Mas eles tamb\u00e9m s\u00e3o outra coisa que podemos usar:<\/p><p> Est\u00e1 \u279c <strong>Riscado<\/strong><\/p><p> Isso significa desenhar uma linha atrav\u00e9s de um valor em uma c\u00e9lula. No Microsoft Word, a op\u00e7\u00e3o de riscar o texto est\u00e1 na guia In\u00edcio da faixa de op\u00e7\u00f5es. Ent\u00e3o \u00e9 muito f\u00e1cil de aplicar.<\/p><p> Quando se trata de Excel, n\u00e3o temos nenhuma op\u00e7\u00e3o direta para aplicar tachado a uma c\u00e9lula. Nenhum bot\u00e3o ou op\u00e7\u00e3o est\u00e1 presente na faixa de op\u00e7\u00f5es. Mas isso n\u00e3o significa que n\u00e3o possamos fazer isso.<\/p><p> Na verdade, temos mais de um m\u00e9todo para isso. Ent\u00e3o, hoje neste artigo, gostaria de compartilhar com voc\u00eas 5 m\u00e9todos diferentes que voc\u00ea pode usar para aplicar tachado no Excel.<\/p><h2 id=\"tab-con-3\" class=\"wp-block-heading\"> 1. Tecla de atalho para aplicar tachado a uma c\u00e9lula<\/h2><p> Digamos que voc\u00ea esteja com pressa e n\u00e3o queira perder tempo, ent\u00e3o um atalho de teclado \u00e9 a op\u00e7\u00e3o perfeita para voc\u00ea. Para aplicar tachado a uma c\u00e9lula, voc\u00ea pode usar: <\/p><div class=\"wp-block-image\"><figure class=\"aligncenter\"><img decoding=\"async\" src=\"https:\/\/exceladvisor.org\/wp-content\/uploads\/2023\/08\/raccourci-clavier-barre-windows-excel-1.png\" sizes=\"\" srcset=\"\" alt=\"janelas de atalho de teclado barradas excel\"><\/figure><\/div><p> E, se estiver usando Mac, voc\u00ea pode usar a <a href=\"https:\/\/exceladvisor.org\/pt\/atalhos-do-teclado\/\">tecla de atalho<\/a> : <\/p><div class=\"wp-block-image\"><figure class=\"aligncenter\"><img decoding=\"async\" src=\"https:\/\/exceladvisor.org\/wp-content\/uploads\/2023\/08\/raccourci-clavier-barre-mac-excel-1.png\" sizes=\"\" srcset=\"\" alt=\"atalho de teclado barrado mac excel\"><\/figure><\/div><p> Mas aqui est\u00e1 o chute:<\/p><p> Se quiser aplic\u00e1-lo a uma parte espec\u00edfica do texto em uma c\u00e9lula, voc\u00ea pode editar a c\u00e9lula e selecionar apenas essa parte do texto e, em seguida, usar a tecla de atalho.<\/p><p> E, se quiser aplic\u00e1-lo a v\u00e1rias c\u00e9lulas, selecione o intervalo inteiro ou <a style=\"outline: none;\" href=\"https:\/\/exceladvisor.org\/pt\/selecione-celulas-nao-contiguas\/\" data-wpel-link=\"internal\">selecione o intervalo de c\u00e9lulas n\u00e3o cont\u00ednuo<\/a> e use o atalho.<\/p><h2 id=\"tab-con-4\" class=\"wp-block-heading\"> 2. Adicione um bot\u00e3o tachado ao QAT<\/h2><p> Voc\u00ea pode estar se perguntando. Sim, isso mesmo, podemos adicionar um bot\u00e3o no QAT para tachado e depois um \u00fanico clique de cada vez. Aqui est\u00e3o as etapas para esta configura\u00e7\u00e3o exclusiva.<\/p><ol><li> Primeiro, v\u00e1 para Arquivo \u279c Op\u00e7\u00f5es \u279c <a href=\"https:\/\/exceladvisor.org\/pt\/barra-de-acesso-rapido\/\" data-wpel-link=\"internal\">Barra de ferramentas de acesso r\u00e1pido<\/a> . <br><img loading=\"lazy\" decoding=\"async\" title=\"barrado-excel-open-qat\" src=\"https:\/\/exceladvisor.org\/wp-content\/uploads\/2023\/08\/barre-excel-ouvert-qat-1.png\" sizes=\"auto, \" srcset=\"\" alt=\"\" width=\"249\" height=\"249\"><\/li><li> Depois disso, em \u201cEscolher comandos de\u201d, selecione \u201cComandos que n\u00e3o est\u00e3o na faixa de op\u00e7\u00f5es\u201d.<\/li><li> Agora selecione \u201cTachado\u201d na lista e adicione-o ao QAT. <br><img loading=\"lazy\" decoding=\"async\" title=\"riscado-excel-adicionar-ao-qat\" src=\"https:\/\/exceladvisor.org\/wp-content\/uploads\/2023\/08\/barre-excel-ajouter-a-qat-1.png\" sizes=\"auto, \" srcset=\"\" alt=\"\" width=\"461\" height=\"470\"><\/li><li> Clique OK.<\/li><\/ol><p> Agora voc\u00ea tem um \u00edcone QAT e pode aplicar tachado com um clique. <\/p><div class=\"wp-block-image\"><figure class=\"aligncenter\"><img decoding=\"async\" src=\"https:\/\/exceladvisor.org\/wp-content\/uploads\/2023\/08\/barre-excel-qat-1.png\" sizes=\"\" srcset=\"\" alt=\"\"><\/figure><\/div><p> Este bot\u00e3o tamb\u00e9m funciona se voc\u00ea quiser aplic\u00e1-lo a uma parte espec\u00edfica de um texto e a v\u00e1rias c\u00e9lulas.<\/p><h2 id=\"tab-con-5\" class=\"wp-block-heading\"> 3. Aplicar tachado na op\u00e7\u00e3o de formato<\/h2><p> Como eu disse, n\u00e3o existe uma op\u00e7\u00e3o direta no Excel para tachado, mas na verdade existe uma op\u00e7\u00e3o que voc\u00ea pode acessar nas op\u00e7\u00f5es de formato. Isto \u00e9 o que voc\u00ea deve fazer.<\/p><ol><li> Selecione todas as c\u00e9lulas \u00e0s quais deseja aplic\u00e1-lo.<\/li><li> Use a tecla de atalho ctrl + 1 para abrir as op\u00e7\u00f5es de formato.<\/li><li> Na guia Fonte, marque a op\u00e7\u00e3o Tachado. <br><img loading=\"lazy\" decoding=\"async\" title=\"op\u00e7\u00e3o de formato excel riscada\" src=\"https:\/\/exceladvisor.org\/wp-content\/uploads\/2023\/08\/option-de-format-Excel-barre-1.png\" sizes=\"auto, \" srcset=\"\" alt=\"\" width=\"484\" height=\"424\"><\/li><li> Clique OK.<\/li><\/ol><p> Isso funciona da mesma forma que as outras op\u00e7\u00f5es. Voc\u00ea pode aplic\u00e1-lo a v\u00e1rias c\u00e9lulas e texto parcial. <strong>Quer saber o melhor?<\/strong> Voc\u00ea tamb\u00e9m pode acessar outras op\u00e7\u00f5es de formata\u00e7\u00e3o n\u00e3o encontradas em nenhum lugar da faixa de op\u00e7\u00f5es por meio do mesmo.<\/p><h2 id=\"tab-con-6\" class=\"wp-block-heading\"> 4. Execute um c\u00f3digo VBA para aplicar o tachado<\/h2><p> Os c\u00f3digos de macro funcionam perfeitamente e, se voc\u00ea quiser usar um VBA para tachado, aqui est\u00e1 o c\u00f3digo para voc\u00ea.<\/p><pre class=\"wp-block-code\"> <code class=\"language-visual-basic line-numbers\" lang=\"visual-basic\">Sub addstrikethrough() Dim rng As Range For Each rng In Selection rng.Font.Strikethrough = True Next rng End Sub<\/code><\/pre><p> O c\u00f3digo acima o ajudar\u00e1 a aplicar tachado nas c\u00e9lulas selecionadas. Voc\u00ea tamb\u00e9m pode atribu\u00ed-lo a uma forma para criar um bot\u00e3o.<\/p><h2 id=\"tab-con-7\" class=\"wp-block-heading\"> 5. Use formata\u00e7\u00e3o condicional para aplicar tachado<\/h2><p> <a style=\"outline: none;\" href=\"https:\/\/exceladvisor.org\/pt\/formulas-1\/\" data-wpel-link=\"internal\" data-wpil=\"url\">A formata\u00e7\u00e3o condicional \u00e9 uma das melhores maneiras de aplicar a formata\u00e7\u00e3o<\/a> de forma inteligente. Veja a lista de verifica\u00e7\u00e3o abaixo, onde usei uma <a style=\"outline: none;\" href=\"https:\/\/exceladvisor.org\/pt\/caixa-de-selecao\/\" data-wpel-link=\"internal\">caixa de sele\u00e7\u00e3o<\/a> com formata\u00e7\u00e3o condicional para aplicar tachado. <\/p><div class=\"wp-block-image\"><figure class=\"aligncenter\"><img decoding=\"async\" src=\"https:\/\/exceladvisor.org\/wp-content\/uploads\/2023\/08\/Inserer-une-case-a-cocher-dans-Excel-pour-creer-une-liste-de-controle-1.gif\" sizes=\"\" srcset=\"\" alt=\"\"><\/figure><\/div><p> Cada vez que voc\u00ea marca uma caixa, o texto na c\u00e9lula correspondente ser\u00e1 riscado. Veja como fazer isso.<\/p><ol><li> Primeiro, insira uma caixa de sele\u00e7\u00e3o na planilha. <br><img decoding=\"async\" title=\"caixa de sele\u00e7\u00e3o de inser\u00e7\u00e3o do Excel riscada\" src=\"https:\/\/exceladvisor.org\/wp-content\/uploads\/2023\/08\/case-a-cocher-dinsertion-excel-barree-1.png\" sizes=\"\" srcset=\"\" alt=\"\"><\/li><li> Depois disso, crie um link para a c\u00e9lula A1 e altere a cor da fonte de A1 para branco. <br><img decoding=\"async\" title=\"caixa de sele\u00e7\u00e3o link do Excel riscado\" src=\"https:\/\/exceladvisor.org\/wp-content\/uploads\/2023\/08\/case-a-cocher-lien-excel-barre-1.png\" sizes=\"\" srcset=\"\" alt=\"\"><\/li><li> Selecione a c\u00e9lula B1, v\u00e1 para a guia In\u00edcio \u2192 Estilos \u2192 Formata\u00e7\u00e3o Condicional \u2192 Nova Regra.<\/li><li> Selecione a op\u00e7\u00e3o \u201cUsar uma f\u00f3rmula para determinar qual c\u00e9lula formatar\u201d.<\/li><li> Digite =IF(A1=TRUE,TRUE,FALSE)na barra de entrada da f\u00f3rmula.<\/li><li> Agora clique na op\u00e7\u00e3o de formato e verifique o tachado. <br><img decoding=\"async\" title=\"f\u00f3rmula do Excel com formata\u00e7\u00e3o condicional cruzada\" src=\"https:\/\/exceladvisor.org\/wp-content\/uploads\/2023\/08\/formule-de-mise-en-forme-conditionnelle-excel-barree.png\" sizes=\"\" srcset=\"\" alt=\"\"><\/li><li> Clique em OK duas vezes.<\/li><\/ol><p> Agora, sempre que voc\u00ea marcar a caixa, o texto da c\u00e9lula ser\u00e1 marcado com uma linha de corte. <\/p><div class=\"wp-block-image\"><figure class=\"aligncenter\"><img decoding=\"async\" src=\"https:\/\/exceladvisor.org\/wp-content\/uploads\/2023\/08\/ajouter-Excel-barre-avec-une-case-a-cocher-1.gif\" sizes=\"\" srcset=\"\" alt=\"\"><\/figure><\/div><h2 id=\"tab-con-8\" class=\"wp-block-heading\"> [Dica b\u00f4nus] Aplique tachado no Excel Online<\/h2><p> Se voc\u00ea estiver usando o aplicativo da web Excel, deve estar satisfeito porque h\u00e1 uma op\u00e7\u00e3o na faixa de op\u00e7\u00f5es que voc\u00ea pode usar para aplicar tachado. <\/p><div class=\"wp-block-image\"><figure class=\"aligncenter\"><img decoding=\"async\" src=\"https:\/\/exceladvisor.org\/wp-content\/uploads\/2023\/08\/barre-excel-en-ligne-1.png\" sizes=\"\" srcset=\"\" alt=\"\"><\/figure><\/div><h2 id=\"tab-con-1\" class=\"wp-block-heading\"> Remover tachado de uma c\u00e9lula<\/h2><p> \u00c9 muito f\u00e1cil remover o tachado de uma c\u00e9lula. Voc\u00ea s\u00f3 precisa usar a tecla de atalho (Control + 5) novamente.<\/p><p class=\"qt-tip\"> <span style=\"color: #ea493f;\"><strong>Nota importante:<\/strong><\/span> se voc\u00ea aplicou por meio de formata\u00e7\u00e3o condicional, n\u00e3o poder\u00e1 remov\u00ea-lo com a tecla de atalho, a menos que remova toda a formata\u00e7\u00e3o da c\u00e9lula.<\/p><h2 id=\"tab-con-2\" class=\"wp-block-heading\"> Conclus\u00e3o<\/h2><p> Voc\u00ea tamb\u00e9m pode copiar e colar o tachado de uma c\u00e9lula para outra usando <a href=\"https:\/\/exceladvisor.org\/pt\/formato-de-pintor\/\" data-wpel-link=\"internal\">o Pincel de formata\u00e7\u00e3o<\/a> . Essa \u00e9 toda a hist\u00f3ria da aplica\u00e7\u00e3o de tachado no Excel. Voc\u00ea tem 5+1 m\u00e9todos diferentes para isso e todos eles s\u00e3o f\u00e1ceis de aplicar. Espero que esta dica ajude voc\u00ea a melhorar no Excel.<\/p><p> Agora me diga uma coisa. <span style=\"color: #ea493f;\">Voc\u00ea tem outro m\u00e9todo para aplicar tachado?<\/span> E qual \u00e9 o seu m\u00e9todo preferido? Compartilhe comigo na se\u00e7\u00e3o de coment\u00e1rios, eu adoraria ouvir de voc\u00ea. E n\u00e3o esque\u00e7a de compartilhar essa dica com seus amigos.<\/p><p> Este tutorial faz parte de nossas <a href=\"https:\/\/exceladvisor.org\/pt\/habilidades-de-excelencia\/\" data-wpel-link=\"internal\">habilidades b\u00e1sicas em Excel<\/a> e, se voc\u00ea quiser aprimorar suas habilidades existentes em Excel, confira estas <a style=\"outline: none;\" href=\"https:\/\/exceladvisor.org\/pt\/conselho\/\" data-wpel-link=\"internal\" data-wpil=\"url\">dicas e truques do Excel<\/a> .<\/p><div class=\"gb-container gb-container-4db6181c gb-container-mt\"> <a class=\"gb-button gb-button-c5897111 gb-button-text gb-button-mt-button\" href=\"https:\/\/exceladvisor.org\/pt\/nocoes-basicas-de-excel\/\">No\u00e7\u00f5es b\u00e1sicas do Microsoft Excel (componentes, pe\u00e7as e notas de conhecimento)<\/a><h2 class=\"gb-headline gb-headline-665e5f6b gb-headline-text gb-headline-mt-heading\"> Tutoriais relacionados <\/h2><div class=\"gb-grid-wrapper gb-grid-wrapper-a20baf7c gb-grid-wrapper-mt-grid\"><div class=\"gb-grid-column gb-grid-column-65ddf67e\"><div class=\"gb-container gb-container-65ddf67e\"><ul><li> <a href=\"https:\/\/exceladvisor.org\/pt\/formato-de-numero-contabil\/\">Aplicar formato de n\u00famero cont\u00e1bil no Excel<\/a><\/li><li> <a href=\"https:\/\/exceladvisor.org\/pt\/cor-da-celula\/\">Aplicar cor de fundo a uma c\u00e9lula ou a toda a planilha no Excel<\/a><\/li><li> <a href=\"https:\/\/exceladvisor.org\/pt\/a-grade\/\">Imprimir linhas de grade do Excel (excluir, encurtar e alterar cor)<\/a><\/li><li> <a href=\"https:\/\/exceladvisor.org\/pt\/adicione-um-numero-de-pagina\/\">Adicione um n\u00famero de p\u00e1gina no Excel<\/a><\/li><li> <a href=\"https:\/\/exceladvisor.org\/pt\/simbolo-pi\/\">Insira o s\u00edmbolo PI (\u03c0) no Excel<\/a> <\/li><\/ul><\/div><\/div><div class=\"gb-grid-column gb-grid-column-50067b57\"><div class=\"gb-container gb-container-50067b57\"><\/div><\/div><\/div><\/div>","protected":false},"excerpt":{"rendered":"","protected":false},"author":1,"featured_media":0,"parent":0,"menu_order":0,"comment_status":"open","ping_status":"closed","template":"","meta":{"ub_ctt_via":"","footnotes":""},"class_list":["post-385","page","type-page","status-publish","hentry"],"featured_image_src":null,"yoast_head":"<!-- This site is optimized with the Yoast SEO plugin v25.4 - https:\/\/yoast.com\/wordpress\/plugins\/seo\/ -->\n<title>\u25b7 Como aplicar tachado em qualquer lugar do Excel?<\/title>\n<meta name=\"description\" content=\"No Excel, n\u00e3o temos nenhuma op\u00e7\u00e3o direta para aplicar tachado a uma c\u00e9lula. Nenhum bot\u00e3o ou op\u00e7\u00e3o est\u00e1 presente na faixa de op\u00e7\u00f5es.\" \/>\n<meta name=\"robots\" content=\"index, follow, max-snippet:-1, max-image-preview:large, max-video-preview:-1\" \/>\n<link rel=\"canonical\" href=\"https:\/\/exceladvisor.org\/pt\/haste\/\" \/>\n<meta property=\"og:locale\" content=\"pt_PT\" \/>\n<meta property=\"og:type\" content=\"article\" \/>\n<meta property=\"og:title\" content=\"\u25b7 Como aplicar tachado em qualquer lugar do Excel?\" \/>\n<meta property=\"og:description\" content=\"No Excel, n\u00e3o temos nenhuma op\u00e7\u00e3o direta para aplicar tachado a uma c\u00e9lula. Nenhum bot\u00e3o ou op\u00e7\u00e3o est\u00e1 presente na faixa de op\u00e7\u00f5es.\" \/>\n<meta property=\"og:url\" content=\"https:\/\/exceladvisor.org\/pt\/haste\/\" \/>\n<meta property=\"og:site_name\" content=\"Excel Advisor\" \/>\n<meta property=\"article:modified_time\" content=\"2023-12-06T11:34:42+00:00\" \/>\n<meta property=\"og:image\" content=\"https:\/\/exceladvisor.org\/wp-content\/uploads\/2023\/08\/raccourci-clavier-barre-windows-excel-1.png\" \/>\n<meta name=\"twitter:card\" content=\"summary_large_image\" \/>\n<meta name=\"twitter:label1\" content=\"Tempo estimado de leitura\" \/>\n\t<meta name=\"twitter:data1\" content=\"5 minutos\" \/>\n<script type=\"application\/ld+json\" class=\"yoast-schema-graph\">{\"@context\":\"https:\/\/schema.org\",\"@graph\":[{\"@type\":\"WebPage\",\"@id\":\"https:\/\/exceladvisor.org\/pt\/haste\/\",\"url\":\"https:\/\/exceladvisor.org\/pt\/haste\/\",\"name\":\"\u25b7 Como aplicar tachado em qualquer lugar do Excel?\",\"isPartOf\":{\"@id\":\"https:\/\/exceladvisor.org\/pt\/#website\"},\"primaryImageOfPage\":{\"@id\":\"https:\/\/exceladvisor.org\/pt\/haste\/#primaryimage\"},\"image\":{\"@id\":\"https:\/\/exceladvisor.org\/pt\/haste\/#primaryimage\"},\"thumbnailUrl\":\"https:\/\/exceladvisor.org\/wp-content\/uploads\/2023\/08\/raccourci-clavier-barre-windows-excel-1.png\",\"datePublished\":\"2023-10-31T02:53:41+00:00\",\"dateModified\":\"2023-12-06T11:34:42+00:00\",\"description\":\"No Excel, n\u00e3o temos nenhuma op\u00e7\u00e3o direta para aplicar tachado a uma c\u00e9lula. Nenhum bot\u00e3o ou op\u00e7\u00e3o est\u00e1 presente na faixa de op\u00e7\u00f5es.\",\"breadcrumb\":{\"@id\":\"https:\/\/exceladvisor.org\/pt\/haste\/#breadcrumb\"},\"inLanguage\":\"pt-PT\",\"potentialAction\":[{\"@type\":\"ReadAction\",\"target\":[\"https:\/\/exceladvisor.org\/pt\/haste\/\"]}]},{\"@type\":\"ImageObject\",\"inLanguage\":\"pt-PT\",\"@id\":\"https:\/\/exceladvisor.org\/pt\/haste\/#primaryimage\",\"url\":\"https:\/\/exceladvisor.org\/wp-content\/uploads\/2023\/08\/raccourci-clavier-barre-windows-excel-1.png\",\"contentUrl\":\"https:\/\/exceladvisor.org\/wp-content\/uploads\/2023\/08\/raccourci-clavier-barre-windows-excel-1.png\"},{\"@type\":\"BreadcrumbList\",\"@id\":\"https:\/\/exceladvisor.org\/pt\/haste\/#breadcrumb\",\"itemListElement\":[{\"@type\":\"ListItem\",\"position\":1,\"name\":\"Lar\",\"item\":\"https:\/\/exceladvisor.org\/pt\/\"},{\"@type\":\"ListItem\",\"position\":2,\"name\":\"Como aplicar tachado em qualquer lugar do excel?\"}]},{\"@type\":\"WebSite\",\"@id\":\"https:\/\/exceladvisor.org\/pt\/#website\",\"url\":\"https:\/\/exceladvisor.org\/pt\/\",\"name\":\"Excel Advisor\",\"description\":\"O seu guia definitivo para dominar os dados!\",\"publisher\":{\"@id\":\"https:\/\/exceladvisor.org\/pt\/#organization\"},\"potentialAction\":[{\"@type\":\"SearchAction\",\"target\":{\"@type\":\"EntryPoint\",\"urlTemplate\":\"https:\/\/exceladvisor.org\/pt\/?s={search_term_string}\"},\"query-input\":{\"@type\":\"PropertyValueSpecification\",\"valueRequired\":true,\"valueName\":\"search_term_string\"}}],\"inLanguage\":\"pt-PT\"},{\"@type\":\"Organization\",\"@id\":\"https:\/\/exceladvisor.org\/pt\/#organization\",\"name\":\"Excel Advisor\",\"url\":\"https:\/\/exceladvisor.org\/pt\/\",\"logo\":{\"@type\":\"ImageObject\",\"inLanguage\":\"pt-PT\",\"@id\":\"https:\/\/exceladvisor.org\/pt\/#\/schema\/logo\/image\/\",\"url\":\"https:\/\/exceladvisor.org\/pt\/wp-content\/uploads\/2023\/12\/exceladvisor.org_.png\",\"contentUrl\":\"https:\/\/exceladvisor.org\/pt\/wp-content\/uploads\/2023\/12\/exceladvisor.org_.png\",\"width\":105,\"height\":36,\"caption\":\"Excel Advisor\"},\"image\":{\"@id\":\"https:\/\/exceladvisor.org\/pt\/#\/schema\/logo\/image\/\"}}]}<\/script>\n<!-- \/ Yoast SEO plugin. -->","yoast_head_json":{"title":"\u25b7 Como aplicar tachado em qualquer lugar do Excel?","description":"No Excel, n\u00e3o temos nenhuma op\u00e7\u00e3o direta para aplicar tachado a uma c\u00e9lula. Nenhum bot\u00e3o ou op\u00e7\u00e3o est\u00e1 presente na faixa de op\u00e7\u00f5es.","robots":{"index":"index","follow":"follow","max-snippet":"max-snippet:-1","max-image-preview":"max-image-preview:large","max-video-preview":"max-video-preview:-1"},"canonical":"https:\/\/exceladvisor.org\/pt\/haste\/","og_locale":"pt_PT","og_type":"article","og_title":"\u25b7 Como aplicar tachado em qualquer lugar do Excel?","og_description":"No Excel, n\u00e3o temos nenhuma op\u00e7\u00e3o direta para aplicar tachado a uma c\u00e9lula. Nenhum bot\u00e3o ou op\u00e7\u00e3o est\u00e1 presente na faixa de op\u00e7\u00f5es.","og_url":"https:\/\/exceladvisor.org\/pt\/haste\/","og_site_name":"Excel Advisor","article_modified_time":"2023-12-06T11:34:42+00:00","og_image":[{"url":"https:\/\/exceladvisor.org\/wp-content\/uploads\/2023\/08\/raccourci-clavier-barre-windows-excel-1.png","type":"","width":"","height":""}],"twitter_card":"summary_large_image","twitter_misc":{"Tempo estimado de leitura":"5 minutos"},"schema":{"@context":"https:\/\/schema.org","@graph":[{"@type":"WebPage","@id":"https:\/\/exceladvisor.org\/pt\/haste\/","url":"https:\/\/exceladvisor.org\/pt\/haste\/","name":"\u25b7 Como aplicar tachado em qualquer lugar do Excel?","isPartOf":{"@id":"https:\/\/exceladvisor.org\/pt\/#website"},"primaryImageOfPage":{"@id":"https:\/\/exceladvisor.org\/pt\/haste\/#primaryimage"},"image":{"@id":"https:\/\/exceladvisor.org\/pt\/haste\/#primaryimage"},"thumbnailUrl":"https:\/\/exceladvisor.org\/wp-content\/uploads\/2023\/08\/raccourci-clavier-barre-windows-excel-1.png","datePublished":"2023-10-31T02:53:41+00:00","dateModified":"2023-12-06T11:34:42+00:00","description":"No Excel, n\u00e3o temos nenhuma op\u00e7\u00e3o direta para aplicar tachado a uma c\u00e9lula. Nenhum bot\u00e3o ou op\u00e7\u00e3o est\u00e1 presente na faixa de op\u00e7\u00f5es.","breadcrumb":{"@id":"https:\/\/exceladvisor.org\/pt\/haste\/#breadcrumb"},"inLanguage":"pt-PT","potentialAction":[{"@type":"ReadAction","target":["https:\/\/exceladvisor.org\/pt\/haste\/"]}]},{"@type":"ImageObject","inLanguage":"pt-PT","@id":"https:\/\/exceladvisor.org\/pt\/haste\/#primaryimage","url":"https:\/\/exceladvisor.org\/wp-content\/uploads\/2023\/08\/raccourci-clavier-barre-windows-excel-1.png","contentUrl":"https:\/\/exceladvisor.org\/wp-content\/uploads\/2023\/08\/raccourci-clavier-barre-windows-excel-1.png"},{"@type":"BreadcrumbList","@id":"https:\/\/exceladvisor.org\/pt\/haste\/#breadcrumb","itemListElement":[{"@type":"ListItem","position":1,"name":"Lar","item":"https:\/\/exceladvisor.org\/pt\/"},{"@type":"ListItem","position":2,"name":"Como aplicar tachado em qualquer lugar do excel?"}]},{"@type":"WebSite","@id":"https:\/\/exceladvisor.org\/pt\/#website","url":"https:\/\/exceladvisor.org\/pt\/","name":"Excel Advisor","description":"O seu guia definitivo para dominar os dados!","publisher":{"@id":"https:\/\/exceladvisor.org\/pt\/#organization"},"potentialAction":[{"@type":"SearchAction","target":{"@type":"EntryPoint","urlTemplate":"https:\/\/exceladvisor.org\/pt\/?s={search_term_string}"},"query-input":{"@type":"PropertyValueSpecification","valueRequired":true,"valueName":"search_term_string"}}],"inLanguage":"pt-PT"},{"@type":"Organization","@id":"https:\/\/exceladvisor.org\/pt\/#organization","name":"Excel Advisor","url":"https:\/\/exceladvisor.org\/pt\/","logo":{"@type":"ImageObject","inLanguage":"pt-PT","@id":"https:\/\/exceladvisor.org\/pt\/#\/schema\/logo\/image\/","url":"https:\/\/exceladvisor.org\/pt\/wp-content\/uploads\/2023\/12\/exceladvisor.org_.png","contentUrl":"https:\/\/exceladvisor.org\/pt\/wp-content\/uploads\/2023\/12\/exceladvisor.org_.png","width":105,"height":36,"caption":"Excel Advisor"},"image":{"@id":"https:\/\/exceladvisor.org\/pt\/#\/schema\/logo\/image\/"}}]}},"yoast_meta":{"yoast_wpseo_title":"","yoast_wpseo_metadesc":"","yoast_wpseo_canonical":""},"_links":{"self":[{"href":"https:\/\/exceladvisor.org\/pt\/wp-json\/wp\/v2\/pages\/385","targetHints":{"allow":["GET"]}}],"collection":[{"href":"https:\/\/exceladvisor.org\/pt\/wp-json\/wp\/v2\/pages"}],"about":[{"href":"https:\/\/exceladvisor.org\/pt\/wp-json\/wp\/v2\/types\/page"}],"author":[{"embeddable":true,"href":"https:\/\/exceladvisor.org\/pt\/wp-json\/wp\/v2\/users\/1"}],"replies":[{"embeddable":true,"href":"https:\/\/exceladvisor.org\/pt\/wp-json\/wp\/v2\/comments?post=385"}],"version-history":[{"count":1,"href":"https:\/\/exceladvisor.org\/pt\/wp-json\/wp\/v2\/pages\/385\/revisions"}],"predecessor-version":[{"id":847,"href":"https:\/\/exceladvisor.org\/pt\/wp-json\/wp\/v2\/pages\/385\/revisions\/847"}],"wp:attachment":[{"href":"https:\/\/exceladvisor.org\/pt\/wp-json\/wp\/v2\/media?parent=385"}],"curies":[{"name":"wp","href":"https:\/\/api.w.org\/{rel}","templated":true}]}}