{"id":386,"date":"2023-10-30T22:32:19","date_gmt":"2023-10-30T22:32:19","guid":{"rendered":"https:\/\/exceladvisor.org\/pt\/combinar-data-e-hora\/"},"modified":"2023-12-06T11:35:19","modified_gmt":"2023-12-06T11:35:19","slug":"combinar-data-e-hora","status":"publish","type":"page","link":"https:\/\/exceladvisor.org\/pt\/combinar-data-e-hora\/","title":{"rendered":"Como combinar data e hora no excel?"},"content":{"rendered":"<div class=\"excel-before-content-2\" id=\"excel-2268513067\"><script type=\"text\/javascript\">\r\n\tatOptions = {\r\n\t\t'key' : 'c1158f160081d6540a8409e6925dab94',\r\n\t\t'format' : 'iframe',\r\n\t\t'height' : 250,\r\n\t\t'width' : 300,\r\n\t\t'params' : {}\r\n\t};\r\n<\/script>\r\n<script type=\"text\/javascript\" src=\"\/\/www.highperformanceformat.com\/c1158f160081d6540a8409e6925dab94\/invoke.js\"><\/script><\/div><div class=\"excel-before-content\" id=\"excel-2911314633\"><script type=\"text\/javascript\">\r\n\tatOptions = {\r\n\t\t'key' : 'c1158f160081d6540a8409e6925dab94',\r\n\t\t'format' : 'iframe',\r\n\t\t'height' : 250,\r\n\t\t'width' : 300,\r\n\t\t'params' : {}\r\n\t};\r\n<\/script>\r\n<script type=\"text\/javascript\" src=\"\/\/www.highperformanceformat.com\/c1158f160081d6540a8409e6925dab94\/invoke.js\"><\/script><\/div> <p>O Excel armazena uma data como um n\u00famero e a hora como um decimal. Voc\u00ea pode combinar a data e a hora se desejar e exibir ambas em uma \u00fanica c\u00e9lula. <\/p><div class=\"wp-block-image\"><figure class=\"aligncenter size-full is-resized\"><img loading=\"lazy\" decoding=\"async\" class=\"wp-image-74859\" src=\"https:\/\/exceladvisor.org\/wp-content\/uploads\/2023\/08\/1-combiner-date-et-heure.png\" sizes=\"auto, \" srcset=\"\" alt=\"combinar data e hora\" width=\"700\" height=\"150\"><\/figure><\/div><p> Neste tutorial, voc\u00ea aprender\u00e1 dois m\u00e9todos f\u00e1ceis de seguir:<\/p><ul><li> Use E comercial para combinar dados e hora.<\/li><li> Usando a fun\u00e7\u00e3o TEXT para concatenar os dois.<\/li><\/ul><h2 class=\"wp-block-heading\"> Adicionado para combinar data e hora em uma \u00fanica c\u00e9lula<\/h2><p> Como eu disse, no Excel a data \u00e9 um n\u00famero inteiro e a hora \u00e9 um n\u00famero decimal. Ao combinar os dois em uma \u00fanica c\u00e9lula, eles se tornam um n\u00famero real e depois disso basta aplicar o formato de data e hora na c\u00e9lula. <\/p><div class=\"wp-block-image\"><figure class=\"aligncenter size-full is-resized\"><img loading=\"lazy\" decoding=\"async\" class=\"wp-image-74860\" src=\"https:\/\/exceladvisor.org\/wp-content\/uploads\/2023\/08\/2-combiner-la-date-et-lheure-dans-une-cellule.png\" sizes=\"auto, \" srcset=\"\" alt=\"combinar data e hora em uma c\u00e9lula\" width=\"623\" height=\"173\"><\/figure><\/div><ol type=\"1\"><li> Primeiro, edite a c\u00e9lula e digite \u201c=\u201d nela.<\/li><li> Depois disso, consulte a c\u00e9lula com a data (A2).<\/li><li> Em seguida, insira o sinal de adi\u00e7\u00e3o.<\/li><li> Agora consulte a c\u00e9lula com o tempo (B2).<\/li><li> No final, pressione Enter para obter a data e hora combinadas. <\/li><\/ol><div class=\"wp-block-image\"><figure class=\"aligncenter size-full is-resized\"><img loading=\"lazy\" decoding=\"async\" class=\"wp-image-74861\" src=\"https:\/\/exceladvisor.org\/wp-content\/uploads\/2023\/08\/3-valeur-de-date-et-dheure-dans-une-cellule.png\" sizes=\"auto, \" srcset=\"\" alt=\"data-hora-valor-em-uma-c\u00e9lula\" width=\"728\" height=\"276\"><\/figure><\/div><p> No momento em que voc\u00ea pressionar Enter, voc\u00ea obter\u00e1 um valor de data e hora na c\u00e9lula, igual ao que temos no exemplo acima. Voc\u00ea pode ver que possui um formato personalizado na lista suspensa de formata\u00e7\u00e3o.<\/p><p> Isso ocorre porque voc\u00ea tem a data e a hora combinadas em uma \u00fanica c\u00e9lula e o Excel aplicou uma formata\u00e7\u00e3o personalizada para isso. E se voc\u00ea abrir a caixa de di\u00e1logo de op\u00e7\u00f5es de formato, poder\u00e1 ver que existe uma formata\u00e7\u00e3o personalizada. <\/p><div class=\"wp-block-image\"><figure class=\"aligncenter size-full is-resized\"><img loading=\"lazy\" decoding=\"async\" class=\"wp-image-74862\" src=\"https:\/\/exceladvisor.org\/wp-content\/uploads\/2023\/08\/4-formatage-personnalise.png\" sizes=\"auto, \" srcset=\"\" alt=\"formata\u00e7\u00e3o personalizada\" width=\"717\" height=\"355\"><\/figure><\/div><h2 class=\"wp-block-heading\"> Fun\u00e7\u00e3o TEXT para concatenar data e hora<\/h2><p> Para combinar data e hora, voc\u00ea deve usar a fun\u00e7\u00e3o de texto duas vezes com o CONCAT:<\/p><ol><li> Na primeira parte, voc\u00ea precisa se referir \u00e0 c\u00e9lula com a data e especificar o formato desejado.<\/li><li> E na segunda parte voc\u00ea precisa consultar a hora e especificar o formato desejado.<\/li><li> Na terceira parte, voc\u00ea precisa usar CONCAT para combinar os dois com um espa\u00e7o entre eles. <\/li><\/ol><div class=\"wp-block-image\"><figure class=\"aligncenter size-full is-resized\"><img loading=\"lazy\" decoding=\"async\" class=\"wp-image-74863\" src=\"https:\/\/exceladvisor.org\/wp-content\/uploads\/2023\/08\/5-fonction-de-texte-pour-combiner-la-date-et-lheure.png\" sizes=\"auto, \" srcset=\"\" alt=\"fun\u00e7\u00e3o de texto para combinar data e hora\" width=\"677\" height=\"312\"><\/figure><\/div><pre class=\"wp-block-code\"> <code class=\"language-excel-formula\" lang=\"excel-formula\">=TEXT(A2,\"DD-MMM-YYYY\")&amp;\" \"&amp;TEXT(B2,\"HH:MM:SS\")<\/code><\/pre><div class=\"wp-block-image\"><figure class=\"aligncenter size-full is-resized\"><img loading=\"lazy\" decoding=\"async\" class=\"wp-image-74864\" src=\"https:\/\/exceladvisor.org\/wp-content\/uploads\/2023\/08\/6-fonction-de-texte-avec-concat.png\" sizes=\"auto, \" srcset=\"\" alt=\"fun\u00e7\u00e3o de texto com concat\" width=\"577\" height=\"141\"><\/figure><\/div><p> Ao usar CONCAT, voc\u00ea deve especificar os valores nos argumentos que deseja <a href=\"https:\/\/exceladvisor.org\/pt\/concatenar-um-intervalo-de-celulas\/\">combinar<\/a> . E voc\u00ea tem os tr\u00eas valores para combinar aqui.<\/p><ol type=\"1\"><li> A primeira fun\u00e7\u00e3o de texto \u00e9 obter a data e aplicar um formato.<\/li><li> Um espa\u00e7o entre<\/li><li> A segunda fun\u00e7\u00e3o de texto \u00e9 obter o valor do tempo e aplicar um formato.<\/li><\/ol><p> E se quiser ter um formato diferente para data e hora, voc\u00ea pode alter\u00e1-lo na fun\u00e7\u00e3o. <\/p><div class=\"wp-block-image\"><figure class=\"aligncenter size-full is-resized\"><img loading=\"lazy\" decoding=\"async\" class=\"wp-image-74865\" src=\"https:\/\/exceladvisor.org\/wp-content\/uploads\/2023\/08\/7-appliquer-le-texte-et-la-fonction-concat-ensemble.png\" sizes=\"auto, \" srcset=\"\" alt=\"aplicar texto e fun\u00e7\u00e3o concat juntos\" width=\"616\" height=\"150\"><\/figure><\/div><div class=\"gb-container gb-container-52dfcee1 gb-container-sample-file\"><h2 class=\"gb-headline gb-headline-e289c143 gb-headline-text gb-headline-4f7959c2\"> Obtenha o arquivo Excel<\/h2> <a class=\"gb-button gb-button-e88d6bee gb-button-text gb-button-button1\" href=\"https:\/\/exceladvisor.org\/wp-content\/uploads\/2023\/11\/combiner-date-et-heure.xlsx\" rel=\"nofollow\">Download<\/a><\/div><div class=\"gb-container gb-container-0df56012 gb-container-mt\"> <a class=\"gb-button gb-button-f9f432f4 gb-button-text gb-button-mt-button\" href=\"https:\/\/exceladvisor.org\/pt\/formulas\/\">Lista de f\u00f3rmulas do Excel<\/a><h2 class=\"gb-headline gb-headline-233444e8 gb-headline-text gb-headline-mt-heading\"> F\u00f3rmulas relacionadas <\/h2><div class=\"gb-grid-wrapper gb-grid-wrapper-a16fa65c gb-grid-wrapper-mt-grid\"><div class=\"gb-grid-column gb-grid-column-50d07e0d\"><div class=\"gb-container gb-container-50d07e0d\"><ul><li> <a href=\"https:\/\/exceladvisor.org\/pt\/comparar-duas-datas\/\">Compare duas datas no Excel<\/a><\/li><li> <a href=\"https:\/\/exceladvisor.org\/pt\/converter-data-em-numero\/\">Converter data em n\u00famero no Excel<\/a><\/li><li> <a href=\"https:\/\/exceladvisor.org\/pt\/texto-ate-o-momento\/\">Converter texto atualizado no Excel<\/a><\/li><li> <a href=\"https:\/\/exceladvisor.org\/pt\/intervalo-de-datas\/\">Crie um intervalo de datas no Excel<\/a><\/li><li> <a href=\"https:\/\/exceladvisor.org\/pt\/formatos-de-data-personalizados\/\">Formatos de data personalizados no Excel<\/a><\/li><li> <a href=\"https:\/\/exceladvisor.org\/pt\/data-se\/\">Fun\u00e7\u00e3o DATADIF no Excel<\/a> <\/li><\/ul><\/div><\/div><div class=\"gb-grid-column gb-grid-column-5b4a0cf9\"><div class=\"gb-container gb-container-5b4a0cf9\"><\/div><\/div><\/div><\/div>","protected":false},"excerpt":{"rendered":"","protected":false},"author":1,"featured_media":0,"parent":0,"menu_order":0,"comment_status":"open","ping_status":"closed","template":"","meta":{"ub_ctt_via":"","footnotes":""},"class_list":["post-386","page","type-page","status-publish","hentry"],"featured_image_src":null,"yoast_head":"<!-- This site is optimized with the Yoast SEO plugin v25.4 - https:\/\/yoast.com\/wordpress\/plugins\/seo\/ -->\n<title>Como combinar data e hora no Excel em 2023?<\/title>\n<meta name=\"description\" content=\"Neste tutorial formal, aprenderemos duas maneiras diferentes de combinar data e hora em uma \u00fanica c\u00e9lula.\" \/>\n<meta name=\"robots\" content=\"index, follow, max-snippet:-1, max-image-preview:large, max-video-preview:-1\" \/>\n<link rel=\"canonical\" href=\"https:\/\/exceladvisor.org\/pt\/combinar-data-e-hora\/\" \/>\n<meta property=\"og:locale\" content=\"pt_PT\" \/>\n<meta property=\"og:type\" content=\"article\" \/>\n<meta property=\"og:title\" content=\"Como combinar data e hora no Excel em 2023?\" \/>\n<meta property=\"og:description\" content=\"Neste tutorial formal, aprenderemos duas maneiras diferentes de combinar data e hora em uma \u00fanica c\u00e9lula.\" \/>\n<meta property=\"og:url\" content=\"https:\/\/exceladvisor.org\/pt\/combinar-data-e-hora\/\" \/>\n<meta property=\"og:site_name\" content=\"Excel Advisor\" \/>\n<meta property=\"article:modified_time\" content=\"2023-12-06T11:35:19+00:00\" \/>\n<meta property=\"og:image\" content=\"https:\/\/exceladvisor.org\/wp-content\/uploads\/2023\/08\/1-combiner-date-et-heure.png\" \/>\n<meta name=\"twitter:card\" content=\"summary_large_image\" \/>\n<meta name=\"twitter:label1\" content=\"Tempo estimado de leitura\" \/>\n\t<meta name=\"twitter:data1\" content=\"2 minutos\" \/>\n<script type=\"application\/ld+json\" class=\"yoast-schema-graph\">{\"@context\":\"https:\/\/schema.org\",\"@graph\":[{\"@type\":\"WebPage\",\"@id\":\"https:\/\/exceladvisor.org\/pt\/combinar-data-e-hora\/\",\"url\":\"https:\/\/exceladvisor.org\/pt\/combinar-data-e-hora\/\",\"name\":\"Como combinar data e hora no Excel em 2023?\",\"isPartOf\":{\"@id\":\"https:\/\/exceladvisor.org\/pt\/#website\"},\"primaryImageOfPage\":{\"@id\":\"https:\/\/exceladvisor.org\/pt\/combinar-data-e-hora\/#primaryimage\"},\"image\":{\"@id\":\"https:\/\/exceladvisor.org\/pt\/combinar-data-e-hora\/#primaryimage\"},\"thumbnailUrl\":\"https:\/\/exceladvisor.org\/wp-content\/uploads\/2023\/08\/1-combiner-date-et-heure.png\",\"datePublished\":\"2023-10-30T22:32:19+00:00\",\"dateModified\":\"2023-12-06T11:35:19+00:00\",\"description\":\"Neste tutorial formal, aprenderemos duas maneiras diferentes de combinar data e hora em uma \u00fanica c\u00e9lula.\",\"breadcrumb\":{\"@id\":\"https:\/\/exceladvisor.org\/pt\/combinar-data-e-hora\/#breadcrumb\"},\"inLanguage\":\"pt-PT\",\"potentialAction\":[{\"@type\":\"ReadAction\",\"target\":[\"https:\/\/exceladvisor.org\/pt\/combinar-data-e-hora\/\"]}]},{\"@type\":\"ImageObject\",\"inLanguage\":\"pt-PT\",\"@id\":\"https:\/\/exceladvisor.org\/pt\/combinar-data-e-hora\/#primaryimage\",\"url\":\"https:\/\/exceladvisor.org\/wp-content\/uploads\/2023\/08\/1-combiner-date-et-heure.png\",\"contentUrl\":\"https:\/\/exceladvisor.org\/wp-content\/uploads\/2023\/08\/1-combiner-date-et-heure.png\"},{\"@type\":\"BreadcrumbList\",\"@id\":\"https:\/\/exceladvisor.org\/pt\/combinar-data-e-hora\/#breadcrumb\",\"itemListElement\":[{\"@type\":\"ListItem\",\"position\":1,\"name\":\"Lar\",\"item\":\"https:\/\/exceladvisor.org\/pt\/\"},{\"@type\":\"ListItem\",\"position\":2,\"name\":\"Como combinar data e hora no excel?\"}]},{\"@type\":\"WebSite\",\"@id\":\"https:\/\/exceladvisor.org\/pt\/#website\",\"url\":\"https:\/\/exceladvisor.org\/pt\/\",\"name\":\"Excel Advisor\",\"description\":\"O seu guia definitivo para dominar os dados!\",\"publisher\":{\"@id\":\"https:\/\/exceladvisor.org\/pt\/#organization\"},\"potentialAction\":[{\"@type\":\"SearchAction\",\"target\":{\"@type\":\"EntryPoint\",\"urlTemplate\":\"https:\/\/exceladvisor.org\/pt\/?s={search_term_string}\"},\"query-input\":{\"@type\":\"PropertyValueSpecification\",\"valueRequired\":true,\"valueName\":\"search_term_string\"}}],\"inLanguage\":\"pt-PT\"},{\"@type\":\"Organization\",\"@id\":\"https:\/\/exceladvisor.org\/pt\/#organization\",\"name\":\"Excel Advisor\",\"url\":\"https:\/\/exceladvisor.org\/pt\/\",\"logo\":{\"@type\":\"ImageObject\",\"inLanguage\":\"pt-PT\",\"@id\":\"https:\/\/exceladvisor.org\/pt\/#\/schema\/logo\/image\/\",\"url\":\"https:\/\/exceladvisor.org\/pt\/wp-content\/uploads\/2023\/12\/exceladvisor.org_.png\",\"contentUrl\":\"https:\/\/exceladvisor.org\/pt\/wp-content\/uploads\/2023\/12\/exceladvisor.org_.png\",\"width\":105,\"height\":36,\"caption\":\"Excel Advisor\"},\"image\":{\"@id\":\"https:\/\/exceladvisor.org\/pt\/#\/schema\/logo\/image\/\"}}]}<\/script>\n<!-- \/ Yoast SEO plugin. -->","yoast_head_json":{"title":"Como combinar data e hora no Excel em 2023?","description":"Neste tutorial formal, aprenderemos duas maneiras diferentes de combinar data e hora em uma \u00fanica c\u00e9lula.","robots":{"index":"index","follow":"follow","max-snippet":"max-snippet:-1","max-image-preview":"max-image-preview:large","max-video-preview":"max-video-preview:-1"},"canonical":"https:\/\/exceladvisor.org\/pt\/combinar-data-e-hora\/","og_locale":"pt_PT","og_type":"article","og_title":"Como combinar data e hora no Excel em 2023?","og_description":"Neste tutorial formal, aprenderemos duas maneiras diferentes de combinar data e hora em uma \u00fanica c\u00e9lula.","og_url":"https:\/\/exceladvisor.org\/pt\/combinar-data-e-hora\/","og_site_name":"Excel Advisor","article_modified_time":"2023-12-06T11:35:19+00:00","og_image":[{"url":"https:\/\/exceladvisor.org\/wp-content\/uploads\/2023\/08\/1-combiner-date-et-heure.png","type":"","width":"","height":""}],"twitter_card":"summary_large_image","twitter_misc":{"Tempo estimado de leitura":"2 minutos"},"schema":{"@context":"https:\/\/schema.org","@graph":[{"@type":"WebPage","@id":"https:\/\/exceladvisor.org\/pt\/combinar-data-e-hora\/","url":"https:\/\/exceladvisor.org\/pt\/combinar-data-e-hora\/","name":"Como combinar data e hora no Excel em 2023?","isPartOf":{"@id":"https:\/\/exceladvisor.org\/pt\/#website"},"primaryImageOfPage":{"@id":"https:\/\/exceladvisor.org\/pt\/combinar-data-e-hora\/#primaryimage"},"image":{"@id":"https:\/\/exceladvisor.org\/pt\/combinar-data-e-hora\/#primaryimage"},"thumbnailUrl":"https:\/\/exceladvisor.org\/wp-content\/uploads\/2023\/08\/1-combiner-date-et-heure.png","datePublished":"2023-10-30T22:32:19+00:00","dateModified":"2023-12-06T11:35:19+00:00","description":"Neste tutorial formal, aprenderemos duas maneiras diferentes de combinar data e hora em uma \u00fanica c\u00e9lula.","breadcrumb":{"@id":"https:\/\/exceladvisor.org\/pt\/combinar-data-e-hora\/#breadcrumb"},"inLanguage":"pt-PT","potentialAction":[{"@type":"ReadAction","target":["https:\/\/exceladvisor.org\/pt\/combinar-data-e-hora\/"]}]},{"@type":"ImageObject","inLanguage":"pt-PT","@id":"https:\/\/exceladvisor.org\/pt\/combinar-data-e-hora\/#primaryimage","url":"https:\/\/exceladvisor.org\/wp-content\/uploads\/2023\/08\/1-combiner-date-et-heure.png","contentUrl":"https:\/\/exceladvisor.org\/wp-content\/uploads\/2023\/08\/1-combiner-date-et-heure.png"},{"@type":"BreadcrumbList","@id":"https:\/\/exceladvisor.org\/pt\/combinar-data-e-hora\/#breadcrumb","itemListElement":[{"@type":"ListItem","position":1,"name":"Lar","item":"https:\/\/exceladvisor.org\/pt\/"},{"@type":"ListItem","position":2,"name":"Como combinar data e hora no excel?"}]},{"@type":"WebSite","@id":"https:\/\/exceladvisor.org\/pt\/#website","url":"https:\/\/exceladvisor.org\/pt\/","name":"Excel Advisor","description":"O seu guia definitivo para dominar os dados!","publisher":{"@id":"https:\/\/exceladvisor.org\/pt\/#organization"},"potentialAction":[{"@type":"SearchAction","target":{"@type":"EntryPoint","urlTemplate":"https:\/\/exceladvisor.org\/pt\/?s={search_term_string}"},"query-input":{"@type":"PropertyValueSpecification","valueRequired":true,"valueName":"search_term_string"}}],"inLanguage":"pt-PT"},{"@type":"Organization","@id":"https:\/\/exceladvisor.org\/pt\/#organization","name":"Excel Advisor","url":"https:\/\/exceladvisor.org\/pt\/","logo":{"@type":"ImageObject","inLanguage":"pt-PT","@id":"https:\/\/exceladvisor.org\/pt\/#\/schema\/logo\/image\/","url":"https:\/\/exceladvisor.org\/pt\/wp-content\/uploads\/2023\/12\/exceladvisor.org_.png","contentUrl":"https:\/\/exceladvisor.org\/pt\/wp-content\/uploads\/2023\/12\/exceladvisor.org_.png","width":105,"height":36,"caption":"Excel Advisor"},"image":{"@id":"https:\/\/exceladvisor.org\/pt\/#\/schema\/logo\/image\/"}}]}},"yoast_meta":{"yoast_wpseo_title":"","yoast_wpseo_metadesc":"","yoast_wpseo_canonical":""},"_links":{"self":[{"href":"https:\/\/exceladvisor.org\/pt\/wp-json\/wp\/v2\/pages\/386","targetHints":{"allow":["GET"]}}],"collection":[{"href":"https:\/\/exceladvisor.org\/pt\/wp-json\/wp\/v2\/pages"}],"about":[{"href":"https:\/\/exceladvisor.org\/pt\/wp-json\/wp\/v2\/types\/page"}],"author":[{"embeddable":true,"href":"https:\/\/exceladvisor.org\/pt\/wp-json\/wp\/v2\/users\/1"}],"replies":[{"embeddable":true,"href":"https:\/\/exceladvisor.org\/pt\/wp-json\/wp\/v2\/comments?post=386"}],"version-history":[{"count":1,"href":"https:\/\/exceladvisor.org\/pt\/wp-json\/wp\/v2\/pages\/386\/revisions"}],"predecessor-version":[{"id":896,"href":"https:\/\/exceladvisor.org\/pt\/wp-json\/wp\/v2\/pages\/386\/revisions\/896"}],"wp:attachment":[{"href":"https:\/\/exceladvisor.org\/pt\/wp-json\/wp\/v2\/media?parent=386"}],"curies":[{"name":"wp","href":"https:\/\/api.w.org\/{rel}","templated":true}]}}