{"id":387,"date":"2023-10-30T19:52:35","date_gmt":"2023-10-30T19:52:35","guid":{"rendered":"https:\/\/exceladvisor.org\/pt\/duplicado\/"},"modified":"2023-12-06T11:37:05","modified_gmt":"2023-12-06T11:37:05","slug":"duplicado","status":"publish","type":"page","link":"https:\/\/exceladvisor.org\/pt\/duplicado\/","title":{"rendered":"Como criar uma planilha duplicada no excel?"},"content":{"rendered":"<div class=\"excel-before-content-2\" id=\"excel-683754542\"><script type=\"text\/javascript\">\r\n\tatOptions = {\r\n\t\t'key' : 'c1158f160081d6540a8409e6925dab94',\r\n\t\t'format' : 'iframe',\r\n\t\t'height' : 250,\r\n\t\t'width' : 300,\r\n\t\t'params' : {}\r\n\t};\r\n<\/script>\r\n<script type=\"text\/javascript\" src=\"\/\/www.highperformanceformat.com\/c1158f160081d6540a8409e6925dab94\/invoke.js\"><\/script><\/div><div class=\"excel-before-content\" id=\"excel-2781472307\"><script type=\"text\/javascript\">\r\n\tatOptions = {\r\n\t\t'key' : 'c1158f160081d6540a8409e6925dab94',\r\n\t\t'format' : 'iframe',\r\n\t\t'height' : 250,\r\n\t\t'width' : 300,\r\n\t\t'params' : {}\r\n\t};\r\n<\/script>\r\n<script type=\"text\/javascript\" src=\"\/\/www.highperformanceformat.com\/c1158f160081d6540a8409e6925dab94\/invoke.js\"><\/script><\/div> <p>No Excel, se voc\u00ea deseja criar uma planilha duplicada, ou seja, criar uma c\u00f3pia da planilha na mesma pasta de trabalho, voc\u00ea pode usar dois m\u00e9todos diferentes.<\/p><ul><li> Arraste e solte com o mouse.<\/li><li> Crie uma c\u00f3pia duplicada com copiar e mover<\/li><\/ul><p> Neste tutorial, veremos os dois m\u00e9todos.<\/p><h2 id=\"h-drag-and-drop-to-create-a-duplicate-sheet\" class=\"wp-block-heading\"> Arraste e solte para criar uma planilha duplicada<\/h2><ol type=\"1\"><li> Primeiro, ative a planilha da qual deseja criar uma c\u00f3pia.<\/li><li> Agora pressione a tecla Ctrl.<\/li><li> Depois disso, mantendo pressionada a tecla Ctrl, clique na aba da planilha.<\/li><li> No final, arraste e solte a planilha em um novo local nas guias da planilha. <\/li><\/ol><figure class=\"gb-block-image gb-block-image-b115ad26\"><img loading=\"lazy\" decoding=\"async\" class=\"gb-image gb-image-b115ad26\" title=\"duplicar-planilha do Excel-arrastar-soltar\" src=\"https:\/\/exceladvisor.org\/wp-content\/uploads\/2023\/08\/feuille-en-double-excel-glisser-deposer.gif\" sizes=\"auto, \" srcset=\"\" alt=\"duplicate-sheet-excel-drag-drop\" width=\"890\" height=\"306\"><\/figure><p> Ele cria uma folha duplicada da folha, que desliza e cai. <\/p><div class=\"wp-block-image\"><figure class=\"aligncenter size-full is-resized\"><img loading=\"lazy\" decoding=\"async\" class=\"wp-image-92667\" src=\"https:\/\/exceladvisor.org\/wp-content\/uploads\/2023\/08\/1-glisser-deposer-pour-creer-une-feuille-en-double.png\" sizes=\"auto, \" srcset=\"\" alt=\"arraste e solte para criar uma planilha duplicada\" width=\"546\" height=\"224\"><\/figure><\/div><p> Voc\u00ea pode ver no exemplo acima; voc\u00ea tem uma nova planilha duplicada de &#8220;Planilha3&#8221; com (2) com o nome original.<\/p><h2 id=\"h-use-copy-and-move-to-create-a-duplicate-copy-of-the-sheet\" class=\"wp-block-heading\"> Use Copiar e Mover para criar uma c\u00f3pia duplicada da planilha<\/h2><p> Ao clicar com o bot\u00e3o direito em uma guia de planilha, voc\u00ea pode ver as op\u00e7\u00f5es \u201cMover ou Copiar\u201d. Esta op\u00e7\u00e3o permite copiar a planilha para uma nova pasta de trabalho ou para uma pasta de trabalho existente que esteja aberta. <\/p><div class=\"wp-block-image\"><figure class=\"aligncenter size-full is-resized\"><img loading=\"lazy\" decoding=\"async\" class=\"wp-image-92668\" src=\"https:\/\/exceladvisor.org\/wp-content\/uploads\/2023\/08\/2-copier-et-deplacer-vers-la-feuille-dupliquee.png\" sizes=\"auto, \" srcset=\"\" alt=\"copiar e mover para planilha duplicada\" width=\"483\" height=\"390\"><\/figure><\/div><p> Mas com a mesma op\u00e7\u00e3o voc\u00ea pode criar uma c\u00f3pia duplicada da planilha na mesma pasta de trabalho. Ao clicar na op\u00e7\u00e3o, aparecer\u00e1 uma caixa de di\u00e1logo para selecionar o destino para copiar a planilha. <\/p><div class=\"wp-block-image\"><figure class=\"aligncenter size-full is-resized\"><img loading=\"lazy\" decoding=\"async\" class=\"wp-image-92669\" src=\"https:\/\/exceladvisor.org\/wp-content\/uploads\/2023\/08\/3-copies-dans-le-meme-classeur.png\" sizes=\"auto, \" srcset=\"\" alt=\"copiar para a mesma pasta de trabalho\" width=\"548\" height=\"391\"><\/figure><\/div><p> Na caixa de di\u00e1logo Mover ou Copiar, marque a caixa \u201cFazer uma c\u00f3pia\u201d e certifique-se de ter o mesmo nome da pasta de trabalho em \u201cPara reservar:\u201d. No final, clique em OK para criar uma c\u00f3pia duplicada. <\/p><div class=\"wp-block-image\"><figure class=\"aligncenter size-full is-resized\"><img loading=\"lazy\" decoding=\"async\" class=\"wp-image-92670\" src=\"https:\/\/exceladvisor.org\/wp-content\/uploads\/2023\/08\/4-coche-creer-une-copie.png\" sizes=\"auto, \" srcset=\"\" alt=\"tickmark-criar-uma-c\u00f3pia\" width=\"652\" height=\"212\"><\/figure><\/div><p> Voc\u00ea pode escolher a posi\u00e7\u00e3o para adicionar a folha duplicada nesta caixa de di\u00e1logo. <\/p><div class=\"wp-block-image\"><figure class=\"aligncenter size-full is-resized\"><img loading=\"lazy\" decoding=\"async\" class=\"wp-image-92671\" src=\"https:\/\/exceladvisor.org\/wp-content\/uploads\/2023\/08\/5-choisissez-la-position-pour-ajouter-une-feuille-en-double.png\" sizes=\"auto, \" srcset=\"\" alt=\"escolha a posi\u00e7\u00e3o para adicionar a planilha duplicada\" width=\"348\" height=\"323\"><\/figure><\/div><p class=\"qt-tip\"> <strong>Nota:<\/strong> Dos dois m\u00e9todos, o primeiro m\u00e9todo \u00e9 r\u00e1pido e f\u00e1cil. Mas voc\u00ea pode usar qualquer um deles de acordo com suas prefer\u00eancias. <\/p><div class=\"gb-container gb-container-3044ba66 gb-container-mt\"><p class=\"gb-headline gb-headline-b5bb6270 gb-headline-text\"> <strong><a href=\"https:\/\/exceladvisor.org\/pt\/nocoes-basicas-de-excel\/\">No\u00e7\u00f5es b\u00e1sicas do Excel<\/a><\/strong> \/ <strong><a href=\"https:\/\/exceladvisor.org\/pt\/planilha\/\" data-wpil=\"url\">planilha do Excel<\/a><\/strong><\/p><h2 class=\"gb-headline gb-headline-819d540d gb-headline-text gb-headline-mt-heading\"> Mais tutoriais <\/h2><div class=\"gb-grid-wrapper gb-grid-wrapper-7f3d805a gb-grid-wrapper-mt-grid\"><div class=\"gb-grid-column gb-grid-column-530ab33a\"><div class=\"gb-container gb-container-530ab33a\"><ul><li> <a href=\"https:\/\/exceladvisor.org\/pt\/excluir-1\/\">Excluir uma planilha (planilha) no Excel<\/a><\/li><li> <a href=\"https:\/\/exceladvisor.org\/pt\/link-para-outra-planilha\/\">Crie um hiperlink (link) para outra planilha<\/a><\/li><li> <a href=\"https:\/\/exceladvisor.org\/pt\/trancar\/\">Bloquear uma planilha (planilha) no Excel<\/a><\/li><li> <a href=\"https:\/\/exceladvisor.org\/pt\/atualizar\/\">Atualizar uma planilha (planilha) no Excel<\/a><\/li><li> <a href=\"https:\/\/exceladvisor.org\/pt\/abrir\/\">Desbloquear uma planilha com senha (sem senha)<\/a><\/li><\/ul><\/div><\/div><\/div><\/div>","protected":false},"excerpt":{"rendered":"","protected":false},"author":1,"featured_media":0,"parent":0,"menu_order":0,"comment_status":"open","ping_status":"closed","template":"","meta":{"ub_ctt_via":"","footnotes":""},"class_list":["post-387","page","type-page","status-publish","hentry"],"featured_image_src":null,"yoast_head":"<!-- This site is optimized with the Yoast SEO plugin v25.4 - https:\/\/yoast.com\/wordpress\/plugins\/seo\/ -->\n<title>\u25b7 Como criar uma planilha duplicada no Excel?<\/title>\n<meta name=\"description\" content=\"No Excel, se quiser criar uma planilha duplicada, ou seja, criar uma c\u00f3pia da planilha na mesma pasta de trabalho, voc\u00ea pode\" \/>\n<meta name=\"robots\" content=\"index, follow, max-snippet:-1, max-image-preview:large, max-video-preview:-1\" \/>\n<link rel=\"canonical\" href=\"https:\/\/exceladvisor.org\/pt\/duplicado\/\" \/>\n<meta property=\"og:locale\" content=\"pt_PT\" \/>\n<meta property=\"og:type\" content=\"article\" \/>\n<meta property=\"og:title\" content=\"\u25b7 Como criar uma planilha duplicada no Excel?\" \/>\n<meta property=\"og:description\" content=\"No Excel, se quiser criar uma planilha duplicada, ou seja, criar uma c\u00f3pia da planilha na mesma pasta de trabalho, voc\u00ea pode\" \/>\n<meta property=\"og:url\" content=\"https:\/\/exceladvisor.org\/pt\/duplicado\/\" \/>\n<meta property=\"og:site_name\" content=\"Excel Advisor\" \/>\n<meta property=\"article:modified_time\" content=\"2023-12-06T11:37:05+00:00\" \/>\n<meta property=\"og:image\" content=\"https:\/\/exceladvisor.org\/wp-content\/uploads\/2023\/08\/feuille-en-double-excel-glisser-deposer.gif\" \/>\n<meta name=\"twitter:card\" content=\"summary_large_image\" \/>\n<meta name=\"twitter:label1\" content=\"Tempo estimado de leitura\" \/>\n\t<meta name=\"twitter:data1\" content=\"2 minutos\" \/>\n<script type=\"application\/ld+json\" class=\"yoast-schema-graph\">{\"@context\":\"https:\/\/schema.org\",\"@graph\":[{\"@type\":\"WebPage\",\"@id\":\"https:\/\/exceladvisor.org\/pt\/duplicado\/\",\"url\":\"https:\/\/exceladvisor.org\/pt\/duplicado\/\",\"name\":\"\u25b7 Como criar uma planilha duplicada no Excel?\",\"isPartOf\":{\"@id\":\"https:\/\/exceladvisor.org\/pt\/#website\"},\"primaryImageOfPage\":{\"@id\":\"https:\/\/exceladvisor.org\/pt\/duplicado\/#primaryimage\"},\"image\":{\"@id\":\"https:\/\/exceladvisor.org\/pt\/duplicado\/#primaryimage\"},\"thumbnailUrl\":\"https:\/\/exceladvisor.org\/wp-content\/uploads\/2023\/08\/feuille-en-double-excel-glisser-deposer.gif\",\"datePublished\":\"2023-10-30T19:52:35+00:00\",\"dateModified\":\"2023-12-06T11:37:05+00:00\",\"description\":\"No Excel, se quiser criar uma planilha duplicada, ou seja, criar uma c\u00f3pia da planilha na mesma pasta de trabalho, voc\u00ea pode\",\"breadcrumb\":{\"@id\":\"https:\/\/exceladvisor.org\/pt\/duplicado\/#breadcrumb\"},\"inLanguage\":\"pt-PT\",\"potentialAction\":[{\"@type\":\"ReadAction\",\"target\":[\"https:\/\/exceladvisor.org\/pt\/duplicado\/\"]}]},{\"@type\":\"ImageObject\",\"inLanguage\":\"pt-PT\",\"@id\":\"https:\/\/exceladvisor.org\/pt\/duplicado\/#primaryimage\",\"url\":\"https:\/\/exceladvisor.org\/wp-content\/uploads\/2023\/08\/feuille-en-double-excel-glisser-deposer.gif\",\"contentUrl\":\"https:\/\/exceladvisor.org\/wp-content\/uploads\/2023\/08\/feuille-en-double-excel-glisser-deposer.gif\"},{\"@type\":\"BreadcrumbList\",\"@id\":\"https:\/\/exceladvisor.org\/pt\/duplicado\/#breadcrumb\",\"itemListElement\":[{\"@type\":\"ListItem\",\"position\":1,\"name\":\"Lar\",\"item\":\"https:\/\/exceladvisor.org\/pt\/\"},{\"@type\":\"ListItem\",\"position\":2,\"name\":\"Como criar uma planilha duplicada no excel?\"}]},{\"@type\":\"WebSite\",\"@id\":\"https:\/\/exceladvisor.org\/pt\/#website\",\"url\":\"https:\/\/exceladvisor.org\/pt\/\",\"name\":\"Excel Advisor\",\"description\":\"O seu guia definitivo para dominar os dados!\",\"publisher\":{\"@id\":\"https:\/\/exceladvisor.org\/pt\/#organization\"},\"potentialAction\":[{\"@type\":\"SearchAction\",\"target\":{\"@type\":\"EntryPoint\",\"urlTemplate\":\"https:\/\/exceladvisor.org\/pt\/?s={search_term_string}\"},\"query-input\":{\"@type\":\"PropertyValueSpecification\",\"valueRequired\":true,\"valueName\":\"search_term_string\"}}],\"inLanguage\":\"pt-PT\"},{\"@type\":\"Organization\",\"@id\":\"https:\/\/exceladvisor.org\/pt\/#organization\",\"name\":\"Excel Advisor\",\"url\":\"https:\/\/exceladvisor.org\/pt\/\",\"logo\":{\"@type\":\"ImageObject\",\"inLanguage\":\"pt-PT\",\"@id\":\"https:\/\/exceladvisor.org\/pt\/#\/schema\/logo\/image\/\",\"url\":\"https:\/\/exceladvisor.org\/pt\/wp-content\/uploads\/2023\/12\/exceladvisor.org_.png\",\"contentUrl\":\"https:\/\/exceladvisor.org\/pt\/wp-content\/uploads\/2023\/12\/exceladvisor.org_.png\",\"width\":105,\"height\":36,\"caption\":\"Excel Advisor\"},\"image\":{\"@id\":\"https:\/\/exceladvisor.org\/pt\/#\/schema\/logo\/image\/\"}}]}<\/script>\n<!-- \/ Yoast SEO plugin. -->","yoast_head_json":{"title":"\u25b7 Como criar uma planilha duplicada no Excel?","description":"No Excel, se quiser criar uma planilha duplicada, ou seja, criar uma c\u00f3pia da planilha na mesma pasta de trabalho, voc\u00ea pode","robots":{"index":"index","follow":"follow","max-snippet":"max-snippet:-1","max-image-preview":"max-image-preview:large","max-video-preview":"max-video-preview:-1"},"canonical":"https:\/\/exceladvisor.org\/pt\/duplicado\/","og_locale":"pt_PT","og_type":"article","og_title":"\u25b7 Como criar uma planilha duplicada no Excel?","og_description":"No Excel, se quiser criar uma planilha duplicada, ou seja, criar uma c\u00f3pia da planilha na mesma pasta de trabalho, voc\u00ea pode","og_url":"https:\/\/exceladvisor.org\/pt\/duplicado\/","og_site_name":"Excel Advisor","article_modified_time":"2023-12-06T11:37:05+00:00","og_image":[{"url":"https:\/\/exceladvisor.org\/wp-content\/uploads\/2023\/08\/feuille-en-double-excel-glisser-deposer.gif","type":"","width":"","height":""}],"twitter_card":"summary_large_image","twitter_misc":{"Tempo estimado de leitura":"2 minutos"},"schema":{"@context":"https:\/\/schema.org","@graph":[{"@type":"WebPage","@id":"https:\/\/exceladvisor.org\/pt\/duplicado\/","url":"https:\/\/exceladvisor.org\/pt\/duplicado\/","name":"\u25b7 Como criar uma planilha duplicada no Excel?","isPartOf":{"@id":"https:\/\/exceladvisor.org\/pt\/#website"},"primaryImageOfPage":{"@id":"https:\/\/exceladvisor.org\/pt\/duplicado\/#primaryimage"},"image":{"@id":"https:\/\/exceladvisor.org\/pt\/duplicado\/#primaryimage"},"thumbnailUrl":"https:\/\/exceladvisor.org\/wp-content\/uploads\/2023\/08\/feuille-en-double-excel-glisser-deposer.gif","datePublished":"2023-10-30T19:52:35+00:00","dateModified":"2023-12-06T11:37:05+00:00","description":"No Excel, se quiser criar uma planilha duplicada, ou seja, criar uma c\u00f3pia da planilha na mesma pasta de trabalho, voc\u00ea pode","breadcrumb":{"@id":"https:\/\/exceladvisor.org\/pt\/duplicado\/#breadcrumb"},"inLanguage":"pt-PT","potentialAction":[{"@type":"ReadAction","target":["https:\/\/exceladvisor.org\/pt\/duplicado\/"]}]},{"@type":"ImageObject","inLanguage":"pt-PT","@id":"https:\/\/exceladvisor.org\/pt\/duplicado\/#primaryimage","url":"https:\/\/exceladvisor.org\/wp-content\/uploads\/2023\/08\/feuille-en-double-excel-glisser-deposer.gif","contentUrl":"https:\/\/exceladvisor.org\/wp-content\/uploads\/2023\/08\/feuille-en-double-excel-glisser-deposer.gif"},{"@type":"BreadcrumbList","@id":"https:\/\/exceladvisor.org\/pt\/duplicado\/#breadcrumb","itemListElement":[{"@type":"ListItem","position":1,"name":"Lar","item":"https:\/\/exceladvisor.org\/pt\/"},{"@type":"ListItem","position":2,"name":"Como criar uma planilha duplicada no excel?"}]},{"@type":"WebSite","@id":"https:\/\/exceladvisor.org\/pt\/#website","url":"https:\/\/exceladvisor.org\/pt\/","name":"Excel Advisor","description":"O seu guia definitivo para dominar os dados!","publisher":{"@id":"https:\/\/exceladvisor.org\/pt\/#organization"},"potentialAction":[{"@type":"SearchAction","target":{"@type":"EntryPoint","urlTemplate":"https:\/\/exceladvisor.org\/pt\/?s={search_term_string}"},"query-input":{"@type":"PropertyValueSpecification","valueRequired":true,"valueName":"search_term_string"}}],"inLanguage":"pt-PT"},{"@type":"Organization","@id":"https:\/\/exceladvisor.org\/pt\/#organization","name":"Excel Advisor","url":"https:\/\/exceladvisor.org\/pt\/","logo":{"@type":"ImageObject","inLanguage":"pt-PT","@id":"https:\/\/exceladvisor.org\/pt\/#\/schema\/logo\/image\/","url":"https:\/\/exceladvisor.org\/pt\/wp-content\/uploads\/2023\/12\/exceladvisor.org_.png","contentUrl":"https:\/\/exceladvisor.org\/pt\/wp-content\/uploads\/2023\/12\/exceladvisor.org_.png","width":105,"height":36,"caption":"Excel Advisor"},"image":{"@id":"https:\/\/exceladvisor.org\/pt\/#\/schema\/logo\/image\/"}}]}},"yoast_meta":{"yoast_wpseo_title":"","yoast_wpseo_metadesc":"","yoast_wpseo_canonical":""},"_links":{"self":[{"href":"https:\/\/exceladvisor.org\/pt\/wp-json\/wp\/v2\/pages\/387","targetHints":{"allow":["GET"]}}],"collection":[{"href":"https:\/\/exceladvisor.org\/pt\/wp-json\/wp\/v2\/pages"}],"about":[{"href":"https:\/\/exceladvisor.org\/pt\/wp-json\/wp\/v2\/types\/page"}],"author":[{"embeddable":true,"href":"https:\/\/exceladvisor.org\/pt\/wp-json\/wp\/v2\/users\/1"}],"replies":[{"embeddable":true,"href":"https:\/\/exceladvisor.org\/pt\/wp-json\/wp\/v2\/comments?post=387"}],"version-history":[{"count":1,"href":"https:\/\/exceladvisor.org\/pt\/wp-json\/wp\/v2\/pages\/387\/revisions"}],"predecessor-version":[{"id":1009,"href":"https:\/\/exceladvisor.org\/pt\/wp-json\/wp\/v2\/pages\/387\/revisions\/1009"}],"wp:attachment":[{"href":"https:\/\/exceladvisor.org\/pt\/wp-json\/wp\/v2\/media?parent=387"}],"curies":[{"name":"wp","href":"https:\/\/api.w.org\/{rel}","templated":true}]}}