{"id":388,"date":"2023-10-30T19:02:43","date_gmt":"2023-10-30T19:02:43","guid":{"rendered":"https:\/\/exceladvisor.org\/pt\/jogos-de-icones\/"},"modified":"2023-12-06T11:44:04","modified_gmt":"2023-12-06T11:44:04","slug":"jogos-de-icones","status":"publish","type":"page","link":"https:\/\/exceladvisor.org\/pt\/jogos-de-icones\/","title":{"rendered":"Como usar conjuntos de \u00edcones no excel?"},"content":{"rendered":"<div class=\"excel-before-content-2\" id=\"excel-3555921886\"><script type=\"text\/javascript\">\r\n\tatOptions = {\r\n\t\t'key' : 'c1158f160081d6540a8409e6925dab94',\r\n\t\t'format' : 'iframe',\r\n\t\t'height' : 250,\r\n\t\t'width' : 300,\r\n\t\t'params' : {}\r\n\t};\r\n<\/script>\r\n<script type=\"text\/javascript\" src=\"\/\/www.highperformanceformat.com\/c1158f160081d6540a8409e6925dab94\/invoke.js\"><\/script><\/div><div class=\"excel-before-content\" id=\"excel-3873495199\"><script type=\"text\/javascript\">\r\n\tatOptions = {\r\n\t\t'key' : 'c1158f160081d6540a8409e6925dab94',\r\n\t\t'format' : 'iframe',\r\n\t\t'height' : 250,\r\n\t\t'width' : 300,\r\n\t\t'params' : {}\r\n\t};\r\n<\/script>\r\n<script type=\"text\/javascript\" src=\"\/\/www.highperformanceformat.com\/c1158f160081d6540a8409e6925dab94\/invoke.js\"><\/script><\/div> <p>Na formata\u00e7\u00e3o condicional do Excel, existem conjuntos de \u00edcones que voc\u00ea pode aplicar aos dados. Esses conjuntos de \u00edcones ajudam a medir qual valor \u00e9 mais baixo, mais alto ou m\u00e9dio. <\/p><div class=\"wp-block-image\"><figure class=\"aligncenter size-full is-resized\"><img loading=\"lazy\" decoding=\"async\" class=\"wp-image-75179\" src=\"https:\/\/exceladvisor.org\/wp-content\/uploads\/2023\/08\/1-jeux-dicones-dans-excel.png\" sizes=\"auto, \" srcset=\"\" alt=\"conjuntos de \u00edcones no Excel\" width=\"211\" height=\"485\"><\/figure><\/div><p> H\u00e1 um total de 20 conjuntos de \u00edcones predefinidos em quatro categorias que voc\u00ea pode aplicar aos dados.<\/p><p> <a href=\"https:\/\/exceladvisor.org\/pt\/atalhos-do-teclado\/\"><em>Atalho de teclado<\/em><\/a> <em>para abrir conjuntos de \u00edcones: Alt<\/em> <em>\u21e2 H<\/em> <em>\u21e2 L<\/em> <em>\u21e2 I<\/em><\/p><h2 class=\"wp-block-heading\"> Aplicar conjuntos de \u00edcones aos dados<\/h2><ol type=\"1\"><li> Em primeiro lugar, selecione os dados e v\u00e1 para a aba inicial.<\/li><li> Na guia P\u00e1gina inicial, clique no menu suspenso Formata\u00e7\u00e3o condicional.<\/li><li> Depois disso, v\u00e1 at\u00e9 a op\u00e7\u00e3o \u201cConjuntos de \u00edcones\u201d.<\/li><li> Ao final, selecione o conjunto de \u00edcones que deseja aplicar aos dados selecionados. <\/li><\/ol><div class=\"wp-block-image\"><figure class=\"aligncenter size-full is-resized\"><img loading=\"lazy\" decoding=\"async\" class=\"wp-image-75180\" src=\"https:\/\/exceladvisor.org\/wp-content\/uploads\/2023\/08\/2-jeux-dicones-de-mise-en-forme-conditionnelle.png\" sizes=\"auto, \" srcset=\"\" alt=\"conjuntos de \u00edcones de formata\u00e7\u00e3o condicional\" width=\"578\" height=\"507\"><\/figure><\/div><h2 class=\"wp-block-heading\"> Regras personalizadas para aplica\u00e7\u00e3o de conjuntos de \u00edcones<\/h2><p> Quando voc\u00ea aplica conjuntos de \u00edcones aos dados, o Excel cria automaticamente uma regra a ser aplicada. Ele decide quais valores s\u00e3o mais baixos, mais altos e intermedi\u00e1rios. Mas voc\u00ea mesmo pode decid\u00ed-los, se quiser. Abra conjuntos de \u00edcones e clique em mais regras. <\/p><div class=\"wp-block-image\"><figure class=\"aligncenter size-full is-resized\"><img loading=\"lazy\" decoding=\"async\" class=\"wp-image-75181\" src=\"https:\/\/exceladvisor.org\/wp-content\/uploads\/2023\/08\/3-regles-personnalisees-pour-appliquer-des-jeux-dicones.png\" sizes=\"auto, \" srcset=\"\" alt=\"conjuntos de \u00edcones de regras personalizadas para aplicar\" width=\"216\" height=\"496\"><\/figure><\/div><p> Isso abrir\u00e1 a caixa de di\u00e1logo da nova regra de formata\u00e7\u00e3o (atalho de teclado para abrir conjuntos de \u00edcones: Alt \u21e2 H \u21e2 L \u21e2 I \u21e2 M). <\/p><div class=\"wp-block-image\"><figure class=\"aligncenter size-full is-resized\"><img loading=\"lazy\" decoding=\"async\" class=\"wp-image-75182\" src=\"https:\/\/exceladvisor.org\/wp-content\/uploads\/2023\/08\/4-nouvelle-boite-de-dialogue-de-regle-de-formatage.png\" sizes=\"auto, \" srcset=\"\" alt=\"caixa de di\u00e1logo de nova regra de formata\u00e7\u00e3o\" width=\"558\" height=\"511\"><\/figure><\/div><p> Por padr\u00e3o, voc\u00ea tem o tipo de regras baseadas em porcentagem. <\/p><div class=\"wp-block-image\"><figure class=\"aligncenter size-full is-resized\"><img loading=\"lazy\" decoding=\"async\" class=\"wp-image-75183\" src=\"https:\/\/exceladvisor.org\/wp-content\/uploads\/2023\/08\/5-regles-basees-sur-le-pourcentage.png\" sizes=\"auto, \" srcset=\"\" alt=\"regras baseadas em porcentagem\" width=\"610\" height=\"309\"><\/figure><\/div><p> Mas existem quatro maneiras diferentes de aplicar uma regra a um conjunto de \u00edcones. <\/p><div class=\"wp-block-image\"><figure class=\"aligncenter size-full is-resized\"><img loading=\"lazy\" decoding=\"async\" class=\"wp-image-75184\" src=\"https:\/\/exceladvisor.org\/wp-content\/uploads\/2023\/08\/6-quatre-facons-dappliquer-le-jeu-dicones.png\" sizes=\"auto, \" srcset=\"\" alt=\"conjunto de \u00edcones com quatro maneiras de aplicar\" width=\"349\" height=\"171\"><\/figure><\/div><h2 class=\"wp-block-heading\"> Use um intervalo de numera\u00e7\u00e3o personalizado para aplicar conjuntos de \u00edcones<\/h2><p> No exemplo a seguir, usamos um intervalo de numera\u00e7\u00e3o personalizado: <\/p><div class=\"wp-block-image\"><figure class=\"aligncenter size-full is-resized\"><img loading=\"lazy\" decoding=\"async\" class=\"wp-image-75185\" src=\"https:\/\/exceladvisor.org\/wp-content\/uploads\/2023\/08\/7-plages-de-numeros-personnalisees.png\" sizes=\"auto, \" srcset=\"\" alt=\"intervalo de n\u00fameros personalizado\" width=\"659\" height=\"502\"><\/figure><\/div><ol type=\"1\"><li> \u00cdcone de seta verde para cima para valores maiores e iguais a 1500.<\/li><li> \u00cdcone de barra amarela para valores entre 1500 e 1000.<\/li><li> \u00cdcone de barra vermelha para valores inferiores a 1000.<\/li><\/ol><h2 class=\"wp-block-heading\"> Aplicar conjuntos de \u00edcones baseados em f\u00f3rmulas (o valor depende de outra c\u00e9lula)<\/h2><p> No exemplo a seguir, aplicamos conjuntos de \u00edcones baseados em valores nas c\u00e9lulas C2 e C3. E no tipo, usamos uma f\u00f3rmula. <\/p><div class=\"wp-block-image\"><figure class=\"aligncenter size-full is-resized\"><img loading=\"lazy\" decoding=\"async\" class=\"wp-image-75186\" src=\"https:\/\/exceladvisor.org\/wp-content\/uploads\/2023\/08\/8-appliquer-des-jeux-dicones-bases-sur-la-formule.png\" sizes=\"auto, \" srcset=\"\" alt=\"aplicar conjuntos de \u00edcones baseados em f\u00f3rmulas\" width=\"687\" height=\"483\"><\/figure><\/div><p> E quando voc\u00ea altera o valor de ambas as c\u00e9lulas, os conjuntos de \u00edcones tamb\u00e9m mudam nos dados. <\/p><div class=\"wp-block-image\"><figure class=\"aligncenter size-full is-resized\"><img loading=\"lazy\" decoding=\"async\" class=\"wp-image-75187\" src=\"https:\/\/exceladvisor.org\/wp-content\/uploads\/2023\/08\/9-jeux-dicones-de-changement-avec-changement-de-valeur.png\" sizes=\"auto, \" srcset=\"\" alt=\"alterar-conjunto-de-\u00edcone-com-mudan\u00e7a-de-valor\" width=\"395\" height=\"342\"><\/figure><\/div><h2 class=\"wp-block-heading\"> Outras op\u00e7\u00f5es com conjuntos de \u00edcones<\/h2><ol type=\"1\"><li> <strong>Ordem inversa dos \u00edcones<\/strong> : ao aplicar a formata\u00e7\u00e3o dos \u00edcones, voc\u00ea pode alterar a ordem dos \u00edcones ao contr\u00e1rio. Assim, o \u00edcone de valor mais alto passar\u00e1 para o valor mais baixo.<\/li><li> <strong>Mostrar apenas \u00edcone<\/strong> : Ao marcar esta op\u00e7\u00e3o, ela ocultar\u00e1 os valores do intervalo e mostrar\u00e1 apenas os \u00edcones que voc\u00ea possui.<\/li><li> <strong>Estilo do \u00edcone<\/strong> : voc\u00ea pode alterar o estilo do \u00edcone. Como voc\u00ea sabe, temos 20 estilos diferentes para aplicar.<\/li><li> <strong>\u00cdcones diferentes para cada valor<\/strong> : Voc\u00ea pode escolher um \u00edcone diferente para cada valor. Um \u00edcone diferente para valores m\u00e9dios, baixos e altos. <\/li><\/ol><div class=\"wp-block-image\"><figure class=\"aligncenter size-full is-resized\"><img loading=\"lazy\" decoding=\"async\" class=\"wp-image-75188\" src=\"https:\/\/exceladvisor.org\/wp-content\/uploads\/2023\/08\/10-autres-options-avec-jeux-dicones.png\" sizes=\"auto, \" srcset=\"\" alt=\"outras op\u00e7\u00f5es com conjuntos de \u00edcones\" width=\"597\" height=\"333\"><\/figure><\/div><h2 class=\"wp-block-heading\"> Conjuntos de \u00edcones no Excel Mac<\/h2><p> Se voc\u00ea estiver usando Excel para Mac, todas as op\u00e7\u00f5es s\u00e3o iguais, assim como o Windows. As etapas acima tamb\u00e9m ajudar\u00e3o voc\u00ea a aplicar conjuntos de \u00edcones a ele. <\/p><div class=\"wp-block-image\"><figure class=\"aligncenter size-full is-resized\"><img loading=\"lazy\" decoding=\"async\" class=\"wp-image-75189\" src=\"https:\/\/exceladvisor.org\/wp-content\/uploads\/2023\/08\/11-jeux-dicones-sur-mac.png\" sizes=\"auto, \" srcset=\"\" alt=\"conjuntos de \u00edcones no Mac\" width=\"439\" height=\"502\"><\/figure><\/div><div class=\"gb-container gb-container-4db6181c gb-container-mt\"> <a class=\"gb-button gb-button-c5897111 gb-button-text gb-button-mt-button\" href=\"https:\/\/exceladvisor.org\/pt\/excel-avancado\/\">Tutoriais avan\u00e7ados de Excel<\/a><h2 class=\"gb-headline gb-headline-665e5f6b gb-headline-text gb-headline-mt-heading\"> Tutoriais relacionados <\/h2><div class=\"gb-grid-wrapper gb-grid-wrapper-a20baf7c gb-grid-wrapper-mt-grid\"><div class=\"gb-grid-column gb-grid-column-65ddf67e\"><div class=\"gb-container gb-container-65ddf67e\"><ul><li> <a href=\"https:\/\/exceladvisor.org\/pt\/formulas-1\/\" data-wpil=\"url\">F\u00f3rmulas em formata\u00e7\u00e3o condicional<\/a><\/li><li> <a href=\"https:\/\/exceladvisor.org\/pt\/formatacao-automatica\/\">Op\u00e7\u00e3o de formata\u00e7\u00e3o autom\u00e1tica no Excel<\/a><\/li><li> <a href=\"https:\/\/exceladvisor.org\/pt\/destacar-linhas-alternadas\/\">Destaque linhas alternativas no Excel com amostra de cores<\/a> <\/li><\/ul><\/div><\/div><div class=\"gb-grid-column gb-grid-column-50067b57\"><div class=\"gb-container gb-container-50067b57\"><\/div><\/div><\/div><\/div>","protected":false},"excerpt":{"rendered":"","protected":false},"author":1,"featured_media":0,"parent":0,"menu_order":0,"comment_status":"open","ping_status":"closed","template":"","meta":{"ub_ctt_via":"","footnotes":""},"class_list":["post-388","page","type-page","status-publish","hentry"],"featured_image_src":null,"yoast_head":"<!-- This site is optimized with the Yoast SEO plugin v25.4 - https:\/\/yoast.com\/wordpress\/plugins\/seo\/ -->\n<title>Como usar conjuntos de \u00edcones no Excel? (Guia 2023)<\/title>\n<meta name=\"description\" content=\"No Excel, ao usar a formata\u00e7\u00e3o condicional, voc\u00ea pode usar \u00edcones nos seus dados para apresent\u00e1-los aos\" \/>\n<meta name=\"robots\" content=\"index, follow, max-snippet:-1, max-image-preview:large, max-video-preview:-1\" \/>\n<link rel=\"canonical\" href=\"https:\/\/exceladvisor.org\/pt\/jogos-de-icones\/\" \/>\n<meta property=\"og:locale\" content=\"pt_PT\" \/>\n<meta property=\"og:type\" content=\"article\" \/>\n<meta property=\"og:title\" content=\"Como usar conjuntos de \u00edcones no Excel? (Guia 2023)\" \/>\n<meta property=\"og:description\" content=\"No Excel, ao usar a formata\u00e7\u00e3o condicional, voc\u00ea pode usar \u00edcones nos seus dados para apresent\u00e1-los aos\" \/>\n<meta property=\"og:url\" content=\"https:\/\/exceladvisor.org\/pt\/jogos-de-icones\/\" \/>\n<meta property=\"og:site_name\" content=\"Excel Advisor\" \/>\n<meta property=\"article:modified_time\" content=\"2023-12-06T11:44:04+00:00\" \/>\n<meta property=\"og:image\" content=\"https:\/\/exceladvisor.org\/wp-content\/uploads\/2023\/08\/1-jeux-dicones-dans-excel.png\" \/>\n<meta name=\"twitter:card\" content=\"summary_large_image\" \/>\n<meta name=\"twitter:label1\" content=\"Tempo estimado de leitura\" \/>\n\t<meta name=\"twitter:data1\" content=\"3 minutos\" \/>\n<script type=\"application\/ld+json\" class=\"yoast-schema-graph\">{\"@context\":\"https:\/\/schema.org\",\"@graph\":[{\"@type\":\"WebPage\",\"@id\":\"https:\/\/exceladvisor.org\/pt\/jogos-de-icones\/\",\"url\":\"https:\/\/exceladvisor.org\/pt\/jogos-de-icones\/\",\"name\":\"Como usar conjuntos de \u00edcones no Excel? (Guia 2023)\",\"isPartOf\":{\"@id\":\"https:\/\/exceladvisor.org\/pt\/#website\"},\"primaryImageOfPage\":{\"@id\":\"https:\/\/exceladvisor.org\/pt\/jogos-de-icones\/#primaryimage\"},\"image\":{\"@id\":\"https:\/\/exceladvisor.org\/pt\/jogos-de-icones\/#primaryimage\"},\"thumbnailUrl\":\"https:\/\/exceladvisor.org\/wp-content\/uploads\/2023\/08\/1-jeux-dicones-dans-excel.png\",\"datePublished\":\"2023-10-30T19:02:43+00:00\",\"dateModified\":\"2023-12-06T11:44:04+00:00\",\"description\":\"No Excel, ao usar a formata\u00e7\u00e3o condicional, voc\u00ea pode usar \u00edcones nos seus dados para apresent\u00e1-los aos\",\"breadcrumb\":{\"@id\":\"https:\/\/exceladvisor.org\/pt\/jogos-de-icones\/#breadcrumb\"},\"inLanguage\":\"pt-PT\",\"potentialAction\":[{\"@type\":\"ReadAction\",\"target\":[\"https:\/\/exceladvisor.org\/pt\/jogos-de-icones\/\"]}]},{\"@type\":\"ImageObject\",\"inLanguage\":\"pt-PT\",\"@id\":\"https:\/\/exceladvisor.org\/pt\/jogos-de-icones\/#primaryimage\",\"url\":\"https:\/\/exceladvisor.org\/wp-content\/uploads\/2023\/08\/1-jeux-dicones-dans-excel.png\",\"contentUrl\":\"https:\/\/exceladvisor.org\/wp-content\/uploads\/2023\/08\/1-jeux-dicones-dans-excel.png\"},{\"@type\":\"BreadcrumbList\",\"@id\":\"https:\/\/exceladvisor.org\/pt\/jogos-de-icones\/#breadcrumb\",\"itemListElement\":[{\"@type\":\"ListItem\",\"position\":1,\"name\":\"Lar\",\"item\":\"https:\/\/exceladvisor.org\/pt\/\"},{\"@type\":\"ListItem\",\"position\":2,\"name\":\"Como usar conjuntos de \u00edcones no excel?\"}]},{\"@type\":\"WebSite\",\"@id\":\"https:\/\/exceladvisor.org\/pt\/#website\",\"url\":\"https:\/\/exceladvisor.org\/pt\/\",\"name\":\"Excel Advisor\",\"description\":\"O seu guia definitivo para dominar os dados!\",\"publisher\":{\"@id\":\"https:\/\/exceladvisor.org\/pt\/#organization\"},\"potentialAction\":[{\"@type\":\"SearchAction\",\"target\":{\"@type\":\"EntryPoint\",\"urlTemplate\":\"https:\/\/exceladvisor.org\/pt\/?s={search_term_string}\"},\"query-input\":{\"@type\":\"PropertyValueSpecification\",\"valueRequired\":true,\"valueName\":\"search_term_string\"}}],\"inLanguage\":\"pt-PT\"},{\"@type\":\"Organization\",\"@id\":\"https:\/\/exceladvisor.org\/pt\/#organization\",\"name\":\"Excel Advisor\",\"url\":\"https:\/\/exceladvisor.org\/pt\/\",\"logo\":{\"@type\":\"ImageObject\",\"inLanguage\":\"pt-PT\",\"@id\":\"https:\/\/exceladvisor.org\/pt\/#\/schema\/logo\/image\/\",\"url\":\"https:\/\/exceladvisor.org\/pt\/wp-content\/uploads\/2023\/12\/exceladvisor.org_.png\",\"contentUrl\":\"https:\/\/exceladvisor.org\/pt\/wp-content\/uploads\/2023\/12\/exceladvisor.org_.png\",\"width\":105,\"height\":36,\"caption\":\"Excel Advisor\"},\"image\":{\"@id\":\"https:\/\/exceladvisor.org\/pt\/#\/schema\/logo\/image\/\"}}]}<\/script>\n<!-- \/ Yoast SEO plugin. -->","yoast_head_json":{"title":"Como usar conjuntos de \u00edcones no Excel? (Guia 2023)","description":"No Excel, ao usar a formata\u00e7\u00e3o condicional, voc\u00ea pode usar \u00edcones nos seus dados para apresent\u00e1-los aos","robots":{"index":"index","follow":"follow","max-snippet":"max-snippet:-1","max-image-preview":"max-image-preview:large","max-video-preview":"max-video-preview:-1"},"canonical":"https:\/\/exceladvisor.org\/pt\/jogos-de-icones\/","og_locale":"pt_PT","og_type":"article","og_title":"Como usar conjuntos de \u00edcones no Excel? (Guia 2023)","og_description":"No Excel, ao usar a formata\u00e7\u00e3o condicional, voc\u00ea pode usar \u00edcones nos seus dados para apresent\u00e1-los aos","og_url":"https:\/\/exceladvisor.org\/pt\/jogos-de-icones\/","og_site_name":"Excel Advisor","article_modified_time":"2023-12-06T11:44:04+00:00","og_image":[{"url":"https:\/\/exceladvisor.org\/wp-content\/uploads\/2023\/08\/1-jeux-dicones-dans-excel.png","type":"","width":"","height":""}],"twitter_card":"summary_large_image","twitter_misc":{"Tempo estimado de leitura":"3 minutos"},"schema":{"@context":"https:\/\/schema.org","@graph":[{"@type":"WebPage","@id":"https:\/\/exceladvisor.org\/pt\/jogos-de-icones\/","url":"https:\/\/exceladvisor.org\/pt\/jogos-de-icones\/","name":"Como usar conjuntos de \u00edcones no Excel? (Guia 2023)","isPartOf":{"@id":"https:\/\/exceladvisor.org\/pt\/#website"},"primaryImageOfPage":{"@id":"https:\/\/exceladvisor.org\/pt\/jogos-de-icones\/#primaryimage"},"image":{"@id":"https:\/\/exceladvisor.org\/pt\/jogos-de-icones\/#primaryimage"},"thumbnailUrl":"https:\/\/exceladvisor.org\/wp-content\/uploads\/2023\/08\/1-jeux-dicones-dans-excel.png","datePublished":"2023-10-30T19:02:43+00:00","dateModified":"2023-12-06T11:44:04+00:00","description":"No Excel, ao usar a formata\u00e7\u00e3o condicional, voc\u00ea pode usar \u00edcones nos seus dados para apresent\u00e1-los aos","breadcrumb":{"@id":"https:\/\/exceladvisor.org\/pt\/jogos-de-icones\/#breadcrumb"},"inLanguage":"pt-PT","potentialAction":[{"@type":"ReadAction","target":["https:\/\/exceladvisor.org\/pt\/jogos-de-icones\/"]}]},{"@type":"ImageObject","inLanguage":"pt-PT","@id":"https:\/\/exceladvisor.org\/pt\/jogos-de-icones\/#primaryimage","url":"https:\/\/exceladvisor.org\/wp-content\/uploads\/2023\/08\/1-jeux-dicones-dans-excel.png","contentUrl":"https:\/\/exceladvisor.org\/wp-content\/uploads\/2023\/08\/1-jeux-dicones-dans-excel.png"},{"@type":"BreadcrumbList","@id":"https:\/\/exceladvisor.org\/pt\/jogos-de-icones\/#breadcrumb","itemListElement":[{"@type":"ListItem","position":1,"name":"Lar","item":"https:\/\/exceladvisor.org\/pt\/"},{"@type":"ListItem","position":2,"name":"Como usar conjuntos de \u00edcones no excel?"}]},{"@type":"WebSite","@id":"https:\/\/exceladvisor.org\/pt\/#website","url":"https:\/\/exceladvisor.org\/pt\/","name":"Excel Advisor","description":"O seu guia definitivo para dominar os dados!","publisher":{"@id":"https:\/\/exceladvisor.org\/pt\/#organization"},"potentialAction":[{"@type":"SearchAction","target":{"@type":"EntryPoint","urlTemplate":"https:\/\/exceladvisor.org\/pt\/?s={search_term_string}"},"query-input":{"@type":"PropertyValueSpecification","valueRequired":true,"valueName":"search_term_string"}}],"inLanguage":"pt-PT"},{"@type":"Organization","@id":"https:\/\/exceladvisor.org\/pt\/#organization","name":"Excel Advisor","url":"https:\/\/exceladvisor.org\/pt\/","logo":{"@type":"ImageObject","inLanguage":"pt-PT","@id":"https:\/\/exceladvisor.org\/pt\/#\/schema\/logo\/image\/","url":"https:\/\/exceladvisor.org\/pt\/wp-content\/uploads\/2023\/12\/exceladvisor.org_.png","contentUrl":"https:\/\/exceladvisor.org\/pt\/wp-content\/uploads\/2023\/12\/exceladvisor.org_.png","width":105,"height":36,"caption":"Excel Advisor"},"image":{"@id":"https:\/\/exceladvisor.org\/pt\/#\/schema\/logo\/image\/"}}]}},"yoast_meta":{"yoast_wpseo_title":"","yoast_wpseo_metadesc":"","yoast_wpseo_canonical":""},"_links":{"self":[{"href":"https:\/\/exceladvisor.org\/pt\/wp-json\/wp\/v2\/pages\/388","targetHints":{"allow":["GET"]}}],"collection":[{"href":"https:\/\/exceladvisor.org\/pt\/wp-json\/wp\/v2\/pages"}],"about":[{"href":"https:\/\/exceladvisor.org\/pt\/wp-json\/wp\/v2\/types\/page"}],"author":[{"embeddable":true,"href":"https:\/\/exceladvisor.org\/pt\/wp-json\/wp\/v2\/users\/1"}],"replies":[{"embeddable":true,"href":"https:\/\/exceladvisor.org\/pt\/wp-json\/wp\/v2\/comments?post=388"}],"version-history":[{"count":1,"href":"https:\/\/exceladvisor.org\/pt\/wp-json\/wp\/v2\/pages\/388\/revisions"}],"predecessor-version":[{"id":1343,"href":"https:\/\/exceladvisor.org\/pt\/wp-json\/wp\/v2\/pages\/388\/revisions\/1343"}],"wp:attachment":[{"href":"https:\/\/exceladvisor.org\/pt\/wp-json\/wp\/v2\/media?parent=388"}],"curies":[{"name":"wp","href":"https:\/\/api.w.org\/{rel}","templated":true}]}}