{"id":389,"date":"2023-10-30T18:56:26","date_gmt":"2023-10-30T18:56:26","guid":{"rendered":"https:\/\/exceladvisor.org\/pt\/retirar\/"},"modified":"2023-12-06T11:41:54","modified_gmt":"2023-12-06T11:41:54","slug":"retirar","status":"publish","type":"page","link":"https:\/\/exceladvisor.org\/pt\/retirar\/","title":{"rendered":"Como remover a formata\u00e7\u00e3o condicional no excel?"},"content":{"rendered":"<div class=\"excel-before-content-2\" id=\"excel-1408746089\"><script type=\"text\/javascript\">\r\n\tatOptions = {\r\n\t\t'key' : 'c1158f160081d6540a8409e6925dab94',\r\n\t\t'format' : 'iframe',\r\n\t\t'height' : 250,\r\n\t\t'width' : 300,\r\n\t\t'params' : {}\r\n\t};\r\n<\/script>\r\n<script type=\"text\/javascript\" src=\"\/\/www.highperformanceformat.com\/c1158f160081d6540a8409e6925dab94\/invoke.js\"><\/script><\/div><div class=\"excel-before-content\" id=\"excel-1024631421\"><script type=\"text\/javascript\">\r\n\tatOptions = {\r\n\t\t'key' : 'c1158f160081d6540a8409e6925dab94',\r\n\t\t'format' : 'iframe',\r\n\t\t'height' : 250,\r\n\t\t'width' : 300,\r\n\t\t'params' : {}\r\n\t};\r\n<\/script>\r\n<script type=\"text\/javascript\" src=\"\/\/www.highperformanceformat.com\/c1158f160081d6540a8409e6925dab94\/invoke.js\"><\/script><\/div> <p>Ao aplicar a formata\u00e7\u00e3o condicional, voc\u00ea tamb\u00e9m tem a op\u00e7\u00e3o de remov\u00ea-la com um clique. No exemplo abaixo, voc\u00ea tem uma tabela com formata\u00e7\u00e3o de escala de cores condicional. <\/p><div class=\"wp-block-image\"><figure class=\"aligncenter size-full is-resized\"><img loading=\"lazy\" decoding=\"async\" class=\"wp-image-85901\" src=\"https:\/\/exceladvisor.org\/wp-content\/uploads\/2023\/08\/1-supprimer-la-mise-en-forme-conditionnelle.png\" sizes=\"auto, \" srcset=\"\" alt=\"remover formata\u00e7\u00e3o condicional\" width=\"549\" height=\"451\"><\/figure><\/div><p> Para remover essa formata\u00e7\u00e3o condicional, voc\u00ea tem diferentes m\u00e9todos que pode usar conforme sua conveni\u00eancia.<\/p><h2 class=\"wp-block-heading\"> Op\u00e7\u00e3o clara para remover a formata\u00e7\u00e3o condicional<\/h2><ol type=\"1\"><li> Primeiro, selecione a tabela inteira.<\/li><li> V\u00e1 para a guia P\u00e1gina inicial.<\/li><li> E ent\u00e3o, formata\u00e7\u00e3o condicional.<\/li><li> Em seguida, clique em \u201cLimpar regras\u201d.<\/li><li> Por fim, clique em \u201cLimpar regras das c\u00e9lulas selecionadas\u201d. <\/li><\/ol><div class=\"wp-block-image\"><figure class=\"aligncenter size-full is-resized\"><img loading=\"lazy\" decoding=\"async\" class=\"wp-image-85902\" src=\"https:\/\/exceladvisor.org\/wp-content\/uploads\/2023\/08\/2-option-claire-pour-supprimer-la-mise-en-forme-conditionnelle.png\" sizes=\"auto, \" srcset=\"\" alt=\"op\u00e7\u00e3o clara para remover formata\u00e7\u00e3o condicional\" width=\"648\" height=\"423\"><\/figure><\/div><p> Quando clicado, remover\u00e1 a formata\u00e7\u00e3o condicional do intervalo selecionado. <\/p><div class=\"wp-block-image\"><figure class=\"aligncenter size-full is-resized\"><img loading=\"lazy\" decoding=\"async\" class=\"wp-image-85903\" src=\"https:\/\/exceladvisor.org\/wp-content\/uploads\/2023\/08\/3-mises-en-forme-conditionnelles-supprimees.png\" sizes=\"auto, \" srcset=\"\" alt=\"formata\u00e7\u00e3o condicional removida\" width=\"536\" height=\"387\"><\/figure><\/div><p> E se quiser remov\u00ea-lo da planilha inteira, clique em \u201cLimpar regras da planilha inteira\u201d. <\/p><div class=\"wp-block-image\"><figure class=\"aligncenter size-full is-resized\"><img loading=\"lazy\" decoding=\"async\" class=\"wp-image-85904\" src=\"https:\/\/exceladvisor.org\/wp-content\/uploads\/2023\/08\/4-regles-claires-de-la-feuille-entiere.png\" sizes=\"auto, \" srcset=\"\" alt=\"limpar as regras de toda a planilha\" width=\"466\" height=\"185\"><\/figure><\/div><h2 class=\"wp-block-heading\"> Use a op\u00e7\u00e3o Gerenciar regras para limpar a formata\u00e7\u00e3o condicional<\/h2><p> Depois de selecionar o intervalo onde a formata\u00e7\u00e3o condicional \u00e9 aplicada, v\u00e1 para a guia In\u00edcio \u21e2 Formata\u00e7\u00e3o Condicional \u21e2 Gerenciar Regras. <\/p><div class=\"wp-block-image\"><figure class=\"aligncenter size-full is-resized\"><img loading=\"lazy\" decoding=\"async\" class=\"wp-image-85905\" src=\"https:\/\/exceladvisor.org\/wp-content\/uploads\/2023\/08\/5-gerer-les-regles-pour-effacer-le-formatage.png\" sizes=\"auto, \" srcset=\"\" alt=\"gerenciar regras para limpar a formata\u00e7\u00e3o\" width=\"237\" height=\"425\"><\/figure><\/div><p> Depois de clicar em \u201cGerenciar Regras\u201d, a caixa de di\u00e1logo abaixo ser\u00e1 exibida. <\/p><div class=\"wp-block-image\"><figure class=\"aligncenter size-full is-resized\"><img loading=\"lazy\" decoding=\"async\" class=\"wp-image-85906\" src=\"https:\/\/exceladvisor.org\/wp-content\/uploads\/2023\/08\/6-boite-de-dialogue-de-gestion-des-regles.png\" sizes=\"auto, \" srcset=\"\" alt=\"caixa de di\u00e1logo de gerenciamento de regras\" width=\"684\" height=\"248\"><\/figure><\/div><p> Voc\u00ea pode selecionar a formata\u00e7\u00e3o condicional aqui e clicar no bot\u00e3o \u201cExcluir regra\u201d para remov\u00ea-la. <\/p><div class=\"wp-block-image\"><figure class=\"aligncenter size-full is-resized\"><img loading=\"lazy\" decoding=\"async\" class=\"wp-image-85907\" src=\"https:\/\/exceladvisor.org\/wp-content\/uploads\/2023\/08\/7-cliquez-sur-le-bouton-supprimer-la-regle.png\" sizes=\"auto, \" srcset=\"\" alt=\"clique no bot\u00e3o excluir regra\" width=\"514\" height=\"205\"><\/figure><\/div><p> Isso limpar\u00e1 instantaneamente a formata\u00e7\u00e3o condicional da sele\u00e7\u00e3o. E se voc\u00ea remov\u00ea-lo de toda a planilha, poder\u00e1 alterar a sele\u00e7\u00e3o do menu suspenso para \u201cEsta planilha\u201d. <\/p><div class=\"wp-block-image\"><figure class=\"aligncenter size-full is-resized\"><img loading=\"lazy\" decoding=\"async\" class=\"wp-image-85908\" src=\"https:\/\/exceladvisor.org\/wp-content\/uploads\/2023\/08\/8-formatage-clair-a-partir-de-la-selection.png\" sizes=\"auto, \" srcset=\"\" alt=\"limpar formata\u00e7\u00e3o da sele\u00e7\u00e3o\" width=\"452\" height=\"87\"><\/figure><\/div><h2 class=\"wp-block-heading\"> Usando um atalho de teclado<\/h2><p> Se voc\u00ea tem muita formata\u00e7\u00e3o condicional, precisa aprender o atalho, que pode ajud\u00e1-lo a remov\u00ea-lo sem usar nenhuma op\u00e7\u00e3o.<\/p><p> <kbd>Alt<\/kbd> \u21e2 <kbd>H<\/kbd> \u21e2 <kbd>L<\/kbd> \u21e2 <kbd>C<\/kbd> \u21e2 <kbd>S<\/kbd><\/p><p> Este atalho usa a mesma op\u00e7\u00e3o que usamos no primeiro m\u00e9todo, apenas com as teclas do teclado.<\/p><h2 class=\"wp-block-heading\"> Use a op\u00e7\u00e3o Limpar da ferramenta de verifica\u00e7\u00e3o r\u00e1pida<\/h2><p> Ao selecionar o intervalo com formata\u00e7\u00e3o condicional, o Excel mostra a ferramenta An\u00e1lise R\u00e1pida no canto inferior direito. E a partir da\u00ed, voc\u00ea usa a op\u00e7\u00e3o \u201cLimpar formato\u201d para remover a formata\u00e7\u00e3o condicional. <\/p><div class=\"wp-block-image\"><figure class=\"aligncenter size-full is-resized\"><img loading=\"lazy\" decoding=\"async\" class=\"wp-image-85909\" src=\"https:\/\/exceladvisor.org\/wp-content\/uploads\/2023\/08\/9-option-claire-de-loutil-danalyse-rapide.png\" sizes=\"auto, \" srcset=\"\" alt=\"op\u00e7\u00e3o clara da ferramenta de an\u00e1lise r\u00e1pida\" width=\"716\" height=\"335\"><\/figure><\/div><h2 class=\"wp-block-heading\"> Criando um bot\u00e3o na barra de ferramentas de acesso r\u00e1pido<\/h2><p> Voc\u00ea tamb\u00e9m pode adicionar um bot\u00e3o na <a href=\"https:\/\/exceladvisor.org\/pt\/barra-de-acesso-rapido\/\">barra de ferramentas de acesso r\u00e1pido<\/a> para limpar a formata\u00e7\u00e3o condicional. V\u00e1 para Arquivo \u21e2 <a href=\"https:\/\/exceladvisor.org\/pt\/opcoes\/\">Op\u00e7\u00f5es do Excel<\/a> \u21e2 Barra de ferramentas de acesso r\u00e1pido \u21e2 Escolha os comandos \u201cGuia inicial\u201d \u21e2 Selecione \u201cLimpar regras das c\u00e9lulas selecionadas\u201d \u21e2 Adicionar \u21e2 OK. <\/p><div class=\"wp-block-image\"><figure class=\"aligncenter size-full is-resized\"><img loading=\"lazy\" decoding=\"async\" class=\"wp-image-85910\" src=\"https:\/\/exceladvisor.org\/wp-content\/uploads\/2023\/08\/10-bouton-creer-sur-la-barre-doutils-dacces-rapide.png\" sizes=\"auto, \" srcset=\"\" alt=\"criar bot\u00e3o na barra de ferramentas de acesso r\u00e1pido\" width=\"672\" height=\"433\"><\/figure><\/div><p> Ele exibir\u00e1 um bot\u00e3o na barra de ferramentas de acesso r\u00e1pido para limpar a formata\u00e7\u00e3o condicional com apenas um clique.<\/p><h2 class=\"wp-block-heading\"> Limpar toda a formata\u00e7\u00e3o<\/h2><p> Voc\u00ea tamb\u00e9m pode limpar toda a formata\u00e7\u00e3o se n\u00e3o tiver nada al\u00e9m de formata\u00e7\u00e3o condicional. Voc\u00ea pode usar o atalho de teclado:<\/p><p> <kbd>Alt<\/kbd> \u21e2 <kbd>H<\/kbd> \u21e2 <kbd>E<\/kbd> \u21e2 <kbd>F<\/kbd><\/p><p> Ou voc\u00ea pode usar a op\u00e7\u00e3o limpar formato na guia P\u00e1gina inicial. <\/p><div class=\"wp-block-image\"><figure class=\"aligncenter size-full is-resized\"><img loading=\"lazy\" decoding=\"async\" class=\"wp-image-85911\" src=\"https:\/\/exceladvisor.org\/wp-content\/uploads\/2023\/08\/11-raccourci-pour-supprimer-tout-le-formatage.png\" sizes=\"auto, \" srcset=\"\" alt=\"atalho para remover toda a formata\u00e7\u00e3o\" width=\"521\" height=\"385\"><\/figure><\/div><p> Como eu disse, isso remove completamente a formata\u00e7\u00e3o do intervalo ou c\u00e9lula selecionada. <\/p><div class=\"wp-block-image\"><figure class=\"aligncenter size-full is-resized\"><img loading=\"lazy\" decoding=\"async\" class=\"wp-image-85912\" src=\"https:\/\/exceladvisor.org\/wp-content\/uploads\/2023\/08\/12-formatage-entierement-supprime.png\" sizes=\"auto, \" srcset=\"\" alt=\"formata\u00e7\u00e3o totalmente exclu\u00edda\" width=\"614\" height=\"395\"><\/figure><\/div><p> Entre todos os m\u00e9todos que discutimos acima, o melhor \u00e9 usar a op\u00e7\u00e3o suspensa Formata\u00e7\u00e3o Condicional na guia P\u00e1gina inicial, o atalho de teclado e o bot\u00e3o Criar na barra de ferramentas da guia P\u00e1gina inicial. acesso r\u00e1pido.<\/p><div class=\"gb-container gb-container-6076ba72 gb-container-mt\"> <a class=\"gb-button gb-button-76e6a499 gb-button-text gb-button-mt-button\" href=\"https:\/\/exceladvisor.org\/pt\/nocoes-basicas-de-excel\/\">Aprenda o b\u00e1sico do Excel<\/a><h2 class=\"gb-headline gb-headline-a9e9e206 gb-headline-text gb-headline-mt-heading\"> Saiba mais sobre <a href=\"https:\/\/exceladvisor.org\/pt\/formatacao-condicional\/\">formata\u00e7\u00e3o condicional<\/a> <\/h2><div class=\"gb-grid-wrapper gb-grid-wrapper-790317cb gb-grid-wrapper-mt-grid\"><div class=\"gb-grid-column gb-grid-column-a9845ede\"><div class=\"gb-container gb-container-a9845ede\"><ul><li> <a href=\"https:\/\/exceladvisor.org\/pt\/aplicar-formatacao-condicional\/\">Aplicar formata\u00e7\u00e3o condicional a uma tabela din\u00e2mica<\/a><\/li><li> <a href=\"https:\/\/exceladvisor.org\/pt\/celulas-vazias\/\">Aplicar formata\u00e7\u00e3o condicional em c\u00e9lulas em branco no Excel<\/a><\/li><li> <a href=\"https:\/\/exceladvisor.org\/pt\/comparar-colunas\/\">Compare duas colunas usando formata\u00e7\u00e3o condicional<\/a><\/li><li> <a href=\"https:\/\/exceladvisor.org\/pt\/outra-celula\/\">Aplicar formata\u00e7\u00e3o condicional com base em outra c\u00e9lula<\/a><\/li><li> <a href=\"https:\/\/exceladvisor.org\/pt\/outra-coluna\/\">Aplicar formata\u00e7\u00e3o condicional com base em outra coluna<\/a><\/li><\/ul><\/div><\/div><\/div><\/div>","protected":false},"excerpt":{"rendered":"","protected":false},"author":1,"featured_media":0,"parent":0,"menu_order":0,"comment_status":"open","ping_status":"closed","template":"","meta":{"ub_ctt_via":"","footnotes":""},"class_list":["post-389","page","type-page","status-publish","hentry"],"featured_image_src":null,"yoast_head":"<!-- This site is optimized with the Yoast SEO plugin v25.4 - https:\/\/yoast.com\/wordpress\/plugins\/seo\/ -->\n<title>Como remover a formata\u00e7\u00e3o condicional no Excel?<\/title>\n<meta name=\"description\" content=\"Este tutorial ensinar\u00e1 como remover a formata\u00e7\u00e3o condicional no Excel usando diferentes m\u00e9todos. Vamos verificar isso...\" \/>\n<meta name=\"robots\" content=\"index, follow, max-snippet:-1, max-image-preview:large, max-video-preview:-1\" \/>\n<link rel=\"canonical\" href=\"https:\/\/exceladvisor.org\/pt\/retirar\/\" \/>\n<meta property=\"og:locale\" content=\"pt_PT\" \/>\n<meta property=\"og:type\" content=\"article\" \/>\n<meta property=\"og:title\" content=\"Como remover a formata\u00e7\u00e3o condicional no Excel?\" \/>\n<meta property=\"og:description\" content=\"Este tutorial ensinar\u00e1 como remover a formata\u00e7\u00e3o condicional no Excel usando diferentes m\u00e9todos. Vamos verificar isso...\" \/>\n<meta property=\"og:url\" content=\"https:\/\/exceladvisor.org\/pt\/retirar\/\" \/>\n<meta property=\"og:site_name\" content=\"Excel Advisor\" \/>\n<meta property=\"article:modified_time\" content=\"2023-12-06T11:41:54+00:00\" \/>\n<meta property=\"og:image\" content=\"https:\/\/exceladvisor.org\/wp-content\/uploads\/2023\/08\/1-supprimer-la-mise-en-forme-conditionnelle.png\" \/>\n<meta name=\"twitter:card\" content=\"summary_large_image\" \/>\n<meta name=\"twitter:label1\" content=\"Tempo estimado de leitura\" \/>\n\t<meta name=\"twitter:data1\" content=\"3 minutos\" \/>\n<script type=\"application\/ld+json\" class=\"yoast-schema-graph\">{\"@context\":\"https:\/\/schema.org\",\"@graph\":[{\"@type\":\"WebPage\",\"@id\":\"https:\/\/exceladvisor.org\/pt\/retirar\/\",\"url\":\"https:\/\/exceladvisor.org\/pt\/retirar\/\",\"name\":\"Como remover a formata\u00e7\u00e3o condicional no Excel?\",\"isPartOf\":{\"@id\":\"https:\/\/exceladvisor.org\/pt\/#website\"},\"primaryImageOfPage\":{\"@id\":\"https:\/\/exceladvisor.org\/pt\/retirar\/#primaryimage\"},\"image\":{\"@id\":\"https:\/\/exceladvisor.org\/pt\/retirar\/#primaryimage\"},\"thumbnailUrl\":\"https:\/\/exceladvisor.org\/wp-content\/uploads\/2023\/08\/1-supprimer-la-mise-en-forme-conditionnelle.png\",\"datePublished\":\"2023-10-30T18:56:26+00:00\",\"dateModified\":\"2023-12-06T11:41:54+00:00\",\"description\":\"Este tutorial ensinar\u00e1 como remover a formata\u00e7\u00e3o condicional no Excel usando diferentes m\u00e9todos. Vamos verificar isso...\",\"breadcrumb\":{\"@id\":\"https:\/\/exceladvisor.org\/pt\/retirar\/#breadcrumb\"},\"inLanguage\":\"pt-PT\",\"potentialAction\":[{\"@type\":\"ReadAction\",\"target\":[\"https:\/\/exceladvisor.org\/pt\/retirar\/\"]}]},{\"@type\":\"ImageObject\",\"inLanguage\":\"pt-PT\",\"@id\":\"https:\/\/exceladvisor.org\/pt\/retirar\/#primaryimage\",\"url\":\"https:\/\/exceladvisor.org\/wp-content\/uploads\/2023\/08\/1-supprimer-la-mise-en-forme-conditionnelle.png\",\"contentUrl\":\"https:\/\/exceladvisor.org\/wp-content\/uploads\/2023\/08\/1-supprimer-la-mise-en-forme-conditionnelle.png\"},{\"@type\":\"BreadcrumbList\",\"@id\":\"https:\/\/exceladvisor.org\/pt\/retirar\/#breadcrumb\",\"itemListElement\":[{\"@type\":\"ListItem\",\"position\":1,\"name\":\"Lar\",\"item\":\"https:\/\/exceladvisor.org\/pt\/\"},{\"@type\":\"ListItem\",\"position\":2,\"name\":\"Como remover a formata\u00e7\u00e3o condicional no excel?\"}]},{\"@type\":\"WebSite\",\"@id\":\"https:\/\/exceladvisor.org\/pt\/#website\",\"url\":\"https:\/\/exceladvisor.org\/pt\/\",\"name\":\"Excel Advisor\",\"description\":\"O seu guia definitivo para dominar os dados!\",\"publisher\":{\"@id\":\"https:\/\/exceladvisor.org\/pt\/#organization\"},\"potentialAction\":[{\"@type\":\"SearchAction\",\"target\":{\"@type\":\"EntryPoint\",\"urlTemplate\":\"https:\/\/exceladvisor.org\/pt\/?s={search_term_string}\"},\"query-input\":{\"@type\":\"PropertyValueSpecification\",\"valueRequired\":true,\"valueName\":\"search_term_string\"}}],\"inLanguage\":\"pt-PT\"},{\"@type\":\"Organization\",\"@id\":\"https:\/\/exceladvisor.org\/pt\/#organization\",\"name\":\"Excel Advisor\",\"url\":\"https:\/\/exceladvisor.org\/pt\/\",\"logo\":{\"@type\":\"ImageObject\",\"inLanguage\":\"pt-PT\",\"@id\":\"https:\/\/exceladvisor.org\/pt\/#\/schema\/logo\/image\/\",\"url\":\"https:\/\/exceladvisor.org\/pt\/wp-content\/uploads\/2023\/12\/exceladvisor.org_.png\",\"contentUrl\":\"https:\/\/exceladvisor.org\/pt\/wp-content\/uploads\/2023\/12\/exceladvisor.org_.png\",\"width\":105,\"height\":36,\"caption\":\"Excel Advisor\"},\"image\":{\"@id\":\"https:\/\/exceladvisor.org\/pt\/#\/schema\/logo\/image\/\"}}]}<\/script>\n<!-- \/ Yoast SEO plugin. -->","yoast_head_json":{"title":"Como remover a formata\u00e7\u00e3o condicional no Excel?","description":"Este tutorial ensinar\u00e1 como remover a formata\u00e7\u00e3o condicional no Excel usando diferentes m\u00e9todos. Vamos verificar isso...","robots":{"index":"index","follow":"follow","max-snippet":"max-snippet:-1","max-image-preview":"max-image-preview:large","max-video-preview":"max-video-preview:-1"},"canonical":"https:\/\/exceladvisor.org\/pt\/retirar\/","og_locale":"pt_PT","og_type":"article","og_title":"Como remover a formata\u00e7\u00e3o condicional no Excel?","og_description":"Este tutorial ensinar\u00e1 como remover a formata\u00e7\u00e3o condicional no Excel usando diferentes m\u00e9todos. Vamos verificar isso...","og_url":"https:\/\/exceladvisor.org\/pt\/retirar\/","og_site_name":"Excel Advisor","article_modified_time":"2023-12-06T11:41:54+00:00","og_image":[{"url":"https:\/\/exceladvisor.org\/wp-content\/uploads\/2023\/08\/1-supprimer-la-mise-en-forme-conditionnelle.png","type":"","width":"","height":""}],"twitter_card":"summary_large_image","twitter_misc":{"Tempo estimado de leitura":"3 minutos"},"schema":{"@context":"https:\/\/schema.org","@graph":[{"@type":"WebPage","@id":"https:\/\/exceladvisor.org\/pt\/retirar\/","url":"https:\/\/exceladvisor.org\/pt\/retirar\/","name":"Como remover a formata\u00e7\u00e3o condicional no Excel?","isPartOf":{"@id":"https:\/\/exceladvisor.org\/pt\/#website"},"primaryImageOfPage":{"@id":"https:\/\/exceladvisor.org\/pt\/retirar\/#primaryimage"},"image":{"@id":"https:\/\/exceladvisor.org\/pt\/retirar\/#primaryimage"},"thumbnailUrl":"https:\/\/exceladvisor.org\/wp-content\/uploads\/2023\/08\/1-supprimer-la-mise-en-forme-conditionnelle.png","datePublished":"2023-10-30T18:56:26+00:00","dateModified":"2023-12-06T11:41:54+00:00","description":"Este tutorial ensinar\u00e1 como remover a formata\u00e7\u00e3o condicional no Excel usando diferentes m\u00e9todos. Vamos verificar isso...","breadcrumb":{"@id":"https:\/\/exceladvisor.org\/pt\/retirar\/#breadcrumb"},"inLanguage":"pt-PT","potentialAction":[{"@type":"ReadAction","target":["https:\/\/exceladvisor.org\/pt\/retirar\/"]}]},{"@type":"ImageObject","inLanguage":"pt-PT","@id":"https:\/\/exceladvisor.org\/pt\/retirar\/#primaryimage","url":"https:\/\/exceladvisor.org\/wp-content\/uploads\/2023\/08\/1-supprimer-la-mise-en-forme-conditionnelle.png","contentUrl":"https:\/\/exceladvisor.org\/wp-content\/uploads\/2023\/08\/1-supprimer-la-mise-en-forme-conditionnelle.png"},{"@type":"BreadcrumbList","@id":"https:\/\/exceladvisor.org\/pt\/retirar\/#breadcrumb","itemListElement":[{"@type":"ListItem","position":1,"name":"Lar","item":"https:\/\/exceladvisor.org\/pt\/"},{"@type":"ListItem","position":2,"name":"Como remover a formata\u00e7\u00e3o condicional no excel?"}]},{"@type":"WebSite","@id":"https:\/\/exceladvisor.org\/pt\/#website","url":"https:\/\/exceladvisor.org\/pt\/","name":"Excel Advisor","description":"O seu guia definitivo para dominar os dados!","publisher":{"@id":"https:\/\/exceladvisor.org\/pt\/#organization"},"potentialAction":[{"@type":"SearchAction","target":{"@type":"EntryPoint","urlTemplate":"https:\/\/exceladvisor.org\/pt\/?s={search_term_string}"},"query-input":{"@type":"PropertyValueSpecification","valueRequired":true,"valueName":"search_term_string"}}],"inLanguage":"pt-PT"},{"@type":"Organization","@id":"https:\/\/exceladvisor.org\/pt\/#organization","name":"Excel Advisor","url":"https:\/\/exceladvisor.org\/pt\/","logo":{"@type":"ImageObject","inLanguage":"pt-PT","@id":"https:\/\/exceladvisor.org\/pt\/#\/schema\/logo\/image\/","url":"https:\/\/exceladvisor.org\/pt\/wp-content\/uploads\/2023\/12\/exceladvisor.org_.png","contentUrl":"https:\/\/exceladvisor.org\/pt\/wp-content\/uploads\/2023\/12\/exceladvisor.org_.png","width":105,"height":36,"caption":"Excel Advisor"},"image":{"@id":"https:\/\/exceladvisor.org\/pt\/#\/schema\/logo\/image\/"}}]}},"yoast_meta":{"yoast_wpseo_title":"","yoast_wpseo_metadesc":"","yoast_wpseo_canonical":""},"_links":{"self":[{"href":"https:\/\/exceladvisor.org\/pt\/wp-json\/wp\/v2\/pages\/389","targetHints":{"allow":["GET"]}}],"collection":[{"href":"https:\/\/exceladvisor.org\/pt\/wp-json\/wp\/v2\/pages"}],"about":[{"href":"https:\/\/exceladvisor.org\/pt\/wp-json\/wp\/v2\/types\/page"}],"author":[{"embeddable":true,"href":"https:\/\/exceladvisor.org\/pt\/wp-json\/wp\/v2\/users\/1"}],"replies":[{"embeddable":true,"href":"https:\/\/exceladvisor.org\/pt\/wp-json\/wp\/v2\/comments?post=389"}],"version-history":[{"count":1,"href":"https:\/\/exceladvisor.org\/pt\/wp-json\/wp\/v2\/pages\/389\/revisions"}],"predecessor-version":[{"id":1167,"href":"https:\/\/exceladvisor.org\/pt\/wp-json\/wp\/v2\/pages\/389\/revisions\/1167"}],"wp:attachment":[{"href":"https:\/\/exceladvisor.org\/pt\/wp-json\/wp\/v2\/media?parent=389"}],"curies":[{"name":"wp","href":"https:\/\/api.w.org\/{rel}","templated":true}]}}