{"id":39,"date":"2023-11-18T18:26:38","date_gmt":"2023-11-18T18:26:38","guid":{"rendered":"https:\/\/exceladvisor.org\/pt\/simbolo-pi\/"},"modified":"2023-12-06T11:38:06","modified_gmt":"2023-12-06T11:38:06","slug":"simbolo-pi","status":"publish","type":"page","link":"https:\/\/exceladvisor.org\/pt\/simbolo-pi\/","title":{"rendered":"Como inserir o s\u00edmbolo pi (\u03c0) no excel?"},"content":{"rendered":"<div class=\"excel-before-content-2\" id=\"excel-99788432\"><script type=\"text\/javascript\">\r\n\tatOptions = {\r\n\t\t'key' : 'c1158f160081d6540a8409e6925dab94',\r\n\t\t'format' : 'iframe',\r\n\t\t'height' : 250,\r\n\t\t'width' : 300,\r\n\t\t'params' : {}\r\n\t};\r\n<\/script>\r\n<script type=\"text\/javascript\" src=\"\/\/www.highperformanceformat.com\/c1158f160081d6540a8409e6925dab94\/invoke.js\"><\/script><\/div><div class=\"excel-before-content\" id=\"excel-2792296503\"><script type=\"text\/javascript\">\r\n\tatOptions = {\r\n\t\t'key' : 'c1158f160081d6540a8409e6925dab94',\r\n\t\t'format' : 'iframe',\r\n\t\t'height' : 250,\r\n\t\t'width' : 300,\r\n\t\t'params' : {}\r\n\t};\r\n<\/script>\r\n<script type=\"text\/javascript\" src=\"\/\/www.highperformanceformat.com\/c1158f160081d6540a8409e6925dab94\/invoke.js\"><\/script><\/div> <p>PI <strong>\u03c0<\/strong> \u00e9 um valor matem\u00e1tico constante usado em equa\u00e7\u00f5es relacionadas a coisas redondas ou esf\u00e9ricas que podem ser qualquer coisa como edif\u00edcios, \u00f3rbitas, planetas, etc. para encontrar a \u00e1rea e a circunfer\u00eancia dessas coisas.<\/p><p> No Excel existem v\u00e1rias maneiras de inserir o s\u00edmbolo PI na planilha e aqui mostraremos como inseri-lo.<\/p><h2 class=\"wp-block-heading\"> Insira um s\u00edmbolo PI na caixa de di\u00e1logo S\u00edmbolo<\/h2><ol><li> Primeiro selecione a c\u00e9lula na qual deseja inserir o s\u00edmbolo \u201cPi\u201d e depois v\u00e1 at\u00e9 a aba \u201cInserir\u201d.<\/li><li> Depois disso, clique no \u00edcone \u201cS\u00edmbolo\u201d no grupo \u201cS\u00edmbolos\u201d na faixa de op\u00e7\u00f5es para abrir a caixa de di\u00e1logo de s\u00edmbolos. <br><img loading=\"lazy\" decoding=\"async\" title=\"1-s\u00edmbolo de inser\u00e7\u00e3o-pi\" src=\"https:\/\/exceladvisor.org\/wp-content\/uploads\/2023\/08\/1-inserer-le-symbole-pi.png\" sizes=\"auto, \" srcset=\"\" alt=\"insert-pi-symbol\" width=\"635\" height=\"214\"><\/li><li> Na caixa de di\u00e1logo do s\u00edmbolo, escolha &#8220;Unicode (hex)&#8221; no campo &#8220;de&#8221;.<\/li><li> Agora, role para baixo na barra de rolagem direita e selecione o s\u00edmbolo \u201cPi\u201d e clique no bot\u00e3o \u201cInserir\u201d para inseri-lo. <br><img loading=\"lazy\" decoding=\"async\" title=\"Caixa de di\u00e1logo de 2 s\u00edmbolos para escolher o s\u00edmbolo pi\" src=\"https:\/\/exceladvisor.org\/wp-content\/uploads\/2023\/08\/Boite-de-dialogue-a-2-symboles-pour-choisir-le-symbole-pi.png\" sizes=\"auto, \" srcset=\"\" alt=\"symbol-dialog-box-to-choose-pi-symbol\" width=\"454\" height=\"347\"><\/li><li> Uma vez inserido, clique no bot\u00e3o \u201cFechar\u201d para fechar a caixa de di\u00e1logo. <br><img loading=\"lazy\" decoding=\"async\" title=\"S\u00edmbolo de 3 caixas de di\u00e1logo de fechamento\" src=\"https:\/\/exceladvisor.org\/wp-content\/uploads\/2023\/08\/3-fermer-la-boite-de-dialogue-du-symbole.png\" sizes=\"auto, \" srcset=\"\" alt=\"close-the-symbol-dialog-box\" width=\"454\" height=\"355\"><\/li><\/ol><h2 class=\"wp-block-heading\"> Insira um s\u00edmbolo PI usando a tecla Alt<\/h2><p> O m\u00e9todo descrito abaixo usando a tecla \u201cALT\u201d para inserir este s\u00edmbolo s\u00f3 funciona se o seu teclado possuir um teclado num\u00e9rico.<\/p><ol type=\"1\"><li> Primeiro, selecione uma c\u00e9lula.<\/li><li> Depois disso, mantenha pressionada a tecla <kbd>Alt<\/kbd> .<\/li><li> Em seguida, pressione o n\u00famero \u201c <kbd>0<\/kbd> <kbd>2<\/kbd> <kbd>2<\/kbd> <kbd>7<\/kbd> \u201d apenas no teclado num\u00e9rico.<\/li><li> Agora solte a tecla \u201cAlt\u201d e o s\u00edmbolo ser\u00e1 adicionado na c\u00e9lula. <\/li><\/ol><div class=\"wp-block-image\"><figure class=\"aligncenter size-full is-resized\"><img loading=\"lazy\" decoding=\"async\" class=\"wp-image-84782\" src=\"https:\/\/exceladvisor.org\/wp-content\/uploads\/2023\/08\/4-inserer-le-symbole-pi-a-laide-de-la-touche-alt.png\" sizes=\"auto, \" srcset=\"\" alt=\"insira o s\u00edmbolo pi usando a tecla alt\" width=\"236\" height=\"104\"><\/figure><\/div><h2 class=\"wp-block-heading\"> Insira um s\u00edmbolo PI usando AutoCorre\u00e7\u00e3o no Excel<\/h2><p> Se voc\u00ea usa o s\u00edmbolo \u201cPi\u201d com frequ\u00eancia, este m\u00e9todo de \u201c <a href=\"https:\/\/exceladvisor.org\/pt\/auto-correcao\/\">AutoCorre\u00e7\u00e3o<\/a> \u201d pode ser r\u00e1pido.<\/p><ol><li> Primeiro, v\u00e1 para a guia \u201cArquivo\u201d na faixa de op\u00e7\u00f5es, clique em \u201cOp\u00e7\u00f5es\u201d e a caixa de di\u00e1logo \u201cOp\u00e7\u00f5es do Excel\u201d ser\u00e1 aberta.<\/li><li> Depois disso, clique em \u201cRevis\u00e3o\u201d no painel esquerdo e, a seguir, clique em \u201cOp\u00e7\u00f5es de AutoCorre\u00e7\u00e3o\u201d. <br><img loading=\"lazy\" decoding=\"async\" title=\"5 op\u00e7\u00f5es de abertura de corre\u00e7\u00e3o autom\u00e1tica\" src=\"https:\/\/exceladvisor.org\/wp-content\/uploads\/2023\/08\/5-options-de-correction-automatique-ouvertes.png\" sizes=\"auto, \" srcset=\"\" alt=\"open-autocorrect-options\" width=\"506\" height=\"384\"><\/li><li> Agora, para substituir qualquer palavra pelo s\u00edmbolo \u201cPi\u201d, insira essa palavra na barra de entrada \u201cSubstituir\u201d e o s\u00edmbolo \u201cPi\u201d usando as teclas \u201cAlt +227\u201d na barra de entrada \u201cCom\u201d.<\/li><li> Quando terminar, clique em OK para salv\u00e1-lo. <br><img loading=\"lazy\" decoding=\"async\" title=\"6-substitua-o-texto-pelo-s\u00edmbolo-pi\" src=\"https:\/\/exceladvisor.org\/wp-content\/uploads\/2023\/08\/6-remplacer-le-texte-par-le-symbole-pi.png\" sizes=\"auto, \" srcset=\"\" alt=\"replace-text-with-pi-symbol\" width=\"330\" height=\"412\"><\/li><\/ol><p> Como voc\u00ea pode ver na imagem acima, digitamos \u201cPI\u201d em letras mai\u00fasculas para ser substitu\u00eddo pelo s\u00edmbolo \u201cPi\u201d, ent\u00e3o agora sempre que inserirmos a palavra \u201cPI\u201d, ela ser\u00e1 substitu\u00edda pelo s\u00edmbolo \u201cPi\u201d.<\/p><h2 class=\"wp-block-heading\"> Insira um s\u00edmbolo PI usando o estilo de fonte<\/h2><p> PI tem um s\u00edmbolo diferente em letras min\u00fasculas e mai\u00fasculas.<\/p><ol><li> Primeiro, na c\u00e9lula, digite o alfabeto \u201cP\u201d em letras min\u00fasculas se quiser o s\u00edmbolo min\u00fasculo de \u201cPi\u201d ou digite o \u201cP\u201d em letras mai\u00fasculas se quiser o s\u00edmbolo mai\u00fasculo de \u201cPi\u201d.<\/li><li> Depois disso, v\u00e1 at\u00e9 a aba \u201cHome\u201d, altere o estilo \u201cFont\u201d para \u201cSymbol\u201d e o alfabeto \u201cP\u201d ser\u00e1 convertido para o s\u00edmbolo \u201cPi\u201d. <\/li><\/ol><div class=\"wp-block-image\"><figure class=\"aligncenter size-full is-resized\"><img loading=\"lazy\" decoding=\"async\" class=\"wp-image-84785\" src=\"https:\/\/exceladvisor.org\/wp-content\/uploads\/2023\/08\/7-inserer-le-symbole-pi-en-utilisant-le-style-de-police.png\" sizes=\"auto, \" srcset=\"\" alt=\"inserir s\u00edmbolo pi usando estilo de fonte\" width=\"342\" height=\"284\"><\/figure><\/div><p> Na captura de tela acima, inserimos \u201cP\u201d em letras mai\u00fasculas e min\u00fasculas para mostrar a apar\u00eancia do s\u00edmbolo \u201cPi\u201d em letras mai\u00fasculas e min\u00fasculas.<\/p><h2 class=\"wp-block-heading\"> Coment\u00e1rios<\/h2><ul><li> Para usu\u00e1rios de Mac, basta pressionar as teclas de atalho \u201cOption + P\u201d para inserir o s\u00edmbolo \u201cPi\u201d na planilha.<\/li><li> Para inserir o s\u00edmbolo em v\u00e1rias c\u00e9lulas, basta usar a op\u00e7\u00e3o copiar e colar ou clicar na \u201cal\u00e7a de preenchimento\u201d e arrastar e soltar a c\u00e9lula.<\/li><\/ul><div class=\"gb-container gb-container-4db6181c gb-container-mt\"> <a class=\"gb-button gb-button-c5897111 gb-button-text gb-button-mt-button\" href=\"https:\/\/exceladvisor.org\/pt\/nocoes-basicas-de-excel\/\">No\u00e7\u00f5es b\u00e1sicas do Microsoft Excel (componentes, pe\u00e7as e notas de conhecimento)<\/a><h2 class=\"gb-headline gb-headline-665e5f6b gb-headline-text gb-headline-mt-heading\"> Tutoriais relacionados <\/h2><div class=\"gb-grid-wrapper gb-grid-wrapper-a20baf7c gb-grid-wrapper-mt-grid\"><div class=\"gb-grid-column gb-grid-column-65ddf67e\"><div class=\"gb-container gb-container-65ddf67e\"><ul><li> <a href=\"https:\/\/exceladvisor.org\/pt\/formato-de-numero-contabil\/\">Aplicar formato de n\u00famero cont\u00e1bil no Excel<\/a><\/li><li> <a href=\"https:\/\/exceladvisor.org\/pt\/cor-da-celula\/\">Aplicar cor de fundo a uma c\u00e9lula ou a toda a planilha no Excel<\/a><\/li><li> <a href=\"https:\/\/exceladvisor.org\/pt\/a-grade\/\">Imprimir linhas de grade do Excel (excluir, encurtar e alterar cor)<\/a><\/li><li> <a href=\"https:\/\/exceladvisor.org\/pt\/adicione-um-numero-de-pagina\/\">Adicione um n\u00famero de p\u00e1gina no Excel<\/a><\/li><li> <a href=\"https:\/\/exceladvisor.org\/pt\/aplicar-estilo-de-virgula\/\">Aplicar estilo de v\u00edrgula no Excel<\/a> <\/li><\/ul><\/div><\/div><div class=\"gb-grid-column gb-grid-column-50067b57\"><div class=\"gb-container gb-container-50067b57\"><\/div><\/div><\/div><\/div>","protected":false},"excerpt":{"rendered":"","protected":false},"author":1,"featured_media":0,"parent":0,"menu_order":0,"comment_status":"open","ping_status":"closed","template":"","meta":{"ub_ctt_via":"","footnotes":""},"class_list":["post-39","page","type-page","status-publish","hentry"],"featured_image_src":null,"yoast_head":"<!-- This site is optimized with the Yoast SEO plugin v25.4 - https:\/\/yoast.com\/wordpress\/plugins\/seo\/ -->\n<title>Como inserir o s\u00edmbolo PI (\u03c0) no Excel? (Tutorial 2023)<\/title>\n<meta name=\"description\" content=\"Este guia r\u00e1pido o ajudar\u00e1 a inserir o s\u00edmbolo Pi em uma c\u00e9lula do Excel. E vamos discutir isso em etapas f\u00e1ceis de seguir.\" \/>\n<meta name=\"robots\" content=\"index, follow, max-snippet:-1, max-image-preview:large, max-video-preview:-1\" \/>\n<link rel=\"canonical\" href=\"https:\/\/exceladvisor.org\/pt\/simbolo-pi\/\" \/>\n<meta property=\"og:locale\" content=\"pt_PT\" \/>\n<meta property=\"og:type\" content=\"article\" \/>\n<meta property=\"og:title\" content=\"Como inserir o s\u00edmbolo PI (\u03c0) no Excel? (Tutorial 2023)\" \/>\n<meta property=\"og:description\" content=\"Este guia r\u00e1pido o ajudar\u00e1 a inserir o s\u00edmbolo Pi em uma c\u00e9lula do Excel. E vamos discutir isso em etapas f\u00e1ceis de seguir.\" \/>\n<meta property=\"og:url\" content=\"https:\/\/exceladvisor.org\/pt\/simbolo-pi\/\" \/>\n<meta property=\"og:site_name\" content=\"Excel Advisor\" \/>\n<meta property=\"article:modified_time\" content=\"2023-12-06T11:38:06+00:00\" \/>\n<meta property=\"og:image\" content=\"https:\/\/exceladvisor.org\/wp-content\/uploads\/2023\/08\/1-inserer-le-symbole-pi.png\" \/>\n<meta name=\"twitter:card\" content=\"summary_large_image\" \/>\n<meta name=\"twitter:label1\" content=\"Tempo estimado de leitura\" \/>\n\t<meta name=\"twitter:data1\" content=\"3 minutos\" \/>\n<script type=\"application\/ld+json\" class=\"yoast-schema-graph\">{\"@context\":\"https:\/\/schema.org\",\"@graph\":[{\"@type\":\"WebPage\",\"@id\":\"https:\/\/exceladvisor.org\/pt\/simbolo-pi\/\",\"url\":\"https:\/\/exceladvisor.org\/pt\/simbolo-pi\/\",\"name\":\"Como inserir o s\u00edmbolo PI (\u03c0) no Excel? (Tutorial 2023)\",\"isPartOf\":{\"@id\":\"https:\/\/exceladvisor.org\/pt\/#website\"},\"primaryImageOfPage\":{\"@id\":\"https:\/\/exceladvisor.org\/pt\/simbolo-pi\/#primaryimage\"},\"image\":{\"@id\":\"https:\/\/exceladvisor.org\/pt\/simbolo-pi\/#primaryimage\"},\"thumbnailUrl\":\"https:\/\/exceladvisor.org\/wp-content\/uploads\/2023\/08\/1-inserer-le-symbole-pi.png\",\"datePublished\":\"2023-11-18T18:26:38+00:00\",\"dateModified\":\"2023-12-06T11:38:06+00:00\",\"description\":\"Este guia r\u00e1pido o ajudar\u00e1 a inserir o s\u00edmbolo Pi em uma c\u00e9lula do Excel. E vamos discutir isso em etapas f\u00e1ceis de seguir.\",\"breadcrumb\":{\"@id\":\"https:\/\/exceladvisor.org\/pt\/simbolo-pi\/#breadcrumb\"},\"inLanguage\":\"pt-PT\",\"potentialAction\":[{\"@type\":\"ReadAction\",\"target\":[\"https:\/\/exceladvisor.org\/pt\/simbolo-pi\/\"]}]},{\"@type\":\"ImageObject\",\"inLanguage\":\"pt-PT\",\"@id\":\"https:\/\/exceladvisor.org\/pt\/simbolo-pi\/#primaryimage\",\"url\":\"https:\/\/exceladvisor.org\/wp-content\/uploads\/2023\/08\/1-inserer-le-symbole-pi.png\",\"contentUrl\":\"https:\/\/exceladvisor.org\/wp-content\/uploads\/2023\/08\/1-inserer-le-symbole-pi.png\"},{\"@type\":\"BreadcrumbList\",\"@id\":\"https:\/\/exceladvisor.org\/pt\/simbolo-pi\/#breadcrumb\",\"itemListElement\":[{\"@type\":\"ListItem\",\"position\":1,\"name\":\"Lar\",\"item\":\"https:\/\/exceladvisor.org\/pt\/\"},{\"@type\":\"ListItem\",\"position\":2,\"name\":\"Como inserir o s\u00edmbolo pi (\u03c0) no excel?\"}]},{\"@type\":\"WebSite\",\"@id\":\"https:\/\/exceladvisor.org\/pt\/#website\",\"url\":\"https:\/\/exceladvisor.org\/pt\/\",\"name\":\"Excel Advisor\",\"description\":\"O seu guia definitivo para dominar os dados!\",\"publisher\":{\"@id\":\"https:\/\/exceladvisor.org\/pt\/#organization\"},\"potentialAction\":[{\"@type\":\"SearchAction\",\"target\":{\"@type\":\"EntryPoint\",\"urlTemplate\":\"https:\/\/exceladvisor.org\/pt\/?s={search_term_string}\"},\"query-input\":{\"@type\":\"PropertyValueSpecification\",\"valueRequired\":true,\"valueName\":\"search_term_string\"}}],\"inLanguage\":\"pt-PT\"},{\"@type\":\"Organization\",\"@id\":\"https:\/\/exceladvisor.org\/pt\/#organization\",\"name\":\"Excel Advisor\",\"url\":\"https:\/\/exceladvisor.org\/pt\/\",\"logo\":{\"@type\":\"ImageObject\",\"inLanguage\":\"pt-PT\",\"@id\":\"https:\/\/exceladvisor.org\/pt\/#\/schema\/logo\/image\/\",\"url\":\"https:\/\/exceladvisor.org\/pt\/wp-content\/uploads\/2023\/12\/exceladvisor.org_.png\",\"contentUrl\":\"https:\/\/exceladvisor.org\/pt\/wp-content\/uploads\/2023\/12\/exceladvisor.org_.png\",\"width\":105,\"height\":36,\"caption\":\"Excel Advisor\"},\"image\":{\"@id\":\"https:\/\/exceladvisor.org\/pt\/#\/schema\/logo\/image\/\"}}]}<\/script>\n<!-- \/ Yoast SEO plugin. -->","yoast_head_json":{"title":"Como inserir o s\u00edmbolo PI (\u03c0) no Excel? (Tutorial 2023)","description":"Este guia r\u00e1pido o ajudar\u00e1 a inserir o s\u00edmbolo Pi em uma c\u00e9lula do Excel. E vamos discutir isso em etapas f\u00e1ceis de seguir.","robots":{"index":"index","follow":"follow","max-snippet":"max-snippet:-1","max-image-preview":"max-image-preview:large","max-video-preview":"max-video-preview:-1"},"canonical":"https:\/\/exceladvisor.org\/pt\/simbolo-pi\/","og_locale":"pt_PT","og_type":"article","og_title":"Como inserir o s\u00edmbolo PI (\u03c0) no Excel? (Tutorial 2023)","og_description":"Este guia r\u00e1pido o ajudar\u00e1 a inserir o s\u00edmbolo Pi em uma c\u00e9lula do Excel. E vamos discutir isso em etapas f\u00e1ceis de seguir.","og_url":"https:\/\/exceladvisor.org\/pt\/simbolo-pi\/","og_site_name":"Excel Advisor","article_modified_time":"2023-12-06T11:38:06+00:00","og_image":[{"url":"https:\/\/exceladvisor.org\/wp-content\/uploads\/2023\/08\/1-inserer-le-symbole-pi.png","type":"","width":"","height":""}],"twitter_card":"summary_large_image","twitter_misc":{"Tempo estimado de leitura":"3 minutos"},"schema":{"@context":"https:\/\/schema.org","@graph":[{"@type":"WebPage","@id":"https:\/\/exceladvisor.org\/pt\/simbolo-pi\/","url":"https:\/\/exceladvisor.org\/pt\/simbolo-pi\/","name":"Como inserir o s\u00edmbolo PI (\u03c0) no Excel? (Tutorial 2023)","isPartOf":{"@id":"https:\/\/exceladvisor.org\/pt\/#website"},"primaryImageOfPage":{"@id":"https:\/\/exceladvisor.org\/pt\/simbolo-pi\/#primaryimage"},"image":{"@id":"https:\/\/exceladvisor.org\/pt\/simbolo-pi\/#primaryimage"},"thumbnailUrl":"https:\/\/exceladvisor.org\/wp-content\/uploads\/2023\/08\/1-inserer-le-symbole-pi.png","datePublished":"2023-11-18T18:26:38+00:00","dateModified":"2023-12-06T11:38:06+00:00","description":"Este guia r\u00e1pido o ajudar\u00e1 a inserir o s\u00edmbolo Pi em uma c\u00e9lula do Excel. E vamos discutir isso em etapas f\u00e1ceis de seguir.","breadcrumb":{"@id":"https:\/\/exceladvisor.org\/pt\/simbolo-pi\/#breadcrumb"},"inLanguage":"pt-PT","potentialAction":[{"@type":"ReadAction","target":["https:\/\/exceladvisor.org\/pt\/simbolo-pi\/"]}]},{"@type":"ImageObject","inLanguage":"pt-PT","@id":"https:\/\/exceladvisor.org\/pt\/simbolo-pi\/#primaryimage","url":"https:\/\/exceladvisor.org\/wp-content\/uploads\/2023\/08\/1-inserer-le-symbole-pi.png","contentUrl":"https:\/\/exceladvisor.org\/wp-content\/uploads\/2023\/08\/1-inserer-le-symbole-pi.png"},{"@type":"BreadcrumbList","@id":"https:\/\/exceladvisor.org\/pt\/simbolo-pi\/#breadcrumb","itemListElement":[{"@type":"ListItem","position":1,"name":"Lar","item":"https:\/\/exceladvisor.org\/pt\/"},{"@type":"ListItem","position":2,"name":"Como inserir o s\u00edmbolo pi (\u03c0) no excel?"}]},{"@type":"WebSite","@id":"https:\/\/exceladvisor.org\/pt\/#website","url":"https:\/\/exceladvisor.org\/pt\/","name":"Excel Advisor","description":"O seu guia definitivo para dominar os dados!","publisher":{"@id":"https:\/\/exceladvisor.org\/pt\/#organization"},"potentialAction":[{"@type":"SearchAction","target":{"@type":"EntryPoint","urlTemplate":"https:\/\/exceladvisor.org\/pt\/?s={search_term_string}"},"query-input":{"@type":"PropertyValueSpecification","valueRequired":true,"valueName":"search_term_string"}}],"inLanguage":"pt-PT"},{"@type":"Organization","@id":"https:\/\/exceladvisor.org\/pt\/#organization","name":"Excel Advisor","url":"https:\/\/exceladvisor.org\/pt\/","logo":{"@type":"ImageObject","inLanguage":"pt-PT","@id":"https:\/\/exceladvisor.org\/pt\/#\/schema\/logo\/image\/","url":"https:\/\/exceladvisor.org\/pt\/wp-content\/uploads\/2023\/12\/exceladvisor.org_.png","contentUrl":"https:\/\/exceladvisor.org\/pt\/wp-content\/uploads\/2023\/12\/exceladvisor.org_.png","width":105,"height":36,"caption":"Excel Advisor"},"image":{"@id":"https:\/\/exceladvisor.org\/pt\/#\/schema\/logo\/image\/"}}]}},"yoast_meta":{"yoast_wpseo_title":"","yoast_wpseo_metadesc":"","yoast_wpseo_canonical":""},"_links":{"self":[{"href":"https:\/\/exceladvisor.org\/pt\/wp-json\/wp\/v2\/pages\/39","targetHints":{"allow":["GET"]}}],"collection":[{"href":"https:\/\/exceladvisor.org\/pt\/wp-json\/wp\/v2\/pages"}],"about":[{"href":"https:\/\/exceladvisor.org\/pt\/wp-json\/wp\/v2\/types\/page"}],"author":[{"embeddable":true,"href":"https:\/\/exceladvisor.org\/pt\/wp-json\/wp\/v2\/users\/1"}],"replies":[{"embeddable":true,"href":"https:\/\/exceladvisor.org\/pt\/wp-json\/wp\/v2\/comments?post=39"}],"version-history":[{"count":1,"href":"https:\/\/exceladvisor.org\/pt\/wp-json\/wp\/v2\/pages\/39\/revisions"}],"predecessor-version":[{"id":1096,"href":"https:\/\/exceladvisor.org\/pt\/wp-json\/wp\/v2\/pages\/39\/revisions\/1096"}],"wp:attachment":[{"href":"https:\/\/exceladvisor.org\/pt\/wp-json\/wp\/v2\/media?parent=39"}],"curies":[{"name":"wp","href":"https:\/\/api.w.org\/{rel}","templated":true}]}}