{"id":391,"date":"2023-10-30T17:07:44","date_gmt":"2023-10-30T17:07:44","guid":{"rendered":"https:\/\/exceladvisor.org\/pt\/copia-de\/"},"modified":"2023-12-06T11:35:55","modified_gmt":"2023-12-06T11:35:55","slug":"copia-de","status":"publish","type":"page","link":"https:\/\/exceladvisor.org\/pt\/copia-de\/","title":{"rendered":"Como copiar a formata\u00e7\u00e3o condicional no excel?"},"content":{"rendered":"<div class=\"excel-before-content-2\" id=\"excel-4251714738\"><script type=\"text\/javascript\">\r\n\tatOptions = {\r\n\t\t'key' : 'c1158f160081d6540a8409e6925dab94',\r\n\t\t'format' : 'iframe',\r\n\t\t'height' : 250,\r\n\t\t'width' : 300,\r\n\t\t'params' : {}\r\n\t};\r\n<\/script>\r\n<script type=\"text\/javascript\" src=\"\/\/www.highperformanceformat.com\/c1158f160081d6540a8409e6925dab94\/invoke.js\"><\/script><\/div><div class=\"excel-before-content\" id=\"excel-971754805\"><script type=\"text\/javascript\">\r\n\tatOptions = {\r\n\t\t'key' : 'c1158f160081d6540a8409e6925dab94',\r\n\t\t'format' : 'iframe',\r\n\t\t'height' : 250,\r\n\t\t'width' : 300,\r\n\t\t'params' : {}\r\n\t};\r\n<\/script>\r\n<script type=\"text\/javascript\" src=\"\/\/www.highperformanceformat.com\/c1158f160081d6540a8409e6925dab94\/invoke.js\"><\/script><\/div> <p>No Excel, a maneira mais f\u00e1cil \u00e9 usar o pintor de formatos ao copiar e colar a mesma formata\u00e7\u00e3o condicional em outra c\u00e9lula ou intervalo de c\u00e9lulas.<\/p><p> Mas, al\u00e9m disso, existem duas outras maneiras que voc\u00ea pode usar e, neste tutorial, veremos todos esses m\u00e9todos para aprender mais. <\/p><div class=\"wp-block-image\"><figure class=\"aligncenter size-full is-resized\"><img loading=\"lazy\" decoding=\"async\" class=\"wp-image-90510\" src=\"https:\/\/exceladvisor.org\/wp-content\/uploads\/2023\/08\/1-copie-mise-en-forme-conditionnelle.png\" sizes=\"auto, \" srcset=\"\" alt=\"formata\u00e7\u00e3o condicional na c\u00f3pia\" width=\"428\" height=\"319\"><\/figure><\/div><p> No exemplo acima, temos barras de dados aplicadas \u00e0 coluna de quantidade e agora precisamos copiar de l\u00e1 e col\u00e1-las na coluna de quantidade.<\/p><h2 class=\"wp-block-heading\"> Copie a formata\u00e7\u00e3o condicional com o Format Painter<\/h2><ol><li> Primeiro, selecione o intervalo do qual deseja copiar a formata\u00e7\u00e3o condicional. <br><img loading=\"lazy\" decoding=\"async\" title=\"2 faixas de sele\u00e7\u00e3o\" src=\"https:\/\/exceladvisor.org\/wp-content\/uploads\/2023\/08\/2-selectionner-la-gamme-2.png\" sizes=\"auto, \" srcset=\"\" alt=\"2-select-the-range\" width=\"428\" height=\"344\"><\/li><li> Em seguida, v\u00e1 para a guia In\u00edcio e clique no \u00edcone Format Painter. <br><img loading=\"lazy\" decoding=\"async\" title=\"3 cliques no \u00edcone do pintor de formatos\" src=\"https:\/\/exceladvisor.org\/wp-content\/uploads\/2023\/08\/3-cliquez-sur-licone-du-peintre-de-format.png\" sizes=\"auto, \" srcset=\"\" alt=\"3-click-on-format-painter-icon\" width=\"466\" height=\"297\"><\/li><li> Seu cursor se transformar\u00e1 em um pincel quando voc\u00ea clicar no bot\u00e3o Format Painter. <br><img loading=\"lazy\" decoding=\"async\" title=\"4 cursores alterados para pincel\" src=\"https:\/\/exceladvisor.org\/wp-content\/uploads\/2023\/08\/4-curseur-change-en-pinceau.png\" sizes=\"auto, \" srcset=\"\" alt=\"4-cursor-changed-to-paint-brush\" width=\"508\" height=\"273\"><\/li><li> Agora selecione o intervalo no qual deseja colar a formata\u00e7\u00e3o condicional. <br><img loading=\"lazy\" decoding=\"async\" title=\"Formata\u00e7\u00e3o condicional de 5 sele\u00e7\u00f5es de intervalo para colar\" src=\"https:\/\/exceladvisor.org\/wp-content\/uploads\/2023\/08\/5-selectionnez-la-plage-pour-coller-la-mise-en-forme-conditionnelle.png\" sizes=\"auto, \" srcset=\"\" alt=\"5-select-range-to-paste-conditional-formatting\" width=\"416\" height=\"312\"><\/li><\/ol><p> Sim \u00e9 isso.<\/p><p class=\"qt-tip\"> <strong>Nota:<\/strong> Se quiser colar a formata\u00e7\u00e3o condicional em v\u00e1rias se\u00e7\u00f5es, voc\u00ea pode clicar duas vezes no Pincel de formata\u00e7\u00e3o e selecionar v\u00e1rios intervalos para aplicar a formata\u00e7\u00e3o condicional que voc\u00ea copiou.<\/p><h2 class=\"wp-block-heading\"> Copie formatos (colar especial) para copiar a formata\u00e7\u00e3o condicional<\/h2><p> Com a op\u00e7\u00e3o Colar especial, voc\u00ea pode copiar e colar apenas formatos de um lugar para outro. Depois de selecionar o intervalo para copiar a formata\u00e7\u00e3o condicional, use a op\u00e7\u00e3o de c\u00f3pia ou o atalho de teclado Ctrl + C para copiar. <\/p><div class=\"wp-block-image\"><figure class=\"aligncenter size-full is-resized\"><img loading=\"lazy\" decoding=\"async\" class=\"wp-image-90515\" src=\"https:\/\/exceladvisor.org\/wp-content\/uploads\/2023\/08\/6-formats-de-copie.png\" sizes=\"auto, \" srcset=\"\" alt=\"copiar formatos\" width=\"546\" height=\"315\"><\/figure><\/div><p> Em seguida, selecione o intervalo onde deseja colar a formata\u00e7\u00e3o condicional. Depois disso, abra a op\u00e7\u00e3o Colar Especial (Clique com o Bot\u00e3o Direito &gt; Colar Especial) e clique em formatos. <\/p><div class=\"wp-block-image\"><figure class=\"aligncenter size-full is-resized\"><img loading=\"lazy\" decoding=\"async\" class=\"wp-image-90516\" src=\"https:\/\/exceladvisor.org\/wp-content\/uploads\/2023\/08\/7-ouvrir-loption-de-pate-speciale.png\" sizes=\"auto, \" srcset=\"\" alt=\"abrir op\u00e7\u00e3o de colagem especial\" width=\"638\" height=\"333\"><\/figure><\/div><p> No final, clique em OK. E no momento em que voc\u00ea clica em OK, aplica a formata\u00e7\u00e3o condicional (que voc\u00ea copiou) ao intervalo selecionado. <\/p><div class=\"wp-block-image\"><figure class=\"aligncenter size-full is-resized\"><img loading=\"lazy\" decoding=\"async\" class=\"wp-image-90517\" src=\"https:\/\/exceladvisor.org\/wp-content\/uploads\/2023\/08\/8-mises-en-forme-conditionnelles-appliquees-a-la-plage-selectionnee.png\" sizes=\"auto, \" srcset=\"\" alt=\"formata\u00e7\u00e3o condicional aplicada ao intervalo selecionado\" width=\"494\" height=\"174\"><\/figure><\/div><h2 class=\"wp-block-heading\"> Crie uma regra de formata\u00e7\u00e3o condicional duplicada.<\/h2><p> Se voc\u00ea acessar Formata\u00e7\u00e3o condicional &gt; Gerenciar regras, poder\u00e1 ver uma lista de toda a formata\u00e7\u00e3o condicional existente na pasta de trabalho.<\/p><p> Depois de abri-lo, selecione \u201cEsta pasta de trabalho\u201d na lista suspensa \u201cMostrar regras de formata\u00e7\u00e3o para\u201d. <\/p><div class=\"wp-block-image\"><figure class=\"aligncenter size-full is-resized\"><img loading=\"lazy\" decoding=\"async\" class=\"wp-image-90518\" src=\"https:\/\/exceladvisor.org\/wp-content\/uploads\/2023\/08\/9-choisissez-ce-classeur-dans-afficher-les-regles-de-mise-en-forme-pour.png\" sizes=\"auto, \" srcset=\"\" alt=\"escolha esta pasta de trabalho em mostrar regras de formata\u00e7\u00e3o para\" width=\"543\" height=\"227\"><\/figure><\/div><p> Ele mostrar\u00e1 todas as regras da pasta de trabalho para formata\u00e7\u00e3o condicional. E ent\u00e3o voc\u00ea precisa selecionar a formata\u00e7\u00e3o que pode copiar e clicar em Duplicar. <\/p><div class=\"wp-block-image\"><figure class=\"aligncenter size-full is-resized\"><img loading=\"lazy\" decoding=\"async\" class=\"wp-image-90519\" src=\"https:\/\/exceladvisor.org\/wp-content\/uploads\/2023\/08\/10-clic-sur-dupliquer.png\" sizes=\"auto, \" srcset=\"\" alt=\"clique em duplicar\" width=\"644\" height=\"248\"><\/figure><\/div><p> Depois de fazer isso, altere o endere\u00e7o do intervalo para \u201cAplica-se a\u201d. <\/p><div class=\"wp-block-image\"><figure class=\"aligncenter size-full is-resized\"><img loading=\"lazy\" decoding=\"async\" class=\"wp-image-90521\" src=\"https:\/\/exceladvisor.org\/wp-content\/uploads\/2023\/08\/11-changer-ladresse-de-sapplique-a.png\" sizes=\"auto, \" srcset=\"\" alt=\"alterar endere\u00e7o de aplica-se a\" width=\"782\" height=\"209\"><\/figure><\/div><p> Alterei o endere\u00e7o do intervalo de B2:B13 para C2:C13 para aplicar a mesma formata\u00e7\u00e3o condicional a C2:C13. E no final clique em OK.<\/p><h2 class=\"wp-block-heading\"> Um problema que voc\u00ea pode enfrentar<\/h2><p> Copiar a formata\u00e7\u00e3o condicional \u00e9 uma tarefa f\u00e1cil. Mas pode haver alguns problemas ao usar f\u00f3rmulas personalizadas para definir uma regra de formata\u00e7\u00e3o condicional.<\/p><p> Deixe-me lhe dar um exemplo. No exemplo abaixo temos formata\u00e7\u00e3o condicional usando uma fun\u00e7\u00e3o personalizada. Na formata\u00e7\u00e3o, se a c\u00e9lula A1 tiver um valor, a c\u00e9lula B1 ter\u00e1 uma <a href=\"https:\/\/exceladvisor.org\/pt\/cor-da-celula\/\">cor<\/a> verde. <\/p><div class=\"wp-block-image\"><figure class=\"aligncenter size-full is-resized\"><img loading=\"lazy\" decoding=\"async\" class=\"wp-image-90522\" src=\"https:\/\/exceladvisor.org\/wp-content\/uploads\/2023\/08\/12-mise-en-forme-conditionnelle-a-laide-dune-fonction-personnalisee.png\" sizes=\"auto, \" srcset=\"\" alt=\"formata\u00e7\u00e3o condicional usando uma fun\u00e7\u00e3o personalizada\" width=\"486\" height=\"207\"><\/figure><\/div><p> Aqui est\u00e1 a regra que aplicamos (guia P\u00e1gina inicial &gt; Formata\u00e7\u00e3o condicional &gt; Gerenciar regras &gt; Editar regra) <\/p><div class=\"wp-block-image\"><figure class=\"aligncenter size-full is-resized\"><img loading=\"lazy\" decoding=\"async\" class=\"wp-image-90523\" src=\"https:\/\/exceladvisor.org\/wp-content\/uploads\/2023\/08\/13-gerer-les-regles-modifier-la-regle.png\" sizes=\"auto, \" srcset=\"\" alt=\"gerenciar-regras-editar-regra\" width=\"688\" height=\"378\"><\/figure><\/div><p> Agora, se voc\u00ea copiar e colar esta formata\u00e7\u00e3o condicional na c\u00e9lula B3. Como voc\u00ea pode ver, no exemplo abaixo, a c\u00e9lula B3 est\u00e1 verde mesmo que a c\u00e9lula A3 n\u00e3o tenha valor. <\/p><div class=\"wp-block-image\"><figure class=\"aligncenter size-full is-resized\"><img loading=\"lazy\" decoding=\"async\" class=\"wp-image-90524\" src=\"https:\/\/exceladvisor.org\/wp-content\/uploads\/2023\/08\/14-Copier-et-coller-la-mise-en-forme-conditionnelle.png\" sizes=\"auto, \" srcset=\"\" alt=\"formata\u00e7\u00e3o condicional copiar-colar\" width=\"576\" height=\"260\"><\/figure><\/div><p> Ao copiar e colar essa formata\u00e7\u00e3o condicional, o Excel n\u00e3o altera a c\u00e9lula de refer\u00eancia porque a refer\u00eancia \u00e9 absoluta. <\/p><div class=\"wp-block-image\"><figure class=\"aligncenter size-full is-resized\"><img loading=\"lazy\" decoding=\"async\" class=\"wp-image-90525\" src=\"https:\/\/exceladvisor.org\/wp-content\/uploads\/2023\/08\/15-la-cellule-de-reference-est-absolue.png\" sizes=\"auto, \" srcset=\"\" alt=\"c\u00e9lula de refer\u00eancia \u00e9 absoluta\" width=\"692\" height=\"225\"><\/figure><\/div><p> Voc\u00ea pode ver acima que a c\u00e9lula de refer\u00eancia em ambas as regras \u00e9 A1. Ent\u00e3o, sim, esse \u00e9 o problema. Para corrigir esse problema, a melhor maneira \u00e9 usar a Refer\u00eancia Relativa, que permite copiar e colar a formata\u00e7\u00e3o condicional em um novo intervalo ou c\u00e9lula e alterar a refer\u00eancia na f\u00f3rmula. <\/p><div class=\"wp-block-image\"><figure class=\"aligncenter size-full is-resized\"><img loading=\"lazy\" decoding=\"async\" class=\"wp-image-90526\" src=\"https:\/\/exceladvisor.org\/wp-content\/uploads\/2023\/08\/16-cellule-de-reference-est-la-meme-dans-les-deux-regles.png\" sizes=\"auto, \" srcset=\"\" alt=\"a c\u00e9lula de refer\u00eancia \u00e9 a mesma em ambas as regras\" width=\"398\" height=\"230\"><\/figure><\/div><h2 class=\"wp-block-heading\"> E se eu quiser copiar uma regra de formata\u00e7\u00e3o condicional para outra planilha<\/h2><p> Voc\u00ea pode usar os mesmos m\u00e9todos e etapas acima para copi\u00e1-lo de uma c\u00e9lula para outra ou para um intervalo de c\u00e9lulas. Depois de copi\u00e1-lo, voc\u00ea pode col\u00e1-lo em outra planilha.<\/p><div class=\"gb-container gb-container-6076ba72 gb-container-mt\"> <a class=\"gb-button gb-button-76e6a499 gb-button-text gb-button-mt-button\" href=\"https:\/\/exceladvisor.org\/pt\/nocoes-basicas-de-excel\/\">Aprenda o b\u00e1sico do Excel<\/a><h2 class=\"gb-headline gb-headline-a9e9e206 gb-headline-text gb-headline-mt-heading\"> Saiba mais sobre <a href=\"https:\/\/exceladvisor.org\/pt\/formatacao-condicional\/\">formata\u00e7\u00e3o condicional<\/a> <\/h2><div class=\"gb-grid-wrapper gb-grid-wrapper-790317cb gb-grid-wrapper-mt-grid\"><div class=\"gb-grid-column gb-grid-column-a9845ede\"><div class=\"gb-container gb-container-a9845ede\"><ul><li> <a href=\"https:\/\/exceladvisor.org\/pt\/aplicar-formatacao-condicional\/\">Aplicar formata\u00e7\u00e3o condicional a uma tabela din\u00e2mica<\/a><\/li><li> <a href=\"https:\/\/exceladvisor.org\/pt\/retirar\/\">Remover formata\u00e7\u00e3o condicional<\/a><\/li><li> <a href=\"https:\/\/exceladvisor.org\/pt\/celulas-vazias\/\">Aplicar formata\u00e7\u00e3o condicional em c\u00e9lulas em branco no Excel<\/a><\/li><li> <a href=\"https:\/\/exceladvisor.org\/pt\/comparar-colunas\/\">Compare duas colunas usando formata\u00e7\u00e3o condicional<\/a><\/li><li> <a href=\"https:\/\/exceladvisor.org\/pt\/outra-celula\/\">Aplicar formata\u00e7\u00e3o condicional com base em outra c\u00e9lula<\/a><\/li><\/ul><\/div><\/div><\/div><\/div>","protected":false},"excerpt":{"rendered":"","protected":false},"author":1,"featured_media":0,"parent":0,"menu_order":0,"comment_status":"open","ping_status":"closed","template":"","meta":{"ub_ctt_via":"","footnotes":""},"class_list":["post-391","page","type-page","status-publish","hentry"],"featured_image_src":null,"yoast_head":"<!-- This site is optimized with the Yoast SEO plugin v25.4 - https:\/\/yoast.com\/wordpress\/plugins\/seo\/ -->\n<title>\u25b7 Como copiar a formata\u00e7\u00e3o condicional no Excel?<\/title>\n<meta name=\"description\" content=\"Este tutorial ajuda voc\u00ea a aprender como copiar a formata\u00e7\u00e3o condicional de um intervalo para outro no Excel. Vamos verificar isso\u2026\" \/>\n<meta name=\"robots\" content=\"index, follow, max-snippet:-1, max-image-preview:large, max-video-preview:-1\" \/>\n<link rel=\"canonical\" href=\"https:\/\/exceladvisor.org\/pt\/copia-de\/\" \/>\n<meta property=\"og:locale\" content=\"pt_PT\" \/>\n<meta property=\"og:type\" content=\"article\" \/>\n<meta property=\"og:title\" content=\"\u25b7 Como copiar a formata\u00e7\u00e3o condicional no Excel?\" \/>\n<meta property=\"og:description\" content=\"Este tutorial ajuda voc\u00ea a aprender como copiar a formata\u00e7\u00e3o condicional de um intervalo para outro no Excel. Vamos verificar isso\u2026\" \/>\n<meta property=\"og:url\" content=\"https:\/\/exceladvisor.org\/pt\/copia-de\/\" \/>\n<meta property=\"og:site_name\" content=\"Excel Advisor\" \/>\n<meta property=\"article:modified_time\" content=\"2023-12-06T11:35:55+00:00\" \/>\n<meta property=\"og:image\" content=\"https:\/\/exceladvisor.org\/wp-content\/uploads\/2023\/08\/1-copie-mise-en-forme-conditionnelle.png\" \/>\n<meta name=\"twitter:card\" content=\"summary_large_image\" \/>\n<meta name=\"twitter:label1\" content=\"Tempo estimado de leitura\" \/>\n\t<meta name=\"twitter:data1\" content=\"4 minutos\" \/>\n<script type=\"application\/ld+json\" class=\"yoast-schema-graph\">{\"@context\":\"https:\/\/schema.org\",\"@graph\":[{\"@type\":\"WebPage\",\"@id\":\"https:\/\/exceladvisor.org\/pt\/copia-de\/\",\"url\":\"https:\/\/exceladvisor.org\/pt\/copia-de\/\",\"name\":\"\u25b7 Como copiar a formata\u00e7\u00e3o condicional no Excel?\",\"isPartOf\":{\"@id\":\"https:\/\/exceladvisor.org\/pt\/#website\"},\"primaryImageOfPage\":{\"@id\":\"https:\/\/exceladvisor.org\/pt\/copia-de\/#primaryimage\"},\"image\":{\"@id\":\"https:\/\/exceladvisor.org\/pt\/copia-de\/#primaryimage\"},\"thumbnailUrl\":\"https:\/\/exceladvisor.org\/wp-content\/uploads\/2023\/08\/1-copie-mise-en-forme-conditionnelle.png\",\"datePublished\":\"2023-10-30T17:07:44+00:00\",\"dateModified\":\"2023-12-06T11:35:55+00:00\",\"description\":\"Este tutorial ajuda voc\u00ea a aprender como copiar a formata\u00e7\u00e3o condicional de um intervalo para outro no Excel. Vamos verificar isso\u2026\",\"breadcrumb\":{\"@id\":\"https:\/\/exceladvisor.org\/pt\/copia-de\/#breadcrumb\"},\"inLanguage\":\"pt-PT\",\"potentialAction\":[{\"@type\":\"ReadAction\",\"target\":[\"https:\/\/exceladvisor.org\/pt\/copia-de\/\"]}]},{\"@type\":\"ImageObject\",\"inLanguage\":\"pt-PT\",\"@id\":\"https:\/\/exceladvisor.org\/pt\/copia-de\/#primaryimage\",\"url\":\"https:\/\/exceladvisor.org\/wp-content\/uploads\/2023\/08\/1-copie-mise-en-forme-conditionnelle.png\",\"contentUrl\":\"https:\/\/exceladvisor.org\/wp-content\/uploads\/2023\/08\/1-copie-mise-en-forme-conditionnelle.png\"},{\"@type\":\"BreadcrumbList\",\"@id\":\"https:\/\/exceladvisor.org\/pt\/copia-de\/#breadcrumb\",\"itemListElement\":[{\"@type\":\"ListItem\",\"position\":1,\"name\":\"Lar\",\"item\":\"https:\/\/exceladvisor.org\/pt\/\"},{\"@type\":\"ListItem\",\"position\":2,\"name\":\"Como copiar a formata\u00e7\u00e3o condicional no excel?\"}]},{\"@type\":\"WebSite\",\"@id\":\"https:\/\/exceladvisor.org\/pt\/#website\",\"url\":\"https:\/\/exceladvisor.org\/pt\/\",\"name\":\"Excel Advisor\",\"description\":\"O seu guia definitivo para dominar os dados!\",\"publisher\":{\"@id\":\"https:\/\/exceladvisor.org\/pt\/#organization\"},\"potentialAction\":[{\"@type\":\"SearchAction\",\"target\":{\"@type\":\"EntryPoint\",\"urlTemplate\":\"https:\/\/exceladvisor.org\/pt\/?s={search_term_string}\"},\"query-input\":{\"@type\":\"PropertyValueSpecification\",\"valueRequired\":true,\"valueName\":\"search_term_string\"}}],\"inLanguage\":\"pt-PT\"},{\"@type\":\"Organization\",\"@id\":\"https:\/\/exceladvisor.org\/pt\/#organization\",\"name\":\"Excel Advisor\",\"url\":\"https:\/\/exceladvisor.org\/pt\/\",\"logo\":{\"@type\":\"ImageObject\",\"inLanguage\":\"pt-PT\",\"@id\":\"https:\/\/exceladvisor.org\/pt\/#\/schema\/logo\/image\/\",\"url\":\"https:\/\/exceladvisor.org\/pt\/wp-content\/uploads\/2023\/12\/exceladvisor.org_.png\",\"contentUrl\":\"https:\/\/exceladvisor.org\/pt\/wp-content\/uploads\/2023\/12\/exceladvisor.org_.png\",\"width\":105,\"height\":36,\"caption\":\"Excel Advisor\"},\"image\":{\"@id\":\"https:\/\/exceladvisor.org\/pt\/#\/schema\/logo\/image\/\"}}]}<\/script>\n<!-- \/ Yoast SEO plugin. -->","yoast_head_json":{"title":"\u25b7 Como copiar a formata\u00e7\u00e3o condicional no Excel?","description":"Este tutorial ajuda voc\u00ea a aprender como copiar a formata\u00e7\u00e3o condicional de um intervalo para outro no Excel. Vamos verificar isso\u2026","robots":{"index":"index","follow":"follow","max-snippet":"max-snippet:-1","max-image-preview":"max-image-preview:large","max-video-preview":"max-video-preview:-1"},"canonical":"https:\/\/exceladvisor.org\/pt\/copia-de\/","og_locale":"pt_PT","og_type":"article","og_title":"\u25b7 Como copiar a formata\u00e7\u00e3o condicional no Excel?","og_description":"Este tutorial ajuda voc\u00ea a aprender como copiar a formata\u00e7\u00e3o condicional de um intervalo para outro no Excel. Vamos verificar isso\u2026","og_url":"https:\/\/exceladvisor.org\/pt\/copia-de\/","og_site_name":"Excel Advisor","article_modified_time":"2023-12-06T11:35:55+00:00","og_image":[{"url":"https:\/\/exceladvisor.org\/wp-content\/uploads\/2023\/08\/1-copie-mise-en-forme-conditionnelle.png","type":"","width":"","height":""}],"twitter_card":"summary_large_image","twitter_misc":{"Tempo estimado de leitura":"4 minutos"},"schema":{"@context":"https:\/\/schema.org","@graph":[{"@type":"WebPage","@id":"https:\/\/exceladvisor.org\/pt\/copia-de\/","url":"https:\/\/exceladvisor.org\/pt\/copia-de\/","name":"\u25b7 Como copiar a formata\u00e7\u00e3o condicional no Excel?","isPartOf":{"@id":"https:\/\/exceladvisor.org\/pt\/#website"},"primaryImageOfPage":{"@id":"https:\/\/exceladvisor.org\/pt\/copia-de\/#primaryimage"},"image":{"@id":"https:\/\/exceladvisor.org\/pt\/copia-de\/#primaryimage"},"thumbnailUrl":"https:\/\/exceladvisor.org\/wp-content\/uploads\/2023\/08\/1-copie-mise-en-forme-conditionnelle.png","datePublished":"2023-10-30T17:07:44+00:00","dateModified":"2023-12-06T11:35:55+00:00","description":"Este tutorial ajuda voc\u00ea a aprender como copiar a formata\u00e7\u00e3o condicional de um intervalo para outro no Excel. Vamos verificar isso\u2026","breadcrumb":{"@id":"https:\/\/exceladvisor.org\/pt\/copia-de\/#breadcrumb"},"inLanguage":"pt-PT","potentialAction":[{"@type":"ReadAction","target":["https:\/\/exceladvisor.org\/pt\/copia-de\/"]}]},{"@type":"ImageObject","inLanguage":"pt-PT","@id":"https:\/\/exceladvisor.org\/pt\/copia-de\/#primaryimage","url":"https:\/\/exceladvisor.org\/wp-content\/uploads\/2023\/08\/1-copie-mise-en-forme-conditionnelle.png","contentUrl":"https:\/\/exceladvisor.org\/wp-content\/uploads\/2023\/08\/1-copie-mise-en-forme-conditionnelle.png"},{"@type":"BreadcrumbList","@id":"https:\/\/exceladvisor.org\/pt\/copia-de\/#breadcrumb","itemListElement":[{"@type":"ListItem","position":1,"name":"Lar","item":"https:\/\/exceladvisor.org\/pt\/"},{"@type":"ListItem","position":2,"name":"Como copiar a formata\u00e7\u00e3o condicional no excel?"}]},{"@type":"WebSite","@id":"https:\/\/exceladvisor.org\/pt\/#website","url":"https:\/\/exceladvisor.org\/pt\/","name":"Excel Advisor","description":"O seu guia definitivo para dominar os dados!","publisher":{"@id":"https:\/\/exceladvisor.org\/pt\/#organization"},"potentialAction":[{"@type":"SearchAction","target":{"@type":"EntryPoint","urlTemplate":"https:\/\/exceladvisor.org\/pt\/?s={search_term_string}"},"query-input":{"@type":"PropertyValueSpecification","valueRequired":true,"valueName":"search_term_string"}}],"inLanguage":"pt-PT"},{"@type":"Organization","@id":"https:\/\/exceladvisor.org\/pt\/#organization","name":"Excel Advisor","url":"https:\/\/exceladvisor.org\/pt\/","logo":{"@type":"ImageObject","inLanguage":"pt-PT","@id":"https:\/\/exceladvisor.org\/pt\/#\/schema\/logo\/image\/","url":"https:\/\/exceladvisor.org\/pt\/wp-content\/uploads\/2023\/12\/exceladvisor.org_.png","contentUrl":"https:\/\/exceladvisor.org\/pt\/wp-content\/uploads\/2023\/12\/exceladvisor.org_.png","width":105,"height":36,"caption":"Excel Advisor"},"image":{"@id":"https:\/\/exceladvisor.org\/pt\/#\/schema\/logo\/image\/"}}]}},"yoast_meta":{"yoast_wpseo_title":"","yoast_wpseo_metadesc":"","yoast_wpseo_canonical":""},"_links":{"self":[{"href":"https:\/\/exceladvisor.org\/pt\/wp-json\/wp\/v2\/pages\/391","targetHints":{"allow":["GET"]}}],"collection":[{"href":"https:\/\/exceladvisor.org\/pt\/wp-json\/wp\/v2\/pages"}],"about":[{"href":"https:\/\/exceladvisor.org\/pt\/wp-json\/wp\/v2\/types\/page"}],"author":[{"embeddable":true,"href":"https:\/\/exceladvisor.org\/pt\/wp-json\/wp\/v2\/users\/1"}],"replies":[{"embeddable":true,"href":"https:\/\/exceladvisor.org\/pt\/wp-json\/wp\/v2\/comments?post=391"}],"version-history":[{"count":1,"href":"https:\/\/exceladvisor.org\/pt\/wp-json\/wp\/v2\/pages\/391\/revisions"}],"predecessor-version":[{"id":947,"href":"https:\/\/exceladvisor.org\/pt\/wp-json\/wp\/v2\/pages\/391\/revisions\/947"}],"wp:attachment":[{"href":"https:\/\/exceladvisor.org\/pt\/wp-json\/wp\/v2\/media?parent=391"}],"curies":[{"name":"wp","href":"https:\/\/api.w.org\/{rel}","templated":true}]}}