{"id":392,"date":"2023-10-30T15:22:45","date_gmt":"2023-10-30T15:22:45","guid":{"rendered":"https:\/\/exceladvisor.org\/pt\/definir-area-de-impressao\/"},"modified":"2023-12-06T11:37:12","modified_gmt":"2023-12-06T11:37:12","slug":"definir-area-de-impressao","status":"publish","type":"page","link":"https:\/\/exceladvisor.org\/pt\/definir-area-de-impressao\/","title":{"rendered":"Como definir a \u00e1rea de impress\u00e3o no excel?"},"content":{"rendered":"<div class=\"excel-before-content-2\" id=\"excel-3208577858\"><script type=\"text\/javascript\">\r\n\tatOptions = {\r\n\t\t'key' : 'c1158f160081d6540a8409e6925dab94',\r\n\t\t'format' : 'iframe',\r\n\t\t'height' : 250,\r\n\t\t'width' : 300,\r\n\t\t'params' : {}\r\n\t};\r\n<\/script>\r\n<script type=\"text\/javascript\" src=\"\/\/www.highperformanceformat.com\/c1158f160081d6540a8409e6925dab94\/invoke.js\"><\/script><\/div><div class=\"excel-before-content\" id=\"excel-1859387979\"><script type=\"text\/javascript\">\r\n\tatOptions = {\r\n\t\t'key' : 'c1158f160081d6540a8409e6925dab94',\r\n\t\t'format' : 'iframe',\r\n\t\t'height' : 250,\r\n\t\t'width' : 300,\r\n\t\t'params' : {}\r\n\t};\r\n<\/script>\r\n<script type=\"text\/javascript\" src=\"\/\/www.highperformanceformat.com\/c1158f160081d6540a8409e6925dab94\/invoke.js\"><\/script><\/div> <p>No Excel, a \u00e1rea de impress\u00e3o \u00e9 um intervalo de c\u00e9lulas que s\u00f3 deve ser impresso a partir da planilha.<\/p><p> No Excel, os usu\u00e1rios geralmente desejam imprimir apenas uma \u00e1rea espec\u00edfica da planilha, em vez de imprimir a planilha inteira.<\/p><p> Para isso, o usu\u00e1rio pode definir e criar uma \u00e1rea de sele\u00e7\u00e3o de impress\u00e3o e, uma vez selecionada a \u00e1rea de impress\u00e3o, sempre que o usu\u00e1rio imprimir apenas o intervalo da \u00e1rea selecionada.<\/p><p> Os usu\u00e1rios podem criar v\u00e1rias sele\u00e7\u00f5es de \u00e1reas de impress\u00e3o na planilha e cada uma ser\u00e1 impressa em uma p\u00e1gina separada.<\/p><p> Temos etapas r\u00e1pidas e f\u00e1ceis mencionadas abaixo sobre como definir e alterar a sele\u00e7\u00e3o da \u00e1rea de impress\u00e3o no Excel.<\/p><h2 class=\"wp-block-heading\"> Etapas para definir a \u00e1rea de impress\u00e3o no Excel<\/h2><ol><li> Primeiro, selecione o intervalo de c\u00e9lulas individual ou v\u00e1rios intervalos de c\u00e9lulas usando a tecla \u201cControl\u201d que deseja definir como \u00e1rea de impress\u00e3o na planilha.<\/li><li> Depois disso, v\u00e1 at\u00e9 a aba \u201cConfigurar p\u00e1gina\u201d e clique no \u00edcone \u201c\u00c1rea de impress\u00e3o\u201d, a seguir selecione a op\u00e7\u00e3o \u201cDefinir \u00e1rea de impress\u00e3o\u201d. <br><img loading=\"lazy\" decoding=\"async\" title=\"1 conjunto de \u00e1rea de impress\u00e3o no Excel\" src=\"https:\/\/exceladvisor.org\/wp-content\/uploads\/2023\/08\/1-zone-dimpression-definie-dans-Excel.png\" sizes=\"auto, \" srcset=\"\" alt=\"set-print-area-in-excel\" width=\"378\" height=\"449\"><\/li><li> Para visualizar as sele\u00e7\u00f5es da \u00e1rea de impress\u00e3o, v\u00e1 at\u00e9 a aba \u201cVisualizar\u201d e clique no \u00edcone \u201cExibi\u00e7\u00e3o de quebra de p\u00e1gina\u201d e voc\u00ea encontrar\u00e1 a visualiza\u00e7\u00e3o das quebras de p\u00e1gina com base nas sele\u00e7\u00f5es da \u00e1rea de impress\u00e3o. &#8216;impress\u00e3o. <br><img loading=\"lazy\" decoding=\"async\" title=\"Visualiza\u00e7\u00e3o de quebra de 2 p\u00e1ginas\" src=\"https:\/\/exceladvisor.org\/wp-content\/uploads\/2023\/08\/Vue-de-saut-de-2-pages.png\" sizes=\"auto, \" srcset=\"\" alt=\"page-break-view\" width=\"367\" height=\"400\"><\/li><\/ol><p> As sele\u00e7\u00f5es de \u00e1rea de impress\u00e3o s\u00e3o salvas quando voc\u00ea salva a pasta de trabalho, e cada sele\u00e7\u00e3o de \u00e1rea de impress\u00e3o \u00e9 impressa em uma p\u00e1gina separada, o que significa uma sele\u00e7\u00e3o de \u00e1rea de impress\u00e3o por p\u00e1gina.<\/p><h2 class=\"wp-block-heading\"> Adicione c\u00e9lulas e intervalos \u00e0 \u00e1rea de impress\u00e3o<\/h2><p> A qualquer momento, o usu\u00e1rio pode adicionar c\u00e9lulas para estender as sele\u00e7\u00f5es da \u00e1rea de impress\u00e3o ou criar uma \u00e1rea de impress\u00e3o adicional.<\/p><p> Quando um usu\u00e1rio adiciona c\u00e9lulas adjacentes \u00e0 \u00e1rea de impress\u00e3o existente, o Excel inclui essas c\u00e9lulas nesta sele\u00e7\u00e3o de \u00e1rea de impress\u00e3o existente.<\/p><p> Portanto, esta sele\u00e7\u00e3o de \u00e1rea de impress\u00e3o \u00e9 expandida e quando um usu\u00e1rio adiciona um intervalo de c\u00e9lulas n\u00e3o adjacentes, o Excel cria esse intervalo como uma sele\u00e7\u00e3o adicional de \u00e1rea de impress\u00e3o que o Excel imprime em uma p\u00e1gina separada.<\/p><ul><li> Primeiro, selecione o intervalo de c\u00e9lulas adjacentes adicionais caso queira estender a sele\u00e7\u00e3o da \u00e1rea de impress\u00e3o atual.<\/li><li> Ou selecione o intervalo de c\u00e9lulas n\u00e3o adjacentes adicional caso queira adicionar uma nova \u00e1rea de impress\u00e3o com a \u00e1rea de impress\u00e3o existente na planilha.<\/li><li> Depois disso, v\u00e1 at\u00e9 a aba \u201cLayout de p\u00e1gina\u201d e clique no \u00edcone \u201c\u00c1rea de impress\u00e3o\u201d e selecione \u201cAdicionar \u00e0 \u00e1rea de impress\u00e3o\u201d. <\/li><\/ul><div class=\"wp-block-image\"><figure class=\"aligncenter size-full is-resized\"><img loading=\"lazy\" decoding=\"async\" class=\"wp-image-66766\" src=\"https:\/\/exceladvisor.org\/wp-content\/uploads\/2023\/08\/3-modifier-la-zone-dimpression1.png\" sizes=\"auto, \" srcset=\"\" alt=\"alterar \u00e1rea de impress\u00e3o\" width=\"428\" height=\"431\"><\/figure><\/div><p> Na \u201cVisualiza\u00e7\u00e3o da quebra de p\u00e1gina\u201d abaixo, voc\u00ea pode ver que o Excel expandiu a sele\u00e7\u00e3o da \u00e1rea de impress\u00e3o onde adicionamos c\u00e9lulas adjacentes e criou uma sele\u00e7\u00e3o de \u00e1rea de impress\u00e3o adicional onde adicionamos c\u00e9lulas n\u00e3o adjacentes.<\/p><p> Portanto, neste caso voc\u00ea obter\u00e1 tr\u00eas \u00e1reas de impress\u00e3o que ser\u00e3o impressas em tr\u00eas p\u00e1ginas separadas. <\/p><div class=\"wp-block-image\"><figure class=\"aligncenter size-full is-resized\"><img loading=\"lazy\" decoding=\"async\" class=\"wp-image-66767\" src=\"https:\/\/exceladvisor.org\/wp-content\/uploads\/2023\/08\/Vue-de-saut-de-4-pages-pour-les-zones-dimpression.png\" sizes=\"auto, \" srcset=\"\" alt=\"visualiza\u00e7\u00e3o de quebra de p\u00e1gina para \u00e1reas de impress\u00e3o\" width=\"445\" height=\"369\"><\/figure><\/div><h2 class=\"wp-block-heading\"> Limpar sele\u00e7\u00e3o da \u00e1rea de impress\u00e3o<\/h2><p> Na guia \u201cLayout\u201d, o Excel n\u00e3o tem a capacidade de remover ou limpar uma \u00e1rea de impress\u00e3o espec\u00edfica de v\u00e1rias \u00e1reas de impress\u00e3o em uma planilha. Portanto, excluir uma \u00e1rea de impress\u00e3o significa excluir todas as \u00e1reas de impress\u00e3o.<\/p><ul><li> Primeiro, clique em qualquer lugar da planilha da qual deseja remover a \u00e1rea de impress\u00e3o.<\/li><li> Depois disso, v\u00e1 at\u00e9 a aba \u201cConfigurar p\u00e1gina\u201d e clique no \u00edcone \u201c\u00c1rea de impress\u00e3o\u201d, a seguir selecione \u201cLimpar \u00e1rea de impress\u00e3o\u201d e isso remover\u00e1 todas as \u00e1reas de impress\u00e3o da folha. <\/li><\/ul><div class=\"wp-block-image\"><figure class=\"aligncenter size-full is-resized\"><img loading=\"lazy\" decoding=\"async\" class=\"wp-image-66768\" src=\"https:\/\/exceladvisor.org\/wp-content\/uploads\/2023\/08\/5-effacer-la-zone-dimpression.png\" sizes=\"auto, \" srcset=\"\" alt=\"limpar \u00e1rea de impress\u00e3o\" width=\"544\" height=\"161\"><\/figure><\/div><h2 class=\"wp-block-heading\"> Ignorar a \u00e1rea de impress\u00e3o ao imprimir planilha<\/h2><p> Os usu\u00e1rios podem pular \u00e1reas de impress\u00e3o durante a impress\u00e3o sem limpar as \u00e1reas de impress\u00e3o e podem imprimir a planilha inteira a qualquer momento.<\/p><ul><li> Primeiro, pressione \u201cCtrl+P\u201d para imprimir a planilha aberta e a caixa de di\u00e1logo de impress\u00e3o ser\u00e1 aberta.<\/li><li> Depois disso, clique na op\u00e7\u00e3o \u201cImprimir planilhas ativas\u201d e voc\u00ea ver\u00e1 a lista suspensa.<\/li><li> Agora selecione a op\u00e7\u00e3o \u201cIgnorar \u00e1rea de impress\u00e3o\u201d e o Excel ir\u00e1 ignorar a sele\u00e7\u00e3o da \u00e1rea de impress\u00e3o e imprimir a planilha inteira. <\/li><\/ul><div class=\"wp-block-image\"><figure class=\"aligncenter size-full is-resized\"><img loading=\"lazy\" decoding=\"async\" class=\"wp-image-66769\" src=\"https:\/\/exceladvisor.org\/wp-content\/uploads\/2023\/08\/6-ignorer-la-zone-dimpression.jpg\" sizes=\"auto, \" srcset=\"\" alt=\"ignorar \u00e1rea de impress\u00e3o\" width=\"261\" height=\"368\"><\/figure><\/div><div class=\"gb-container gb-container-4db6181c gb-container-mt\"> <a class=\"gb-button gb-button-c5897111 gb-button-text gb-button-mt-button\" href=\"https:\/\/exceladvisor.org\/pt\/nocoes-basicas-de-excel\/\">No\u00e7\u00f5es b\u00e1sicas do Microsoft Excel (componentes, pe\u00e7as e notas de conhecimento)<\/a><h2 class=\"gb-headline gb-headline-665e5f6b gb-headline-text gb-headline-mt-heading\"> Tutoriais relacionados <\/h2><div class=\"gb-grid-wrapper gb-grid-wrapper-a20baf7c gb-grid-wrapper-mt-grid\"><div class=\"gb-grid-column gb-grid-column-65ddf67e\"><div class=\"gb-container gb-container-65ddf67e\"><ul><li> <a href=\"https:\/\/exceladvisor.org\/pt\/papel-grafico\/\">Imprima um papel milimetrado no Excel (modelo de grade quadrada)<\/a><\/li><li> <a href=\"https:\/\/exceladvisor.org\/pt\/remover-quebra-de-pagina\/\">Remover quebra de p\u00e1gina no Excel<\/a><\/li><li> <a href=\"https:\/\/exceladvisor.org\/pt\/centralize-a-planilha-horizontalmente\/\">Centralize uma planilha horizontal e verticalmente no Excel<\/a><\/li><li> <a href=\"https:\/\/exceladvisor.org\/pt\/alterar-a-orientacao-da-pagina\/\">Alterar a orienta\u00e7\u00e3o da p\u00e1gina no Excel<\/a><\/li><li> <a href=\"https:\/\/exceladvisor.org\/pt\/margem-da-pagina\/\">Margem da p\u00e1gina no Excel (alterar e definir)<\/a> <\/li><\/ul><\/div><\/div><div class=\"gb-grid-column gb-grid-column-50067b57\"><div class=\"gb-container gb-container-50067b57\"><\/div><\/div><\/div><\/div>","protected":false},"excerpt":{"rendered":"","protected":false},"author":1,"featured_media":0,"parent":0,"menu_order":0,"comment_status":"open","ping_status":"closed","template":"","meta":{"ub_ctt_via":"","footnotes":""},"class_list":["post-392","page","type-page","status-publish","hentry"],"featured_image_src":null,"yoast_head":"<!-- This site is optimized with the Yoast SEO plugin v25.4 - https:\/\/yoast.com\/wordpress\/plugins\/seo\/ -->\n<title>Como definir a \u00e1rea de impress\u00e3o no Excel? (Tutorial 2023)<\/title>\n<meta name=\"description\" content=\"Neste tutorial, voc\u00ea aprender\u00e1 como definir a \u00e1rea de impress\u00e3o no Excel. Adicione c\u00e9lulas e intervalos \u00e0 \u00e1rea de impress\u00e3o e\" \/>\n<meta name=\"robots\" content=\"index, follow, max-snippet:-1, max-image-preview:large, max-video-preview:-1\" \/>\n<link rel=\"canonical\" href=\"https:\/\/exceladvisor.org\/pt\/definir-area-de-impressao\/\" \/>\n<meta property=\"og:locale\" content=\"pt_PT\" \/>\n<meta property=\"og:type\" content=\"article\" \/>\n<meta property=\"og:title\" content=\"Como definir a \u00e1rea de impress\u00e3o no Excel? (Tutorial 2023)\" \/>\n<meta property=\"og:description\" content=\"Neste tutorial, voc\u00ea aprender\u00e1 como definir a \u00e1rea de impress\u00e3o no Excel. Adicione c\u00e9lulas e intervalos \u00e0 \u00e1rea de impress\u00e3o e\" \/>\n<meta property=\"og:url\" content=\"https:\/\/exceladvisor.org\/pt\/definir-area-de-impressao\/\" \/>\n<meta property=\"og:site_name\" content=\"Excel Advisor\" \/>\n<meta property=\"article:modified_time\" content=\"2023-12-06T11:37:12+00:00\" \/>\n<meta property=\"og:image\" content=\"https:\/\/exceladvisor.org\/wp-content\/uploads\/2023\/08\/1-zone-dimpression-definie-dans-Excel.png\" \/>\n<meta name=\"twitter:card\" content=\"summary_large_image\" \/>\n<meta name=\"twitter:label1\" content=\"Tempo estimado de leitura\" \/>\n\t<meta name=\"twitter:data1\" content=\"4 minutos\" \/>\n<script type=\"application\/ld+json\" class=\"yoast-schema-graph\">{\"@context\":\"https:\/\/schema.org\",\"@graph\":[{\"@type\":\"WebPage\",\"@id\":\"https:\/\/exceladvisor.org\/pt\/definir-area-de-impressao\/\",\"url\":\"https:\/\/exceladvisor.org\/pt\/definir-area-de-impressao\/\",\"name\":\"Como definir a \u00e1rea de impress\u00e3o no Excel? (Tutorial 2023)\",\"isPartOf\":{\"@id\":\"https:\/\/exceladvisor.org\/pt\/#website\"},\"primaryImageOfPage\":{\"@id\":\"https:\/\/exceladvisor.org\/pt\/definir-area-de-impressao\/#primaryimage\"},\"image\":{\"@id\":\"https:\/\/exceladvisor.org\/pt\/definir-area-de-impressao\/#primaryimage\"},\"thumbnailUrl\":\"https:\/\/exceladvisor.org\/wp-content\/uploads\/2023\/08\/1-zone-dimpression-definie-dans-Excel.png\",\"datePublished\":\"2023-10-30T15:22:45+00:00\",\"dateModified\":\"2023-12-06T11:37:12+00:00\",\"description\":\"Neste tutorial, voc\u00ea aprender\u00e1 como definir a \u00e1rea de impress\u00e3o no Excel. Adicione c\u00e9lulas e intervalos \u00e0 \u00e1rea de impress\u00e3o e\",\"breadcrumb\":{\"@id\":\"https:\/\/exceladvisor.org\/pt\/definir-area-de-impressao\/#breadcrumb\"},\"inLanguage\":\"pt-PT\",\"potentialAction\":[{\"@type\":\"ReadAction\",\"target\":[\"https:\/\/exceladvisor.org\/pt\/definir-area-de-impressao\/\"]}]},{\"@type\":\"ImageObject\",\"inLanguage\":\"pt-PT\",\"@id\":\"https:\/\/exceladvisor.org\/pt\/definir-area-de-impressao\/#primaryimage\",\"url\":\"https:\/\/exceladvisor.org\/wp-content\/uploads\/2023\/08\/1-zone-dimpression-definie-dans-Excel.png\",\"contentUrl\":\"https:\/\/exceladvisor.org\/wp-content\/uploads\/2023\/08\/1-zone-dimpression-definie-dans-Excel.png\"},{\"@type\":\"BreadcrumbList\",\"@id\":\"https:\/\/exceladvisor.org\/pt\/definir-area-de-impressao\/#breadcrumb\",\"itemListElement\":[{\"@type\":\"ListItem\",\"position\":1,\"name\":\"Lar\",\"item\":\"https:\/\/exceladvisor.org\/pt\/\"},{\"@type\":\"ListItem\",\"position\":2,\"name\":\"Como definir a \u00e1rea de impress\u00e3o no excel?\"}]},{\"@type\":\"WebSite\",\"@id\":\"https:\/\/exceladvisor.org\/pt\/#website\",\"url\":\"https:\/\/exceladvisor.org\/pt\/\",\"name\":\"Excel Advisor\",\"description\":\"O seu guia definitivo para dominar os dados!\",\"publisher\":{\"@id\":\"https:\/\/exceladvisor.org\/pt\/#organization\"},\"potentialAction\":[{\"@type\":\"SearchAction\",\"target\":{\"@type\":\"EntryPoint\",\"urlTemplate\":\"https:\/\/exceladvisor.org\/pt\/?s={search_term_string}\"},\"query-input\":{\"@type\":\"PropertyValueSpecification\",\"valueRequired\":true,\"valueName\":\"search_term_string\"}}],\"inLanguage\":\"pt-PT\"},{\"@type\":\"Organization\",\"@id\":\"https:\/\/exceladvisor.org\/pt\/#organization\",\"name\":\"Excel Advisor\",\"url\":\"https:\/\/exceladvisor.org\/pt\/\",\"logo\":{\"@type\":\"ImageObject\",\"inLanguage\":\"pt-PT\",\"@id\":\"https:\/\/exceladvisor.org\/pt\/#\/schema\/logo\/image\/\",\"url\":\"https:\/\/exceladvisor.org\/pt\/wp-content\/uploads\/2023\/12\/exceladvisor.org_.png\",\"contentUrl\":\"https:\/\/exceladvisor.org\/pt\/wp-content\/uploads\/2023\/12\/exceladvisor.org_.png\",\"width\":105,\"height\":36,\"caption\":\"Excel Advisor\"},\"image\":{\"@id\":\"https:\/\/exceladvisor.org\/pt\/#\/schema\/logo\/image\/\"}}]}<\/script>\n<!-- \/ Yoast SEO plugin. -->","yoast_head_json":{"title":"Como definir a \u00e1rea de impress\u00e3o no Excel? (Tutorial 2023)","description":"Neste tutorial, voc\u00ea aprender\u00e1 como definir a \u00e1rea de impress\u00e3o no Excel. Adicione c\u00e9lulas e intervalos \u00e0 \u00e1rea de impress\u00e3o e","robots":{"index":"index","follow":"follow","max-snippet":"max-snippet:-1","max-image-preview":"max-image-preview:large","max-video-preview":"max-video-preview:-1"},"canonical":"https:\/\/exceladvisor.org\/pt\/definir-area-de-impressao\/","og_locale":"pt_PT","og_type":"article","og_title":"Como definir a \u00e1rea de impress\u00e3o no Excel? (Tutorial 2023)","og_description":"Neste tutorial, voc\u00ea aprender\u00e1 como definir a \u00e1rea de impress\u00e3o no Excel. Adicione c\u00e9lulas e intervalos \u00e0 \u00e1rea de impress\u00e3o e","og_url":"https:\/\/exceladvisor.org\/pt\/definir-area-de-impressao\/","og_site_name":"Excel Advisor","article_modified_time":"2023-12-06T11:37:12+00:00","og_image":[{"url":"https:\/\/exceladvisor.org\/wp-content\/uploads\/2023\/08\/1-zone-dimpression-definie-dans-Excel.png","type":"","width":"","height":""}],"twitter_card":"summary_large_image","twitter_misc":{"Tempo estimado de leitura":"4 minutos"},"schema":{"@context":"https:\/\/schema.org","@graph":[{"@type":"WebPage","@id":"https:\/\/exceladvisor.org\/pt\/definir-area-de-impressao\/","url":"https:\/\/exceladvisor.org\/pt\/definir-area-de-impressao\/","name":"Como definir a \u00e1rea de impress\u00e3o no Excel? (Tutorial 2023)","isPartOf":{"@id":"https:\/\/exceladvisor.org\/pt\/#website"},"primaryImageOfPage":{"@id":"https:\/\/exceladvisor.org\/pt\/definir-area-de-impressao\/#primaryimage"},"image":{"@id":"https:\/\/exceladvisor.org\/pt\/definir-area-de-impressao\/#primaryimage"},"thumbnailUrl":"https:\/\/exceladvisor.org\/wp-content\/uploads\/2023\/08\/1-zone-dimpression-definie-dans-Excel.png","datePublished":"2023-10-30T15:22:45+00:00","dateModified":"2023-12-06T11:37:12+00:00","description":"Neste tutorial, voc\u00ea aprender\u00e1 como definir a \u00e1rea de impress\u00e3o no Excel. Adicione c\u00e9lulas e intervalos \u00e0 \u00e1rea de impress\u00e3o e","breadcrumb":{"@id":"https:\/\/exceladvisor.org\/pt\/definir-area-de-impressao\/#breadcrumb"},"inLanguage":"pt-PT","potentialAction":[{"@type":"ReadAction","target":["https:\/\/exceladvisor.org\/pt\/definir-area-de-impressao\/"]}]},{"@type":"ImageObject","inLanguage":"pt-PT","@id":"https:\/\/exceladvisor.org\/pt\/definir-area-de-impressao\/#primaryimage","url":"https:\/\/exceladvisor.org\/wp-content\/uploads\/2023\/08\/1-zone-dimpression-definie-dans-Excel.png","contentUrl":"https:\/\/exceladvisor.org\/wp-content\/uploads\/2023\/08\/1-zone-dimpression-definie-dans-Excel.png"},{"@type":"BreadcrumbList","@id":"https:\/\/exceladvisor.org\/pt\/definir-area-de-impressao\/#breadcrumb","itemListElement":[{"@type":"ListItem","position":1,"name":"Lar","item":"https:\/\/exceladvisor.org\/pt\/"},{"@type":"ListItem","position":2,"name":"Como definir a \u00e1rea de impress\u00e3o no excel?"}]},{"@type":"WebSite","@id":"https:\/\/exceladvisor.org\/pt\/#website","url":"https:\/\/exceladvisor.org\/pt\/","name":"Excel Advisor","description":"O seu guia definitivo para dominar os dados!","publisher":{"@id":"https:\/\/exceladvisor.org\/pt\/#organization"},"potentialAction":[{"@type":"SearchAction","target":{"@type":"EntryPoint","urlTemplate":"https:\/\/exceladvisor.org\/pt\/?s={search_term_string}"},"query-input":{"@type":"PropertyValueSpecification","valueRequired":true,"valueName":"search_term_string"}}],"inLanguage":"pt-PT"},{"@type":"Organization","@id":"https:\/\/exceladvisor.org\/pt\/#organization","name":"Excel Advisor","url":"https:\/\/exceladvisor.org\/pt\/","logo":{"@type":"ImageObject","inLanguage":"pt-PT","@id":"https:\/\/exceladvisor.org\/pt\/#\/schema\/logo\/image\/","url":"https:\/\/exceladvisor.org\/pt\/wp-content\/uploads\/2023\/12\/exceladvisor.org_.png","contentUrl":"https:\/\/exceladvisor.org\/pt\/wp-content\/uploads\/2023\/12\/exceladvisor.org_.png","width":105,"height":36,"caption":"Excel Advisor"},"image":{"@id":"https:\/\/exceladvisor.org\/pt\/#\/schema\/logo\/image\/"}}]}},"yoast_meta":{"yoast_wpseo_title":"","yoast_wpseo_metadesc":"","yoast_wpseo_canonical":""},"_links":{"self":[{"href":"https:\/\/exceladvisor.org\/pt\/wp-json\/wp\/v2\/pages\/392","targetHints":{"allow":["GET"]}}],"collection":[{"href":"https:\/\/exceladvisor.org\/pt\/wp-json\/wp\/v2\/pages"}],"about":[{"href":"https:\/\/exceladvisor.org\/pt\/wp-json\/wp\/v2\/types\/page"}],"author":[{"embeddable":true,"href":"https:\/\/exceladvisor.org\/pt\/wp-json\/wp\/v2\/users\/1"}],"replies":[{"embeddable":true,"href":"https:\/\/exceladvisor.org\/pt\/wp-json\/wp\/v2\/comments?post=392"}],"version-history":[{"count":1,"href":"https:\/\/exceladvisor.org\/pt\/wp-json\/wp\/v2\/pages\/392\/revisions"}],"predecessor-version":[{"id":1019,"href":"https:\/\/exceladvisor.org\/pt\/wp-json\/wp\/v2\/pages\/392\/revisions\/1019"}],"wp:attachment":[{"href":"https:\/\/exceladvisor.org\/pt\/wp-json\/wp\/v2\/media?parent=392"}],"curies":[{"name":"wp","href":"https:\/\/api.w.org\/{rel}","templated":true}]}}