{"id":393,"date":"2023-10-30T14:48:51","date_gmt":"2023-10-30T14:48:51","guid":{"rendered":"https:\/\/exceladvisor.org\/pt\/concatenar-uma-quebra-de-linha\/"},"modified":"2023-12-06T11:35:25","modified_gmt":"2023-12-06T11:35:25","slug":"concatenar-uma-quebra-de-linha","status":"publish","type":"page","link":"https:\/\/exceladvisor.org\/pt\/concatenar-uma-quebra-de-linha\/","title":{"rendered":"Como concatenar com quebra de linha no excel?"},"content":{"rendered":"<div class=\"excel-before-content-2\" id=\"excel-441040694\"><script type=\"text\/javascript\">\r\n\tatOptions = {\r\n\t\t'key' : 'c1158f160081d6540a8409e6925dab94',\r\n\t\t'format' : 'iframe',\r\n\t\t'height' : 250,\r\n\t\t'width' : 300,\r\n\t\t'params' : {}\r\n\t};\r\n<\/script>\r\n<script type=\"text\/javascript\" src=\"\/\/www.highperformanceformat.com\/c1158f160081d6540a8409e6925dab94\/invoke.js\"><\/script><\/div><div class=\"excel-before-content\" id=\"excel-710856357\"><script type=\"text\/javascript\">\r\n\tatOptions = {\r\n\t\t'key' : 'c1158f160081d6540a8409e6925dab94',\r\n\t\t'format' : 'iframe',\r\n\t\t'height' : 250,\r\n\t\t'width' : 300,\r\n\t\t'params' : {}\r\n\t};\r\n<\/script>\r\n<script type=\"text\/javascript\" src=\"\/\/www.highperformanceformat.com\/c1158f160081d6540a8409e6925dab94\/invoke.js\"><\/script><\/div> <p>No Excel, quando normalmente combinamos texto de c\u00e9lulas diferentes usando CONCATENATE. Mas \u00e0s vezes, ao fazer isso, precisamos adicionar uma quebra de linha entre o texto que queremos combinar.<\/p><p> Como voc\u00ea sabe, <a style=\"outline: none;\" href=\"https:\/\/exceladvisor.org\/pt\/concatenar-um-intervalo-de-celulas\/\">existem v\u00e1rios m\u00e9todos<\/a> para concatenar texto, mas na hora de adicionar uma quebra de linha, precisamos usar uma f\u00f3rmula espec\u00edfica para isso.<\/p><p> Aqui est\u00e1 o problema: para inserir uma quebra de linha entre o texto, precisamos usar a fun\u00e7\u00e3o CHAR.<\/p><p> E no post de hoje vou mostrar exatamente 3 f\u00f3rmulas diferentes que voc\u00ea pode usar para quebrar uma linha enquanto combina valores de c\u00e9lulas diferentes. E o melhor \u00e9 que essas 3 f\u00f3rmulas s\u00e3o simples de usar.<\/p><p> Em todas essas f\u00f3rmulas, h\u00e1 uma coisa que \u00e9 comumente usada. Esta \u00e9 a fun\u00e7\u00e3o CHAR. Esta fun\u00e7\u00e3o retorna um caractere espec\u00edfico com base no n\u00famero que voc\u00ea especificou l\u00e1.<\/p><p> E para inserir uma quebra de linha temos que mencionar 10 se voc\u00ea estiver usando a vers\u00e3o Excel Windows e 13 se estiver usando a vers\u00e3o Excel MAC. Voc\u00ea pode aprender mais sobre CHAR <a href=\"https:\/\/support.office.com\/en-us\/article\/char-function-bbd249c8-b36e-4a91-8017-1c133f9b837a\" target=\"_blank\" rel=\"noreferrer noopener nofollow\">aqui<\/a> e agora vamos passar para nossas f\u00f3rmulas de nova linha.<\/p><h2 class=\"wp-block-heading\"> 1. Usando um E comercial com CHAR<\/h2><p> Na verdade, esta \u00e9 uma f\u00f3rmula simples onde voc\u00ea faz refer\u00eancia a todas as c\u00e9lulas que deseja combinar, mas usa CHAR(10) entre essas refer\u00eancias de c\u00e9lulas. Veja esta f\u00f3rmula abaixo: <\/p><pre class=\"wp-block-code\"> <code class=\"language-excel-formula\" lang=\"excel-formula\">=A2&amp;CHAR(10)&amp;B2&amp;CHAR(10)&amp;C2<\/code><\/pre><div class=\"wp-block-image\"><figure class=\"aligncenter\"><img decoding=\"async\" src=\"https:\/\/exceladvisor.org\/wp-content\/uploads\/2023\/08\/concatener-avec-une-formule-simple-de-saut-de-ligne-1.png\" sizes=\"\" srcset=\"\" alt=\"concatenar com uma f\u00f3rmula simples de nova linha\"><\/figure><\/div><p class=\"qt-tip\"> <strong>Nota importante:<\/strong> Depois de inserir esta f\u00f3rmula em uma c\u00e9lula, certifique-se de aplicar &#8220;Wrap Text&#8221; a essa c\u00e9lula.<\/p><h3 class=\"wp-block-heading\"> veja como essa f\u00f3rmula funciona&#8230;<\/h3><p> Na verdade, nesta f\u00f3rmula combinamos um total de cinco valores usando um e comercial (&amp;). Tr\u00eas valores de c\u00e9lulas e duas fun\u00e7\u00f5es CHAR para quebras de linha. Primeiro temos A2, depois uma nova linha, depois B2 e outra nova linha e, no final, C2.<\/p><p> <strong>Tutorial relacionado<\/strong> : <a href=\"https:\/\/exceladvisor.org\/pt\/remover-espacos-extras\/\">Remover espa\u00e7os extras no Excel<\/a><\/p><h2 class=\"wp-block-heading\"> 2. Usando CHAR com fun\u00e7\u00e3o CONCATENATE<\/h2><p> Esta f\u00f3rmula \u00e9 quase a mesma que usamos acima, mas aqui, em vez de usar um E comercial (&amp;), simplesmente usamos a fun\u00e7\u00e3o CONCATENAR. <a href=\"https:\/\/exceladvisor.org\/pt\/editar-celula\/\">Edite a c\u00e9lula<\/a> e insira a f\u00f3rmula abaixo. <\/p><pre class=\"wp-block-code\"> <code class=\"language-excel-formula\" lang=\"excel-formula\">=CONCATENATE(A2,CHAR(10),B2,CHAR(10),C2)<\/code><\/pre><div class=\"wp-block-image\"><figure class=\"aligncenter\"><img decoding=\"async\" src=\"https:\/\/exceladvisor.org\/wp-content\/uploads\/2023\/08\/concatener-avec-un-saut-de-ligne-en-utilisant-la-fonction-de-concatenation-1.png\" sizes=\"\" srcset=\"\" alt=\"concatenar com uma nova linha usando a fun\u00e7\u00e3o concatenar\"><\/figure><\/div><p> Novamente nesta f\u00f3rmula, certifique-se de aplicar \u201cWrap Text\u201d \u00e0 c\u00e9lula.<\/p><h3 class=\"wp-block-heading\"> veja como essa f\u00f3rmula funciona&#8230;<\/h3><p> Nesta f\u00f3rmula combinamos 5 coisas diferentes usando CONCATENATE. Valor da c\u00e9lula A2, quebra de linha usando CHAR, Valores da c\u00e9lula B2, quebra de linha e no final, o valor da c\u00e9lula C2.<\/p><h2 class=\"wp-block-heading\"> 3. Combina\u00e7\u00e3o de CHAR e TEXTJOIN para obter quebra de linha no texto<\/h2><p> TEXTJOIN \u00e9 a vers\u00e3o avan\u00e7ada do CONCATENATE. Na fun\u00e7\u00e3o voc\u00ea pode usar um delimitador para combinar o texto das c\u00e9lulas. E aqui est\u00e1 a f\u00f3rmula para obter uma quebra de linha ao concatenar texto de c\u00e9lulas diferentes. <\/p><pre class=\"wp-block-code\"> <code class=\"language-excel-formula\" lang=\"excel-formula\">=TEXTJOIN(CHAR(10),TRUE,A2:C2)<\/code><\/pre><div class=\"wp-block-image\"><figure class=\"aligncenter\"><img decoding=\"async\" src=\"https:\/\/exceladvisor.org\/wp-content\/uploads\/2023\/08\/concatener-avec-une-jointure-de-saut-de-ligne-1.png\" sizes=\"\" srcset=\"\" alt=\"concatenar com uma jun\u00e7\u00e3o de nova linha\"><\/figure><\/div><h3 class=\"wp-block-heading\"> veja como essa f\u00f3rmula funciona&#8230;<\/h3><p> Na f\u00f3rmula, usamos CHAR como delimitador e depois TRUE para ignorar c\u00e9lulas vazias. E no final selecionamos toda a faixa A2:C2 que precisamos combinar. Agora o que acontece, conforme especificamos CHAR(10), ele adicionar\u00e1 uma nova linha ap\u00f3s cada valor da c\u00e9lula.<\/p><h2 class=\"wp-block-heading\"> Conclus\u00e3o<\/h2><p> Ao usar uma quebra de linha em uma f\u00f3rmula, voc\u00ea precisa cuidar de duas coisas: usando a fun\u00e7\u00e3o CHAR para a quebra de linha e aplicando &#8220;Word Wrap&#8221; \u00e0 c\u00e9lula. De todas as f\u00f3rmulas acima que aprendemos aqui, acho que usar TEXTJOIN \u00e9 o m\u00e9todo melhor e mais simples.<\/p><p> Espero que voc\u00ea tenha achado esta dica de f\u00f3rmula \u00fatil, mas agora voc\u00ea precisa me dizer uma coisa.<\/p><p> <em><strong>Qual f\u00f3rmula voc\u00ea acha melhor usar?<\/strong><\/em> Compartilhe sua opini\u00e3o comigo na se\u00e7\u00e3o de coment\u00e1rios, adoraria ouvir de voc\u00ea e compartilhe essa dica com seus amigos tamb\u00e9m.<\/p><div class=\"gb-container gb-container-0df56012 gb-container-mt\"> <a class=\"gb-button gb-button-f9f432f4 gb-button-text gb-button-mt-button\" href=\"https:\/\/exceladvisor.org\/pt\/formulas\/\">Lista de f\u00f3rmulas do Excel<\/a><h2 class=\"gb-headline gb-headline-233444e8 gb-headline-text gb-headline-mt-heading\"> F\u00f3rmulas relacionadas <\/h2><div class=\"gb-grid-wrapper gb-grid-wrapper-a16fa65c gb-grid-wrapper-mt-grid\"><div class=\"gb-grid-column gb-grid-column-50d07e0d\"><div class=\"gb-container gb-container-50d07e0d\"><ul><li> <a href=\"https:\/\/exceladvisor.org\/pt\/nova-linha-na-celula\/\">Adicione uma nova linha a uma c\u00e9lula no Excel (quebra de linha)<\/a><\/li><li> <a href=\"https:\/\/exceladvisor.org\/pt\/zeros-a-esquerda\/\">Adicione zeros \u00e0 esquerda no Excel<\/a><\/li><li> <a href=\"https:\/\/exceladvisor.org\/pt\/concatenar-celulas-com-virgula\/\">Concatenar (combinar) c\u00e9lulas com v\u00edrgula no Excel<\/a><\/li><li> <a href=\"https:\/\/exceladvisor.org\/pt\/concatenar-um-intervalo-de-celulas\/\">Concatenar (combinar) um intervalo de c\u00e9lulas no Excel<\/a> <\/li><\/ul><\/div><\/div><div class=\"gb-grid-column gb-grid-column-5b4a0cf9\"><div class=\"gb-container gb-container-5b4a0cf9\"><\/div><\/div><\/div><\/div>","protected":false},"excerpt":{"rendered":"","protected":false},"author":1,"featured_media":0,"parent":0,"menu_order":0,"comment_status":"open","ping_status":"closed","template":"","meta":{"ub_ctt_via":"","footnotes":""},"class_list":["post-393","page","type-page","status-publish","hentry"],"featured_image_src":null,"yoast_head":"<!-- This site is optimized with the Yoast SEO plugin v25.4 - https:\/\/yoast.com\/wordpress\/plugins\/seo\/ -->\n<title>\u25b7 Como concatenar com quebra de linha no Excel?<\/title>\n<meta name=\"description\" content=\"Neste tutorial, voc\u00ea aprender\u00e1 3 f\u00f3rmulas para concatenar com quebra de linha no Excel, incluindo fun\u00e7\u00f5es CHAR, CONCATENATE\" \/>\n<meta name=\"robots\" content=\"index, follow, max-snippet:-1, max-image-preview:large, max-video-preview:-1\" \/>\n<link rel=\"canonical\" href=\"https:\/\/exceladvisor.org\/pt\/concatenar-uma-quebra-de-linha\/\" \/>\n<meta property=\"og:locale\" content=\"pt_PT\" \/>\n<meta property=\"og:type\" content=\"article\" \/>\n<meta property=\"og:title\" content=\"\u25b7 Como concatenar com quebra de linha no Excel?\" \/>\n<meta property=\"og:description\" content=\"Neste tutorial, voc\u00ea aprender\u00e1 3 f\u00f3rmulas para concatenar com quebra de linha no Excel, incluindo fun\u00e7\u00f5es CHAR, CONCATENATE\" \/>\n<meta property=\"og:url\" content=\"https:\/\/exceladvisor.org\/pt\/concatenar-uma-quebra-de-linha\/\" \/>\n<meta property=\"og:site_name\" content=\"Excel Advisor\" \/>\n<meta property=\"article:modified_time\" content=\"2023-12-06T11:35:25+00:00\" \/>\n<meta property=\"og:image\" content=\"https:\/\/exceladvisor.org\/wp-content\/uploads\/2023\/08\/concatener-avec-une-formule-simple-de-saut-de-ligne-1.png\" \/>\n<meta name=\"twitter:card\" content=\"summary_large_image\" \/>\n<meta name=\"twitter:label1\" content=\"Tempo estimado de leitura\" \/>\n\t<meta name=\"twitter:data1\" content=\"3 minutos\" \/>\n<script type=\"application\/ld+json\" class=\"yoast-schema-graph\">{\"@context\":\"https:\/\/schema.org\",\"@graph\":[{\"@type\":\"WebPage\",\"@id\":\"https:\/\/exceladvisor.org\/pt\/concatenar-uma-quebra-de-linha\/\",\"url\":\"https:\/\/exceladvisor.org\/pt\/concatenar-uma-quebra-de-linha\/\",\"name\":\"\u25b7 Como concatenar com quebra de linha no Excel?\",\"isPartOf\":{\"@id\":\"https:\/\/exceladvisor.org\/pt\/#website\"},\"primaryImageOfPage\":{\"@id\":\"https:\/\/exceladvisor.org\/pt\/concatenar-uma-quebra-de-linha\/#primaryimage\"},\"image\":{\"@id\":\"https:\/\/exceladvisor.org\/pt\/concatenar-uma-quebra-de-linha\/#primaryimage\"},\"thumbnailUrl\":\"https:\/\/exceladvisor.org\/wp-content\/uploads\/2023\/08\/concatener-avec-une-formule-simple-de-saut-de-ligne-1.png\",\"datePublished\":\"2023-10-30T14:48:51+00:00\",\"dateModified\":\"2023-12-06T11:35:25+00:00\",\"description\":\"Neste tutorial, voc\u00ea aprender\u00e1 3 f\u00f3rmulas para concatenar com quebra de linha no Excel, incluindo fun\u00e7\u00f5es CHAR, CONCATENATE\",\"breadcrumb\":{\"@id\":\"https:\/\/exceladvisor.org\/pt\/concatenar-uma-quebra-de-linha\/#breadcrumb\"},\"inLanguage\":\"pt-PT\",\"potentialAction\":[{\"@type\":\"ReadAction\",\"target\":[\"https:\/\/exceladvisor.org\/pt\/concatenar-uma-quebra-de-linha\/\"]}]},{\"@type\":\"ImageObject\",\"inLanguage\":\"pt-PT\",\"@id\":\"https:\/\/exceladvisor.org\/pt\/concatenar-uma-quebra-de-linha\/#primaryimage\",\"url\":\"https:\/\/exceladvisor.org\/wp-content\/uploads\/2023\/08\/concatener-avec-une-formule-simple-de-saut-de-ligne-1.png\",\"contentUrl\":\"https:\/\/exceladvisor.org\/wp-content\/uploads\/2023\/08\/concatener-avec-une-formule-simple-de-saut-de-ligne-1.png\"},{\"@type\":\"BreadcrumbList\",\"@id\":\"https:\/\/exceladvisor.org\/pt\/concatenar-uma-quebra-de-linha\/#breadcrumb\",\"itemListElement\":[{\"@type\":\"ListItem\",\"position\":1,\"name\":\"Lar\",\"item\":\"https:\/\/exceladvisor.org\/pt\/\"},{\"@type\":\"ListItem\",\"position\":2,\"name\":\"Como concatenar com quebra de linha no excel?\"}]},{\"@type\":\"WebSite\",\"@id\":\"https:\/\/exceladvisor.org\/pt\/#website\",\"url\":\"https:\/\/exceladvisor.org\/pt\/\",\"name\":\"Excel Advisor\",\"description\":\"O seu guia definitivo para dominar os dados!\",\"publisher\":{\"@id\":\"https:\/\/exceladvisor.org\/pt\/#organization\"},\"potentialAction\":[{\"@type\":\"SearchAction\",\"target\":{\"@type\":\"EntryPoint\",\"urlTemplate\":\"https:\/\/exceladvisor.org\/pt\/?s={search_term_string}\"},\"query-input\":{\"@type\":\"PropertyValueSpecification\",\"valueRequired\":true,\"valueName\":\"search_term_string\"}}],\"inLanguage\":\"pt-PT\"},{\"@type\":\"Organization\",\"@id\":\"https:\/\/exceladvisor.org\/pt\/#organization\",\"name\":\"Excel Advisor\",\"url\":\"https:\/\/exceladvisor.org\/pt\/\",\"logo\":{\"@type\":\"ImageObject\",\"inLanguage\":\"pt-PT\",\"@id\":\"https:\/\/exceladvisor.org\/pt\/#\/schema\/logo\/image\/\",\"url\":\"https:\/\/exceladvisor.org\/pt\/wp-content\/uploads\/2023\/12\/exceladvisor.org_.png\",\"contentUrl\":\"https:\/\/exceladvisor.org\/pt\/wp-content\/uploads\/2023\/12\/exceladvisor.org_.png\",\"width\":105,\"height\":36,\"caption\":\"Excel Advisor\"},\"image\":{\"@id\":\"https:\/\/exceladvisor.org\/pt\/#\/schema\/logo\/image\/\"}}]}<\/script>\n<!-- \/ Yoast SEO plugin. -->","yoast_head_json":{"title":"\u25b7 Como concatenar com quebra de linha no Excel?","description":"Neste tutorial, voc\u00ea aprender\u00e1 3 f\u00f3rmulas para concatenar com quebra de linha no Excel, incluindo fun\u00e7\u00f5es CHAR, CONCATENATE","robots":{"index":"index","follow":"follow","max-snippet":"max-snippet:-1","max-image-preview":"max-image-preview:large","max-video-preview":"max-video-preview:-1"},"canonical":"https:\/\/exceladvisor.org\/pt\/concatenar-uma-quebra-de-linha\/","og_locale":"pt_PT","og_type":"article","og_title":"\u25b7 Como concatenar com quebra de linha no Excel?","og_description":"Neste tutorial, voc\u00ea aprender\u00e1 3 f\u00f3rmulas para concatenar com quebra de linha no Excel, incluindo fun\u00e7\u00f5es CHAR, CONCATENATE","og_url":"https:\/\/exceladvisor.org\/pt\/concatenar-uma-quebra-de-linha\/","og_site_name":"Excel Advisor","article_modified_time":"2023-12-06T11:35:25+00:00","og_image":[{"url":"https:\/\/exceladvisor.org\/wp-content\/uploads\/2023\/08\/concatener-avec-une-formule-simple-de-saut-de-ligne-1.png","type":"","width":"","height":""}],"twitter_card":"summary_large_image","twitter_misc":{"Tempo estimado de leitura":"3 minutos"},"schema":{"@context":"https:\/\/schema.org","@graph":[{"@type":"WebPage","@id":"https:\/\/exceladvisor.org\/pt\/concatenar-uma-quebra-de-linha\/","url":"https:\/\/exceladvisor.org\/pt\/concatenar-uma-quebra-de-linha\/","name":"\u25b7 Como concatenar com quebra de linha no Excel?","isPartOf":{"@id":"https:\/\/exceladvisor.org\/pt\/#website"},"primaryImageOfPage":{"@id":"https:\/\/exceladvisor.org\/pt\/concatenar-uma-quebra-de-linha\/#primaryimage"},"image":{"@id":"https:\/\/exceladvisor.org\/pt\/concatenar-uma-quebra-de-linha\/#primaryimage"},"thumbnailUrl":"https:\/\/exceladvisor.org\/wp-content\/uploads\/2023\/08\/concatener-avec-une-formule-simple-de-saut-de-ligne-1.png","datePublished":"2023-10-30T14:48:51+00:00","dateModified":"2023-12-06T11:35:25+00:00","description":"Neste tutorial, voc\u00ea aprender\u00e1 3 f\u00f3rmulas para concatenar com quebra de linha no Excel, incluindo fun\u00e7\u00f5es CHAR, CONCATENATE","breadcrumb":{"@id":"https:\/\/exceladvisor.org\/pt\/concatenar-uma-quebra-de-linha\/#breadcrumb"},"inLanguage":"pt-PT","potentialAction":[{"@type":"ReadAction","target":["https:\/\/exceladvisor.org\/pt\/concatenar-uma-quebra-de-linha\/"]}]},{"@type":"ImageObject","inLanguage":"pt-PT","@id":"https:\/\/exceladvisor.org\/pt\/concatenar-uma-quebra-de-linha\/#primaryimage","url":"https:\/\/exceladvisor.org\/wp-content\/uploads\/2023\/08\/concatener-avec-une-formule-simple-de-saut-de-ligne-1.png","contentUrl":"https:\/\/exceladvisor.org\/wp-content\/uploads\/2023\/08\/concatener-avec-une-formule-simple-de-saut-de-ligne-1.png"},{"@type":"BreadcrumbList","@id":"https:\/\/exceladvisor.org\/pt\/concatenar-uma-quebra-de-linha\/#breadcrumb","itemListElement":[{"@type":"ListItem","position":1,"name":"Lar","item":"https:\/\/exceladvisor.org\/pt\/"},{"@type":"ListItem","position":2,"name":"Como concatenar com quebra de linha no excel?"}]},{"@type":"WebSite","@id":"https:\/\/exceladvisor.org\/pt\/#website","url":"https:\/\/exceladvisor.org\/pt\/","name":"Excel Advisor","description":"O seu guia definitivo para dominar os dados!","publisher":{"@id":"https:\/\/exceladvisor.org\/pt\/#organization"},"potentialAction":[{"@type":"SearchAction","target":{"@type":"EntryPoint","urlTemplate":"https:\/\/exceladvisor.org\/pt\/?s={search_term_string}"},"query-input":{"@type":"PropertyValueSpecification","valueRequired":true,"valueName":"search_term_string"}}],"inLanguage":"pt-PT"},{"@type":"Organization","@id":"https:\/\/exceladvisor.org\/pt\/#organization","name":"Excel Advisor","url":"https:\/\/exceladvisor.org\/pt\/","logo":{"@type":"ImageObject","inLanguage":"pt-PT","@id":"https:\/\/exceladvisor.org\/pt\/#\/schema\/logo\/image\/","url":"https:\/\/exceladvisor.org\/pt\/wp-content\/uploads\/2023\/12\/exceladvisor.org_.png","contentUrl":"https:\/\/exceladvisor.org\/pt\/wp-content\/uploads\/2023\/12\/exceladvisor.org_.png","width":105,"height":36,"caption":"Excel Advisor"},"image":{"@id":"https:\/\/exceladvisor.org\/pt\/#\/schema\/logo\/image\/"}}]}},"yoast_meta":{"yoast_wpseo_title":"","yoast_wpseo_metadesc":"","yoast_wpseo_canonical":""},"_links":{"self":[{"href":"https:\/\/exceladvisor.org\/pt\/wp-json\/wp\/v2\/pages\/393","targetHints":{"allow":["GET"]}}],"collection":[{"href":"https:\/\/exceladvisor.org\/pt\/wp-json\/wp\/v2\/pages"}],"about":[{"href":"https:\/\/exceladvisor.org\/pt\/wp-json\/wp\/v2\/types\/page"}],"author":[{"embeddable":true,"href":"https:\/\/exceladvisor.org\/pt\/wp-json\/wp\/v2\/users\/1"}],"replies":[{"embeddable":true,"href":"https:\/\/exceladvisor.org\/pt\/wp-json\/wp\/v2\/comments?post=393"}],"version-history":[{"count":1,"href":"https:\/\/exceladvisor.org\/pt\/wp-json\/wp\/v2\/pages\/393\/revisions"}],"predecessor-version":[{"id":905,"href":"https:\/\/exceladvisor.org\/pt\/wp-json\/wp\/v2\/pages\/393\/revisions\/905"}],"wp:attachment":[{"href":"https:\/\/exceladvisor.org\/pt\/wp-json\/wp\/v2\/media?parent=393"}],"curies":[{"name":"wp","href":"https:\/\/api.w.org\/{rel}","templated":true}]}}