{"id":394,"date":"2023-10-30T14:33:49","date_gmt":"2023-10-30T14:33:49","guid":{"rendered":"https:\/\/exceladvisor.org\/pt\/girar-texto\/"},"modified":"2023-12-06T11:37:56","modified_gmt":"2023-12-06T11:37:56","slug":"girar-texto","status":"publish","type":"page","link":"https:\/\/exceladvisor.org\/pt\/girar-texto\/","title":{"rendered":"Como girar texto no excel?"},"content":{"rendered":"<div class=\"excel-before-content-2\" id=\"excel-725789689\"><script type=\"text\/javascript\">\r\n\tatOptions = {\r\n\t\t'key' : 'c1158f160081d6540a8409e6925dab94',\r\n\t\t'format' : 'iframe',\r\n\t\t'height' : 250,\r\n\t\t'width' : 300,\r\n\t\t'params' : {}\r\n\t};\r\n<\/script>\r\n<script type=\"text\/javascript\" src=\"\/\/www.highperformanceformat.com\/c1158f160081d6540a8409e6925dab94\/invoke.js\"><\/script><\/div><div class=\"excel-before-content\" id=\"excel-1533082093\"><script type=\"text\/javascript\">\r\n\tatOptions = {\r\n\t\t'key' : 'c1158f160081d6540a8409e6925dab94',\r\n\t\t'format' : 'iframe',\r\n\t\t'height' : 250,\r\n\t\t'width' : 300,\r\n\t\t'params' : {}\r\n\t};\r\n<\/script>\r\n<script type=\"text\/javascript\" src=\"\/\/www.highperformanceformat.com\/c1158f160081d6540a8409e6925dab94\/invoke.js\"><\/script><\/div> <p>Trabalhar no Excel sempre foi divertido. Mas \u00e0s vezes \u00e9 chato ver os mesmos formatos, textos, fontes e, claro, os mesmos n\u00fameros chatos.<\/p><p> Sem d\u00favida, voc\u00ea pode mudar um pouco a apar\u00eancia usando a op\u00e7\u00e3o Fonte. Mas h\u00e1 muito mais que voc\u00ea pode fazer com dire\u00e7\u00e3o e alinhamento de texto.<\/p><p> Isto n\u00e3o s\u00f3 mudar\u00e1 o visual, mas acima de tudo economizar\u00e1 muito espa\u00e7o. Percorrer as p\u00e1ginas subsequentes \u00e0s vezes \u00e9 irritante. Assim, voc\u00ea pode ajustar o relat\u00f3rio em uma \u00fanica p\u00e1gina brincando com a orienta\u00e7\u00e3o e o alinhamento do texto em algumas etapas simples.<\/p><ol><li> Primeiro, selecione a c\u00e9lula na qual deseja girar o texto. Aqui selecionamos a linha do cabe\u00e7alho. <br><img loading=\"lazy\" decoding=\"async\" title=\"1 rota\u00e7\u00e3o de texto no Excel\" src=\"https:\/\/exceladvisor.org\/wp-content\/uploads\/2023\/08\/1-faire-pivoter-le-texte-dans-excel.png\" sizes=\"auto, \" srcset=\"\" alt=\"rotate-text-in-excel\" width=\"461\" height=\"37\"><\/li><li> Agora v\u00e1 para a guia In\u00edcio e encontre a guia Alinhamento na faixa de op\u00e7\u00f5es. <br><img loading=\"lazy\" decoding=\"async\" title=\"Guia de 2 buscas por alinhamento\" src=\"https:\/\/exceladvisor.org\/wp-content\/uploads\/2023\/08\/2-recherchez-longlet-dalignement.png\" sizes=\"auto, \" srcset=\"\" alt=\"look-for-alignment-tab\" width=\"619\" height=\"139\"><\/li><li> Em seguida, clique no bot\u00e3o Orienta\u00e7\u00e3o. <br><img loading=\"lazy\" decoding=\"async\" title=\"3 cliques no bot\u00e3o de orienta\u00e7\u00e3o\" src=\"https:\/\/exceladvisor.org\/wp-content\/uploads\/2023\/08\/3-cliquez-sur-le-bouton-dorientation.png\" sizes=\"auto, \" srcset=\"\" alt=\"click-on-orientation-button\" width=\"478\" height=\"142\"><\/li><li> Aqui voc\u00ea obter\u00e1 op\u00e7\u00f5es padr\u00e3o na lista suspensa. <br><img loading=\"lazy\" decoding=\"async\" title=\"4 op\u00e7\u00f5es de rota\u00e7\u00e3o de texto padr\u00e3o\" src=\"https:\/\/exceladvisor.org\/wp-content\/uploads\/2023\/08\/4-options-de-rotation-de-texte-par-defaut.png\" sizes=\"auto, \" srcset=\"\" alt=\"default-text-rotate-options\" width=\"207\" height=\"201\"><\/li><li> Agora vamos tentar um por um e ver o que acontece com o texto. <br><img loading=\"lazy\" decoding=\"async\" title=\"5 rota\u00e7\u00f5es de texto\" src=\"https:\/\/exceladvisor.org\/wp-content\/uploads\/2023\/08\/5-faire-pivoter-le-texte.png\" sizes=\"auto, \" srcset=\"\" alt=\"rotate-text\" width=\"497\" height=\"455\"><\/li><li> Na verdade, voc\u00ea pode ter uma ideia pelo s\u00edmbolo na frente de cada op\u00e7\u00e3o sobre o que acontecer\u00e1 com o seu texto. <br><img loading=\"lazy\" decoding=\"async\" title=\"6 s\u00edmbolos de rota\u00e7\u00e3o de texto\" src=\"https:\/\/exceladvisor.org\/wp-content\/uploads\/2023\/08\/6-symboles-de-rotation-de-texte.png\" sizes=\"auto, \" srcset=\"\" alt=\"text-rotate-symbols\" width=\"214\" height=\"207\"><\/li><\/ol><p> Estas foram as op\u00e7\u00f5es padr\u00e3o que voc\u00ea pode usar rapidamente com apenas um clique. Agora, para quem n\u00e3o gosta dessa configura\u00e7\u00e3o, h\u00e1 outra coisa que voc\u00ea pode escolher.<\/p><ol><li> Para passar para o pr\u00f3ximo n\u00edvel, selecione novamente as c\u00e9lulas que deseja girar e clique na \u00faltima op\u00e7\u00e3o \u201cFormatar alinhamento de c\u00e9lulas\u201d. <br><img loading=\"lazy\" decoding=\"async\" title=\"7-orienta\u00e7\u00e3o de texto personalizada\" src=\"https:\/\/exceladvisor.org\/wp-content\/uploads\/2023\/08\/7-orientation-de-texte-personnalisee.png\" sizes=\"auto, \" srcset=\"\" alt=\"custom-text-orientation\" width=\"236\" height=\"228\"><\/li><li> Depois disso, uma caixa de di\u00e1logo ser\u00e1 aberta na sua frente. <br><img loading=\"lazy\" decoding=\"async\" title=\"8 caixas de di\u00e1logo abertas\" src=\"https:\/\/exceladvisor.org\/wp-content\/uploads\/2023\/08\/8-boite-de-dialogue-ouverte.png\" sizes=\"auto, \" srcset=\"\" alt=\"dialogue-box-opened\" width=\"568\" height=\"562\"><\/li><li> \u00c0 direita, em Orienta\u00e7\u00e3o, voc\u00ea pode simplesmente arrastar o ponto vermelho para cima e para baixo para adicionar um \u00e2ngulo personalizado ao seu texto. <br><img loading=\"lazy\" decoding=\"async\" title=\"9-arraste o ponto vermelho\" src=\"https:\/\/exceladvisor.org\/wp-content\/uploads\/2023\/08\/9-faites-glisser-le-point-rouge.png\" sizes=\"auto, \" srcset=\"\" alt=\"drag-the-red-dot\" width=\"178\" height=\"236\"><\/li><li> Al\u00e9m disso, voc\u00ea pode inserir manualmente um determinado \u00e2ngulo +positivo ou negativo pr\u00f3ximo a \u201cGraus\u201d. <br><img loading=\"lazy\" decoding=\"async\" title=\"10-entrada manual em determinado \u00e2ngulo\" src=\"https:\/\/exceladvisor.org\/wp-content\/uploads\/2023\/08\/10-entrer-manuellement-un-certain-angle.png\" sizes=\"auto, \" srcset=\"\" alt=\"manually-enter-a-certain-angle\" width=\"180\" height=\"249\"><\/li><\/ol><h2 class=\"wp-block-heading\"> <strong>Alinhamento de texto<\/strong><\/h2><p> Aqui est\u00e1 a parte interessante. At\u00e9 agora est\u00e1vamos falando sobre dire\u00e7\u00e3o do texto ou voc\u00ea pode dizer Orienta\u00e7\u00e3o. A pr\u00f3xima coisa que voc\u00ea precisa saber \u00e9 o alinhamento do texto. Em outras palavras, voc\u00ea pode escolher a localiza\u00e7\u00e3o do texto, ou seja, no centro, direita, esquerda, superior ou inferior da c\u00e9lula. Vamos ver como.<\/p><ol><li> Primeiro, selecione a c\u00e9lula \u2192 In\u00edcio \u2192 Alinhamento \u2192 Orienta\u00e7\u00e3o \u2192 Formatar alinhamento de c\u00e9lula. <br><img loading=\"lazy\" decoding=\"async\" title=\"alinhamento de 11 textos\" src=\"https:\/\/exceladvisor.org\/wp-content\/uploads\/2023\/08\/11-alignement-du-texte.png\" sizes=\"auto, \" srcset=\"\" alt=\"text-alignment\" width=\"518\" height=\"513\"><\/li><li> Agora voc\u00ea tem 2 op\u00e7\u00f5es Horizontal e Vertical e clique na pequena seta suspensa. <br><img loading=\"lazy\" decoding=\"async\" title=\"Op\u00e7\u00f5es de 12 horizontais-verticais\" src=\"https:\/\/exceladvisor.org\/wp-content\/uploads\/2023\/08\/12-options-verticales-horizontales.png\" sizes=\"auto, \" srcset=\"\" alt=\"horizontal-&amp;-vertical-options\" width=\"655\" height=\"394\"><\/li><li> Aqui voc\u00ea precisa experimentar todas as op\u00e7\u00f5es e analisar o que mais combina com o seu relat\u00f3rio. Aqui est\u00e1 uma olhada em como \u00e9: &#8211; <br><img loading=\"lazy\" decoding=\"async\" title=\"13-analisar-as-op\u00e7\u00f5es\" src=\"https:\/\/exceladvisor.org\/wp-content\/uploads\/2023\/08\/13-analyser-les-options.png\" sizes=\"auto, \" srcset=\"\" alt=\"analyze-the-options\" width=\"785\" height=\"439\"><\/li><\/ol><p> Pode parecer confuso, mas certamente ser\u00e1 melhor se voc\u00ea tentar uma vez.<\/p><p class=\"qt-tip\"> <strong>Dica:<\/strong> N\u00e3o use um conjunto fixo de layouts para cada relat\u00f3rio, pois a orienta\u00e7\u00e3o e o alinhamento dependem do comprimento e do tipo de texto que voc\u00ea possui.<\/p><p> Por exemplo, o texto padr\u00e3o come\u00e7ou na coluna B1: F1. Mas voc\u00ea notar\u00e1 que assim que usamos a orienta\u00e7\u00e3o \u201c\u00c2ngulo Anti-hor\u00e1rio\u201d, o texto se moveu para a c\u00e9lula direita e esquerda usando \u201c\u00c2ngulo Sentido Hor\u00e1rio\u201d.<\/p><p> Isso poderia ser problem\u00e1tico se nossos dados come\u00e7assem na coluna A, pois seriam retirados da visualiza\u00e7\u00e3o do relat\u00f3rio. Portanto, voc\u00ea precisa experimentar todas as op\u00e7\u00f5es e escolher com sabedoria com base no seu relat\u00f3rio e tipo de dados. <\/p><div class=\"wp-block-image\"><figure class=\"aligncenter size-full is-resized\"><img loading=\"lazy\" decoding=\"async\" class=\"wp-image-62115\" src=\"https:\/\/exceladvisor.org\/wp-content\/uploads\/2023\/08\/14-angle-dans-le-sens-des-aiguilles-dune-montre.png\" sizes=\"auto, \" srcset=\"\" alt=\"\u00e2ngulo no sentido hor\u00e1rio\" width=\"654\" height=\"306\"><\/figure><\/div><div class=\"gb-container gb-container-4db6181c gb-container-mt\"> <a class=\"gb-button gb-button-c5897111 gb-button-text gb-button-mt-button\" href=\"https:\/\/exceladvisor.org\/pt\/nocoes-basicas-de-excel\/\">No\u00e7\u00f5es b\u00e1sicas do Microsoft Excel (componentes, pe\u00e7as e notas de conhecimento)<\/a><h2 class=\"gb-headline gb-headline-665e5f6b gb-headline-text gb-headline-mt-heading\"> Tutoriais relacionados <\/h2><div class=\"gb-grid-wrapper gb-grid-wrapper-a20baf7c gb-grid-wrapper-mt-grid\"><div class=\"gb-grid-column gb-grid-column-65ddf67e\"><div class=\"gb-container gb-container-65ddf67e\"><ul><li> <a href=\"https:\/\/exceladvisor.org\/pt\/desenhe-uma-linha\/\">Desenhe uma linha no Excel<\/a><\/li><li> <a href=\"https:\/\/exceladvisor.org\/pt\/adicionar-um-botao\/\">Adicionar um bot\u00e3o no Excel<\/a><\/li><li> <a href=\"https:\/\/exceladvisor.org\/pt\/fundir-celulas-dissociadas\/\">Mesclar \u2013 desagrupar c\u00e9lulas no Excel<\/a><\/li><li> <a href=\"https:\/\/exceladvisor.org\/pt\/verificador-ortografico\/\">Verifica\u00e7\u00e3o ortogr\u00e1fica no Excel<\/a><\/li><li> <a href=\"https:\/\/exceladvisor.org\/pt\/cancelamento\/\">Aumentar e diminuir o recuo no Excel<\/a> <\/li><\/ul><\/div><\/div><div class=\"gb-grid-column gb-grid-column-50067b57\"><div class=\"gb-container gb-container-50067b57\"><\/div><\/div><\/div><\/div>","protected":false},"excerpt":{"rendered":"","protected":false},"author":1,"featured_media":0,"parent":0,"menu_order":0,"comment_status":"open","ping_status":"closed","template":"","meta":{"ub_ctt_via":"","footnotes":""},"class_list":["post-394","page","type-page","status-publish","hentry"],"featured_image_src":null,"yoast_head":"<!-- This site is optimized with the Yoast SEO plugin v25.4 - https:\/\/yoast.com\/wordpress\/plugins\/seo\/ -->\n<title>Como girar texto no Excel? (Orienta\u00e7\u00e3o de texto)<\/title>\n<meta name=\"description\" content=\"Neste tutorial, aprenderemos como girar o texto (orienta\u00e7\u00e3o do texto) em uma c\u00e9lula no Excel. Isso n\u00e3o vai mudar\" \/>\n<meta name=\"robots\" content=\"index, follow, max-snippet:-1, max-image-preview:large, max-video-preview:-1\" \/>\n<link rel=\"canonical\" href=\"https:\/\/exceladvisor.org\/pt\/girar-texto\/\" \/>\n<meta property=\"og:locale\" content=\"pt_PT\" \/>\n<meta property=\"og:type\" content=\"article\" \/>\n<meta property=\"og:title\" content=\"Como girar texto no Excel? (Orienta\u00e7\u00e3o de texto)\" \/>\n<meta property=\"og:description\" content=\"Neste tutorial, aprenderemos como girar o texto (orienta\u00e7\u00e3o do texto) em uma c\u00e9lula no Excel. Isso n\u00e3o vai mudar\" \/>\n<meta property=\"og:url\" content=\"https:\/\/exceladvisor.org\/pt\/girar-texto\/\" \/>\n<meta property=\"og:site_name\" content=\"Excel Advisor\" \/>\n<meta property=\"article:modified_time\" content=\"2023-12-06T11:37:56+00:00\" \/>\n<meta property=\"og:image\" content=\"https:\/\/exceladvisor.org\/wp-content\/uploads\/2023\/08\/1-faire-pivoter-le-texte-dans-excel.png\" \/>\n<meta name=\"twitter:card\" content=\"summary_large_image\" \/>\n<meta name=\"twitter:label1\" content=\"Tempo estimado de leitura\" \/>\n\t<meta name=\"twitter:data1\" content=\"3 minutos\" \/>\n<script type=\"application\/ld+json\" class=\"yoast-schema-graph\">{\"@context\":\"https:\/\/schema.org\",\"@graph\":[{\"@type\":\"WebPage\",\"@id\":\"https:\/\/exceladvisor.org\/pt\/girar-texto\/\",\"url\":\"https:\/\/exceladvisor.org\/pt\/girar-texto\/\",\"name\":\"Como girar texto no Excel? (Orienta\u00e7\u00e3o de texto)\",\"isPartOf\":{\"@id\":\"https:\/\/exceladvisor.org\/pt\/#website\"},\"primaryImageOfPage\":{\"@id\":\"https:\/\/exceladvisor.org\/pt\/girar-texto\/#primaryimage\"},\"image\":{\"@id\":\"https:\/\/exceladvisor.org\/pt\/girar-texto\/#primaryimage\"},\"thumbnailUrl\":\"https:\/\/exceladvisor.org\/wp-content\/uploads\/2023\/08\/1-faire-pivoter-le-texte-dans-excel.png\",\"datePublished\":\"2023-10-30T14:33:49+00:00\",\"dateModified\":\"2023-12-06T11:37:56+00:00\",\"description\":\"Neste tutorial, aprenderemos como girar o texto (orienta\u00e7\u00e3o do texto) em uma c\u00e9lula no Excel. Isso n\u00e3o vai mudar\",\"breadcrumb\":{\"@id\":\"https:\/\/exceladvisor.org\/pt\/girar-texto\/#breadcrumb\"},\"inLanguage\":\"pt-PT\",\"potentialAction\":[{\"@type\":\"ReadAction\",\"target\":[\"https:\/\/exceladvisor.org\/pt\/girar-texto\/\"]}]},{\"@type\":\"ImageObject\",\"inLanguage\":\"pt-PT\",\"@id\":\"https:\/\/exceladvisor.org\/pt\/girar-texto\/#primaryimage\",\"url\":\"https:\/\/exceladvisor.org\/wp-content\/uploads\/2023\/08\/1-faire-pivoter-le-texte-dans-excel.png\",\"contentUrl\":\"https:\/\/exceladvisor.org\/wp-content\/uploads\/2023\/08\/1-faire-pivoter-le-texte-dans-excel.png\"},{\"@type\":\"BreadcrumbList\",\"@id\":\"https:\/\/exceladvisor.org\/pt\/girar-texto\/#breadcrumb\",\"itemListElement\":[{\"@type\":\"ListItem\",\"position\":1,\"name\":\"Lar\",\"item\":\"https:\/\/exceladvisor.org\/pt\/\"},{\"@type\":\"ListItem\",\"position\":2,\"name\":\"Como girar texto no excel?\"}]},{\"@type\":\"WebSite\",\"@id\":\"https:\/\/exceladvisor.org\/pt\/#website\",\"url\":\"https:\/\/exceladvisor.org\/pt\/\",\"name\":\"Excel Advisor\",\"description\":\"O seu guia definitivo para dominar os dados!\",\"publisher\":{\"@id\":\"https:\/\/exceladvisor.org\/pt\/#organization\"},\"potentialAction\":[{\"@type\":\"SearchAction\",\"target\":{\"@type\":\"EntryPoint\",\"urlTemplate\":\"https:\/\/exceladvisor.org\/pt\/?s={search_term_string}\"},\"query-input\":{\"@type\":\"PropertyValueSpecification\",\"valueRequired\":true,\"valueName\":\"search_term_string\"}}],\"inLanguage\":\"pt-PT\"},{\"@type\":\"Organization\",\"@id\":\"https:\/\/exceladvisor.org\/pt\/#organization\",\"name\":\"Excel Advisor\",\"url\":\"https:\/\/exceladvisor.org\/pt\/\",\"logo\":{\"@type\":\"ImageObject\",\"inLanguage\":\"pt-PT\",\"@id\":\"https:\/\/exceladvisor.org\/pt\/#\/schema\/logo\/image\/\",\"url\":\"https:\/\/exceladvisor.org\/pt\/wp-content\/uploads\/2023\/12\/exceladvisor.org_.png\",\"contentUrl\":\"https:\/\/exceladvisor.org\/pt\/wp-content\/uploads\/2023\/12\/exceladvisor.org_.png\",\"width\":105,\"height\":36,\"caption\":\"Excel Advisor\"},\"image\":{\"@id\":\"https:\/\/exceladvisor.org\/pt\/#\/schema\/logo\/image\/\"}}]}<\/script>\n<!-- \/ Yoast SEO plugin. -->","yoast_head_json":{"title":"Como girar texto no Excel? (Orienta\u00e7\u00e3o de texto)","description":"Neste tutorial, aprenderemos como girar o texto (orienta\u00e7\u00e3o do texto) em uma c\u00e9lula no Excel. Isso n\u00e3o vai mudar","robots":{"index":"index","follow":"follow","max-snippet":"max-snippet:-1","max-image-preview":"max-image-preview:large","max-video-preview":"max-video-preview:-1"},"canonical":"https:\/\/exceladvisor.org\/pt\/girar-texto\/","og_locale":"pt_PT","og_type":"article","og_title":"Como girar texto no Excel? (Orienta\u00e7\u00e3o de texto)","og_description":"Neste tutorial, aprenderemos como girar o texto (orienta\u00e7\u00e3o do texto) em uma c\u00e9lula no Excel. Isso n\u00e3o vai mudar","og_url":"https:\/\/exceladvisor.org\/pt\/girar-texto\/","og_site_name":"Excel Advisor","article_modified_time":"2023-12-06T11:37:56+00:00","og_image":[{"url":"https:\/\/exceladvisor.org\/wp-content\/uploads\/2023\/08\/1-faire-pivoter-le-texte-dans-excel.png","type":"","width":"","height":""}],"twitter_card":"summary_large_image","twitter_misc":{"Tempo estimado de leitura":"3 minutos"},"schema":{"@context":"https:\/\/schema.org","@graph":[{"@type":"WebPage","@id":"https:\/\/exceladvisor.org\/pt\/girar-texto\/","url":"https:\/\/exceladvisor.org\/pt\/girar-texto\/","name":"Como girar texto no Excel? (Orienta\u00e7\u00e3o de texto)","isPartOf":{"@id":"https:\/\/exceladvisor.org\/pt\/#website"},"primaryImageOfPage":{"@id":"https:\/\/exceladvisor.org\/pt\/girar-texto\/#primaryimage"},"image":{"@id":"https:\/\/exceladvisor.org\/pt\/girar-texto\/#primaryimage"},"thumbnailUrl":"https:\/\/exceladvisor.org\/wp-content\/uploads\/2023\/08\/1-faire-pivoter-le-texte-dans-excel.png","datePublished":"2023-10-30T14:33:49+00:00","dateModified":"2023-12-06T11:37:56+00:00","description":"Neste tutorial, aprenderemos como girar o texto (orienta\u00e7\u00e3o do texto) em uma c\u00e9lula no Excel. Isso n\u00e3o vai mudar","breadcrumb":{"@id":"https:\/\/exceladvisor.org\/pt\/girar-texto\/#breadcrumb"},"inLanguage":"pt-PT","potentialAction":[{"@type":"ReadAction","target":["https:\/\/exceladvisor.org\/pt\/girar-texto\/"]}]},{"@type":"ImageObject","inLanguage":"pt-PT","@id":"https:\/\/exceladvisor.org\/pt\/girar-texto\/#primaryimage","url":"https:\/\/exceladvisor.org\/wp-content\/uploads\/2023\/08\/1-faire-pivoter-le-texte-dans-excel.png","contentUrl":"https:\/\/exceladvisor.org\/wp-content\/uploads\/2023\/08\/1-faire-pivoter-le-texte-dans-excel.png"},{"@type":"BreadcrumbList","@id":"https:\/\/exceladvisor.org\/pt\/girar-texto\/#breadcrumb","itemListElement":[{"@type":"ListItem","position":1,"name":"Lar","item":"https:\/\/exceladvisor.org\/pt\/"},{"@type":"ListItem","position":2,"name":"Como girar texto no excel?"}]},{"@type":"WebSite","@id":"https:\/\/exceladvisor.org\/pt\/#website","url":"https:\/\/exceladvisor.org\/pt\/","name":"Excel Advisor","description":"O seu guia definitivo para dominar os dados!","publisher":{"@id":"https:\/\/exceladvisor.org\/pt\/#organization"},"potentialAction":[{"@type":"SearchAction","target":{"@type":"EntryPoint","urlTemplate":"https:\/\/exceladvisor.org\/pt\/?s={search_term_string}"},"query-input":{"@type":"PropertyValueSpecification","valueRequired":true,"valueName":"search_term_string"}}],"inLanguage":"pt-PT"},{"@type":"Organization","@id":"https:\/\/exceladvisor.org\/pt\/#organization","name":"Excel Advisor","url":"https:\/\/exceladvisor.org\/pt\/","logo":{"@type":"ImageObject","inLanguage":"pt-PT","@id":"https:\/\/exceladvisor.org\/pt\/#\/schema\/logo\/image\/","url":"https:\/\/exceladvisor.org\/pt\/wp-content\/uploads\/2023\/12\/exceladvisor.org_.png","contentUrl":"https:\/\/exceladvisor.org\/pt\/wp-content\/uploads\/2023\/12\/exceladvisor.org_.png","width":105,"height":36,"caption":"Excel Advisor"},"image":{"@id":"https:\/\/exceladvisor.org\/pt\/#\/schema\/logo\/image\/"}}]}},"yoast_meta":{"yoast_wpseo_title":"","yoast_wpseo_metadesc":"","yoast_wpseo_canonical":""},"_links":{"self":[{"href":"https:\/\/exceladvisor.org\/pt\/wp-json\/wp\/v2\/pages\/394","targetHints":{"allow":["GET"]}}],"collection":[{"href":"https:\/\/exceladvisor.org\/pt\/wp-json\/wp\/v2\/pages"}],"about":[{"href":"https:\/\/exceladvisor.org\/pt\/wp-json\/wp\/v2\/types\/page"}],"author":[{"embeddable":true,"href":"https:\/\/exceladvisor.org\/pt\/wp-json\/wp\/v2\/users\/1"}],"replies":[{"embeddable":true,"href":"https:\/\/exceladvisor.org\/pt\/wp-json\/wp\/v2\/comments?post=394"}],"version-history":[{"count":1,"href":"https:\/\/exceladvisor.org\/pt\/wp-json\/wp\/v2\/pages\/394\/revisions"}],"predecessor-version":[{"id":1082,"href":"https:\/\/exceladvisor.org\/pt\/wp-json\/wp\/v2\/pages\/394\/revisions\/1082"}],"wp:attachment":[{"href":"https:\/\/exceladvisor.org\/pt\/wp-json\/wp\/v2\/media?parent=394"}],"curies":[{"name":"wp","href":"https:\/\/api.w.org\/{rel}","templated":true}]}}