{"id":395,"date":"2023-10-30T14:22:19","date_gmt":"2023-10-30T14:22:19","guid":{"rendered":"https:\/\/exceladvisor.org\/pt\/ativar-o-pivo-de-potencia\/"},"modified":"2023-12-06T11:37:59","modified_gmt":"2023-12-06T11:37:59","slug":"ativar-o-pivo-de-potencia","status":"publish","type":"page","link":"https:\/\/exceladvisor.org\/pt\/ativar-o-pivo-de-potencia\/","title":{"rendered":"Como habilitar o power pivot no excel 2010 e 2013?"},"content":{"rendered":"<div class=\"excel-before-content-2\" id=\"excel-7430889\"><script type=\"text\/javascript\">\r\n\tatOptions = {\r\n\t\t'key' : 'c1158f160081d6540a8409e6925dab94',\r\n\t\t'format' : 'iframe',\r\n\t\t'height' : 250,\r\n\t\t'width' : 300,\r\n\t\t'params' : {}\r\n\t};\r\n<\/script>\r\n<script type=\"text\/javascript\" src=\"\/\/www.highperformanceformat.com\/c1158f160081d6540a8409e6925dab94\/invoke.js\"><\/script><\/div><div class=\"excel-before-content\" id=\"excel-2959602504\"><script type=\"text\/javascript\">\r\n\tatOptions = {\r\n\t\t'key' : 'c1158f160081d6540a8409e6925dab94',\r\n\t\t'format' : 'iframe',\r\n\t\t'height' : 250,\r\n\t\t'width' : 300,\r\n\t\t'params' : {}\r\n\t};\r\n<\/script>\r\n<script type=\"text\/javascript\" src=\"\/\/www.highperformanceformat.com\/c1158f160081d6540a8409e6925dab94\/invoke.js\"><\/script><\/div> <p>Quando comecei a us\u00e1-lo no Excel 2010, encontrei apenas um problema ao ativar o PowerPivot. No Excel 2010, diferentemente das vers\u00f5es anteriores do Microsoft Excel, voc\u00ea deve primeiro habilit\u00e1-lo antes de us\u00e1-lo. Se voc\u00ea ainda usa o Excel 2010, este artigo \u00e9 para voc\u00ea.<\/p><div class=\"wp-block-image\"><figure class=\"aligncenter\"> <a href=\"https:\/\/exceladvisor.org\/wp-content\/uploads\/2023\/08\/Activer-PowerPivot-dans-Excel-2010-1-1.jpg\" rel=\"attachment wp-att-3660\"><img loading=\"lazy\" decoding=\"async\" class=\"wp-image-3660\" src=\"https:\/\/exceladvisor.org\/wp-content\/uploads\/2023\/08\/Activer-PowerPivot-dans-Excel-2010-1-1.jpg\" sizes=\"auto, \" srcset=\"\" alt=\"Como habilitar o PowerPivot no Excel 2010 em etapas simples\" width=\"640\" height=\"250\"><\/a><\/figure><\/div><h2 class=\"wp-block-heading\"> Requisitos do sistema para ativar o Power Pivot no Excel<\/h2><ol><li> Uma vers\u00e3o do Excel para Windows, de 32 ou 64 bits.<\/li><li> M\u00ednimo de 1 GB de RAM (2 GB recomendados pela Microsoft)<\/li><li> 3,5 GB de espa\u00e7o livre em disco no seu sistema.<\/li><\/ol><h2 class=\"wp-block-heading\"> Etapas para habilitar o Power Pivot no Excel 2010-2013<\/h2><p> No Microsoft Excel 2010, o Power Pivot n\u00e3o vem com o aplicativo principal do escrit\u00f3rio. Voc\u00ea precisa <a href=\"https:\/\/www.microsoft.com\/en-in\/download\/details.aspx?id=102\" target=\"_blank\" rel=\"noreferrer noopener nofollow\">baix\u00e1-lo do Centro de Download da Microsoft<\/a> . Depois de baixar o pacote, basta seguir estas etapas simples para instal\u00e1-lo em seu sistema.<\/p><ul><li> Basta instalar o PowerPivot a partir do arquivo que voc\u00ea baixou. A instala\u00e7\u00e3o em seu sistema levar\u00e1 de 2 a 3 minutos.<\/li><\/ul><div class=\"wp-block-image\"><figure class=\"aligncenter\"> <a href=\"https:\/\/exceladvisor.org\/wp-content\/uploads\/2023\/08\/Activer-PowerPivot-dans-Excel-2010-2-1.png\" rel=\"attachment wp-att-3662\"><img loading=\"lazy\" decoding=\"async\" class=\"wp-image-3662\" src=\"https:\/\/exceladvisor.org\/wp-content\/uploads\/2023\/08\/Activer-PowerPivot-dans-Excel-2010-2-1.png\" sizes=\"auto, \" srcset=\"\" alt=\"Inicie a instala\u00e7\u00e3o para habilitar o PowerPivot no Excel 2010\" width=\"516\" height=\"394\"><\/a><\/figure><\/div><ul><li> Depois de instalado, basta iniciar o Excel e voc\u00ea ter\u00e1 uma nova guia na faixa do Excel.<\/li><\/ul><figure class=\"wp-block-image\"> <a href=\"https:\/\/exceladvisor.org\/wp-content\/uploads\/2023\/08\/Activer-PowerPivot-dans-Excel-2010-4-1.png\" rel=\"attachment wp-att-3664\"><img loading=\"lazy\" decoding=\"async\" class=\"wp-image-3664\" src=\"https:\/\/exceladvisor.org\/wp-content\/uploads\/2023\/08\/Activer-PowerPivot-dans-Excel-2010-4-1.png\" sizes=\"auto, \" srcset=\"\" alt=\"Sua nova guia para habilitar o PowerPivot no Excel 2010\" width=\"850\" height=\"169\"><\/a><\/figure>","protected":false},"excerpt":{"rendered":"","protected":false},"author":1,"featured_media":0,"parent":0,"menu_order":0,"comment_status":"open","ping_status":"closed","template":"","meta":{"ub_ctt_via":"","footnotes":""},"class_list":["post-395","page","type-page","status-publish","hentry"],"featured_image_src":null,"yoast_head":"<!-- This site is optimized with the Yoast SEO plugin v25.4 - https:\/\/yoast.com\/wordpress\/plugins\/seo\/ -->\n<title>Como habilitar o Power Pivot no Excel 2010 e 2013?<\/title>\n<meta name=\"description\" content=\"Se voc\u00ea est\u00e1 se perguntando como habilitar o Power Pivot no Excel, apresentamos aqui alguns passos simples.\" \/>\n<meta name=\"robots\" content=\"index, follow, max-snippet:-1, max-image-preview:large, max-video-preview:-1\" \/>\n<link rel=\"canonical\" href=\"https:\/\/exceladvisor.org\/pt\/ativar-o-pivo-de-potencia\/\" \/>\n<meta property=\"og:locale\" content=\"pt_PT\" \/>\n<meta property=\"og:type\" content=\"article\" \/>\n<meta property=\"og:title\" content=\"Como habilitar o Power Pivot no Excel 2010 e 2013?\" \/>\n<meta property=\"og:description\" content=\"Se voc\u00ea est\u00e1 se perguntando como habilitar o Power Pivot no Excel, apresentamos aqui alguns passos simples.\" \/>\n<meta property=\"og:url\" content=\"https:\/\/exceladvisor.org\/pt\/ativar-o-pivo-de-potencia\/\" \/>\n<meta property=\"og:site_name\" content=\"Excel Advisor\" \/>\n<meta property=\"article:modified_time\" content=\"2023-12-06T11:37:59+00:00\" \/>\n<meta property=\"og:image\" content=\"https:\/\/exceladvisor.org\/wp-content\/uploads\/2023\/08\/Activer-PowerPivot-dans-Excel-2010-1-1.jpg\" \/>\n<meta name=\"twitter:card\" content=\"summary_large_image\" \/>\n<meta name=\"twitter:label1\" content=\"Tempo estimado de leitura\" \/>\n\t<meta name=\"twitter:data1\" content=\"1 minuto\" \/>\n<script type=\"application\/ld+json\" class=\"yoast-schema-graph\">{\"@context\":\"https:\/\/schema.org\",\"@graph\":[{\"@type\":\"WebPage\",\"@id\":\"https:\/\/exceladvisor.org\/pt\/ativar-o-pivo-de-potencia\/\",\"url\":\"https:\/\/exceladvisor.org\/pt\/ativar-o-pivo-de-potencia\/\",\"name\":\"Como habilitar o Power Pivot no Excel 2010 e 2013?\",\"isPartOf\":{\"@id\":\"https:\/\/exceladvisor.org\/pt\/#website\"},\"primaryImageOfPage\":{\"@id\":\"https:\/\/exceladvisor.org\/pt\/ativar-o-pivo-de-potencia\/#primaryimage\"},\"image\":{\"@id\":\"https:\/\/exceladvisor.org\/pt\/ativar-o-pivo-de-potencia\/#primaryimage\"},\"thumbnailUrl\":\"https:\/\/exceladvisor.org\/wp-content\/uploads\/2023\/08\/Activer-PowerPivot-dans-Excel-2010-1-1.jpg\",\"datePublished\":\"2023-10-30T14:22:19+00:00\",\"dateModified\":\"2023-12-06T11:37:59+00:00\",\"description\":\"Se voc\u00ea est\u00e1 se perguntando como habilitar o Power Pivot no Excel, apresentamos aqui alguns passos simples.\",\"breadcrumb\":{\"@id\":\"https:\/\/exceladvisor.org\/pt\/ativar-o-pivo-de-potencia\/#breadcrumb\"},\"inLanguage\":\"pt-PT\",\"potentialAction\":[{\"@type\":\"ReadAction\",\"target\":[\"https:\/\/exceladvisor.org\/pt\/ativar-o-pivo-de-potencia\/\"]}]},{\"@type\":\"ImageObject\",\"inLanguage\":\"pt-PT\",\"@id\":\"https:\/\/exceladvisor.org\/pt\/ativar-o-pivo-de-potencia\/#primaryimage\",\"url\":\"https:\/\/exceladvisor.org\/wp-content\/uploads\/2023\/08\/Activer-PowerPivot-dans-Excel-2010-1-1.jpg\",\"contentUrl\":\"https:\/\/exceladvisor.org\/wp-content\/uploads\/2023\/08\/Activer-PowerPivot-dans-Excel-2010-1-1.jpg\"},{\"@type\":\"BreadcrumbList\",\"@id\":\"https:\/\/exceladvisor.org\/pt\/ativar-o-pivo-de-potencia\/#breadcrumb\",\"itemListElement\":[{\"@type\":\"ListItem\",\"position\":1,\"name\":\"Lar\",\"item\":\"https:\/\/exceladvisor.org\/pt\/\"},{\"@type\":\"ListItem\",\"position\":2,\"name\":\"Como habilitar o power pivot no excel 2010 e 2013?\"}]},{\"@type\":\"WebSite\",\"@id\":\"https:\/\/exceladvisor.org\/pt\/#website\",\"url\":\"https:\/\/exceladvisor.org\/pt\/\",\"name\":\"Excel Advisor\",\"description\":\"O seu guia definitivo para dominar os dados!\",\"publisher\":{\"@id\":\"https:\/\/exceladvisor.org\/pt\/#organization\"},\"potentialAction\":[{\"@type\":\"SearchAction\",\"target\":{\"@type\":\"EntryPoint\",\"urlTemplate\":\"https:\/\/exceladvisor.org\/pt\/?s={search_term_string}\"},\"query-input\":{\"@type\":\"PropertyValueSpecification\",\"valueRequired\":true,\"valueName\":\"search_term_string\"}}],\"inLanguage\":\"pt-PT\"},{\"@type\":\"Organization\",\"@id\":\"https:\/\/exceladvisor.org\/pt\/#organization\",\"name\":\"Excel Advisor\",\"url\":\"https:\/\/exceladvisor.org\/pt\/\",\"logo\":{\"@type\":\"ImageObject\",\"inLanguage\":\"pt-PT\",\"@id\":\"https:\/\/exceladvisor.org\/pt\/#\/schema\/logo\/image\/\",\"url\":\"https:\/\/exceladvisor.org\/pt\/wp-content\/uploads\/2023\/12\/exceladvisor.org_.png\",\"contentUrl\":\"https:\/\/exceladvisor.org\/pt\/wp-content\/uploads\/2023\/12\/exceladvisor.org_.png\",\"width\":105,\"height\":36,\"caption\":\"Excel Advisor\"},\"image\":{\"@id\":\"https:\/\/exceladvisor.org\/pt\/#\/schema\/logo\/image\/\"}}]}<\/script>\n<!-- \/ Yoast SEO plugin. -->","yoast_head_json":{"title":"Como habilitar o Power Pivot no Excel 2010 e 2013?","description":"Se voc\u00ea est\u00e1 se perguntando como habilitar o Power Pivot no Excel, apresentamos aqui alguns passos simples.","robots":{"index":"index","follow":"follow","max-snippet":"max-snippet:-1","max-image-preview":"max-image-preview:large","max-video-preview":"max-video-preview:-1"},"canonical":"https:\/\/exceladvisor.org\/pt\/ativar-o-pivo-de-potencia\/","og_locale":"pt_PT","og_type":"article","og_title":"Como habilitar o Power Pivot no Excel 2010 e 2013?","og_description":"Se voc\u00ea est\u00e1 se perguntando como habilitar o Power Pivot no Excel, apresentamos aqui alguns passos simples.","og_url":"https:\/\/exceladvisor.org\/pt\/ativar-o-pivo-de-potencia\/","og_site_name":"Excel Advisor","article_modified_time":"2023-12-06T11:37:59+00:00","og_image":[{"url":"https:\/\/exceladvisor.org\/wp-content\/uploads\/2023\/08\/Activer-PowerPivot-dans-Excel-2010-1-1.jpg","type":"","width":"","height":""}],"twitter_card":"summary_large_image","twitter_misc":{"Tempo estimado de leitura":"1 minuto"},"schema":{"@context":"https:\/\/schema.org","@graph":[{"@type":"WebPage","@id":"https:\/\/exceladvisor.org\/pt\/ativar-o-pivo-de-potencia\/","url":"https:\/\/exceladvisor.org\/pt\/ativar-o-pivo-de-potencia\/","name":"Como habilitar o Power Pivot no Excel 2010 e 2013?","isPartOf":{"@id":"https:\/\/exceladvisor.org\/pt\/#website"},"primaryImageOfPage":{"@id":"https:\/\/exceladvisor.org\/pt\/ativar-o-pivo-de-potencia\/#primaryimage"},"image":{"@id":"https:\/\/exceladvisor.org\/pt\/ativar-o-pivo-de-potencia\/#primaryimage"},"thumbnailUrl":"https:\/\/exceladvisor.org\/wp-content\/uploads\/2023\/08\/Activer-PowerPivot-dans-Excel-2010-1-1.jpg","datePublished":"2023-10-30T14:22:19+00:00","dateModified":"2023-12-06T11:37:59+00:00","description":"Se voc\u00ea est\u00e1 se perguntando como habilitar o Power Pivot no Excel, apresentamos aqui alguns passos simples.","breadcrumb":{"@id":"https:\/\/exceladvisor.org\/pt\/ativar-o-pivo-de-potencia\/#breadcrumb"},"inLanguage":"pt-PT","potentialAction":[{"@type":"ReadAction","target":["https:\/\/exceladvisor.org\/pt\/ativar-o-pivo-de-potencia\/"]}]},{"@type":"ImageObject","inLanguage":"pt-PT","@id":"https:\/\/exceladvisor.org\/pt\/ativar-o-pivo-de-potencia\/#primaryimage","url":"https:\/\/exceladvisor.org\/wp-content\/uploads\/2023\/08\/Activer-PowerPivot-dans-Excel-2010-1-1.jpg","contentUrl":"https:\/\/exceladvisor.org\/wp-content\/uploads\/2023\/08\/Activer-PowerPivot-dans-Excel-2010-1-1.jpg"},{"@type":"BreadcrumbList","@id":"https:\/\/exceladvisor.org\/pt\/ativar-o-pivo-de-potencia\/#breadcrumb","itemListElement":[{"@type":"ListItem","position":1,"name":"Lar","item":"https:\/\/exceladvisor.org\/pt\/"},{"@type":"ListItem","position":2,"name":"Como habilitar o power pivot no excel 2010 e 2013?"}]},{"@type":"WebSite","@id":"https:\/\/exceladvisor.org\/pt\/#website","url":"https:\/\/exceladvisor.org\/pt\/","name":"Excel Advisor","description":"O seu guia definitivo para dominar os dados!","publisher":{"@id":"https:\/\/exceladvisor.org\/pt\/#organization"},"potentialAction":[{"@type":"SearchAction","target":{"@type":"EntryPoint","urlTemplate":"https:\/\/exceladvisor.org\/pt\/?s={search_term_string}"},"query-input":{"@type":"PropertyValueSpecification","valueRequired":true,"valueName":"search_term_string"}}],"inLanguage":"pt-PT"},{"@type":"Organization","@id":"https:\/\/exceladvisor.org\/pt\/#organization","name":"Excel Advisor","url":"https:\/\/exceladvisor.org\/pt\/","logo":{"@type":"ImageObject","inLanguage":"pt-PT","@id":"https:\/\/exceladvisor.org\/pt\/#\/schema\/logo\/image\/","url":"https:\/\/exceladvisor.org\/pt\/wp-content\/uploads\/2023\/12\/exceladvisor.org_.png","contentUrl":"https:\/\/exceladvisor.org\/pt\/wp-content\/uploads\/2023\/12\/exceladvisor.org_.png","width":105,"height":36,"caption":"Excel Advisor"},"image":{"@id":"https:\/\/exceladvisor.org\/pt\/#\/schema\/logo\/image\/"}}]}},"yoast_meta":{"yoast_wpseo_title":"","yoast_wpseo_metadesc":"","yoast_wpseo_canonical":""},"_links":{"self":[{"href":"https:\/\/exceladvisor.org\/pt\/wp-json\/wp\/v2\/pages\/395","targetHints":{"allow":["GET"]}}],"collection":[{"href":"https:\/\/exceladvisor.org\/pt\/wp-json\/wp\/v2\/pages"}],"about":[{"href":"https:\/\/exceladvisor.org\/pt\/wp-json\/wp\/v2\/types\/page"}],"author":[{"embeddable":true,"href":"https:\/\/exceladvisor.org\/pt\/wp-json\/wp\/v2\/users\/1"}],"replies":[{"embeddable":true,"href":"https:\/\/exceladvisor.org\/pt\/wp-json\/wp\/v2\/comments?post=395"}],"version-history":[{"count":1,"href":"https:\/\/exceladvisor.org\/pt\/wp-json\/wp\/v2\/pages\/395\/revisions"}],"predecessor-version":[{"id":1086,"href":"https:\/\/exceladvisor.org\/pt\/wp-json\/wp\/v2\/pages\/395\/revisions\/1086"}],"wp:attachment":[{"href":"https:\/\/exceladvisor.org\/pt\/wp-json\/wp\/v2\/media?parent=395"}],"curies":[{"name":"wp","href":"https:\/\/api.w.org\/{rel}","templated":true}]}}