{"id":397,"date":"2023-10-30T12:37:34","date_gmt":"2023-10-30T12:37:34","guid":{"rendered":"https:\/\/exceladvisor.org\/pt\/adicionar-um-codigo-de-barras\/"},"modified":"2023-12-06T11:38:16","modified_gmt":"2023-12-06T11:38:16","slug":"adicionar-um-codigo-de-barras","status":"publish","type":"page","link":"https:\/\/exceladvisor.org\/pt\/adicionar-um-codigo-de-barras\/","title":{"rendered":"Como instalar uma fonte de c\u00f3digo de barras no excel?"},"content":{"rendered":"<div class=\"excel-before-content-2\" id=\"excel-605357130\"><script type=\"text\/javascript\">\r\n\tatOptions = {\r\n\t\t'key' : 'c1158f160081d6540a8409e6925dab94',\r\n\t\t'format' : 'iframe',\r\n\t\t'height' : 250,\r\n\t\t'width' : 300,\r\n\t\t'params' : {}\r\n\t};\r\n<\/script>\r\n<script type=\"text\/javascript\" src=\"\/\/www.highperformanceformat.com\/c1158f160081d6540a8409e6925dab94\/invoke.js\"><\/script><\/div><div class=\"excel-before-content\" id=\"excel-788394858\"><script type=\"text\/javascript\">\r\n\tatOptions = {\r\n\t\t'key' : 'c1158f160081d6540a8409e6925dab94',\r\n\t\t'format' : 'iframe',\r\n\t\t'height' : 250,\r\n\t\t'width' : 300,\r\n\t\t'params' : {}\r\n\t};\r\n<\/script>\r\n<script type=\"text\/javascript\" src=\"\/\/www.highperformanceformat.com\/c1158f160081d6540a8409e6925dab94\/invoke.js\"><\/script><\/div> <p>As pessoas que <a style=\"outline: none;\" href=\"https:\/\/exceladvisor.org\/pt\/modelo-de-gerenciamento-de-estoque-formularios-de-usuario-excel-vba\/\" data-wpel-link=\"internal\">monitoram estoque, vendas e compras no Excel<\/a> costumam me perguntar &#8220;como geramos um c\u00f3digo de barras no Excel?&#8221; &#8220;. Bem, no Excel n\u00e3o existe uma op\u00e7\u00e3o padr\u00e3o para gerar um c\u00f3digo de barras.<\/p><p> E a m\u00e1 not\u00edcia \u00e9: n\u00e3o h\u00e1 planos da Microsoft para adicionar uma op\u00e7\u00e3o como esta. Mas aqui est\u00e1 a boa not\u00edcia: voc\u00ea pode gerar um c\u00f3digo de barras no Excel instalando uma fonte. <\/p><p><img loading=\"lazy\" decoding=\"async\" class=\"aligncenter\" src=\"https:\/\/exceladvisor.org\/wp-content\/uploads\/2023\/08\/39-code-a-barres-dans-excel.gif\" sizes=\"auto, \" srcset=\"\" alt=\"C\u00f3digo de barras 39 no Excel\" width=\"360\" height=\"160\" data-attachment-id=\"14405\"><\/p><p> Ent\u00e3o hoje, s\u00f3 para voc\u00eas, gostaria de revelar o m\u00e9todo de gera\u00e7\u00e3o de c\u00f3digo de barras no Excel usando 39 c\u00f3digos de barras. Ent\u00e3o vamos come\u00e7ar.<\/p><h2 style=\"margin-bottom: 20px !important; margin-top: 0px !important;\"> Qual \u00e9 o c\u00f3digo 39?<\/h2><p> O c\u00f3digo 39 \u00e9 conhecido como c\u00f3digo 3 de 9, que \u00e9 o c\u00f3digo de barras mais utilizado e capaz de ser lido por todos os leitores de c\u00f3digo de barras. Neste c\u00f3digo, cada caractere possui 5 barras e 4 espa\u00e7os num total de 9 caracteres. De um total de 9 caracteres, 3 caracteres s\u00e3o sempre largos. Pode codificar 26 letras mai\u00fasculas, 10 n\u00fameros e 7 caracteres especiais.<\/p><p> <strong>Nota r\u00e1pida:<\/strong> Este \u00e9 um daqueles <a style=\"outline: none;\" href=\"https:\/\/exceladvisor.org\/pt\/conselho\/\" data-wpil=\"url\">truques do Excel<\/a> que podem ajudar a melhorar <a style=\"outline: none;\" href=\"https:\/\/exceladvisor.org\/pt\/habilidades-de-excelencia\/\">as habilidades b\u00e1sicas do Excel<\/a><\/p><h2 style=\"margin-bottom: 20px !important; margin-top: 0px !important;\"> Etapas para adicionar fonte\/gerar c\u00f3digo de barras no Excel<\/h2><p> Apenas siga estes simples passos.<\/p><ul><li> Primeiro de tudo, voc\u00ea precisa baixar esta fonte de c\u00f3digo de barras gratuita <a href=\"http:\/\/www.idautomation.com\/free-barcode-products\/code39-font\/#Download_Free_Barcode_Font\" target=\"_blank\" rel=\"noopener\" data-tcb-events=\"\">da idautomation<\/a> .<\/li><li> Depois de baixar esta fonte, voc\u00ea precisar\u00e1 instal\u00e1-la em seu sistema. <\/li><\/ul><p><img loading=\"lazy\" decoding=\"async\" class=\"aligncenter\" src=\"https:\/\/exceladvisor.org\/wp-content\/uploads\/2023\/08\/installer-la-police-de-code-a-barres-dans-Excel.png\" sizes=\"auto, \" srcset=\"\" alt=\"instalar fonte de c\u00f3digo de barras no excel\" width=\"277\" height=\"73\" data-attachment-id=\"14409\"><\/p><p> Nota importante: Esta \u00e9 uma vers\u00e3o gratuita da fonte. Voc\u00ea s\u00f3 pode us\u00e1-lo para fins educacionais.<\/p><ul><li> Agora, na sua planilha, selecione a c\u00e9lula na qual deseja criar um c\u00f3digo de barras.<\/li><li> Insira o valor para o qual deseja criar o c\u00f3digo de barras.<\/li><li style=\"line-height: 25.5px;\" data-unit=\"px\"> Basta alterar o estilo da fonte normal para \u201c <a href=\"http:\/\/www.idautomation.com\/free-barcode-products\/code39-font\/#Download_Free_Barcode_Font\" target=\"_blank\" rel=\"noopener\" data-tcb-events=\"\">IDAutomationHC39M Free Version<\/a> \u201d. <\/li><\/ul><p><img loading=\"lazy\" decoding=\"async\" class=\"aligncenter\" src=\"https:\/\/exceladvisor.org\/wp-content\/uploads\/2023\/08\/changer-la-police-en-code-barres-a-partir-de-la-normale-en-utilisant-les-options-de-formatage-1.png\" sizes=\"auto, \" srcset=\"\" alt=\"\" width=\"531\" height=\"467\" data-attachment-id=\"14411\"><\/p><p> Assim que voc\u00ea altera o estilo da fonte, o texto \u00e9 convertido em um c\u00f3digo de barras.<\/p><p> Este estilo de fonte simplesmente converter\u00e1 seu texto em 3 dos 9 c\u00f3digos de barras. E voc\u00ea pode us\u00e1-lo onde quiser.<\/p><h2 style=\"margin-bottom: 20px !important; margin-top: 0px !important;\"> Etapas para criar um c\u00f3digo de barras no Word<\/h2><p> Voc\u00ea tamb\u00e9m pode criar um c\u00f3digo de barras 3 por 9 no Word usando as etapas a seguir.<\/p><ul data-unit=\"px\"><li style=\"line-height: 30px;\" data-unit=\"px\"> Depois de instalar a fonte em seu sistema, voc\u00ea pode cham\u00e1-la de qualquer um dos seus aplicativos de desktop.<\/li><li style=\"line-height: 30px;\"> Basta inserir o texto para o qual deseja criar um c\u00f3digo.<\/li><li style=\"line-height: 30px;\"> Selecione este texto e altere o estilo da fonte para \u201cIDAutomationHC39M Free Version\u201d.<\/li><\/ul><h2 style=\"margin-bottom: 20px !important; margin-top: 0px !important;\"> Conclus\u00e3o<\/h2><p> Essa \u00e9 toda a hist\u00f3ria do c\u00f3digo de barras. E voc\u00ea sabe que esta \u00e9 uma das maneiras mais f\u00e1ceis de criar um c\u00f3digo de barras no Excel\/Word.\u200b<\/p><p> Voc\u00ea pode gerar e imprimir esses c\u00f3digos de barras e tamb\u00e9m criar um modelo separado para isso. Espero que esta dica ajude voc\u00ea <a style=\"outline: none;\" href=\"https:\/\/exceladvisor.org\/pt\/modelo-de-gerenciamento-de-estoque-formularios-de-usuario-excel-vba\/\">a controlar seu estoque de maneira eficaz<\/a> .<\/p>","protected":false},"excerpt":{"rendered":"","protected":false},"author":1,"featured_media":0,"parent":0,"menu_order":0,"comment_status":"open","ping_status":"closed","template":"","meta":{"ub_ctt_via":"","footnotes":""},"class_list":["post-397","page","type-page","status-publish","hentry"],"featured_image_src":null,"yoast_head":"<!-- This site is optimized with the Yoast SEO plugin v25.4 - https:\/\/yoast.com\/wordpress\/plugins\/seo\/ -->\n<title>Como instalar uma fonte de c\u00f3digo de barras no Excel ou Word?<\/title>\n<meta name=\"description\" content=\"Pois bem, no Excel n\u00e3o existe uma op\u00e7\u00e3o padr\u00e3o para gerar um c\u00f3digo de barras. Mas voc\u00ea pode ger\u00e1-lo instalando uma fonte...\" \/>\n<meta name=\"robots\" content=\"index, follow, max-snippet:-1, max-image-preview:large, max-video-preview:-1\" \/>\n<link rel=\"canonical\" href=\"https:\/\/exceladvisor.org\/pt\/adicionar-um-codigo-de-barras\/\" \/>\n<meta property=\"og:locale\" content=\"pt_PT\" \/>\n<meta property=\"og:type\" content=\"article\" \/>\n<meta property=\"og:title\" content=\"Como instalar uma fonte de c\u00f3digo de barras no Excel ou Word?\" \/>\n<meta property=\"og:description\" content=\"Pois bem, no Excel n\u00e3o existe uma op\u00e7\u00e3o padr\u00e3o para gerar um c\u00f3digo de barras. Mas voc\u00ea pode ger\u00e1-lo instalando uma fonte...\" \/>\n<meta property=\"og:url\" content=\"https:\/\/exceladvisor.org\/pt\/adicionar-um-codigo-de-barras\/\" \/>\n<meta property=\"og:site_name\" content=\"Excel Advisor\" \/>\n<meta property=\"article:modified_time\" content=\"2023-12-06T11:38:16+00:00\" \/>\n<meta property=\"og:image\" content=\"https:\/\/exceladvisor.org\/wp-content\/uploads\/2023\/08\/39-code-a-barres-dans-excel.gif\" \/>\n<meta name=\"twitter:card\" content=\"summary_large_image\" \/>\n<meta name=\"twitter:label1\" content=\"Tempo estimado de leitura\" \/>\n\t<meta name=\"twitter:data1\" content=\"2 minutos\" \/>\n<script type=\"application\/ld+json\" class=\"yoast-schema-graph\">{\"@context\":\"https:\/\/schema.org\",\"@graph\":[{\"@type\":\"WebPage\",\"@id\":\"https:\/\/exceladvisor.org\/pt\/adicionar-um-codigo-de-barras\/\",\"url\":\"https:\/\/exceladvisor.org\/pt\/adicionar-um-codigo-de-barras\/\",\"name\":\"Como instalar uma fonte de c\u00f3digo de barras no Excel ou Word?\",\"isPartOf\":{\"@id\":\"https:\/\/exceladvisor.org\/pt\/#website\"},\"primaryImageOfPage\":{\"@id\":\"https:\/\/exceladvisor.org\/pt\/adicionar-um-codigo-de-barras\/#primaryimage\"},\"image\":{\"@id\":\"https:\/\/exceladvisor.org\/pt\/adicionar-um-codigo-de-barras\/#primaryimage\"},\"thumbnailUrl\":\"https:\/\/exceladvisor.org\/wp-content\/uploads\/2023\/08\/39-code-a-barres-dans-excel.gif\",\"datePublished\":\"2023-10-30T12:37:34+00:00\",\"dateModified\":\"2023-12-06T11:38:16+00:00\",\"description\":\"Pois bem, no Excel n\u00e3o existe uma op\u00e7\u00e3o padr\u00e3o para gerar um c\u00f3digo de barras. Mas voc\u00ea pode ger\u00e1-lo instalando uma fonte...\",\"breadcrumb\":{\"@id\":\"https:\/\/exceladvisor.org\/pt\/adicionar-um-codigo-de-barras\/#breadcrumb\"},\"inLanguage\":\"pt-PT\",\"potentialAction\":[{\"@type\":\"ReadAction\",\"target\":[\"https:\/\/exceladvisor.org\/pt\/adicionar-um-codigo-de-barras\/\"]}]},{\"@type\":\"ImageObject\",\"inLanguage\":\"pt-PT\",\"@id\":\"https:\/\/exceladvisor.org\/pt\/adicionar-um-codigo-de-barras\/#primaryimage\",\"url\":\"https:\/\/exceladvisor.org\/wp-content\/uploads\/2023\/08\/39-code-a-barres-dans-excel.gif\",\"contentUrl\":\"https:\/\/exceladvisor.org\/wp-content\/uploads\/2023\/08\/39-code-a-barres-dans-excel.gif\"},{\"@type\":\"BreadcrumbList\",\"@id\":\"https:\/\/exceladvisor.org\/pt\/adicionar-um-codigo-de-barras\/#breadcrumb\",\"itemListElement\":[{\"@type\":\"ListItem\",\"position\":1,\"name\":\"Lar\",\"item\":\"https:\/\/exceladvisor.org\/pt\/\"},{\"@type\":\"ListItem\",\"position\":2,\"name\":\"Como instalar uma fonte de c\u00f3digo de barras no excel?\"}]},{\"@type\":\"WebSite\",\"@id\":\"https:\/\/exceladvisor.org\/pt\/#website\",\"url\":\"https:\/\/exceladvisor.org\/pt\/\",\"name\":\"Excel Advisor\",\"description\":\"O seu guia definitivo para dominar os dados!\",\"publisher\":{\"@id\":\"https:\/\/exceladvisor.org\/pt\/#organization\"},\"potentialAction\":[{\"@type\":\"SearchAction\",\"target\":{\"@type\":\"EntryPoint\",\"urlTemplate\":\"https:\/\/exceladvisor.org\/pt\/?s={search_term_string}\"},\"query-input\":{\"@type\":\"PropertyValueSpecification\",\"valueRequired\":true,\"valueName\":\"search_term_string\"}}],\"inLanguage\":\"pt-PT\"},{\"@type\":\"Organization\",\"@id\":\"https:\/\/exceladvisor.org\/pt\/#organization\",\"name\":\"Excel Advisor\",\"url\":\"https:\/\/exceladvisor.org\/pt\/\",\"logo\":{\"@type\":\"ImageObject\",\"inLanguage\":\"pt-PT\",\"@id\":\"https:\/\/exceladvisor.org\/pt\/#\/schema\/logo\/image\/\",\"url\":\"https:\/\/exceladvisor.org\/pt\/wp-content\/uploads\/2023\/12\/exceladvisor.org_.png\",\"contentUrl\":\"https:\/\/exceladvisor.org\/pt\/wp-content\/uploads\/2023\/12\/exceladvisor.org_.png\",\"width\":105,\"height\":36,\"caption\":\"Excel Advisor\"},\"image\":{\"@id\":\"https:\/\/exceladvisor.org\/pt\/#\/schema\/logo\/image\/\"}}]}<\/script>\n<!-- \/ Yoast SEO plugin. -->","yoast_head_json":{"title":"Como instalar uma fonte de c\u00f3digo de barras no Excel ou Word?","description":"Pois bem, no Excel n\u00e3o existe uma op\u00e7\u00e3o padr\u00e3o para gerar um c\u00f3digo de barras. Mas voc\u00ea pode ger\u00e1-lo instalando uma fonte...","robots":{"index":"index","follow":"follow","max-snippet":"max-snippet:-1","max-image-preview":"max-image-preview:large","max-video-preview":"max-video-preview:-1"},"canonical":"https:\/\/exceladvisor.org\/pt\/adicionar-um-codigo-de-barras\/","og_locale":"pt_PT","og_type":"article","og_title":"Como instalar uma fonte de c\u00f3digo de barras no Excel ou Word?","og_description":"Pois bem, no Excel n\u00e3o existe uma op\u00e7\u00e3o padr\u00e3o para gerar um c\u00f3digo de barras. Mas voc\u00ea pode ger\u00e1-lo instalando uma fonte...","og_url":"https:\/\/exceladvisor.org\/pt\/adicionar-um-codigo-de-barras\/","og_site_name":"Excel Advisor","article_modified_time":"2023-12-06T11:38:16+00:00","og_image":[{"url":"https:\/\/exceladvisor.org\/wp-content\/uploads\/2023\/08\/39-code-a-barres-dans-excel.gif","type":"","width":"","height":""}],"twitter_card":"summary_large_image","twitter_misc":{"Tempo estimado de leitura":"2 minutos"},"schema":{"@context":"https:\/\/schema.org","@graph":[{"@type":"WebPage","@id":"https:\/\/exceladvisor.org\/pt\/adicionar-um-codigo-de-barras\/","url":"https:\/\/exceladvisor.org\/pt\/adicionar-um-codigo-de-barras\/","name":"Como instalar uma fonte de c\u00f3digo de barras no Excel ou Word?","isPartOf":{"@id":"https:\/\/exceladvisor.org\/pt\/#website"},"primaryImageOfPage":{"@id":"https:\/\/exceladvisor.org\/pt\/adicionar-um-codigo-de-barras\/#primaryimage"},"image":{"@id":"https:\/\/exceladvisor.org\/pt\/adicionar-um-codigo-de-barras\/#primaryimage"},"thumbnailUrl":"https:\/\/exceladvisor.org\/wp-content\/uploads\/2023\/08\/39-code-a-barres-dans-excel.gif","datePublished":"2023-10-30T12:37:34+00:00","dateModified":"2023-12-06T11:38:16+00:00","description":"Pois bem, no Excel n\u00e3o existe uma op\u00e7\u00e3o padr\u00e3o para gerar um c\u00f3digo de barras. Mas voc\u00ea pode ger\u00e1-lo instalando uma fonte...","breadcrumb":{"@id":"https:\/\/exceladvisor.org\/pt\/adicionar-um-codigo-de-barras\/#breadcrumb"},"inLanguage":"pt-PT","potentialAction":[{"@type":"ReadAction","target":["https:\/\/exceladvisor.org\/pt\/adicionar-um-codigo-de-barras\/"]}]},{"@type":"ImageObject","inLanguage":"pt-PT","@id":"https:\/\/exceladvisor.org\/pt\/adicionar-um-codigo-de-barras\/#primaryimage","url":"https:\/\/exceladvisor.org\/wp-content\/uploads\/2023\/08\/39-code-a-barres-dans-excel.gif","contentUrl":"https:\/\/exceladvisor.org\/wp-content\/uploads\/2023\/08\/39-code-a-barres-dans-excel.gif"},{"@type":"BreadcrumbList","@id":"https:\/\/exceladvisor.org\/pt\/adicionar-um-codigo-de-barras\/#breadcrumb","itemListElement":[{"@type":"ListItem","position":1,"name":"Lar","item":"https:\/\/exceladvisor.org\/pt\/"},{"@type":"ListItem","position":2,"name":"Como instalar uma fonte de c\u00f3digo de barras no excel?"}]},{"@type":"WebSite","@id":"https:\/\/exceladvisor.org\/pt\/#website","url":"https:\/\/exceladvisor.org\/pt\/","name":"Excel Advisor","description":"O seu guia definitivo para dominar os dados!","publisher":{"@id":"https:\/\/exceladvisor.org\/pt\/#organization"},"potentialAction":[{"@type":"SearchAction","target":{"@type":"EntryPoint","urlTemplate":"https:\/\/exceladvisor.org\/pt\/?s={search_term_string}"},"query-input":{"@type":"PropertyValueSpecification","valueRequired":true,"valueName":"search_term_string"}}],"inLanguage":"pt-PT"},{"@type":"Organization","@id":"https:\/\/exceladvisor.org\/pt\/#organization","name":"Excel Advisor","url":"https:\/\/exceladvisor.org\/pt\/","logo":{"@type":"ImageObject","inLanguage":"pt-PT","@id":"https:\/\/exceladvisor.org\/pt\/#\/schema\/logo\/image\/","url":"https:\/\/exceladvisor.org\/pt\/wp-content\/uploads\/2023\/12\/exceladvisor.org_.png","contentUrl":"https:\/\/exceladvisor.org\/pt\/wp-content\/uploads\/2023\/12\/exceladvisor.org_.png","width":105,"height":36,"caption":"Excel Advisor"},"image":{"@id":"https:\/\/exceladvisor.org\/pt\/#\/schema\/logo\/image\/"}}]}},"yoast_meta":{"yoast_wpseo_title":"","yoast_wpseo_metadesc":"","yoast_wpseo_canonical":""},"_links":{"self":[{"href":"https:\/\/exceladvisor.org\/pt\/wp-json\/wp\/v2\/pages\/397","targetHints":{"allow":["GET"]}}],"collection":[{"href":"https:\/\/exceladvisor.org\/pt\/wp-json\/wp\/v2\/pages"}],"about":[{"href":"https:\/\/exceladvisor.org\/pt\/wp-json\/wp\/v2\/types\/page"}],"author":[{"embeddable":true,"href":"https:\/\/exceladvisor.org\/pt\/wp-json\/wp\/v2\/users\/1"}],"replies":[{"embeddable":true,"href":"https:\/\/exceladvisor.org\/pt\/wp-json\/wp\/v2\/comments?post=397"}],"version-history":[{"count":1,"href":"https:\/\/exceladvisor.org\/pt\/wp-json\/wp\/v2\/pages\/397\/revisions"}],"predecessor-version":[{"id":1110,"href":"https:\/\/exceladvisor.org\/pt\/wp-json\/wp\/v2\/pages\/397\/revisions\/1110"}],"wp:attachment":[{"href":"https:\/\/exceladvisor.org\/pt\/wp-json\/wp\/v2\/media?parent=397"}],"curies":[{"name":"wp","href":"https:\/\/api.w.org\/{rel}","templated":true}]}}