{"id":398,"date":"2023-10-30T12:21:52","date_gmt":"2023-10-30T12:21:52","guid":{"rendered":"https:\/\/exceladvisor.org\/pt\/ferramenta-de-analise-rapida\/"},"modified":"2023-12-06T11:42:34","modified_gmt":"2023-12-06T11:42:34","slug":"ferramenta-de-analise-rapida","status":"publish","type":"page","link":"https:\/\/exceladvisor.org\/pt\/ferramenta-de-analise-rapida\/","title":{"rendered":"Como usar a ferramenta an\u00e1lise r\u00e1pida do excel?"},"content":{"rendered":"<div class=\"excel-before-content-2\" id=\"excel-1887489284\"><script type=\"text\/javascript\">\r\n\tatOptions = {\r\n\t\t'key' : 'c1158f160081d6540a8409e6925dab94',\r\n\t\t'format' : 'iframe',\r\n\t\t'height' : 250,\r\n\t\t'width' : 300,\r\n\t\t'params' : {}\r\n\t};\r\n<\/script>\r\n<script type=\"text\/javascript\" src=\"\/\/www.highperformanceformat.com\/c1158f160081d6540a8409e6925dab94\/invoke.js\"><\/script><\/div><div class=\"excel-before-content\" id=\"excel-1668884578\"><script type=\"text\/javascript\">\r\n\tatOptions = {\r\n\t\t'key' : 'c1158f160081d6540a8409e6925dab94',\r\n\t\t'format' : 'iframe',\r\n\t\t'height' : 250,\r\n\t\t'width' : 300,\r\n\t\t'params' : {}\r\n\t};\r\n<\/script>\r\n<script type=\"text\/javascript\" src=\"\/\/www.highperformanceformat.com\/c1158f160081d6540a8409e6925dab94\/invoke.js\"><\/script><\/div> <h2 class=\"wp-block-heading\">O que \u00e9 a ferramenta de verifica\u00e7\u00e3o r\u00e1pida?<\/h2><p> FERRAMENTA DE AN\u00c1LISE R\u00c1PIDA \u00e9 um conjunto de <strong>op\u00e7\u00f5es selecionadas que voc\u00ea pode usar para analisar dados rapidamente<\/strong> . Inclui formata\u00e7\u00e3o condicional, gr\u00e1ficos, tabela din\u00e2mica e minigr\u00e1ficos. Ele tamb\u00e9m oferece suporte ao tipo de dados (texto, datas ou n\u00fameros) selecionado e mostra op\u00e7\u00f5es com base nisso. <\/p><div class=\"wp-block-image\"><figure class=\"aligncenter size-large is-resized\"><img loading=\"lazy\" decoding=\"async\" class=\"wp-image-49509\" src=\"https:\/\/exceladvisor.org\/wp-content\/uploads\/2023\/08\/1-collection-doutils-danalyse-rapide.png\" sizes=\"auto, \" srcset=\"\" alt=\"cole\u00e7\u00e3o de ferramentas de an\u00e1lise r\u00e1pida\" width=\"551\" height=\"213\"><\/figure><\/div><p> A ferramenta An\u00e1lise R\u00e1pida foi introduzida no Excel 2013, portanto, se voc\u00ea estiver usando o Excel 2010 ou inferior, n\u00e3o conseguir\u00e1 encontrar esta op\u00e7\u00e3o. A maioria das op\u00e7\u00f5es que voc\u00ea tem na ferramenta de verifica\u00e7\u00e3o r\u00e1pida s\u00e3o fixas, mas poucas delas s\u00e3o baseadas no tipo de dados selecionado.<\/p><p> Por exemplo, na guia de formata\u00e7\u00e3o condicional, voc\u00ea ter\u00e1 diferentes op\u00e7\u00f5es ao selecionar datas, comparando se selecionar dados num\u00e9ricos. Quando voc\u00ea passa o mouse sobre uma op\u00e7\u00e3o na ferramenta Quick Scan, ela mostra uma visualiza\u00e7\u00e3o dos dados selecionados.<\/p><h2 class=\"wp-block-heading\"> Localiza\u00e7\u00e3o da ferramenta de an\u00e1lise r\u00e1pida na faixa do Excel<\/h2><p> O bot\u00e3o para abrir a ferramenta An\u00e1lise R\u00e1pida <strong>n\u00e3o est\u00e1 listado em nenhum lugar da faixa do Excel<\/strong> . Ao selecionar os dados, o Excel <strong>mostra um pequeno \u00edcone no canto inferior direito<\/strong> e, ao clicar neste \u00edcone, abre a ferramenta An\u00e1lise R\u00e1pida. <\/p><div class=\"wp-block-image\"><figure class=\"aligncenter size-large is-resized\"><img loading=\"lazy\" decoding=\"async\" class=\"wp-image-49510\" src=\"https:\/\/exceladvisor.org\/wp-content\/uploads\/2023\/08\/2-emplacement-de-loutil-danalyse-rapide.png\" sizes=\"auto, \" srcset=\"\" alt=\"localiza\u00e7\u00e3o da ferramenta de verifica\u00e7\u00e3o r\u00e1pida\" width=\"511\" height=\"173\"><\/figure><\/div><p class=\"content-box-blue\"> <em>A ferramenta de an\u00e1lise r\u00e1pida est\u00e1 em nossa lista de <a href=\"https:\/\/exceladvisor.org\/pt\/habilidades-de-excelencia\/\"><strong>habilidades intermedi\u00e1rias em Excel<\/strong><\/a> .<\/em><\/p><h2 class=\"wp-block-heading\"> Mas n\u00e3o consigo ver o bot\u00e3o da ferramenta de verifica\u00e7\u00e3o r\u00e1pida<\/h2><p> Se de alguma forma voc\u00ea n\u00e3o conseguir ver um bot\u00e3o de verifica\u00e7\u00e3o r\u00e1pida ao selecionar os dados (muito improv\u00e1vel), verifique se ele est\u00e1 desabilitado nas op\u00e7\u00f5es. V\u00e1 para a guia Arquivo \u279c Op\u00e7\u00f5es \u279c Geral \u279c Marca de sele\u00e7\u00e3o (Mostrar op\u00e7\u00f5es de digitaliza\u00e7\u00e3o r\u00e1pida na sele\u00e7\u00e3o) <\/p><div class=\"wp-block-image\"><figure class=\"aligncenter size-large is-resized\"><img loading=\"lazy\" decoding=\"async\" class=\"wp-image-49511\" src=\"https:\/\/exceladvisor.org\/wp-content\/uploads\/2023\/08\/3-verifier-sil-est-desactive.png\" sizes=\"auto, \" srcset=\"\" alt=\"verifique se est\u00e1 desabilitado\" width=\"546\" height=\"272\"><\/figure><\/div><p> Como eu disse, foi introduzido no Excel 2013; Se voc\u00ea estiver usando uma vers\u00e3o inferior a esta, ser\u00e1 necess\u00e1rio atualizar para a vers\u00e3o mais recente.<\/p><h2 class=\"wp-block-heading\"> Atalho de teclado para abrir a ferramenta de verifica\u00e7\u00e3o r\u00e1pida<\/h2><p> Sim, existe um atalho de teclado para abrir a ferramenta de verifica\u00e7\u00e3o r\u00e1pida.<\/p><p> <kbd>Ctrl<\/kbd> + <kbd>Q<\/kbd><\/p><p> Voc\u00ea precisa selecionar os dados e pressionar este atalho de teclado.<\/p><p> <a href=\"https:\/\/exceladvisor.org\/pt\/atalhos-do-teclado\/\"><strong>Folha de refer\u00eancias dos atalhos de teclado do Excel<\/strong><\/a><\/p><p> Aqui est\u00e1 outra vantagem. Se uma ferramenta de an\u00e1lise r\u00e1pida estiver desabilitada nas op\u00e7\u00f5es do Excel, voc\u00ea ainda poder\u00e1 abri-la usando o atalho do teclado. Voc\u00ea tamb\u00e9m pode ativar o bot\u00e3o de verifica\u00e7\u00e3o r\u00e1pida no menu de contexto. <\/p><div class=\"wp-block-image\"><figure class=\"aligncenter size-large is-resized\"><img loading=\"lazy\" decoding=\"async\" class=\"wp-image-49512\" src=\"https:\/\/exceladvisor.org\/wp-content\/uploads\/2023\/08\/4-raccourci-clavier-pour-ouvrir-loutil-danalyse-rapide.png\" sizes=\"auto, \" srcset=\"\" alt=\"atalho de teclado para abrir a ferramenta de verifica\u00e7\u00e3o r\u00e1pida\" width=\"214\" height=\"220\"><\/figure><\/div><h2 class=\"wp-block-heading\"> Como usar a ferramenta de verifica\u00e7\u00e3o r\u00e1pida<\/h2><ol><li> Primeiro, selecione os dados que deseja analisar.<\/li><li> Clique no bot\u00e3o de verifica\u00e7\u00e3o r\u00e1pida no canto inferior direito.<\/li><li> Navegue at\u00e9 a guia na qual deseja usar a op\u00e7\u00e3o.<\/li><li> Clique na op\u00e7\u00e3o que deseja usar.<\/li><\/ol><h2 class=\"wp-block-heading\"> Coment\u00e1rios<\/h2><ol><li> O Excel n\u00e3o mostrar\u00e1 o bot\u00e3o de verifica\u00e7\u00e3o r\u00e1pida se voc\u00ea selecionar c\u00e9lulas vazias.<\/li><li> E se voc\u00ea selecionou a coluna inteira ou uma linha.<\/li><\/ol><h2 class=\"wp-block-heading\"> Como usar a ferramenta Quick Scan para an\u00e1lise de dados \u2013 dicas<\/h2><h3 class=\"wp-block-heading\"> 1. Crie barras de dados rapidamente<\/h3><p> Esta op\u00e7\u00e3o \u00e9 \u00fatil ao trabalhar com dados num\u00e9ricos (barras de dados de formata\u00e7\u00e3o condicional). <\/p><div class=\"wp-block-image\"><figure class=\"aligncenter size-large is-resized\"><img loading=\"lazy\" decoding=\"async\" class=\"wp-image-49513\" src=\"https:\/\/exceladvisor.org\/wp-content\/uploads\/2023\/08\/5-creer-rapidement-des-barres-de-donnees.png\" sizes=\"auto, \" srcset=\"\" alt=\"criar barras de dados rapidamente\" width=\"469\" height=\"424\"><\/figure><\/div><p> Voc\u00ea precisa clicar no bot\u00e3o de an\u00e1lise r\u00e1pida e na guia de formata\u00e7\u00e3o e selecionar a op\u00e7\u00e3o \u201cBarras de dados\u201d. Ele adicionar\u00e1 instantaneamente barras de dados s\u00f3lidas (azuis) aos dados selecionados. \u00c9 r\u00e1pido, certo?<\/p><p> E se quiser alterar a cor ou fazer outras personaliza\u00e7\u00f5es, v\u00e1 na aba Home \u279c Estilos \u279c Formata\u00e7\u00e3o Condicional \u279c Gerenciar Regras. <\/p><div class=\"wp-block-image\"><figure class=\"aligncenter size-large is-resized\"><img loading=\"lazy\" decoding=\"async\" class=\"wp-image-49514\" src=\"https:\/\/exceladvisor.org\/wp-content\/uploads\/2023\/08\/6-changer-la-couleur-et-vouloir-faire-dautres-personnalisations.png\" sizes=\"auto, \" srcset=\"\" alt=\"mudar-a-cor-e-quer-fazer-outras-personaliza\u00e7\u00f5es\" width=\"224\" height=\"444\"><\/figure><\/div><p> <em>Relacionado: <a href=\"https:\/\/exceladvisor.org\/pt\/formulas-1\/\" data-wpil=\"url\">F\u00f3rmulas em Formata\u00e7\u00e3o Condicional<\/a><\/em><\/p><h3 class=\"wp-block-heading\"> 2. Analise datas com ferramenta de an\u00e1lise r\u00e1pida<\/h3><p> Se voc\u00ea tiver datas em seus dados, poder\u00e1 analis\u00e1-las rapidamente usando a ferramenta An\u00e1lise R\u00e1pida. Ao abri-lo, ele mostra algumas op\u00e7\u00f5es r\u00e1pidas de formata\u00e7\u00e3o condicional para analisar datas. <\/p><div class=\"wp-block-image\"><figure class=\"aligncenter size-large is-resized\"><img loading=\"lazy\" decoding=\"async\" class=\"wp-image-49515\" src=\"https:\/\/exceladvisor.org\/wp-content\/uploads\/2023\/08\/7-analyser-les-dates-avec-une-analyse-rapide.png\" sizes=\"auto, \" srcset=\"\" alt=\"analisar datas com verifica\u00e7\u00e3o r\u00e1pida\" width=\"389\" height=\"393\"><\/figure><\/div><ul><li> <strong>\u00daltimo M\u00eas<\/strong> : Com esta op\u00e7\u00e3o voc\u00ea pode destacar todas as datas do m\u00eas anterior.<\/li><li> <strong>Semana Passada<\/strong> : Para destacar todas as datas da semana anterior.<\/li><li> <strong>Maior que<\/strong> : destaca todas as datas posteriores \u00e0 data especificada.<\/li><li> <strong>Menor que<\/strong> : Destaca todas as datas inferiores \u00e0 data especificada.<\/li><li> <strong>Igual a:<\/strong> Destaca todas as datas iguais \u00e0 data especificada.<\/li><\/ul><h3 class=\"wp-block-heading\"> 3. Crie uma tabela din\u00e2mica com a ferramenta de an\u00e1lise r\u00e1pida<\/h3><p> Quando voc\u00ea clica no bot\u00e3o de verifica\u00e7\u00e3o r\u00e1pida e vai para a guia tabelas, s\u00e3o mostradas op\u00e7\u00f5es para inserir uma tabela din\u00e2mica. <\/p><div class=\"wp-block-image\"><figure class=\"aligncenter size-large is-resized\"><img loading=\"lazy\" decoding=\"async\" class=\"wp-image-49516\" src=\"https:\/\/exceladvisor.org\/wp-content\/uploads\/2023\/08\/8-creer-un-tableau-croise-dynamique-avec-une-analyse-rapide.png\" sizes=\"auto, \" srcset=\"\" alt=\"8-crie um gr\u00e1fico din\u00e2mico com an\u00e1lise r\u00e1pida\" width=\"427\" height=\"165\"><\/figure><\/div><p> Com base nos dados que voc\u00ea selecionou; mostra todas as possibilidades para criar uma tabela din\u00e2mica. Se n\u00e3o quiser seguir as recomenda\u00e7\u00f5es, voc\u00ea pode clicar no bot\u00e3o Mais e abrir as tabelas din\u00e2micas recomendadas e clicar na tabela din\u00e2mica vazia para criar uma tabela din\u00e2mica do zero. <\/p><div class=\"wp-block-image\"><figure class=\"aligncenter size-large is-resized\"><img loading=\"lazy\" decoding=\"async\" class=\"wp-image-49517\" src=\"https:\/\/exceladvisor.org\/wp-content\/uploads\/2023\/08\/9-tableau-croise-dynamique-vierge-pour-creer-un-pivot-a-partir-de-zero.png\" sizes=\"auto, \" srcset=\"\" alt=\"tabela din\u00e2mica em branco para criar um piv\u00f4 do zero\" width=\"585\" height=\"194\"><\/figure><\/div><p> <em>Relacionado: <a href=\"https:\/\/exceladvisor.org\/pt\/tabela-dinamica-3\/\">Tabelas din\u00e2micas avan\u00e7adas<\/a><\/em><\/p><h3 class=\"wp-block-heading\"> 4. Crie gr\u00e1ficos em c\u00e9lulas com linhas brilhantes<\/h3><p> Voc\u00ea pode inserir um gr\u00e1fico na c\u00e9lula usando minigr\u00e1ficos e adicionar rapidamente minigr\u00e1ficos a partir da ferramenta de an\u00e1lise r\u00e1pida.<\/p><ul><li> Selecione os dados aos quais deseja adicionar os minigr\u00e1ficos e clique no bot\u00e3o de an\u00e1lise r\u00e1pida. <\/li><\/ul><div class=\"wp-block-image\"><figure class=\"aligncenter size-large is-resized\"><img loading=\"lazy\" decoding=\"async\" class=\"wp-image-49518\" src=\"https:\/\/exceladvisor.org\/wp-content\/uploads\/2023\/08\/10-creer-des-graphiques-de-cellules-avec-des-lignes-sparklines.png\" sizes=\"auto, \" srcset=\"\" alt=\"criar c\u00e9lulas gr\u00e1ficas com minigr\u00e1ficos\" width=\"575\" height=\"121\"><\/figure><\/div><ul><li> V\u00e1 para a guia Minigr\u00e1ficos e selecione o tipo de minigr\u00e1fico que deseja inserir. <\/li><\/ul><div class=\"wp-block-image\"><figure class=\"aligncenter size-large is-resized\"><img loading=\"lazy\" decoding=\"async\" class=\"wp-image-49519\" src=\"https:\/\/exceladvisor.org\/wp-content\/uploads\/2023\/08\/11-selectionner-le-type-de-sparkline.png\" sizes=\"auto, \" srcset=\"\" alt=\"selecionar tipo de minigr\u00e1fico\" width=\"577\" height=\"117\"><\/figure><\/div><p> Voc\u00ea obter\u00e1 instantaneamente os minigr\u00e1ficos nas c\u00e9lulas correspondentes aos dados selecionados.<\/p><h3 class=\"wp-block-heading\"> 5. Adicione totais gerais rapidamente<\/h3><p> Na guia totais, voc\u00ea tem v\u00e1rias maneiras de somar totais e tamb\u00e9m oferece op\u00e7\u00f5es de colunas e linhas. <\/p><div class=\"wp-block-image\"><figure class=\"aligncenter size-large is-resized\"><img loading=\"lazy\" decoding=\"async\" class=\"wp-image-49520\" src=\"https:\/\/exceladvisor.org\/wp-content\/uploads\/2023\/08\/12-additionner-rapidement-les-totaux-generaux.png\" sizes=\"auto, \" srcset=\"\" alt=\"adicione rapidamente totais gerais\" width=\"487\" height=\"291\"><\/figure><\/div><ol><li> <strong>Soma<\/strong> : para adicionar uma linha ou coluna total \u00e0 tabela.<\/li><li> <strong>M\u00e9dia<\/strong> : para adicionar uma linha ou coluna m\u00e9dia \u00e0 tabela.<\/li><li> <strong>Contagem<\/strong> : para adicionar uma linha ou coluna m\u00e9dia \u00e0 tabela.<\/li><li> <strong>% Total<\/strong> : Para adicionar uma linha ou coluna % Total \u00e0 tabela.<\/li><li> <strong>Total em execu\u00e7\u00e3o<\/strong> : para adicionar uma linha ou coluna de total em execu\u00e7\u00e3o \u00e0 tabela.<\/li><\/ol><h3 class=\"wp-block-heading\"> 6. Destaque valores \u00fanicos e duplicados<\/h3><p> Ao selecionar dados de texto, voc\u00ea tem a op\u00e7\u00e3o de identificar valores exclusivos e duplicados. <\/p><div class=\"wp-block-image\"><figure class=\"aligncenter size-large is-resized\"><img loading=\"lazy\" decoding=\"async\" class=\"wp-image-49521\" src=\"https:\/\/exceladvisor.org\/wp-content\/uploads\/2023\/08\/13-mettre-en-evidence-les-valeurs-uniques-et-en-double.png\" sizes=\"auto, \" srcset=\"\" alt=\"destacar valores \u00fanicos e duplicados\" width=\"494\" height=\"351\"><\/figure><\/div><p> No momento em que voc\u00ea clicar em qualquer uma dessas duas op\u00e7\u00f5es, as c\u00e9lulas com valores \u00fanicos ou duplicados ser\u00e3o destacadas em vermelho.<\/p><div class=\"gb-container gb-container-4db6181c gb-container-mt\"> <a class=\"gb-button gb-button-c5897111 gb-button-text gb-button-mt-button\" href=\"https:\/\/exceladvisor.org\/pt\/excel-avancado\/\">Tutoriais avan\u00e7ados de Excel<\/a><h2 class=\"gb-headline gb-headline-665e5f6b gb-headline-text gb-headline-mt-heading\"> Tutoriais relacionados <\/h2><div class=\"gb-grid-wrapper gb-grid-wrapper-a20baf7c gb-grid-wrapper-mt-grid\"><div class=\"gb-grid-column gb-grid-column-65ddf67e\"><div class=\"gb-container gb-container-65ddf67e\"><ul><li> <a href=\"https:\/\/exceladvisor.org\/pt\/aplicar-varios-filtros\/\">Aplicar v\u00e1rios filtros \u00e0s colunas<\/a><\/li><li> <a href=\"https:\/\/exceladvisor.org\/pt\/destacar-valores-superiores-inferiores\/\">Destaque os valores N superiores e inferiores no Excel<\/a><\/li><li> <a href=\"https:\/\/exceladvisor.org\/pt\/caixa-de-selecao\/\">Insira uma caixa de sele\u00e7\u00e3o no Excel<\/a><\/li><li> <a href=\"https:\/\/exceladvisor.org\/pt\/mesclar-celulas-sem-perder-dados\/\">Mesclar c\u00e9lulas sem perder dados no Excel<\/a><\/li><li> <a href=\"https:\/\/exceladvisor.org\/pt\/colar-especial-multiplicar\/\">Multiplique no Excel usando Colar Especial<\/a><\/li><\/ul><\/div><\/div><\/div><\/div>","protected":false},"excerpt":{"rendered":"","protected":false},"author":1,"featured_media":0,"parent":0,"menu_order":0,"comment_status":"open","ping_status":"closed","template":"","meta":{"ub_ctt_via":"","footnotes":""},"class_list":["post-398","page","type-page","status-publish","hentry"],"featured_image_src":null,"yoast_head":"<!-- This site is optimized with the Yoast SEO plugin v25.4 - https:\/\/yoast.com\/wordpress\/plugins\/seo\/ -->\n<title>Como usar a ferramenta An\u00e1lise R\u00e1pida do Excel?<\/title>\n<meta name=\"description\" content=\"FERRAMENTA DE AN\u00c1LISE R\u00c1PIDA \u00e9 uma cole\u00e7\u00e3o de op\u00e7\u00f5es selecionadas que voc\u00ea pode usar para analisar dados rapidamente...\" \/>\n<meta name=\"robots\" content=\"index, follow, max-snippet:-1, max-image-preview:large, max-video-preview:-1\" \/>\n<link rel=\"canonical\" href=\"https:\/\/exceladvisor.org\/pt\/ferramenta-de-analise-rapida\/\" \/>\n<meta property=\"og:locale\" content=\"pt_PT\" \/>\n<meta property=\"og:type\" content=\"article\" \/>\n<meta property=\"og:title\" content=\"Como usar a ferramenta An\u00e1lise R\u00e1pida do Excel?\" \/>\n<meta property=\"og:description\" content=\"FERRAMENTA DE AN\u00c1LISE R\u00c1PIDA \u00e9 uma cole\u00e7\u00e3o de op\u00e7\u00f5es selecionadas que voc\u00ea pode usar para analisar dados rapidamente...\" \/>\n<meta property=\"og:url\" content=\"https:\/\/exceladvisor.org\/pt\/ferramenta-de-analise-rapida\/\" \/>\n<meta property=\"og:site_name\" content=\"Excel Advisor\" \/>\n<meta property=\"article:modified_time\" content=\"2023-12-06T11:42:34+00:00\" \/>\n<meta property=\"og:image\" content=\"https:\/\/exceladvisor.org\/wp-content\/uploads\/2023\/08\/1-collection-doutils-danalyse-rapide.png\" \/>\n<meta name=\"twitter:card\" content=\"summary_large_image\" \/>\n<meta name=\"twitter:label1\" content=\"Tempo estimado de leitura\" \/>\n\t<meta name=\"twitter:data1\" content=\"5 minutos\" \/>\n<script type=\"application\/ld+json\" class=\"yoast-schema-graph\">{\"@context\":\"https:\/\/schema.org\",\"@graph\":[{\"@type\":\"WebPage\",\"@id\":\"https:\/\/exceladvisor.org\/pt\/ferramenta-de-analise-rapida\/\",\"url\":\"https:\/\/exceladvisor.org\/pt\/ferramenta-de-analise-rapida\/\",\"name\":\"Como usar a ferramenta An\u00e1lise R\u00e1pida do Excel?\",\"isPartOf\":{\"@id\":\"https:\/\/exceladvisor.org\/pt\/#website\"},\"primaryImageOfPage\":{\"@id\":\"https:\/\/exceladvisor.org\/pt\/ferramenta-de-analise-rapida\/#primaryimage\"},\"image\":{\"@id\":\"https:\/\/exceladvisor.org\/pt\/ferramenta-de-analise-rapida\/#primaryimage\"},\"thumbnailUrl\":\"https:\/\/exceladvisor.org\/wp-content\/uploads\/2023\/08\/1-collection-doutils-danalyse-rapide.png\",\"datePublished\":\"2023-10-30T12:21:52+00:00\",\"dateModified\":\"2023-12-06T11:42:34+00:00\",\"description\":\"FERRAMENTA DE AN\u00c1LISE R\u00c1PIDA \u00e9 uma cole\u00e7\u00e3o de op\u00e7\u00f5es selecionadas que voc\u00ea pode usar para analisar dados rapidamente...\",\"breadcrumb\":{\"@id\":\"https:\/\/exceladvisor.org\/pt\/ferramenta-de-analise-rapida\/#breadcrumb\"},\"inLanguage\":\"pt-PT\",\"potentialAction\":[{\"@type\":\"ReadAction\",\"target\":[\"https:\/\/exceladvisor.org\/pt\/ferramenta-de-analise-rapida\/\"]}]},{\"@type\":\"ImageObject\",\"inLanguage\":\"pt-PT\",\"@id\":\"https:\/\/exceladvisor.org\/pt\/ferramenta-de-analise-rapida\/#primaryimage\",\"url\":\"https:\/\/exceladvisor.org\/wp-content\/uploads\/2023\/08\/1-collection-doutils-danalyse-rapide.png\",\"contentUrl\":\"https:\/\/exceladvisor.org\/wp-content\/uploads\/2023\/08\/1-collection-doutils-danalyse-rapide.png\"},{\"@type\":\"BreadcrumbList\",\"@id\":\"https:\/\/exceladvisor.org\/pt\/ferramenta-de-analise-rapida\/#breadcrumb\",\"itemListElement\":[{\"@type\":\"ListItem\",\"position\":1,\"name\":\"Lar\",\"item\":\"https:\/\/exceladvisor.org\/pt\/\"},{\"@type\":\"ListItem\",\"position\":2,\"name\":\"Como usar a ferramenta an\u00e1lise r\u00e1pida do excel?\"}]},{\"@type\":\"WebSite\",\"@id\":\"https:\/\/exceladvisor.org\/pt\/#website\",\"url\":\"https:\/\/exceladvisor.org\/pt\/\",\"name\":\"Excel Advisor\",\"description\":\"O seu guia definitivo para dominar os dados!\",\"publisher\":{\"@id\":\"https:\/\/exceladvisor.org\/pt\/#organization\"},\"potentialAction\":[{\"@type\":\"SearchAction\",\"target\":{\"@type\":\"EntryPoint\",\"urlTemplate\":\"https:\/\/exceladvisor.org\/pt\/?s={search_term_string}\"},\"query-input\":{\"@type\":\"PropertyValueSpecification\",\"valueRequired\":true,\"valueName\":\"search_term_string\"}}],\"inLanguage\":\"pt-PT\"},{\"@type\":\"Organization\",\"@id\":\"https:\/\/exceladvisor.org\/pt\/#organization\",\"name\":\"Excel Advisor\",\"url\":\"https:\/\/exceladvisor.org\/pt\/\",\"logo\":{\"@type\":\"ImageObject\",\"inLanguage\":\"pt-PT\",\"@id\":\"https:\/\/exceladvisor.org\/pt\/#\/schema\/logo\/image\/\",\"url\":\"https:\/\/exceladvisor.org\/pt\/wp-content\/uploads\/2023\/12\/exceladvisor.org_.png\",\"contentUrl\":\"https:\/\/exceladvisor.org\/pt\/wp-content\/uploads\/2023\/12\/exceladvisor.org_.png\",\"width\":105,\"height\":36,\"caption\":\"Excel Advisor\"},\"image\":{\"@id\":\"https:\/\/exceladvisor.org\/pt\/#\/schema\/logo\/image\/\"}}]}<\/script>\n<!-- \/ Yoast SEO plugin. -->","yoast_head_json":{"title":"Como usar a ferramenta An\u00e1lise R\u00e1pida do Excel?","description":"FERRAMENTA DE AN\u00c1LISE R\u00c1PIDA \u00e9 uma cole\u00e7\u00e3o de op\u00e7\u00f5es selecionadas que voc\u00ea pode usar para analisar dados rapidamente...","robots":{"index":"index","follow":"follow","max-snippet":"max-snippet:-1","max-image-preview":"max-image-preview:large","max-video-preview":"max-video-preview:-1"},"canonical":"https:\/\/exceladvisor.org\/pt\/ferramenta-de-analise-rapida\/","og_locale":"pt_PT","og_type":"article","og_title":"Como usar a ferramenta An\u00e1lise R\u00e1pida do Excel?","og_description":"FERRAMENTA DE AN\u00c1LISE R\u00c1PIDA \u00e9 uma cole\u00e7\u00e3o de op\u00e7\u00f5es selecionadas que voc\u00ea pode usar para analisar dados rapidamente...","og_url":"https:\/\/exceladvisor.org\/pt\/ferramenta-de-analise-rapida\/","og_site_name":"Excel Advisor","article_modified_time":"2023-12-06T11:42:34+00:00","og_image":[{"url":"https:\/\/exceladvisor.org\/wp-content\/uploads\/2023\/08\/1-collection-doutils-danalyse-rapide.png","type":"","width":"","height":""}],"twitter_card":"summary_large_image","twitter_misc":{"Tempo estimado de leitura":"5 minutos"},"schema":{"@context":"https:\/\/schema.org","@graph":[{"@type":"WebPage","@id":"https:\/\/exceladvisor.org\/pt\/ferramenta-de-analise-rapida\/","url":"https:\/\/exceladvisor.org\/pt\/ferramenta-de-analise-rapida\/","name":"Como usar a ferramenta An\u00e1lise R\u00e1pida do Excel?","isPartOf":{"@id":"https:\/\/exceladvisor.org\/pt\/#website"},"primaryImageOfPage":{"@id":"https:\/\/exceladvisor.org\/pt\/ferramenta-de-analise-rapida\/#primaryimage"},"image":{"@id":"https:\/\/exceladvisor.org\/pt\/ferramenta-de-analise-rapida\/#primaryimage"},"thumbnailUrl":"https:\/\/exceladvisor.org\/wp-content\/uploads\/2023\/08\/1-collection-doutils-danalyse-rapide.png","datePublished":"2023-10-30T12:21:52+00:00","dateModified":"2023-12-06T11:42:34+00:00","description":"FERRAMENTA DE AN\u00c1LISE R\u00c1PIDA \u00e9 uma cole\u00e7\u00e3o de op\u00e7\u00f5es selecionadas que voc\u00ea pode usar para analisar dados rapidamente...","breadcrumb":{"@id":"https:\/\/exceladvisor.org\/pt\/ferramenta-de-analise-rapida\/#breadcrumb"},"inLanguage":"pt-PT","potentialAction":[{"@type":"ReadAction","target":["https:\/\/exceladvisor.org\/pt\/ferramenta-de-analise-rapida\/"]}]},{"@type":"ImageObject","inLanguage":"pt-PT","@id":"https:\/\/exceladvisor.org\/pt\/ferramenta-de-analise-rapida\/#primaryimage","url":"https:\/\/exceladvisor.org\/wp-content\/uploads\/2023\/08\/1-collection-doutils-danalyse-rapide.png","contentUrl":"https:\/\/exceladvisor.org\/wp-content\/uploads\/2023\/08\/1-collection-doutils-danalyse-rapide.png"},{"@type":"BreadcrumbList","@id":"https:\/\/exceladvisor.org\/pt\/ferramenta-de-analise-rapida\/#breadcrumb","itemListElement":[{"@type":"ListItem","position":1,"name":"Lar","item":"https:\/\/exceladvisor.org\/pt\/"},{"@type":"ListItem","position":2,"name":"Como usar a ferramenta an\u00e1lise r\u00e1pida do excel?"}]},{"@type":"WebSite","@id":"https:\/\/exceladvisor.org\/pt\/#website","url":"https:\/\/exceladvisor.org\/pt\/","name":"Excel Advisor","description":"O seu guia definitivo para dominar os dados!","publisher":{"@id":"https:\/\/exceladvisor.org\/pt\/#organization"},"potentialAction":[{"@type":"SearchAction","target":{"@type":"EntryPoint","urlTemplate":"https:\/\/exceladvisor.org\/pt\/?s={search_term_string}"},"query-input":{"@type":"PropertyValueSpecification","valueRequired":true,"valueName":"search_term_string"}}],"inLanguage":"pt-PT"},{"@type":"Organization","@id":"https:\/\/exceladvisor.org\/pt\/#organization","name":"Excel Advisor","url":"https:\/\/exceladvisor.org\/pt\/","logo":{"@type":"ImageObject","inLanguage":"pt-PT","@id":"https:\/\/exceladvisor.org\/pt\/#\/schema\/logo\/image\/","url":"https:\/\/exceladvisor.org\/pt\/wp-content\/uploads\/2023\/12\/exceladvisor.org_.png","contentUrl":"https:\/\/exceladvisor.org\/pt\/wp-content\/uploads\/2023\/12\/exceladvisor.org_.png","width":105,"height":36,"caption":"Excel Advisor"},"image":{"@id":"https:\/\/exceladvisor.org\/pt\/#\/schema\/logo\/image\/"}}]}},"yoast_meta":{"yoast_wpseo_title":"","yoast_wpseo_metadesc":"","yoast_wpseo_canonical":""},"_links":{"self":[{"href":"https:\/\/exceladvisor.org\/pt\/wp-json\/wp\/v2\/pages\/398","targetHints":{"allow":["GET"]}}],"collection":[{"href":"https:\/\/exceladvisor.org\/pt\/wp-json\/wp\/v2\/pages"}],"about":[{"href":"https:\/\/exceladvisor.org\/pt\/wp-json\/wp\/v2\/types\/page"}],"author":[{"embeddable":true,"href":"https:\/\/exceladvisor.org\/pt\/wp-json\/wp\/v2\/users\/1"}],"replies":[{"embeddable":true,"href":"https:\/\/exceladvisor.org\/pt\/wp-json\/wp\/v2\/comments?post=398"}],"version-history":[{"count":1,"href":"https:\/\/exceladvisor.org\/pt\/wp-json\/wp\/v2\/pages\/398\/revisions"}],"predecessor-version":[{"id":1220,"href":"https:\/\/exceladvisor.org\/pt\/wp-json\/wp\/v2\/pages\/398\/revisions\/1220"}],"wp:attachment":[{"href":"https:\/\/exceladvisor.org\/pt\/wp-json\/wp\/v2\/media?parent=398"}],"curies":[{"name":"wp","href":"https:\/\/api.w.org\/{rel}","templated":true}]}}