{"id":399,"date":"2023-10-30T11:53:34","date_gmt":"2023-10-30T11:53:34","guid":{"rendered":"https:\/\/exceladvisor.org\/pt\/janela-de-observacao\/"},"modified":"2023-12-06T11:43:59","modified_gmt":"2023-12-06T11:43:59","slug":"janela-de-observacao","status":"publish","type":"page","link":"https:\/\/exceladvisor.org\/pt\/janela-de-observacao\/","title":{"rendered":"Como usar a janela de observa\u00e7\u00e3o no excel?"},"content":{"rendered":"<div class=\"excel-before-content-2\" id=\"excel-3809034987\"><script type=\"text\/javascript\">\r\n\tatOptions = {\r\n\t\t'key' : 'c1158f160081d6540a8409e6925dab94',\r\n\t\t'format' : 'iframe',\r\n\t\t'height' : 250,\r\n\t\t'width' : 300,\r\n\t\t'params' : {}\r\n\t};\r\n<\/script>\r\n<script type=\"text\/javascript\" src=\"\/\/www.highperformanceformat.com\/c1158f160081d6540a8409e6925dab94\/invoke.js\"><\/script><\/div><div class=\"excel-before-content\" id=\"excel-3915672679\"><script type=\"text\/javascript\">\r\n\tatOptions = {\r\n\t\t'key' : 'c1158f160081d6540a8409e6925dab94',\r\n\t\t'format' : 'iframe',\r\n\t\t'height' : 250,\r\n\t\t'width' : 300,\r\n\t\t'params' : {}\r\n\t};\r\n<\/script>\r\n<script type=\"text\/javascript\" src=\"\/\/www.highperformanceformat.com\/c1158f160081d6540a8409e6925dab94\/invoke.js\"><\/script><\/div> <p>Freq\u00fcentemente, h\u00e1 c\u00e9lulas em nossa planilha onde temos f\u00f3rmulas importantes. E estas f\u00f3rmulas ajudam-nos a calcular alguns valores cruciais. Nessa situa\u00e7\u00e3o \u00e9 muito importante monitorar essas c\u00e9lulas para saber se o c\u00e1lculo est\u00e1 correto ou se n\u00e3o h\u00e1 erro.<\/p><p> Mas o fato \u00e9 que quanto mais c\u00e9lulas desse tipo voc\u00ea tiver, mais esfor\u00e7o e tempo ter\u00e1 para rastre\u00e1-las. No Excel existe uma op\u00e7\u00e3o chamada Watch Window que foi introduzida pela Microsoft na vers\u00e3o 2013 e pode ser a sua ferramenta de neg\u00f3cio desde que voc\u00ea saiba o qu\u00e3o \u00fatil ela \u00e9.<\/p><p> Neste artigo, voc\u00ea aprender\u00e1 como rastrear c\u00e9lulas importantes com uma janela de observa\u00e7\u00e3o no Excel. Este \u00e9 um daqueles <a style=\"outline: none;\" href=\"https:\/\/exceladvisor.org\/pt\/conselho\/\" data-wpil=\"url\">truques do Excel<\/a> que podem ajudar a melhorar <a href=\"https:\/\/exceladvisor.org\/pt\/habilidades-de-excelencia\/\">as habilidades b\u00e1sicas do Excel<\/a> .<\/p><h2 id=\"tab-con-2\" class=\"wp-block-heading\"> Onde encontr\u00e1-lo na fita?<\/h2><p> <strong>V\u00e1 para guia F\u00f3rmula \u2192 Auditoria de F\u00f3rmula \u2192 janela Monitoramento.<\/strong> <\/p><div class=\"wp-block-image\"><figure class=\"aligncenter\"><img decoding=\"async\" src=\"https:\/\/exceladvisor.org\/wp-content\/uploads\/2023\/08\/Fenetre-de-surveillance-dans-Excel-1-1.png\" sizes=\"\" srcset=\"\" alt=\"como encontrar a janela de observa\u00e7\u00e3o na faixa do Excel\"><\/figure><\/div><h2 id=\"tab-con-3\" class=\"wp-block-heading\"> Tecla de atalho<\/h2><p> Voc\u00ea tamb\u00e9m pode usar Alt + M + W para abrir a janela Watch.<\/p><h2 id=\"tab-con-4\" class=\"wp-block-heading\"> Adicione uma c\u00e9lula \u00e0 janela de monitoramento<\/h2><ul><li> Clique em Adicionar rel\u00f3gio.<\/li><li> Adicione o endere\u00e7o da c\u00e9lula \u00e0 caixa de entrada.<\/li><li> Clique OK. <\/li><\/ul><div class=\"wp-block-image\"><figure class=\"aligncenter\"><img decoding=\"async\" src=\"https:\/\/exceladvisor.org\/wp-content\/uploads\/2023\/08\/Ajouter-une-cellule-pour-utiliser-la-fenetre-de-surveillance-dans-Excel-1.gif\" sizes=\"\" srcset=\"\" alt=\"adicionar c\u00e9lula na janela de monitoramento para monitoramento\"><\/figure><\/div><h2 id=\"tab-con-5\" class=\"wp-block-heading\"> Monitorando c\u00e9lulas importantes com a janela de monitoramento<\/h2><p> Podemos inspecionar e auditar os seguintes componentes com a janela de monitoramento.<\/p><ol><li> <strong>Nomes da pasta de trabalho<\/strong> : quando voc\u00ea adiciona uma c\u00e9lula ao rel\u00f3gio, ele captura o nome da pasta de trabalho.<\/li><li> <strong>Nome da planilha<\/strong> : O nome da planilha tamb\u00e9m ser\u00e1 capturado junto com o nome da pasta de trabalho. Quando voc\u00ea tem muitas planilhas em sua pasta de trabalho, \u00e9 f\u00e1cil identificar c\u00e9lulas com nomes de planilhas.<\/li><li> <strong>Nome<\/strong> : tamb\u00e9m capturar\u00e1 o nome do intervalo de c\u00e9lulas se voc\u00ea o tiver especificado.<\/li><li> <strong>Endere\u00e7o da c\u00e9lula<\/strong> : exibir\u00e1 o endere\u00e7o da c\u00e9lula.<\/li><li> <strong>Valor da c\u00e9lula<\/strong> : voc\u00ea tem um valor de c\u00e9lula na janela de monitoramento. Este \u00e9 um valor vol\u00e1til que pode mudar quando o valor real da c\u00e9lula muda. Isso facilita a auditoria dos valores na c\u00e9lula.<\/li><li> <strong>F\u00f3rmula<\/strong> : Se a c\u00e9lula adicionada tiver uma f\u00f3rmula, voc\u00ea a obter\u00e1 na janela de observa\u00e7\u00e3o. Isso os torna mais f\u00e1ceis de inspecionar e auditar.<\/li><\/ol><h2 id=\"tab-con-6\" class=\"wp-block-heading\"> Excluir uma c\u00e9lula de<\/h2><ol><li> Selecione a c\u00e9lula que deseja excluir.<\/li><li> Clique no bot\u00e3o Excluir ou toque em Excluir. <\/li><\/ol><div class=\"wp-block-image\"><figure class=\"aligncenter\"><img decoding=\"async\" src=\"https:\/\/exceladvisor.org\/wp-content\/uploads\/2023\/08\/Supprimer-une-cellule-pour-utiliser-la-fenetre-de-surveillance-dans-Excel-1.gif\" sizes=\"\" srcset=\"\" alt=\"remover uma c\u00e9lula da janela de monitoramento\"><\/figure><\/div><p> Para excluir mais de uma c\u00e9lula, use Shift+tecla de seta ou voc\u00ea tamb\u00e9m pode usar Shift+end para selecionar todas as c\u00e9lulas a serem exclu\u00eddas.<\/p><h2 id=\"tab-con-7\" class=\"wp-block-heading\"> Corrigindo a janela de observa\u00e7\u00e3o na faixa do Excel<\/h2><p> Voc\u00ea tamb\u00e9m pode anex\u00e1-lo sob a fita. Para fazer isso, basta clicar duas vezes na barra de t\u00edtulo da janela de monitoramento. <\/p><div class=\"wp-block-image\"><figure class=\"aligncenter\"><img decoding=\"async\" src=\"https:\/\/exceladvisor.org\/wp-content\/uploads\/2023\/08\/Correction-de-la-fenetre-de-surveillance-dans-Excel-sous-le-ruban-1.png\" sizes=\"\" srcset=\"\" alt=\"conserte a janela do rel\u00f3gio sob a fita\"><\/figure><\/div><h2 id=\"tab-con-8\" class=\"wp-block-heading\"> Pontos importantes<\/h2><ol><li> Voc\u00ea pode adicionar quantas c\u00e9lulas houver para monitor\u00e1-las, mas usar muitas c\u00e9lulas tornar\u00e1 sua pasta de trabalho mais lenta.<\/li><li> Clique duas vezes na entrada da c\u00e9lula para selecion\u00e1-la.<\/li><li> Voc\u00ea s\u00f3 poder\u00e1 rastrear uma c\u00e9lula em uma pasta de trabalho se essa pasta de trabalho estiver aberta.<\/li><\/ol><div class=\"gb-container gb-container-4db6181c gb-container-mt\"> <a class=\"gb-button gb-button-c5897111 gb-button-text gb-button-mt-button\" href=\"https:\/\/exceladvisor.org\/pt\/excel-avancado\/\">Tutoriais avan\u00e7ados de Excel<\/a><h2 class=\"gb-headline gb-headline-665e5f6b gb-headline-text gb-headline-mt-heading\"> Tutoriais relacionados <\/h2><div class=\"gb-grid-wrapper gb-grid-wrapper-a20baf7c gb-grid-wrapper-mt-grid\"><div class=\"gb-grid-column gb-grid-column-65ddf67e\"><div class=\"gb-container gb-container-65ddf67e\"><ul><li> <a href=\"https:\/\/exceladvisor.org\/pt\/ferramenta-de-camera\/\">Ferramenta C\u00e2mera Excel<\/a><\/li><li> <a href=\"https:\/\/exceladvisor.org\/pt\/busca-de-meta\/\">Localizador de metas no Excel<\/a><\/li><li> <a href=\"https:\/\/exceladvisor.org\/pt\/fatiador-de-excel\/\">Fatiador de Excel (guia completo)<\/a><\/li><li> <a href=\"https:\/\/exceladvisor.org\/pt\/excel-por-padrao-no-mac\/\">Tornar o Excel padr\u00e3o no Mac<\/a><\/li><li> <a href=\"https:\/\/exceladvisor.org\/pt\/modo-de-seguranca-do-excel\/\">Abra o Excel no modo de seguran\u00e7a<\/a><\/li><\/ul><\/div><\/div><\/div><\/div>","protected":false},"excerpt":{"rendered":"","protected":false},"author":1,"featured_media":0,"parent":0,"menu_order":0,"comment_status":"open","ping_status":"closed","template":"","meta":{"ub_ctt_via":"","footnotes":""},"class_list":["post-399","page","type-page","status-publish","hentry"],"featured_image_src":null,"yoast_head":"<!-- This site is optimized with the Yoast SEO plugin v25.4 - https:\/\/yoast.com\/wordpress\/plugins\/seo\/ -->\n<title>Como usar a janela de observa\u00e7\u00e3o no Excel?<\/title>\n<meta name=\"description\" content=\"Quando for importante ficar de olho em todas as c\u00e9lulas importantes, voc\u00ea pode usar a Watch Window no Excel.\" \/>\n<meta name=\"robots\" content=\"index, follow, max-snippet:-1, max-image-preview:large, max-video-preview:-1\" \/>\n<link rel=\"canonical\" href=\"https:\/\/exceladvisor.org\/pt\/janela-de-observacao\/\" \/>\n<meta property=\"og:locale\" content=\"pt_PT\" \/>\n<meta property=\"og:type\" content=\"article\" \/>\n<meta property=\"og:title\" content=\"Como usar a janela de observa\u00e7\u00e3o no Excel?\" \/>\n<meta property=\"og:description\" content=\"Quando for importante ficar de olho em todas as c\u00e9lulas importantes, voc\u00ea pode usar a Watch Window no Excel.\" \/>\n<meta property=\"og:url\" content=\"https:\/\/exceladvisor.org\/pt\/janela-de-observacao\/\" \/>\n<meta property=\"og:site_name\" content=\"Excel Advisor\" \/>\n<meta property=\"article:modified_time\" content=\"2023-12-06T11:43:59+00:00\" \/>\n<meta property=\"og:image\" content=\"https:\/\/exceladvisor.org\/wp-content\/uploads\/2023\/08\/Fenetre-de-surveillance-dans-Excel-1-1.png\" \/>\n<meta name=\"twitter:card\" content=\"summary_large_image\" \/>\n<meta name=\"twitter:label1\" content=\"Tempo estimado de leitura\" \/>\n\t<meta name=\"twitter:data1\" content=\"3 minutos\" \/>\n<script type=\"application\/ld+json\" class=\"yoast-schema-graph\">{\"@context\":\"https:\/\/schema.org\",\"@graph\":[{\"@type\":\"WebPage\",\"@id\":\"https:\/\/exceladvisor.org\/pt\/janela-de-observacao\/\",\"url\":\"https:\/\/exceladvisor.org\/pt\/janela-de-observacao\/\",\"name\":\"Como usar a janela de observa\u00e7\u00e3o no Excel?\",\"isPartOf\":{\"@id\":\"https:\/\/exceladvisor.org\/pt\/#website\"},\"primaryImageOfPage\":{\"@id\":\"https:\/\/exceladvisor.org\/pt\/janela-de-observacao\/#primaryimage\"},\"image\":{\"@id\":\"https:\/\/exceladvisor.org\/pt\/janela-de-observacao\/#primaryimage\"},\"thumbnailUrl\":\"https:\/\/exceladvisor.org\/wp-content\/uploads\/2023\/08\/Fenetre-de-surveillance-dans-Excel-1-1.png\",\"datePublished\":\"2023-10-30T11:53:34+00:00\",\"dateModified\":\"2023-12-06T11:43:59+00:00\",\"description\":\"Quando for importante ficar de olho em todas as c\u00e9lulas importantes, voc\u00ea pode usar a Watch Window no Excel.\",\"breadcrumb\":{\"@id\":\"https:\/\/exceladvisor.org\/pt\/janela-de-observacao\/#breadcrumb\"},\"inLanguage\":\"pt-PT\",\"potentialAction\":[{\"@type\":\"ReadAction\",\"target\":[\"https:\/\/exceladvisor.org\/pt\/janela-de-observacao\/\"]}]},{\"@type\":\"ImageObject\",\"inLanguage\":\"pt-PT\",\"@id\":\"https:\/\/exceladvisor.org\/pt\/janela-de-observacao\/#primaryimage\",\"url\":\"https:\/\/exceladvisor.org\/wp-content\/uploads\/2023\/08\/Fenetre-de-surveillance-dans-Excel-1-1.png\",\"contentUrl\":\"https:\/\/exceladvisor.org\/wp-content\/uploads\/2023\/08\/Fenetre-de-surveillance-dans-Excel-1-1.png\"},{\"@type\":\"BreadcrumbList\",\"@id\":\"https:\/\/exceladvisor.org\/pt\/janela-de-observacao\/#breadcrumb\",\"itemListElement\":[{\"@type\":\"ListItem\",\"position\":1,\"name\":\"Lar\",\"item\":\"https:\/\/exceladvisor.org\/pt\/\"},{\"@type\":\"ListItem\",\"position\":2,\"name\":\"Como usar a janela de observa\u00e7\u00e3o no excel?\"}]},{\"@type\":\"WebSite\",\"@id\":\"https:\/\/exceladvisor.org\/pt\/#website\",\"url\":\"https:\/\/exceladvisor.org\/pt\/\",\"name\":\"Excel Advisor\",\"description\":\"O seu guia definitivo para dominar os dados!\",\"publisher\":{\"@id\":\"https:\/\/exceladvisor.org\/pt\/#organization\"},\"potentialAction\":[{\"@type\":\"SearchAction\",\"target\":{\"@type\":\"EntryPoint\",\"urlTemplate\":\"https:\/\/exceladvisor.org\/pt\/?s={search_term_string}\"},\"query-input\":{\"@type\":\"PropertyValueSpecification\",\"valueRequired\":true,\"valueName\":\"search_term_string\"}}],\"inLanguage\":\"pt-PT\"},{\"@type\":\"Organization\",\"@id\":\"https:\/\/exceladvisor.org\/pt\/#organization\",\"name\":\"Excel Advisor\",\"url\":\"https:\/\/exceladvisor.org\/pt\/\",\"logo\":{\"@type\":\"ImageObject\",\"inLanguage\":\"pt-PT\",\"@id\":\"https:\/\/exceladvisor.org\/pt\/#\/schema\/logo\/image\/\",\"url\":\"https:\/\/exceladvisor.org\/pt\/wp-content\/uploads\/2023\/12\/exceladvisor.org_.png\",\"contentUrl\":\"https:\/\/exceladvisor.org\/pt\/wp-content\/uploads\/2023\/12\/exceladvisor.org_.png\",\"width\":105,\"height\":36,\"caption\":\"Excel Advisor\"},\"image\":{\"@id\":\"https:\/\/exceladvisor.org\/pt\/#\/schema\/logo\/image\/\"}}]}<\/script>\n<!-- \/ Yoast SEO plugin. -->","yoast_head_json":{"title":"Como usar a janela de observa\u00e7\u00e3o no Excel?","description":"Quando for importante ficar de olho em todas as c\u00e9lulas importantes, voc\u00ea pode usar a Watch Window no Excel.","robots":{"index":"index","follow":"follow","max-snippet":"max-snippet:-1","max-image-preview":"max-image-preview:large","max-video-preview":"max-video-preview:-1"},"canonical":"https:\/\/exceladvisor.org\/pt\/janela-de-observacao\/","og_locale":"pt_PT","og_type":"article","og_title":"Como usar a janela de observa\u00e7\u00e3o no Excel?","og_description":"Quando for importante ficar de olho em todas as c\u00e9lulas importantes, voc\u00ea pode usar a Watch Window no Excel.","og_url":"https:\/\/exceladvisor.org\/pt\/janela-de-observacao\/","og_site_name":"Excel Advisor","article_modified_time":"2023-12-06T11:43:59+00:00","og_image":[{"url":"https:\/\/exceladvisor.org\/wp-content\/uploads\/2023\/08\/Fenetre-de-surveillance-dans-Excel-1-1.png","type":"","width":"","height":""}],"twitter_card":"summary_large_image","twitter_misc":{"Tempo estimado de leitura":"3 minutos"},"schema":{"@context":"https:\/\/schema.org","@graph":[{"@type":"WebPage","@id":"https:\/\/exceladvisor.org\/pt\/janela-de-observacao\/","url":"https:\/\/exceladvisor.org\/pt\/janela-de-observacao\/","name":"Como usar a janela de observa\u00e7\u00e3o no Excel?","isPartOf":{"@id":"https:\/\/exceladvisor.org\/pt\/#website"},"primaryImageOfPage":{"@id":"https:\/\/exceladvisor.org\/pt\/janela-de-observacao\/#primaryimage"},"image":{"@id":"https:\/\/exceladvisor.org\/pt\/janela-de-observacao\/#primaryimage"},"thumbnailUrl":"https:\/\/exceladvisor.org\/wp-content\/uploads\/2023\/08\/Fenetre-de-surveillance-dans-Excel-1-1.png","datePublished":"2023-10-30T11:53:34+00:00","dateModified":"2023-12-06T11:43:59+00:00","description":"Quando for importante ficar de olho em todas as c\u00e9lulas importantes, voc\u00ea pode usar a Watch Window no Excel.","breadcrumb":{"@id":"https:\/\/exceladvisor.org\/pt\/janela-de-observacao\/#breadcrumb"},"inLanguage":"pt-PT","potentialAction":[{"@type":"ReadAction","target":["https:\/\/exceladvisor.org\/pt\/janela-de-observacao\/"]}]},{"@type":"ImageObject","inLanguage":"pt-PT","@id":"https:\/\/exceladvisor.org\/pt\/janela-de-observacao\/#primaryimage","url":"https:\/\/exceladvisor.org\/wp-content\/uploads\/2023\/08\/Fenetre-de-surveillance-dans-Excel-1-1.png","contentUrl":"https:\/\/exceladvisor.org\/wp-content\/uploads\/2023\/08\/Fenetre-de-surveillance-dans-Excel-1-1.png"},{"@type":"BreadcrumbList","@id":"https:\/\/exceladvisor.org\/pt\/janela-de-observacao\/#breadcrumb","itemListElement":[{"@type":"ListItem","position":1,"name":"Lar","item":"https:\/\/exceladvisor.org\/pt\/"},{"@type":"ListItem","position":2,"name":"Como usar a janela de observa\u00e7\u00e3o no excel?"}]},{"@type":"WebSite","@id":"https:\/\/exceladvisor.org\/pt\/#website","url":"https:\/\/exceladvisor.org\/pt\/","name":"Excel Advisor","description":"O seu guia definitivo para dominar os dados!","publisher":{"@id":"https:\/\/exceladvisor.org\/pt\/#organization"},"potentialAction":[{"@type":"SearchAction","target":{"@type":"EntryPoint","urlTemplate":"https:\/\/exceladvisor.org\/pt\/?s={search_term_string}"},"query-input":{"@type":"PropertyValueSpecification","valueRequired":true,"valueName":"search_term_string"}}],"inLanguage":"pt-PT"},{"@type":"Organization","@id":"https:\/\/exceladvisor.org\/pt\/#organization","name":"Excel Advisor","url":"https:\/\/exceladvisor.org\/pt\/","logo":{"@type":"ImageObject","inLanguage":"pt-PT","@id":"https:\/\/exceladvisor.org\/pt\/#\/schema\/logo\/image\/","url":"https:\/\/exceladvisor.org\/pt\/wp-content\/uploads\/2023\/12\/exceladvisor.org_.png","contentUrl":"https:\/\/exceladvisor.org\/pt\/wp-content\/uploads\/2023\/12\/exceladvisor.org_.png","width":105,"height":36,"caption":"Excel Advisor"},"image":{"@id":"https:\/\/exceladvisor.org\/pt\/#\/schema\/logo\/image\/"}}]}},"yoast_meta":{"yoast_wpseo_title":"","yoast_wpseo_metadesc":"","yoast_wpseo_canonical":""},"_links":{"self":[{"href":"https:\/\/exceladvisor.org\/pt\/wp-json\/wp\/v2\/pages\/399","targetHints":{"allow":["GET"]}}],"collection":[{"href":"https:\/\/exceladvisor.org\/pt\/wp-json\/wp\/v2\/pages"}],"about":[{"href":"https:\/\/exceladvisor.org\/pt\/wp-json\/wp\/v2\/types\/page"}],"author":[{"embeddable":true,"href":"https:\/\/exceladvisor.org\/pt\/wp-json\/wp\/v2\/users\/1"}],"replies":[{"embeddable":true,"href":"https:\/\/exceladvisor.org\/pt\/wp-json\/wp\/v2\/comments?post=399"}],"version-history":[{"count":1,"href":"https:\/\/exceladvisor.org\/pt\/wp-json\/wp\/v2\/pages\/399\/revisions"}],"predecessor-version":[{"id":1335,"href":"https:\/\/exceladvisor.org\/pt\/wp-json\/wp\/v2\/pages\/399\/revisions\/1335"}],"wp:attachment":[{"href":"https:\/\/exceladvisor.org\/pt\/wp-json\/wp\/v2\/media?parent=399"}],"curies":[{"name":"wp","href":"https:\/\/api.w.org\/{rel}","templated":true}]}}