{"id":400,"date":"2023-10-30T11:47:21","date_gmt":"2023-10-30T11:47:21","guid":{"rendered":"https:\/\/exceladvisor.org\/pt\/copiar-coluna\/"},"modified":"2023-12-06T11:36:23","modified_gmt":"2023-12-06T11:36:23","slug":"copiar-coluna","status":"publish","type":"page","link":"https:\/\/exceladvisor.org\/pt\/copiar-coluna\/","title":{"rendered":"Como copiar e colar uma coluna no excel?"},"content":{"rendered":"<div class=\"excel-before-content-2\" id=\"excel-658919071\"><script type=\"text\/javascript\">\r\n\tatOptions = {\r\n\t\t'key' : 'c1158f160081d6540a8409e6925dab94',\r\n\t\t'format' : 'iframe',\r\n\t\t'height' : 250,\r\n\t\t'width' : 300,\r\n\t\t'params' : {}\r\n\t};\r\n<\/script>\r\n<script type=\"text\/javascript\" src=\"\/\/www.highperformanceformat.com\/c1158f160081d6540a8409e6925dab94\/invoke.js\"><\/script><\/div><div class=\"excel-before-content\" id=\"excel-3499825786\"><script type=\"text\/javascript\">\r\n\tatOptions = {\r\n\t\t'key' : 'c1158f160081d6540a8409e6925dab94',\r\n\t\t'format' : 'iframe',\r\n\t\t'height' : 250,\r\n\t\t'width' : 300,\r\n\t\t'params' : {}\r\n\t};\r\n<\/script>\r\n<script type=\"text\/javascript\" src=\"\/\/www.highperformanceformat.com\/c1158f160081d6540a8409e6925dab94\/invoke.js\"><\/script><\/div> <p>Copiar dados \u00e9 uma tarefa muito comum em nosso dia a dia quando trabalhamos no Excel ou qualquer outro software de processamento de texto. Normalmente precisamos copiar uma \u00fanica c\u00e9lula de um lugar para outro ou at\u00e9 mesmo para uma planilha diferente. \u00c9 muito simples de fazer.<\/p><p> Mas quando se trata de copiar m\u00faltiplas c\u00e9lulas cont\u00ednuas, bem como c\u00e9lulas n\u00e3o adjacentes, todos n\u00f3s nos encontramos em grandes apuros.<\/p><p> Neste tutorial, aprenderemos m\u00e9todos para copiar colunas \u00fanicas ou m\u00faltiplas (cont\u00ednuas e n\u00e3o cont\u00ednuas). Agora vamos examinar isso passo a passo.<\/p><h2 class=\"wp-block-heading\"> Etapas para copiar e colar coluna \u00fanica<\/h2><ol><li> Primeiro, selecione a coluna inteira, desde a <strong>letra do cabe\u00e7alho<\/strong> at\u00e9 o topo da coluna que deseja copiar.<\/li><li> Em seguida, pressione o bot\u00e3o direito do mouse e selecione a op\u00e7\u00e3o \u201c <strong>Copiar<\/strong> \u201d na caixa de di\u00e1logo. <br><img loading=\"lazy\" decoding=\"async\" title=\"1-copiar-colar-coluna \u00fanica\" src=\"https:\/\/exceladvisor.org\/wp-content\/uploads\/2023\/08\/1-copier-coller-une-seule-colonne.png\" sizes=\"auto, \" srcset=\"\" alt=\"copy-paste-single-column\" width=\"428\" height=\"408\"><\/li><li> Depois disso, selecione o intervalo de c\u00e9lulas daquela coluna espec\u00edfica onde deseja \u201c <strong>colar<\/strong> \u201d seus dados.<\/li><li> Depois de selecionar o intervalo, clique com o bot\u00e3o direito e escolha a op\u00e7\u00e3o Colar. <br><img loading=\"lazy\" decoding=\"async\" title=\"2-macarr\u00e3o-monocoluna\" src=\"https:\/\/exceladvisor.org\/wp-content\/uploads\/2023\/08\/2-coller-une-seule-colonne.png\" sizes=\"auto, \" srcset=\"\" alt=\"paste-single-column\" width=\"417\" height=\"221\"><\/li><\/ol><h2 class=\"wp-block-heading\"> Copiando a coluna usando um atalho de teclado<\/h2><p> Esta \u00e9 uma maneira mais f\u00e1cil de copiar e colar os dados usando o atalho do teclado em vez de faz\u00ea-lo manualmente.<\/p><ol><li> Primeiro, clique em qualquer c\u00e9lula da coluna que deseja copiar.<\/li><li> A partir da\u00ed, selecione a coluna inteira segurando a tecla de atalho ( <strong>Control + Barra de espa\u00e7o<\/strong> ).<\/li><li> Ent\u00e3o voc\u00ea pode copiar a coluna selecionada pressionando <strong>Control + C<\/strong> no teclado.<\/li><li> Agora voc\u00ea ver\u00e1 que esta coluna est\u00e1 destacada e cole-a usando <strong>Ctrl + V.<\/strong><\/li><\/ol><p> Relacionado \u279c <a href=\"https:\/\/exceladvisor.org\/pt\/atalhos-do-teclado\/\">Atalhos de teclado para Excel (PDF Cheatsheet)<\/a><\/p><h2 class=\"wp-block-heading\"> Copie e cole v\u00e1rias colunas adjacentes<\/h2><p> Se quiser copiar v\u00e1rias colunas da planilha ao mesmo tempo, voc\u00ea pode fazer isso. Abaixo est\u00e3o as etapas.<\/p><ol><li> Selecione v\u00e1rias colunas em uma sequ\u00eancia com o <strong>bot\u00e3o esquerdo<\/strong> do mouse perto do cabe\u00e7alho da coluna.<\/li><li> Em seguida, clique com o bot\u00e3o direito nas colunas selecionadas.<\/li><li> Clique na op\u00e7\u00e3o \u201cCopiar\u201d na caixa de di\u00e1logo para selecionar todos os dados. <br><img loading=\"lazy\" decoding=\"async\" title=\"3-copiar-m\u00faltiplas-linhas-adjacentes-1\" src=\"https:\/\/exceladvisor.org\/wp-content\/uploads\/2023\/08\/3-copier-plusieurs-lignes-adjacentes-1.png\" sizes=\"auto, \" srcset=\"\" alt=\"\" width=\"414\" height=\"322\"><\/li><li> Agora voc\u00ea ver\u00e1 que esta coluna est\u00e1 destacada e cole-a usando <strong>Ctrl + V.<\/strong> <br><img loading=\"lazy\" decoding=\"async\" title=\"4-massa-m\u00faltiplas-colunas-adjacentes\" src=\"https:\/\/exceladvisor.org\/wp-content\/uploads\/2023\/08\/4-coller-plusieurs-colonnes-adjacentes.png\" sizes=\"auto, \" srcset=\"\" alt=\"paste-multiple-adjacent-columns\" width=\"417\" height=\"179\"><\/li><\/ol><p class=\"qt-tip\"> <strong>Nota importante<\/strong> : certifique-se de ter colunas em branco suficientes nas quais deseja colar seus dados ou, se j\u00e1 tiver algo nesse intervalo de c\u00e9lulas, ele ser\u00e1 substitu\u00eddo.<\/p><h2 class=\"wp-block-heading\"> Copie v\u00e1rias colunas n\u00e3o adjacentes<\/h2><p> A maneira mais f\u00e1cil de copiar v\u00e1rias colunas n\u00e3o adjacentes \u00e9 usar a tecla CTRL. Vamos prosseguir por etapas.<\/p><ol><li> Na sua planilha, selecione a primeira coluna clicando em seu cabe\u00e7alho.<\/li><li> Depois disso, clique com <strong>Control<\/strong> nas seguintes colunas, uma por uma, que deseja destacar.<\/li><li> Em seguida, clique com o bot\u00e3o direito em uma das colunas selecionadas e escolha \u201cCopiar\u201d na caixa de di\u00e1logo. <br><img loading=\"lazy\" decoding=\"async\" title=\"5 c\u00f3pias de m\u00faltiplas linhas n\u00e3o cont\u00ednuas\" src=\"https:\/\/exceladvisor.org\/wp-content\/uploads\/2023\/08\/5-copier-plusieurs-lignes-non-continues.png\" sizes=\"auto, \" srcset=\"\" alt=\"copy-multiple-non-continuous-rows\" width=\"419\" height=\"296\"><\/li><li> Agora voc\u00ea ver\u00e1 que todas as colunas selecionadas foram destacadas na planilha.<\/li><li> Ao final, selecione a c\u00e9lula de destino onde deseja colar seus dados e pressionando <strong>Ctrl + V<\/strong> voc\u00ea pode col\u00e1-los. <br><img loading=\"lazy\" decoding=\"async\" title=\"6-massa-m\u00faltiplas-linhas-n\u00e3o-cont\u00ednuas\" src=\"https:\/\/exceladvisor.org\/wp-content\/uploads\/2023\/08\/6-coller-plusieurs-lignes-non-continues.png\" sizes=\"auto, \" srcset=\"\" alt=\"paste-multiple-non-continuous-rows\" width=\"408\" height=\"176\"><\/li><\/ol><h2 class=\"wp-block-heading\"> Copie e cole a coluna da faixa de op\u00e7\u00f5es<\/h2><p> Curiosamente, voc\u00ea tamb\u00e9m pode copiar e colar valores da faixa de op\u00e7\u00f5es. Vamos fazer isso nas seguintes etapas:<\/p><ol><li> Primeiro, selecione todas as colunas que deseja copiar.<\/li><li> Em seguida, v\u00e1 para a guia In\u00edcio e \u00c1rea de Transfer\u00eancia&gt; escolha Copiar ou use (Ctrl + C) do teclado para copiar as colunas. <br><img loading=\"lazy\" decoding=\"async\" title=\"7 fitas de c\u00f3pia\" src=\"https:\/\/exceladvisor.org\/wp-content\/uploads\/2023\/08\/7-copie-a-travers-le-ruban.png\" sizes=\"auto, \" srcset=\"\" alt=\"copy-rows-through-ribbon\" width=\"409\" height=\"504\"><\/li><li> Selecione a c\u00e9lula espec\u00edfica onde deseja colar seus dados.<\/li><li> E ent\u00e3o clique em colar da faixa de op\u00e7\u00f5es ou voc\u00ea pode usar o atalho que \u00e9 (Ctrl + V). <br><img loading=\"lazy\" decoding=\"async\" title=\"Op\u00e7\u00e3o 8 macarr\u00e3o pela fita\" src=\"https:\/\/exceladvisor.org\/wp-content\/uploads\/2023\/08\/8-options-de-collage-a-travers-le-ruban.png\" sizes=\"auto, \" srcset=\"\" alt=\"use-paste-option-through-ribbon\" width=\"407\" height=\"319\"><\/li><\/ol><p> Ent\u00e3o, aqui est\u00e3o as maneiras pelas quais voc\u00ea pode copiar e colar colunas no Excel.<\/p><p> Al\u00e9m disso, se quiser copiar v\u00e1rias colunas n\u00e3o adjacentes, voc\u00ea pode usar o terceiro m\u00e9todo para isso.<\/p><p> Junto com isso, o atalho de copiar e colar acima o ajudar\u00e1 a compilar seus dados o mais r\u00e1pido poss\u00edvel.<\/p><div class=\"gb-container gb-container-4db6181c gb-container-mt\"> <a class=\"gb-button gb-button-c5897111 gb-button-text gb-button-mt-button\" href=\"https:\/\/exceladvisor.org\/pt\/nocoes-basicas-de-excel\/\">No\u00e7\u00f5es b\u00e1sicas do Microsoft Excel (componentes, pe\u00e7as e notas de conhecimento)<\/a><h2 class=\"gb-headline gb-headline-665e5f6b gb-headline-text gb-headline-mt-heading\"> Tutoriais relacionados <\/h2><div class=\"gb-grid-wrapper gb-grid-wrapper-a20baf7c gb-grid-wrapper-mt-grid\"><div class=\"gb-grid-column gb-grid-column-65ddf67e\"><div class=\"gb-container gb-container-65ddf67e\"><ul><li> <a href=\"https:\/\/exceladvisor.org\/pt\/adicionar-remover-hiperlinks\/\">Adicione e remova hiperlinks no Excel<\/a><\/li><li> <a href=\"https:\/\/exceladvisor.org\/pt\/adicione-uma-marca-dagua\/\">Adicione uma marca d&#8217;\u00e1gua no Excel<\/a><\/li><li> <a href=\"https:\/\/exceladvisor.org\/pt\/remover-colunas-de-linha-ocultas\/\">Exclua linhas ocultas no Excel<\/a><\/li><li> <a href=\"https:\/\/exceladvisor.org\/pt\/desmarcar-celulas\/\">Desmarcar c\u00e9lulas no Excel<\/a> <\/li><\/ul><\/div><\/div><div class=\"gb-grid-column gb-grid-column-50067b57\"><div class=\"gb-container gb-container-50067b57\"><ul><li> <a href=\"https:\/\/exceladvisor.org\/pt\/mostrar-linhas\/\">Mostrar linhas no Excel<\/a><\/li><li> <a href=\"https:\/\/exceladvisor.org\/pt\/faixa\/\">Intervalo no Excel<\/a><\/li><li> <a href=\"https:\/\/exceladvisor.org\/pt\/selecione-o-intervalo\/\">Selecione o intervalo no Excel<\/a><\/li><li> <a href=\"https:\/\/exceladvisor.org\/pt\/celula-ativa\/\">Ativar c\u00e9lula no Excel<\/a><\/li><\/ul><\/div><\/div><\/div><\/div>","protected":false},"excerpt":{"rendered":"","protected":false},"author":1,"featured_media":0,"parent":0,"menu_order":0,"comment_status":"open","ping_status":"closed","template":"","meta":{"ub_ctt_via":"","footnotes":""},"class_list":["post-400","page","type-page","status-publish","hentry"],"featured_image_src":null,"yoast_head":"<!-- This site is optimized with the Yoast SEO plugin v25.4 - https:\/\/yoast.com\/wordpress\/plugins\/seo\/ -->\n<title>\u25b7 Como copiar e colar uma coluna no Excel?<\/title>\n<meta name=\"description\" content=\"Neste tutorial de f\u00f3rmula, aprenderemos como copiar e colar uma \u00fanica coluna, bem como v\u00e1rias colunas usando m\u00e9todos\" \/>\n<meta name=\"robots\" content=\"index, follow, max-snippet:-1, max-image-preview:large, max-video-preview:-1\" \/>\n<link rel=\"canonical\" href=\"https:\/\/exceladvisor.org\/pt\/copiar-coluna\/\" \/>\n<meta property=\"og:locale\" content=\"pt_PT\" \/>\n<meta property=\"og:type\" content=\"article\" \/>\n<meta property=\"og:title\" content=\"\u25b7 Como copiar e colar uma coluna no Excel?\" \/>\n<meta property=\"og:description\" content=\"Neste tutorial de f\u00f3rmula, aprenderemos como copiar e colar uma \u00fanica coluna, bem como v\u00e1rias colunas usando m\u00e9todos\" \/>\n<meta property=\"og:url\" content=\"https:\/\/exceladvisor.org\/pt\/copiar-coluna\/\" \/>\n<meta property=\"og:site_name\" content=\"Excel Advisor\" \/>\n<meta property=\"article:modified_time\" content=\"2023-12-06T11:36:23+00:00\" \/>\n<meta property=\"og:image\" content=\"https:\/\/exceladvisor.org\/wp-content\/uploads\/2023\/08\/1-copier-coller-une-seule-colonne.png\" \/>\n<meta name=\"twitter:card\" content=\"summary_large_image\" \/>\n<meta name=\"twitter:label1\" content=\"Tempo estimado de leitura\" \/>\n\t<meta name=\"twitter:data1\" content=\"4 minutos\" \/>\n<script type=\"application\/ld+json\" class=\"yoast-schema-graph\">{\"@context\":\"https:\/\/schema.org\",\"@graph\":[{\"@type\":\"WebPage\",\"@id\":\"https:\/\/exceladvisor.org\/pt\/copiar-coluna\/\",\"url\":\"https:\/\/exceladvisor.org\/pt\/copiar-coluna\/\",\"name\":\"\u25b7 Como copiar e colar uma coluna no Excel?\",\"isPartOf\":{\"@id\":\"https:\/\/exceladvisor.org\/pt\/#website\"},\"primaryImageOfPage\":{\"@id\":\"https:\/\/exceladvisor.org\/pt\/copiar-coluna\/#primaryimage\"},\"image\":{\"@id\":\"https:\/\/exceladvisor.org\/pt\/copiar-coluna\/#primaryimage\"},\"thumbnailUrl\":\"https:\/\/exceladvisor.org\/wp-content\/uploads\/2023\/08\/1-copier-coller-une-seule-colonne.png\",\"datePublished\":\"2023-10-30T11:47:21+00:00\",\"dateModified\":\"2023-12-06T11:36:23+00:00\",\"description\":\"Neste tutorial de f\u00f3rmula, aprenderemos como copiar e colar uma \u00fanica coluna, bem como v\u00e1rias colunas usando m\u00e9todos\",\"breadcrumb\":{\"@id\":\"https:\/\/exceladvisor.org\/pt\/copiar-coluna\/#breadcrumb\"},\"inLanguage\":\"pt-PT\",\"potentialAction\":[{\"@type\":\"ReadAction\",\"target\":[\"https:\/\/exceladvisor.org\/pt\/copiar-coluna\/\"]}]},{\"@type\":\"ImageObject\",\"inLanguage\":\"pt-PT\",\"@id\":\"https:\/\/exceladvisor.org\/pt\/copiar-coluna\/#primaryimage\",\"url\":\"https:\/\/exceladvisor.org\/wp-content\/uploads\/2023\/08\/1-copier-coller-une-seule-colonne.png\",\"contentUrl\":\"https:\/\/exceladvisor.org\/wp-content\/uploads\/2023\/08\/1-copier-coller-une-seule-colonne.png\"},{\"@type\":\"BreadcrumbList\",\"@id\":\"https:\/\/exceladvisor.org\/pt\/copiar-coluna\/#breadcrumb\",\"itemListElement\":[{\"@type\":\"ListItem\",\"position\":1,\"name\":\"Lar\",\"item\":\"https:\/\/exceladvisor.org\/pt\/\"},{\"@type\":\"ListItem\",\"position\":2,\"name\":\"Como copiar e colar uma coluna no excel?\"}]},{\"@type\":\"WebSite\",\"@id\":\"https:\/\/exceladvisor.org\/pt\/#website\",\"url\":\"https:\/\/exceladvisor.org\/pt\/\",\"name\":\"Excel Advisor\",\"description\":\"O seu guia definitivo para dominar os dados!\",\"publisher\":{\"@id\":\"https:\/\/exceladvisor.org\/pt\/#organization\"},\"potentialAction\":[{\"@type\":\"SearchAction\",\"target\":{\"@type\":\"EntryPoint\",\"urlTemplate\":\"https:\/\/exceladvisor.org\/pt\/?s={search_term_string}\"},\"query-input\":{\"@type\":\"PropertyValueSpecification\",\"valueRequired\":true,\"valueName\":\"search_term_string\"}}],\"inLanguage\":\"pt-PT\"},{\"@type\":\"Organization\",\"@id\":\"https:\/\/exceladvisor.org\/pt\/#organization\",\"name\":\"Excel Advisor\",\"url\":\"https:\/\/exceladvisor.org\/pt\/\",\"logo\":{\"@type\":\"ImageObject\",\"inLanguage\":\"pt-PT\",\"@id\":\"https:\/\/exceladvisor.org\/pt\/#\/schema\/logo\/image\/\",\"url\":\"https:\/\/exceladvisor.org\/pt\/wp-content\/uploads\/2023\/12\/exceladvisor.org_.png\",\"contentUrl\":\"https:\/\/exceladvisor.org\/pt\/wp-content\/uploads\/2023\/12\/exceladvisor.org_.png\",\"width\":105,\"height\":36,\"caption\":\"Excel Advisor\"},\"image\":{\"@id\":\"https:\/\/exceladvisor.org\/pt\/#\/schema\/logo\/image\/\"}}]}<\/script>\n<!-- \/ Yoast SEO plugin. -->","yoast_head_json":{"title":"\u25b7 Como copiar e colar uma coluna no Excel?","description":"Neste tutorial de f\u00f3rmula, aprenderemos como copiar e colar uma \u00fanica coluna, bem como v\u00e1rias colunas usando m\u00e9todos","robots":{"index":"index","follow":"follow","max-snippet":"max-snippet:-1","max-image-preview":"max-image-preview:large","max-video-preview":"max-video-preview:-1"},"canonical":"https:\/\/exceladvisor.org\/pt\/copiar-coluna\/","og_locale":"pt_PT","og_type":"article","og_title":"\u25b7 Como copiar e colar uma coluna no Excel?","og_description":"Neste tutorial de f\u00f3rmula, aprenderemos como copiar e colar uma \u00fanica coluna, bem como v\u00e1rias colunas usando m\u00e9todos","og_url":"https:\/\/exceladvisor.org\/pt\/copiar-coluna\/","og_site_name":"Excel Advisor","article_modified_time":"2023-12-06T11:36:23+00:00","og_image":[{"url":"https:\/\/exceladvisor.org\/wp-content\/uploads\/2023\/08\/1-copier-coller-une-seule-colonne.png","type":"","width":"","height":""}],"twitter_card":"summary_large_image","twitter_misc":{"Tempo estimado de leitura":"4 minutos"},"schema":{"@context":"https:\/\/schema.org","@graph":[{"@type":"WebPage","@id":"https:\/\/exceladvisor.org\/pt\/copiar-coluna\/","url":"https:\/\/exceladvisor.org\/pt\/copiar-coluna\/","name":"\u25b7 Como copiar e colar uma coluna no Excel?","isPartOf":{"@id":"https:\/\/exceladvisor.org\/pt\/#website"},"primaryImageOfPage":{"@id":"https:\/\/exceladvisor.org\/pt\/copiar-coluna\/#primaryimage"},"image":{"@id":"https:\/\/exceladvisor.org\/pt\/copiar-coluna\/#primaryimage"},"thumbnailUrl":"https:\/\/exceladvisor.org\/wp-content\/uploads\/2023\/08\/1-copier-coller-une-seule-colonne.png","datePublished":"2023-10-30T11:47:21+00:00","dateModified":"2023-12-06T11:36:23+00:00","description":"Neste tutorial de f\u00f3rmula, aprenderemos como copiar e colar uma \u00fanica coluna, bem como v\u00e1rias colunas usando m\u00e9todos","breadcrumb":{"@id":"https:\/\/exceladvisor.org\/pt\/copiar-coluna\/#breadcrumb"},"inLanguage":"pt-PT","potentialAction":[{"@type":"ReadAction","target":["https:\/\/exceladvisor.org\/pt\/copiar-coluna\/"]}]},{"@type":"ImageObject","inLanguage":"pt-PT","@id":"https:\/\/exceladvisor.org\/pt\/copiar-coluna\/#primaryimage","url":"https:\/\/exceladvisor.org\/wp-content\/uploads\/2023\/08\/1-copier-coller-une-seule-colonne.png","contentUrl":"https:\/\/exceladvisor.org\/wp-content\/uploads\/2023\/08\/1-copier-coller-une-seule-colonne.png"},{"@type":"BreadcrumbList","@id":"https:\/\/exceladvisor.org\/pt\/copiar-coluna\/#breadcrumb","itemListElement":[{"@type":"ListItem","position":1,"name":"Lar","item":"https:\/\/exceladvisor.org\/pt\/"},{"@type":"ListItem","position":2,"name":"Como copiar e colar uma coluna no excel?"}]},{"@type":"WebSite","@id":"https:\/\/exceladvisor.org\/pt\/#website","url":"https:\/\/exceladvisor.org\/pt\/","name":"Excel Advisor","description":"O seu guia definitivo para dominar os dados!","publisher":{"@id":"https:\/\/exceladvisor.org\/pt\/#organization"},"potentialAction":[{"@type":"SearchAction","target":{"@type":"EntryPoint","urlTemplate":"https:\/\/exceladvisor.org\/pt\/?s={search_term_string}"},"query-input":{"@type":"PropertyValueSpecification","valueRequired":true,"valueName":"search_term_string"}}],"inLanguage":"pt-PT"},{"@type":"Organization","@id":"https:\/\/exceladvisor.org\/pt\/#organization","name":"Excel Advisor","url":"https:\/\/exceladvisor.org\/pt\/","logo":{"@type":"ImageObject","inLanguage":"pt-PT","@id":"https:\/\/exceladvisor.org\/pt\/#\/schema\/logo\/image\/","url":"https:\/\/exceladvisor.org\/pt\/wp-content\/uploads\/2023\/12\/exceladvisor.org_.png","contentUrl":"https:\/\/exceladvisor.org\/pt\/wp-content\/uploads\/2023\/12\/exceladvisor.org_.png","width":105,"height":36,"caption":"Excel Advisor"},"image":{"@id":"https:\/\/exceladvisor.org\/pt\/#\/schema\/logo\/image\/"}}]}},"yoast_meta":{"yoast_wpseo_title":"","yoast_wpseo_metadesc":"","yoast_wpseo_canonical":""},"_links":{"self":[{"href":"https:\/\/exceladvisor.org\/pt\/wp-json\/wp\/v2\/pages\/400","targetHints":{"allow":["GET"]}}],"collection":[{"href":"https:\/\/exceladvisor.org\/pt\/wp-json\/wp\/v2\/pages"}],"about":[{"href":"https:\/\/exceladvisor.org\/pt\/wp-json\/wp\/v2\/types\/page"}],"author":[{"embeddable":true,"href":"https:\/\/exceladvisor.org\/pt\/wp-json\/wp\/v2\/users\/1"}],"replies":[{"embeddable":true,"href":"https:\/\/exceladvisor.org\/pt\/wp-json\/wp\/v2\/comments?post=400"}],"version-history":[{"count":1,"href":"https:\/\/exceladvisor.org\/pt\/wp-json\/wp\/v2\/pages\/400\/revisions"}],"predecessor-version":[{"id":952,"href":"https:\/\/exceladvisor.org\/pt\/wp-json\/wp\/v2\/pages\/400\/revisions\/952"}],"wp:attachment":[{"href":"https:\/\/exceladvisor.org\/pt\/wp-json\/wp\/v2\/media?parent=400"}],"curies":[{"name":"wp","href":"https:\/\/api.w.org\/{rel}","templated":true}]}}