{"id":401,"date":"2023-10-30T11:30:56","date_gmt":"2023-10-30T11:30:56","guid":{"rendered":"https:\/\/exceladvisor.org\/pt\/colar-especial-multiplicar\/"},"modified":"2023-12-06T11:38:31","modified_gmt":"2023-12-06T11:38:31","slug":"colar-especial-multiplicar","status":"publish","type":"page","link":"https:\/\/exceladvisor.org\/pt\/colar-especial-multiplicar\/","title":{"rendered":"Como multiplicar no excel usando colar especial?"},"content":{"rendered":"<div class=\"excel-before-content-2\" id=\"excel-538470739\"><script type=\"text\/javascript\">\r\n\tatOptions = {\r\n\t\t'key' : 'c1158f160081d6540a8409e6925dab94',\r\n\t\t'format' : 'iframe',\r\n\t\t'height' : 250,\r\n\t\t'width' : 300,\r\n\t\t'params' : {}\r\n\t};\r\n<\/script>\r\n<script type=\"text\/javascript\" src=\"\/\/www.highperformanceformat.com\/c1158f160081d6540a8409e6925dab94\/invoke.js\"><\/script><\/div><div class=\"excel-before-content\" id=\"excel-1827763137\"><script type=\"text\/javascript\">\r\n\tatOptions = {\r\n\t\t'key' : 'c1158f160081d6540a8409e6925dab94',\r\n\t\t'format' : 'iframe',\r\n\t\t'height' : 250,\r\n\t\t'width' : 300,\r\n\t\t'params' : {}\r\n\t};\r\n<\/script>\r\n<script type=\"text\/javascript\" src=\"\/\/www.highperformanceformat.com\/c1158f160081d6540a8409e6925dab94\/invoke.js\"><\/script><\/div> <p>\u00c0s vezes, no Excel voc\u00ea precisa realizar c\u00e1lculos r\u00e1pidos. E voc\u00ea pode usar uma pasta especial para esses c\u00e1lculos r\u00e1pidos em vez de f\u00f3rmulas.<\/p><p> Na pasta especial, voc\u00ea tem quatro op\u00e7\u00f5es diferentes [Adicionar, Subtrair, Multiplicar e Dividir] que voc\u00ea pode usar. E hoje neste artigo eu gostaria de mostrar como usar a pasta especial para multiplicar e (subtrair, dividir e menos) tamb\u00e9m. <\/p><div class=\"wp-block-image\"><figure class=\"aligncenter is-resized\"><img loading=\"lazy\" decoding=\"async\" src=\"https:\/\/exceladvisor.org\/wp-content\/uploads\/2023\/08\/Utiliser-Coller-des-operations-speciales-pour-une-multiplication-rapide-dans-Excel-1.png\" sizes=\"auto, \" srcset=\"\" alt=\"Multiplique no Excel usando a op\u00e7\u00e3o Colar Especial\" width=\"398\" height=\"330\"><\/figure><\/div><h2 class=\"wp-block-heading\"> Multiplique no Excel usando a op\u00e7\u00e3o Colar Especial<\/h2><p> Digamos que voc\u00ea tenha uma tabela de dados com tarifas de chamadas da \u00cdndia para outros pa\u00edses. E devido ao aumento dos custos, voc\u00ea precisa aumentar suas taxas em 20%. Agora, em vez de usar a f\u00f3rmula, voc\u00ea pode usar a op\u00e7\u00e3o de colar especial de multiplica\u00e7\u00e3o aqui.<\/p><ol><li> Selecione a c\u00e9lula onde voc\u00ea tem seu incremento de% de idade (usei 1,2 para aumentar a taxa em 20%) e copie-a.<\/li><li> Agora selecione todo o intervalo ao qual deseja aplicar o c\u00e1lculo.<\/li><li> Use a tecla de atalho [Alt + E + S] para obter a caixa de di\u00e1logo de colagem especial.<\/li><li> V\u00e1 em Opera\u00e7\u00e3o, selecione a op\u00e7\u00e3o \u201cmultiplicar\u201d e clique em OK. <\/li><\/ol><div class=\"wp-block-image\"><figure class=\"aligncenter\"><img decoding=\"async\" src=\"https:\/\/exceladvisor.org\/wp-content\/uploads\/2023\/08\/Utiliser-Coller-des-operations-speciales-pour-une-multiplication-rapide-dans-Excel-3.gif\" sizes=\"\" srcset=\"\" alt=\"Multiplique no Excel usando a op\u00e7\u00e3o Colar especial nas c\u00e9lulas\"><\/figure><\/div><p> No exemplo acima, usamos uma taxa de multiplica\u00e7\u00e3o aumentada. Voc\u00ea tamb\u00e9m pode usar o mesmo m\u00e9todo para somar, subtrair e dividir.<\/p><h2 class=\"wp-block-heading\"> E quando voc\u00ea tem c\u00e9lulas com f\u00f3rmulas<\/h2><p> Essa \u00e9 uma das coisas mais incr\u00edveis que voc\u00ea pode fazer com a massa especial. Se voc\u00ea tiver c\u00e9lulas onde j\u00e1 possui f\u00f3rmulas, voc\u00ea sempre pode usar colar especial. <\/p><div class=\"wp-block-image\"><figure class=\"aligncenter\"><img decoding=\"async\" src=\"https:\/\/exceladvisor.org\/wp-content\/uploads\/2023\/08\/Utiliser-Coller-des-operations-speciales-pour-une-multiplication-rapide-dans-Excel-4.gif\" sizes=\"\" srcset=\"\" alt=\"Multiplique no Excel usando a op\u00e7\u00e3o especial de colar com f\u00f3rmulas\"><\/figure><\/div><p> No exemplo acima, o pre\u00e7o \u00e9 a soma do custo fixo (E2) e do custo vari\u00e1vel (E3). Aumentamos o pre\u00e7o em 32,25%.<\/p><h2 class=\"wp-block-heading\"> Pasta especial para c\u00e1lculos din\u00e2micos<\/h2><p> Outra coisa \u00fatil que voc\u00ea pode fazer com paste-special \u00e9 realizar c\u00e1lculos din\u00e2micos.<\/p><p> Suponha que voc\u00ea tenha um conjunto de dados de cinco produtos para \u00e1reas diferentes e precise calcular um pre\u00e7o incremental para os cinco produtos usando taxas incrementais diferentes.<\/p><p> Basta selecionar todas as c\u00e9lulas que possuem taxas incrementais e seguir os mesmos passos que usamos acima. <\/p><div class=\"wp-block-image\"><figure class=\"aligncenter\"><img decoding=\"async\" src=\"https:\/\/exceladvisor.org\/wp-content\/uploads\/2023\/08\/Utiliser-Coller-des-operations-speciales-pour-une-multiplication-rapide-dans-Excel-5.gif\" sizes=\"\" srcset=\"\" alt=\"Use opera\u00e7\u00f5es especiais de colagem para multiplica\u00e7\u00e3o r\u00e1pida no Excel com c\u00e1lculos din\u00e2micos\"><\/figure><\/div><h2 class=\"wp-block-heading\"> Teclas de atalho<\/h2><ol><li> <strong>Multiplicar<\/strong> \u2013 Alt + V + H + M<\/li><li> <strong>Dividir<\/strong> \u2013 Alt + V + H + I<\/li><li> <strong>Adicionar<\/strong> \u2013 Alt + V + H + D<\/li><li> <strong>Subtrair<\/strong> \u2013 Alt + V + H + S<\/li><\/ol><div class=\"gb-container gb-container-4db6181c gb-container-mt\"> <a class=\"gb-button gb-button-c5897111 gb-button-text gb-button-mt-button\" href=\"https:\/\/exceladvisor.org\/pt\/excel-avancado\/\">Tutoriais avan\u00e7ados de Excel<\/a><h2 class=\"gb-headline gb-headline-665e5f6b gb-headline-text gb-headline-mt-heading\"> Tutoriais relacionados <\/h2><div class=\"gb-grid-wrapper gb-grid-wrapper-a20baf7c gb-grid-wrapper-mt-grid\"><div class=\"gb-grid-column gb-grid-column-65ddf67e\"><div class=\"gb-container gb-container-65ddf67e\"><ul><li> <a href=\"https:\/\/exceladvisor.org\/pt\/ferramenta-de-analise-rapida\/\">Ferramenta de an\u00e1lise r\u00e1pida no Excel<\/a><\/li><li> <a href=\"https:\/\/exceladvisor.org\/pt\/aplicar-varios-filtros\/\">Aplicar v\u00e1rios filtros \u00e0s colunas<\/a><\/li><li> <a href=\"https:\/\/exceladvisor.org\/pt\/destacar-valores-superiores-inferiores\/\">Destaque os valores N superiores e inferiores no Excel<\/a><\/li><li> <a href=\"https:\/\/exceladvisor.org\/pt\/caixa-de-selecao\/\">Insira uma caixa de sele\u00e7\u00e3o no Excel<\/a><\/li><li> <a href=\"https:\/\/exceladvisor.org\/pt\/mesclar-celulas-sem-perder-dados\/\">Mesclar c\u00e9lulas sem perder dados no Excel<\/a><\/li><li> <a href=\"https:\/\/exceladvisor.org\/pt\/adicionar-um-codigo-de-barras\/\" data-wpil=\"url\">Adicione um c\u00f3digo de barras no Excel<\/a><\/li><\/ul><\/div><\/div><\/div><\/div>","protected":false},"excerpt":{"rendered":"","protected":false},"author":1,"featured_media":0,"parent":0,"menu_order":0,"comment_status":"open","ping_status":"closed","template":"","meta":{"ub_ctt_via":"","footnotes":""},"class_list":["post-401","page","type-page","status-publish","hentry"],"featured_image_src":null,"yoast_head":"<!-- This site is optimized with the Yoast SEO plugin v25.4 - https:\/\/yoast.com\/wordpress\/plugins\/seo\/ -->\n<title>Como multiplicar no Excel usando colar especial?<\/title>\n<meta name=\"description\" content=\"Neste artigo voc\u00ea aprender\u00e1 como multiplicar no Excel usando Colar Especial. Al\u00e9m de dividir, somar e subtrair.\" \/>\n<meta name=\"robots\" content=\"index, follow, max-snippet:-1, max-image-preview:large, max-video-preview:-1\" \/>\n<link rel=\"canonical\" href=\"https:\/\/exceladvisor.org\/pt\/colar-especial-multiplicar\/\" \/>\n<meta property=\"og:locale\" content=\"pt_PT\" \/>\n<meta property=\"og:type\" content=\"article\" \/>\n<meta property=\"og:title\" content=\"Como multiplicar no Excel usando colar especial?\" \/>\n<meta property=\"og:description\" content=\"Neste artigo voc\u00ea aprender\u00e1 como multiplicar no Excel usando Colar Especial. Al\u00e9m de dividir, somar e subtrair.\" \/>\n<meta property=\"og:url\" content=\"https:\/\/exceladvisor.org\/pt\/colar-especial-multiplicar\/\" \/>\n<meta property=\"og:site_name\" content=\"Excel Advisor\" \/>\n<meta property=\"article:modified_time\" content=\"2023-12-06T11:38:31+00:00\" \/>\n<meta property=\"og:image\" content=\"https:\/\/exceladvisor.org\/wp-content\/uploads\/2023\/08\/Utiliser-Coller-des-operations-speciales-pour-une-multiplication-rapide-dans-Excel-1.png\" \/>\n<meta name=\"twitter:card\" content=\"summary_large_image\" \/>\n<meta name=\"twitter:label1\" content=\"Tempo estimado de leitura\" \/>\n\t<meta name=\"twitter:data1\" content=\"2 minutos\" \/>\n<script type=\"application\/ld+json\" class=\"yoast-schema-graph\">{\"@context\":\"https:\/\/schema.org\",\"@graph\":[{\"@type\":\"WebPage\",\"@id\":\"https:\/\/exceladvisor.org\/pt\/colar-especial-multiplicar\/\",\"url\":\"https:\/\/exceladvisor.org\/pt\/colar-especial-multiplicar\/\",\"name\":\"Como multiplicar no Excel usando colar especial?\",\"isPartOf\":{\"@id\":\"https:\/\/exceladvisor.org\/pt\/#website\"},\"primaryImageOfPage\":{\"@id\":\"https:\/\/exceladvisor.org\/pt\/colar-especial-multiplicar\/#primaryimage\"},\"image\":{\"@id\":\"https:\/\/exceladvisor.org\/pt\/colar-especial-multiplicar\/#primaryimage\"},\"thumbnailUrl\":\"https:\/\/exceladvisor.org\/wp-content\/uploads\/2023\/08\/Utiliser-Coller-des-operations-speciales-pour-une-multiplication-rapide-dans-Excel-1.png\",\"datePublished\":\"2023-10-30T11:30:56+00:00\",\"dateModified\":\"2023-12-06T11:38:31+00:00\",\"description\":\"Neste artigo voc\u00ea aprender\u00e1 como multiplicar no Excel usando Colar Especial. Al\u00e9m de dividir, somar e subtrair.\",\"breadcrumb\":{\"@id\":\"https:\/\/exceladvisor.org\/pt\/colar-especial-multiplicar\/#breadcrumb\"},\"inLanguage\":\"pt-PT\",\"potentialAction\":[{\"@type\":\"ReadAction\",\"target\":[\"https:\/\/exceladvisor.org\/pt\/colar-especial-multiplicar\/\"]}]},{\"@type\":\"ImageObject\",\"inLanguage\":\"pt-PT\",\"@id\":\"https:\/\/exceladvisor.org\/pt\/colar-especial-multiplicar\/#primaryimage\",\"url\":\"https:\/\/exceladvisor.org\/wp-content\/uploads\/2023\/08\/Utiliser-Coller-des-operations-speciales-pour-une-multiplication-rapide-dans-Excel-1.png\",\"contentUrl\":\"https:\/\/exceladvisor.org\/wp-content\/uploads\/2023\/08\/Utiliser-Coller-des-operations-speciales-pour-une-multiplication-rapide-dans-Excel-1.png\"},{\"@type\":\"BreadcrumbList\",\"@id\":\"https:\/\/exceladvisor.org\/pt\/colar-especial-multiplicar\/#breadcrumb\",\"itemListElement\":[{\"@type\":\"ListItem\",\"position\":1,\"name\":\"Lar\",\"item\":\"https:\/\/exceladvisor.org\/pt\/\"},{\"@type\":\"ListItem\",\"position\":2,\"name\":\"Como multiplicar no excel usando colar especial?\"}]},{\"@type\":\"WebSite\",\"@id\":\"https:\/\/exceladvisor.org\/pt\/#website\",\"url\":\"https:\/\/exceladvisor.org\/pt\/\",\"name\":\"Excel Advisor\",\"description\":\"O seu guia definitivo para dominar os dados!\",\"publisher\":{\"@id\":\"https:\/\/exceladvisor.org\/pt\/#organization\"},\"potentialAction\":[{\"@type\":\"SearchAction\",\"target\":{\"@type\":\"EntryPoint\",\"urlTemplate\":\"https:\/\/exceladvisor.org\/pt\/?s={search_term_string}\"},\"query-input\":{\"@type\":\"PropertyValueSpecification\",\"valueRequired\":true,\"valueName\":\"search_term_string\"}}],\"inLanguage\":\"pt-PT\"},{\"@type\":\"Organization\",\"@id\":\"https:\/\/exceladvisor.org\/pt\/#organization\",\"name\":\"Excel Advisor\",\"url\":\"https:\/\/exceladvisor.org\/pt\/\",\"logo\":{\"@type\":\"ImageObject\",\"inLanguage\":\"pt-PT\",\"@id\":\"https:\/\/exceladvisor.org\/pt\/#\/schema\/logo\/image\/\",\"url\":\"https:\/\/exceladvisor.org\/pt\/wp-content\/uploads\/2023\/12\/exceladvisor.org_.png\",\"contentUrl\":\"https:\/\/exceladvisor.org\/pt\/wp-content\/uploads\/2023\/12\/exceladvisor.org_.png\",\"width\":105,\"height\":36,\"caption\":\"Excel Advisor\"},\"image\":{\"@id\":\"https:\/\/exceladvisor.org\/pt\/#\/schema\/logo\/image\/\"}}]}<\/script>\n<!-- \/ Yoast SEO plugin. -->","yoast_head_json":{"title":"Como multiplicar no Excel usando colar especial?","description":"Neste artigo voc\u00ea aprender\u00e1 como multiplicar no Excel usando Colar Especial. Al\u00e9m de dividir, somar e subtrair.","robots":{"index":"index","follow":"follow","max-snippet":"max-snippet:-1","max-image-preview":"max-image-preview:large","max-video-preview":"max-video-preview:-1"},"canonical":"https:\/\/exceladvisor.org\/pt\/colar-especial-multiplicar\/","og_locale":"pt_PT","og_type":"article","og_title":"Como multiplicar no Excel usando colar especial?","og_description":"Neste artigo voc\u00ea aprender\u00e1 como multiplicar no Excel usando Colar Especial. Al\u00e9m de dividir, somar e subtrair.","og_url":"https:\/\/exceladvisor.org\/pt\/colar-especial-multiplicar\/","og_site_name":"Excel Advisor","article_modified_time":"2023-12-06T11:38:31+00:00","og_image":[{"url":"https:\/\/exceladvisor.org\/wp-content\/uploads\/2023\/08\/Utiliser-Coller-des-operations-speciales-pour-une-multiplication-rapide-dans-Excel-1.png","type":"","width":"","height":""}],"twitter_card":"summary_large_image","twitter_misc":{"Tempo estimado de leitura":"2 minutos"},"schema":{"@context":"https:\/\/schema.org","@graph":[{"@type":"WebPage","@id":"https:\/\/exceladvisor.org\/pt\/colar-especial-multiplicar\/","url":"https:\/\/exceladvisor.org\/pt\/colar-especial-multiplicar\/","name":"Como multiplicar no Excel usando colar especial?","isPartOf":{"@id":"https:\/\/exceladvisor.org\/pt\/#website"},"primaryImageOfPage":{"@id":"https:\/\/exceladvisor.org\/pt\/colar-especial-multiplicar\/#primaryimage"},"image":{"@id":"https:\/\/exceladvisor.org\/pt\/colar-especial-multiplicar\/#primaryimage"},"thumbnailUrl":"https:\/\/exceladvisor.org\/wp-content\/uploads\/2023\/08\/Utiliser-Coller-des-operations-speciales-pour-une-multiplication-rapide-dans-Excel-1.png","datePublished":"2023-10-30T11:30:56+00:00","dateModified":"2023-12-06T11:38:31+00:00","description":"Neste artigo voc\u00ea aprender\u00e1 como multiplicar no Excel usando Colar Especial. Al\u00e9m de dividir, somar e subtrair.","breadcrumb":{"@id":"https:\/\/exceladvisor.org\/pt\/colar-especial-multiplicar\/#breadcrumb"},"inLanguage":"pt-PT","potentialAction":[{"@type":"ReadAction","target":["https:\/\/exceladvisor.org\/pt\/colar-especial-multiplicar\/"]}]},{"@type":"ImageObject","inLanguage":"pt-PT","@id":"https:\/\/exceladvisor.org\/pt\/colar-especial-multiplicar\/#primaryimage","url":"https:\/\/exceladvisor.org\/wp-content\/uploads\/2023\/08\/Utiliser-Coller-des-operations-speciales-pour-une-multiplication-rapide-dans-Excel-1.png","contentUrl":"https:\/\/exceladvisor.org\/wp-content\/uploads\/2023\/08\/Utiliser-Coller-des-operations-speciales-pour-une-multiplication-rapide-dans-Excel-1.png"},{"@type":"BreadcrumbList","@id":"https:\/\/exceladvisor.org\/pt\/colar-especial-multiplicar\/#breadcrumb","itemListElement":[{"@type":"ListItem","position":1,"name":"Lar","item":"https:\/\/exceladvisor.org\/pt\/"},{"@type":"ListItem","position":2,"name":"Como multiplicar no excel usando colar especial?"}]},{"@type":"WebSite","@id":"https:\/\/exceladvisor.org\/pt\/#website","url":"https:\/\/exceladvisor.org\/pt\/","name":"Excel Advisor","description":"O seu guia definitivo para dominar os dados!","publisher":{"@id":"https:\/\/exceladvisor.org\/pt\/#organization"},"potentialAction":[{"@type":"SearchAction","target":{"@type":"EntryPoint","urlTemplate":"https:\/\/exceladvisor.org\/pt\/?s={search_term_string}"},"query-input":{"@type":"PropertyValueSpecification","valueRequired":true,"valueName":"search_term_string"}}],"inLanguage":"pt-PT"},{"@type":"Organization","@id":"https:\/\/exceladvisor.org\/pt\/#organization","name":"Excel Advisor","url":"https:\/\/exceladvisor.org\/pt\/","logo":{"@type":"ImageObject","inLanguage":"pt-PT","@id":"https:\/\/exceladvisor.org\/pt\/#\/schema\/logo\/image\/","url":"https:\/\/exceladvisor.org\/pt\/wp-content\/uploads\/2023\/12\/exceladvisor.org_.png","contentUrl":"https:\/\/exceladvisor.org\/pt\/wp-content\/uploads\/2023\/12\/exceladvisor.org_.png","width":105,"height":36,"caption":"Excel Advisor"},"image":{"@id":"https:\/\/exceladvisor.org\/pt\/#\/schema\/logo\/image\/"}}]}},"yoast_meta":{"yoast_wpseo_title":"","yoast_wpseo_metadesc":"","yoast_wpseo_canonical":""},"_links":{"self":[{"href":"https:\/\/exceladvisor.org\/pt\/wp-json\/wp\/v2\/pages\/401","targetHints":{"allow":["GET"]}}],"collection":[{"href":"https:\/\/exceladvisor.org\/pt\/wp-json\/wp\/v2\/pages"}],"about":[{"href":"https:\/\/exceladvisor.org\/pt\/wp-json\/wp\/v2\/types\/page"}],"author":[{"embeddable":true,"href":"https:\/\/exceladvisor.org\/pt\/wp-json\/wp\/v2\/users\/1"}],"replies":[{"embeddable":true,"href":"https:\/\/exceladvisor.org\/pt\/wp-json\/wp\/v2\/comments?post=401"}],"version-history":[{"count":1,"href":"https:\/\/exceladvisor.org\/pt\/wp-json\/wp\/v2\/pages\/401\/revisions"}],"predecessor-version":[{"id":1130,"href":"https:\/\/exceladvisor.org\/pt\/wp-json\/wp\/v2\/pages\/401\/revisions\/1130"}],"wp:attachment":[{"href":"https:\/\/exceladvisor.org\/pt\/wp-json\/wp\/v2\/media?parent=401"}],"curies":[{"name":"wp","href":"https:\/\/api.w.org\/{rel}","templated":true}]}}