{"id":403,"date":"2023-10-30T10:51:51","date_gmt":"2023-10-30T10:51:51","guid":{"rendered":"https:\/\/exceladvisor.org\/pt\/ferramenta-de-camera\/"},"modified":"2023-12-06T11:42:35","modified_gmt":"2023-12-06T11:42:35","slug":"ferramenta-de-camera","status":"publish","type":"page","link":"https:\/\/exceladvisor.org\/pt\/ferramenta-de-camera\/","title":{"rendered":"Como usar a ferramenta de c\u00e2mera do excel para imagens ao vivo?"},"content":{"rendered":"<div class=\"excel-before-content-2\" id=\"excel-2415467858\"><script type=\"text\/javascript\">\r\n\tatOptions = {\r\n\t\t'key' : 'c1158f160081d6540a8409e6925dab94',\r\n\t\t'format' : 'iframe',\r\n\t\t'height' : 250,\r\n\t\t'width' : 300,\r\n\t\t'params' : {}\r\n\t};\r\n<\/script>\r\n<script type=\"text\/javascript\" src=\"\/\/www.highperformanceformat.com\/c1158f160081d6540a8409e6925dab94\/invoke.js\"><\/script><\/div><div class=\"excel-before-content\" id=\"excel-1859647631\"><script type=\"text\/javascript\">\r\n\tatOptions = {\r\n\t\t'key' : 'c1158f160081d6540a8409e6925dab94',\r\n\t\t'format' : 'iframe',\r\n\t\t'height' : 250,\r\n\t\t'width' : 300,\r\n\t\t'params' : {}\r\n\t};\r\n<\/script>\r\n<script type=\"text\/javascript\" src=\"\/\/www.highperformanceformat.com\/c1158f160081d6540a8409e6925dab94\/invoke.js\"><\/script><\/div> <p>A ferramenta C\u00e2mera do Excel pode ajud\u00e1-lo a criar uma imagem ao vivo de uma c\u00e9lula ou intervalo de c\u00e9lulas com apenas um clique. Neste artigo, gostaria de mostrar como voc\u00ea pode usar a ferramenta c\u00e2mera do Excel e criar imagens ao vivo facilmente. Vamos come\u00e7ar.<\/p><h2 id=\"tab-con-1\" class=\"wp-block-heading\"> O que \u00e9 a ferramenta de c\u00e2mera do Excel<\/h2><p> A ferramenta C\u00e2mera do Excel ajuda voc\u00ea a copiar um intervalo e criar uma imagem ao vivo dele. Voc\u00ea pode colar esta imagem em qualquer lugar da sua planilha. Como esta \u00e9 uma imagem ao vivo, se voc\u00ea fizer alguma altera\u00e7\u00e3o no intervalo original, isso tamb\u00e9m ser\u00e1 refletido na imagem. <\/p><div class=\"wp-block-image\"><figure class=\"aligncenter\"><img decoding=\"async\" src=\"https:\/\/exceladvisor.org\/wp-content\/uploads\/2023\/08\/Copier-la-plage-avec-loutil-de-camera-Excel.gif\" sizes=\"\" srcset=\"\" alt=\"imagem ao vivo com ferramenta de c\u00e2mera do Excel\"><\/figure><\/div><h2 id=\"tab-con-2\" class=\"wp-block-heading\"> Ativar ferramenta de c\u00e2mera<\/h2><p> A ferramenta C\u00e2mera n\u00e3o est\u00e1 listada em nenhum lugar da faixa do Excel, ent\u00e3o precisamos adicion\u00e1-la \u00e0 <a href=\"https:\/\/exceladvisor.org\/pt\/barra-de-acesso-rapido\/\">barra de ferramentas de acesso r\u00e1pido<\/a> antes de us\u00e1-la. Siga estes passos simples.<\/p><ul><li> Na barra de ferramentas de acesso r\u00e1pido, clique na seta para baixo. <\/li><\/ul><div class=\"wp-block-image\"><figure class=\"aligncenter\"><img decoding=\"async\" src=\"https:\/\/exceladvisor.org\/wp-content\/uploads\/2023\/08\/Activer-loutil-de-camera-Excel-a-partir-de-la-barre-doutils-dacces-rapide-1.png\" sizes=\"\" srcset=\"\" alt=\"Habilite a ferramenta C\u00e2mera do Excel na barra de ferramentas de acesso r\u00e1pido\"><\/figure><\/div><ul><li> Voc\u00ea receber\u00e1 um menu suspenso. Clique em mais pedidos. <\/li><\/ul><div class=\"wp-block-image\"><figure class=\"aligncenter\"><img decoding=\"async\" src=\"https:\/\/exceladvisor.org\/wp-content\/uploads\/2023\/08\/Menu-de-la-barre-doutils-dacces-rapide-pour-ajouter-loutil-de-camera-Excel.png\" sizes=\"\" srcset=\"\" alt=\"Menu da barra de ferramentas de acesso r\u00e1pido para adicionar ferramenta de c\u00e2mera do Excel\"><\/figure><\/div><ul><li> Agora nas op\u00e7\u00f5es do Excel, selecione todos os comandos em \u201cEscolher comandos de\u201d. Selecione uma c\u00e2mera da lista e adicione-a \u00e0 barra de ferramentas de acesso r\u00e1pido. <\/li><\/ul><div class=\"wp-block-image\"><figure class=\"aligncenter\"><img decoding=\"async\" src=\"https:\/\/exceladvisor.org\/wp-content\/uploads\/2023\/08\/Cliquez-sur-OK-pour-ajouter-loutil-de-camera-Excel-a-la-barre-doutils-dacces-rapide-1.png\" sizes=\"\" srcset=\"\" alt=\"Clique em OK para adicionar a ferramenta de c\u00e2mera do Excel \u00e0 barra de ferramentas de acesso r\u00e1pido\"><\/figure><\/div><ul><li> Clique OK.<\/li><\/ul><p> Agora voc\u00ea tem um \u00edcone de c\u00e2mera na barra de ferramentas de acesso r\u00e1pido. <\/p><div class=\"wp-block-image\"><figure class=\"aligncenter\"><img decoding=\"async\" src=\"https:\/\/exceladvisor.org\/wp-content\/uploads\/2023\/08\/ajouter-loutil-camera-a-la-barre-doutils-dacces-rapide-1.png\" sizes=\"\" srcset=\"\" alt=\"adicione a ferramenta c\u00e2mera \u00e0 barra de ferramentas de acesso r\u00e1pido\"><\/figure><\/div><h2 id=\"tab-con-3\" class=\"wp-block-heading\"> Como us\u00e1-lo<\/h2><p> Usar a ferramenta de c\u00e2mera do Excel \u00e9 t\u00e3o f\u00e1cil quanto clicar em uma imagem com uma c\u00e2mera. Basta seguir estas etapas simples para criar uma imagem ao vivo em sua planilha.<\/p><ol><li> Selecione um intervalo a partir do qual deseja criar uma imagem ao vivo.<\/li><li> Clique no \u00edcone da c\u00e2mera na barra de ferramentas de acesso r\u00e1pido.<\/li><li> Seu cursor mudar\u00e1 para um \u00edcone de adi\u00e7\u00e3o.<\/li><li> Agora, clique no local da planilha onde deseja inserir sua imagem ao vivo. <\/li><\/ol><div class=\"wp-block-image\"><figure class=\"aligncenter\"><img decoding=\"async\" src=\"https:\/\/exceladvisor.org\/wp-content\/uploads\/2023\/08\/Creer-une-table-dimages-liees-avec-Excel-Camera-Tool.gif\" sizes=\"\" srcset=\"\" alt=\"Crie uma tabela de imagens vinculada com Excel Camera Tool\"><\/figure><\/div><h2 id=\"tab-con-4\" class=\"wp-block-heading\"> Exemplos de uso da ferramenta C\u00e2mera<\/h2><p> Aqui listei alguns exemplos inspiradores de uso de uma ferramenta de c\u00e2mera para criar imagens ao vivo em sua planilha.<\/p><h3 id=\"tab-con-6\" class=\"wp-block-heading\"> 1. Adicione gr\u00e1ficos de c\u00e9lulas ao seu painel<\/h3><p> Sou um grande f\u00e3 de gr\u00e1ficos de c\u00e9lulas, mas a parte mais dif\u00edcil dos gr\u00e1ficos de c\u00e9lulas \u00e9 adicion\u00e1-los ao painel. Ent\u00e3o eu uso uma ferramenta de c\u00e2mera para criar uma imagem ao vivo e adicion\u00e1-las aos pain\u00e9is. <\/p><div class=\"wp-block-image\"><figure class=\"aligncenter\"><img decoding=\"async\" src=\"https:\/\/exceladvisor.org\/wp-content\/uploads\/2023\/08\/Creer-une-image-liee-avec-Excel-Camera-Tool.gif\" sizes=\"\" srcset=\"\" alt=\"Crie uma imagem vinculada com Excel Camera Tool\"><\/figure><\/div><p> Esse m\u00e9todo me ajuda muito porque posso alterar o tamanho do gr\u00e1fico.<\/p><h3 id=\"tab-con-7\" class=\"wp-block-heading\"> 2. Adicione tabelas de dados a um painel<\/h3><p> Voc\u00ea tamb\u00e9m pode us\u00e1-lo para inserir imagens ao vivo de tabelas de dados. \u00c0s vezes, as tabelas de dados consomem muito espa\u00e7o em nosso painel. Podemos adicionar um instant\u00e2neo de dados ativos aos nossos pain\u00e9is. <\/p><div class=\"wp-block-image\"><figure class=\"aligncenter\"><img decoding=\"async\" src=\"https:\/\/exceladvisor.org\/wp-content\/uploads\/2023\/08\/Creer-une-image-du-tableau-de-donnees-avec-loutil-de-camera-Excel.gif\" sizes=\"\" srcset=\"\" alt=\"Crie uma imagem da tabela de dados com a ferramenta de c\u00e2mera do Excel\"><\/figure><\/div><p> Voc\u00ea pode alterar o tamanho da tabela de dados dependendo do espa\u00e7o dispon\u00edvel no painel.<\/p><h3 id=\"tab-con-8\" class=\"wp-block-heading\"> 3. Monitorando C\u00e9lulas Importantes<\/h3><p> Digamos que voc\u00ea tenha c\u00e9lulas importantes relacionadas ao seu painel. E todas as c\u00e9lulas est\u00e3o em planilhas diferentes e <a href=\"https:\/\/exceladvisor.org\/pt\/janela-de-observacao\/\">voc\u00ea deseja monitor\u00e1-las<\/a> .<\/p><p> A melhor maneira de fazer isso \u00e9 simplesmente criar imagens ao vivo de todas as c\u00e9lulas importantes e coloc\u00e1-las em uma \u00fanica planilha ou no painel principal. <\/p><div class=\"wp-block-image\"><figure class=\"aligncenter\"><img decoding=\"async\" src=\"https:\/\/exceladvisor.org\/wp-content\/uploads\/2023\/08\/Image-en-direct-avec-les-outils-de-camera-Excel.png\" sizes=\"\" srcset=\"\" alt=\"Imagem ao vivo com ferramentas de c\u00e2mera do Excel\"><\/figure><\/div><p> E o melhor de tudo \u00e9 que o usu\u00e1rio n\u00e3o pode editar essas imagens ao vivo.<\/p><h2 id=\"tab-con-5\" class=\"wp-block-heading\"> Ponto importante<\/h2><p> O ponto mais importante \u00e9 que quando voc\u00ea altera a localiza\u00e7\u00e3o de uma imagem de uma planilha para outra, o link para a planilha atual ser\u00e1 alterado.<\/p><p> Digamos que voc\u00ea tenha uma imagem relacionada ao intervalo A1:B5 na Planilha1. Agora, quando voc\u00ea mover esta imagem da planilha1 para a planilha2, seu link ser\u00e1 alterado da planilha1 para a planilha2<\/p><p> Para obter uma solu\u00e7\u00e3o para este problema, siga estes passos simples.<\/p><ul><li> Depois de criar uma imagem vinculada, basta selecion\u00e1-la.<\/li><li> Clique na barra de f\u00f3rmulas, voc\u00ea ter\u00e1 o intervalo de endere\u00e7os para o qual criou a imagem vinculada.<\/li><li> Adicione o nome da planilha antes do endere\u00e7o do intervalo. <\/li><\/ul><div class=\"wp-block-image\"><figure class=\"aligncenter\"><img decoding=\"async\" src=\"https:\/\/exceladvisor.org\/wp-content\/uploads\/2023\/08\/Modifier-ladresse-de-cellule-pour-limage-liee-creee-avec-loutil-de-camera-Excel.png\" sizes=\"\" srcset=\"\" alt=\"Alterar o endere\u00e7o da c\u00e9lula da imagem vinculada criada com a ferramenta de c\u00e2mera do Excel\"><\/figure><\/div><ul><li> Pressione Enter.<\/li><\/ul><h2 class=\"wp-block-heading\"> Conclus\u00e3o<\/h2><p> Esta ferramenta de c\u00e2mera \u00e9 excelente. Basta selecionar um intervalo e clicar onde deseja colar a imagem. Sim \u00e9 isso. Mesmo se voc\u00ea compar\u00e1-lo com a op\u00e7\u00e3o de colar especial para colar imagens, voc\u00ea achar\u00e1 muito mais r\u00e1pido (se n\u00e3o usar teclas de atalho).<\/p><p> Espero que esta ferramenta de c\u00e2mera ajude voc\u00ea a levar suas habilidades para o pr\u00f3ximo n\u00edvel.<\/p><p> Agora me diga uma coisa. Voc\u00ea j\u00e1 usou essa ferramenta de c\u00e2mera antes? Voc\u00ea usa imagens vinculadas em suas planilhas?<\/p><p> Por favor, compartilhe suas id\u00e9ias comigo na se\u00e7\u00e3o de coment\u00e1rios, eu adoraria ouvir de voc\u00ea. E n\u00e3o esque\u00e7a de compartilhar essa dica com seus amigos. Tenho certeza que eles n\u00e3o sabem disso.<\/p><div class=\"gb-container gb-container-4db6181c gb-container-mt\"> <a class=\"gb-button gb-button-c5897111 gb-button-text gb-button-mt-button\" href=\"https:\/\/exceladvisor.org\/pt\/excel-avancado\/\">Tutoriais avan\u00e7ados de Excel<\/a><h2 class=\"gb-headline gb-headline-665e5f6b gb-headline-text gb-headline-mt-heading\"> Tutoriais relacionados <\/h2><div class=\"gb-grid-wrapper gb-grid-wrapper-a20baf7c gb-grid-wrapper-mt-grid\"><div class=\"gb-grid-column gb-grid-column-65ddf67e\"><div class=\"gb-container gb-container-65ddf67e\"><ul><li> <a href=\"https:\/\/exceladvisor.org\/pt\/busca-de-meta\/\">Localizador de metas no Excel<\/a><\/li><li> <a href=\"https:\/\/exceladvisor.org\/pt\/janela-de-observacao\/\">Janela de observa\u00e7\u00e3o no Excel<\/a><\/li><li> <a href=\"https:\/\/exceladvisor.org\/pt\/fatiador-de-excel\/\">Fatiador de Excel (guia completo)<\/a><\/li><li> <a href=\"https:\/\/exceladvisor.org\/pt\/excel-por-padrao-no-mac\/\">Tornar o Excel padr\u00e3o no Mac<\/a><\/li><li> <a href=\"https:\/\/exceladvisor.org\/pt\/modo-de-seguranca-do-excel\/\">Abra o Excel no modo de seguran\u00e7a<\/a><\/li><\/ul><\/div><\/div><\/div><\/div>","protected":false},"excerpt":{"rendered":"","protected":false},"author":1,"featured_media":0,"parent":0,"menu_order":0,"comment_status":"open","ping_status":"closed","template":"","meta":{"ub_ctt_via":"","footnotes":""},"class_list":["post-403","page","type-page","status-publish","hentry"],"featured_image_src":null,"yoast_head":"<!-- This site is optimized with the Yoast SEO plugin v25.4 - https:\/\/yoast.com\/wordpress\/plugins\/seo\/ -->\n<title>Como usar a ferramenta de c\u00e2mera do Excel para imagens ao vivo?<\/title>\n<meta name=\"description\" content=\"Aprenda a usar a ferramenta C\u00e2mera do Excel, que o ajudar\u00e1 a criar pain\u00e9is inteligentes.\" \/>\n<meta name=\"robots\" content=\"index, follow, max-snippet:-1, max-image-preview:large, max-video-preview:-1\" \/>\n<link rel=\"canonical\" href=\"https:\/\/exceladvisor.org\/pt\/ferramenta-de-camera\/\" \/>\n<meta property=\"og:locale\" content=\"pt_PT\" \/>\n<meta property=\"og:type\" content=\"article\" \/>\n<meta property=\"og:title\" content=\"Como usar a ferramenta de c\u00e2mera do Excel para imagens ao vivo?\" \/>\n<meta property=\"og:description\" content=\"Aprenda a usar a ferramenta C\u00e2mera do Excel, que o ajudar\u00e1 a criar pain\u00e9is inteligentes.\" \/>\n<meta property=\"og:url\" content=\"https:\/\/exceladvisor.org\/pt\/ferramenta-de-camera\/\" \/>\n<meta property=\"og:site_name\" content=\"Excel Advisor\" \/>\n<meta property=\"article:modified_time\" content=\"2023-12-06T11:42:35+00:00\" \/>\n<meta property=\"og:image\" content=\"https:\/\/exceladvisor.org\/wp-content\/uploads\/2023\/08\/Copier-la-plage-avec-loutil-de-camera-Excel.gif\" \/>\n<meta name=\"twitter:card\" content=\"summary_large_image\" \/>\n<meta name=\"twitter:label1\" content=\"Tempo estimado de leitura\" \/>\n\t<meta name=\"twitter:data1\" content=\"4 minutos\" \/>\n<script type=\"application\/ld+json\" class=\"yoast-schema-graph\">{\"@context\":\"https:\/\/schema.org\",\"@graph\":[{\"@type\":\"WebPage\",\"@id\":\"https:\/\/exceladvisor.org\/pt\/ferramenta-de-camera\/\",\"url\":\"https:\/\/exceladvisor.org\/pt\/ferramenta-de-camera\/\",\"name\":\"Como usar a ferramenta de c\u00e2mera do Excel para imagens ao vivo?\",\"isPartOf\":{\"@id\":\"https:\/\/exceladvisor.org\/pt\/#website\"},\"primaryImageOfPage\":{\"@id\":\"https:\/\/exceladvisor.org\/pt\/ferramenta-de-camera\/#primaryimage\"},\"image\":{\"@id\":\"https:\/\/exceladvisor.org\/pt\/ferramenta-de-camera\/#primaryimage\"},\"thumbnailUrl\":\"https:\/\/exceladvisor.org\/wp-content\/uploads\/2023\/08\/Copier-la-plage-avec-loutil-de-camera-Excel.gif\",\"datePublished\":\"2023-10-30T10:51:51+00:00\",\"dateModified\":\"2023-12-06T11:42:35+00:00\",\"description\":\"Aprenda a usar a ferramenta C\u00e2mera do Excel, que o ajudar\u00e1 a criar pain\u00e9is inteligentes.\",\"breadcrumb\":{\"@id\":\"https:\/\/exceladvisor.org\/pt\/ferramenta-de-camera\/#breadcrumb\"},\"inLanguage\":\"pt-PT\",\"potentialAction\":[{\"@type\":\"ReadAction\",\"target\":[\"https:\/\/exceladvisor.org\/pt\/ferramenta-de-camera\/\"]}]},{\"@type\":\"ImageObject\",\"inLanguage\":\"pt-PT\",\"@id\":\"https:\/\/exceladvisor.org\/pt\/ferramenta-de-camera\/#primaryimage\",\"url\":\"https:\/\/exceladvisor.org\/wp-content\/uploads\/2023\/08\/Copier-la-plage-avec-loutil-de-camera-Excel.gif\",\"contentUrl\":\"https:\/\/exceladvisor.org\/wp-content\/uploads\/2023\/08\/Copier-la-plage-avec-loutil-de-camera-Excel.gif\"},{\"@type\":\"BreadcrumbList\",\"@id\":\"https:\/\/exceladvisor.org\/pt\/ferramenta-de-camera\/#breadcrumb\",\"itemListElement\":[{\"@type\":\"ListItem\",\"position\":1,\"name\":\"Lar\",\"item\":\"https:\/\/exceladvisor.org\/pt\/\"},{\"@type\":\"ListItem\",\"position\":2,\"name\":\"Como usar a ferramenta de c\u00e2mera do excel para imagens ao vivo?\"}]},{\"@type\":\"WebSite\",\"@id\":\"https:\/\/exceladvisor.org\/pt\/#website\",\"url\":\"https:\/\/exceladvisor.org\/pt\/\",\"name\":\"Excel Advisor\",\"description\":\"O seu guia definitivo para dominar os dados!\",\"publisher\":{\"@id\":\"https:\/\/exceladvisor.org\/pt\/#organization\"},\"potentialAction\":[{\"@type\":\"SearchAction\",\"target\":{\"@type\":\"EntryPoint\",\"urlTemplate\":\"https:\/\/exceladvisor.org\/pt\/?s={search_term_string}\"},\"query-input\":{\"@type\":\"PropertyValueSpecification\",\"valueRequired\":true,\"valueName\":\"search_term_string\"}}],\"inLanguage\":\"pt-PT\"},{\"@type\":\"Organization\",\"@id\":\"https:\/\/exceladvisor.org\/pt\/#organization\",\"name\":\"Excel Advisor\",\"url\":\"https:\/\/exceladvisor.org\/pt\/\",\"logo\":{\"@type\":\"ImageObject\",\"inLanguage\":\"pt-PT\",\"@id\":\"https:\/\/exceladvisor.org\/pt\/#\/schema\/logo\/image\/\",\"url\":\"https:\/\/exceladvisor.org\/pt\/wp-content\/uploads\/2023\/12\/exceladvisor.org_.png\",\"contentUrl\":\"https:\/\/exceladvisor.org\/pt\/wp-content\/uploads\/2023\/12\/exceladvisor.org_.png\",\"width\":105,\"height\":36,\"caption\":\"Excel Advisor\"},\"image\":{\"@id\":\"https:\/\/exceladvisor.org\/pt\/#\/schema\/logo\/image\/\"}}]}<\/script>\n<!-- \/ Yoast SEO plugin. -->","yoast_head_json":{"title":"Como usar a ferramenta de c\u00e2mera do Excel para imagens ao vivo?","description":"Aprenda a usar a ferramenta C\u00e2mera do Excel, que o ajudar\u00e1 a criar pain\u00e9is inteligentes.","robots":{"index":"index","follow":"follow","max-snippet":"max-snippet:-1","max-image-preview":"max-image-preview:large","max-video-preview":"max-video-preview:-1"},"canonical":"https:\/\/exceladvisor.org\/pt\/ferramenta-de-camera\/","og_locale":"pt_PT","og_type":"article","og_title":"Como usar a ferramenta de c\u00e2mera do Excel para imagens ao vivo?","og_description":"Aprenda a usar a ferramenta C\u00e2mera do Excel, que o ajudar\u00e1 a criar pain\u00e9is inteligentes.","og_url":"https:\/\/exceladvisor.org\/pt\/ferramenta-de-camera\/","og_site_name":"Excel Advisor","article_modified_time":"2023-12-06T11:42:35+00:00","og_image":[{"url":"https:\/\/exceladvisor.org\/wp-content\/uploads\/2023\/08\/Copier-la-plage-avec-loutil-de-camera-Excel.gif","type":"","width":"","height":""}],"twitter_card":"summary_large_image","twitter_misc":{"Tempo estimado de leitura":"4 minutos"},"schema":{"@context":"https:\/\/schema.org","@graph":[{"@type":"WebPage","@id":"https:\/\/exceladvisor.org\/pt\/ferramenta-de-camera\/","url":"https:\/\/exceladvisor.org\/pt\/ferramenta-de-camera\/","name":"Como usar a ferramenta de c\u00e2mera do Excel para imagens ao vivo?","isPartOf":{"@id":"https:\/\/exceladvisor.org\/pt\/#website"},"primaryImageOfPage":{"@id":"https:\/\/exceladvisor.org\/pt\/ferramenta-de-camera\/#primaryimage"},"image":{"@id":"https:\/\/exceladvisor.org\/pt\/ferramenta-de-camera\/#primaryimage"},"thumbnailUrl":"https:\/\/exceladvisor.org\/wp-content\/uploads\/2023\/08\/Copier-la-plage-avec-loutil-de-camera-Excel.gif","datePublished":"2023-10-30T10:51:51+00:00","dateModified":"2023-12-06T11:42:35+00:00","description":"Aprenda a usar a ferramenta C\u00e2mera do Excel, que o ajudar\u00e1 a criar pain\u00e9is inteligentes.","breadcrumb":{"@id":"https:\/\/exceladvisor.org\/pt\/ferramenta-de-camera\/#breadcrumb"},"inLanguage":"pt-PT","potentialAction":[{"@type":"ReadAction","target":["https:\/\/exceladvisor.org\/pt\/ferramenta-de-camera\/"]}]},{"@type":"ImageObject","inLanguage":"pt-PT","@id":"https:\/\/exceladvisor.org\/pt\/ferramenta-de-camera\/#primaryimage","url":"https:\/\/exceladvisor.org\/wp-content\/uploads\/2023\/08\/Copier-la-plage-avec-loutil-de-camera-Excel.gif","contentUrl":"https:\/\/exceladvisor.org\/wp-content\/uploads\/2023\/08\/Copier-la-plage-avec-loutil-de-camera-Excel.gif"},{"@type":"BreadcrumbList","@id":"https:\/\/exceladvisor.org\/pt\/ferramenta-de-camera\/#breadcrumb","itemListElement":[{"@type":"ListItem","position":1,"name":"Lar","item":"https:\/\/exceladvisor.org\/pt\/"},{"@type":"ListItem","position":2,"name":"Como usar a ferramenta de c\u00e2mera do excel para imagens ao vivo?"}]},{"@type":"WebSite","@id":"https:\/\/exceladvisor.org\/pt\/#website","url":"https:\/\/exceladvisor.org\/pt\/","name":"Excel Advisor","description":"O seu guia definitivo para dominar os dados!","publisher":{"@id":"https:\/\/exceladvisor.org\/pt\/#organization"},"potentialAction":[{"@type":"SearchAction","target":{"@type":"EntryPoint","urlTemplate":"https:\/\/exceladvisor.org\/pt\/?s={search_term_string}"},"query-input":{"@type":"PropertyValueSpecification","valueRequired":true,"valueName":"search_term_string"}}],"inLanguage":"pt-PT"},{"@type":"Organization","@id":"https:\/\/exceladvisor.org\/pt\/#organization","name":"Excel Advisor","url":"https:\/\/exceladvisor.org\/pt\/","logo":{"@type":"ImageObject","inLanguage":"pt-PT","@id":"https:\/\/exceladvisor.org\/pt\/#\/schema\/logo\/image\/","url":"https:\/\/exceladvisor.org\/pt\/wp-content\/uploads\/2023\/12\/exceladvisor.org_.png","contentUrl":"https:\/\/exceladvisor.org\/pt\/wp-content\/uploads\/2023\/12\/exceladvisor.org_.png","width":105,"height":36,"caption":"Excel Advisor"},"image":{"@id":"https:\/\/exceladvisor.org\/pt\/#\/schema\/logo\/image\/"}}]}},"yoast_meta":{"yoast_wpseo_title":"","yoast_wpseo_metadesc":"","yoast_wpseo_canonical":""},"_links":{"self":[{"href":"https:\/\/exceladvisor.org\/pt\/wp-json\/wp\/v2\/pages\/403","targetHints":{"allow":["GET"]}}],"collection":[{"href":"https:\/\/exceladvisor.org\/pt\/wp-json\/wp\/v2\/pages"}],"about":[{"href":"https:\/\/exceladvisor.org\/pt\/wp-json\/wp\/v2\/types\/page"}],"author":[{"embeddable":true,"href":"https:\/\/exceladvisor.org\/pt\/wp-json\/wp\/v2\/users\/1"}],"replies":[{"embeddable":true,"href":"https:\/\/exceladvisor.org\/pt\/wp-json\/wp\/v2\/comments?post=403"}],"version-history":[{"count":1,"href":"https:\/\/exceladvisor.org\/pt\/wp-json\/wp\/v2\/pages\/403\/revisions"}],"predecessor-version":[{"id":1221,"href":"https:\/\/exceladvisor.org\/pt\/wp-json\/wp\/v2\/pages\/403\/revisions\/1221"}],"wp:attachment":[{"href":"https:\/\/exceladvisor.org\/pt\/wp-json\/wp\/v2\/media?parent=403"}],"curies":[{"name":"wp","href":"https:\/\/api.w.org\/{rel}","templated":true}]}}