{"id":404,"date":"2023-10-30T10:32:57","date_gmt":"2023-10-30T10:32:57","guid":{"rendered":"https:\/\/exceladvisor.org\/pt\/paragrafo-em-uma-celula\/"},"modified":"2023-12-06T11:37:48","modified_gmt":"2023-12-06T11:37:48","slug":"paragrafo-em-uma-celula","status":"publish","type":"page","link":"https:\/\/exceladvisor.org\/pt\/paragrafo-em-uma-celula\/","title":{"rendered":"Como fazer um par\u00e1grafo em uma c\u00e9lula do excel?"},"content":{"rendered":"<div class=\"excel-before-content-2\" id=\"excel-2711921073\"><script type=\"text\/javascript\">\r\n\tatOptions = {\r\n\t\t'key' : 'c1158f160081d6540a8409e6925dab94',\r\n\t\t'format' : 'iframe',\r\n\t\t'height' : 250,\r\n\t\t'width' : 300,\r\n\t\t'params' : {}\r\n\t};\r\n<\/script>\r\n<script type=\"text\/javascript\" src=\"\/\/www.highperformanceformat.com\/c1158f160081d6540a8409e6925dab94\/invoke.js\"><\/script><\/div><div class=\"excel-before-content\" id=\"excel-1491954766\"><script type=\"text\/javascript\">\r\n\tatOptions = {\r\n\t\t'key' : 'c1158f160081d6540a8409e6925dab94',\r\n\t\t'format' : 'iframe',\r\n\t\t'height' : 250,\r\n\t\t'width' : 300,\r\n\t\t'params' : {}\r\n\t};\r\n<\/script>\r\n<script type=\"text\/javascript\" src=\"\/\/www.highperformanceformat.com\/c1158f160081d6540a8409e6925dab94\/invoke.js\"><\/script><\/div> <p>No Excel, temos c\u00e9lulas para inserir e armazenar dados, e uma c\u00e9lula tem 96 pixels de largura e 24 pixels de altura, e voc\u00ea s\u00f3 pode adicionar uma ou duas palavras a ela.<\/p><p> Mas \u00e0s vezes voc\u00ea precisa adicionar um par\u00e1grafo inteiro \u00e0 planilha do Excel. Para isso, existem algumas op\u00e7\u00f5es que voc\u00ea pode usar. <\/p><div class=\"wp-block-image\"><figure class=\"aligncenter size-full is-resized\"><img loading=\"lazy\" decoding=\"async\" class=\"wp-image-72435\" src=\"https:\/\/exceladvisor.org\/wp-content\/uploads\/2023\/08\/1-cellule-dans-excel.png\" sizes=\"auto, \" srcset=\"\" alt=\"c\u00e9lula no excel\" width=\"463\" height=\"244\"><\/figure><\/div><p> Neste tutorial, aprenderemos todas essas op\u00e7\u00f5es.<\/p><h2 class=\"wp-block-heading\"> Etapas para usar distorcer texto para adicionar um par\u00e1grafo em uma \u00fanica c\u00e9lula no Excel<\/h2><ol><li> Primeiro, selecione a c\u00e9lula onde deseja inserir o par\u00e1grafo e edite-a. <br><img loading=\"lazy\" decoding=\"async\" title=\"2 c\u00e9lulas de sele\u00e7\u00e3o\" src=\"https:\/\/exceladvisor.org\/wp-content\/uploads\/2023\/08\/2-selectionner-la-cellule.png\" sizes=\"auto, \" srcset=\"\" alt=\"select-the-cell\" width=\"435\" height=\"174\"><\/li><li> Agora cole ou digite o texto do par\u00e1grafo que deseja adicionar e ser\u00e1 semelhante ao seguinte, onde o texto ultrapassa a c\u00e9lula. <br><img loading=\"lazy\" decoding=\"async\" title=\"3-colar ou digitar texto de par\u00e1grafo\" src=\"https:\/\/exceladvisor.org\/wp-content\/uploads\/2023\/08\/3-coller-ou-taper-le-texte-du-paragraphe.png\" sizes=\"auto, \" srcset=\"\" alt=\"paste-or-type-paragraph-text\" width=\"477\" height=\"272\"><\/li><li> Em seguida, voc\u00ea precisa alterar a largura e a altura da c\u00e9lula para que todo o texto caiba em uma \u00fanica c\u00e9lula. <br><img loading=\"lazy\" decoding=\"async\" title=\"4 altera\u00e7\u00f5es no tamanho da c\u00e9lula\" src=\"https:\/\/exceladvisor.org\/wp-content\/uploads\/2023\/08\/4-changer-la-taille-de-la-cellule.png\" sizes=\"auto, \" srcset=\"\" alt=\"change-the-cell-size\" width=\"522\" height=\"298\"><\/li><li> Em seguida, v\u00e1 para a guia inicial, grupo de alinhamento e clique no bot\u00e3o quebrar texto para quebrar todo o texto na c\u00e9lula. <br><img loading=\"lazy\" decoding=\"async\" title=\"Bot\u00e3o de quebra de texto com 5 cliques\" src=\"https:\/\/exceladvisor.org\/wp-content\/uploads\/2023\/08\/Bouton-dhabillage-de-texte-en-5-clics.png\" sizes=\"auto, \" srcset=\"\" alt=\"click-wrap-text-button\" width=\"531\" height=\"274\"><\/li><\/ol><p> Dessa forma, voc\u00ea pode criar uma frase longa de texto como um par\u00e1grafo na c\u00e9lula. E quando voc\u00ea altera a largura e a altura da c\u00e9lula, o par\u00e1grafo dentro da c\u00e9lula tamb\u00e9m muda com isso.<\/p><h2 class=\"wp-block-heading\"> Digite um par\u00e1grafo usando uma quebra de linha<\/h2><p> Se quiser digitar um par\u00e1grafo completo em uma c\u00e9lula, voc\u00ea pode usar uma quebra de linha para mover para a nova linha na c\u00e9lula. Quando terminar uma linha, use o atalho de teclado <strong>Alt + Enter<\/strong> para inserir uma <a href=\"https:\/\/exceladvisor.org\/pt\/nova-linha-na-celula\/\">nova linha na c\u00e9lula<\/a> . <\/p><div class=\"wp-block-image\"><figure class=\"aligncenter size-full is-resized\"><img loading=\"lazy\" decoding=\"async\" class=\"wp-image-72440\" src=\"https:\/\/exceladvisor.org\/wp-content\/uploads\/2023\/08\/6-utiliser-un-saut-de-ligne-dans-la-cellule.png\" sizes=\"auto, \" srcset=\"\" alt=\"usar quebra de linha na c\u00e9lula\" width=\"627\" height=\"150\"><\/figure><\/div><p> Com este <a href=\"https:\/\/exceladvisor.org\/pt\/atalhos-do-teclado\/\">atalho de teclado<\/a> , voc\u00ea pode criar quantas quebras de linha na c\u00e9lula. E, se voc\u00ea quiser adicionar v\u00e1rios par\u00e1grafos, esse m\u00e9todo funciona melhor. <\/p><div class=\"wp-block-image\"><figure class=\"aligncenter size-full is-resized\"><img loading=\"lazy\" decoding=\"async\" class=\"wp-image-72441\" src=\"https:\/\/exceladvisor.org\/wp-content\/uploads\/2023\/08\/7-creer-de-nombreux-sauts-de-ligne.png\" sizes=\"auto, \" srcset=\"\" alt=\"criar m\u00faltiplas quebras de linha\" width=\"591\" height=\"299\"><\/figure><\/div><p> Ap\u00f3s cada par\u00e1grafo, voc\u00ea deve pressionar a tecla de atalho duas vezes, uma vez para espa\u00e7amento entre linhas e outra para passar para a nova linha.<\/p><h2 class=\"wp-block-heading\"> Use uma caixa de texto para adicionar um par\u00e1grafo no Excel<\/h2><p> No Excel, <a href=\"https:\/\/exceladvisor.org\/pt\/zona-de-texto\/\">voc\u00ea pode inserir uma caixa de texto<\/a> e adicionar o texto do par\u00e1grafo a ela.<\/p><ol><li> Primeiro, v\u00e1 para a guia Inserir, clique em Texto, arraste para baixo e clique em Caixa de Texto. <br><img loading=\"lazy\" decoding=\"async\" title=\"8 caixas de texto para adicionar um par\u00e1grafo\" src=\"https:\/\/exceladvisor.org\/wp-content\/uploads\/2023\/08\/8-zone-de-texte-pour-ajouter-un-paragraphe.png\" sizes=\"auto, \" srcset=\"\" alt=\"text-box-to-add-paragraph\" width=\"400\" height=\"315\"><\/li><li> Em seguida, voc\u00ea precisa inserir a caixa de texto na planilha.<\/li><li> Agora edite a caixa de texto e cole ou digite o texto nela. <br><img loading=\"lazy\" decoding=\"async\" title=\"9-edi\u00e7\u00e3o-caixa de texto\" src=\"https:\/\/exceladvisor.org\/wp-content\/uploads\/2023\/08\/9-modifier-la-zone-de-texte.png\" sizes=\"auto, \" srcset=\"\" alt=\"edit-text-box\" width=\"769\" height=\"237\"><\/li><li> No final, ajuste a largura da caixa de texto.<\/li><\/ol><h2 class=\"wp-block-heading\"> Crie um par\u00e1grafo usando Preencher Justificar<\/h2><p> Suponha que voc\u00ea tenha um valor em v\u00e1rias c\u00e9lulas e queira criar um \u00fanico par\u00e1grafo, voc\u00ea pode usar <a href=\"https:\/\/exceladvisor.org\/pt\/justificar-completamente\/\">a justifica\u00e7\u00e3o de preenchimento<\/a> para isso. Preencha Justificar e <a href=\"https:\/\/exceladvisor.org\/pt\/concatenar-um-intervalo-de-celulas\/\">combine valores de m\u00faltiplas c\u00e9lulas<\/a> . No exemplo a seguir, temos um valor em tr\u00eas c\u00e9lulas A1, A2 e A3. <\/p><div class=\"wp-block-image\"><figure class=\"aligncenter size-full is-resized\"><img loading=\"lazy\" decoding=\"async\" class=\"wp-image-72444\" src=\"https:\/\/exceladvisor.org\/wp-content\/uploads\/2023\/08\/10-paragraphe-en-utilisant-le-remplissage-justifie.png\" sizes=\"auto, \" srcset=\"\" alt=\"par\u00e1grafo usando preencher-justificar\" width=\"621\" height=\"164\"><\/figure><\/div><p> Agora, para criar um par\u00e1grafo desses valores na c\u00e9lula A1, primeiro torne a largura da coluna suficiente para que todos os tr\u00eas valores sejam combinados em uma \u00fanica c\u00e9lula. Mudei a largura para 2125 pixels.<\/p><ol><li> Selecione todas as tr\u00eas c\u00e9lulas.<\/li><li> V\u00e1 para a guia inicial.<\/li><li> Clique no menu suspenso Preencher.<\/li><li> Selecione a op\u00e7\u00e3o Justificar. <\/li><\/ol><div class=\"wp-block-image\"><figure class=\"aligncenter size-full is-resized\"><img loading=\"lazy\" decoding=\"async\" class=\"alignnone  wp-image-13016\" src=\"https:\/\/exceladvisor.org\/wp-content\/uploads\/2023\/11\/justify-excel.png\" alt=\"justificar-excel\" width=\"427\" height=\"347\" srcset=\"https:\/\/exceladvisor.org\/wp-content\/uploads\/2023\/11\/justify-excel.png 675w, https:\/\/exceladvisor.org\/wp-content\/uploads\/2023\/11\/justify-excel-300x244.png 300w\" sizes=\"auto, (max-width: 427px) 100vw, 427px\"><\/figure><\/div><p> Agora voc\u00ea tem todos os valores em uma \u00fanica c\u00e9lula e agora clique na op\u00e7\u00e3o Quebrar texto e altere a altura e a largura da c\u00e9lula para torn\u00e1-la um par\u00e1grafo. <\/p><div class=\"wp-block-image\"><figure class=\"aligncenter size-full is-resized\"><img loading=\"lazy\" decoding=\"async\" class=\"wp-image-72446\" src=\"https:\/\/exceladvisor.org\/wp-content\/uploads\/2023\/08\/12-envelopper-le-texte-et-definir-la-taille-de-la-cellule.png\" sizes=\"auto, \" srcset=\"\" alt=\"quebrar o texto e definir o tamanho da c\u00e9lula\" width=\"609\" height=\"203\"><\/figure><\/div><div class=\"gb-container gb-container-4db6181c gb-container-mt\"> <a class=\"gb-button gb-button-c5897111 gb-button-text gb-button-mt-button\" href=\"https:\/\/exceladvisor.org\/pt\/nocoes-basicas-de-excel\/\">No\u00e7\u00f5es b\u00e1sicas do Microsoft Excel (componentes, pe\u00e7as e notas de conhecimento)<\/a><h2 class=\"gb-headline gb-headline-665e5f6b gb-headline-text gb-headline-mt-heading\"> Tutoriais relacionados <\/h2><div class=\"gb-grid-wrapper gb-grid-wrapper-a20baf7c gb-grid-wrapper-mt-grid\"><div class=\"gb-grid-column gb-grid-column-65ddf67e\"><div class=\"gb-container gb-container-65ddf67e\"><ul><li> <a href=\"https:\/\/exceladvisor.org\/pt\/adicionar-remover-hiperlinks\/\">Adicione e remova hiperlinks no Excel<\/a><\/li><li> <a href=\"https:\/\/exceladvisor.org\/pt\/adicione-uma-marca-dagua\/\">Adicione uma marca d&#8217;\u00e1gua no Excel<\/a><\/li><li> <a href=\"https:\/\/exceladvisor.org\/pt\/remover-colunas-de-linha-ocultas\/\">Exclua linhas ocultas no Excel<\/a><\/li><li> <a href=\"https:\/\/exceladvisor.org\/pt\/desmarcar-celulas\/\">Desmarcar c\u00e9lulas no Excel<\/a> <\/li><\/ul><\/div><\/div><div class=\"gb-grid-column gb-grid-column-50067b57\"><div class=\"gb-container gb-container-50067b57\"><ul><li> <a href=\"https:\/\/exceladvisor.org\/pt\/excluir-linhas\/\">Exclua uma linha ou v\u00e1rias linhas no Excel<\/a><\/li><li> <a href=\"https:\/\/exceladvisor.org\/pt\/copiar-coluna\/\">Copie e cole uma coluna no Excel<\/a><\/li><li> <a href=\"https:\/\/exceladvisor.org\/pt\/mover-linha-coluna\/\">Mova uma linha e coluna no Excel<\/a><\/li><li> <a href=\"https:\/\/exceladvisor.org\/pt\/largura-da-coluna\/\">Como alterar a largura das colunas no Excel<\/a><\/li><\/ul><\/div><\/div><\/div><\/div>","protected":false},"excerpt":{"rendered":"","protected":false},"author":1,"featured_media":0,"parent":0,"menu_order":0,"comment_status":"open","ping_status":"closed","template":"","meta":{"ub_ctt_via":"","footnotes":""},"class_list":["post-404","page","type-page","status-publish","hentry"],"featured_image_src":null,"yoast_head":"<!-- This site is optimized with the Yoast SEO plugin v25.4 - https:\/\/yoast.com\/wordpress\/plugins\/seo\/ -->\n<title>Como fazer um par\u00e1grafo em uma c\u00e9lula do Excel?<\/title>\n<meta name=\"description\" content=\"Neste tutorial, aprenderemos como fazer um par\u00e1grafo em uma c\u00e9lula no Excel. Vamos considerar diferentes formas e m\u00e9todos\" \/>\n<meta name=\"robots\" content=\"index, follow, max-snippet:-1, max-image-preview:large, max-video-preview:-1\" \/>\n<link rel=\"canonical\" href=\"https:\/\/exceladvisor.org\/pt\/paragrafo-em-uma-celula\/\" \/>\n<meta property=\"og:locale\" content=\"pt_PT\" \/>\n<meta property=\"og:type\" content=\"article\" \/>\n<meta property=\"og:title\" content=\"Como fazer um par\u00e1grafo em uma c\u00e9lula do Excel?\" \/>\n<meta property=\"og:description\" content=\"Neste tutorial, aprenderemos como fazer um par\u00e1grafo em uma c\u00e9lula no Excel. Vamos considerar diferentes formas e m\u00e9todos\" \/>\n<meta property=\"og:url\" content=\"https:\/\/exceladvisor.org\/pt\/paragrafo-em-uma-celula\/\" \/>\n<meta property=\"og:site_name\" content=\"Excel Advisor\" \/>\n<meta property=\"article:modified_time\" content=\"2023-12-06T11:37:48+00:00\" \/>\n<meta property=\"og:image\" content=\"https:\/\/exceladvisor.org\/wp-content\/uploads\/2023\/08\/1-cellule-dans-excel.png\" \/>\n<meta name=\"twitter:card\" content=\"summary_large_image\" \/>\n<meta name=\"twitter:label1\" content=\"Tempo estimado de leitura\" \/>\n\t<meta name=\"twitter:data1\" content=\"3 minutos\" \/>\n<script type=\"application\/ld+json\" class=\"yoast-schema-graph\">{\"@context\":\"https:\/\/schema.org\",\"@graph\":[{\"@type\":\"WebPage\",\"@id\":\"https:\/\/exceladvisor.org\/pt\/paragrafo-em-uma-celula\/\",\"url\":\"https:\/\/exceladvisor.org\/pt\/paragrafo-em-uma-celula\/\",\"name\":\"Como fazer um par\u00e1grafo em uma c\u00e9lula do Excel?\",\"isPartOf\":{\"@id\":\"https:\/\/exceladvisor.org\/pt\/#website\"},\"primaryImageOfPage\":{\"@id\":\"https:\/\/exceladvisor.org\/pt\/paragrafo-em-uma-celula\/#primaryimage\"},\"image\":{\"@id\":\"https:\/\/exceladvisor.org\/pt\/paragrafo-em-uma-celula\/#primaryimage\"},\"thumbnailUrl\":\"https:\/\/exceladvisor.org\/wp-content\/uploads\/2023\/08\/1-cellule-dans-excel.png\",\"datePublished\":\"2023-10-30T10:32:57+00:00\",\"dateModified\":\"2023-12-06T11:37:48+00:00\",\"description\":\"Neste tutorial, aprenderemos como fazer um par\u00e1grafo em uma c\u00e9lula no Excel. Vamos considerar diferentes formas e m\u00e9todos\",\"breadcrumb\":{\"@id\":\"https:\/\/exceladvisor.org\/pt\/paragrafo-em-uma-celula\/#breadcrumb\"},\"inLanguage\":\"pt-PT\",\"potentialAction\":[{\"@type\":\"ReadAction\",\"target\":[\"https:\/\/exceladvisor.org\/pt\/paragrafo-em-uma-celula\/\"]}]},{\"@type\":\"ImageObject\",\"inLanguage\":\"pt-PT\",\"@id\":\"https:\/\/exceladvisor.org\/pt\/paragrafo-em-uma-celula\/#primaryimage\",\"url\":\"https:\/\/exceladvisor.org\/wp-content\/uploads\/2023\/08\/1-cellule-dans-excel.png\",\"contentUrl\":\"https:\/\/exceladvisor.org\/wp-content\/uploads\/2023\/08\/1-cellule-dans-excel.png\"},{\"@type\":\"BreadcrumbList\",\"@id\":\"https:\/\/exceladvisor.org\/pt\/paragrafo-em-uma-celula\/#breadcrumb\",\"itemListElement\":[{\"@type\":\"ListItem\",\"position\":1,\"name\":\"Lar\",\"item\":\"https:\/\/exceladvisor.org\/pt\/\"},{\"@type\":\"ListItem\",\"position\":2,\"name\":\"Como fazer um par\u00e1grafo em uma c\u00e9lula do excel?\"}]},{\"@type\":\"WebSite\",\"@id\":\"https:\/\/exceladvisor.org\/pt\/#website\",\"url\":\"https:\/\/exceladvisor.org\/pt\/\",\"name\":\"Excel Advisor\",\"description\":\"O seu guia definitivo para dominar os dados!\",\"publisher\":{\"@id\":\"https:\/\/exceladvisor.org\/pt\/#organization\"},\"potentialAction\":[{\"@type\":\"SearchAction\",\"target\":{\"@type\":\"EntryPoint\",\"urlTemplate\":\"https:\/\/exceladvisor.org\/pt\/?s={search_term_string}\"},\"query-input\":{\"@type\":\"PropertyValueSpecification\",\"valueRequired\":true,\"valueName\":\"search_term_string\"}}],\"inLanguage\":\"pt-PT\"},{\"@type\":\"Organization\",\"@id\":\"https:\/\/exceladvisor.org\/pt\/#organization\",\"name\":\"Excel Advisor\",\"url\":\"https:\/\/exceladvisor.org\/pt\/\",\"logo\":{\"@type\":\"ImageObject\",\"inLanguage\":\"pt-PT\",\"@id\":\"https:\/\/exceladvisor.org\/pt\/#\/schema\/logo\/image\/\",\"url\":\"https:\/\/exceladvisor.org\/pt\/wp-content\/uploads\/2023\/12\/exceladvisor.org_.png\",\"contentUrl\":\"https:\/\/exceladvisor.org\/pt\/wp-content\/uploads\/2023\/12\/exceladvisor.org_.png\",\"width\":105,\"height\":36,\"caption\":\"Excel Advisor\"},\"image\":{\"@id\":\"https:\/\/exceladvisor.org\/pt\/#\/schema\/logo\/image\/\"}}]}<\/script>\n<!-- \/ Yoast SEO plugin. -->","yoast_head_json":{"title":"Como fazer um par\u00e1grafo em uma c\u00e9lula do Excel?","description":"Neste tutorial, aprenderemos como fazer um par\u00e1grafo em uma c\u00e9lula no Excel. Vamos considerar diferentes formas e m\u00e9todos","robots":{"index":"index","follow":"follow","max-snippet":"max-snippet:-1","max-image-preview":"max-image-preview:large","max-video-preview":"max-video-preview:-1"},"canonical":"https:\/\/exceladvisor.org\/pt\/paragrafo-em-uma-celula\/","og_locale":"pt_PT","og_type":"article","og_title":"Como fazer um par\u00e1grafo em uma c\u00e9lula do Excel?","og_description":"Neste tutorial, aprenderemos como fazer um par\u00e1grafo em uma c\u00e9lula no Excel. Vamos considerar diferentes formas e m\u00e9todos","og_url":"https:\/\/exceladvisor.org\/pt\/paragrafo-em-uma-celula\/","og_site_name":"Excel Advisor","article_modified_time":"2023-12-06T11:37:48+00:00","og_image":[{"url":"https:\/\/exceladvisor.org\/wp-content\/uploads\/2023\/08\/1-cellule-dans-excel.png","type":"","width":"","height":""}],"twitter_card":"summary_large_image","twitter_misc":{"Tempo estimado de leitura":"3 minutos"},"schema":{"@context":"https:\/\/schema.org","@graph":[{"@type":"WebPage","@id":"https:\/\/exceladvisor.org\/pt\/paragrafo-em-uma-celula\/","url":"https:\/\/exceladvisor.org\/pt\/paragrafo-em-uma-celula\/","name":"Como fazer um par\u00e1grafo em uma c\u00e9lula do Excel?","isPartOf":{"@id":"https:\/\/exceladvisor.org\/pt\/#website"},"primaryImageOfPage":{"@id":"https:\/\/exceladvisor.org\/pt\/paragrafo-em-uma-celula\/#primaryimage"},"image":{"@id":"https:\/\/exceladvisor.org\/pt\/paragrafo-em-uma-celula\/#primaryimage"},"thumbnailUrl":"https:\/\/exceladvisor.org\/wp-content\/uploads\/2023\/08\/1-cellule-dans-excel.png","datePublished":"2023-10-30T10:32:57+00:00","dateModified":"2023-12-06T11:37:48+00:00","description":"Neste tutorial, aprenderemos como fazer um par\u00e1grafo em uma c\u00e9lula no Excel. Vamos considerar diferentes formas e m\u00e9todos","breadcrumb":{"@id":"https:\/\/exceladvisor.org\/pt\/paragrafo-em-uma-celula\/#breadcrumb"},"inLanguage":"pt-PT","potentialAction":[{"@type":"ReadAction","target":["https:\/\/exceladvisor.org\/pt\/paragrafo-em-uma-celula\/"]}]},{"@type":"ImageObject","inLanguage":"pt-PT","@id":"https:\/\/exceladvisor.org\/pt\/paragrafo-em-uma-celula\/#primaryimage","url":"https:\/\/exceladvisor.org\/wp-content\/uploads\/2023\/08\/1-cellule-dans-excel.png","contentUrl":"https:\/\/exceladvisor.org\/wp-content\/uploads\/2023\/08\/1-cellule-dans-excel.png"},{"@type":"BreadcrumbList","@id":"https:\/\/exceladvisor.org\/pt\/paragrafo-em-uma-celula\/#breadcrumb","itemListElement":[{"@type":"ListItem","position":1,"name":"Lar","item":"https:\/\/exceladvisor.org\/pt\/"},{"@type":"ListItem","position":2,"name":"Como fazer um par\u00e1grafo em uma c\u00e9lula do excel?"}]},{"@type":"WebSite","@id":"https:\/\/exceladvisor.org\/pt\/#website","url":"https:\/\/exceladvisor.org\/pt\/","name":"Excel Advisor","description":"O seu guia definitivo para dominar os dados!","publisher":{"@id":"https:\/\/exceladvisor.org\/pt\/#organization"},"potentialAction":[{"@type":"SearchAction","target":{"@type":"EntryPoint","urlTemplate":"https:\/\/exceladvisor.org\/pt\/?s={search_term_string}"},"query-input":{"@type":"PropertyValueSpecification","valueRequired":true,"valueName":"search_term_string"}}],"inLanguage":"pt-PT"},{"@type":"Organization","@id":"https:\/\/exceladvisor.org\/pt\/#organization","name":"Excel Advisor","url":"https:\/\/exceladvisor.org\/pt\/","logo":{"@type":"ImageObject","inLanguage":"pt-PT","@id":"https:\/\/exceladvisor.org\/pt\/#\/schema\/logo\/image\/","url":"https:\/\/exceladvisor.org\/pt\/wp-content\/uploads\/2023\/12\/exceladvisor.org_.png","contentUrl":"https:\/\/exceladvisor.org\/pt\/wp-content\/uploads\/2023\/12\/exceladvisor.org_.png","width":105,"height":36,"caption":"Excel Advisor"},"image":{"@id":"https:\/\/exceladvisor.org\/pt\/#\/schema\/logo\/image\/"}}]}},"yoast_meta":{"yoast_wpseo_title":"","yoast_wpseo_metadesc":"","yoast_wpseo_canonical":""},"_links":{"self":[{"href":"https:\/\/exceladvisor.org\/pt\/wp-json\/wp\/v2\/pages\/404","targetHints":{"allow":["GET"]}}],"collection":[{"href":"https:\/\/exceladvisor.org\/pt\/wp-json\/wp\/v2\/pages"}],"about":[{"href":"https:\/\/exceladvisor.org\/pt\/wp-json\/wp\/v2\/types\/page"}],"author":[{"embeddable":true,"href":"https:\/\/exceladvisor.org\/pt\/wp-json\/wp\/v2\/users\/1"}],"replies":[{"embeddable":true,"href":"https:\/\/exceladvisor.org\/pt\/wp-json\/wp\/v2\/comments?post=404"}],"version-history":[{"count":1,"href":"https:\/\/exceladvisor.org\/pt\/wp-json\/wp\/v2\/pages\/404\/revisions"}],"predecessor-version":[{"id":1070,"href":"https:\/\/exceladvisor.org\/pt\/wp-json\/wp\/v2\/pages\/404\/revisions\/1070"}],"wp:attachment":[{"href":"https:\/\/exceladvisor.org\/pt\/wp-json\/wp\/v2\/media?parent=404"}],"curies":[{"name":"wp","href":"https:\/\/api.w.org\/{rel}","templated":true}]}}