{"id":406,"date":"2023-10-30T09:47:27","date_gmt":"2023-10-30T09:47:27","guid":{"rendered":"https:\/\/exceladvisor.org\/pt\/intervalo-de-datas-de-validacao-de-dados\/"},"modified":"2023-12-06T11:37:10","modified_gmt":"2023-12-06T11:37:10","slug":"intervalo-de-datas-de-validacao-de-dados","status":"publish","type":"page","link":"https:\/\/exceladvisor.org\/pt\/intervalo-de-datas-de-validacao-de-dados\/","title":{"rendered":"Como criar uma valida\u00e7\u00e3o de dados com intervalo de datas?"},"content":{"rendered":"<div class=\"excel-before-content-2\" id=\"excel-1364295642\"><script type=\"text\/javascript\">\r\n\tatOptions = {\r\n\t\t'key' : 'c1158f160081d6540a8409e6925dab94',\r\n\t\t'format' : 'iframe',\r\n\t\t'height' : 250,\r\n\t\t'width' : 300,\r\n\t\t'params' : {}\r\n\t};\r\n<\/script>\r\n<script type=\"text\/javascript\" src=\"\/\/www.highperformanceformat.com\/c1158f160081d6540a8409e6925dab94\/invoke.js\"><\/script><\/div><div class=\"excel-before-content\" id=\"excel-2614431048\"><script type=\"text\/javascript\">\r\n\tatOptions = {\r\n\t\t'key' : 'c1158f160081d6540a8409e6925dab94',\r\n\t\t'format' : 'iframe',\r\n\t\t'height' : 250,\r\n\t\t'width' : 300,\r\n\t\t'params' : {}\r\n\t};\r\n<\/script>\r\n<script type=\"text\/javascript\" src=\"\/\/www.highperformanceformat.com\/c1158f160081d6540a8409e6925dab94\/invoke.js\"><\/script><\/div> <p>Digamos que voc\u00ea precise criar uma valida\u00e7\u00e3o de dados para datas nas quais deseja usar um intervalo de datas espec\u00edfico. Em termos simples, voc\u00ea deseja quando um usu\u00e1rio insere uma data em uma c\u00e9lula que deve estar dentro de um intervalo de datas especificado.<\/p><p> Bem, isso pode ser feito usando uma f\u00f3rmula personalizada baseada na fun\u00e7\u00e3o AND e uma maneira f\u00e1cil de definir datas na op\u00e7\u00e3o de intervalo de datas na valida\u00e7\u00e3o de dados. Ambos os m\u00e9todos impedir\u00e3o que o usu\u00e1rio insira uma data fora do intervalo.<\/p><h2 class=\"wp-block-heading\"> Etapas para criar uma valida\u00e7\u00e3o de data com um intervalo de datas<\/h2><ol><li> Primeiro, selecione a c\u00e9lula onde deseja aplicar esta regra de valida\u00e7\u00e3o de dados.<\/li><li> Agora v\u00e1 para a guia Dados \u21e2 Valida\u00e7\u00e3o de Dados \u21e2 Valida\u00e7\u00e3o de Dados.<\/li><li> A partir da\u00ed, na caixa de di\u00e1logo de valida\u00e7\u00e3o de dados, selecione \u201cData\u201d no menu suspenso \u201cPermitir\u201d.<\/li><li> Depois disso, selecione entradas no menu suspenso \u201cDados\u201d.<\/li><li> Em seguida, voc\u00ea precisa inserir duas datas nos campos de entrada \u201cData de in\u00edcio\u201d e \u201cData de t\u00e9rmino\u201d.<\/li><li> No final, clique em OK. <\/li><\/ol><div class=\"wp-block-image\"><figure class=\"aligncenter\"><img decoding=\"async\" src=\"https:\/\/exceladvisor.org\/wp-content\/uploads\/2023\/08\/creer-une-plage-de-dates-dans-la-validation-des-donnees.png\" sizes=\"\" srcset=\"\" alt=\"\"><\/figure><\/div><p> Agora, em todas as c\u00e9lulas que voc\u00ea selecionou, o usu\u00e1rio s\u00f3 poder\u00e1 inserir uma data dentro do intervalo de datas que voc\u00ea especificou.<\/p><p> Inclusive, em vez de inserir datas diretamente na valida\u00e7\u00e3o de dados, voc\u00ea pode consultar as c\u00e9lulas onde possui datas.<\/p><p> Desta forma voc\u00ea pode alterar as datas a qualquer momento sem abrir a op\u00e7\u00e3o. Voc\u00ea pode usar a fun\u00e7\u00e3o HOJE para criar um intervalo din\u00e2mico de datas.<\/p><h2 class=\"wp-block-heading\"> Usando a fun\u00e7\u00e3o AND para criar um intervalo de datas na valida\u00e7\u00e3o de dados<\/h2><p> O mesmo tamb\u00e9m pode ser feito usando uma f\u00f3rmula personalizada baseada na fun\u00e7\u00e3o AND.<\/p><ol><li> Primeiro, selecione a c\u00e9lula A1.<\/li><li> Na caixa de di\u00e1logo de valida\u00e7\u00e3o de dados, selecione &#8220;Personalizado&#8221; no menu suspenso &#8220;Permitir&#8221;.<\/li><li> Agora, na barra de entrada da f\u00f3rmula, insira a f\u00f3rmula abaixo e clique em OK. <\/li><\/ol><pre class=\"wp-block-code\"> <code class=\"language-excel-formula\" lang=\"excel-formula\">=AND(A1&gt;=DATE(2016,6,1),A1&lt;=DATE(2016,6,30))<\/code><\/pre><div class=\"wp-block-image\"><figure class=\"aligncenter\"><img decoding=\"async\" src=\"https:\/\/exceladvisor.org\/wp-content\/uploads\/2023\/08\/creer-une-plage-de-dates-dans-la-validation-des-donnees-a-laide-dune-formule-personnalisee.png\" sizes=\"\" srcset=\"\" alt=\"\"><\/figure><\/div><p> Este m\u00e9todo \u00e9 um pouco limitado e complexo. Mas se quiser especificar datas apenas uma vez, voc\u00ea pode usar este m\u00e9todo.<\/p><div class=\"gb-container gb-container-4db6181c gb-container-mt\"> <a class=\"gb-button gb-button-c5897111 gb-button-text gb-button-mt-button\" href=\"https:\/\/exceladvisor.org\/pt\/excel-avancado\/\">Tutoriais avan\u00e7ados de Excel<\/a><h2 class=\"gb-headline gb-headline-665e5f6b gb-headline-text gb-headline-mt-heading\"> Tutoriais relacionados <\/h2><div class=\"gb-grid-wrapper gb-grid-wrapper-a20baf7c gb-grid-wrapper-mt-grid\"><div class=\"gb-grid-column gb-grid-column-65ddf67e\"><div class=\"gb-container gb-container-65ddf67e\"><ul><li> <a href=\"https:\/\/exceladvisor.org\/pt\/lista-suspensa-dependente\/\">Lista suspensa de dependentes no Excel<\/a><\/li><li> <a href=\"https:\/\/exceladvisor.org\/pt\/lista-dinamica\/\">Lista suspensa din\u00e2mica no Excel<\/a> <\/li><\/ul><\/div><\/div><div class=\"gb-grid-column gb-grid-column-50067b57\"><div class=\"gb-container gb-container-50067b57\"><ul><li> <a href=\"https:\/\/exceladvisor.org\/pt\/sim-nao-lista-suspensa\/\">Crie uma lista suspensa Sim \u2013 N\u00e3o no Excel<\/a><\/li><li> <a href=\"https:\/\/exceladvisor.org\/pt\/remover-lista-suspensa\/\">Remover lista suspensa (valida\u00e7\u00e3o de dados) no Excel<\/a><\/li><\/ul><\/div><\/div><\/div><\/div>","protected":false},"excerpt":{"rendered":"","protected":false},"author":1,"featured_media":0,"parent":0,"menu_order":0,"comment_status":"open","ping_status":"closed","template":"","meta":{"ub_ctt_via":"","footnotes":""},"class_list":["post-406","page","type-page","status-publish","hentry"],"featured_image_src":null,"yoast_head":"<!-- This site is optimized with the Yoast SEO plugin v25.4 - https:\/\/yoast.com\/wordpress\/plugins\/seo\/ -->\n<title>Como criar uma valida\u00e7\u00e3o de dados com intervalo de datas<\/title>\n<meta name=\"description\" content=\"Aprenda um processo simples passo a passo para criar uma valida\u00e7\u00e3o de dados usando um intervalo de datas no Excel.\" \/>\n<meta name=\"robots\" content=\"index, follow, max-snippet:-1, max-image-preview:large, max-video-preview:-1\" \/>\n<link rel=\"canonical\" href=\"https:\/\/exceladvisor.org\/pt\/intervalo-de-datas-de-validacao-de-dados\/\" \/>\n<meta property=\"og:locale\" content=\"pt_PT\" \/>\n<meta property=\"og:type\" content=\"article\" \/>\n<meta property=\"og:title\" content=\"Como criar uma valida\u00e7\u00e3o de dados com intervalo de datas\" \/>\n<meta property=\"og:description\" content=\"Aprenda um processo simples passo a passo para criar uma valida\u00e7\u00e3o de dados usando um intervalo de datas no Excel.\" \/>\n<meta property=\"og:url\" content=\"https:\/\/exceladvisor.org\/pt\/intervalo-de-datas-de-validacao-de-dados\/\" \/>\n<meta property=\"og:site_name\" content=\"Excel Advisor\" \/>\n<meta property=\"article:modified_time\" content=\"2023-12-06T11:37:10+00:00\" \/>\n<meta property=\"og:image\" content=\"https:\/\/exceladvisor.org\/wp-content\/uploads\/2023\/08\/creer-une-plage-de-dates-dans-la-validation-des-donnees.png\" \/>\n<meta name=\"twitter:card\" content=\"summary_large_image\" \/>\n<meta name=\"twitter:label1\" content=\"Tempo estimado de leitura\" \/>\n\t<meta name=\"twitter:data1\" content=\"2 minutos\" \/>\n<script type=\"application\/ld+json\" class=\"yoast-schema-graph\">{\"@context\":\"https:\/\/schema.org\",\"@graph\":[{\"@type\":\"WebPage\",\"@id\":\"https:\/\/exceladvisor.org\/pt\/intervalo-de-datas-de-validacao-de-dados\/\",\"url\":\"https:\/\/exceladvisor.org\/pt\/intervalo-de-datas-de-validacao-de-dados\/\",\"name\":\"Como criar uma valida\u00e7\u00e3o de dados com intervalo de datas\",\"isPartOf\":{\"@id\":\"https:\/\/exceladvisor.org\/pt\/#website\"},\"primaryImageOfPage\":{\"@id\":\"https:\/\/exceladvisor.org\/pt\/intervalo-de-datas-de-validacao-de-dados\/#primaryimage\"},\"image\":{\"@id\":\"https:\/\/exceladvisor.org\/pt\/intervalo-de-datas-de-validacao-de-dados\/#primaryimage\"},\"thumbnailUrl\":\"https:\/\/exceladvisor.org\/wp-content\/uploads\/2023\/08\/creer-une-plage-de-dates-dans-la-validation-des-donnees.png\",\"datePublished\":\"2023-10-30T09:47:27+00:00\",\"dateModified\":\"2023-12-06T11:37:10+00:00\",\"description\":\"Aprenda um processo simples passo a passo para criar uma valida\u00e7\u00e3o de dados usando um intervalo de datas no Excel.\",\"breadcrumb\":{\"@id\":\"https:\/\/exceladvisor.org\/pt\/intervalo-de-datas-de-validacao-de-dados\/#breadcrumb\"},\"inLanguage\":\"pt-PT\",\"potentialAction\":[{\"@type\":\"ReadAction\",\"target\":[\"https:\/\/exceladvisor.org\/pt\/intervalo-de-datas-de-validacao-de-dados\/\"]}]},{\"@type\":\"ImageObject\",\"inLanguage\":\"pt-PT\",\"@id\":\"https:\/\/exceladvisor.org\/pt\/intervalo-de-datas-de-validacao-de-dados\/#primaryimage\",\"url\":\"https:\/\/exceladvisor.org\/wp-content\/uploads\/2023\/08\/creer-une-plage-de-dates-dans-la-validation-des-donnees.png\",\"contentUrl\":\"https:\/\/exceladvisor.org\/wp-content\/uploads\/2023\/08\/creer-une-plage-de-dates-dans-la-validation-des-donnees.png\"},{\"@type\":\"BreadcrumbList\",\"@id\":\"https:\/\/exceladvisor.org\/pt\/intervalo-de-datas-de-validacao-de-dados\/#breadcrumb\",\"itemListElement\":[{\"@type\":\"ListItem\",\"position\":1,\"name\":\"Lar\",\"item\":\"https:\/\/exceladvisor.org\/pt\/\"},{\"@type\":\"ListItem\",\"position\":2,\"name\":\"Como criar uma valida\u00e7\u00e3o de dados com intervalo de datas?\"}]},{\"@type\":\"WebSite\",\"@id\":\"https:\/\/exceladvisor.org\/pt\/#website\",\"url\":\"https:\/\/exceladvisor.org\/pt\/\",\"name\":\"Excel Advisor\",\"description\":\"O seu guia definitivo para dominar os dados!\",\"publisher\":{\"@id\":\"https:\/\/exceladvisor.org\/pt\/#organization\"},\"potentialAction\":[{\"@type\":\"SearchAction\",\"target\":{\"@type\":\"EntryPoint\",\"urlTemplate\":\"https:\/\/exceladvisor.org\/pt\/?s={search_term_string}\"},\"query-input\":{\"@type\":\"PropertyValueSpecification\",\"valueRequired\":true,\"valueName\":\"search_term_string\"}}],\"inLanguage\":\"pt-PT\"},{\"@type\":\"Organization\",\"@id\":\"https:\/\/exceladvisor.org\/pt\/#organization\",\"name\":\"Excel Advisor\",\"url\":\"https:\/\/exceladvisor.org\/pt\/\",\"logo\":{\"@type\":\"ImageObject\",\"inLanguage\":\"pt-PT\",\"@id\":\"https:\/\/exceladvisor.org\/pt\/#\/schema\/logo\/image\/\",\"url\":\"https:\/\/exceladvisor.org\/pt\/wp-content\/uploads\/2023\/12\/exceladvisor.org_.png\",\"contentUrl\":\"https:\/\/exceladvisor.org\/pt\/wp-content\/uploads\/2023\/12\/exceladvisor.org_.png\",\"width\":105,\"height\":36,\"caption\":\"Excel Advisor\"},\"image\":{\"@id\":\"https:\/\/exceladvisor.org\/pt\/#\/schema\/logo\/image\/\"}}]}<\/script>\n<!-- \/ Yoast SEO plugin. -->","yoast_head_json":{"title":"Como criar uma valida\u00e7\u00e3o de dados com intervalo de datas","description":"Aprenda um processo simples passo a passo para criar uma valida\u00e7\u00e3o de dados usando um intervalo de datas no Excel.","robots":{"index":"index","follow":"follow","max-snippet":"max-snippet:-1","max-image-preview":"max-image-preview:large","max-video-preview":"max-video-preview:-1"},"canonical":"https:\/\/exceladvisor.org\/pt\/intervalo-de-datas-de-validacao-de-dados\/","og_locale":"pt_PT","og_type":"article","og_title":"Como criar uma valida\u00e7\u00e3o de dados com intervalo de datas","og_description":"Aprenda um processo simples passo a passo para criar uma valida\u00e7\u00e3o de dados usando um intervalo de datas no Excel.","og_url":"https:\/\/exceladvisor.org\/pt\/intervalo-de-datas-de-validacao-de-dados\/","og_site_name":"Excel Advisor","article_modified_time":"2023-12-06T11:37:10+00:00","og_image":[{"url":"https:\/\/exceladvisor.org\/wp-content\/uploads\/2023\/08\/creer-une-plage-de-dates-dans-la-validation-des-donnees.png","type":"","width":"","height":""}],"twitter_card":"summary_large_image","twitter_misc":{"Tempo estimado de leitura":"2 minutos"},"schema":{"@context":"https:\/\/schema.org","@graph":[{"@type":"WebPage","@id":"https:\/\/exceladvisor.org\/pt\/intervalo-de-datas-de-validacao-de-dados\/","url":"https:\/\/exceladvisor.org\/pt\/intervalo-de-datas-de-validacao-de-dados\/","name":"Como criar uma valida\u00e7\u00e3o de dados com intervalo de datas","isPartOf":{"@id":"https:\/\/exceladvisor.org\/pt\/#website"},"primaryImageOfPage":{"@id":"https:\/\/exceladvisor.org\/pt\/intervalo-de-datas-de-validacao-de-dados\/#primaryimage"},"image":{"@id":"https:\/\/exceladvisor.org\/pt\/intervalo-de-datas-de-validacao-de-dados\/#primaryimage"},"thumbnailUrl":"https:\/\/exceladvisor.org\/wp-content\/uploads\/2023\/08\/creer-une-plage-de-dates-dans-la-validation-des-donnees.png","datePublished":"2023-10-30T09:47:27+00:00","dateModified":"2023-12-06T11:37:10+00:00","description":"Aprenda um processo simples passo a passo para criar uma valida\u00e7\u00e3o de dados usando um intervalo de datas no Excel.","breadcrumb":{"@id":"https:\/\/exceladvisor.org\/pt\/intervalo-de-datas-de-validacao-de-dados\/#breadcrumb"},"inLanguage":"pt-PT","potentialAction":[{"@type":"ReadAction","target":["https:\/\/exceladvisor.org\/pt\/intervalo-de-datas-de-validacao-de-dados\/"]}]},{"@type":"ImageObject","inLanguage":"pt-PT","@id":"https:\/\/exceladvisor.org\/pt\/intervalo-de-datas-de-validacao-de-dados\/#primaryimage","url":"https:\/\/exceladvisor.org\/wp-content\/uploads\/2023\/08\/creer-une-plage-de-dates-dans-la-validation-des-donnees.png","contentUrl":"https:\/\/exceladvisor.org\/wp-content\/uploads\/2023\/08\/creer-une-plage-de-dates-dans-la-validation-des-donnees.png"},{"@type":"BreadcrumbList","@id":"https:\/\/exceladvisor.org\/pt\/intervalo-de-datas-de-validacao-de-dados\/#breadcrumb","itemListElement":[{"@type":"ListItem","position":1,"name":"Lar","item":"https:\/\/exceladvisor.org\/pt\/"},{"@type":"ListItem","position":2,"name":"Como criar uma valida\u00e7\u00e3o de dados com intervalo de datas?"}]},{"@type":"WebSite","@id":"https:\/\/exceladvisor.org\/pt\/#website","url":"https:\/\/exceladvisor.org\/pt\/","name":"Excel Advisor","description":"O seu guia definitivo para dominar os dados!","publisher":{"@id":"https:\/\/exceladvisor.org\/pt\/#organization"},"potentialAction":[{"@type":"SearchAction","target":{"@type":"EntryPoint","urlTemplate":"https:\/\/exceladvisor.org\/pt\/?s={search_term_string}"},"query-input":{"@type":"PropertyValueSpecification","valueRequired":true,"valueName":"search_term_string"}}],"inLanguage":"pt-PT"},{"@type":"Organization","@id":"https:\/\/exceladvisor.org\/pt\/#organization","name":"Excel Advisor","url":"https:\/\/exceladvisor.org\/pt\/","logo":{"@type":"ImageObject","inLanguage":"pt-PT","@id":"https:\/\/exceladvisor.org\/pt\/#\/schema\/logo\/image\/","url":"https:\/\/exceladvisor.org\/pt\/wp-content\/uploads\/2023\/12\/exceladvisor.org_.png","contentUrl":"https:\/\/exceladvisor.org\/pt\/wp-content\/uploads\/2023\/12\/exceladvisor.org_.png","width":105,"height":36,"caption":"Excel Advisor"},"image":{"@id":"https:\/\/exceladvisor.org\/pt\/#\/schema\/logo\/image\/"}}]}},"yoast_meta":{"yoast_wpseo_title":"","yoast_wpseo_metadesc":"","yoast_wpseo_canonical":""},"_links":{"self":[{"href":"https:\/\/exceladvisor.org\/pt\/wp-json\/wp\/v2\/pages\/406","targetHints":{"allow":["GET"]}}],"collection":[{"href":"https:\/\/exceladvisor.org\/pt\/wp-json\/wp\/v2\/pages"}],"about":[{"href":"https:\/\/exceladvisor.org\/pt\/wp-json\/wp\/v2\/types\/page"}],"author":[{"embeddable":true,"href":"https:\/\/exceladvisor.org\/pt\/wp-json\/wp\/v2\/users\/1"}],"replies":[{"embeddable":true,"href":"https:\/\/exceladvisor.org\/pt\/wp-json\/wp\/v2\/comments?post=406"}],"version-history":[{"count":1,"href":"https:\/\/exceladvisor.org\/pt\/wp-json\/wp\/v2\/pages\/406\/revisions"}],"predecessor-version":[{"id":1017,"href":"https:\/\/exceladvisor.org\/pt\/wp-json\/wp\/v2\/pages\/406\/revisions\/1017"}],"wp:attachment":[{"href":"https:\/\/exceladvisor.org\/pt\/wp-json\/wp\/v2\/media?parent=406"}],"curies":[{"name":"wp","href":"https:\/\/api.w.org\/{rel}","templated":true}]}}