{"id":407,"date":"2023-10-30T09:32:29","date_gmt":"2023-10-30T09:32:29","guid":{"rendered":"https:\/\/exceladvisor.org\/pt\/formulario-de-entrada-de-dados-3\/"},"modified":"2023-12-06T11:36:45","modified_gmt":"2023-12-06T11:36:45","slug":"formulario-de-entrada-de-dados-3","status":"publish","type":"page","link":"https:\/\/exceladvisor.org\/pt\/formulario-de-entrada-de-dados-3\/","title":{"rendered":"Como criar um formul\u00e1rio de entrada de dados no excel?"},"content":{"rendered":"<div class=\"excel-before-content-2\" id=\"excel-2073071389\"><script type=\"text\/javascript\">\r\n\tatOptions = {\r\n\t\t'key' : 'c1158f160081d6540a8409e6925dab94',\r\n\t\t'format' : 'iframe',\r\n\t\t'height' : 250,\r\n\t\t'width' : 300,\r\n\t\t'params' : {}\r\n\t};\r\n<\/script>\r\n<script type=\"text\/javascript\" src=\"\/\/www.highperformanceformat.com\/c1158f160081d6540a8409e6925dab94\/invoke.js\"><\/script><\/div><div class=\"excel-before-content\" id=\"excel-2456832161\"><script type=\"text\/javascript\">\r\n\tatOptions = {\r\n\t\t'key' : 'c1158f160081d6540a8409e6925dab94',\r\n\t\t'format' : 'iframe',\r\n\t\t'height' : 250,\r\n\t\t'width' : 300,\r\n\t\t'params' : {}\r\n\t};\r\n<\/script>\r\n<script type=\"text\/javascript\" src=\"\/\/www.highperformanceformat.com\/c1158f160081d6540a8409e6925dab94\/invoke.js\"><\/script><\/div> <p>O formul\u00e1rio de entrada de dados \u00e9 uma das melhores maneiras de inserir dados em uma tabela. Mas criar um formul\u00e1rio para inserir dados n\u00e3o \u00e9 tarefa f\u00e1cil.<\/p><p> Sim, \u00e9 verdade.<\/p><p> Enquanto lutava com esse problema, descobri que voc\u00ea pode criar um formul\u00e1rio no Excel para entrada de dados com apenas um clique. A melhor parte deste formul\u00e1rio \u00e9 que ele \u00e9 pr\u00e9-concebido e flex\u00edvel. Basta olhar o exemplo abaixo. <\/p><div class=\"wp-block-image\"><figure class=\"aligncenter\"><img decoding=\"async\" src=\"https:\/\/exceladvisor.org\/wp-content\/uploads\/2023\/08\/Formulaire-de-saisie-de-donnees4-1.png\" sizes=\"\" srcset=\"\" alt=\"formul\u00e1rio de entrada de dados no excel\"><\/figure><\/div><p> A ideia \u00e9 a seguinte: para criar este formul\u00e1rio de entrada, basta ativ\u00e1-lo.<\/p><h2 id=\"tab-con-1\" class=\"wp-block-heading\"> Abra o formul\u00e1rio de entrada de dados<\/h2><p> Em pouco tempo voc\u00ea descobrir\u00e1 o qu\u00e3o \u00fatil \u00e9 essa ferramenta. Mas \u00e9 dif\u00edcil acreditar que n\u00e3o haja nenhuma listagem desse formul\u00e1rio de entrada de dados na faixa de op\u00e7\u00f5es. Ent\u00e3o, voc\u00ea precisa ger\u00e1-lo antes de us\u00e1-lo.<\/p><p> E antes de ativar este formul\u00e1rio, voc\u00ea precisa de uma tabela para inserir os dados ou pelo menos os cabe\u00e7alhos dos dados. <\/p><div class=\"wp-block-image\"><figure class=\"aligncenter\"><img decoding=\"async\" src=\"https:\/\/exceladvisor.org\/wp-content\/uploads\/2023\/08\/Formulaire-de-saisie-de-donnees-1.png\" sizes=\"\" srcset=\"\" alt=\"cabe\u00e7alho da tabela para usar o formul\u00e1rio de entrada de dados no Excel\"><\/figure><\/div><p> Para habilit\u00e1-lo, clique em uma das c\u00e9lulas da tabela ou simplesmente selecione uma das c\u00e9lulas do cabe\u00e7alho e use um dos dois m\u00e9todos abaixo.<\/p><ol><li> Use a <a href=\"https:\/\/exceladvisor.org\/pt\/atalhos-do-teclado\/\">tecla de atalho do teclado<\/a> : <span style=\"color: #000000;\">Alt \u21e2 D \u21e2 O \u21e2 O.<\/span><\/li><li> Adicione um \u00edcone \u00e0 barra de ferramentas de acesso r\u00e1pido.<ol><li> Arquivo \u279c Op\u00e7\u00f5es \u279c <a href=\"https:\/\/exceladvisor.org\/pt\/barra-de-acesso-rapido\/\">Barra de ferramentas de acesso r\u00e1pido<\/a> .<\/li><li> Escolha Comando em \u279c Comandos que n\u00e3o est\u00e3o na faixa de op\u00e7\u00f5es \u279c De \u279c Adicionar \u279c Clique em OK. <\/li><\/ol><\/li><\/ol><div class=\"wp-block-image\"><figure class=\"aligncenter\"><img decoding=\"async\" src=\"https:\/\/exceladvisor.org\/wp-content\/uploads\/2023\/08\/Formulaire-de-saisie-de-donnees2-1.png\" sizes=\"\" srcset=\"\" alt=\"adicionar \u00edcone de formul\u00e1rio de dados na barra de ferramentas de acesso r\u00e1pido no Excel\"><\/figure><\/div><p> <strong>Depois de<\/strong> usar qualquer uma das op\u00e7\u00f5es acima, ser\u00e1 criado um formul\u00e1rio de entrada de dados para voc\u00ea, como abaixo. <\/p><div class=\"wp-block-image\"><figure class=\"aligncenter\"><img decoding=\"async\" src=\"https:\/\/exceladvisor.org\/wp-content\/uploads\/2023\/08\/Formulaire-de-saisie-de-donnees3-1.png\" sizes=\"\" srcset=\"\" alt=\"abrir formul\u00e1rio de entrada de dados no Excel\"><\/figure><\/div><p> E se voc\u00ea notar, todos os cabe\u00e7alhos da tabela de dados s\u00e3o capturados automaticamente no formul\u00e1rio.<\/p><h2 class=\"wp-block-heading\"> 1. Crie uma nova entrada<\/h2><p> Para criar uma nova entrada de dados, preencha todas as caixas de entrada com dados e clique no bot\u00e3o \u201cNovo\u201d. Agora, se voc\u00ea observar o exemplo abaixo, ver\u00e1 que n\u00e3o h\u00e1 barra de entrada para a coluna de valor.<\/p><p> Temos uma f\u00f3rmula na coluna valor para multiplicar a quantidade pelo pre\u00e7o. Isso significa que este formul\u00e1rio \u00e9 inteligente o suficiente para descobrir colunas onde voc\u00ea n\u00e3o precisa inserir dados. <\/p><div class=\"wp-block-image\"><figure class=\"aligncenter\"><img decoding=\"async\" src=\"https:\/\/exceladvisor.org\/wp-content\/uploads\/2023\/08\/Formulaire-de-saisie-de-donnees5-1.gif\" sizes=\"\" srcset=\"\" alt=\"insira dados em uma tabela com este formul\u00e1rio de entrada de dados no Excel\"><\/figure><\/div><h2 class=\"wp-block-heading\"> 2. Navegue pelas entradas<\/h2><p> Para navegar por todas as entradas inseridas em seus dados, voc\u00ea pode usar a barra de rolagem ou os bot\u00f5es \u201cLocalizar anterior\u201d e \u201cLocalizar pr\u00f3ximo\u201d. <\/p><div class=\"wp-block-image\"><figure class=\"aligncenter\"><img decoding=\"async\" src=\"https:\/\/exceladvisor.org\/wp-content\/uploads\/2023\/08\/Formulaire-de-saisie-de-donnees6-1.gif\" sizes=\"\" srcset=\"\" alt=\"percorrer as entradas com esta entrada de dados no Excel\"><\/figure><\/div><h2 class=\"wp-block-heading\"> 3. Edite entradas<\/h2><p> Para editar uma entrada, voc\u00ea deve primeiro acess\u00e1-la usando o m\u00e9todo mencionado acima. Depois de navegar, voc\u00ea pode fazer as altera\u00e7\u00f5es em qualquer uma das caixas de entrada e depois basta pressionar a tecla Enter.<\/p><p> \u200bAo editar sua entrada (antes de pressionar Enter ou clicar no bot\u00e3o Fechar), se quiser restaurar sua entrada, voc\u00ea pode fazer isso com o bot\u00e3o Restaurar. Ele ir\u00e1 restaurar os dados anteriores em todas as caixas de entrada. <\/p><div class=\"wp-block-image\"><figure class=\"aligncenter\"><img decoding=\"async\" src=\"https:\/\/exceladvisor.org\/wp-content\/uploads\/2023\/08\/Formulaire-de-saisie-de-donnees10-1.gif\" sizes=\"\" srcset=\"\" alt=\"edite entradas com este formul\u00e1rio de entrada de dados no Excel\"><\/figure><\/div><h2 class=\"wp-block-heading\"> 4. Exclua entradas<\/h2><p> Para excluir uma entrada, voc\u00ea precisa navegar at\u00e9 essa entrada e clicar no bot\u00e3o Excluir. Uma janela pop-up aparecer\u00e1 para confirma\u00e7\u00e3o de exclus\u00e3o e excluir\u00e1 instantaneamente esta entrada de sua tabela de dados. <\/p><div class=\"wp-block-image\"><figure class=\"aligncenter\"><img decoding=\"async\" src=\"https:\/\/exceladvisor.org\/wp-content\/uploads\/2023\/08\/Formulaire-de-saisie-de-donnees8-1.gif\" sizes=\"\" srcset=\"\" alt=\"excluir entrada usando esta entrada de dados no Excel da tabela\"><\/figure><\/div><h2 class=\"wp-block-heading\"> 5. Encontre uma entrada espec\u00edfica<\/h2><p> Se estiver trabalhando com grandes dados, voc\u00ea pode usar o bot\u00e3o \u201cCrit\u00e9rios\u201d para encontrar uma entrada espec\u00edfica.<\/p><p> <span style=\"color: #000000;\">Por exemplo<\/span> , se voc\u00ea deseja pesquisar entradas na tabela que correspondam a alguns crit\u00e9rios espec\u00edficos, basta clicar no bot\u00e3o Crit\u00e9rios, inserir os crit\u00e9rios na caixa de entrada e pressionar Enter. Voc\u00ea obter\u00e1 as entradas de dados que correspondem aos seus crit\u00e9rios. Voc\u00ea tamb\u00e9m pode usar seus crit\u00e9rios em diversas caixas de entrada. <\/p><div class=\"wp-block-image\"><figure class=\"aligncenter\"><img decoding=\"async\" src=\"https:\/\/exceladvisor.org\/wp-content\/uploads\/2023\/08\/Formulaire-de-saisie-de-donnees9.gif\" sizes=\"\" srcset=\"\" alt=\"encontre uma entrada espec\u00edfica neste formul\u00e1rio de entrada de dados do Excel com um crit\u00e9rio\"><\/figure><\/div><h2 id=\"tab-con-3\" class=\"wp-block-heading\"> Pontos importantes sobre este formul\u00e1rio de entrada de dados<\/h2><p> Bem, existem alguns pontos importantes que voc\u00ea precisa saber para jogar bem nesta forma.<\/p><ol><li> O n\u00famero m\u00e1ximo de campos de entrada que voc\u00ea pode usar no formul\u00e1rio de entrada de dados \u00e9 32.<\/li><li> A largura da caixa de entrada est\u00e1 puramente relacionada \u00e0 coluna associada na planilha. Se as colunas da sua planilha n\u00e3o forem largas o suficiente para exibir valores, a mesma largura tamb\u00e9m ser\u00e1 refletida no seu formul\u00e1rio de dados.<\/li><li> Por outro lado, se apenas uma das colunas exceder a largura, a mesma largura ser\u00e1 refletida para todas as caixas de entrada como dados.<\/li><li> Se voc\u00ea possui um intervalo com o nome &#8220;Banco de Dados&#8221;, n\u00e3o h\u00e1 necessidade de selecionar uma c\u00e9lula da tabela. Ele sempre inserir\u00e1 dados nesta tabela.<\/li><li> Ao usar crit\u00e9rios para extrair alguns dados espec\u00edficos, voc\u00ea pode usar <a href=\"https:\/\/exceladvisor.org\/pt\/curingas-2\/\" data-wpel-link=\"internal\" data-wpil=\"url\">curingas do Excel<\/a> neste formul\u00e1rio.<\/li><li> Ao criar entradas de dados, se voc\u00ea tentar sobrescrever os dados na c\u00e9lula, a mensagem de alerta \u201cN\u00e3o foi poss\u00edvel estender a lista ou banco de dados\u201d aparecer\u00e1.<\/li><\/ol><div class=\"gb-container gb-container-4db6181c gb-container-mt\"> <a class=\"gb-button gb-button-c5897111 gb-button-text gb-button-mt-button\" href=\"https:\/\/exceladvisor.org\/pt\/excel-avancado\/\">Tutoriais avan\u00e7ados de Excel<\/a><h2 class=\"gb-headline gb-headline-665e5f6b gb-headline-text gb-headline-mt-heading\"> Tutoriais relacionados <\/h2><div class=\"gb-grid-wrapper gb-grid-wrapper-a20baf7c gb-grid-wrapper-mt-grid\"><div class=\"gb-grid-column gb-grid-column-65ddf67e\"><div class=\"gb-container gb-container-65ddf67e\"><ul><li> <a href=\"https:\/\/exceladvisor.org\/pt\/consolidar\/\" data-wpil=\"url\">Consolide dados de v\u00e1rias planilhas<\/a><\/li><li> <a href=\"https:\/\/exceladvisor.org\/pt\/adicionar\/\" data-wpil=\"url\">Adicionar e remover uma planilha no Excel<\/a><\/li><li> <a href=\"https:\/\/exceladvisor.org\/pt\/grupo-1\/\" data-wpil=\"url\">Planilhas de grupo no Excel<\/a> <\/li><\/ul><\/div><\/div><div class=\"gb-grid-column gb-grid-column-50067b57\"><div class=\"gb-container gb-container-50067b57\"><ul><li> <a href=\"https:\/\/exceladvisor.org\/pt\/renomear\/\" data-wpil=\"url\">Renomear planilha no Excel<\/a><\/li><li> <a href=\"https:\/\/exceladvisor.org\/pt\/veja-lado-a-lado\/\" data-wpil=\"url\">Visualize duas planilhas lado a lado no Excel<\/a><\/li><li> <a href=\"https:\/\/exceladvisor.org\/pt\/a\/\" data-wpil=\"url\">Alterar a cor da guia no Excel (cor de fundo da guia da planilha)<\/a><\/li><\/ul><\/div><\/div><\/div><\/div>","protected":false},"excerpt":{"rendered":"","protected":false},"author":1,"featured_media":0,"parent":0,"menu_order":0,"comment_status":"open","ping_status":"closed","template":"","meta":{"ub_ctt_via":"","footnotes":""},"class_list":["post-407","page","type-page","status-publish","hentry"],"featured_image_src":null,"yoast_head":"<!-- This site is optimized with the Yoast SEO plugin v25.4 - https:\/\/yoast.com\/wordpress\/plugins\/seo\/ -->\n<title>Como criar um formul\u00e1rio de entrada de dados no Excel?<\/title>\n<meta name=\"description\" content=\"Aprenda como criar um formul\u00e1rio de entrada de dados no Excel com apenas um clique. \u00c9 pr\u00e9-projetado e flex\u00edvel. Exemplo de pagamento aqui.\" \/>\n<meta name=\"robots\" content=\"index, follow, max-snippet:-1, max-image-preview:large, max-video-preview:-1\" \/>\n<link rel=\"canonical\" href=\"https:\/\/exceladvisor.org\/pt\/formulario-de-entrada-de-dados-3\/\" \/>\n<meta property=\"og:locale\" content=\"pt_PT\" \/>\n<meta property=\"og:type\" content=\"article\" \/>\n<meta property=\"og:title\" content=\"Como criar um formul\u00e1rio de entrada de dados no Excel?\" \/>\n<meta property=\"og:description\" content=\"Aprenda como criar um formul\u00e1rio de entrada de dados no Excel com apenas um clique. \u00c9 pr\u00e9-projetado e flex\u00edvel. Exemplo de pagamento aqui.\" \/>\n<meta property=\"og:url\" content=\"https:\/\/exceladvisor.org\/pt\/formulario-de-entrada-de-dados-3\/\" \/>\n<meta property=\"og:site_name\" content=\"Excel Advisor\" \/>\n<meta property=\"article:modified_time\" content=\"2023-12-06T11:36:45+00:00\" \/>\n<meta property=\"og:image\" content=\"https:\/\/exceladvisor.org\/wp-content\/uploads\/2023\/08\/Formulaire-de-saisie-de-donnees4-1.png\" \/>\n<meta name=\"twitter:card\" content=\"summary_large_image\" \/>\n<meta name=\"twitter:label1\" content=\"Tempo estimado de leitura\" \/>\n\t<meta name=\"twitter:data1\" content=\"4 minutos\" \/>\n<script type=\"application\/ld+json\" class=\"yoast-schema-graph\">{\"@context\":\"https:\/\/schema.org\",\"@graph\":[{\"@type\":\"WebPage\",\"@id\":\"https:\/\/exceladvisor.org\/pt\/formulario-de-entrada-de-dados-3\/\",\"url\":\"https:\/\/exceladvisor.org\/pt\/formulario-de-entrada-de-dados-3\/\",\"name\":\"Como criar um formul\u00e1rio de entrada de dados no Excel?\",\"isPartOf\":{\"@id\":\"https:\/\/exceladvisor.org\/pt\/#website\"},\"primaryImageOfPage\":{\"@id\":\"https:\/\/exceladvisor.org\/pt\/formulario-de-entrada-de-dados-3\/#primaryimage\"},\"image\":{\"@id\":\"https:\/\/exceladvisor.org\/pt\/formulario-de-entrada-de-dados-3\/#primaryimage\"},\"thumbnailUrl\":\"https:\/\/exceladvisor.org\/wp-content\/uploads\/2023\/08\/Formulaire-de-saisie-de-donnees4-1.png\",\"datePublished\":\"2023-10-30T09:32:29+00:00\",\"dateModified\":\"2023-12-06T11:36:45+00:00\",\"description\":\"Aprenda como criar um formul\u00e1rio de entrada de dados no Excel com apenas um clique. \u00c9 pr\u00e9-projetado e flex\u00edvel. Exemplo de pagamento aqui.\",\"breadcrumb\":{\"@id\":\"https:\/\/exceladvisor.org\/pt\/formulario-de-entrada-de-dados-3\/#breadcrumb\"},\"inLanguage\":\"pt-PT\",\"potentialAction\":[{\"@type\":\"ReadAction\",\"target\":[\"https:\/\/exceladvisor.org\/pt\/formulario-de-entrada-de-dados-3\/\"]}]},{\"@type\":\"ImageObject\",\"inLanguage\":\"pt-PT\",\"@id\":\"https:\/\/exceladvisor.org\/pt\/formulario-de-entrada-de-dados-3\/#primaryimage\",\"url\":\"https:\/\/exceladvisor.org\/wp-content\/uploads\/2023\/08\/Formulaire-de-saisie-de-donnees4-1.png\",\"contentUrl\":\"https:\/\/exceladvisor.org\/wp-content\/uploads\/2023\/08\/Formulaire-de-saisie-de-donnees4-1.png\"},{\"@type\":\"BreadcrumbList\",\"@id\":\"https:\/\/exceladvisor.org\/pt\/formulario-de-entrada-de-dados-3\/#breadcrumb\",\"itemListElement\":[{\"@type\":\"ListItem\",\"position\":1,\"name\":\"Lar\",\"item\":\"https:\/\/exceladvisor.org\/pt\/\"},{\"@type\":\"ListItem\",\"position\":2,\"name\":\"Como criar um formul\u00e1rio de entrada de dados no excel?\"}]},{\"@type\":\"WebSite\",\"@id\":\"https:\/\/exceladvisor.org\/pt\/#website\",\"url\":\"https:\/\/exceladvisor.org\/pt\/\",\"name\":\"Excel Advisor\",\"description\":\"O seu guia definitivo para dominar os dados!\",\"publisher\":{\"@id\":\"https:\/\/exceladvisor.org\/pt\/#organization\"},\"potentialAction\":[{\"@type\":\"SearchAction\",\"target\":{\"@type\":\"EntryPoint\",\"urlTemplate\":\"https:\/\/exceladvisor.org\/pt\/?s={search_term_string}\"},\"query-input\":{\"@type\":\"PropertyValueSpecification\",\"valueRequired\":true,\"valueName\":\"search_term_string\"}}],\"inLanguage\":\"pt-PT\"},{\"@type\":\"Organization\",\"@id\":\"https:\/\/exceladvisor.org\/pt\/#organization\",\"name\":\"Excel Advisor\",\"url\":\"https:\/\/exceladvisor.org\/pt\/\",\"logo\":{\"@type\":\"ImageObject\",\"inLanguage\":\"pt-PT\",\"@id\":\"https:\/\/exceladvisor.org\/pt\/#\/schema\/logo\/image\/\",\"url\":\"https:\/\/exceladvisor.org\/pt\/wp-content\/uploads\/2023\/12\/exceladvisor.org_.png\",\"contentUrl\":\"https:\/\/exceladvisor.org\/pt\/wp-content\/uploads\/2023\/12\/exceladvisor.org_.png\",\"width\":105,\"height\":36,\"caption\":\"Excel Advisor\"},\"image\":{\"@id\":\"https:\/\/exceladvisor.org\/pt\/#\/schema\/logo\/image\/\"}}]}<\/script>\n<!-- \/ Yoast SEO plugin. -->","yoast_head_json":{"title":"Como criar um formul\u00e1rio de entrada de dados no Excel?","description":"Aprenda como criar um formul\u00e1rio de entrada de dados no Excel com apenas um clique. \u00c9 pr\u00e9-projetado e flex\u00edvel. Exemplo de pagamento aqui.","robots":{"index":"index","follow":"follow","max-snippet":"max-snippet:-1","max-image-preview":"max-image-preview:large","max-video-preview":"max-video-preview:-1"},"canonical":"https:\/\/exceladvisor.org\/pt\/formulario-de-entrada-de-dados-3\/","og_locale":"pt_PT","og_type":"article","og_title":"Como criar um formul\u00e1rio de entrada de dados no Excel?","og_description":"Aprenda como criar um formul\u00e1rio de entrada de dados no Excel com apenas um clique. \u00c9 pr\u00e9-projetado e flex\u00edvel. Exemplo de pagamento aqui.","og_url":"https:\/\/exceladvisor.org\/pt\/formulario-de-entrada-de-dados-3\/","og_site_name":"Excel Advisor","article_modified_time":"2023-12-06T11:36:45+00:00","og_image":[{"url":"https:\/\/exceladvisor.org\/wp-content\/uploads\/2023\/08\/Formulaire-de-saisie-de-donnees4-1.png","type":"","width":"","height":""}],"twitter_card":"summary_large_image","twitter_misc":{"Tempo estimado de leitura":"4 minutos"},"schema":{"@context":"https:\/\/schema.org","@graph":[{"@type":"WebPage","@id":"https:\/\/exceladvisor.org\/pt\/formulario-de-entrada-de-dados-3\/","url":"https:\/\/exceladvisor.org\/pt\/formulario-de-entrada-de-dados-3\/","name":"Como criar um formul\u00e1rio de entrada de dados no Excel?","isPartOf":{"@id":"https:\/\/exceladvisor.org\/pt\/#website"},"primaryImageOfPage":{"@id":"https:\/\/exceladvisor.org\/pt\/formulario-de-entrada-de-dados-3\/#primaryimage"},"image":{"@id":"https:\/\/exceladvisor.org\/pt\/formulario-de-entrada-de-dados-3\/#primaryimage"},"thumbnailUrl":"https:\/\/exceladvisor.org\/wp-content\/uploads\/2023\/08\/Formulaire-de-saisie-de-donnees4-1.png","datePublished":"2023-10-30T09:32:29+00:00","dateModified":"2023-12-06T11:36:45+00:00","description":"Aprenda como criar um formul\u00e1rio de entrada de dados no Excel com apenas um clique. \u00c9 pr\u00e9-projetado e flex\u00edvel. Exemplo de pagamento aqui.","breadcrumb":{"@id":"https:\/\/exceladvisor.org\/pt\/formulario-de-entrada-de-dados-3\/#breadcrumb"},"inLanguage":"pt-PT","potentialAction":[{"@type":"ReadAction","target":["https:\/\/exceladvisor.org\/pt\/formulario-de-entrada-de-dados-3\/"]}]},{"@type":"ImageObject","inLanguage":"pt-PT","@id":"https:\/\/exceladvisor.org\/pt\/formulario-de-entrada-de-dados-3\/#primaryimage","url":"https:\/\/exceladvisor.org\/wp-content\/uploads\/2023\/08\/Formulaire-de-saisie-de-donnees4-1.png","contentUrl":"https:\/\/exceladvisor.org\/wp-content\/uploads\/2023\/08\/Formulaire-de-saisie-de-donnees4-1.png"},{"@type":"BreadcrumbList","@id":"https:\/\/exceladvisor.org\/pt\/formulario-de-entrada-de-dados-3\/#breadcrumb","itemListElement":[{"@type":"ListItem","position":1,"name":"Lar","item":"https:\/\/exceladvisor.org\/pt\/"},{"@type":"ListItem","position":2,"name":"Como criar um formul\u00e1rio de entrada de dados no excel?"}]},{"@type":"WebSite","@id":"https:\/\/exceladvisor.org\/pt\/#website","url":"https:\/\/exceladvisor.org\/pt\/","name":"Excel Advisor","description":"O seu guia definitivo para dominar os dados!","publisher":{"@id":"https:\/\/exceladvisor.org\/pt\/#organization"},"potentialAction":[{"@type":"SearchAction","target":{"@type":"EntryPoint","urlTemplate":"https:\/\/exceladvisor.org\/pt\/?s={search_term_string}"},"query-input":{"@type":"PropertyValueSpecification","valueRequired":true,"valueName":"search_term_string"}}],"inLanguage":"pt-PT"},{"@type":"Organization","@id":"https:\/\/exceladvisor.org\/pt\/#organization","name":"Excel Advisor","url":"https:\/\/exceladvisor.org\/pt\/","logo":{"@type":"ImageObject","inLanguage":"pt-PT","@id":"https:\/\/exceladvisor.org\/pt\/#\/schema\/logo\/image\/","url":"https:\/\/exceladvisor.org\/pt\/wp-content\/uploads\/2023\/12\/exceladvisor.org_.png","contentUrl":"https:\/\/exceladvisor.org\/pt\/wp-content\/uploads\/2023\/12\/exceladvisor.org_.png","width":105,"height":36,"caption":"Excel Advisor"},"image":{"@id":"https:\/\/exceladvisor.org\/pt\/#\/schema\/logo\/image\/"}}]}},"yoast_meta":{"yoast_wpseo_title":"","yoast_wpseo_metadesc":"","yoast_wpseo_canonical":""},"_links":{"self":[{"href":"https:\/\/exceladvisor.org\/pt\/wp-json\/wp\/v2\/pages\/407","targetHints":{"allow":["GET"]}}],"collection":[{"href":"https:\/\/exceladvisor.org\/pt\/wp-json\/wp\/v2\/pages"}],"about":[{"href":"https:\/\/exceladvisor.org\/pt\/wp-json\/wp\/v2\/types\/page"}],"author":[{"embeddable":true,"href":"https:\/\/exceladvisor.org\/pt\/wp-json\/wp\/v2\/users\/1"}],"replies":[{"embeddable":true,"href":"https:\/\/exceladvisor.org\/pt\/wp-json\/wp\/v2\/comments?post=407"}],"version-history":[{"count":1,"href":"https:\/\/exceladvisor.org\/pt\/wp-json\/wp\/v2\/pages\/407\/revisions"}],"predecessor-version":[{"id":983,"href":"https:\/\/exceladvisor.org\/pt\/wp-json\/wp\/v2\/pages\/407\/revisions\/983"}],"wp:attachment":[{"href":"https:\/\/exceladvisor.org\/pt\/wp-json\/wp\/v2\/media?parent=407"}],"curies":[{"name":"wp","href":"https:\/\/api.w.org\/{rel}","templated":true}]}}